{"id":14947,"date":"2024-09-20T12:52:08","date_gmt":"2024-09-20T12:52:08","guid":{"rendered":"https:\/\/travelshelper.com\/staging\/?page_id=14947"},"modified":"2026-03-11T13:14:24","modified_gmt":"2026-03-11T13:14:24","slug":"iran","status":"publish","type":"page","link":"https:\/\/travelshelper.com\/hu\/destinations\/asia\/iran\/","title":{"rendered":"Ir\u00e1n"},"content":{"rendered":"<p>Nestled at the junction of Central and West Asia, Iran commands a swath of territory stretching from the rocky shores of the Caspian Sea down to the heat\u2011cracked sands of the Persian Gulf. Covering 1,648,195&nbsp;km\u00b2, it stands as the 17\u1d57\u02b0\u2011largest nation in both area and population\u2014nearly 86&nbsp;million people call its rugged mountains, desert basins, and fertile plains home. Yet numbers alone cannot convey the sheer scale of its ambition nor the depth of its heritage. From early Lower Paleolithic bands carving flint to modern bazaars humming with commerce, Iran\u2019s story is that of continual reinvention amid the pressures of conquest, religion, and resource.<\/p>\n\n\n\n<p>Ir\u00e1n f\u00f6ldrajzi kont\u00farjait sz\u00e9ls\u0151s\u00e9gek hat\u00e1rozz\u00e1k meg. \u00c9szakon a Kaszpi-tengert p\u00e1r\u00e1s alf\u00f6ldi erd\u0151k szeg\u00e9lyezik, ahol az \u0151si hirk\u00e1n f\u00e1k heves es\u0151z\u00e9seket okoznak. Itt a ny\u00e1ri h\u0151m\u00e9rs\u00e9klet 29 \u00b0C alatt van, a t\u00e9li \u00e9jszak\u00e1k pedig fagypont felett \u2013 ez szinte eur\u00f3pai m\u00e9rs\u00e9kelt \u00e9ghajlat. Ezzel szemben a k\u00f6z\u00e9ps\u0151 Kavir \u00e9s Lut sivatagok perzsel\u0151 naps\u00fct\u00e9sben \u00e9gnek; a Lut-sivatag tartja a F\u00f6ld legforr\u00f3bb felsz\u00edn\u00e9nek rekordj\u00e1t, 2005-ben 70,7 \u00b0C-kal. Az alacsony s\u00f3s\u00edks\u00e1gok brut\u00e1lis eget t\u00fckr\u00f6znek; id\u0151nk\u00e9nt karav\u00e1nok haladnak a sz\u00e9l form\u00e1lta d\u0171n\u00e9k k\u00f6z\u00f6tt.<\/p>\n\n\n\n<p>Encircling these basins rise some of the world\u2019s most formidable ranges: the Zagros in the west, flanked by fertile basins that cradle villages dating back millennia; the Alborz along the Caspian, guarding the colossal Mount Damavand, Asia\u2019s highest volcano at 5,610&nbsp;m. These mountains have long determined how people live and move\u2014traditional trade routes skirt passes, and seismic tremors reshape villages with alarming regularity. On average, a magnitude\u2011seven quake rattles Iran every decade, reminding inhabitants of restless tectonics.<\/p>\n\n\n\n<p>Ir\u00e1n d\u00e9li partvid\u00e9ke, amely a Perzsa-\u00f6b\u00f6lt\u0151l az Om\u00e1ni-\u00f6b\u00f6lig h\u00faz\u00f3dik, b\u0151velkedik strat\u00e9giai fontoss\u00e1g\u00fa \u00e9s b\u00e9k\u00e9s szigetekben. A Nagy- \u00e9s Kis-Tumbi, valamint az Abu Musa \u2013 alig lakott \u00e9s er\u0151forr\u00e1sokban szeg\u00e9ny \u2013 a Hormuzi-szoros egyik l\u00e9tfontoss\u00e1g\u00fa pontj\u00e1n helyezkednek el. Tulajdonjoguk f\u00e9l \u00e9vsz\u00e1zada t\u00fczeli a Perzsa-\u00f6b\u00f6l menti politik\u00e1t. A partt\u00f3l t\u00e1volabb Kish-sziget v\u00e1mmentes bev\u00e1s\u00e1rl\u00f3k\u00f6zpontok \u00e9s \u00fcd\u00fcl\u0151helyek paradicsomak\u00e9nt csillog; a Keshm, a szigetcsoport legnagyobb szigete, amely 2016 \u00f3ta az UNESCO Glob\u00e1lis Geoparkja, a vil\u00e1g legnagyobb s\u00f3barlangj\u00e1t, a Namakdant rejti, amelyet az \u0151si tengerek v\u00e1jtak ki.<\/p>\n\n\n\n<p>Ir\u00e1n k\u00f6rnyezeti palett\u00e1ja a szubtr\u00f3pusi z\u00f6ld n\u00f6v\u00e9nyzett\u0151l a k\u00f6ves komors\u00e1gig terjed. Az \u00e9szaki tartom\u00e1nyokban t\u00f6bb mint 1700 mm \u00e9ves csapad\u00e9k esik; a k\u00f6z\u00e9ps\u0151 medenc\u00e9kben 200 mm alatt marad. A Zagrosz-medenc\u00e9ben a teleken a napi \u00e1tlagh\u0151m\u00e9rs\u00e9klet fagypont al\u00e1 s\u00fcllyed, m\u00edg a ny\u00e1ron 30 fok k\u00f6z\u00e9 enyh\u00fcl a h\u0151m\u00e9rs\u00e9klet. A Perzsa-\u00f6b\u00f6l ment\u00e9n a p\u00e1ratartalom megn\u0151, a h\u0151m\u00e9rs\u00e9klet meghaladja a 40 \u00b0C-ot; az \u00e9ves csapad\u00e9kmennyis\u00e9g alig haladja meg a 135 mm-t. Ezen egyenl\u0151tlens\u00e9gek f\u00e9ny\u00e9ben a v\u00edzhi\u00e1ny jelenti a legs\u00falyosabb emberi biztons\u00e1gi fenyeget\u00e9st, ami arra k\u00e9szteti a politikai d\u00f6nt\u00e9shoz\u00f3kat, hogy \u00faj term\u00e9szetv\u00e9delmi int\u00e9zked\u00e9seket \u00e9s cs\u0151vezet\u00e9k-projekteket dolgozzanak ki.<\/p>\n\n\n\n<p>Ir\u00e1n a civiliz\u00e1ci\u00f3 b\u00f6lcs\u0151j\u00e9n\u00e9l fekszik. A r\u00e9g\u00e9szeti r\u00e9tegek az emberi jelenl\u00e9tet az als\u00f3 paleolitikum vad\u00e1sz\u00f3-gy\u0171jt\u00f6get\u0151iig vezetik vissza, m\u00e9gis a politikai egys\u00e9g csak az i. e. hetedik sz\u00e1zadban virradt fel, amikor a m\u00e9dek K\u00fcaxar\u00e9sz vezet\u00e9s\u00e9vel el\u0151sz\u00f6r k\u00f6t\u00f6ttek \u00f6ssze k\u00fcl\u00f6nb\u00f6z\u0151 t\u00f6rzseket. Nagy K\u00fcrosz erre az \u00f6r\u00f6ks\u00e9gre \u00e9p\u00edtve megalap\u00edtotta az Akhaimenida Birodalmat, \u00e9s l\u00e9trehozta az \u00f3kor egyik legnagyobb birodalm\u00e1t. Perszepoliszban m\u00e1rv\u00e1nyoszlopok emelkedtek; szatrap\u00e1k ir\u00e1ny\u00edtott\u00e1k a tartom\u00e1nyokat L\u00fcdi\u00e1t\u00f3l Baktri\u00e1ig.<\/p>\n\n\n\n<p>Kr. e. negyedik sz\u00e1zadban Nagy S\u00e1ndor megd\u00f6nt\u00f6tte az Akhaimenida uralmat, megteremtve a hellenisztikus f\u00fazi\u00f3 alapjait. Kr. e. harmadik sz\u00e1zadra azonban a p\u00e1rtus nemesek ki\u0171zt\u00e9k a szeleukida uralmat, vissza\u00e1ll\u00edtva az ir\u00e1ni uralmat. Birodalmuk eg\u00e9szen a Kr. u. harmadik sz\u00e1zadig fennmaradt, amikor a sz\u00e1szaniai uralkod\u00f3k aranykort nyitottak, amelyet a korm\u00e1nyz\u00e1s, a vall\u00e1s \u00e9s a m\u0171v\u00e9szetek fejl\u0151d\u00e9se jellemzett. A sz\u00e1szaniai \u00edr\u00e1s \u00e9s k\u00f6zigazgat\u00e1s hat\u00e1ssal volt a szomsz\u00e9daira; a t\u0171ztemplomok \u00f6sszekapcsolt\u00e1k a kozmoszt \u00e9s a kir\u00e1lys\u00e1got.<\/p>\n\n\n\n<p>A hetedik sz\u00e1zad k\u00f6zep\u00e9n lezajlott arab h\u00f3d\u00edt\u00e1sok hozt\u00e1k l\u00e9tre az iszl\u00e1m megjelen\u00e9s\u00e9t. A perzsa kult\u00fara \u00e9s nyelv azonban az iszl\u00e1m aranykorban \u00fajra felemelkedett. Az ir\u00e1ni dinaszti\u00e1k \u2013 a tahirid\u00e1k, sz\u00e1m\u00e1nid\u00e1k \u00e9s bujid\u00e1k \u2013 \u00e1tvett\u00e9k a gyepl\u0151t az Abb\u00e1szida kalif\u00e1kt\u00f3l, \u00e9s t\u00e1mogatt\u00e1k a perzsa irodalmat, a tudom\u00e1nyokat \u00e9s a zoroasztri\u00e1nus \u00e9p\u00edt\u00e9szet \u00fajj\u00e1\u00e9led\u00e9s\u00e9t iszl\u00e1m keretek k\u00f6z\u00f6tt.<\/p>\n\n\n\n<p>A k\u00f6z\u00e9pkori szeldzsukok \u00e9s horazmok uralt\u00e1k a v\u00e1ltoz\u00f3 hat\u00e1rokat, am\u00edg a mongol hord\u00e1k a 13. sz\u00e1zadban \u00e1t nem s\u00f6p\u00f6rtek rajtuk. A timurid\u00e1k vissza\u00e1ll\u00edtott\u00e1k a m\u0171v\u00e9szet \u00e9s a tudom\u00e1ny p\u00e1rtfog\u00e1s\u00e1t, megsz\u00fcletve a Timurida renesz\u00e1nsznak nevezett jelens\u00e9get. 1501-re a Szafavida-dinasztia \u00fajraegyes\u00edtette Ir\u00e1nt, a twelver s\u00editizmust \u00e1llamvall\u00e1sk\u00e9nt defini\u00e1lva, \u00e9s egy k\u00fcl\u00f6n\u00e1ll\u00f3 perzsa s\u00edita identit\u00e1st kialak\u00edtva.<\/p>\n\n\n\n<p>N\u00e9gy dinasztia k\u00f6vetkezett: a Nad\u00edr sah vezette Afsharid\u00e1k r\u00f6vid id\u0151re vissza\u00e1ll\u00edtott\u00e1k Ir\u00e1n vil\u00e1ghatalmi st\u00e1tusz\u00e1t a 18. sz\u00e1zadban; a kadzs\u00e1rok megszil\u00e1rdultak, de a 19. sz\u00e1zadban stagn\u00e1ltak; Reza sah Pahlavi-dinaszti\u00e1ja (1925\u201379) moderniz\u00e1lta az utakat, a vasutakat \u00e9s az int\u00e9zm\u00e9nyeket \u2013 m\u00e9gis az olajjal \u00e9s a k\u00fclf\u00f6ldi befoly\u00e1ssal kapcsolatos fesz\u00fclts\u00e9gek k\u00e9sztett\u00e9k Mohammad Moszadik minisztereln\u00f6k\u00f6t 1951-ben az olaj \u00e1llamos\u00edt\u00e1s\u00e1ra, majd az 1953-as angol-amerikai puccsra, amely megbuktatta \u0151t.<\/p>\n\n\n\n<p>1979 febru\u00e1rj\u00e1ban Homeini ajatollah visszat\u00e9r\u00e9se v\u00e9get vetett a monarchi\u00e1nak. Az Iszl\u00e1m K\u00f6zt\u00e1rsas\u00e1g a t\u00e1rsadalmi igazs\u00e1goss\u00e1g \u00e9s a nemzeti szuverenit\u00e1s \u00edg\u00e9reteinek k\u00f6zepette j\u00f6tt l\u00e9tre. H\u00f3napokon bel\u00fcl Irak megsz\u00e1llta az orsz\u00e1got; az ebb\u0151l fakad\u00f3 nyolc\u00e9ves h\u00e1bor\u00fa megkem\u00e9ny\u00edtette a hat\u00e1rokat, de ter\u00fcleti el\u0151ny\u00f6ket nem hozott. A k\u00f6zt\u00e1rsas\u00e1g az\u00f3ta a legfels\u0151bb vezet\u0151k \u00e9s a megv\u00e1lasztott eln\u00f6k\u00f6k alatt fejl\u0151d\u00f6tt, reformista \u00e9s konzervat\u00edv elk\u00e9pzel\u00e9sek k\u00f6z\u00f6tt v\u00e1ltakozva.<\/p>\n\n\n\n<p>Ir\u00e1n ma egys\u00e9ges iszl\u00e1m k\u00f6zt\u00e1rsas\u00e1gk\u00e9nt m\u0171k\u00f6dik. A val\u00f3di hatalom a legfels\u0151bb vezet\u0151 kez\u00e9ben van, akinek a hatalma meghaladja az eln\u00f6k \u00e9s a parlament hatalm\u00e1t. A rendszeres v\u00e1laszt\u00e1sok ellen\u00e9re az \u0150rz\u0151 Tan\u00e1cs \u00e1tvil\u00e1g\u00edtja a jel\u00f6lteket, korl\u00e1tozva az ellenv\u00e9lem\u00e9nyt. Ez a rendszer b\u00edr\u00e1latok t\u00e1rgya az emberi jogi vissza\u00e9l\u00e9sek miatt \u2013 a sz\u00f3l\u00e1sszabads\u00e1g, a gy\u00fclekez\u00e9s \u00e9s a kisebbs\u00e9gek korl\u00e1toz\u00e1sa tov\u00e1bbra is s\u00falyos.<\/p>\n\n\n\n<p>Ir\u00e1n befoly\u00e1sa azonban t\u00falmutat hat\u00e1rain. A vil\u00e1g olajk\u00e9szleteinek 10%-\u00e1val \u00e9s g\u00e1zk\u00e9szleteinek 15%-\u00e1val felfegyverkezve alak\u00edtja az energiapiacokat. A legnagyobb s\u00edita \u00e1llamk\u00e9nt mil\u00edci\u00e1kat \u00e9s politikai mozgalmakat t\u00e1mogat a libanoni Hezbollaht\u00f3l Irakon \u00e1t Jemenig. Helyet foglal el az ENSZ-ben, az Iszl\u00e1m Egy\u00fcttm\u0171k\u00f6d\u00e9si Szervezetben, az OPEC-ben, az ECO-ban, a NAM-ban, az SCO-ban \u00e9s \u2013 2024 \u00f3ta \u2013 a BRICS-ben is, ami hangs\u00falyozza kett\u0151s identit\u00e1s\u00e1t, mint region\u00e1lis hatalom \u00e9s a nyugati hegem\u00f3nia kih\u00edv\u00f3ja.<\/p>\n\n\n\n<p>V\u00e1s\u00e1rl\u00f3er\u0151-parit\u00e1son m\u00e9rve Ir\u00e1n a vil\u00e1g 23. legnagyobb gazdas\u00e1g\u00e1val rendelkezik, amely a k\u00f6zponti tervez\u00e9s \u00e9s a mag\u00e1nv\u00e1llalkoz\u00e1sok bonyolult sz\u00f6vev\u00e9nye. A szolg\u00e1ltat\u00e1sok uralj\u00e1k a GDP-t, m\u00f6g\u00f6tt\u00fck a feldolgoz\u00f3ipar, a b\u00e1ny\u00e1szat \u00e9s a mez\u0151gazdas\u00e1g \u00e1ll. Teher\u00e1n, ahol az \u00e1llami v\u00e1llalatok k\u00f6zel fele \u00e9s a korm\u00e1nyzati alkalmazottak 30%-a tal\u00e1lhat\u00f3, a p\u00e9nz\u00fcgyi idegk\u00f6zpont. A teher\u00e1ni t\u0151zsde t\u00f6bb mint 40 ipar\u00e1gat jegyez; a k\u00f6zponti bank bocs\u00e1tja ki a rialt, \u00e9s k\u00fczd az infl\u00e1ci\u00f3val \u00e9s a szankci\u00f3kkal.<\/p>\n\n\n\n<p>Hydrocarbons underpin revenue. As an OPEC member, Iran wields clout\u2014yet international sanctions since 1979 have stifled development. Tourism has compensated: by 2019, foreign arrivals neared nine million, a global growth leader. After a 2020 pandemic slippage, 2023 saw a 43\u202f% rise to six million visitors. The end of visa requirements for 60 countries and $32&nbsp;billion in planned investments signal ambitions to convert Iran\u2019s storied past\u2014Persepolis, Shiraz, Isfahan\u2014into economic dividends.<\/p>\n\n\n\n<p>Egy 173 000 km hossz\u00fa (73%-ban burkolt) \u00fath\u00e1l\u00f3zat h\u00e1l\u00f3zza be a hegyi h\u00e1g\u00f3kat \u00e9s sivatagokat. A strat\u00e9giai Teher\u00e1n\u2013Bandar-Abb\u00e1sz vas\u00fatvonal Meshadon kereszt\u00fcl \u00f6sszek\u00f6ti a Perzsa-\u00f6bl\u00f6t K\u00f6z\u00e9p-\u00c1zsi\u00e1val. Ir\u00e1n kik\u00f6t\u0151i \u2013 Abb\u00e1sz a Hormuzi-szoroson; Anzali \u00e9s Torkeman a Kaszpi-tengeren; Horrams\u00e1hr \u00e9s Em\u00e1m Homejni az \u00d6b\u00f6l ment\u00e9n \u2013 l\u00e9tfontoss\u00e1g\u00fa import- \u00e9s exportforgalmat bonyol\u00edtanak le. A l\u00e9gi k\u00f6zleked\u00e9s t\u00f6bb tucat v\u00e1rost szolg\u00e1l ki; az Iran Air belf\u00f6ldi \u00e9s nemzetk\u00f6zi c\u00e9l\u00e1llom\u00e1sokat k\u00f6t \u00f6ssze.<\/p>\n\n\n\n<p>A v\u00e1rosi t\u00f6megk\u00f6zleked\u00e9s meredeken emelkedett a teher\u00e1ni metr\u00f3val, a K\u00f6zel-Kelet legnagyobb metr\u00f3j\u00e1val, amely naponta t\u00f6bb mint h\u00e1rommilli\u00f3 utast sz\u00e1ll\u00edtott, \u00e9s 2018-ban 820 milli\u00f3 utaz\u00e1st regisztr\u00e1lt. A buszok p\u00f3tolj\u00e1k a hi\u00e1nyoss\u00e1gokat; a teheraut\u00f3k \u00e9s a vas\u00fati tehersz\u00e1ll\u00edt\u00e1s az \u00e1rukat a belf\u00f6ld\u00f6n osztja el. A k\u00f6zleked\u00e9s \u00f6sszesen t\u00f6bb mint egymilli\u00f3 polg\u00e1rt foglalkoztat \u2013 ez a GDP 9%-a.<\/p>\n\n\n\n<p>Ir\u00e1n lakoss\u00e1ga 19 milli\u00f3r\u00f3l (1956) 85 milli\u00f3ra (2023 elej\u00e9re) emelkedett. A term\u00e9kenys\u00e9gi r\u00e1ta n\u0151nk\u00e9nt k\u00e9t \u00e9vtized alatt 6,5-r\u0151l 1,7 gyermekre zuhant, ami az \u00e9ves n\u00f6veked\u00e9st 2018-ra 1,39%-ra n\u00f6velte. Az el\u0151rejelz\u00e9sek szerint 2050-re a n\u00e9pess\u00e9g 105 milli\u00f3 k\u00f6r\u00fcli szinten stabiliz\u00e1l\u00f3dik. A v\u00e1rosi lakosok sz\u00e1ma 1950 \u00e9s 2002 k\u00f6z\u00f6tt 27%-r\u00f3l 60%-ra n\u0151tt, a h\u0171v\u00f6sebb, nedvesebb nyugati ter\u00fcleteken koncentr\u00e1l\u00f3dva.<\/p>\n\n\n\n<p>K\u00f6zel egymilli\u00f3 menek\u00fclt \u2013 f\u0151k\u00e9nt afg\u00e1nok \u00e9s irakiak \u2013 \u00e9l Ir\u00e1nban, akiket alkotm\u00e1nyos t\u00e1rsadalombiztos\u00edt\u00e1si garanci\u00e1k v\u00e9denek, amelyek kiterjednek az eg\u00e9szs\u00e9g\u00fcgyre, a nyugd\u00edjra \u00e9s a katasztr\u00f3f\u00e1k eset\u00e9re.<\/p>\n\n\n\n<p>A perzs\u00e1k \u00e9s az azerbajdzs\u00e1nok t\u00f6bbs\u00e9gi st\u00e1tusz\u00e9rt versengenek etnikai alap\u00fa n\u00e9psz\u00e1ml\u00e1l\u00e1sok hi\u00e1ny\u00e1ban. Egy 2003-as becsl\u00e9s szerint a perzs\u00e1k ar\u00e1nya 51%, az azerbajdzs\u00e1nok\u00e9 pedig 24% volt; a Kongresszusi K\u00f6nyvt\u00e1r 2008-ban 65%-ra, illetve 16%-ra m\u00f3dos\u00edtotta az adatokat. A fennmarad\u00f3 r\u00e9szt kurdok, gil\u00e1kok, mazander\u00e1nok, arabok, lurok, baludzs\u00e1k, t\u00fcrkm\u00e9nek \u00e9s kisebb csoportok t\u00f6ltik ki.<\/p>\n\n\n\n<p>A hivatalos nyelv a perzsa, m\u00e9gis tucatnyi dialektus l\u00e9tezik a tartom\u00e1nyokban: \u00e9szakon gilaki \u00e9s mazenderani; nyugaton a kurd v\u00e1ltozatok; d\u00e9lnyugaton a luri; \u00e9szaknyugaton pedig azerbajdzs\u00e1ni \u00e9s m\u00e1s t\u00f6r\u00f6k \u200b\u200bdialektusok. A kisebbs\u00e9gi nyelvek \u2013 az \u00f6rm\u00e9ny, a gr\u00faz, az \u00fajar\u00e1mi \u00e9s az arab \u2013 tov\u00e1bbra is \u00e9lnek az enkl\u00e1v\u00e9kban.<\/p>\n\n\n\n<p>A tizenk\u00e9t v\u00e1ros s\u00edita iszl\u00e1mja az ir\u00e1niak 90\u201395%-\u00e1t k\u00f6ti \u00f6ssze; a szunnit\u00e1k \u00e9s sz\u00fafik 5\u201310%-ot tesznek ki. A jarsanizmus, egy kurd vall\u00e1s, ak\u00e1r egymilli\u00f3 k\u00f6vet\u0151t is tart fenn. Az el nem ismert \u00e9s \u00fcld\u00f6z\u00f6tt bah\u00e1\u02be\u00ed hit szisztematikus elnyom\u00e1ssal n\u00e9z szembe. Az elismert vall\u00e1sok \u2013 kereszt\u00e9nys\u00e9g, judaizmus, zoroasztrizmus, szunnita iszl\u00e1m \u2013 parlamenti helyekkel rendelkeznek. Az itteni zsid\u00f3 k\u00f6z\u00f6ss\u00e9g a K\u00f6zel-Kelet legnagyobb Izraelen k\u00edv\u00fcli k\u00f6z\u00f6ss\u00e9ge; az \u00f6rm\u00e9ny kereszt\u00e9nyek sz\u00e1ma k\u00f6r\u00fclbel\u00fcl 250 000\u2013370 000.<\/p>\n\n\n\n<p>Ir\u00e1n m\u0171eml\u00e9kei \u00e9vezredeket \u00f6lelnek fel. Huszonh\u00e9t UNESCO vil\u00e1g\u00f6r\u00f6ks\u00e9gi helysz\u00edn \u2013 Perszepolisz, Naghsh-e Jahan t\u00e9r, Chogha Zanbil, Pasargadae, Yazd \u2013 hirk\u00e1niai erd\u0151k \u00e9s olyan megfoghatatlan hagyom\u00e1nyok mellett helyezkedik el, mint a Nowruz. Huszonn\u00e9gy kultur\u00e1lis gyakorlata Ir\u00e1nt a vil\u00e1g \u00f6t\u00f6dik legjobb hely\u00e9re helyezi. \u00c9p\u00edt\u00e9szeti hagyom\u00e1nya, amely Kr. e. 5000-ig ny\u00falik vissza, a geometri\u00e1t, a csillag\u00e1szatot \u00e9s a kozmikus szimbolik\u00e1t \u00f6tv\u00f6zi a boltozatokban \u00e9s kupol\u00e1kban \u2013 ez a hagyom\u00e1ny p\u00e1ratlan a szerkezeti tal\u00e1l\u00e9konys\u00e1g \u00e9s a dekorat\u00edv szabads\u00e1g tekintet\u00e9ben.<\/p>\n\n\n\n<p>The National Museum of Iran in Tehran, comprising Ancient Iran and Islamic Era wings, preserves the nation\u2019s archaeological corpus and ranks among the world\u2019s top institutions. In 2019, some 25&nbsp;million visits graced museums nationwide, including Golestan Palace, the Treasury of National Jewels, the Tehran Museum of Contemporary Art, and dozens more.<\/p>\n\n\n\n<p>Az ir\u00e1ni konyha az egyszer\u0171s\u00e9get m\u00e9lys\u00e9gg\u00e9 krist\u00e1lyos\u00edtja: a zamatos kebabok par\u00e1zson forognak; a s\u00e1fr\u00e1nyos pilafok di\u00f3f\u00e9l\u00e9ket \u00e9s gy\u00f6kereket \u00f6lelnek fel; a khoresh p\u00f6rk\u00f6ltek h\u00fast, gy\u00fcm\u00f6lcs\u00f6ket \u00e9s f\u0171szereket \u00f6tv\u00f6znek. Az asztaln\u00e1l a nat\u00far joghurt (mast-o-khiar), a sabzi (friss f\u0171szern\u00f6v\u00e9nyek), a shirazi sal\u00e1ta \u00e9s a torshi (savany\u00fas\u00e1g) kiemeli az \u00edzeket. A borani, a mirza qasemi \u00e9s a kashk e bademjan padlizs\u00e1nos \u00e9s tejsav\u00f3s el\u0151\u00e9teleket k\u00edn\u00e1l.<\/p>\n\n\n\n<p>A szamov\u00e1rokb\u00f3l szinte szent tea folyik; a falude \u2013 r\u00f3zsav\u00edz sorbet c\u00e9rnamet\u00e9lttel \u2013 \u00e9s a Bastani Sonnati, s\u00e1fr\u00e1nyos fagylalt, amelyet gyakran s\u00e1rgar\u00e9pal\u00e9vel p\u00e1ros\u00edtanak, k\u00f6zeli \u00e9telek. A f\u0171szerek \u2013 kardamom, sz\u00e1r\u00edtott lime, fah\u00e9j, kurkuma \u2013 \u00e1rnyalatokat k\u00f6lcs\u00f6n\u00f6znek; a Kaszpi-tengeri kavi\u00e1r az \u0151si luxusr\u00f3l tan\u00faskodik.<\/p>\n\n\n\n<p>Az utaz\u00f3k h\u00e9t k\u00fcl\u00f6nb\u00f6z\u0151 birodalmat j\u00e1rhatnak be: a zord, szeg\u00e9ny Sziszt\u00e1nt \u00e9s Beludzsiszt\u00e1nt; a k\u00f6dbe burkol\u00f3z\u00f3 Kaszpi-tengert; a ny\u00fczsg\u0151 K\u00f6z\u00e9p-Ir\u00e1nt Teher\u00e1nnal, Kommal \u00e9s Eszfah\u00e1nnal; Hor\u00e1sz\u00e1n szent v\u00e1ros\u00e1t, Meshedot; a naps\u00fct\u00f6tte Perzsa-\u00f6b\u00f6l szigeteit; a hegyvid\u00e9ki Azerbajdzs\u00e1nt; \u00e9s Nyugat-Ir\u00e1n csat\u00e1k s\u00fajtotta s\u00edks\u00e1gait.<\/p>\n\n\n\n<p>Iranian hospitality is legendary. Guests receive the warmest welcome\u2014\u201cKheili Khosh Amadid\u201d\u2014yet caution mingles with curiosity. Politeness dictates that men await a woman\u2019s offer before extending a handshake. In rural areas and holy sites, conservative dress prevails: women don a headscarf (rusari), knee\u2011length manteau, and loose trousers; some holy shrines require the full black chador. Men wear long sleeves; ties are best avoided near government offices. During recent protests (from October&nbsp;2022), women\u2019s partial unveiling carried grave risks.<\/p>\n\n\n\n<p>A felfel\u00e9 mutat\u00f3 h\u00fcvelykujj gesztusa a nagyv\u00e1rosokon k\u00edv\u00fcl tov\u00e1bbra is tabunak sz\u00e1m\u00edt, egy obszc\u00e9n nyugati jelz\u00e9snek felel meg; egy teny\u00e9rrel lefel\u00e9 integet\u00e9s jobban vonzza a ritka stopposokat \u2013 b\u00e1r a t\u00f6megk\u00f6zleked\u00e9s, a buszokt\u00f3l a metr\u00f3kig, gazdas\u00e1gosabb.<\/p>\n\n\n\n<p>A mecsetekben a cip\u0151k kint maradnak; a kamer\u00e1k el vannak rejtve; a nem muszlimoknak ker\u00fclni\u00fck kell a p\u00e9nteki im\u00e1kat, \u00e9s tiszteletben kell tartaniuk a z\u00e1rvatart\u00e1st. A zoroasztri\u00e1nus t\u0171ztemplomokban a bels\u0151 szent\u00e9ly tilos a k\u00edv\u00fcl\u00e1ll\u00f3k sz\u00e1m\u00e1ra. Az iszl\u00e1m kritik\u00e1ja illeg\u00e1lis \u2013 \u00e9s az ir\u00e1niak \u00e9s az arabok \u00f6sszekever\u00e9se \u00e9rtetlens\u00e9get, s\u0151t s\u00e9rt\u0151d\u00e9st kelt. Mindenekel\u0151tt soha ne nevezz\u00fck a Perzsa-\u00f6bl\u00f6t \u201eArab-\u00f6b\u00f6lnek\u201d.<\/p>\n\n\n\n<p>Ir\u00e1n dacol minden egyes narrat\u00edv\u00e1val. Egyszerre \u0151si \u00e9s avantg\u00e1rd, egy olyan orsz\u00e1g, ahol \u00e9vezredes oszlopok vetnek \u00e1rny\u00e9kot a modern v\u00e1rosk\u00e9pekre; ahol szeizmikus reng\u00e9sek t\u00f6r\u00e9svonalakat k\u00f6vetnek mind a f\u00f6ld\u00f6n, mind a t\u00e1rsadalomban. Birodalommal, hittel \u00e9s m\u0171v\u00e9szettel \u00e1titatva, sz\u00e9d\u00edt\u0151en v\u00e1ltozatos \u2013 f\u00f6ldrajzi, kultur\u00e1lis, politikai \u2013 t\u00e1jk\u00e9pet k\u00edn\u00e1l. Ir\u00e1n megismer\u00e9se annyit tesz, mint szemben\u00e9zni a komplexit\u00e1ssal: a h\u00f3d\u00edt\u00e1s \u00e9s a meggy\u0151z\u0151d\u00e9s \u00e1ltal sz\u0151tt t\u00f6rt\u00e9nelmekkel, a szankci\u00f3k \u00e9s az olaj \u00e1ltal s\u00fajtott gazdas\u00e1gokkal, a hivatalos szigorok k\u00f6zepette a vend\u00e9gszeretet \u00e1ltal \u00f6sszekov\u00e1csolt n\u00e9pekkel. A c\u00edmlapokon t\u00fal azonban egy tart\u00f3s ellen\u00e1ll\u00f3 k\u00e9pess\u00e9ggel \u00e9s kecsess\u00e9ggel rendelkez\u0151 orsz\u00e1g fekszik, amely a m\u00falt \u00e9s a j\u00f6v\u0151 keresztez\u0151d\u00e9s\u00e9ben egyens\u00falyozik.<\/p>","protected":false},"excerpt":{"rendered":"<p>Ir\u00e1n, egy jelent\u0151s t\u00f6rt\u00e9nelmi jelent\u0151s\u00e9g\u0171 \u00e9s jelenlegi geopolitikai jelent\u0151s\u00e9g\u0171 nemzet, Nyugat-\u00c1zsi\u00e1ban tal\u00e1lhat\u00f3, 1 648 195 n\u00e9gyzetkilom\u00e9ternyi ter\u00fcleten mintegy 90 milli\u00f3 lakossal. Ez a kiterjedt \u00e9s v\u00e1ltozatos nemzet, amely a 17. helyen \u00e1ll vil\u00e1gszerte mind sz\u00e1razf\u00f6ldi ter\u00fclet, mind n\u00e9pess\u00e9g tekintet\u00e9ben, a bolyg\u00f3 egyik \u0151si civiliz\u00e1ci\u00f3j\u00e1nak maradand\u00f3 \u00f6r\u00f6ks\u00e9g\u00e9t mutatja be. Ir\u00e1n strat\u00e9giai elhelyezked\u00e9se K\u00f6z\u00e9p-\u00c1zsia, D\u00e9l-\u00c1zsia \u00e9s a K\u00f6zel-Kelet metsz\u00e9spontj\u00e1ban form\u00e1lta bonyolult m\u00faltj\u00e1t, \u00e9s tov\u00e1bbra is kihat a region\u00e1lis \u00e9s glob\u00e1lis \u00fcgyekben val\u00f3 r\u00e9szv\u00e9tel\u00e9re.<\/p>","protected":false},"author":1,"featured_media":3845,"parent":24063,"menu_order":0,"comment_status":"closed","ping_status":"closed","template":"elementor_theme","meta":{"_eb_attr":"","footnotes":""},"class_list":["post-14947","page","type-page","status-publish","has-post-thumbnail"],"_links":{"self":[{"href":"https:\/\/travelshelper.com\/hu\/wp-json\/wp\/v2\/pages\/14947","targetHints":{"allow":["GET"]}}],"collection":[{"href":"https:\/\/travelshelper.com\/hu\/wp-json\/wp\/v2\/pages"}],"about":[{"href":"https:\/\/travelshelper.com\/hu\/wp-json\/wp\/v2\/types\/page"}],"author":[{"embeddable":true,"href":"https:\/\/travelshelper.com\/hu\/wp-json\/wp\/v2\/users\/1"}],"replies":[{"embeddable":true,"href":"https:\/\/travelshelper.com\/hu\/wp-json\/wp\/v2\/comments?post=14947"}],"version-history":[{"count":0,"href":"https:\/\/travelshelper.com\/hu\/wp-json\/wp\/v2\/pages\/14947\/revisions"}],"up":[{"embeddable":true,"href":"https:\/\/travelshelper.com\/hu\/wp-json\/wp\/v2\/pages\/24063"}],"wp:featuredmedia":[{"embeddable":true,"href":"https:\/\/travelshelper.com\/hu\/wp-json\/wp\/v2\/media\/3845"}],"wp:attachment":[{"href":"https:\/\/travelshelper.com\/hu\/wp-json\/wp\/v2\/media?parent=14947"}],"curies":[{"name":"wp","href":"https:\/\/api.w.org\/{rel}","templated":true}]}}