{"id":14923,"date":"2024-09-20T12:26:13","date_gmt":"2024-09-20T12:26:13","guid":{"rendered":"https:\/\/travelshelper.com\/staging\/?page_id=14923"},"modified":"2026-03-11T18:20:22","modified_gmt":"2026-03-11T18:20:22","slug":"kazahsztan","status":"publish","type":"page","link":"https:\/\/travelshelper.com\/hu\/destinations\/asia\/kazakhstan\/","title":{"rendered":"Kazahszt\u00e1n"},"content":{"rendered":"<p>Kazahszt\u00e1n sz\u00e9les, ny\u00edlt \u00e9gbolttal \u00e9s v\u00e1ltoz\u00f3 tereppel teli ter\u00fcletet foglal el, egy olyan nemzetet, amelynek k\u00f6rvonalai az \u0151si utakat \u00e9s a modern amb\u00edci\u00f3kat egyar\u00e1nt k\u00f6vetik. Hat\u00e1rai \u00f6t szomsz\u00e9dot metszenek \u2013 \u00e9szakon \u00e9s nyugaton Oroszorsz\u00e1got, keleten K\u00edn\u00e1t, d\u00e9lkeleten Kirgiziszt\u00e1nt, d\u00e9len \u00dczbegiszt\u00e1nt \u00e9s d\u00e9lnyugaton T\u00fcrkmeniszt\u00e1nt \u2013, nyugati partj\u00e1t pedig a Kaszpi-tenger veszi k\u00f6r\u00fcl. Asztana, az 1997 \u00f3ta f\u0151v\u00e1rosa, az \u00e9szaki s\u00edks\u00e1gon fekszik; Almati, a legnagyobb v\u00e1rosa, a Transz-Ili Alatau l\u00e1b\u00e1n\u00e1l fekszik. Ezek a v\u00e1rosi k\u00f6zpontok egy\u00fcttesen egy olyan ter\u00fcletet kereteznek, amely a Kaszpi-tenger partvid\u00e9k\u00e9nek alacsony fenns\u00edkjait\u00f3l az Altaj-hegys\u00e9gig, Nyugat-Szib\u00e9ria s\u00edks\u00e1gait\u00f3l K\u00f6z\u00e9p-\u00c1zsia sivatagi medenc\u00e9iig terjed.<\/p>\n\n\n\n<p>Kazahszt\u00e1n mintegy 2,7 \u200b\u200bmilli\u00f3 n\u00e9gyzetkilom\u00e9ter\u00e9vel \u2013 ami Nyugat-Eur\u00f3p\u00e1hoz hasonl\u00f3 ter\u00fclet \u2013 a vil\u00e1g sz\u00e1razf\u00f6ldi ter\u00fclet\u00e9nek kilencedik hely\u00e9n \u00e1ll, \u00e9s a legnagyobb tengerparttal nem rendelkez\u0151 orsz\u00e1gk\u00e9nt tart sz\u00e1mon. Ter\u00fclet\u00e9nek k\u00f6zel fele dombos fenns\u00edkokon \u00e9s ny\u00edlt s\u00edks\u00e1gokon fekszik; tov\u00e1bbi harmada alf\u00f6ld; d\u00e9li \u00e9s keleti perem\u00e9n hegys\u00e9gekbe emelkednek, amelyek cs\u00facsai v\u00edzgy\u0171jt\u0151k\u00e9nt \u00e9s mened\u00e9kk\u00e9nt is szolg\u00e1lnak. Csak a kazah sztyeppe nyolcsz\u00e1zezer n\u00e9gyzetkilom\u00e9teren ter\u00fcl el, a vil\u00e1g legnagyobb sz\u00e1raz f\u00fcves ter\u00fclete. Itt a f\u00fcvek homoknak, foly\u00f3v\u00f6lgyeknek \u00e9s rejtett kanyonoknak adj\u00e1k \u00e1t hely\u00fcket, k\u00f6zt\u00fck a Charyn-kanyonnak \u2013 egy v\u00f6r\u00f6s homokk\u0151 szakad\u00e9knak, amelynek falai ak\u00e1r h\u00e1romsz\u00e1z m\u00e9ter magasak is lehetnek, \u00e9s egy a j\u00e9gkorszak \u00f3ta elszigetelt k\u0151risfajnak ad otthont.<\/p>\n\n\n\n<p>Az emberi jelenl\u00e9t ezen a ter\u00fcleten a paleolitikumig ny\u00falik vissza. \u00c9vezredek alatt nom\u00e1d ir\u00e1ni t\u00f6rzsek \u2013 szk\u00edt\u00e1k, szak\u00e1k \u00e9s m\u00e1sok \u2013 barangolt\u00e1k a ter\u00fcleteit, sziklarajzokat \u00e9s temetkez\u00e9si halmokat hagyva maguk ut\u00e1n. A hatodik sz\u00e1zadra t\u00f6r\u00f6k \u200b\u200bn\u00e9pek \u00e9rkeztek keletr\u0151l. A tizenharmadik sz\u00e1zadban Dzsingisz k\u00e1n mongol hord\u00e1i birodalmi uralom al\u00e1 vont\u00e1k a sztyepp\u00e9ket. Ahogy az Arany Horda a k\u00f6vetkez\u0151 \u00e9vsz\u00e1zadokban sz\u00e9tesett, a helyi k\u00e1nok megszil\u00e1rd\u00edtott\u00e1k hatalmukat, \u00e9s a tizenhatodik sz\u00e1zad k\u00f6zep\u00e9re megalap\u00edtott\u00e1k a kazak k\u00e1ns\u00e1got a mai k\u00f6zt\u00e1rsas\u00e1gnak nagyj\u00e1b\u00f3l megfelel\u0151 ter\u00fcleteken. A t\u00f6rzsi megosztotts\u00e1g, vagy dzs\u00fcze, tov\u00e1bbra is fenn\u00e1llt; a tizennyolcadik sz\u00e1zadra a k\u00e1ns\u00e1g h\u00e1rom dzs\u00fcz\u00e9re szakadt, \u00e9s fokozatosan engedett Oroszorsz\u00e1g d\u00e9li ir\u00e1ny\u00fa el\u0151renyomul\u00e1s\u00e1nak. A tizenkilencedik sz\u00e1zad k\u00f6zep\u00e9re minden nom\u00e1d enkl\u00e1v\u00e9 az Orosz Birodalom n\u00e9vleges hatalma al\u00e1 ker\u00fclt.<\/p>\n\n\n\n<p>A huszadik sz\u00e1zad elej\u00e9nek felfordul\u00e1sai ism\u00e9t megv\u00e1ltoztatt\u00e1k a r\u00e9gi\u00f3t. Az 1917-es forradalmak \u00e9s polg\u00e1rh\u00e1bor\u00fak ut\u00e1n a ter\u00fclet Oroszorsz\u00e1gon bel\u00fcl Kazah Auton\u00f3m Szocialista Szovjet K\u00f6zt\u00e1rsas\u00e1gg\u00e1 v\u00e1lt. 1936-ban st\u00e1tusza teljes \u00e9rt\u00e9k\u0171 szovjet k\u00f6zt\u00e1rsas\u00e1gg\u00e1 emelkedett. Az ezt k\u00f6vet\u0151 \u00e9vtizedekben a szovjet politika \u00e1talak\u00edtotta a f\u00f6ldet \u00e9s n\u00e9peit: a szt\u00e1lini kollektiviz\u00e1l\u00e1s alatti k\u00e9nyszer\u0171 leteleped\u00e9s, az 1950-es \u00e9s 1960-as \u00e9vekbeli Sz\u0171zf\u00f6ldek hadj\u00e1rata, amely milli\u00f3kat \u2013 sok oroszt \u00e9s sok deport\u00e1lt kisebbs\u00e9get \u2013 vonzott az \u00e9szaki legel\u0151k m\u0171vel\u00e9s\u00e9re, \u00e9s az azt k\u00f6vet\u0151 gyors iparosod\u00e1s. Az 1991 decemberi f\u00fcggetlens\u00e9gre a kazahok a lakoss\u00e1g kevesebb mint fel\u00e9t tett\u00e9k ki; az oroszok, ukr\u00e1nok, n\u00e9metek \u00e9s m\u00e1sok \u00f6sszetett etnikai mozaikot alkottak.<\/p>\n\n\n\n<p>Ma a lakoss\u00e1g sz\u00e1ma k\u00f6zel h\u00faszmilli\u00f3, ami a vil\u00e1gon az egyik legalacsonyabb, kevesebb mint hat f\u0151 n\u00e9gyzetkilom\u00e9terenk\u00e9nt. A kazah etnikai lakoss\u00e1g nagyj\u00e1b\u00f3l hetvenegy sz\u00e1zal\u00e9k\u00e1t, az orosz etnikai etnikai lakoss\u00e1g tizenn\u00e9gy \u00e9s f\u00e9l sz\u00e1zal\u00e9k\u00e1t teszi ki; az \u00fczb\u00e9gek, ukr\u00e1nok, ujgurok, n\u00e9metek \u00e9s m\u00e1sok kisebb csoportokat alkotnak. N\u00e9vleg vil\u00e1gi, a k\u00f6zt\u00e1rsas\u00e1g polg\u00e1rainak mintegy hetven sz\u00e1zal\u00e9ka muszlim, t\u00f6bbs\u00e9g\u00fck a hanafi iskol\u00e1t k\u00f6veti; az ortodox kereszt\u00e9nyek k\u00f6r\u00fclbel\u00fcl tizenh\u00e9t sz\u00e1zal\u00e9kot tesznek ki, kisebb k\u00f6z\u00f6ss\u00e9gekben m\u00e1s vall\u00e1s\u00faak \u00e9s nem vall\u00e1sos \u00e1llampolg\u00e1rok \u00e9lnek. A kazah \u00e9s az orosz hivatalos st\u00e1tuszt birtokol, ut\u00f3bbi tov\u00e1bbra is a kereskedelem, az adminisztr\u00e1ci\u00f3 \u00e9s az etnikumok k\u00f6z\u00f6tti csere nyelve.<\/p>\n\n\n\n<p>Az er\u0151forr\u00e1sok gazdags\u00e1ga Kazahszt\u00e1n gazdas\u00e1g\u00e1nak alapj\u00e1t k\u00e9pezi. Nemzeti Alapja az olaj- \u00e9s g\u00e1zbev\u00e9teleket a nemzeti fejleszt\u00e9sbe ir\u00e1ny\u00edtja; a k\u00fclf\u00f6ldi befektet\u00e9sek a f\u00fcggetlens\u00e9g \u00f3ta meghaladt\u00e1k a negyvenmilli\u00e1rd amerikai doll\u00e1rt, amelynek nagy r\u00e9sze a k\u0151olaj- \u00e9s \u00e1sv\u00e1nykincs-kitermel\u00e9sre ir\u00e1nyult. A bizony\u00edtott tartal\u00e9kok Kazahszt\u00e1nt a vil\u00e1g vezet\u0151 vas-, ez\u00fcst-, r\u00e9z- \u00e9s ur\u00e1ntermel\u0151i k\u00f6z\u00e9 sorolj\u00e1k; a vezet\u0151 sz\u00e9n-, kr\u00f3m-, mang\u00e1n- \u00e9s aranyt\u00e1rol\u00f3k k\u00f6z\u00e9 is tartozik. Az olaj- \u00e9s g\u00e1ztermel\u00e9s az ipari termel\u00e9s nagyj\u00e1b\u00f3l hatvan sz\u00e1zal\u00e9k\u00e1t, a GDP pedig mintegy tizenh\u00e1rom sz\u00e1zal\u00e9k\u00e1t teszi ki. A nyersolaj-termel\u00e9s 2009-re el\u00e9rte a napi k\u00f6r\u00fclbel\u00fcl 1,54 milli\u00f3 hord\u00f3t; ehhez a mennyis\u00e9ghez hozz\u00e1j\u00e1rulnak a g\u00e1zkondenz\u00e1tum-mez\u0151k, mint p\u00e9ld\u00e1ul a Tokarevszkoje. A hazai finom\u00edt\u00f3i kapacit\u00e1s \u2013 h\u00e1rom finom\u00edt\u00f3 Atirauban, Pavlodarban \u00e9s Simkentben \u2013 azonban elmarad a v\u00e1rakoz\u00e1sokt\u00f3l, \u00edgy a nyersolaj nagy mennyis\u00e9g\u0171 tranzitja orosz l\u00e9tes\u00edtm\u00e9nyekbe ir\u00e1nyul.<\/p>\n\n\n\n<p>Az \u00fczemanyagokon t\u00fal a Karatau \u00e9s az Akt\u00f6be-medenc\u00e9k foszforitlel\u0151helyei meghaladj\u00e1k az egymilli\u00e1rd tonn\u00e1t; az ur\u00e1n- \u00e9s gy\u00e9m\u00e1ntb\u00e1ny\u00e1szat tov\u00e1bb diverzifik\u00e1lja az exportot. A Kitermel\u0151 Ipar\u00e1gak \u00c1tl\u00e1that\u00f3s\u00e1gi Kezdem\u00e9nyez\u00e9se 2013-ban Kazahszt\u00e1nt megfelel\u0151nek min\u0151s\u00edtette, elismerve a bev\u00e9telek k\u00f6zz\u00e9t\u00e9tel\u00e9re szolg\u00e1l\u00f3 rendszereit. A mez\u0151gazdas\u00e1gi export \u2013 f\u0151k\u00e9nt b\u00faza, \u00e1llat\u00e1llom\u00e1ny \u00e9s textilterm\u00e9kek \u2013 kieg\u00e9sz\u00edtik az energia- \u00e9s \u00e1sv\u00e1nyianyag-sz\u00fcks\u00e9gletet, b\u00e1r a mez\u0151gazdas\u00e1g kisebb gazdas\u00e1gi r\u00e9szesed\u00e9st k\u00e9pvisel.<\/p>\n\n\n\n<p>Az orsz\u00e1g \u00e9ghajlata kontinent\u00e1lis fekv\u00e9s\u00e9t t\u00fckr\u00f6zi: hossz\u00fa, hideg telek; forr\u00f3, sz\u00e1raz nyarak; a r\u00f6vid tavaszi \u00e9s \u0151szi es\u0151z\u00e9seken k\u00edv\u00fcl kev\u00e9s csapad\u00e9k. Asztana t\u00e9len -25 \u00b0C k\u00f6r\u00fcli h\u0151m\u00e9rs\u00e9kletet produk\u00e1l, amivel Ul\u00e1nb\u00e1tor ut\u00e1n a vil\u00e1g m\u00e1sodik leghidegebb f\u0151v\u00e1rosa. Az \u00f6kol\u00f3giai aggodalmak felsz\u00ednre ker\u00fclnek az Aral-t\u00f3 d\u00e9li r\u00e9sz\u00e9nek kisz\u00e1rad\u00e1s\u00e1ban, amely egykor a bolyg\u00f3 legnagyobb sz\u00e1razf\u00f6ldi tavai k\u00f6z\u00e9 tartozott, \u00e9s ma az \u00f6nt\u00f6z\u00e9si rendszer rossz kezel\u00e9s\u00e9nek int\u0151 jelk\u00e9pe.<\/p>\n\n\n\n<p>A term\u00e9szetv\u00e9delmi er\u0151fesz\u00edt\u00e9sek t\u00edz nemzeti parkot \u00e9s t\u00edz term\u00e9szetv\u00e9delmi ter\u00fcletet \u00f6lelnek fel, v\u00e9dve a sztyepp\u00e9ket, a hegyvid\u00e9keket \u00e9s a vizes \u00e9l\u0151helyeket. A n\u00f6v\u00e9nyvil\u00e1g mag\u00e1ban foglalja a vadalm\u00e1t, a sz\u0151l\u0151t \u00e9s a tulip\u00e1nokat a k\u00f6zponti v\u00f6lgyekben; az \u00e1llatvil\u00e1g az argali juhokt\u00f3l \u00e9s az eur\u00e1zsiai hi\u00fazokt\u00f3l az alpesi h\u00f3p\u00e1rducokig terjed. Przewalski-l\u00f3 visszatelep\u00edt\u00e9se k\u00f6zel k\u00e9t \u00e9vsz\u00e1zados t\u00e1voll\u00e9t ut\u00e1n visszahelyezte ezt a vadon \u00e9l\u0151 l\u00f3fajt a sztyepp\u00e9re.<\/p>\n\n\n\n<p>K\u00f6zigazgat\u00e1silag Kazahszt\u00e1n tizenh\u00e9t r\u00e9gi\u00f3ra \u00e9s n\u00e9gy k\u00f6zt\u00e1rsas\u00e1gi st\u00e1tusz\u00fa v\u00e1rosra oszlik: Almatira, Asztan\u00e1ra, Simkentre \u00e9s a b\u00e9relt Bajkonur enkl\u00e1v\u00e9ra, amely az oroszok \u00e1ltal \u00fczemeltetett kozmodromnak ad otthont. A r\u00e9gi\u00f3k j\u00e1r\u00e1sokra \u00e9s vid\u00e9ki j\u00e1r\u00e1sokra oszlanak. A v\u00e1rosi telep\u00fcl\u00e9sek k\u00fcl\u00f6nb\u00f6z\u0151 rangsorokkal rendelkeznek \u2013 k\u00f6zt\u00e1rsas\u00e1gi, region\u00e1lis vagy j\u00e1r\u00e1si jelent\u0151s\u00e9g\u0171ek \u2013, mindegyik meghat\u00e1rozott ir\u00e1ny\u00edt\u00e1ssal rendelkezik.<\/p>\n\n\n\n<p>A k\u00f6zleked\u00e9si infrastrukt\u00fara \u00f6sszek\u00f6ti a sz\u00e9les vid\u00e9ket. A vas\u00fat a teher\u00e1ru hatvannyolc sz\u00e1zal\u00e9k\u00e1t \u00e9s a szem\u00e9lyforgalom t\u00f6bb mint fel\u00e9t sz\u00e1ll\u00edtja; a kazahszt\u00e1ni Temir Zholy nemzeti l\u00e9git\u00e1rsas\u00e1g mintegy tizen\u00f6tezer kilom\u00e9ternyi 1520 mm nyomt\u00e1vols\u00e1g\u00fa p\u00e1ly\u00e1t \u00fczemeltet, amelynek k\u00f6zel egyharmada villamos\u00edtott. A nagysebess\u00e9g\u0171 szolg\u00e1ltat\u00e1sok Almatyt \u00e9s a t\u00e1voli Petropavlt k\u00e9tezer kilom\u00e9teren kereszt\u00fcl k\u00f6tik \u00f6ssze mintegy tizennyolc \u00f3ra alatt. Az Astana Nurly Zhol \u00e1llom\u00e1s, amelyet 2017-ben nyitottak meg, a modern diz\u00e1jnt \u00e9s a napi harminc\u00f6tezer utas kapacit\u00e1s\u00e1t testes\u00edti meg. Almati egy nyolc kilom\u00e9ter hossz\u00fa metr\u00f3nak ad otthont; a vonalhosszabb\u00edt\u00e1s tervei finansz\u00edroz\u00e1sra v\u00e1rnak. A k\u00ednai hat\u00e1ron tal\u00e1lhat\u00f3 Khorgos Gateway sz\u00e1razf\u00f6ldkik\u00f6t\u0151 kezeli a transzeur\u00e1zsiai \u00e1ruforgalmat, amely Eur\u00f3p\u00e1t \u00e9s \u00c1zsi\u00e1t k\u00f6ti \u00f6ssze. Az aut\u00f3p\u00e1ly\u00e1k \u00e9s a rep\u00fcl\u0151terek, nevezetesen Astan\u00e1ban \u00e9s Almatiban, teszik teljess\u00e9 a h\u00e1l\u00f3zatot, m\u00edg az Air Astana tov\u00e1bbra is az egyetlen kazah l\u00e9git\u00e1rsas\u00e1g, amely megfelel az EU biztons\u00e1gi el\u0151\u00edr\u00e1sainak.<\/p>\n\n\n\n<p>A gazdas\u00e1gi mutat\u00f3k a lehet\u0151s\u00e9geket \u00e9s a volatilit\u00e1st egyar\u00e1nt t\u00fckr\u00f6zik. 2018-ban a GDP el\u00e9rte a 179 milli\u00e1rd doll\u00e1rt, a n\u00f6veked\u00e9s 4,5 sz\u00e1zal\u00e9kos volt; az egy f\u0151re jut\u00f3 kibocs\u00e1t\u00e1s megk\u00f6zel\u00edtette a 9700 doll\u00e1rt. Az olaj\u00e1r ingadoz\u00e1sa 2014 febru\u00e1rj\u00e1ban 19 sz\u00e1zal\u00e9kos, 2015 augusztus\u00e1ban pedig 22 sz\u00e1zal\u00e9kos valutale\u00e9rt\u00e9kel\u0151d\u00e9st eredm\u00e9nyezett. Mindazon\u00e1ltal Kazahszt\u00e1n 2010-re, h\u00e9t \u00e9vvel a tervezettn\u00e9l kor\u00e1bban visszafizette az \u00f6sszes IMF-ad\u00f3ss\u00e1g\u00e1t. A 2008-as glob\u00e1lis v\u00e1ls\u00e1g idej\u00e9n mintegy 21 milli\u00e1rd doll\u00e1r \u2013 a GDP h\u00fasz sz\u00e1zal\u00e9ka \u2013 \u00e9rt\u00e9k\u0171 \u00f6szt\u00f6nz\u0151 int\u00e9zked\u00e9sek stabiliz\u00e1lt\u00e1k a bankokat, az ingatlanszektort, a mez\u0151gazdas\u00e1got \u00e9s a kkv-kat. A k\u00f6lts\u00e9gvet\u00e9si t\u00f6bblet 2013-ra visszat\u00e9rt, a konzervat\u00edv kiad\u00e1soknak \u00e9s az olajbev\u00e9tel-stabiliz\u00e1ci\u00f3s alapnak k\u00f6sz\u00f6nhet\u0151en.<\/p>\n\n\n\n<p>A piaci reformoknak k\u00f6sz\u00f6nhet\u0151en az Egyes\u00fclt \u00c1llamok 2002-ben piacgazdas\u00e1gi elismer\u00e9st kapott Kazahszt\u00e1nt\u00f3l, \u00e9s ugyanebben az \u00e9vben befektet\u00e9si fokozat\u00fa hitelmin\u0151s\u00edt\u00e9st kapott. A k\u00fclf\u00f6ldi ad\u00f3ss\u00e1g GDP-hez viszony\u00edtva m\u00e9rs\u00e9kelt maradt, a 2008-as 8,7 sz\u00e1zal\u00e9kr\u00f3l 2019-re 19,2 sz\u00e1zal\u00e9kra emelkedett. Az orsz\u00e1g a WTO-hoz \u00e9s az eur\u00e1zsiai integr\u00e1ci\u00f3hoz folyamodik, 2015-ben csatlakozott a Kereskedelmi Vil\u00e1gszervezethez, \u00e9s t\u00e1rsalap\u00edt\u00f3ja volt az Eur\u00e1zsiai Gazdas\u00e1gi Uni\u00f3nak \u00e9s a Sanghaji Egy\u00fcttm\u0171k\u00f6d\u00e9si Szervezetnek.<\/p>\n\n\n\n<p>A turizmus lassan \u00e9rkezik a hatalmas t\u00e1vols\u00e1gok \u00e9s az infrastruktur\u00e1lis kih\u00edv\u00e1sok miatt. 2014-ben a GDP 0,3 sz\u00e1zal\u00e9k\u00e1t tette ki, a korm\u00e1ny pedig 2020-ra h\u00e1rom sz\u00e1zal\u00e9kot c\u00e9loz meg \u00f6t region\u00e1lis klaszter fejleszt\u00e9s\u00e9vel. T\u00f6bb mint \u00f6tven orsz\u00e1g \u2013 a szomsz\u00e9dos F\u00c1K-\u00e1llamokt\u00f3l az EU-n, az Egyes\u00fclt \u00c1llamokon \u00e9s Jap\u00e1non \u00e1t \u2013 v\u00edzummentes rendszere a k\u00f6nnyebb hozz\u00e1f\u00e9r\u00e9st k\u00edv\u00e1nja el\u0151seg\u00edteni. A l\u00e1tnival\u00f3k Almati hegyvid\u00e9ki h\u00e1torsz\u00e1g\u00e1t\u00f3l Bajkonur legend\u00e1s ind\u00edt\u00f3\u00e1ll\u00e1saiig, a Selyem\u00fat karav\u00e1nszer\u00e1j\u00e1t\u00f3l a sztyeppe mag\u00e1nyos horizontj\u00e1ig terjednek. A l\u00e1togat\u00f3k sz\u00e1ma emelkedett, de a k\u00f6lts\u00e9gek, a t\u00e1voli helysz\u00ednek \u00e9s az egyenetlen szolg\u00e1ltat\u00e1sok tov\u00e1bbra is visszafogj\u00e1k.<\/p>\n\n\n\n<p>A kult\u00fara nom\u00e1d gy\u00f6kerekb\u0151l \u00e9s birodalmi \u00f6r\u00f6ks\u00e9gb\u0151l fakad. Az orosz h\u00f3d\u00edt\u00e1s el\u0151tt a kazah t\u00e1rsadalom szezon\u00e1lis \u00e1llattart\u00e1sb\u00f3l tartotta fenn mag\u00e1t, sz\u00f3beli hagyom\u00e1nyaiban k\u00f6lt\u0151ket, filoz\u00f3fusokat \u00e9s kl\u00e1nv\u00e9neket \u00fcnnepelt. Az iszl\u00e1m a nyolcadik sz\u00e1zadt\u00f3l fokozatosan terjedt d\u00e9l fel\u00e9, majd a Sz\u00e1m\u00e1nid\u00e1k \u00e9s az Arany Horda uralma alatt szil\u00e1rdult meg. A szovjet ateizmus elnyomta a vall\u00e1sgyakorl\u00e1st, csak hogy a f\u00fcggetlens\u00e9g \u00fajra\u00e9lessze a mecsetek \u00e9s templomok \u00e9p\u00edt\u00e9s\u00e9t \u2013 ez a regisztr\u00e1lt egyes\u00fcletek sz\u00e1m\u00e1nak n\u00e9gyszeres\u00e9re n\u0151tt 1990 \u00f3ta.<\/p>\n\n\n\n<p>A nyelv kett\u0151s \u00f6r\u00f6ks\u00e9get testes\u00edt meg: a kazah, egy kipcsak t\u00f6r\u00f6k \u200b\u200bnyelv, az \u00e1llamnyelv; az orosz a hivatalos megfelel\u0151je. M\u00edg t\u00f6bb mint nyolcvan sz\u00e1zal\u00e9k \u00e1ll\u00edtja, hogy mindk\u00e9t nyelven besz\u00e9l, a kazah nyelv napi haszn\u00e1lata a kazah etnikai kazakok k\u00f6r\u00e9ben el\u00e9ri a mintegy hatvanh\u00e1rom sz\u00e1zal\u00e9kot. A k\u00e9tnyelv\u0171s\u00e9g form\u00e1lja a m\u00e9di\u00e1t, az oktat\u00e1st \u00e9s a kereskedelmet.<\/p>\n\n\n\n<p>Az irodalom \u00e9s a tudom\u00e1ny nevezetes szem\u00e9lyis\u00e9geket vonultat fel: Abay Qunanbayuli k\u00f6lt\u0151i form\u00e1kat alkotott, amelyek hidat k\u00e9peztek a n\u00e9pi \u00e9s a magas kult\u00fara k\u00f6z\u00f6tt; Mukhtar Auezov dramatiz\u00e1lta a nemzeti eposzokat; Kanysh Satpayev megalap\u00edtotta a kazah geol\u00f3gi\u00e1t. Kort\u00e1rs \u00edr\u00f3k, filmesek \u00e9s m\u0171v\u00e9szek a glob\u00e1lis \u00e1ramlatokban is eligazodnak, mik\u00f6zben a helyi identit\u00e1sra is odafigyelnek. Almati \u00e1llami st\u00fadi\u00f3ja, a Kazakhfilm olyan m\u0171veket k\u00e9sz\u00edt, mint a Harmony Lessons; az asztanai \u00e9s almati fesztiv\u00e1lok el\u0151seg\u00edtik a nemzetk\u00f6zi egy\u00fcttm\u0171k\u00f6d\u00e9st. A kazah hat\u00e1rokon bel\u00fcl sz\u00fcletett Timur Bekmambetov hollywoodi rendez\u0151 a kazah tehets\u00e9get a sz\u00e9lesebb k\u00f6z\u00f6ns\u00e9ghez k\u00f6ti \u00f6ssze.<\/p>\n\n\n\n<p>A konyham\u0171v\u00e9szet p\u00e1sztori eredetet t\u00fckr\u00f6z: a beshbarmak, egy f\u0151tt h\u00fasb\u00f3l \u00e9s t\u00e9szt\u00e1b\u00f3l k\u00e9sz\u00fclt \u00e9tel; b\u00e1r\u00e1nyh\u00fassal \u00e9s s\u00e1rgar\u00e9p\u00e1val d\u00fas\u00edtott pilaf; erjesztett kancatej \u2013 kumys \u2013 az ayran \u00e9s a subat mellett. A t\u00e1rsas\u00e1gi \u00f6sszej\u00f6veteleket tearitu\u00e1l\u00e9k k\u00eds\u00e9rik, amelyeket gyakran aszalt gy\u00fcm\u00f6lcs\u00f6kkel \u00e9s di\u00f3f\u00e9l\u00e9kkel t\u00e1lalnak.<\/p>\n\n\n\n<p>Kazahszt\u00e1n jelenl\u00e9te az UNESCO vil\u00e1g\u00f6r\u00f6ks\u00e9gi list\u00e1j\u00e1n h\u00e1rom kultur\u00e1lis helysz\u00ednt foglal mag\u00e1ban \u2013 Khoja Ahmed Yasawi mauz\u00f3leum\u00e1t, Tamgaly sziklarajzait, a Selyem\u00fat folyos\u00f3it \u2013 \u00e9s k\u00e9t term\u00e9szeti helysz\u00ednt: a Saryarka sztyepp\u00e9j\u00e9t \u00e9s a Nyugat-Tien Shan-t. Ezek a megjel\u00f6l\u00e9sek meger\u0151s\u00edtik az orsz\u00e1g geol\u00f3giai, t\u00f6rt\u00e9nelmi \u00e9s kultur\u00e1lis jelent\u0151s\u00e9g\u00e9t.<\/p>\n\n\n\n<p>Politikailag Kazahszt\u00e1n egys\u00e9ges alkotm\u00e1nyos k\u00f6zt\u00e1rsas\u00e1gk\u00e9nt m\u0171k\u00f6dik. Nurszultan Nazarbajev eln\u00f6k a f\u00fcggetlens\u00e9gt\u0151l 2019-es lemond\u00e1s\u00e1ig ir\u00e1ny\u00edtotta a k\u00f6zt\u00e1rsas\u00e1got; hivatali ideje alatt k\u00f6zpontos\u00edtott hatalmat, fokozatos reformokat \u00e9s egy kialakul\u00f3 politikai oszt\u00e1lyt fel\u00fcgyelt. Ut\u00f3dai fenntartott\u00e1k a stabilit\u00e1st, \u00e9s fokozatos l\u00e9p\u00e9seket tettek a pluralizmus fel\u00e9. Az \u00e1tl\u00e1that\u00f3s\u00e1g \u00e9s az elsz\u00e1moltathat\u00f3s\u00e1g ir\u00e1nti belpolitikai nyom\u00e1s tov\u00e1bbra is fenn\u00e1ll, a k\u00fclkapcsolatok mellett, amelyeket az Oroszorsz\u00e1ggal, K\u00edn\u00e1val \u00e9s a Nyugattal fenn\u00e1ll\u00f3 gazdas\u00e1gi kapcsolatok alak\u00edtanak.<\/p>\n\n\n\n<p>A demogr\u00e1fiai v\u00e1ltoz\u00e1sokkal \u2013 a vid\u00e9kr\u0151l a v\u00e1rosra, a kazahr\u00f3l a posztszovjetre \u2013 szembes\u00fclve az orsz\u00e1g a hagyom\u00e1ny \u00e9s az innov\u00e1ci\u00f3 k\u00f6z\u00f6tt keresi a hely\u00e9t. A digit\u00e1lis korm\u00e1nyz\u00e1s, a meg\u00fajul\u00f3 energia \u00e9s a kultur\u00e1lis meg\u0151rz\u00e9s ter\u00e9n zajl\u00f3 projektek p\u00e1rhuzamosan futnak az olajmez\u0151k \u00e9s a vas\u00fati folyos\u00f3k b\u0151v\u00fcl\u00e9s\u00e9vel. Ak\u00e1r a nagysebess\u00e9g\u0171 vas\u00fatr\u00f3l, amely \u00f6sszek\u00f6ti Eur\u00f3p\u00e1t \u00c1zsi\u00e1val, ak\u00e1r a nom\u00e1d szok\u00e1sok csendes \u00fajj\u00e1\u00e9led\u00e9s\u00e9r\u0151l a ny\u00e1ri fesztiv\u00e1lokon, Kazahszt\u00e1n eligazodik a m\u00e9retek \u00e9s a mag\u00e1ny fesz\u00fclts\u00e9geiben.<\/p>\n\n\n\n<p>A hatalmas \u00e9s gy\u00e9ren lakott k\u00f6zt\u00e1rsas\u00e1g egyszerre kih\u00edv\u00e1st jelent az egyszer\u0171 jellemz\u00e9sek ir\u00e1nt. T\u00e1jai k\u00f6z\u00f6mb\u00f6snek \u00e9s nyitottnak t\u0171nhetnek, m\u00e9gis a migr\u00e1ci\u00f3, a h\u00f3d\u00edt\u00e1s \u00e9s a csere bonyolult t\u00f6rt\u00e9nelm\u00e9t t\u00e1rj\u00e1k fel. A v\u00e1rosi l\u00e1tk\u00e9pek tervezett geometri\u00e1kban emelkednek, m\u00edg a falvak id\u0151t\u00e1ll\u00f3 mint\u00e1khoz ragaszkodnak. Ter\u00fclet\u00e9nek sz\u00e9less\u00e9g\u00e9ben, a sztyepp\u00e9ken, a hegyeken \u00e9s az ipari \u00f6vezeteken \u00e1t\u00edvel\u0151en, Kazahszt\u00e1n az er\u0151forr\u00e1sok, a rugalmass\u00e1g \u00e9s a meg\u00fajul\u00e1s narrat\u00edv\u00e1j\u00e1t \u00e9p\u00edti fel \u2013 egy t\u00f6rt\u00e9netet, amely m\u00e9g mindig kibontakozik, amelyet amb\u00edci\u00f3inak magass\u00e1ga \u00e9s \u0151si eml\u00e9kezet\u00e9nek m\u00e9lys\u00e9ge alak\u00edt.<\/p>","protected":false},"excerpt":{"rendered":"<p>Kazahszt\u00e1n, amely a f\u00f6ldter\u00fcletet tekintve a kilencedik legnagyobb orsz\u00e1g a vil\u00e1gon, \u00e9s a legkiterjedtebb tengerparttal nem rendelkez\u0151 orsz\u00e1g, sz\u00e1mos v\u00e1ltozatos t\u00e1jat \u00e9s m\u00e9lyrehat\u00f3 kultur\u00e1lis \u00f6r\u00f6ks\u00e9get mutat be, K\u00f6z\u00e9p-\u00c1zsia \u00e9s Kelet-Eur\u00f3pa tal\u00e1lkoz\u00e1s\u00e1n\u00e1l. Hatalmas ter\u00fclet\u00e9n csaknem 20 milli\u00f3 ember \u00e9l, Kazahszt\u00e1n a vil\u00e1g egyik legalacsonyabb n\u00e9ps\u0171r\u0171s\u00e9ge, \u00e1tlagosan kevesebb mint 6 ember n\u00e9gyzetkilom\u00e9terenk\u00e9nt. Az orsz\u00e1g hatalmas sztyeppjei, szikl\u00e1s hegyei \u00e9s sz\u00e9les sivatagai \u2013 amelyek form\u00e1lt\u00e1k m\u00faltj\u00e1t, \u00e9s m\u00e9g mindig befoly\u00e1solj\u00e1k jelenlegi fejl\u0151d\u00e9s\u00e9t \u2013 t\u00fckr\u00f6z\u0151dnek ebben a szokatlan n\u00e9pess\u00e9g\u00f6sszet\u00e9telben.<\/p>","protected":false},"author":1,"featured_media":3135,"parent":24063,"menu_order":0,"comment_status":"closed","ping_status":"closed","template":"elementor_theme","meta":{"_eb_attr":"","footnotes":""},"class_list":["post-14923","page","type-page","status-publish","has-post-thumbnail"],"_links":{"self":[{"href":"https:\/\/travelshelper.com\/hu\/wp-json\/wp\/v2\/pages\/14923","targetHints":{"allow":["GET"]}}],"collection":[{"href":"https:\/\/travelshelper.com\/hu\/wp-json\/wp\/v2\/pages"}],"about":[{"href":"https:\/\/travelshelper.com\/hu\/wp-json\/wp\/v2\/types\/page"}],"author":[{"embeddable":true,"href":"https:\/\/travelshelper.com\/hu\/wp-json\/wp\/v2\/users\/1"}],"replies":[{"embeddable":true,"href":"https:\/\/travelshelper.com\/hu\/wp-json\/wp\/v2\/comments?post=14923"}],"version-history":[{"count":0,"href":"https:\/\/travelshelper.com\/hu\/wp-json\/wp\/v2\/pages\/14923\/revisions"}],"up":[{"embeddable":true,"href":"https:\/\/travelshelper.com\/hu\/wp-json\/wp\/v2\/pages\/24063"}],"wp:featuredmedia":[{"embeddable":true,"href":"https:\/\/travelshelper.com\/hu\/wp-json\/wp\/v2\/media\/3135"}],"wp:attachment":[{"href":"https:\/\/travelshelper.com\/hu\/wp-json\/wp\/v2\/media?parent=14923"}],"curies":[{"name":"wp","href":"https:\/\/api.w.org\/{rel}","templated":true}]}}