{"id":14917,"date":"2024-09-20T12:17:14","date_gmt":"2024-09-20T12:17:14","guid":{"rendered":"https:\/\/travelshelper.com\/staging\/?page_id=14917"},"modified":"2026-03-11T18:20:46","modified_gmt":"2026-03-11T18:20:46","slug":"amman","status":"publish","type":"page","link":"https:\/\/travelshelper.com\/hu\/destinations\/asia\/jordan\/amman\/","title":{"rendered":"Amm\u00e1n"},"content":{"rendered":"<p>Amm\u00e1n egy 700 \u00e9s 1100 m\u00e9ter tengerszint feletti magass\u00e1gban emelked\u0151 fenns\u00edkon fekszik, feh\u00e9r \u00e9s b\u00e9zs sz\u00edn\u0171 k\u0151\u00e9p\u00fcletei dombokra ny\u00falnak, \u00e9s v\u00f6lgyekbe ny\u00falnak. Jord\u00e1nia f\u0151v\u00e1rosak\u00e9nt \u00e9s f\u0151 metropoliszak\u00e9nt az orsz\u00e1g politikai k\u00f6zpontja, f\u0151 piactere \u00e9s kultur\u00e1lis k\u00f6zpontja. A nagyj\u00e1b\u00f3l n\u00e9gymilli\u00f3 lakos\u00fa Amm\u00e1n m\u00e9ret\u00e9ben minden m\u00e1s v\u00e1rost fel\u00fclm\u00fal a Levant\u00e9ban, az \u00f6t\u00f6dik helyen \u00e1ll az arab v\u00e1rosi k\u00f6zpontok k\u00f6z\u00f6tt, \u00e9s a tizedik a K\u00f6zel-Kelet nagyv\u00e1rosi m\u00e9reteiben. Utc\u00e1i \u00e9vezredek s\u00faly\u00e1t viselik, m\u00e9gis a terjeszked\u00e9s \u00e9s a meg\u00fajul\u00e1s energi\u00e1j\u00e1val l\u00fcktetnek.<\/p>\n\n\n\n<p>Az emberi jelenl\u00e9t legkor\u00e1bbi fejezete &#039;Ain Ghazalban, egy neolitikus telep\u00fcl\u00e9sen bontakozik ki a modern k\u00f6zpontt\u00f3l tizenn\u00e9gy kilom\u00e9terre \u00e9szakra. Az \u00e1sat\u00e1sok sor\u00e1n gipsz- \u00e9s m\u00e9szk\u0151alakokat tal\u00e1ltak, amelyek a legr\u00e9gebbi ismert, \u00e9p test\u0171 emberi \u00e1br\u00e1zol\u00e1sok k\u00f6z\u00e9 tartoznak, \u00e9s a Kr. e. nyolcadik \u00e9vezredb\u0151l sz\u00e1rmaznak. Ezek a ritu\u00e1lis t\u00e1rgyak a k\u00f6z\u00f6ss\u00e9gi komplexit\u00e1sr\u00f3l \u00e9s a szimbolikus gyakorlatr\u00f3l tan\u00faskodnak ezeken a m\u00e9szk\u0151lejt\u0151k\u00f6n j\u00f3val a feljegyzett t\u00f6rt\u00e9nelem el\u0151tt.<\/p>\n\n\n\n<p>Az i. e. els\u0151 \u00e9vezred elej\u00e9re a helysz\u00edn nagyobb jelent\u0151s\u00e9gre tett szert. Kort\u00e1rsai Rabat Aman n\u00e9ven ismert\u00e9k, \u00e9s az ammonit\u00e1k kir\u00e1lyi sz\u00e9khelyek\u00e9nt szolg\u00e1lt, akiknek birodalma kelet fel\u00e9, a Jord\u00e1n foly\u00f3n t\u00falra terjedt ki. Az ebb\u0151l a korszakb\u00f3l sz\u00e1rmaz\u00f3 ker\u00e1miat\u00f6red\u00e9kek \u00e9s feliratos pecs\u00e9tek a k\u00f6zigazgat\u00e1s kifinomults\u00e1g\u00e1r\u00f3l \u00e9s a region\u00e1lis cser\u00e9r\u0151l tan\u00faskodnak.<\/p>\n\n\n\n<p>Nagy S\u00e1ndor h\u00f3d\u00edt\u00e1sait k\u00f6vet\u0151en hellenisztikus seregek s\u00f6p\u00f6rtek v\u00e9gig a v\u00e1roson, \u00e9s az i. e. harmadik sz\u00e1zadban a v\u00e1ros elnyerte a Philadelphia nevet. A t\u00edz Dekapolisz v\u00e1ros egyike lett \u2013 a g\u00f6r\u00f6g polisz int\u00e9zm\u00e9nyei mint\u00e1j\u00e1ra \u00e9p\u00fclt v\u00e1rosi k\u00f6zpontok, amelyek mindegyike hozz\u00e1j\u00e1rult a kereskedelem, a korm\u00e1nyz\u00e1s \u00e9s a kultur\u00e1lis csere h\u00e1l\u00f3zat\u00e1hoz. Az oszlopos utc\u00e1k \u00e9s k\u00f6z\u00e9p\u00fcletek maradv\u00e1nyai, b\u00e1r t\u00f6red\u00e9kesek, a polg\u00e1ri \u00e9letre \u00f6sszpontos\u00edt\u00f3 v\u00e1rosi rendre utalnak.<\/p>\n\n\n\n<p>Az arab er\u0151k Kr. u. 7. sz\u00e1zadi meg\u00e9rkez\u00e9s\u00e9vel a telep\u00fcl\u00e9s elnyerte a mai nev\u00e9t. Az egym\u00e1st k\u00f6vet\u0151 kalif\u00e1tusok alatt Amman \u00e9p\u00edtkez\u00e9sek, puszt\u00edt\u00e1sok \u00e9s elhanyagol\u00e1sok ciklusait \u00e9lte \u00e1t. Er\u0151d\u00edtm\u00e9nyek emelkedtek \u00e9s omlottak, mecsetek jelentek meg, majd elt\u0171ntek, a mez\u0151gazdas\u00e1gi teraszok el\u0151renyomultak \u00e9s visszah\u00faz\u00f3dtak. Az oszm\u00e1n id\u0151szakra, \u00e9vsz\u00e1zadokig tart\u00f3 cs\u00f6kken\u0151 jelent\u0151s\u00e9g ut\u00e1n, Amman nagyr\u00e9szt elhagyatott\u00e1 v\u00e1lt.<\/p>\n\n\n\n<p>\u00daj szakasz kezd\u0151d\u00f6tt 1878-ban, amikor a Kauk\u00e1zusb\u00f3l ki\u0171z\u00f6tt cserkesz csal\u00e1dok oszm\u00e1n enged\u00e9lyt kaptak egy \u00e1lland\u00f3 falu l\u00e9trehoz\u00e1s\u00e1ra. Szer\u00e9ny k\u0151h\u00e1zaik a forr\u00e1sok k\u00f6r\u00fcl csoportosultak, amelyek ma is a k\u00f6zeli Zarqa foly\u00f3t t\u00e1pl\u00e1lj\u00e1k. Az Ammanon \u00e1t\u00edvel\u0151 Hejaz vas\u00fatvonal 1904-es befejez\u00e9se felgyors\u00edtotta a n\u00f6veked\u00e9st, \u00f6sszek\u00f6tve a k\u00f6z\u00f6ss\u00e9get Damaszkusszal, Medin\u00e1val \u00e9s azon t\u00fal. 1909-ben a lakosok megalak\u00edtott\u00e1k az els\u0151 \u00f6nkorm\u00e1nyzati tan\u00e1csot, lerakva a modern k\u00f6zigazgat\u00e1s alapjait.<\/p>\n\n\n\n<p>1921-ben a brit hat\u00f3s\u00e1gok Ammant jel\u00f6lt\u00e9k ki a Transzjord\u00e1ni Emir\u00e1tus f\u0151v\u00e1ros\u00e1v\u00e1. A v\u00e1laszt\u00e1s t\u00fckr\u00f6zte strat\u00e9giai helyzet\u00e9t \u00e9s a t\u00f6rzsi k\u00f6zpontok k\u00f6z\u00f6tti relat\u00edv semlegess\u00e9g\u00e9t. Ett\u0151l a pillanatt\u00f3l kezdve a Levant\u00e9b\u00f3l \u00e9rkez\u0151 migr\u00e1ci\u00f3k \u00e1talak\u00edtott\u00e1k a v\u00e1ros jelleg\u00e9t. 1948 \u00e9s 1967 k\u00f6z\u00f6tt t\u00f6meges migr\u00e1ci\u00f3k hozt\u00e1k a konfliktusok el\u0151l menek\u00fcl\u0151 palesztinokat; 1990-ben, majd 2003-ban Irakb\u00f3l \u00e9rkez\u0151ket; 2011 \u00f3ta pedig a polg\u00e1rh\u00e1bor\u00fa el\u0151l menek\u00fcl\u0151 sz\u00edreket. Ezek az egym\u00e1st k\u00f6vet\u0151 hull\u00e1mok n\u00e9h\u00e1ny \u00e9vtized alatt t\u00f6bb mint k\u00e9tszeres\u00e9re n\u00f6velt\u00e9k a v\u00e1rosi lakoss\u00e1got, az eredeti h\u00e9t dombot tizenkilencre n\u00f6velve, \u00e9s huszonk\u00e9t k\u00f6zigazgat\u00e1silag meghat\u00e1rozott ter\u00fcletet \u00f6lelve fel.<\/p>\n\n\n\n<p>Topogr\u00e1fiailag Amm\u00e1n hegygerincek \u00e9s m\u00e9lyed\u00e9sek ment\u00e9n ter\u00fcl el. A helyi helynevek \u0151rzik ezt a f\u00f6ldrajzi jellegzetess\u00e9get: a Jabal al-Luweibdeh \u00e9s a Jabal al-Ashrafieh dombokra utal; a Wadi Abdoun \u00e9s a Wadi Seer v\u00f6lgyeket jel\u00f6l. Kelet-Amman, a r\u00e9gebbi negyed, ad otthont a t\u00f6rt\u00e9nelmi \u00e9p\u00edtm\u00e9nyek nagy r\u00e9sz\u00e9nek \u2013 m\u00fazeumoknak, baz\u00e1roknak \u00e9s egykori lak\u00f3h\u00e1zaknak \u2013, amelyeket ma kultur\u00e1lis rendezv\u00e9nyek c\u00e9lj\u00e1ra alak\u00edtottak \u00e1t. Nyugat-Amman ezzel szemben \u00fczleti tornyoknak, luxushoteleknek \u00e9s multinacion\u00e1lis k\u00f6zpontoknak ad otthont.<\/p>\n\n\n\n<p>\u00c9ghajlatilag a v\u00e1ros k\u00e9t \u00e9ghajlaton fekszik. Nyugati \u00e9s \u00e9szaki r\u00e9sz\u00e9n forr\u00f3 ny\u00e1ri mediterr\u00e1n \u00e9ghajlat uralkodik, a telek el\u00e9g h\u0171v\u00f6sek ahhoz, hogy a magasabb tengerszint feletti magass\u00e1gokban ritka h\u00f3 essen. A keleti \u00e9s d\u00e9li lejt\u0151k f\u00e9lsz\u00e1raz z\u00f3n\u00e1ban fekszenek, ahol az \u00e9ves csapad\u00e9kmennyis\u00e9g 250 mm al\u00e1 cs\u00f6kkenhet. A tavasz hirtelen \u00e9rkezik, alig egy h\u00f3napig tart, miel\u0151tt a ny\u00e1r m\u00e9rs\u00e9kelt melege \u00e9s a d\u00e9lut\u00e1ni szell\u0151 \u00e9rv\u00e9nyes\u00fclni kezd. A csapad\u00e9k f\u0151k\u00e9nt november \u00e9s \u00e1prilis k\u00f6z\u00f6tt esik, \u00e1tlagosan \u00e9vi 385 mm a fenns\u00edkon. S\u0171r\u0171 k\u00f6d \u00e9vente mintegy 120 napon \u00e1t bebor\u00edthatja az utc\u00e1kat, m\u00edg a ker\u00fcletek k\u00f6z\u00f6tti h\u0151m\u00e9rs\u00e9kleti k\u00fcl\u00f6nbs\u00e9gek n\u00e9h\u00e1ny kilom\u00e9teren bel\u00fcl jellegzetes mikrokl\u00edm\u00e1t hoznak l\u00e9tre.<\/p>\n\n\n\n<p>K\u00f6zigazgat\u00e1silag Amman korm\u00e1nyz\u00f3s\u00e1g kilenc ker\u00fcletre \u00e9s t\u00f6bb alker\u00fcletre oszlik. Nagy-Amman \u00f6nkorm\u00e1nyzata kezeli a k\u00f6zszolg\u00e1ltat\u00e1sokat a huszonk\u00e9t ter\u00fcleten, az infrastrukt\u00fara karbantart\u00e1s\u00e1t\u00f3l az \u00f6vezeti szab\u00e1lyoz\u00e1sokig. Az \u00e9p\u00edt\u00e9si szab\u00e1lyzatok a lak\u00f3\u00e9p\u00fcletek sz\u00e1m\u00e1t n\u00e9gy emeletre korl\u00e1tozz\u00e1k a f\u00f6ld felett, \u00e9s ahol lehets\u00e9ges, n\u00e9gy emeletre a f\u00f6ld alatt, m\u00e9szk\u0151 vagy homokk\u0151 burkol\u00e1s\u00e1val. Minden szintet erk\u00e9lyek d\u00edsz\u00edtenek. A kereskedelmi tornyok \u00e9s sz\u00e1llod\u00e1k \u00fcveg- \u00e9s f\u00e9mhomlokzatokat haszn\u00e1lnak, b\u00e1r a k\u0151 tov\u00e1bbra is k\u00f6zponti eszt\u00e9tikai elem.<\/p>\n\n\n\n<p>A v\u00e1ros gazdas\u00e1gi alapjai nagym\u00e9rt\u00e9kben f\u00fcggenek a bankszektort\u00f3l. K\u00f6r\u00fclbel\u00fcl huszon\u00f6t bank m\u0171k\u00f6dik itt, tizen\u00f6t\u00f6t jegyeznek az ammani t\u0151zsd\u00e9n. Az ammani sz\u00e9khely\u0171 Arab Bank a K\u00f6zel-Kelet legnagyobb p\u00e9nz\u00fcgyi int\u00e9zm\u00e9nyei k\u00f6z\u00e9 tartozik, t\u00f6bb mint 600 fi\u00f3kkal vil\u00e1gszerte, \u00e9s piaci \u00e9rt\u00e9k szerint a helyi t\u0151zsde 28 sz\u00e1zal\u00e9k\u00e1t k\u00e9pviseli. Az arab tavasz idej\u00e9n tapasztalhat\u00f3 region\u00e1lis nyugtalans\u00e1g ellen\u00e9re az \u00e1gazat 2014-ben is n\u00f6veked\u00e9st mutatott.<\/p>\n\n\n\n<p>A p\u00e9nz\u00fcgyeken t\u00fal Amman region\u00e1lis k\u00f6zpontk\u00e9nt is szolg\u00e1l a multinacion\u00e1lis c\u00e9gek sz\u00e1m\u00e1ra. B\u00e9ta-glob\u00e1lis v\u00e1rosk\u00e9nt val\u00f3 besorol\u00e1sa a v\u00e1llalati irod\u00e1k, a szolg\u00e1ltat\u00f3ipar \u00e9s a felt\u00f6rekv\u0151 technol\u00f3giai v\u00e1llalkoz\u00e1sok koncentr\u00e1ci\u00f3j\u00e1t t\u00fckr\u00f6zi. A v\u00e1ros GDP-je az orsz\u00e1gos \u00e1tlagot meghalad\u00f3 \u00fctemben n\u00f6vekszik, amit az \u00e9p\u00edt\u0151ipar, a kiskereskedelem \u00e9s a szakmai szolg\u00e1ltat\u00e1sok hajtanak.<\/p>\n\n\n\n<p>A turizmus tov\u00e1bbi bev\u00e9teleket termel. 2018-ban k\u00f6r\u00fclbel\u00fcl egymilli\u00f3 l\u00e1togat\u00f3 \u00e9rkezett, amivel Amm\u00e1n a nyolcvankilencedik helyre ker\u00fclt a glob\u00e1lis v\u00e1ros-c\u00e9lpontok rangsor\u00e1ban, \u00e9s a tizenkettedik helyre az arab f\u0151v\u00e1rosok k\u00f6z\u00f6tt. A harminc kilom\u00e9terre d\u00e9lre fekv\u0151 Queen Alia Nemzetk\u00f6zi Rep\u00fcl\u0151t\u00e9r \u00e9vente t\u00f6bb mint tizenhatmilli\u00f3 utast szolg\u00e1lt ki a 2010-es \u00e9vek k\u00f6zep\u00e9n befejezett \u00e1tfog\u00f3 termin\u00e1lb\u0151v\u00edt\u00e9s ut\u00e1n. A belf\u00f6ldi Ammani Polg\u00e1ri Rep\u00fcl\u0151t\u00e9r region\u00e1lis j\u00e1ratokat \u00e9s katonai m\u0171veleteket fogad. A turisztikai \u00e9s k\u00f6zleked\u00e9si miniszterek \u00fat\u00e9p\u00edt\u00e9sekbe, gyors buszk\u00f6zleked\u00e9si rendszerbe \u00e9s egy nemzeti vas\u00fatvonal terveibe fektettek be a forgalom hat\u00e9konyabb eloszt\u00e1sa \u00e9rdek\u00e9ben.<\/p>\n\n\n\n<p>Az eg\u00e9szs\u00e9gturizmus egy m\u00e1sik pill\u00e9rt jelent. Jord\u00e1nia vonzza a legt\u00f6bb beteget a K\u00f6zel-Keleten, \u00e9s vil\u00e1gszerte az \u00f6t\u00f6dik helyen \u00e1ll. \u00c9vente mintegy 250 000 k\u00fclf\u00f6ldi beteg vesz ig\u00e9nybe kezel\u00e9st Ammanban, ami t\u00f6bb mint egymilli\u00e1rd doll\u00e1ros \u00e9ves bev\u00e9telt gener\u00e1l. A helyi k\u00f3rh\u00e1zak versenyk\u00e9pes \u00e1ron k\u00edn\u00e1lnak seb\u00e9szeti \u00e9s diagnosztikai szolg\u00e1ltat\u00e1sokat, eur\u00f3pai, Perzsa-\u00f6b\u00f6lbeli \u00e9s \u00e9szak-afrikai arabul besz\u00e9l\u0151 int\u00e9zm\u00e9nyekb\u0151l mer\u00edtve inform\u00e1ci\u00f3kat.<\/p>\n\n\n\n<p>A v\u00e1ros n\u00e9ps\u0171r\u0171s\u00e9ge nagyj\u00e1b\u00f3l 2380 f\u0151 n\u00e9gyzetkilom\u00e9terenk\u00e9nt, 1680 km\u00b2-en. Az 1890-ben mintegy 1000 lakos\u00fa Amman 1990-re el\u00e9rte az egymilli\u00f3 lakost, \u00e9s ma meghaladja a n\u00e9gymilli\u00f3t. Nagyj\u00e1b\u00f3l negyvenezer cserkesz tart fenn kultur\u00e1lis egyes\u00fcleteket, m\u00edg a palesztinok, irakiak, sz\u00edrek \u00e9s m\u00e1s diaszp\u00f3rak\u00f6z\u00f6ss\u00e9gek a lakosok nagy r\u00e9sz\u00e9t teszik ki. A jord\u00e1niai vagy palesztin sz\u00e1rmaz\u00e1s\u00fa arabok alkotj\u00e1k a t\u00f6bbs\u00e9get, b\u00e1r a pontos demogr\u00e1fiai statisztik\u00e1k sz\u0171k\u00f6sek.<\/p>\n\n\n\n<p>A vall\u00e1si \u00e9let k\u00f6z\u00e9ppontj\u00e1ban az iszl\u00e1m \u00e1ll, annak szunnita hagyom\u00e1nyai szerint. A nevezetes mecsetek k\u00f6z\u00e9 tartozik az 1989-ben elk\u00e9sz\u00fclt, 3000 h\u00edv\u0151 befogad\u00e1s\u00e1ra alkalmas, k\u00e9k kupol\u00e1s I. Abdullah kir\u00e1ly-mecset, valamint a Jabal Ashrafieh tetej\u00e9n \u00e1ll\u00f3, fekete-feh\u00e9r kazett\u00e1s Abu Darweesh-mecset. 2004-ben az Amman Message konferencia kollekt\u00edv elismer\u00e9st adott ki t\u00edz jogi \u00e9s spiritu\u00e1lis iskola sz\u00e1m\u00e1ra, a n\u00e9gy szunnita madhahibt\u00f3l a dzsa&#039;fari, ibadi \u00e9s k\u00fcl\u00f6nf\u00e9le sz\u00fafi rendeken \u00e1t. Egy kis dr\u00faz k\u00f6z\u00f6ss\u00e9g \u00e9s egy kisebb kereszt\u00e9ny k\u00f6z\u00f6ss\u00e9g, k\u00f6zt\u00fck \u00f6rm\u00e9ny katolikusok \u00e9s jord\u00e1niai-arab gy\u00fclekezetek, imahelyeket \u00e9s k\u00f6z\u00f6ss\u00e9gi k\u00f6zpontokat tartanak fenn a v\u00e1rosi ter\u00fcleten.<\/p>\n\n\n\n<p>Amman k\u00f6rny\u00e9ki r\u00e9g\u00e9szeti lel\u0151helyek a v\u00e1ros sokr\u00e9t\u0171 m\u00faltj\u00e1r\u00f3l tan\u00faskodnak. Az Umm ar-Rasas, egy rom, amely a v\u00e1rosk\u00f6zpontt\u00f3l h\u00e1rom kilom\u00e9terre d\u00e9lre fekszik, tizenhat biz\u00e1nci \u00e9s korai iszl\u00e1m templomot \u0151riz, mozaikpadl\u00f3ik nagyr\u00e9szt \u00e9rintetlenek. Az Amman belv\u00e1ros\u00e1ban tal\u00e1lhat\u00f3 R\u00f3mai Sz\u00ednh\u00e1z, amelyet a Jabal al-Jufeh lejt\u0151ibe v\u00e1jtak, mintegy 6000 f\u00e9r\u0151helyes, \u00e9s ma is koncertek \u00e9s k\u00f6z\u00f6ss\u00e9gi \u00f6sszej\u00f6vetelek helysz\u00edne. Jabal Ammanban az egykori keresked\u0151h\u00e1zak gal\u00e9ri\u00e1knak \u00e9s kultur\u00e1lis k\u00e1v\u00e9z\u00f3knak adnak otthont a Rainbow Street ment\u00e9n, a ny\u00e1ri Souk Jara piac k\u00f6zel\u00e9ben.<\/p>\n\n\n\n<p>A m\u00fazeumok a nemzeti \u00f6r\u00f6ks\u00e9get mutatj\u00e1k be. A Jord\u00e1n M\u00fazeum a Holt-tengeri tekercsek t\u00f6red\u00e9keit\u0151l kezdve az Ain Ghazal szobrocsk\u00e1kon \u00e1t a Mesa szt\u00e9l\u00e9 m\u00e1solat\u00e1ig sz\u00e1mos m\u0171t\u00e1rgyat gy\u0171jt. A hercegi Diwan az 1920-as \u00e9vekbeli \u00e9p\u00edt\u00e9szetet mutatja be, amelyeket t\u00e1rsas\u00e1gi esem\u00e9nyekre alak\u00edtottak \u00e1t. A Jord\u00e1n Nemzeti K\u00e9pz\u0151m\u0171v\u00e9szeti Gal\u00e9ria region\u00e1lis alkot\u00e1sokat \u00e9s v\u00e1ndorki\u00e1ll\u00edt\u00e1sokat mutat be. Tov\u00e1bbi int\u00e9zm\u00e9nyek k\u00f6z\u00e9 tartozik a Gyermekm\u00fazeum, a M\u00e1rt\u00edrok Eml\u00e9km\u0171ve, a Kir\u00e1lyi Aut\u00f3m\u00fazeum, valamint az egyetemhez kapcsol\u00f3d\u00f3 r\u00e9g\u00e9szeti \u00e9s folkl\u00f3rk\u00f6zpontok.<\/p>\n\n\n\n<p>A v\u00e1ros n\u00f6veked\u00e9s\u00e9vel p\u00e1rhuzamosan a kiskereskedelem \u00e9s a szabadid\u0151s negyedek is megsokszoroz\u00f3dtak. Nyugat-Amman jelent\u0151s bev\u00e1s\u00e1rl\u00f3k\u00f6zpontoknak ad otthont \u2013 t\u00f6bbek k\u00f6z\u00f6tt a Mecca Mallnak, a City Mallnak \u00e9s a Taj Mallnak \u2013, m\u00edg a gyalogos Wakalat utca m\u00e1rk\u00e1s ruh\u00e1zati \u00fczletekre specializ\u00e1l\u00f3dott. A Sweifieh nappal a f\u0151 bev\u00e1s\u00e1rl\u00f3negyed, \u00e9jszaka pedig nem hivatalos \u00e9jszakai negyed, b\u00e1rjai, klubjai \u00e9s t\u00e1rsalg\u00f3i a fiatalabb koroszt\u00e1lyt c\u00e9lozz\u00e1k meg. Az olyan kultur\u00e1lis fesztiv\u00e1lok, mint az Ammani Ny\u00e1ri Fesztiv\u00e1l, az Al-Balad Zenei Fesztiv\u00e1l \u00e9s a New Think Fesztiv\u00e1l, a Ras al-Ain Hangert\u0151l a Kir\u00e1lyi Kultur\u00e1lis K\u00f6zpontig sz\u00e1mos helysz\u00ednt k\u00edn\u00e1lnak. A taktikai urbanizmus \u2013 pop-up parkok, szabadt\u00e9ri m\u0171v\u00e9szeti install\u00e1ci\u00f3k \u00e9s ideiglenes el\u0151ad\u00f3terek \u2013 a k\u00f6z\u00e9let figyelemre m\u00e9lt\u00f3 jellemz\u0151j\u00e9v\u00e9 v\u00e1lt.<\/p>\n\n\n\n<p>A v\u00e1rosi k\u00f6zleked\u00e9s \u00f6tv\u00f6zi a szem\u00e9lyg\u00e9pkocsikat, a taxikat, a buszokat \u00e9s egy sz\u00fclet\u0151ben l\u00e9v\u0151 gyorsvas\u00fati h\u00e1l\u00f3zatot. Nyolc koncentrikus k\u00f6r, amelyek egykor a v\u00e1rosr\u00e9szek hat\u00e1rait jel\u00f6lt\u00e9k, ma navig\u00e1ci\u00f3s pontokk\u00e9nt szolg\u00e1lnak. Az Abdoun h\u00edd \u2013 egy \u00edvelt f\u00fcgg\u0151szerkezet \u2013 \u00f6sszek\u00f6ti a Negyedik K\u00f6rutat Abdounnal, j\u00f3l illusztr\u00e1lva mind a m\u00e9rn\u00f6ki amb\u00edci\u00f3kat, mind a meredek v\u00f6lgyek \u00e1thidal\u00e1s\u00e1nak kih\u00edv\u00e1sait. A 2015-ben elk\u00e9sz\u00fclt k\u00f6rgy\u0171r\u0171 c\u00e9lja az \u00e1tmen\u0151 forgalom elterel\u00e9se \u00e9s a torl\u00f3d\u00e1sok cs\u00f6kkent\u00e9se a k\u00f6zponti ker\u00fcletekben.<\/p>\n\n\n\n<p>A t\u00f6megk\u00f6zleked\u00e9s az Amman Busra \u00e9s a szakaszosan felavatott Bus Rapid Transit rendszerre t\u00e1maszkodik. Az els\u0151, 2021 \u00f3ta m\u0171k\u00f6d\u0151 BRT-j\u00e1rat az \u00e9szaknyugati Sweileh-t k\u00f6ti \u00f6ssze a belv\u00e1roshoz k\u00f6zeli Ras al-Ain ter\u00fclettel; a m\u00e1sodik, amely 2022-ben ny\u00edlik meg, a kelet-amm\u00e1ni Mahatta termin\u00e1lig terjed. 2024 m\u00e1jus\u00e1ban egy harmadik vonal is megkezdte a szolg\u00e1ltat\u00e1st Amman \u00e9s Zarqa k\u00f6z\u00f6tt. Az utasok \u00fajrat\u00f6lthet\u0151 k\u00e1rty\u00e1val vagy mobilalkalmaz\u00e1ssal fizetnek, \u00e9s besz\u00e1ll\u00e1skor szkennelik a k\u00e9sz\u00fcl\u00e9ket. A j\u00e1rm\u0171vek l\u00e9gkondicion\u00e1ltak, akad\u00e1lymentes\u00edtettek, kamer\u00e1kkal \u00e9s Wi-Fi-vel felszereltek.<\/p>\n\n\n\n<p>A l\u00e1togat\u00f3k sz\u00e1m\u00e1ra Amman gyakorlati el\u0151ny\u00f6ket k\u00edn\u00e1l: angol nyelv\u0171 t\u00e1bl\u00e1k jelennek meg a f\u0151bb m\u0171eml\u00e9keken, \u00e9s a turisztikai rend\u0151r\u0151rs\u00f6k k\u00e9szen \u00e1llnak a seg\u00edts\u00e9gny\u00fajt\u00e1sra. A helyi vend\u00e9gl\u00e1t\u00e1s a k\u00f6lts\u00e9gvet\u00e9sbar\u00e1t panzi\u00f3kt\u00f3l az \u00f6tcsillagos sz\u00e1llod\u00e1kig terjed. Az \u00e9tkez\u00e9si lehet\u0151s\u00e9gek a falafelt \u00e9s shawarm\u00e1t k\u00edn\u00e1l\u00f3 utcai standokt\u00f3l a francia st\u00edlus\u00fa bisztr\u00f3kig \u00e9s az \u00fajonnan be\u00e9p\u00edtett ker\u00fcletek olasz trattori\u00e1iig terjednek. A k\u00fclf\u00f6ldi enkl\u00e1v\u00e9k \u00e9s a di\u00e1kk\u00f6z\u00f6ss\u00e9gek er\u0151s\u00edtik a kozmopolita hangulatot.<\/p>\n\n\n\n<p>A ramad\u00e1n szent h\u00f3napj\u00e1ban a nappali \u00e9tkez\u00e9s sz\u00fcnetel a nyilv\u00e1nos helyeken; a bev\u00e1s\u00e1rl\u00f3k\u00f6zpontok betartj\u00e1k a b\u00f6jti szab\u00e1lyokat, napkelt\u00e9t\u0151l napnyugt\u00e1ig sz\u00fcneteltetve az \u00e9rt\u00e9kes\u00edt\u00e9st. Azoknak az utaz\u00f3knak, akik ebben az id\u0151szakban terveznek l\u00e1togat\u00e1st, el\u0151re be kell szerezni\u00fck az \u00e9lelmiszereket, vagy alkonyat ut\u00e1n a sz\u00e1llodai szolg\u00e1ltat\u00e1sokra kell t\u00e1maszkodniuk.<\/p>\n\n\n\n<p>Amman p\u00e1lyafut\u00e1sa \u00f6tv\u00f6zi a meg\u0151rz\u00e9st \u00e9s a n\u00f6veked\u00e9st. Az \u00fcvegtornyokt\u00f3l r\u00f6vid s\u00e9t\u00e1ra \u0151si k\u00f6vek hevernek; a luxus kiskereskedelmi komplexumok mellett a tizenkilencedik sz\u00e1zad v\u00e9g\u00e9r\u0151l sz\u00e1rmaz\u00f3 szer\u00e9ny h\u00e1zak \u00e1llnak. A v\u00e1ros folyamatosan befogadja az \u00fajonnan \u00e9rkez\u0151ket \u00e9s az \u00f6tleteket, olyan \u00e9p\u00edtett k\u00f6rnyezetet alak\u00edtva ki, amely egyens\u00falyba hozza a szab\u00e1lyoz\u00e1st a v\u00e1llalkoz\u00f3i kreativit\u00e1ssal. Felemelked\u00e9se egy margin\u00e1lis oszm\u00e1n falub\u00f3l Jord\u00e1nia prim\u00e1tus v\u00e1ros\u00e1v\u00e1 t\u00fckr\u00f6zi mind a region\u00e1lis t\u00f6rt\u00e9nelem felfordul\u00e1sait, mind a k\u00f6z\u00f6ss\u00e9g alkalmazkod\u00f3k\u00e9pess\u00e9g\u00e9t. K\u00f6rny\u00e9keiben \u00e9s dombjain a m\u00faltbeli korszakok t\u00f6red\u00e9kei p\u00e1rbesz\u00e9dben \u00e1llnak a kort\u00e1rs \u00e9lettel, minden ker\u00fclet a saj\u00e1t napi ritmus\u00e1t, \u00e9p\u00edt\u00e9szeti text\u00far\u00e1it \u00e9s t\u00e1rsadalmi h\u00e1l\u00f3zatait k\u00edn\u00e1lja. A folytonoss\u00e1g \u00e9s a v\u00e1ltoz\u00e1s k\u00f6lcs\u00f6nhat\u00e1sa hat\u00e1rozza meg Amman mai jelleg\u00e9t.<\/p>","protected":false},"excerpt":{"rendered":"<p>Amman, Jord\u00e1nia f\u0151v\u00e1rosa \u00e9s legnagyobb v\u00e1rosa az emberi civiliz\u00e1ci\u00f3 bonyolult t\u00f6rt\u00e9net\u00e9t p\u00e9ld\u00e1zza, 2021-ben n\u00e9gymilli\u00f3 lakossal. A Levant r\u00e9gi\u00f3ban tal\u00e1lhat\u00f3 Amman az arab vil\u00e1g \u00f6t\u00f6dik legnagyobb v\u00e1rosa \u00e9s a K\u00f6zel-Kelet tizedik legnagyobb nagyv\u00e1rosa. Ez a ny\u00fczsg\u0151 metropolisz Jord\u00e1nia f\u0151 v\u00e1rosa, amely mag\u00e1ban foglalja a nemzet gazdas\u00e1gi, politikai \u00e9s kultur\u00e1lis magj\u00e1t.<\/p>","protected":false},"author":1,"featured_media":2972,"parent":14908,"menu_order":0,"comment_status":"closed","ping_status":"closed","template":"elementor_theme","meta":{"_eb_attr":"","footnotes":""},"class_list":["post-14917","page","type-page","status-publish","has-post-thumbnail"],"_links":{"self":[{"href":"https:\/\/travelshelper.com\/hu\/wp-json\/wp\/v2\/pages\/14917","targetHints":{"allow":["GET"]}}],"collection":[{"href":"https:\/\/travelshelper.com\/hu\/wp-json\/wp\/v2\/pages"}],"about":[{"href":"https:\/\/travelshelper.com\/hu\/wp-json\/wp\/v2\/types\/page"}],"author":[{"embeddable":true,"href":"https:\/\/travelshelper.com\/hu\/wp-json\/wp\/v2\/users\/1"}],"replies":[{"embeddable":true,"href":"https:\/\/travelshelper.com\/hu\/wp-json\/wp\/v2\/comments?post=14917"}],"version-history":[{"count":0,"href":"https:\/\/travelshelper.com\/hu\/wp-json\/wp\/v2\/pages\/14917\/revisions"}],"up":[{"embeddable":true,"href":"https:\/\/travelshelper.com\/hu\/wp-json\/wp\/v2\/pages\/14908"}],"wp:featuredmedia":[{"embeddable":true,"href":"https:\/\/travelshelper.com\/hu\/wp-json\/wp\/v2\/media\/2972"}],"wp:attachment":[{"href":"https:\/\/travelshelper.com\/hu\/wp-json\/wp\/v2\/media?parent=14917"}],"curies":[{"name":"wp","href":"https:\/\/api.w.org\/{rel}","templated":true}]}}