{"id":14908,"date":"2024-09-20T12:10:22","date_gmt":"2024-09-20T12:10:22","guid":{"rendered":"https:\/\/travelshelper.com\/staging\/?page_id=14908"},"modified":"2026-03-11T18:21:00","modified_gmt":"2026-03-11T18:21:00","slug":"jordania","status":"publish","type":"page","link":"https:\/\/travelshelper.com\/hu\/destinations\/asia\/jordan\/","title":{"rendered":"Jord\u00e1nia"},"content":{"rendered":"<p>Jord\u00e1nia egy keskeny f\u00f6ldter\u00fcletet foglal el a Levant\u00e9 d\u00e9lkeleti sz\u00e9l\u00e9n, ahol \u00c1zsia, Afrika \u00e9s Eur\u00f3pa hat\u00e1rvonalai tal\u00e1lkoznak. Az Umm Qais k\u00f6zel\u00e9ben l\u00e9v\u0151 leg\u00e9szakibb gerincekt\u0151l Akaba partjaiig a V\u00f6r\u00f6s-tengeren a kir\u00e1lys\u00e1g nagyj\u00e1b\u00f3l 400 kilom\u00e9tert h\u00faz. \u00c9szakon Sz\u00edri\u00e1val, \u00e9szakkeleten Irakkal, keleten \u00e9s d\u00e9len Sza\u00fad-Ar\u00e1bi\u00e1val, nyugaton pedig Izraellel \u00e9s Ciszjord\u00e1ni\u00e1val hat\u00e1ros. Nyugati sz\u00e9l\u00e9n a Jord\u00e1n foly\u00f3 a Hasad\u00e9kv\u00f6lgy\u00f6n kereszt\u00fcl a Holt-tengerbe ereszkedik, amelynek felsz\u00edne t\u00f6bb mint 420 m\u00e9terrel a tengerszint alatt fekszik \u2013 ez a F\u00f6ld legalacsonyabb pontja. Az Akabai-\u00f6b\u00f6lben h\u00faz\u00f3d\u00f3 r\u00f6vid partszakasz k\u00f6ti \u00f6ssze Jord\u00e1ni\u00e1t a V\u00f6r\u00f6s-tengerrel, m\u00edg az \u00e9szaknyugati r\u00e9sz k\u00f6z\u00e9ppontj\u00e1hoz k\u00f6zeli dombok k\u00f6z\u00f6tt megb\u00fav\u00f3 Amm\u00e1n f\u0151v\u00e1rosk\u00e9nt \u00e9s f\u0151 v\u00e1rosi k\u00f6zpontk\u00e9nt is szolg\u00e1l.<\/p>\n\n\n\n<p>Az emberi jelenl\u00e9t a mai Jord\u00e1nia ter\u00fclet\u00e9n a paleolitikumig ny\u00falik vissza. Az i. e. els\u0151 \u00e9vezredben h\u00e1rom kir\u00e1lys\u00e1g alakult ki a Jord\u00e1n foly\u00f3t\u00f3l keletre: Ammon a mai Amm\u00e1n k\u00f6rny\u00e9k\u00e9n, Mo\u00e1b a Holt-tengert\u0151l d\u00e9lre fekv\u0151 dombokon, \u00e9s Edom d\u00e9lebbre. Az i. e. harmadik sz\u00e1zadban a nabateusokk\u00e9nt ismert arab telepesek Petr\u00e1ban alap\u00edtott\u00e1k sz\u00e9khely\u00fcket, v\u00f6r\u00f6s homokk\u0151be v\u00e9sve d\u00edszes homlokzatokat. A hellenisztikus, majd a r\u00f3mai uralom alatt v\u00e1rosok sora alkotta a Dekapoliszt \u2013 egy sz\u00f6vets\u00e9get, amelynek maradv\u00e1nyai k\u00f6z\u00e9 tartoznak a jerasi sz\u00ednh\u00e1zak \u00e9s a gadarai oszlopok. A biz\u00e1nci uralom a hetedik sz\u00e1zadig tartott, amikor fegyveres t\u00e1mad\u00e1sok sorozatos iszl\u00e1m kalif\u00e1tusok al\u00e1 hajtott\u00e1k a r\u00e9gi\u00f3t: el\u0151sz\u00f6r a Rashidun, majd az Omajj\u00e1d \u00e9s az Abb\u00e1szida dinaszti\u00e1k. Az oszm\u00e1n uralom a tizenhatodik sz\u00e1zad elej\u00e9n kezd\u0151d\u00f6tt, \u00e9s az els\u0151 vil\u00e1gh\u00e1bor\u00faig tartott, amikor a mekkai Sarif Huszein vezette arab felkel\u00e9s megt\u00f6rte az oszm\u00e1n hatalmat. 1921-ben a brit korm\u00e1nyz\u00f3k a N\u00e9psz\u00f6vets\u00e9g mand\u00e1tuma alapj\u00e1n I. Abdullah-ot nevezt\u00e9k ki Transzjord\u00e1nia em\u00edrj\u00e9v\u00e9. Transzjord\u00e1nia 1946-ban elnyerte a teljes f\u00fcggetlens\u00e9get, \u00e9s hamarosan felvette a Jord\u00e1n Hasimita Kir\u00e1lys\u00e1g c\u00edmet. Az 1948-as palesztinai brit mand\u00e1tum lej\u00e1rta ut\u00e1ni konfliktusban Jord\u00e1nia megsz\u00e1llta, majd annekt\u00e1lta Ciszjord\u00e1ni\u00e1t, amely ig\u00e9ny\u00e9r\u0151l 1988-ban lemondott. Ezt k\u00f6vet\u0151en 1994-ben hivatalos b\u00e9keszerz\u0151d\u00e9st k\u00f6t\u00f6tt Izraellel.<\/p>\n\n\n\n<p>Jord\u00e1nia fizikai form\u00e1ja egy term\u00e9keny \u00e9szaknyugati ter\u00fcletet \u00e1ll\u00edt szembe egy sz\u00e1raz bels\u0151 fenns\u00edkkal \u00e9s keleten sivatagokkal. A hull\u00e1mz\u00f3 dombok \u00e9s \u00f6r\u00f6kz\u00f6ld erd\u0151k meredeken lejt\u0151sek a hasad\u00e9kv\u00f6lgybe, ahol a Jord\u00e1n \u00e9s a Jarmuk foly\u00f3k erednek \u00e9s a Holt-tenger fel\u00e9 folynak. A v\u00f6lgy\u00f6n t\u00fal egy kiterjedt k\u00f6ves fenns\u00edk tal\u00e1lhat\u00f3, ahol Azraq \u00e9s Ruwaished o\u00e1zisok tal\u00e1lhat\u00f3k. Az \u00e9ghajlat ezt a sk\u00e1l\u00e1t t\u00fckr\u00f6zi: a part menti \u00e9s hegyvid\u00e9ki \u00f6vezetekben t\u00e9len csapad\u00e9k \u00e9s enyhe ny\u00e1r tapasztalhat\u00f3; a sz\u00e1razf\u00f6ldi ter\u00fcleteken perzsel\u0151 h\u0151s\u00e9g tapasztalhat\u00f3, amelyet alacsony p\u00e1ratartalom \u00e9s \u00e9jszakai szell\u0151 m\u00e9rs\u00e9kel, a t\u00e9li h\u0151m\u00e9rs\u00e9klet pedig annyira lecs\u00f6kken, hogy a magasabb terepen id\u0151nk\u00e9nt havaz\u00e1s is el\u0151fordulhat. Az \u00e1tlagos ny\u00e1ri maximumh\u0151m\u00e9rs\u00e9klet 32 \u200b\u200b\u00b0C k\u00f6r\u00fcl mozog, r\u00f6vid id\u0151re 40 \u00b0C f\u00f6l\u00e9 emelkedik; a t\u00e9li \u00e1tlagh\u0151m\u00e9rs\u00e9klet 11 \u00b0C k\u00f6r\u00fclire cs\u00f6kken, id\u0151szakos z\u00e1porokkal k\u00eds\u00e9rve.<\/p>\n\n\n\n<p>B\u00e1r Jord\u00e1nia ter\u00fclete 89 341 n\u00e9gyzetkilom\u00e9ter, kevesebb mint k\u00e9t sz\u00e1zal\u00e9k\u00e1t bor\u00edtja erd\u0151 \u2013 k\u00f6r\u00fclbel\u00fcl 1500 n\u00e9gyzetkilom\u00e9tert \u2013, \u00edgy a vil\u00e1g egyik legkev\u00e9sb\u00e9 erd\u0151s\u00fclt orsz\u00e1ga. V\u00e1ltozatos domborzata m\u00e9gis t\u00f6bb mint 2000 n\u00f6v\u00e9nyfajnak ad otthont. \u00c9szaknyugaton feny\u0151-, t\u00f6lgy-, piszt\u00e1cia- \u00e9s vadolajfa \u00f6veket alkot; ezen t\u00fal cserj\u00e9k \u00e9s sztyeppei n\u00f6v\u00e9nyzet tal\u00e1lhat\u00f3. A jelk\u00e9pes n\u00f6v\u00e9nyvil\u00e1g k\u00f6z\u00e9 tartozik az aleppoi feny\u0151, a fekete \u00edrisz \u00e9s a f\u00f6n\u00edciai bor\u00f3ka. Az ar\u00e1biai farkast\u00f3l a n\u00fabiai k\u0151sz\u00e1li kecskeig az eml\u0151s\u00f6k olyan rezerv\u00e1tumokban \u00e9lnek, mint a Shaumari \u00e9s a Dana \u2013 ezek a ter\u00fcletek 1966 \u00f3ta a Kir\u00e1lyi Term\u00e9szetv\u00e9delmi T\u00e1rsas\u00e1g fel\u00fcgyelete alatt \u00e1llnak. A mad\u00e1rvil\u00e1g a b\u00fabos bank\u00e1t\u00f3l a b\u00e9kakesely\u0171ig terjed. Jord\u00e1nia hat\u00e1rain bel\u00fcl n\u00e9gy sz\u00e1razf\u00f6ldi \u00f6kor\u00e9gi\u00f3 tal\u00e1lkozik, a sz\u00e1razs\u00e1gt\u0171r\u0151 gyepekt\u0151l a t\u0171level\u0171, szklerofil erd\u0151kig.<\/p>\n\n\n\n<p>K\u00f6zigazgat\u00e1silag a kir\u00e1lys\u00e1g tizenk\u00e9t korm\u00e1nyz\u00f3s\u00e1gra oszlik, amelyek nagyj\u00e1b\u00f3l \u00e9szaki, k\u00f6z\u00e9ps\u0151 \u00e9s d\u00e9li r\u00e9gi\u00f3kra csoportosulnak. Minden korm\u00e1nyz\u00f3s\u00e1g egy f\u0151v\u00e1rosb\u00f3l ir\u00e1ny\u00edtja a k\u00f6rzeteket \u00e9s alk\u00f6rzeteket. A v\u00e1rosi k\u00f6zpontok \u00e9szaknyugaton koncentr\u00e1l\u00f3dnak: Ammanon k\u00edv\u00fcl olyan v\u00e1rosok emelkednek, mint Irbid, Zarka, Jerash, As-Salt \u00e9s Madaba, ahol a csapad\u00e9kmennyis\u00e9g \u00e9s a talaj lehet\u0151v\u00e9 teszi a m\u0171vel\u00e9st. Akaba d\u00e9len kik\u00f6t\u0151k\u00e9nt \u00e9s \u00fcd\u00fcl\u0151helyk\u00e9nt is fontos szerepet j\u00e1tszik.<\/p>\n\n\n\n<p>Demogr\u00e1fiailag Jord\u00e1nia mintegy 11,5 milli\u00f3 lakossal rendelkezik, amivel a tizenegyedik legn\u00e9pesebb arab \u00e1llam. A lakoss\u00e1g k\u00f6r\u00fclbel\u00fcl 95 sz\u00e1zal\u00e9ka a szunnita iszl\u00e1m h\u00edve; a kereszt\u00e9ny k\u00f6z\u00f6ss\u00e9gek, amelyek a vil\u00e1g legr\u00e9gebbi k\u00f6z\u00f6ss\u00e9gei k\u00f6z\u00e9 tartoznak, nagyj\u00e1b\u00f3l n\u00e9gy sz\u00e1zal\u00e9kot k\u00e9pviselnek. Jelent\u0151s r\u00e9szt tesznek ki az arab palesztinok \u2013 sokan k\u00f6z\u00fcl\u00fck \u00e1llampolg\u00e1rs\u00e1ggal is rendelkeznek \u2013, m\u00edg kisebb csoportokba tartoznak a cserkeszek, \u00f6rm\u00e9nyek, csecsenek, dr\u00fazok, bah\u00e1\u02bc\u00edk \u00e9s mandaeusok. Az arab a hivatalos nyelv, az iskol\u00e1kban a modern standard arabot tan\u00edtj\u00e1k, a jord\u00e1niai arabot pedig k\u00f6znyelven haszn\u00e1lj\u00e1k. Az angol a kereskedelem \u00e9s a fels\u0151oktat\u00e1s nyelve; m\u00e1s nyelvek k\u00f6z\u00e9 tartozik a csecsen, az \u00f6rm\u00e9ny, a tagalog \u00e9s egyre ink\u00e1bb a n\u00e9met. 1948 \u00f3ta Jord\u00e1nia menek\u00fclthull\u00e1mokban fogad be: palesztin menek\u00fclteket, 2003 ut\u00e1n irakiakat, \u00e9s \u00fajabban mintegy 1,4 milli\u00f3 sz\u00edriait, ami megterheli az er\u0151forr\u00e1sokat, m\u00e9gis t\u00fckr\u00f6zi a r\u00e9g\u00f3ta fenn\u00e1ll\u00f3 mened\u00e9kpolitik\u00e1t.<\/p>\n\n\n\n<p>Jord\u00e1nia gazdas\u00e1ga az als\u00f3 k\u00f6z\u00e9poszt\u00e1lyba tartozik, az emberi fejletts\u00e9gi indexe k\u00f6zel a 100. helyre sorolja. GDP-je, amely 2016-ban k\u00f6r\u00fclbel\u00fcl 39 milli\u00e1rd USD volt, a kereskedelem \u00e9s a p\u00e9nz\u00fcgy, a k\u00f6zleked\u00e9s, a k\u00f6zm\u0171vek \u00e9s az \u00e9p\u00edt\u0151ipar, a feldolgoz\u00f3ipar \u00e9s a b\u00e1ny\u00e1szat k\u00f6z\u00f6tt oszlik meg. A mez\u0151gazdas\u00e1got tov\u00e1bbra is korl\u00e1tozza a f\u00f6ldter\u00fclet \u00e9s a v\u00edz, ut\u00f3bbi sz\u0171k\u00f6s, \u00e9vente k\u00f6r\u00fclbel\u00fcl 97 k\u00f6bm\u00e9ter\/f\u0151 \u2013 ez az \u201eabszol\u00fat sz\u0171k\u00f6ss\u00e9g\u201d k\u00fcsz\u00f6b\u00e9rt\u00e9ke alatt van. A v\u00edz a Jord\u00e1n \u00e9s a Jarmuk foly\u00f3kb\u00f3l, a Disi v\u00edztart\u00f3 r\u00e9tegb\u0151l \u00e9s t\u00edz g\u00e1tb\u00f3l sz\u00e1rmazik, m\u00edg az \u0151si Jawa-g\u00e1t, amely az i. e. negyedik \u00e9vezredb\u0151l sz\u00e1rmazik, a korai v\u00edz\u00e9p\u00edt\u00e9sr\u0151l tan\u00faskodik.<\/p>\n\n\n\n<p>Az energiaforr\u00e1sok k\u00f6z\u00e9 tartozik a Risha mez\u0151b\u0151l sz\u00e1rmaz\u00f3 szer\u00e9ny mennyis\u00e9g\u0171 hazai g\u00e1z, valamint a jelent\u0151s mennyis\u00e9g\u0171 olaj- \u00e9s cseppfoly\u00f3s\u00edtott f\u00f6ldg\u00e1zimport. A 2010-es \u00e9vekben a nap- \u00e9s sz\u00e9ler\u0151m\u0171vek \u2013 Iqtila Tafila, Shams Ma&#039;an \u00e9s Quweira er\u0151m\u0171vei \u2013 t\u00f6bb mint egy gigawatt kapacit\u00e1ssal b\u0151v\u00fcltek, \u00edgy a meg\u00fajul\u00f3 energiaforr\u00e1sok r\u00e9szesed\u00e9se a villamos energi\u00e1ban 3%-r\u00f3l 8%-ra emelkedett 2019-re. Jord\u00e1nia a vil\u00e1g \u00f6t\u00f6dik legnagyobb olajpala-k\u00e9szlet\u00e9vel is rendelkezik, \u00e9s egy f\u00e9lretett reaktorterv alapj\u00e1n kis modul\u00e1ris reaktorokat kutat. A d\u00e9li foszf\u00e1tb\u00e1ny\u00e1szat Jord\u00e1ni\u00e1t a vil\u00e1g vezet\u0151 \u00e1sv\u00e1nykitermel\u0151i k\u00f6z\u00e9 sorolja.<\/p>\n\n\n\n<p>A kereskedelmi meg\u00e1llapod\u00e1sok sz\u00e9les\u00edtik a piacokat: Jord\u00e1nia 2000-ben csatlakozott a Kereskedelmi Vil\u00e1gszervezethez, \u00e9s al\u00e1\u00edrta az els\u0151 szabadkereskedelmi meg\u00e1llapod\u00e1st egy arab \u00e1llam \u00e9s az Egyes\u00fclt \u00c1llamok k\u00f6z\u00f6tt. Emellett kiemelt st\u00e1tuszt \u00e9lvez az Eur\u00f3pai Uni\u00f3ban. Ezen kapcsolatok ellen\u00e9re a n\u00f6veked\u00e9s megingott. A 2008-as p\u00e9nz\u00fcgyi v\u00e1ls\u00e1g \u00e9s az arab tavasz visszafogta a turizmust \u00e9s a beruh\u00e1z\u00e1sokat; az Egyiptom\u2013Jord\u00e1nia vezet\u00e9kek elleni ism\u00e9telt t\u00e1mad\u00e1sok felfel\u00e9 hajtott\u00e1k az \u00e1ram\u00e1rakat. A menek\u00fcltek be\u00e1raml\u00e1sa meghaladja az \u00e9ves 2,5 milli\u00e1rd USD-t, amit r\u00e9szben ellens\u00falyoznak a k\u00fclf\u00f6ldi seg\u00e9lyek. A korm\u00e1nyzati er\u0151fesz\u00edt\u00e9sek, bele\u00e9rtve a 2016-ban megkezdett megszor\u00edt\u00f3 int\u00e9zked\u00e9seket, c\u00e9lja, hogy a GDP t\u00f6bb mint 90 sz\u00e1zal\u00e9k\u00e1t kitev\u0151 ad\u00f3ss\u00e1got 77 sz\u00e1zal\u00e9kos c\u00e9l fel\u00e9 cs\u00f6kkents\u00e9k.<\/p>\n\n\n\n<p>Jord\u00e1nia infrastrukt\u00fara-fejleszt\u00e9sei t\u00e1mogatj\u00e1k tranzitk\u00f6zpontk\u00e9nt bet\u00f6lt\u00f6tt szerep\u00e9t. A f\u0151utak k\u00f6zel 6000 kilom\u00e9ter hossz\u00faak, a mell\u00e9kutak pedig tov\u00e1bbi \u00f6sszek\u00f6ttet\u00e9st biztos\u00edtanak. A t\u00f6rt\u00e9nelmi Hejaz vas\u00fatvonal \u00fajj\u00e1\u00e9led\u00e9se v\u00e1rhat\u00f3 az utasok sz\u00e1m\u00e1ra. H\u00e1rom nemzetk\u00f6zi rep\u00fcl\u0151t\u00e9r \u2013 az Amman k\u00f6zel\u00e9ben tal\u00e1lhat\u00f3 Queen Alia \u00e9s az Amman Civil, valamint az Akab\u00e1ban tal\u00e1lhat\u00f3 King Hussein International \u2013 szolg\u00e1lja ki a l\u00e1togat\u00f3kat. A 2013-ban megny\u00edlt Queen Alia termin\u00e1ljai \u00e9vente t\u00f6bb mint 16 milli\u00f3 utast kezelnek. Az akabai kik\u00f6t\u0151, Jord\u00e1nia egyetlen tengeri kik\u00f6t\u0151je, a r\u00e9gi\u00f3 legjobb kont\u00e9nertermin\u00e1ljak\u00e9nt \u00e9rdemelte ki az elismer\u00e9st a kontinensek k\u00f6z\u00f6tti strat\u00e9giai elhelyezked\u00e9se miatt.<\/p>\n\n\n\n<p>A turizmus jelent\u0151s m\u00e9rt\u00e9kben hozz\u00e1j\u00e1rul a t\u00e9rs\u00e9ghez, t\u00f6bb mint 100 000 r\u00e9g\u00e9szeti \u00e9s term\u00e9szeti lel\u0151hely\u00e9nek k\u00f6sz\u00f6nhet\u0151en. Petra szikl\u00e1ba v\u00e1jt homlokzatai vonzz\u00e1k a vil\u00e1g minden t\u00e1j\u00e1r\u00f3l \u00e9rkez\u0151 l\u00e1togat\u00f3kat; Jerash oszlopos sug\u00e1r\u00fatjai a r\u00f3mai v\u00e1rosrendez\u00e9s nyomait mutatj\u00e1k be. A kereszt\u00e9ny nevezetess\u00e9gek \u2013 az Al-Maghtas-i keresztel\u0151medenc\u00e9k, M\u00f3zes temet\u00e9se a N\u00e9b\u00f3-hegyen, a biz\u00e1nci mozaikok Madab\u00e1ban \u2013 kieg\u00e9sz\u00edtik a Pr\u00f3f\u00e9ta t\u00e1rsainak iszl\u00e1m szent\u00e9lyeit. A keresztes korabeli v\u00e1rak Ajl\u00fanban \u00e9s a modern \u00e9jszakai \u00e9let Ammanban, Irbidben \u00e9s Akab\u00e1ban v\u00e1ltozatos \u00edzl\u00e9svil\u00e1got szolg\u00e1lnak ki. A kalandos tev\u00e9kenys\u00e9gek k\u00f6z\u00e9 tartozik a t\u00far\u00e1z\u00e1s a Dana Rezerv\u00e1tumban \u00e9s a 650 kilom\u00e9teres Jord\u00e1n \u00f6sv\u00e9nyen, amelyet 2015-ben hoztak l\u00e9tre a t\u00f6rt\u00e9nelmi \u00e9s term\u00e9szeti l\u00e1tnival\u00f3k \u00f6sszekapcsol\u00e1s\u00e1ra. A Holt-tenger partjai \u00fcd\u00fcl\u0151helyeknek \u00e9s gy\u00f3gyf\u00fcrd\u0151knek adnak otthont, ahol az \u00e1sv\u00e1nyi anyagokban gazdag vizek enyh\u00edtik a b\u0151rbetegs\u00e9geket. Az 1970-es \u00e9vek \u00f3ta Jord\u00e1nia orvosi utaz\u00f3kat is vonz; 2010-ben t\u00f6bb mint 250 000 beteg t\u00f6bb mint sz\u00e1z orsz\u00e1gb\u00f3l keresett mag\u00e1nk\u00f3rh\u00e1zakat.<\/p>\n\n\n\n<p>A kultur\u00e1lis \u00e9let \u00f6tv\u00f6zi az \u00f6r\u00f6ks\u00e9get a kort\u00e1rs kifejez\u00e9sm\u00f3ddal. Az olyan m\u00fazeumok, mint az ammani Jord\u00e1n M\u00fazeum, holt-tengeri tekercst\u00f6red\u00e9keket \u00e9s neolitikus szobrokat \u0151rzik. A Nemzeti Sz\u00e9pm\u0171v\u00e9szeti Gal\u00e9ria modern m\u0171veket \u00e1ll\u00edt ki, m\u00edg az Akabai R\u00e9g\u00e9szeti M\u00fazeum a tengeri kereskedelmet mutatja be. A film- \u00e9s zenei \u00e9let b\u0151v\u00fcl: a Theeb 2016-ban Oscar-jel\u00f6l\u00e9st kapott. Az olyan fesztiv\u00e1lok, mint a Jerash \u00e9ves zenei rendezv\u00e9nye, region\u00e1lis el\u0151ad\u00f3kat hoznak; alternat\u00edv rockzenekarok \u2013 mint az El Morabba3, a JadaL \u00e9s m\u00e1sok \u2013 arab dalsz\u00f6vegeket \u00f6tv\u00f6znek elektromos ritmusokkal. Az utcai m\u0171v\u00e9szet \u00e9s a gal\u00e9ri\u00e1k a helyi alkot\u00f3k \u00e9s a k\u00fclf\u00f6ldi m\u0171v\u00e9szek n\u00f6vekv\u0151 k\u00f6z\u00f6ss\u00e9g\u00e9t t\u00fckr\u00f6zik.<\/p>\n\n\n\n<p>A kulin\u00e1ris gyakorlatok t\u00fckr\u00f6zik a f\u00f6ld term\u00e9shozam\u00e1t \u00e9s t\u00e1rsadalmi szok\u00e1sait. Az ol\u00edvaolaj, amely a vil\u00e1g egyik vezet\u0151 olajbogy\u00f3-termel\u0151j\u00e9t\u0151l sz\u00e1rmazik, alkotja az alapj\u00e1t a f\u0151z\u00e9snek. A meze fog\u00e1sok hummuszt, ful medamest, baba ghanoush-t \u00e9s tabbouleh-t tartalmaznak. A Mansaf, azaz erjesztett joghurtban p\u00e1rolt b\u00e1r\u00e1nyh\u00fasos rizs, a vend\u00e9gszeretet szimb\u00f3luma az \u00f6sszej\u00f6veteleken. A desszertek a baklav\u00e1t\u00f3l a knafeh-ig terjednek; a menta \u00edz\u0171 tea \u00e9s az er\u0151s k\u00e1v\u00e9 z\u00e1rja az \u00e9tkez\u00e9seket. Az alkohol megjelenik a turisztikai l\u00e1tv\u00e1nyoss\u00e1gokon \u00e9s a v\u00e1rosi \u00e9jszakai \u00e9letben, arakkal \u00e9s hazai s\u00f6r\u00f6kkel \u00e9s borokkal.<\/p>\n\n\n\n<p>Az utaz\u00f3knak sz\u00f3l\u00f3 gyakorlati tan\u00e1csok a helyi p\u00e9nznemhaszn\u00e1lati szok\u00e1sokat \u00e9s t\u00e1rsadalmi norm\u00e1kat t\u00fckr\u00f6zik. A jord\u00e1niai din\u00e1r, amelynek \u00e1rfolyama az amerikai doll\u00e1rhoz k\u00f6r\u00fclbel\u00fcl 1,41 USD\/din\u00e1r, piaszterre \u00e9s filsre oszlik. A k\u00e9szp\u00e9nz tov\u00e1bbra is a legjobb megold\u00e1s kisebb tranzakci\u00f3k eset\u00e9n; a hitelk\u00e1rty\u00e1k csak ritk\u00e1n m\u0171k\u00f6dnek a sz\u00e1llod\u00e1k \u00e9s a f\u0151bb l\u00e1tnival\u00f3k el\u0151tt. A bankautomat\u00e1k nagy c\u00edmletekben k\u00edn\u00e1lnak bankjegyeket, \u00edgy az egy- \u00e9s \u00f6tdin\u00e1ros bankjegyek seg\u00edtenek a v\u00e1ltoz\u00e1sban. M\u00e1r a napi 15 jord\u00e1n din\u00e1r is fedezi az alapvet\u0151 \u00e9tkez\u00e9seket, m\u00edg a 25 jord\u00e1n szer\u00e9ny sz\u00e1ll\u00e1s- \u00e9s \u00e9ttereml\u00e1togat\u00e1sokat tesz lehet\u0151v\u00e9. A t\u00f6megk\u00f6zleked\u00e9si viteld\u00edjak \u2013 busszal 40 kilom\u00e9terenk\u00e9nt egy din\u00e1r, taxival \u00f6t kilom\u00e9terenk\u00e9nt egy \u2013 seg\u00edtenek a k\u00f6lts\u00e9gek kezel\u00e9s\u00e9ben. A t\u00fcrelem a sorokban elengedhetetlennek bizonyul, mivel a k\u00f6tetlen sorv\u00e1g\u00e1sok hajlamosak feldarabolni a rendezett sorokat; a sorok v\u00e9g\u00e9n val\u00f3 v\u00e1rakoz\u00e1s, am\u00edg a rohan\u00e1s al\u00e1bbhagy, gyakran gyorsabb kiszolg\u00e1l\u00e1st eredm\u00e9nyez.<\/p>\n\n\n\n<p>A t\u00e1rsadalmi szok\u00e1sok toler\u00e1ns, m\u00e9gis hagyom\u00e1nyorient\u00e1lt t\u00e1rsadalmat t\u00fckr\u00f6znek. A szer\u00e9ny \u00f6lt\u00f6zk\u00f6d\u00e9s illik a vall\u00e1si helysz\u00ednek l\u00e1togat\u00e1s\u00e1hoz; a n\u0151k aggodalom n\u00e9lk\u00fcl viselhetnek nyugati st\u00edlust a v\u00e1rosi ter\u00fcleteken. A kir\u00e1lyi csal\u00e1d nyilv\u00e1nos kritik\u00e1ja s\u00e9rti a fels\u00e9gs\u00e9rt\u00e9si t\u00f6rv\u00e9nyeket a monarchia ir\u00e1nti \u00e1ltal\u00e1nos j\u00f3indulat ellen\u00e9re. A vall\u00e1sr\u00f3l val\u00f3 besz\u00e9lget\u00e9s nyitotts\u00e1got k\u00edv\u00e1n, b\u00e1r a ny\u00edlt ateizmus nyugtalans\u00e1got v\u00e1lthat ki. A ramad\u00e1n idej\u00e9n a hajnal \u00e9s alkonyat k\u00f6z\u00f6tti nyilv\u00e1nos ev\u00e9s \u00e9s iv\u00e1s m\u00e9rt\u00e9kletess\u00e9get \u00e9rdemel.<\/p>\n\n\n\n<p>Jord\u00e1nia identit\u00e1sa az \u0151si civiliz\u00e1ci\u00f3k r\u00e9tegeib\u0151l, a sivatagi t\u0171r\u0151k\u00e9pess\u00e9gb\u0151l \u00e9s a modern kih\u00edv\u00e1sokb\u00f3l fakad. Strat\u00e9giai elhelyezked\u00e9se, v\u00edzhi\u00e1nya \u00e9s a menek\u00fcltek vend\u00e9gszeretete alak\u00edtja a belpolitik\u00e1t. A kultur\u00e1lis \u00f6r\u00f6ks\u00e9g \u00e9s a term\u00e9szeti adotts\u00e1gok egyar\u00e1nt vonzz\u00e1k a tud\u00f3sokat \u00e9s a turist\u00e1kat. A gazdas\u00e1gi diverzifik\u00e1ci\u00f3 a turizmus, az eg\u00e9szs\u00e9g\u00fcgyi szolg\u00e1ltat\u00e1sok, a meg\u00fajul\u00f3 energia \u00e9s a foszf\u00e1tok r\u00e9v\u00e9n igyekszik ellens\u00falyozni az er\u0151forr\u00e1sok korl\u00e1tozotts\u00e1g\u00e1t. Ezen \u00e1ramlatok k\u00f6zepette Jord\u00e1nia egyens\u00falyt tart fenn az \u00f3kor gondnoks\u00e1ga \u00e9s a huszonegyedik sz\u00e1zadi ig\u00e9nyekhez val\u00f3 alkalmazkod\u00e1s k\u00f6z\u00f6tt.<\/p>","protected":false},"excerpt":{"rendered":"<p>Jord\u00e1nia, amelyet hivatalosan Jord\u00e1n Hasimita Kir\u00e1lys\u00e1gk\u00e9nt emlegetnek, jelent\u0151s t\u00f6rt\u00e9nelmi jelent\u0151s\u00e9g\u0171 \u00e9s modern jelent\u0151s\u00e9g\u0171 nemzet Nyugat-\u00c1zsia d\u00e9li levantei ter\u00fclet\u00e9n. Az \u0151si civiliz\u00e1ci\u00f3k metsz\u00e9spontj\u00e1ban tal\u00e1lhat\u00f3 Jord\u00e1nia strat\u00e9giai helyzete hat\u00e1ssal volt kiterjedt kultur\u00e1lis t\u00f6rt\u00e9nelm\u00e9re \u00e9s bonyolult geopolitikai k\u00f6rnyezet\u00e9re. A t\u00f6bb mint 11,5 milli\u00f3 lakos\u00fa Jord\u00e1nia a tizenegyedik legn\u00e9pesebb arab nemzet, f\u0151v\u00e1rosa \u00e9s f\u0151 v\u00e1rosa, Amman a politikai, gazdas\u00e1gi \u00e9s kultur\u00e1lis tev\u00e9kenys\u00e9g dinamikus k\u00f6zpontjak\u00e9nt m\u0171k\u00f6dik a Levant\u00e1ban.<\/p>","protected":false},"author":1,"featured_media":3529,"parent":24063,"menu_order":0,"comment_status":"closed","ping_status":"closed","template":"elementor_theme","meta":{"_eb_attr":"","footnotes":""},"class_list":["post-14908","page","type-page","status-publish","has-post-thumbnail"],"_links":{"self":[{"href":"https:\/\/travelshelper.com\/hu\/wp-json\/wp\/v2\/pages\/14908","targetHints":{"allow":["GET"]}}],"collection":[{"href":"https:\/\/travelshelper.com\/hu\/wp-json\/wp\/v2\/pages"}],"about":[{"href":"https:\/\/travelshelper.com\/hu\/wp-json\/wp\/v2\/types\/page"}],"author":[{"embeddable":true,"href":"https:\/\/travelshelper.com\/hu\/wp-json\/wp\/v2\/users\/1"}],"replies":[{"embeddable":true,"href":"https:\/\/travelshelper.com\/hu\/wp-json\/wp\/v2\/comments?post=14908"}],"version-history":[{"count":0,"href":"https:\/\/travelshelper.com\/hu\/wp-json\/wp\/v2\/pages\/14908\/revisions"}],"up":[{"embeddable":true,"href":"https:\/\/travelshelper.com\/hu\/wp-json\/wp\/v2\/pages\/24063"}],"wp:featuredmedia":[{"embeddable":true,"href":"https:\/\/travelshelper.com\/hu\/wp-json\/wp\/v2\/media\/3529"}],"wp:attachment":[{"href":"https:\/\/travelshelper.com\/hu\/wp-json\/wp\/v2\/media?parent=14908"}],"curies":[{"name":"wp","href":"https:\/\/api.w.org\/{rel}","templated":true}]}}