{"id":14902,"date":"2024-09-20T11:59:04","date_gmt":"2024-09-20T11:59:04","guid":{"rendered":"https:\/\/travelshelper.com\/staging\/?page_id=14902"},"modified":"2026-03-11T17:38:30","modified_gmt":"2026-03-11T17:38:30","slug":"aomori","status":"publish","type":"page","link":"https:\/\/travelshelper.com\/hu\/destinations\/asia\/japan\/aomori\/","title":{"rendered":"Aomori"},"content":{"rendered":"<p>Aomori v\u00e1ros Hons\u00fa \u00e9szaki sz\u00e9l\u00e9n fekszik, a Mutsu-\u00f6b\u00f6l egyik \u00e1g\u00e1ra, az Aomori-\u00f6b\u00f6lre n\u00e9z. Mintegy 825 n\u00e9gyzetkilom\u00e9teren ter\u00fcl el, felsz\u00edne az Aomori-s\u00edks\u00e1g alacsonyan fekv\u0151 kiterjed\u00e9s\u00e9t\u0151l a Hakk\u014dda \u00e9s Higashidake hegys\u00e9gek l\u00e1b\u00e1ig terjed. K\u00e9t foly\u00f3 \u2013 a Komagome \u00e9s mell\u00e9kfoly\u00f3ja, az Arakawa \u2013 szeli \u00e1t a v\u00e1rost, csatorn\u00e1kat v\u00e1jva farmokon \u00e9s k\u00fclv\u00e1rosokon, miel\u0151tt a tengerbe \u00f6mlenek. Ez a v\u00e1ltozatos t\u00e1j, valamint a parkok h\u00e1l\u00f3zata \u2013 k\u00f6zt\u00fck a v\u00edzparton tal\u00e1lhat\u00f3 Gappo Park, a v\u00e1rosk\u00f6zpont k\u00f6zel\u00e9ben tal\u00e1lhat\u00f3 Aoimori Park \u00e9s a f\u00e9lrees\u0151bb Nogiwa Park \u2013 olyan m\u00f3don form\u00e1lta mind a telep\u00fcl\u00e9st, mind az identit\u00e1st, amely messze t\u00falmutat a parton.<\/p>\n\n\n\n<p>Aomori neve, sz\u00f3 szerint \u201ek\u00e9k erd\u0151\u201d, b\u00e1r n\u00e9ha \u201ez\u00f6ld erd\u0151k\u00e9nt\u201d is ford\u00edtj\u00e1k, egy k\u00f6zeli dombon \u00e1ll\u00f3 kis ligetre eml\u00e9keztet, amely egykor a hal\u00e1szok t\u00e1j\u00e9koz\u00f3d\u00e1si pontja volt az \u00f6b\u00f6l k\u00f6r\u00fcl. Egy m\u00e1sik hipot\u00e9zis az ainu nyelvhez k\u00f6ti a nevet, utalva a kultur\u00e1lis tal\u00e1lkoz\u00e1sok m\u00e9lyebb r\u00e9tegeire, amelyek megel\u0151zik az \u00edr\u00e1sos feljegyz\u00e9seket. B\u00e1rmi is legyen a pontos eredete, a n\u00e9v egy egyszerre \u00e9l\u00e9nk \u00e9s v\u00e1ltoz\u00e9kony k\u00f6rnyezetre utal, egy olyan helyre, ahol a tengeri k\u00f6d gomolyog be az Oyashio-\u00e1ramlatr\u00f3l, \u00e9s a t\u00e9li h\u00f3 elk\u00e9peszt\u0151 m\u00e9lys\u00e9gig halmoz\u00f3dik fel.<\/p>\n\n\n\n<p>Az emberi jelenl\u00e9t bizony\u00edt\u00e9kai \u00e9vezredekre ny\u00falnak vissza. A modern v\u00e1rosk\u00f6zpontt\u00f3l d\u00e9lnyugatra fekv\u0151 Sannai-Maruyama lel\u0151hely Kr. e. 5500 \u00e9s 4000 k\u00f6z\u00e9 tehet\u0151. Hatalmas vermei \u00e9s t\u00e1rol\u00f3g\u00f6drei arra k\u00e9nyszer\u00edtett\u00e9k a r\u00e9g\u00e9szeket, hogy \u00fajragondolj\u00e1k a Dzs\u00f3mon-kori t\u00e1rsadalom m\u00e9rt\u00e9k\u00e9t. Kiss\u00e9 d\u00e9lebbre fekszik a Komakino lel\u0151hely, amely Kr. e. 4000 k\u00f6r\u00fcl vir\u00e1gzott, gondosan elhelyezett k\u00f6vei pedig egy m\u00e1r kor\u00e1bban is j\u00e1rtas n\u00e9pre utalnak a ceremoni\u00e1lis \u00e9p\u00edt\u00e9szetben. Ezek a korai k\u00f6z\u00f6ss\u00e9gek harm\u00f3ni\u00e1ban \u00e9ltek az erd\u0151kkel \u00e9s a foly\u00f3kkal, anyagi nyomaikat eltemetve, am\u00edg a modern \u00e1sat\u00e1sok meg nem tal\u00e1lt\u00e1k \u0151ket.<\/p>\n\n\n\n<p>A Heian-korszakra a ter\u00fclet \u00c9szak-Fujiwara f\u00f6ldjeinek r\u00e9sz\u00e9v\u00e9 v\u00e1lt, de az emisi lakosok tov\u00e1bbra is jelen voltak. A Fujiwara hatalom \u00f6sszeoml\u00e1s\u00e1t k\u00f6vet\u0151en egym\u00e1st k\u00f6vet\u0151 szamur\u00e1j kl\u00e1nok k\u00f6vetelt\u00e9k a hatalmat: a keleten fekv\u0151 Nambu n\u00e9vlegesen birtokolta a c\u00edmet, m\u00edg a Namioka Tsugarui a Sengoku-korszakban t\u00e9nylegesen uralt\u00e1k a ter\u00fcletet. A korai Edo-\u00e9vekben a mai Aomoriv\u00e1 fejl\u0151d\u0151 telep\u00fcl\u00e9s a Hirosaki Birodalomhoz tartozott, \u00e9s az Ut\u014d nevet viselte. 1626-ban Nobuhira daimj\u00f3 Tsugaru elrendelte az \u00fajj\u00e1\u00e9p\u00edt\u00e9s\u00e9t Aomori n\u00e9ven, b\u00e1r err\u0151l a v\u00e1ltoz\u00e1sr\u00f3l kev\u00e9s \u00edr\u00e1sos feljegyz\u00e9s maradt fenn, \u00e9s a tud\u00f3sok vitatj\u00e1k, hogy Ut\u014d \u00e9s Aomori valaha is k\u00fcl\u00f6n\u00e1ll\u00f3 entit\u00e1sok voltak-e, vagy egyszer\u0171en egyetlen kik\u00f6t\u0151falu k\u00e9t neve.<\/p>\n\n\n\n<p>A Meiji-restaur\u00e1ci\u00f3 radik\u00e1lis k\u00f6zigazgat\u00e1si reformot hozott. Hat prefekt\u00fara j\u00f6tt l\u00e9tre a mai Aomori prefekt\u00fara ter\u00fclet\u00e9n, amelyek 1871 j\u00falius\u00e1ban Hirosaki prefekt\u00far\u00e1v\u00e1 egyes\u00fcltek. A Tsugaru \u00e9s Nambu r\u00e9gi\u00f3k k\u00f6z\u00f6tti rivaliz\u00e1l\u00e1s a f\u0151v\u00e1ros gyors \u00e1thelyez\u00e9s\u00e9t eredm\u00e9nyezte a k\u00f6zpontibb kik\u00f6t\u0151v\u00e1rosba, ami 1871. szeptember 23-\u00e1n Aomori prefekt\u00fara megalakul\u00e1s\u00e1hoz vezetett. Az 1889. \u00e1prilis 1-j\u00e9n l\u00e9trehozott modern \u00f6nkorm\u00e1nyzati rendszerben Aomori v\u00e1rosi rangot kapott a Higashitsugaru ker\u00fcleten bel\u00fcl, \u00e9s 1898. \u00e1prilis 1-j\u00e9re v\u00e1rosk\u00e9nt ismert\u00e9k el.<\/p>\n\n\n\n<p>A 19. sz\u00e1zad v\u00e9gi k\u00f6zleked\u00e9si fejleszt\u00e9sek Aomorit strat\u00e9giai v\u00e9g\u00e1llom\u00e1ss\u00e1 tett\u00e9k. 1872-ben megkezd\u0151d\u00f6tt egy kompj\u00e1rat Hakodate fel\u00e9, amely Hokkaid\u00f3t Hons\u00faval k\u00f6t\u00f6tte \u00f6ssze a Cugaru-szoroson kereszt\u00fcl. A T\u014dhoku f\u0151vonal 1891 szeptember\u00e9ben \u00e9rte el Toki\u00f3b\u00f3l Aomorit; h\u00e1rom \u00e9vvel k\u00e9s\u0151bb az \u014cu f\u0151vonal a Jap\u00e1n-tenger partj\u00e1n haladt a v\u00e1rosig. Az 1908-ban \u00e1tadott Seikan komp utasokat \u00e9s \u00e1rut sz\u00e1ll\u00edtott a szoros alatti Seikan alag\u00fat 1988 m\u00e1rcius\u00e1ig, amikor is megny\u00edlt. Ek\u00f6zben a vas\u00fati \u00f6sszek\u00f6ttet\u00e9sek is \u00e1talakultak: a 2010-ben elind\u00edtott T\u014dhoku Shinkansen ma m\u00e1r a Shin-Aomori \u00e1llom\u00e1st szolg\u00e1lja ki, d\u00e9l fel\u00e9, Sendai \u00e9s Toki\u00f3 fel\u00e9 gyors\u00edtva az utaz\u00f3kat.<\/p>\n\n\n\n<p>Aomori hadt\u00f6rt\u00e9nete tragikus \u00e9s meghat\u00e1roz\u00f3 epiz\u00f3dokat egyar\u00e1nt tartalmaz. 1896-t\u00f3l a Jap\u00e1n Cs\u00e1sz\u00e1ri Hadsereg 8. hadoszt\u00e1lya \u00e1llom\u00e1sozott itt. 1902 tel\u00e9n egy hideg id\u0151ben a Hakk\u014dda-hegys\u00e9gben lezajlott gyakorlat katasztr\u00f3f\u00e1val v\u00e9gz\u0151d\u00f6tt: az Aomorib\u00f3l kik\u00fcld\u00f6tt 210 katona k\u00f6z\u00fcl csak tizenegyen \u00e9lt\u00e9k t\u00fal. A Hakk\u014dda-hegys\u00e9gben t\u00f6rt\u00e9nt incidens komor fejezete marad a region\u00e1lis t\u00f6rt\u00e9nelemnek. Az 1910. m\u00e1jus 3-i t\u0171zv\u00e9sz a v\u00e1ros nagy r\u00e9sz\u00e9t elpuszt\u00edtotta, \u00e9s a menetrend szerinti l\u00e9gi j\u00e1ratok 1937-es meg\u00e9rkez\u00e9se tov\u00e1bbi moderniz\u00e1ci\u00f3t jelzett.<\/p>\n\n\n\n<p>A h\u00e1bor\u00fa \u00fajabb puszt\u00edt\u00e1st hozott. 1945. j\u00falius 28-29-\u00e9n \u00e9jszaka az Egyes\u00fclt \u00c1llamok bomb\u00e1z\u00e1sa 1767 ember \u00e9let\u00e9t k\u00f6vetelte, \u00e9s a v\u00e1ros k\u00f6zel kilenctized\u00e9t elpuszt\u00edtotta. A h\u00e1bor\u00fa ut\u00e1ni \u00e9vtizedekben a rekonstrukci\u00f3 gyors volt: 1951-re a Tsugaru vonal \u00f6sszek\u00f6t\u00f6tte Aomori \u00e1llom\u00e1st Kanit\u00e1val, 1964-ben pedig megny\u00edlt az els\u0151 rep\u00fcl\u0151t\u00e9r a szomsz\u00e9dos Namiok\u00e1ban. A T\u014dhoku gyorsforgalmi \u00fat 1979-ben \u00e9rkezett meg, \u00f6sszekapcsolva Aomorit a b\u0151v\u00fcl\u0151 orsz\u00e1gos aut\u00f3p\u00e1lya-h\u00e1l\u00f3zattal. Az 1987. j\u00falius 19-\u00e9n megny\u00edlt, erre a c\u00e9lra \u00e9p\u00edtett v\u00e1rosi rep\u00fcl\u0151t\u00e9r belf\u00f6ldi j\u00e1ratokat szolg\u00e1lt ki Toki\u00f3ba, Oszak\u00e1ba, Nagoj\u00e1ba \u00e9s Szappor\u00f3ba, valamint nemzetk\u00f6zi j\u00e1ratokat Sz\u00f6ulba \u00e9s Tajpejbe. 2002. okt\u00f3ber 1-j\u00e9n Aomorit k\u00f6zponti v\u00e1ross\u00e1 nyilv\u00e1n\u00edtott\u00e1k, ami fokozott helyi auton\u00f3mi\u00e1t biztos\u00edtott.<\/p>\n\n\n\n<p>Az \u00faj \u00e9vezredben a telep\u00fcl\u00e9sek hat\u00e1rai ism\u00e9t eltol\u00f3dtak. 2005. \u00e1prilis 1-j\u00e9n a szomsz\u00e9dos Namioka v\u00e1rost beolvasztott\u00e1k, ami majdnem megdupl\u00e1zta a v\u00e1ros alapter\u00fclet\u00e9t. Egy r\u00e9sz\u00e9t k\u00e9s\u0151bb, 2007 szeptember\u00e9ben \u00e1tengedt\u00e9k a Minamitsugaru ker\u00fcletben tal\u00e1lhat\u00f3 Fujisakinak, de Aomori tov\u00e1bbra is a nagyv\u00e1rosi ter\u00fclet k\u00f6zpontja, Jap\u00e1n 62 k\u00f6zponti v\u00e1ros\u00e1nak egyike. 2023. augusztus 1-j\u00e9n 264 945 lakos \u00e9lt 136 781 h\u00e1ztart\u00e1sban, ami \u00f6sszesen 321 f\u0151 n\u00e9ps\u0171r\u0171s\u00e9get eredm\u00e9nyezett n\u00e9gyzetkilom\u00e9terenk\u00e9nt.<\/p>\n\n\n\n<p>Az \u00e9ghajlatot itt a sz\u00e9less\u00e9gi fok \u00e9s a tengeri \u00e1ramlatok alak\u00edtj\u00e1k. Aomori k\u00e9t K\u00f6ppen-besorol\u00e1s hat\u00e1r\u00e1n fekszik: egy hideg, p\u00e1r\u00e1s kontinent\u00e1lis (Dfa) \u00e9s egy p\u00e1r\u00e1s szubtr\u00f3pusi (Cfa), ahol a janu\u00e1ri \u00e9s febru\u00e1ri \u00e1tlagh\u0151m\u00e9rs\u00e9klet valamivel fagypont alatt van. Az \u00e9ves csapad\u00e9kmennyis\u00e9g \u00e1tlagosan 1285 mm, a cs\u00facs szeptemberben van. A ny\u00e1r meleg, de r\u00f6vid; a telek hatalmas havaz\u00e1st hoznak. 1945 febru\u00e1rj\u00e1ban a h\u00f3vastags\u00e1g el\u00e9rte a 209 cm-t. A h\u0151m\u00e9rs\u00e9klet -24,7 \u00b0C-ra s\u00fcllyedt, amelyet 1931-ben m\u00e9rtek. A helyi szelek, mint p\u00e9ld\u00e1ul a ny\u00e1ri \u201eYamase\u201d, elh\u00faz\u00f3d\u00f3 h\u0171v\u00f6s id\u0151szakokat hozhatnak, \u00e9s vesz\u00e9lyeztethetik a rizsterm\u00e9st, m\u00edg a szorosb\u00f3l be\u00e1raml\u00f3 k\u00f6d gyakran megzavarja a rep\u00fcl\u0151t\u00e9r j\u00e1ratait.<\/p>\n\n\n\n<p>A gazdas\u00e1gi \u00e9let a szolg\u00e1ltat\u00e1sok k\u00f6r\u00fcl forog, amelyek a v\u00e1ros termel\u00e9s\u00e9nek t\u00f6bb mint h\u00e1romnegyed\u00e9t teszik ki. A feldolgoz\u00f3ipar nagyj\u00e1b\u00f3l 16 sz\u00e1zal\u00e9kot tesz ki, m\u00edg a mez\u0151gazdas\u00e1g \u00e9s a hal\u00e1szat egy\u00fcttesen szer\u00e9ny n\u00e9gy sz\u00e1zal\u00e9kkal j\u00e1rul hozz\u00e1 a bev\u00e9telhez. A kultur\u00e1lis ipar\u00e1gak \u00e9s a turizmus azonban kiemelked\u0151 szerepet j\u00e1tszanak Aomori identit\u00e1s\u00e1ban. A tengerparti s\u00edks\u00e1g \u00e9s a k\u00f6zeli hegyek h\u0151forr\u00e1s-\u00fcd\u00fcl\u0151helyeknek adnak otthont: az Asamushi Onsen az \u00f6b\u00f6l sz\u00e9l\u00e9n tal\u00e1lhat\u00f3, m\u00edg a Sukayu Onsen f\u00e9lrees\u0151 mened\u00e9ket k\u00edn\u00e1l a Hakk\u014dda-hegy l\u00e1b\u00e1n\u00e1l. Mindkett\u0151 mind a n\u00e9gy \u00e9vszakban vonzza a l\u00e1togat\u00f3kat, akik pihen\u00e9sre \u00e9s a term\u00e9szetben val\u00f3 elmer\u00fcl\u00e9sre v\u00e1gynak.<\/p>\n\n\n\n<p>Minden augusztusban a Nebuta Matsuri hatalmas, megvil\u00e1g\u00edtott kocsikkal t\u00f6lti meg a v\u00e1ros utc\u00e1it, melyeket washi pap\u00edrb\u00f3l faragtak, \u00e9s h\u0151s\u00f6ket, d\u00e9monokat vagy m\u00edtoszokb\u00f3l \u00e9s t\u00f6rt\u00e9nelemb\u0151l vett jeleneteket \u00e1br\u00e1zolnak. El\u0151ad\u00f3k k\u00eds\u00e9rik \u0151ket, taiko dobokon ritmusokat \u00e9nekelnek, \u00e9s a t\u00f6megben vezetik az alakokat. A Jap\u00e1n \u201e100 hangt\u00e1jk\u00e9pe\u201d k\u00f6z\u00f6tt elismert fesztiv\u00e1l Aomori kultur\u00e1lis pulzus\u00e1nak szinonim\u00e1j\u00e1v\u00e1 v\u00e1lt.<\/p>\n\n\n\n<p>Az id\u0151szakos l\u00e1tv\u00e1nyoss\u00e1gokon t\u00fal a v\u00e1ros m\u00fazeumokon \u00e9s t\u00f6rt\u00e9nelmi helysz\u00edneken kereszt\u00fcl \u0151rzi m\u00faltj\u00e1t. A Sannai-Maruyama lel\u0151hely ma k\u00fcl\u00f6nleges nemzeti t\u00f6rt\u00e9nelmi helysz\u00edn, felt\u00e1rt alapjai nyitva \u00e1llnak a l\u00e1togat\u00f3k el\u0151tt. Az Aomori Prefekt\u00fara M\u00fazeuma \u00e9s az Aomori M\u0171v\u00e9szeti M\u00fazeum a region\u00e1lis k\u00e9zm\u0171vess\u00e9gt\u0151l a kort\u00e1rs szobrokig terjed\u0151 gy\u0171jtem\u00e9nyeket \u0151rzi. A v\u00e1rost\u00f6rt\u00e9neti m\u00fazeum, az Erd\u00e9szeti M\u00fazeum \u00e9s a Nebuta M\u00fazeum Wa Rasse mindegyike m\u00e1s-m\u00e1s szemsz\u00f6gb\u0151l mutatja be a helyi \u00f6r\u00f6ks\u00e9get, az Aomori nev\u00e9t ihlet\u0151 erd\u0151s dombokt\u00f3l az utc\u00e1it \u00e9lettel teli kocsikig. A namiokai v\u00e1rromok \u00e9s a komakinoi telep\u00fcl\u00e9s maradv\u00e1nyai n\u00e9ma tan\u00fai az \u00e9vsz\u00e1zados megsz\u00e1ll\u00e1snak.<\/p>\n\n\n\n<p>A modern infrastrukt\u00fara t\u00falmutat a m\u00fazeumokon. A nemzeti \u00fatvonalak \u2013 a 4-es, 7-es, 101-es, 280-as \u00e9s m\u00e1sok \u2013 itt futnak \u00f6ssze, az Aomori \u00e9s a Tsugaru gyorsforgalmi utakkal egy\u00fctt. A kompok tov\u00e1bbra is k\u00f6zlekednek a szoroson, b\u00e1r most els\u0151sorban szabadid\u0151s \u00fatk\u00e9nt, nem pedig az egyetlen \u00f6sszek\u00f6ttet\u00e9sk\u00e9nt Hokkaid\u00f3val. Az Aomori kik\u00f6t\u0151je tov\u00e1bbra is fogad haj\u00f3kat a Tsugaru Kaiky\u014d komppal egy\u00fctt, meg\u0151rizve a tizenkilencedik sz\u00e1zad v\u00e9g\u00e9re visszany\u00fal\u00f3 tenger\u00e9szeti hagyom\u00e1nyokat.<\/p>\n\n\n\n<p>\u00c9p\u00edt\u00e9szet\u00e9ben, az \u00e9vszakok ritmus\u00e1ban \u00e9s lak\u00f3inak meg\u00e9lt eml\u00e9keiben Aomori a rugalmass\u00e1got \u00e9s a meg\u00fajul\u00e1st testes\u00edti meg. A horizonton \u00e1ll\u00f3 erd\u0151s dombok a falura eml\u00e9keztetnek, amelynek neve kandzsi bet\u0171kkel \u00e9l, m\u00edg a v\u00e1ros utc\u00e1i \u00e9s vas\u00fatvonalai az amb\u00edci\u00f3, a neh\u00e9zs\u00e9gek \u00e9s a meg\u00fajul\u00e1s vonalait k\u00f6vetik. A heves h\u00f3 minden t\u00e9len eltemeti a v\u00e1rost \u00e9s a gazdas\u00e1got egyar\u00e1nt, ahogyan azt \u00e9vsz\u00e1zadok \u00f3ta teszik, hogy azt\u00e1n sebesen foly\u00f3 patakokk\u00e1 olvadjanak, amelyek az \u00f6b\u00f6lbe \u00f6mlenek. Minden felsz\u00edn alatt egy t\u00f6rt\u00e9net rejt\u0151zik: dzs\u00f3mon vad\u00e1szokr\u00f3l, emisi f\u00f6ldm\u0171vesekr\u0151l, szamur\u00e1j urakr\u00f3l, a modern polg\u00e1rokr\u00f3l, akik a term\u00e9szet \u00f6r\u00f6kk\u00e9 v\u00e1ltoz\u00f3 k\u00f6rforg\u00e1sa k\u00f6zepette alak\u00edtj\u00e1k j\u00f6v\u0151j\u00fcket. Aomori ebben az \u00e9rtelemben t\u00f6bb, mint egy hely a t\u00e9rk\u00e9pen; az emberi kitart\u00e1s folyamatos t\u00f6rt\u00e9nete Hons\u00fa t\u00fals\u00f3 sz\u00e9l\u00e9n.<\/p>","protected":false},"excerpt":{"rendered":"<p>Aomori, Aomori prefekt\u00fara f\u0151v\u00e1rosa j\u00f3l p\u00e9ld\u00e1zza Jap\u00e1n \u00e9szaki hat\u00e1r\u00e1nak gazdag \u00f6r\u00f6ks\u00e9g\u00e9t. Aomori, amely Jap\u00e1n legnagyobb nagy szigete, Honshu leg\u00e9szakibb v\u00e9g\u00e9nek k\u00f6zel\u00e9ben tal\u00e1lhat\u00f3, f\u00f6ldrajzi elhelyezked\u00e9se \u00e9s kultur\u00e1lis jelent\u0151s\u00e9ge miatt \u00f3ri\u00e1si \u00e9rt\u00e9ket k\u00e9pvisel. 2023. augusztus 1-j\u00e9n ennek a dinamikus nagyv\u00e1rosi k\u00f6zpontnak a becs\u00fclt lakoss\u00e1ga 264 945 f\u0151, akik 136 781 h\u00e1zban laknak. Aomori ter\u00fclete 824,61 n\u00e9gyzetkilom\u00e9ter (318,38 n\u00e9gyzetm\u00e9rf\u00f6ld), n\u00e9ps\u0171r\u0171s\u00e9ge pedig 321 egyed\/n\u00e9gyzetkilom\u00e9ter, ami hat\u00e9konyan egyens\u00falyba hozza a v\u00e1rosok terjeszked\u00e9s\u00e9t a term\u00e9szeti k\u00f6rnyezet meg\u0151rz\u00e9s\u00e9vel.<\/p>","protected":false},"author":1,"featured_media":2901,"parent":14797,"menu_order":0,"comment_status":"closed","ping_status":"closed","template":"elementor_theme","meta":{"_eb_attr":"","footnotes":""},"class_list":["post-14902","page","type-page","status-publish","has-post-thumbnail"],"_links":{"self":[{"href":"https:\/\/travelshelper.com\/hu\/wp-json\/wp\/v2\/pages\/14902","targetHints":{"allow":["GET"]}}],"collection":[{"href":"https:\/\/travelshelper.com\/hu\/wp-json\/wp\/v2\/pages"}],"about":[{"href":"https:\/\/travelshelper.com\/hu\/wp-json\/wp\/v2\/types\/page"}],"author":[{"embeddable":true,"href":"https:\/\/travelshelper.com\/hu\/wp-json\/wp\/v2\/users\/1"}],"replies":[{"embeddable":true,"href":"https:\/\/travelshelper.com\/hu\/wp-json\/wp\/v2\/comments?post=14902"}],"version-history":[{"count":0,"href":"https:\/\/travelshelper.com\/hu\/wp-json\/wp\/v2\/pages\/14902\/revisions"}],"up":[{"embeddable":true,"href":"https:\/\/travelshelper.com\/hu\/wp-json\/wp\/v2\/pages\/14797"}],"wp:featuredmedia":[{"embeddable":true,"href":"https:\/\/travelshelper.com\/hu\/wp-json\/wp\/v2\/media\/2901"}],"wp:attachment":[{"href":"https:\/\/travelshelper.com\/hu\/wp-json\/wp\/v2\/media?parent=14902"}],"curies":[{"name":"wp","href":"https:\/\/api.w.org\/{rel}","templated":true}]}}