{"id":14896,"date":"2024-09-20T11:50:26","date_gmt":"2024-09-20T11:50:26","guid":{"rendered":"https:\/\/travelshelper.com\/staging\/?page_id=14896"},"modified":"2026-03-11T17:36:34","modified_gmt":"2026-03-11T17:36:34","slug":"fukuoka","status":"publish","type":"page","link":"https:\/\/travelshelper.com\/hu\/destinations\/asia\/japan\/fukuoka\/","title":{"rendered":"Fukuoka"},"content":{"rendered":"<p>Fukuoka, Kj\u00fas\u00fa dobog\u00f3 sz\u00edve, egy f\u00e9lhold alak\u00fa ter\u00fcletet foglal el a Hakata-\u00f6b\u00f6l \u00e9szaki partj\u00e1n. Fukuoka prefekt\u00fara f\u0151v\u00e1rosak\u00e9nt Jap\u00e1n hatodik legnagyobb v\u00e1rosa, l\u00e1tk\u00e9p\u00e9t modern tornyok \u00e9s a k\u00f6rnyez\u0151 hegyek z\u00f6ld v\u00e1llai tark\u00edtj\u00e1k. Err\u0151l a kil\u00e1t\u00f3pontr\u00f3l meg\u00e9rthetj\u00fck, mi\u00e9rt szolg\u00e1lt ez a hely \u00e9vsz\u00e1zadok \u00f3ta Jap\u00e1n ablakak\u00e9nt \u00c1zsi\u00e1ra. Mind\u00f6ssze 180 kilom\u00e9terre fekv\u0151 Puszant\u00f3l \u2013 testv\u00e9rv\u00e1ros\u00e1t\u00f3l a Genkai-tengeren t\u00fal \u2013 Fukuoka k\u00e9zzelfoghat\u00f3an nyitott a k\u00fclf\u00f6ldi \u00e1ramlatok ir\u00e1nt, mik\u00f6zben egy k\u00e9ts\u00e9gtelen\u00fcl helyi kult\u00far\u00e1t is \u00e1pol.<\/p>\n\n\n\n<p>Az emberi jelenl\u00e9t itt a Dzs\u00f3mon-korszakig ny\u00falik vissza, de a Jajoi-korszakban alakult ki a rizstermeszt\u00e9s \u00e9s a korai telep\u00fcl\u00e9sek az \u00f6b\u00f6l term\u00e9keny perem\u00e9n. A Jamato-korszakra a politikai befoly\u00e1s m\u00e1r kezdett megszil\u00e1rdulni, Fukuoka m\u00e9gis karny\u00fajt\u00e1snyira maradt Kiot\u00f3, majd k\u00e9s\u0151bb Edo birodalmi k\u00f6zpontjait\u00f3l. Ez a t\u00e1vols\u00e1g egy olyan dialektust \u00e9s szok\u00e1sokat hozott l\u00e9tre, amelyek ma is \u00e9lnek, \u00e9s a v\u00e1rosnak jellegzetes csilingel\u00e9s\u00e9t \u00e9s melegs\u00e9g\u00e9t adj\u00e1k.<\/p>\n\n\n\n<p>Az Edo-korban Hakata \u00e9s Fukuoka ikerv\u00e1rosai egym\u00e1s mellett \u00e9ltek. Az egyik kereskedelmi k\u00f6zpont, a m\u00e1sik szamur\u00e1jbirtok volt; a legenda szerint 1889-ben helyi szamur\u00e1jok beavatkoztak az egyes\u00edtett v\u00e1ros n\u00e9vad\u00f3 verseny\u00e9be, biztos\u00edtva ezzel a \u201eFukuoka\u201d n\u00e9v elnyer\u00e9s\u00e9t \u2013 annak ellen\u00e9re, hogy kik\u00f6t\u0151je \u00e9s f\u0151 vas\u00fat\u00e1llom\u00e1sa m\u00e9g mindig Hakata nevet viseli. Az ilyen t\u00f6rt\u00e9netek, legyenek azok teljesen t\u00e9nyszer\u0171ek vagy folkl\u00f3rral \u00e1tsz\u0151ttek, j\u00f3l illusztr\u00e1lj\u00e1k a v\u00e1ros azon k\u00e9pess\u00e9g\u00e9t, hogy k\u00e9t identit\u00e1s k\u00f6z\u00f6tt egyens\u00falyt teremtsen an\u00e9lk\u00fcl, hogy b\u00e1rmelyiket is cs\u00f6kkenten\u00e9.<\/p>\n\n\n\n<p>A huszadik sz\u00e1zad k\u00f6zep\u00e9re Fukuoka n\u00f6veked\u00e9se felgyorsult. A v\u00e1ros 1972. \u00e1prilis 1-j\u00e9n korm\u00e1nyzati rendeleti st\u00e1tuszt kapott, \u00e9s 2005-re Nagy-Fukuoka \u2013 t\u00e1gabb nagyv\u00e1rosi ter\u00fclete, bele\u00e9rtve Kitakyushut is \u2013 mintegy 2,5 milli\u00f3 lakost sz\u00e1ml\u00e1lt. Abban az \u00e9vben Fukuoka megel\u0151zte K\u00f3b\u00e9t a v\u00e1ros lakoss\u00e1g\u00e1ban, 2011 j\u00falius\u00e1ban pedig t\u00falsz\u00e1rnyalta Kiot\u00f3t, ami Kiot\u00f3 794-es alap\u00edt\u00e1sa \u00f3ta el\u0151sz\u00f6r fordult el\u0151, hogy egy nyugati v\u00e1ros megel\u0151zte. 2023 m\u00e1rcius\u00e1ban a hivatalos n\u00e9pess\u00e9gsz\u00e1m el\u00e9rte az 1 632 713 lakost, akik nagyj\u00e1b\u00f3l 770 000 f\u00e9rfit \u00e9s 862 000 n\u0151t sz\u00e1ml\u00e1ltak, ami a 343 n\u00e9gyzetkilom\u00e9teres ter\u00fcleten n\u00e9gyzetkilom\u00e9terenk\u00e9nt k\u00f6r\u00fclbel\u00fcl 4515 lakost jelent.<\/p>\n\n\n\n<p>A v\u00e1ros demogr\u00e1fiai v\u00e1ltoz\u00e1sa figyelemre m\u00e9lt\u00f3 fiatalos jellege \u00e9s nyitotts\u00e1ga miatt. Jap\u00e1n leggyorsabban n\u00f6vekv\u0151 nagyv\u00e1rosa, ahol a k\u00fclf\u00f6ld\u00f6n sz\u00fcletett lakosok ar\u00e1nya 2012 \u00e9s 2017 k\u00f6z\u00f6tt gyorsabban n\u0151tt, mint az orsz\u00e1g b\u00e1rmely m\u00e1s r\u00e9sz\u00e9n. Nemzetk\u00f6zi di\u00e1kok \u2013 k\u00f6zel t\u00edzezer \u00e9vente \u2013 \u00e9rkeznek, hogy r\u00e9szt vegyenek a helyi egyetemek programjaiban, m\u00edg mintegy 200 konferencia vonzza a vil\u00e1g szak\u00e9rt\u0151it \u200b\u200ba konferenciak\u00f6zpontokba. M\u00e9g a hajl\u00e9ktalan lakosok \u00e9ves sz\u00e1ma is, amely 2009-ben tet\u0151z\u00f6tt k\u00f6zel ezer f\u0151vel, m\u00e1ra alig sz\u00e1zra cs\u00f6kkent, t\u00fckr\u00f6zve az \u00f6sszehangolt szoci\u00e1lis programokat.<\/p>\n\n\n\n<p>Fukuoka tengeri f\u00f6ldrajza is meghat\u00e1rozza az \u00e9ghajlat\u00e1t. H\u00e1rom oldalr\u00f3l hegyek hat\u00e1rolj\u00e1k, \u00e9s \u00e9szakon a Genkai-tengerig ny\u00edlik, \u00edgy p\u00e1r\u00e1s szubtr\u00f3pusi \u00e9ghajlattal rendelkezik. Az \u00e9ves \u00e1tlagh\u0151m\u00e9rs\u00e9klet 16,3 \u00b0C, a p\u00e1ratartalom k\u00f6zel 70 sz\u00e1zal\u00e9k, a naps\u00fct\u00e9ses \u00f3r\u00e1k sz\u00e1ma pedig k\u00f6r\u00fclbel\u00fcl 1811. A telek enyh\u00e9k maradnak \u2013 ritk\u00e1n s\u00fcllyednek fagypont al\u00e1 \u2013, \u00e9s a havaz\u00e1s ink\u00e1bb finom ecsetvon\u00e1s, mintsem takar\u00f3, ellent\u00e9tben Jap\u00e1n Jap\u00e1n-tenger partvid\u00e9k\u00e9nek s\u0171r\u0171bb havaz\u00e1s\u00e1val. A tavasz cseresznyevir\u00e1gz\u00e1ssal bontakozik ki m\u00e1rcius v\u00e9g\u00e9n vagy \u00e1prilis elej\u00e9n, ami egy hathetes es\u0151s \u00e9vszakhoz vezet j\u00faniust\u00f3l j\u00faliusig, amikor a napi cs\u00facsh\u0151m\u00e9rs\u00e9klet er\u0151s p\u00e1ratartalom mellett 30 \u00b0C fel\u00e9 emelkedik. A ny\u00e1r 37 \u00b0C k\u00f6r\u00fcl tet\u0151zik, amit a tengeri szell\u0151 m\u00e9rs\u00e9kel, az \u0151sz pedig \u2013 amelyet gyakran a legszebb \u00e9vszaknak tartanak \u2013 tiszta leveg\u0151t \u00e9s enyhe meleget hoz, b\u00e1r alkalmank\u00e9nt t\u00e1jfunok is \u00e9reztetik jelenl\u00e9t\u00fcket szeptemberben.<\/p>\n\n\n\n<p>A szeizmikus reng\u00e9sek is Fukuoka val\u00f3s\u00e1g\u00e1nak r\u00e9sz\u00e9t k\u00e9pezik, b\u00e1r ritk\u00e1bbak, mint \u00e9szakabbra. 2005. m\u00e1rcius 20-\u00e1n egy alacsonyabb, 6-os er\u0151ss\u00e9g\u0171 f\u00f6ldreng\u00e9s t\u00f6rt\u00e9nt helyi id\u0151 szerint d\u00e9lel\u0151tt 10:53-kor, amely a Genkai-tenger alatti Kego-t\u00f6r\u00e9svonal kiterjeszt\u00e9s\u00e9ben keletkezett. Egy ember\u00e9let vesztette \u00e9let\u00e9t, t\u00f6bb mint 400 ember megs\u00e9r\u00fclt, \u00e9s a Genkai-sziget viselte a k\u00e1rok nagy r\u00e9sz\u00e9t, ami t\u00f6meges evaku\u00e1l\u00e1sokat eredm\u00e9nyezett. A Daimy\u014d \u00e9s Imaizumi hagyom\u00e1nyos fah\u00e1zai j\u00e1rtak a legrosszabbul, sokukat k\u00e9s\u0151bb lebont\u00e1sra \u00edt\u00e9lt\u00e9k. A biztos\u00edt\u00e1si kifizet\u00e9sek megk\u00f6zel\u00edtett\u00e9k a 15,8 milli\u00e1rd jent. Egy h\u00f3nappal k\u00e9s\u0151bb, \u00e1prilis 20-\u00e1n egy m\u00e1sodik, 5+ er\u0151ss\u00e9g\u0171 f\u00f6ldreng\u00e9s is t\u00f6rt\u00e9nt a sk\u00e1l\u00e1n, ami al\u00e1h\u00fazza a t\u00f6r\u00e9svonal kiterjed\u00e9s\u00e9t. Az\u00f3ta tanulm\u00e1nyok 40 kilom\u00e9terre kiterjesztett\u00e9k a Kego-t\u00f6r\u00e9svonal ismert hossz\u00e1t, \u00e9s felfel\u00e9 m\u00f3dos\u00edtott\u00e1k a jelent\u0151s f\u00f6ldreng\u00e9s val\u00f3sz\u00edn\u0171s\u00e9g\u00e9t.<\/p>\n\n\n\n<p>Fukuoka gazdas\u00e1gi \u00e9let\u00e9t a szolg\u00e1ltat\u00e1sok \u00e9s az innov\u00e1ci\u00f3 alapozza meg. Jap\u00e1n els\u0151dleges startup k\u00f6zpontja, az egyetlen orsz\u00e1gos z\u00f3na, amely az \u00faj v\u00e1llalkoz\u00e1soknak szentelt, v\u00edzumkedvezm\u00e9nyekkel, ad\u00f3kedvezm\u00e9nyekkel \u00e9s tan\u00e1csad\u00f3 h\u00e1l\u00f3zatokkal. Olyan nagyv\u00e1llalatok, mint az Iwataya \u00e9s a Kyushu Electric Power osztoznak a v\u00e1ros l\u00e1tk\u00e9p\u00e9n, ahol agilis technol\u00f3giai \u00e9s logisztikai c\u00e9gek m\u0171k\u00f6dnek. M\u00edg a neh\u00e9zipar Kitakyushuban koncentr\u00e1l\u00f3dik, Fukuoka nagyv\u00e1rosi ter\u00fclete \u2013 amely GDP alapj\u00e1n Jap\u00e1nban a negyedik \u2013 2010-ben 101,6 milli\u00e1rd USD-t termelt. V\u00e1s\u00e1rl\u00f3er\u0151-szabv\u00e1ny szerint a termel\u00e9se Melbourne \u00e9s Barcelona szintj\u00e9vel vetekszik.<\/p>\n\n\n\n<p>A k\u00f6zleked\u00e9si infrastrukt\u00fara meger\u0151s\u00edti Fukuoka region\u00e1lis jelent\u0151s\u00e9g\u00e9t. A Hakata \u00e1llom\u00e1s \u2013 a Sany\u014d \u00e9s a Kyushu Shinkansen vonalak v\u00e9g\u00e1llom\u00e1sa \u2013 kapuk\u00e9nt szolg\u00e1l Honshu \u00e9s Kagoshima fel\u00e9. A v\u00e1rosi metr\u00f3 a K\u016bk\u014d, Hakozaki \u00e9s Nanakuma vonalakkal (ez ut\u00f3bbit 2005 febru\u00e1rj\u00e1ban avatt\u00e1k fel) \u00f6sszek\u00f6ti a rep\u00fcl\u0151teret, a belv\u00e1rost \u00e9s az el\u0151v\u00e1rosi negyedeket. A Nishi-Nippon Railroad mag\u00e1nvas\u00fat-\u00fczemeltet\u0151 utasokat sz\u00e1ll\u00edt Omut\u00e1ba, m\u00edg a JR Kyushu \u00e9s koreai partnerei sz\u00e1rnyashaj\u00f3kat \u00fczemeltetnek Puszanba. A v\u00e1ros hat\u00e1rain bel\u00fcl tal\u00e1lhat\u00f3 Fukuoka rep\u00fcl\u0151t\u00e9r mind belf\u00f6ldi j\u00e1ratokat, mind egyre n\u00f6vekv\u0151 sz\u00e1m\u00fa nemzetk\u00f6zi \u00fatvonalat fogad. Hakata kik\u00f6t\u0151je, az \u00fajonnan kib\u0151v\u00edtett haj\u00f3termin\u00e1llal egy\u00fctt, 2016-ig t\u00f6bb mint 400 haj\u00f3t fogadott, amelyek k\u00f6z\u00fcl sok K\u00edn\u00e1b\u00f3l \u00e9s Tajvanr\u00f3l \u00e9rkezett l\u00e1togat\u00f3kat hozott.<\/p>\n\n\n\n<p>A fukuokai kereskedelmi \u00e9s turisztikai hat\u00f3s\u00e1gok kihaszn\u00e1lt\u00e1k ezt az \u00f6sszek\u00f6ttet\u00e9st. Minden \u00e9vben t\u00f6bb mint k\u00e9tmilli\u00f3 k\u00fclf\u00f6ldi l\u00e1togat\u00f3 \u00e9rkezik, akiket olyan helyi specialit\u00e1sok vonzanak, mint a mentaiko, a Hakata st\u00edlus\u00fa sert\u00e9scsontb\u00f3l k\u00e9sz\u00fclt ramen \u00e9s a motsunabe. \u00c9jszaka yatai \u2013 utcai \u00e1rus\u00edt\u00f3helyek \u2013 csoportjai jelennek meg a Nakasu \u00e9s a Tenjin foly\u00f3partokon, pap\u00edrl\u00e1mp\u00e1sok alatt rament \u00e9s yakitorit k\u00edn\u00e1lva. Nappali felfedez\u00e9s k\u00f6zben a kiskereskedelmi paradicsomok t\u00e1rulnak fel: a Canal City labirintusszer\u0171 \u00e1rk\u00e1dja, a JR Hakata City modern komplexuma \u00e9s a Hakata Riverain foly\u00f3parti butikjai.<\/p>\n\n\n\n<p>A kult\u00fara is vir\u00e1gzik. Az ACROS Fukuoka, az \u201e\u00c1zsiai keresztez\u0151d\u00e9s a tenger felett\u201d, egy t\u00f6bbszintes z\u00f6ld homlokzattal magasodik a Tenjin K\u00f6zponti Parkban, egy szimfonikus teremnek \u00e9s ki\u00e1ll\u00edt\u00f3tereknek ad otthont. A prefekt\u00fara \u00e1ltal alap\u00edtott Fukuoka \u00c1zsiai Kultur\u00e1lis D\u00edj a region\u00e1lis m\u0171v\u00e9szethez \u00e9s tudom\u00e1nyhoz val\u00f3 jelent\u0151s hozz\u00e1j\u00e1rul\u00e1sokat ismeri el. M\u00fazeumok, gal\u00e9ri\u00e1k \u00e9s sz\u00ednh\u00e1zak tark\u00edtj\u00e1k a v\u00e1rosi h\u00e1l\u00f3zatot, m\u00edg a k\u00f6zeli Sasaguriban tal\u00e1lhat\u00f3 Nanzoin monument\u00e1lis fekv\u0151 Buddh\u00e1ja \u2013 42 m\u00e9teres \u00f6nt\u00f6tt bronz, a vil\u00e1g legnagyobb szintetikus anyagokb\u00f3l k\u00e9sz\u00fclt szobrai k\u00f6z\u00e9 tartozik.<\/p>\n\n\n\n<p>A t\u00f6rt\u00e9nelmi r\u00e9tegek k\u0151ben \u00e9s ligetben megmaradtak. A Fukuoka v\u00e1r leomlott falai \u00e9s \u00fajj\u00e1\u00e9p\u00edtett tornyai a Maizuru Parkban maradtak fenn, az \u014chori Park f\u00e9nyvisszaver\u0151 tav\u00e1nak szomsz\u00e9ds\u00e1g\u00e1ban. Az olyan templomok, mint a T\u014dch\u014d-ji, a Hakozaki-szent\u00e9ly, a Kashii \u00e9s a Dzs\u00f3ten-ji, a s\u00f3gun\u00e1tus patron\u00e1l\u00e1s\u00e1nak korszakaira eml\u00e9keztetnek. A v\u00e1ros nyugati r\u00e9sz\u00e9n t\u00fal Itosima strandjai \u2013 Futamigaura \u00e9s Keya \u2013 hull\u00e1mokkal \u00e9s homokkal cs\u00e1b\u00edtanak, amelyeket \u0151si szent\u00e9lyek \u00e9s az \u00e9venk\u00e9nti Sunset Live zenei \u00f6sszej\u00f6vetel tark\u00edt. A sz\u00e1razf\u00f6ld belsej\u00e9ben Raizan Sennyo-ji \u0151szi juharf\u00e1i \u00e9s szobrokkal szeg\u00e9lyezett \u00f6sv\u00e9nyei kiemelik a r\u00e9gi\u00f3 spiritu\u00e1lis k\u00f6rvonalait.<\/p>\n\n\n\n<p>Fukuoka vonzerej\u00e9t a megfizethet\u0151s\u00e9g is n\u00f6veli. A Newsweek 2006-ban a vil\u00e1g legdinamikusabb v\u00e1rosai k\u00f6z\u00e9 sorolta, k\u00e9s\u0151bb pedig a Monocle a huszon\u00f6t leglakhat\u00f3bb hely k\u00f6z\u00e9 sorolta. A v\u00e1ros hat\u00e9kony t\u00f6megk\u00f6zleked\u00e9st, tiszta utc\u00e1kat \u00e9s \u00c1zsia k\u00f6zels\u00e9g\u00e9t \u00f6tv\u00f6zi. Az \u00e9jszakai piacok \u00e9s fesztiv\u00e1lok egy olyan v\u00e1rosiass\u00e1got mutatnak, amely egyszerre siets\u00e9gmentes \u00e9s szorgalmas.<\/p>\n\n\n\n<p>V\u00e9g\u00fcl, a v\u00e1ros demogr\u00e1fiai mozaikja \u00e9s fiatal lakoss\u00e1ga lend\u00fcletet ad neki. Egyetemek, inkub\u00e1torh\u00e1zak, m\u0171sorszolg\u00e1ltat\u00f3k \u2013 k\u00f6zt\u00fck az RKB Mainichi \u00e9s a Love FM \u2013, valamint egy helyi t\u0151zsde meger\u0151s\u00edtik azt az \u00f6nbizalmat, amely meghazudtolja f\u00f6ldrajzi perif\u00e9ri\u00e1j\u00e1t. Fukuok\u00e1ban a t\u00f6rt\u00e9nelem \u00e9s a modernit\u00e1s hatalmas \u00e1ramlatai tal\u00e1lkoznak az \u00f6b\u00f6lben: ahol a keresked\u0151k egykor vitorl\u00e1val cser\u00e9ltek \u00e1rut, a startupok ma optikai k\u00e1belen kereszt\u00fcl kereskednek \u00f6tleteikkel. M\u00e9gis, minden \u00e1talakul\u00e1s sor\u00e1n a v\u00e1ros meg\u0151rzi a melegs\u00e9g sz\u00e1l\u00e1t \u2013 a helyi identit\u00e1s egyfajta \u00e1rny\u00e9k\u00e1t, amely az idegenekb\u0151l t\u00f6rzsvend\u00e9geket csin\u00e1l, ha csak egy t\u00e1l g\u0151z\u00f6lg\u0151 r\u00e1men kedv\u00e9\u00e9rt egy l\u00e1mp\u00e1s f\u00e9nye alatt.<\/p>","protected":false},"excerpt":{"rendered":"<p>Fukuoka, Jap\u00e1n hatodik legnagyobb v\u00e1rosa \u00e9s Fukuoka prefekt\u00fara sz\u00e9khelye, egy dinamikus metropolisz a Hakata-\u00f6b\u00f6l strandjain\u00e1l, a Kyushu-sziget \u00e9szaki partj\u00e1n. A t\u00f6bb mint 1,6 milli\u00f3 lakos\u00fa Fukuoka Kyushu legn\u00e9pesebb v\u00e1rosa \u00e9s a Keihanshin nagyv\u00e1rosi r\u00e9gi\u00f3t\u00f3l nyugatra fekv\u0151 f\u0151 v\u00e1rosk\u00f6zpont. Ez a ny\u00fczsg\u0151 metropolisz, amely t\u00f6rt\u00e9nelmileg Jap\u00e1n \u00e9s az \u00e1zsiai sz\u00e1razf\u00f6ld k\u00f6z\u00f6tti csatorna, m\u00e9lyrehat\u00f3 t\u00f6rt\u00e9nelemmel az \u00f3korig terjed, \u00e9s tov\u00e1bbra is szerves r\u00e9sze Jap\u00e1n gazdas\u00e1gi \u00e9s kultur\u00e1lis kereteinek.<\/p>","protected":false},"author":1,"featured_media":2995,"parent":14797,"menu_order":0,"comment_status":"closed","ping_status":"closed","template":"elementor_theme","meta":{"_eb_attr":"","footnotes":""},"class_list":["post-14896","page","type-page","status-publish","has-post-thumbnail"],"_links":{"self":[{"href":"https:\/\/travelshelper.com\/hu\/wp-json\/wp\/v2\/pages\/14896","targetHints":{"allow":["GET"]}}],"collection":[{"href":"https:\/\/travelshelper.com\/hu\/wp-json\/wp\/v2\/pages"}],"about":[{"href":"https:\/\/travelshelper.com\/hu\/wp-json\/wp\/v2\/types\/page"}],"author":[{"embeddable":true,"href":"https:\/\/travelshelper.com\/hu\/wp-json\/wp\/v2\/users\/1"}],"replies":[{"embeddable":true,"href":"https:\/\/travelshelper.com\/hu\/wp-json\/wp\/v2\/comments?post=14896"}],"version-history":[{"count":0,"href":"https:\/\/travelshelper.com\/hu\/wp-json\/wp\/v2\/pages\/14896\/revisions"}],"up":[{"embeddable":true,"href":"https:\/\/travelshelper.com\/hu\/wp-json\/wp\/v2\/pages\/14797"}],"wp:featuredmedia":[{"embeddable":true,"href":"https:\/\/travelshelper.com\/hu\/wp-json\/wp\/v2\/media\/2995"}],"wp:attachment":[{"href":"https:\/\/travelshelper.com\/hu\/wp-json\/wp\/v2\/media?parent=14896"}],"curies":[{"name":"wp","href":"https:\/\/api.w.org\/{rel}","templated":true}]}}