{"id":14830,"date":"2024-09-20T10:42:04","date_gmt":"2024-09-20T10:42:04","guid":{"rendered":"https:\/\/travelshelper.com\/staging\/?page_id=14830"},"modified":"2026-03-11T17:08:44","modified_gmt":"2026-03-11T17:08:44","slug":"nagasaki","status":"publish","type":"page","link":"https:\/\/travelshelper.com\/hu\/destinations\/asia\/japan\/nagasaki\/","title":{"rendered":"Nagasaki"},"content":{"rendered":"<p>Nagaszaki egy karcs\u00fa \u00f6bl\u00f6t foglal el Kj\u00fas\u00fa nyugati partj\u00e1n, neve \u2013 \u201ehossz\u00fa fok\u201d \u2013 a kik\u00f6t\u0151 \u00edv\u00e9t id\u00e9zi, amely form\u00e1lta t\u00f6rt\u00e9nelm\u00e9t \u00e9s identit\u00e1s\u00e1t. Att\u00f3l a pillanatt\u00f3l kezdve, hogy a portug\u00e1l keresked\u0151k a 16. sz\u00e1zad k\u00f6zep\u00e9n itt horgonyoztak le, a v\u00e1ros a kereskedelem, a hit \u00e9s a kultur\u00e1lis csere metsz\u00e9spontj\u00e1ban form\u00e1l\u00f3dott. Az ezt k\u00f6vet\u0151 \u00e9vsz\u00e1zadokban Nagaszaki egyed\u00fcl \u00e1llt Jap\u00e1n elszigetelts\u00e9gi politik\u00e1ja alatt, mint az egyetlen megengedett kapcsol\u00f3d\u00e1si pont Eur\u00f3p\u00e1val. Ma is olyan hely, ahol a m\u00falt \u00e9s a jelen kont\u00farjai \u00f6sszeolvadnak: keskeny utc\u00e1k, amelyeket konfuci\u00e1nus templomok \u00e9s katolikus templomok szeg\u00e9lyeznek, modern villamosok kanyarognak a vesztes\u00e9g \u00e9s a fel\u00e9p\u00fcl\u00e9s eml\u00e9km\u0171vei k\u00f6z\u00f6tt.<\/p>\n\n\n\n<p>Amikor a portug\u00e1l haj\u00f3k el\u0151sz\u00f6r \u00e9rkeztek 1571 k\u00f6r\u00fcl, egy szer\u00e9ny hal\u00e1szfalura bukkantak. \u00c9vtizedeken bel\u00fcl ez a telep\u00fcl\u00e9s Jap\u00e1n legforgalmasabb k\u00fclf\u00f6ldi kik\u00f6t\u0151j\u00e9v\u00e9 n\u0151tte ki mag\u00e1t. A selyem, ez\u00fcst \u00e9s k\u00ednai \u00e1ruk kereskedelme mellett kereszt\u00e9ny misszion\u00e1riusok is \u00e9rkeztek, \u00e9s Nagaszaki az \u00faj vall\u00e1s korai fellegv\u00e1r\u00e1v\u00e1 v\u00e1lt. Holland keresked\u0151k k\u00f6vett\u00e9k \u0151ket, akik Dejima mesters\u00e9ges sziget\u00e9re szorultak, ahol \u0151k tartott\u00e1k fenn Jap\u00e1n egyetlen kapcsolat\u00e1t Eur\u00f3pa tudom\u00e1nyos \u00e9s kultur\u00e1lis fejl\u0151d\u00e9s\u00e9vel. A Tokugava s\u00f3gun\u00e1tus nemzeti elszigetelts\u00e9ge alatt egyetlen m\u00e1s kik\u00f6t\u0151 sem fogadott k\u00fclf\u00f6ldi haj\u00f3kat. A 19. sz\u00e1zad k\u00f6zep\u00e9re Dejima rakt\u00e1rai \u00e9s a Shinchi k\u00ednai negyedk\u00e9nt ismert negyed t\u00f6r\u00e9keny nyitotts\u00e1got testes\u00edtett meg. A keresked\u0151k \u00e9s a k\u00f6vetek egym\u00e1s mellett \u00e9ltek, nemcsak \u00e1rukat, hanem eszm\u00e9ket \u2013 csillag\u00e1szatot, t\u00e9rk\u00e9p\u00e9szetet \u00e9s orvostudom\u00e1nyt \u2013 cser\u00e9lve j\u00f3val azel\u0151tt, hogy Jap\u00e1n teljesen befogadta volna a t\u00e1gabb vil\u00e1got.<\/p>\n\n\n\n<p>A v\u00e1ros maga egy kanyarg\u00f3s \u00f6b\u00f6l \u00e9l\u00e9n elter\u00fcl\u0151 keskeny s\u00edks\u00e1gon fekszik, melyet mindk\u00e9t oldalon meredek dombok szeg\u00e9lyeznek. K\u00e9t foly\u00f3, melyeket egy szikl\u00e1s ny\u00falv\u00e1ny v\u00e1laszt el egym\u00e1st\u00f3l, m\u00e9ly v\u00f6lgyeket v\u00e1j, amelyek a lakosokat \u00e9s a l\u00e1togat\u00f3kat a v\u00edzpart fel\u00e9 ir\u00e1ny\u00edtj\u00e1k. A dombok \u00e1ltal k\u00f6r\u00fclvett v\u00e1rosi fejleszt\u00e9s kevesebb mint t\u00edz n\u00e9gyzetkilom\u00e9tert foglal el, s\u0171r\u0171, f\u00fcgg\u0151leges jelleget k\u00f6lcs\u00f6n\u00f6zve Nagaszakinak. Lak\u00f3h\u00e1zak \u00e9s irodatornyok sorakoznak, m\u00edg kanyarg\u00f3s sik\u00e1torok \u00e9s l\u00e9pcs\u0151k k\u00f6tik \u00f6ssze a v\u00e1rosr\u00e9szeket. A hegycs\u00facsokr\u00f3l \u2013 k\u00fcl\u00f6n\u00f6sen Inasayam\u00e1b\u00f3l \u2013 ny\u00edl\u00f3 panor\u00e1ma a kik\u00f6t\u0151 fel\u00e9 billen\u0151 h\u00e1ztet\u0151k foltjait t\u00e1rja fel, ezt a l\u00e1tv\u00e1nyt a helyiek \u201et\u00edzmilli\u00f3 doll\u00e1ros kil\u00e1t\u00e1snak\u201d nevezt\u00e9k.<\/p>\n\n\n\n<p>Nagaszaki \u00e9ghajlata a D\u00e9l-Jap\u00e1nra jellemz\u0151 p\u00e1r\u00e1s szubtr\u00f3pusi \u00e9ghajlathoz igazodik, a telek ritk\u00e1n s\u00fcllyednek fagypont al\u00e1, a nyarakat pedig izzaszt\u00f3 h\u0151s\u00e9g \u00e9s p\u00e1ra jellemzi. Az es\u0151 eg\u00e9sz \u00e9vben esik, de a leghevesebb j\u00faniusban \u00e9s j\u00faliusban; az 1982-es feljegyz\u00e9sek szerint j\u00faliusban t\u00f6bb mint egy m\u00e9ter csapad\u00e9k esett. A telek viszonylag sz\u00e1razak \u00e9s naposak, ami \u00f6r\u00f6mmel t\u00f6lti el a hidegebb, sz\u00e1razf\u00f6ldi v\u00e1rosokb\u00f3l menek\u00fcl\u0151 l\u00e1togat\u00f3kat. Egy ritka janu\u00e1ri reggelen h\u00f3 bor\u00edthatja be az utc\u00e1kat, ahogyan az 2016 elej\u00e9n is t\u00f6rt\u00e9nt, amikor tizenh\u00e9t centim\u00e9ter esett, \u00e9s egy pillanatra s\u00e1padt t\u00e1jj\u00e1 v\u00e1ltoztatta a kik\u00f6t\u0151v\u00e1rost.<\/p>\n\n\n\n<p>A v\u00e1ros hossz\u00fa, nyitott t\u00f6rt\u00e9net\u00e9t komor cseng\u00e9s jellemezte 1945 augusztus\u00e1ban. Hirosima ut\u00e1n h\u00e1rom nappal atombomba puszt\u00edtotta el Nagaszaki Urakami negyed\u00e9t, mintegy 100 000 ember \u00e9let\u00e9t oltva ki. A robban\u00e1s alatt gy\u00e1rak, templomok \u00e9s h\u00e1zak v\u00e1ltak romhalmazz\u00e1. A v\u00e1ros azonban nem t\u0171nt el. A k\u00f6vetkez\u0151 \u00e9vtizedekben a t\u00fal\u00e9l\u0151k \u00e9s lesz\u00e1rmazottaik \u00fajj\u00e1\u00e9p\u00edtett\u00e9k a templomokat, iskol\u00e1kat \u00e9s v\u00e1rosr\u00e9szeket. Ma a Nagaszaki B\u00e9kepark \u00e9s az Atombomba M\u00fazeum tan\u00faskodik err\u0151l a katasztr\u00f3f\u00e1r\u00f3l, mik\u00f6zben a megb\u00e9k\u00e9l\u00e9si er\u0151fesz\u00edt\u00e9sek \u00e9s az oktat\u00e1si programok hangs\u00falyozz\u00e1k azt az elk\u00f6telezetts\u00e9get, hogy az ilyen er\u0151szak soha t\u00f6bb\u00e9 nem ism\u00e9tl\u0151dhet meg.<\/p>\n\n\n\n<p>Nagaszaki kik\u00f6t\u0151je tov\u00e1bbra is akt\u00edv, de a modern l\u00e9gi \u00e9s vas\u00fati \u00f6sszek\u00f6ttet\u00e9sek ir\u00e1ny\u00edtj\u00e1k az \u00e9rkez\u0151k nagy r\u00e9sz\u00e9t. A v\u00e1ros hat\u00e1rain k\u00edv\u00fcl tal\u00e1lhat\u00f3 \u014cmura rep\u00fcl\u0151t\u00e9r teljes k\u00f6r\u0171 szolg\u00e1ltat\u00e1st ny\u00fajt\u00f3 l\u00e9git\u00e1rsas\u00e1gokat \u2013 a Japan Airlines-t \u00e9s az ANA-t \u2013 \u00e9s fapados l\u00e9git\u00e1rsas\u00e1gokat, p\u00e9ld\u00e1ul a Peach-et \u00e9s a Jetstar-t is kiszolg\u00e1l. Nemzetk\u00f6zi j\u00e1ratok csatlakoznak Sanghajhoz, Hongkonghoz \u00e9s Sz\u00f6ulhoz. Limuzinbusz-h\u00e1l\u00f3zat sz\u00e1ll\u00edtja az utasokat kevesebb mint egy \u00f3ra alatt a v\u00e1rosba.<\/p>\n\n\n\n<p>A sz\u00e1razf\u00f6ld\u00f6n a Nishi-Ky\u016bsh\u016b Shinkansen nemr\u00e9g elk\u00e9sz\u00fclt szakasza Nagasaki \u00e9s Takeo-Onsen k\u00f6z\u00f6tt sz\u00e1guld, lehet\u0151s\u00e9get adva az utasoknak, hogy \u00e1tsz\u00e1lljanak a Kyushu h\u00e1l\u00f3zat korl\u00e1tozott expressz j\u00e1rataira. A fukuokai Hakata \u00e1llom\u00e1st\u00f3l indul\u00f3 \u00fat ak\u00e1r kilencven percig is eltarthat; a kedvezm\u00e9nyes viteld\u00edjak \u00e9s a Japan Rail Passek sokak sz\u00e1m\u00e1ra praktikuss\u00e1 teszik. A sz\u0171kebb k\u00f6lts\u00e9gvet\u00e9ssel rendelkez\u0151k vagy a lassabb utaz\u00e1st kedvel\u0151k sz\u00e1m\u00e1ra Fukuok\u00e1b\u00f3l \u00e9s Kagoshim\u00e1b\u00f3l rendszeresen indulnak aut\u00f3p\u00e1lya-buszok.<\/p>\n\n\n\n<p>A v\u00e1roson bel\u00fcl az elektromos villamosrendszer \u2013 a szeretetteljesen csin-csin dens\u00e1nak nevezett villamosok \u2013 tov\u00e1bbra is a legjellegzetesebb k\u00f6zleked\u00e9si m\u00f3d. Nagaszaki k\u00f6zpontj\u00e1b\u00f3l \u00f6t vonal indul, mindegyik m\u00e1s-m\u00e1s sz\u00edn\u0171. Egyetlen \u00fat 140 jenbe ker\u00fcl; egynapos b\u00e9rlet 500 jen\u00e9rt kaphat\u00f3. A villamoss\u00edneken t\u00fali sarkokig buszok k\u00f6zlekednek, m\u00edg Inasayam\u00e1ba k\u00f6t\u00e9lp\u00e1lya \u00e9s kanyarg\u00f3s \u00fat vezet.<\/p>\n\n\n\n<p>Az idegen vall\u00e1sok lenyomata ma is \u00e9l\u00e9nk. Az 1864-ben \u00e9p\u00fclt \u014cura katolikus templom Jap\u00e1n legr\u00e9gebbi fennmaradt temploma. A k\u00f6zelben tal\u00e1lhat\u00f3 a Huszonhat M\u00e1rt\u00edr M\u00fazeuma, ahol 1597-ben jap\u00e1n kereszt\u00e9nyeket \u00e9s eur\u00f3pai misszion\u00e1riusokat fesz\u00edtettek keresztre. Az \u00fajj\u00e1\u00e9p\u00edtett Urakami sz\u00e9kesegyh\u00e1z, amely a bomb\u00e1z\u00e1s el\u0151tt \u00c1zsia legnagyobb temploma volt, ma el\u0151dje romjai mellett magasodik. Ezzel szemben a Koshiby\u014d \u2013 a Konfuciusz-szent\u00e9ly \u2013 a k\u00ednai k\u00f6z\u00f6ss\u00e9g \u00f6r\u00f6ks\u00e9g\u00e9t t\u00fckr\u00f6zi, d\u00edszes piros \u00e9s z\u00f6ld gerend\u00e1ival az egyetlen Konfuciusz-szent\u00e9ly, amelyet valaha K\u00edna sz\u00e1razf\u00f6ldj\u00e9n k\u00edv\u00fcl \u00e9p\u00edtettek.<\/p>\n\n\n\n<p>A buddhista templomok Nagaszaki multikultur\u00e1lis t\u00f6rt\u00e9nelm\u00e9r\u0151l is \u00e1rulkodnak. A 17. sz\u00e1zadi k\u00ednai bev\u00e1ndorl\u00f3k \u00e1ltal mag\u00e1val hozott Ming-dinasztia \u00e9p\u00edt\u00e9szeti elemeivel rendelkez\u0151 Szofukudzsi a vil\u00e1g egyik legszebb p\u00e9ld\u00e1ja ennek a st\u00edlusnak. Az 1945 ut\u00e1n \u00fajj\u00e1\u00e9p\u00edtett Fukusaidzsi szokatlan tekn\u0151s alakot \u00f6lt\u00f6tt; bel\u00fcl egy Foucault-inga leng a h\u00e1bor\u00fa helyi \u00e1ldozatainak eml\u00e9km\u0171ve felett. A \u201ev\u00f6r\u00f6s templomk\u00e9nt\u201d ismert K\u00f3fukudzsi a v\u00e1ros ny\u00fczsg\u00e9se k\u00f6zepette \u0151rzi Obaku Zen hagyom\u00e1nyait.<\/p>\n\n\n\n<p>A modern kultur\u00e1lis int\u00e9zm\u00e9nyek tov\u00e1bbi m\u00e9lys\u00e9geket k\u00edn\u00e1lnak. A Nagasaki Prefekt\u00fara M\u0171v\u00e9szeti M\u00fazeuma, amelynek kort\u00e1rs formatervez\u00e9se nemzetk\u00f6zi figyelmet kapott, belf\u00f6ldi \u00e9s v\u00e1ndorki\u00e1ll\u00edt\u00e1soknak egyar\u00e1nt otthont ad. A v\u00e1ros T\u00f6rt\u00e9neti \u00e9s Kultur\u00e1lis M\u00fazeuma a tengeri kereskedelem \u00e9s a vall\u00e1si konfliktusok \u00e9vsz\u00e1zadait mutatja be. A Tamazono-dombon tal\u00e1lhat\u00f3 Suwa-szent\u00e9lyben a l\u00e1togat\u00f3k minden okt\u00f3berben \u00f6sszegy\u0171lnek az O-Kunchi fesztiv\u00e1lra, amikor a r\u00e9sztvev\u0151kkel s\u00falyozott kocsik forognak az utc\u00e1kon, hogy tisztelegjenek az \u0151si istens\u00e9gek el\u0151tt.<\/p>\n\n\n\n<p>A v\u00e1ros hat\u00e1rain t\u00fal szigetek fekszenek, amelyek Nagaszaki m\u00faltj\u00e1nak von\u00e1sait hordozz\u00e1k. Gunkandzsima, vagyis a Csatahaj\u00f3-sziget, tizen\u00f6t kilom\u00e9terre a partt\u00f3l pusztul\u00f3 sziluettk\u00e9nt dereng fel. Egykor a vil\u00e1g legs\u0171r\u0171bben lakott helye volt, ahol 1974-ig sz\u00e9nb\u00e1ny\u00e1szok \u00e9s csal\u00e1djaik \u00e9ltek. Ma vezetett t\u00far\u00e1k j\u00e1rj\u00e1k k\u00f6rbe az omladoz\u00f3 betontornyokat, \u00e9s egy kis m\u00fazeum eml\u00e9kezik meg a munk\u00e1sokr\u00f3l \u2013 akik k\u00f6z\u00fcl sokan Kore\u00e1b\u00f3l toboroztak \u2013, akik mostoha k\u00f6r\u00fclm\u00e9nyeket \u00e9ltek \u00e1t a v\u00e1rosban.<\/p>\n\n\n\n<p>Kev\u00e9sb\u00e9 komor hangulat\u00fa egy kit\u00e9r\u0151 I\u014djim\u00e1ba, ahol egy r\u00f6vid komp\u00fat homokos partokhoz \u00e9s term\u00e9szetes h\u0151forr\u00e1sokhoz viszi a l\u00e1togat\u00f3kat. A sziget \u00fcd\u00fcl\u0151sz\u00e1llod\u00e1ja \u00e9jszak\u00e1z\u00e1sra is alkalmas, \u00e9s k\u00f6z\u00f6s f\u00fcrd\u0151ket k\u00edn\u00e1l, ahonnan kil\u00e1t\u00e1s ny\u00edlik a tengerre, eml\u00e9keztetve arra, hogyan form\u00e1lj\u00e1k a vulkanikus er\u0151k Ky\u016bshu t\u00e1j\u00e1t.<\/p>\n\n\n\n<p>Nagaszaki napt\u00e1r\u00e1t eg\u00e9sz \u00e9vben \u00e9l\u00e9nk esem\u00e9nyek tark\u00edtj\u00e1k. A t\u00e9l v\u00e9g\u00e9n megrendez\u00e9sre ker\u00fcl\u0151 L\u00e1mp\u00e1sfesztiv\u00e1l a v\u00e1ros k\u00ednai \u0151seit tisztelegve tiszteleg: t\u00f6bb mint h\u00faszezer l\u00e1mp\u00e1s szeg\u00e9lyezi az utc\u00e1kat \u00e9s a v\u00edzi utakat, mitikus form\u00e1kb\u00f3l \u00e1ll\u00f3 kivil\u00e1g\u00edtott folyos\u00f3t alkotva. Augusztusban az Obon-\u00fcnneps\u00e9gek vid\u00e1m hangulatot \u00f6ltenek, az \u0151s\u00f6k tisztelet\u00e9t a kik\u00f6t\u0151t ragyog\u00f3 t\u0171zij\u00e1t\u00e9kkal \u00f6tv\u00f6zve. Okt\u00f3ber elej\u00e9n pedig az O-Kunchi fesztiv\u00e1l a Suwa-szent\u00e9ly ter\u00fclet\u00e9t oroszl\u00e1nt\u00e1ncok, felvonul\u00e1sok \u00e9s takoyakit \u00e9s grillezett kukoric\u00e1t \u00e1rus\u00edt\u00f3 utcai \u00e1rusok sz\u00ednpad\u00e1v\u00e1 alak\u00edtja.<\/p>\n\n\n\n<p>Azzal, hogy Nagaszaki \u00f6sszefonja a h\u00e9tk\u00f6znapi \u00e9s a rendk\u00edv\u00fcli \u00e9lm\u00e9nyeket \u2013 a villamoss\u00edneken zakatol\u00f3 villamosok, az \u00fajj\u00e1\u00e9p\u00edtett templomok csendes csendje, a fesztiv\u00e1loz\u00f3k t\u00f6meg\u00e9nek morajl\u00e1sa \u2013, elm\u00e9lked\u00e9sre k\u00e9sztet minket az emberi t\u00e1rsadalmakon \u00e1thalad\u00f3 \u00e1ramlatokr\u00f3l. Keskeny v\u00f6lgyei \u00e9s \u00edvel\u0151 dombjai a k\u00edv\u00e1ncsis\u00e1g, a konfliktusok \u00e9s az egy\u00fctt\u00e9rz\u00e9s t\u00f6rt\u00e9neteit rejtik. Minden modern villamosban, minden fel\u00faj\u00edtott templomban, minden eml\u00e9km\u0171n\u00e9l elsuttogott im\u00e1ban a v\u00e1ros elismeri a m\u00falt s\u00faly\u00e1t \u00e9s a korl\u00e1tokon \u00e1t\u00edvel\u0151 kapcsolat lehet\u0151s\u00e9g\u00e9be vetett rend\u00edthetetlen hitet. Ez a fesz\u00fclts\u00e9g \u2013 a tart\u00f3s sebek \u00e9s az \u00fajj\u00e1\u00e9p\u00edt\u00e9shez val\u00f3 alkalmazkod\u00e1s k\u00f6z\u00f6tti fesz\u00fclts\u00e9g \u2013 adja Nagaszaki egyed\u00fcl\u00e1ll\u00f3 m\u00e9lys\u00e9g\u00e9t.<\/p>","protected":false},"excerpt":{"rendered":"<p>Nagaszaki, egy jelent\u0151s t\u00f6rt\u00e9nelmi jelent\u0151s\u00e9g\u0171 \u00e9s kultur\u00e1lis m\u00e9lys\u00e9g\u0171 v\u00e1ros, Kyushu, Jap\u00e1n harmadik legnagyobb sziget\u00e9nek nyugati partj\u00e1n tal\u00e1lhat\u00f3. 2024. febru\u00e1r 1-j\u00e9n ennek a dinamikus nagyv\u00e1rosi k\u00f6zpontnak a becs\u00fclt lakoss\u00e1ga 392 281 f\u0151, s\u0171r\u0171s\u00e9ge pedig 966 egyed n\u00e9gyzetkilom\u00e9terenk\u00e9nt, teljes ter\u00fclete pedig 405,86 n\u00e9gyzetkilom\u00e9ter. Nagaszaki jellegzetes domborzata, amely egy hossz\u00fa \u00f6b\u00f6l cs\u00facs\u00e1n helyezkedik el, amely term\u00e9szetes kik\u00f6t\u0151t hoz l\u00e9tre, \u00e9s jelent\u0151sen befoly\u00e1solta t\u00f6rt\u00e9nelmi p\u00e1ly\u00e1j\u00e1t az id\u0151k sor\u00e1n.<\/p>","protected":false},"author":1,"featured_media":3034,"parent":14797,"menu_order":0,"comment_status":"closed","ping_status":"closed","template":"elementor_theme","meta":{"_eb_attr":"","footnotes":""},"class_list":["post-14830","page","type-page","status-publish","has-post-thumbnail"],"_links":{"self":[{"href":"https:\/\/travelshelper.com\/hu\/wp-json\/wp\/v2\/pages\/14830","targetHints":{"allow":["GET"]}}],"collection":[{"href":"https:\/\/travelshelper.com\/hu\/wp-json\/wp\/v2\/pages"}],"about":[{"href":"https:\/\/travelshelper.com\/hu\/wp-json\/wp\/v2\/types\/page"}],"author":[{"embeddable":true,"href":"https:\/\/travelshelper.com\/hu\/wp-json\/wp\/v2\/users\/1"}],"replies":[{"embeddable":true,"href":"https:\/\/travelshelper.com\/hu\/wp-json\/wp\/v2\/comments?post=14830"}],"version-history":[{"count":0,"href":"https:\/\/travelshelper.com\/hu\/wp-json\/wp\/v2\/pages\/14830\/revisions"}],"up":[{"embeddable":true,"href":"https:\/\/travelshelper.com\/hu\/wp-json\/wp\/v2\/pages\/14797"}],"wp:featuredmedia":[{"embeddable":true,"href":"https:\/\/travelshelper.com\/hu\/wp-json\/wp\/v2\/media\/3034"}],"wp:attachment":[{"href":"https:\/\/travelshelper.com\/hu\/wp-json\/wp\/v2\/media?parent=14830"}],"curies":[{"name":"wp","href":"https:\/\/api.w.org\/{rel}","templated":true}]}}