{"id":14797,"date":"2024-09-20T09:51:48","date_gmt":"2024-09-20T09:51:48","guid":{"rendered":"https:\/\/travelshelper.com\/staging\/?page_id=14797"},"modified":"2026-03-11T17:39:09","modified_gmt":"2026-03-11T17:39:09","slug":"japan","status":"publish","type":"page","link":"https:\/\/travelshelper.com\/hu\/destinations\/asia\/japan\/","title":{"rendered":"Jap\u00e1n"},"content":{"rendered":"<p>Jap\u00e1n egy szigetorsz\u00e1g Kelet-\u00c1zsi\u00e1ban, amely finom ecsetvon\u00e1sk\u00e9nt fekszik a Csendes-\u00f3ce\u00e1n sz\u00e9l\u00e9n. F\u0151 sz\u00e1razf\u00f6ldi r\u00e9sze n\u00e9gy f\u0151 szigetb\u0151l \u00e1ll \u2013 Hokkaid\u00f3b\u00f3l, Hons\u00fab\u00f3l, Sikokub\u00f3l \u00e9s Kj\u00fas\u00fab\u00f3l \u2013, valamint t\u00f6bb mint tizenn\u00e9gyezer kisebb szigetb\u0151l, amelyek k\u00f6zel 3000 kilom\u00e9ter hosszan h\u00faz\u00f3dnak az Ohotszki-tenger hideg torkolat\u00e1t\u00f3l \u00e9szakon a Kelet-k\u00ednai-tenger szubtr\u00f3pusi vizeiig d\u00e9len. A 377 975 n\u00e9gyzetkilom\u00e9teres Jap\u00e1n zord hegyeket \u00e9s s\u0171r\u0171 erd\u0151ket egyens\u00falyoz keskeny part menti s\u00edks\u00e1gokkal, ahol felsz\u00edn\u00e9nek h\u00e1romnegyede a mez\u0151gazdas\u00e1gi tev\u00e9kenys\u00e9get \u00e9s a v\u00e1rosi telep\u00fcl\u00e9seket a keleti partokra korl\u00e1tozza.<\/p>\n\n\n\n<p>Geol\u00f3giailag Jap\u00e1n a Csendes-\u00f3ce\u00e1ni T\u0171zgy\u0171r\u0171 egy ingatag pontj\u00e1n fekszik. A f\u00f6ldreng\u00e9sek nyugtalan\u00edt\u00f3 gyakoris\u00e1ggal hull\u00e1moznak v\u00e9gig a szigetein, \u00e9s a vulk\u00e1ni k\u00fapok \u2013 amelyek k\u00f6z\u00fcl t\u00f6bb mint sz\u00e1z akt\u00edv \u2013 felt\u00f6rik az eget, n\u00e9ma bizony\u00edt\u00e9kk\u00e9nt a f\u00f6ldalatti er\u0151kre. Az 1923-as nagy toki\u00f3i f\u00f6ldreng\u00e9s eml\u00e9ke, amely t\u00f6bb mint 140 000 ember \u00e9let\u00e9t k\u00f6vetelte, m\u00e1ig \u00e9l a nemzet kollekt\u00edv tudat\u00e1ban, ak\u00e1rcsak a k\u00f6zelm\u00faltbeli felfordul\u00e1sok: az 1995-\u00f6s nagy Hanshin-reng\u00e9s \u00e9s a 2011-es T\u014dhokui f\u00f6ldreng\u00e9s, amely puszt\u00edt\u00f3 sz\u00f6k\u0151\u00e1rat \u00e9s nukle\u00e1ris v\u00e1ls\u00e1got v\u00e1ltott ki.<\/p>\n\n\n\n<p>Az \u00e9ghajlat \u00e9szakr\u00f3l d\u00e9lre jelent\u0151sen v\u00e1ltozik. Hokkaid\u00f3n a telek hossz\u00fa, fagyos id\u0151szakokban telnek el, a tavakat \u00e9s mez\u0151ket pedig vastag h\u00f3takar\u00f3 bor\u00edtja. D\u00e9l fel\u00e9 haladva Hons\u00fa nyugati partvid\u00e9ke hideget \u00e9s p\u00e1r\u00e1t is hoz, a Jap\u00e1n-tenger fel\u0151l f\u00faj\u00f3 szelek minden t\u00e9len h\u00f3torlaszokat halmoznak fel. Hons\u00fa k\u00f6z\u00e9ps\u0151 r\u00e9sz\u00e9n tal\u00e1lhat\u00f3 felf\u00f6ld\u00f6n sz\u00e9lesk\u00f6r\u0171 \u00e9vszakos h\u0151m\u00e9rs\u00e9klet-ingadoz\u00e1sok tapasztalhat\u00f3k, m\u00edg Toki\u00f3 \u00e9s Oszaka alatti csendes-\u00f3ce\u00e1ni partvid\u00e9k p\u00e1r\u00e1s nyarakban perzseli az id\u0151t, t\u00e9len pedig alkalmank\u00e9nt fagyok alatt enyh\u00fcl. D\u00e9len a Ry\u016bky\u016bs \u00e9s Nanp\u014d szigeteken szubtr\u00f3pusi es\u0151k csapnak le, melyek meleg\u00e9t csak a m\u00e1jus eleji monszunfront \u00e9s a ny\u00e1r v\u00e9g\u00e9n \u00e9rkez\u0151 t\u00e1jfunok t\u00f6rik meg.<\/p>\n\n\n\n<p>Az \u00e9l\u0151vil\u00e1g t\u00fckr\u00f6zi a f\u00f6ldter\u00fcletek \u00e9s az \u00e9ghajlat ezen soksz\u00edn\u0171s\u00e9g\u00e9t. Az erd\u0151k, amelyek a szigetcsoport k\u00e9tharmad\u00e1t bor\u00edtj\u00e1k, t\u00f6bb mint kilencvenezer fajnak adnak otthont. Barna medv\u00e9k faragnak Hokkaido fenyveseiben; jap\u00e1n mak\u00e1k\u00f3k hever\u00e9sznek a g\u0151z\u00f6lg\u0151 onsen medenc\u00e9kben; ritkas\u00e1gok, mint p\u00e9ld\u00e1ul az \u00f3ri\u00e1s szalamandra, hegyi patakokban siklanak. A sz\u00e1razf\u00f6ld belsej\u00e9ben a Biwa-t\u00f3 \u0151si vizei juhar- \u00e9s c\u00e9drusligetek alatt folynak; a part ment\u00e9n vizes \u00e9l\u0151helyek \u00e9s mocsarak fogadj\u00e1k a v\u00e1ndormadarakat orsz\u00e1gszerte \u00f6tvenh\u00e1rom ramsari helysz\u00ednen.<\/p>\n\n\n\n<p>Az emberi telep\u00fcl\u00e9s ezeken a szigeteken legal\u00e1bb negyvenezer \u00e9vvel ezel\u0151ttre ny\u00falik vissza, \u00e9s a fels\u0151 paleolitikum r\u00e9g\u00e9szeti leleteibe beker\u00fclt. K\u00fcl\u00f6nb\u00f6z\u0151 vad\u00e1sz\u00f3-gy\u0171jt\u00f6get\u0151 n\u00e9pekb\u0151l region\u00e1lis k\u00f6z\u00f6ss\u00e9gek j\u00f6ttek l\u00e9tre, amelyek a negyedik sz\u00e1zadra udvari kir\u00e1lys\u00e1gokk\u00e1 egyes\u00fcltek egy cs\u00e1sz\u00e1r ir\u00e1ny\u00edt\u00e1sa alatt a mai Nara ter\u00fclet\u00e9n. Ez a korszak hozta l\u00e9tre az idegen hiedelmek \u00e9s az \u0151shonos r\u00edtusok els\u0151 szint\u00e9zis\u00e9t: a buddhizmus Kore\u00e1b\u00f3l \u00e9rkezett, a konfuci\u00e1nus \u00e9s taoista eszm\u00e9k K\u00edn\u00e1b\u00f3l sodr\u00f3dtak be, a ritu\u00e1l\u00e9kban \u00e9s mitol\u00f3gi\u00e1ban m\u00e9lyen gy\u00f6kerez\u0151 sintoista gyakorlatok pedig a term\u00e9szet ir\u00e1nti helyi tiszteletb\u0151l fakadtak.<\/p>\n\n\n\n<p>A tizenkettedik sz\u00e1zadra a s\u00f3gun n\u00e9ven ismert katonai uralkod\u00f3k t\u00e9nyleges hatalmat birtokoltak, akik a szamur\u00e1j hierarchi\u00e1kat \u00e9s a feud\u00e1lis ter\u00fcleteket ir\u00e1ny\u00edtott\u00e1k. A Kamakura \u00e9s az Asikaga s\u00f3gun\u00e1tusok a tizenhatodik sz\u00e1zadi, visz\u00e1lykod\u00f3 fejedelems\u00e9gek kor\u00e1ig maradtak fenn. 1600-ban Tokugava Iejaszu \u00faj rendet hozott l\u00e9tre Ed\u00f3ban (a mai Toki\u00f3), \u00e9s egy k\u00e9t \u00e9s f\u00e9l \u00e9vsz\u00e1zadon \u00e1t tart\u00f3 nemzeti elz\u00e1rk\u00f3z\u00e1s politik\u00e1j\u00e1t \u00e9rv\u00e9nyes\u00edtette. A Tokugava-rezsim alatt a t\u00e1rsadalom merev oszt\u00e1lyszerkezetet \u00f6lt\u00f6tt: a szamur\u00e1jok tiszteletet \u00e9s kiv\u00e1lts\u00e1gokat parancsoltak; a keresked\u0151k, k\u00e9zm\u0171vesek \u00e9s f\u00f6ldm\u0171vesek elt\u00e9r\u0151 szerepeket t\u00f6lt\u00f6ttek be; a kitasz\u00edtott k\u00f6z\u00f6ss\u00e9gek, a burakuminok, tiszt\u00e1talannak \u00edt\u00e9lt feladatokat l\u00e1ttak el.<\/p>\n\n\n\n<p>Perry kommodor fekete haj\u00f3inak 1853-as \u00e9rkez\u00e9se megt\u00f6rte a szigetek elszigetelts\u00e9g\u00e9t. Tizen\u00f6t \u00e9ven bel\u00fcl a Tokugava s\u00f3gun\u00e1tus bukott meg, \u00e9s a Meidzsi cs\u00e1sz\u00e1r visszaszerezte a val\u00f3di hatalmat. Jap\u00e1n Meidzsi-korszaka reformok \u00f6z\u00f6n\u00e9ben bontakozott ki: a feud\u00e1lis birtokok feloszlottak, a vasutak ac\u00e9lszalagokat fesz\u00edtettek ki az orsz\u00e1gban, gy\u00e1rak emelkedtek a part menti s\u00edks\u00e1gokon, \u00e9s egy cs\u00e1sz\u00e1ri hadsereg vonult k\u00fclf\u00f6ldre. Az ipari n\u00f6veked\u00e9s a nemzetet a vil\u00e1g sz\u00ednpad\u00e1ra emelte, de egyben militarista amb\u00edci\u00f3kat is hintett el. A tizenkilencedik sz\u00e1zad v\u00e9g\u00e9re Jap\u00e1n befoly\u00e1s\u00e9rt versengett Kore\u00e1ban \u00e9s K\u00edn\u00e1ban; 1937-re teljes k\u00f6r\u0171 inv\u00e1zi\u00f3t ind\u00edtott K\u00edna ellen, 1941-ben pedig csap\u00e1st m\u00e9rt az Egyes\u00fclt \u00c1llamokra \u00e9s az eur\u00f3pai gyarmatokra.<\/p>\n\n\n\n<p>A veres\u00e9g 1945-ben k\u00f6vetkezett be a v\u00e1rosok felgy\u00fajt\u00e1sa \u00e9s a Hirosima \u00e9s Nagaszaki feletti atomrobbant\u00e1s ut\u00e1n. A sz\u00f6vets\u00e9ges megsz\u00e1ll\u00e1s alatt Jap\u00e1n \u00e1t\u00edrta alkotm\u00e1ny\u00e1t, lemondva a h\u00e1bor\u00far\u00f3l, mik\u00f6zben \u00f6nv\u00e9delmi er\u0151ket \u00e9p\u00edtett ki. A h\u00e1bor\u00fa ut\u00e1ni gy\u00e1rt\u00e1si fellend\u00fcl\u00e9s motorker\u00e9kp\u00e1rokat, aut\u00f3kat \u00e9s elektronikai cikkeket gy\u00e1rtott, amelyek vil\u00e1gszerte elvitt\u00e9k a h\u00e1ztart\u00e1sokba a \u201eMade in Japan\u201d feliratot. Az 1960-as \u00e9vekre a gazdas\u00e1gi fellend\u00fcl\u00e9s elk\u00e9peszt\u0151 n\u00f6veked\u00e9ss\u00e9 gyorsult: aut\u00f3p\u00e1ly\u00e1k \u00e9s gyorsvasutak k\u00f6t\u00f6tt\u00e9k \u00f6ssze a v\u00e1rosokat; a felh\u0151karcol\u00f3k a v\u00e1llalatok hatalm\u00e1t jelezt\u00e9k; az \u00e9letsz\u00ednvonal meredeken emelkedett.<\/p>\n\n\n\n<p>Jap\u00e1n ma alkotm\u00e1nyos monarchia k\u00e9tkamar\u00e1s t\u00f6rv\u00e9nyhoz\u00e1ssal, a Nemzeti Orsz\u00e1ggy\u0171l\u00e9ssel. A cs\u00e1sz\u00e1r ceremoni\u00e1lis vezet\u0151 szerepet t\u00f6lt be; a politikai hatalom a v\u00e1lasztott gy\u0171l\u00e9seken \u00e9s a kinevezett minisztereln\u00f6k\u00f6n nyugszik. Jap\u00e1n a G7 egyetlen \u00e1zsiai tagja, m\u00e9gis 1947-es alkotm\u00e1nya tiltja a katonai er\u0151 h\u00f3d\u00edt\u00e1si c\u00e9l\u00fa alkalmaz\u00e1s\u00e1t. Mindazon\u00e1ltal az \u00f6nv\u00e9delmi er\u0151i a vil\u00e1g legjobban felszerelt er\u0151i k\u00f6z\u00e9 tartoznak, \u00e9s az Egyes\u00fclt \u00c1llamokkal k\u00f6t\u00f6tt biztons\u00e1gi partners\u00e9gek Toki\u00f3t Washington legkor\u00e1bbi jelent\u0151s nem NATO-sz\u00f6vets\u00e9gesei k\u00f6z\u00e9 helyezt\u00e9k.<\/p>\n\n\n\n<p>Gazdas\u00e1gilag Jap\u00e1n a vil\u00e1g \u00f6t\u00f6dik legnagyobb nomin\u00e1lis GDP-vel rendelkez\u0151 orsz\u00e1ga. Cs\u00fabu \u00e9s Kant\u00f3 r\u00e9gi\u00f3ban gy\u00e1rak z\u00fcmm\u00f6gnek, aut\u00f3kat, f\u00e9lvezet\u0151ket \u00e9s prec\u00edzi\u00f3s berendez\u00e9seket gy\u00e1rtva. A robotikai laborat\u00f3riumok finom\u00edtj\u00e1k az automatiz\u00e1l\u00e1st, amely Oszak\u00e1t\u00f3l Jokoham\u00e1ig form\u00e1lja a gy\u00e1rakat. Az orsz\u00e1gnak azonban egyre n\u00f6vekv\u0151 \u00e1llamad\u00f3ss\u00e1g\u00e1val \u2013 amely megk\u00f6zel\u00edti a GDP k\u00e9t \u00e9s f\u00e9lszeres\u00e9t \u2013 \u00e9s 15 sz\u00e1zal\u00e9k feletti szeg\u00e9nys\u00e9gi r\u00e1t\u00e1val kell szemben\u00e9znie az alacsony munkan\u00e9lk\u00fclis\u00e9g ellen\u00e9re. Az exportorient\u00e1lt modell Jap\u00e1nt K\u00edn\u00e1t\u00f3l az Egyes\u00fclt \u00c1llamokig terjed\u0151 piacokhoz k\u00f6ti, de az energiaf\u00fcgg\u0151s\u00e9g \u2013 k\u00fcl\u00f6n\u00f6sen az import\u00e1lt fosszilis t\u00fczel\u0151anyagokt\u00f3l val\u00f3 f\u00fcgg\u00e9s \u2013 sebezhet\u0151v\u00e9 teszi a gazdas\u00e1got a glob\u00e1lis \u00e1ringadoz\u00e1sokkal szemben.<\/p>\n\n\n\n<p>Demogr\u00e1fiai szempontb\u00f3l Jap\u00e1n v\u00e1lasz\u00fat el\u0151tt \u00e1ll. 123 milli\u00f3s lakoss\u00e1ga az elm\u00falt \u00e9vekben \u00e9rte el a cs\u00facspontj\u00e1t; 2025-re minden negyedik lakos meghaladja a hatvan\u00f6t \u00e9vet. Az alacsony sz\u00fclet\u00e9si ar\u00e1ny \u00e9s az elhanyagolhat\u00f3 bev\u00e1ndorl\u00e1s az el\u0151rejelz\u00e9seket 2065-re nyolcvannyolcmilli\u00f3ra n\u00f6veli. A zsugorod\u00f3 iskol\u00e1stermek \u00e9s a fiatal csal\u00e1dokt\u00f3l meg\u00fcresedett vid\u00e9ki v\u00e1rosok visszhangoznak a vid\u00e9ken, mik\u00f6zben Toki\u00f3 huszonh\u00e1rom ker\u00fclete tov\u00e1bbra is zs\u00fafolt.<\/p>\n\n\n\n<p>Ezen kih\u00edv\u00e1sok k\u00f6zepette a jap\u00e1n t\u00e1rsadalom kitart a nyelv \u00e9s a hit alapjai mellett. A jap\u00e1n nyelv, amely a jap\u00e1n nyelvcsal\u00e1d tagja, a kandzsi \u00e9s kana \u00edr\u00e1srendszer\u00e9t haszn\u00e1lja, amely logogr\u00e1fokat \u00e9s sz\u00f3tag\u00edr\u00e1sokat fon \u00f6ssze. A region\u00e1lis nyelvek \u2013 az okinavai rjukj\u00fc dialektusok, a hokkaid\u00f3i szinte kihalt ainu \u2013 az \u00f6r\u00f6ks\u00e9g m\u00e9lyebb r\u00e9tegeire utalnak. A vall\u00e1si gyakorlatok k\u00f6z\u00f6tt a sint\u00f3 \u00e9s a buddhizmus \u00f6sszefon\u00f3dik: a szent\u00e9lyek szezon\u00e1lis r\u00edtusoknak adnak otthont; a templomok l\u00e1mp\u00e1sokkal megvil\u00e1g\u00edtott \u00f6sv\u00e9nyeket \u0151rzik a l\u00e1mp\u00e1sfesztiv\u00e1lokon; a vil\u00e1gi esk\u00fcv\u0151i \u00e9s temet\u00e9si szertart\u00e1sok mindk\u00e9t hagyom\u00e1nyt magukban foglalj\u00e1k.<\/p>\n\n\n\n<p>A kultur\u00e1lis \u00e9let a m\u0171v\u00e9szetekben \u00e9s az el\u0151ad\u00f3m\u0171v\u00e9szetben l\u00fcktet. A hagyom\u00e1nyos k\u00e9zm\u0171vess\u00e9g \u2013 a lakkozott ed\u00e9nyek, a fazekass\u00e1g \u00e9s a selyemtextilek \u2013 \u00e9vsz\u00e1zados technik\u00e1kat \u0151rzik a modern diz\u00e1jn mellett. A sz\u00ednpadon n\u00f3 maszkok id\u00e9zik meg az \u00e9teri szellemeket, kabuki sz\u00edn\u00e9szek \u00e1talakulnak bonyolult jelmezekbe, bunraku b\u00e1bok pedig a h\u0171s\u00e9g \u00e9s a vesztes\u00e9g t\u00f6rt\u00e9neteit adj\u00e1k el\u0151. A kalligr\u00e1fusok ecsetvon\u00e1sokat lehelnek a pap\u00edrra, m\u00edg a teamesterek t\u00e1l, habver\u0151 \u00e9s v\u00edz szertart\u00e1sos ritmus\u00e1t hangszerelik.<\/p>\n\n\n\n<p>A jap\u00e1n konyha vil\u00e1gszerte elismer\u00e9st \u00e9rdemel, m\u00e9gis elv\u00e1laszthatatlan sz\u00e1rmaz\u00e1si hely\u00e9t\u0151l. Toki\u00f3 Cukidzsi negyed\u00e9ben a sushi pultok megtelnek a reggeli fog\u00e1sokkal; Kiot\u00f3 kaiszeki asztalai szezon\u00e1lis fog\u00e1sokat, p\u00e9ld\u00e1ul ehet\u0151 haikut k\u00edn\u00e1lnak; Hokkaid\u00f3 hideg tengerei gazdag r\u00e1k- \u00e9s lazacikr\u00e1t teremnek. A rizs, a sz\u00f3ja \u00e9s a tengeri moszat k\u00e9pezik a napi \u00e9tkez\u00e9sek alapj\u00e1t; a z\u00f6ld tea szertart\u00e1st wagashi \u00e9dess\u00e9gek k\u00eds\u00e9rik. A mindennapi \u00e9letben a r\u00e1men t\u00e1lak \u00e9s a curry t\u00e1ny\u00e9rok \u2013 eredetileg Brit Indi\u00e1b\u00f3l \u2013 egyar\u00e1nt biztos\u00edtj\u00e1k a k\u00e9nyelmet \u00e9s a k\u00e9nyelem jegy\u00e9t.<\/p>\n\n\n\n<p>A k\u00f6zleked\u00e9si infrastrukt\u00fara egyszerre testes\u00edti meg az \u00edg\u00e9retet \u00e9s a pontoss\u00e1got. T\u00f6bb mint egymilli\u00f3 kilom\u00e9ternyi \u00fat k\u00f6ti \u00f6ssze a v\u00e1rost \u00e9s a falut; a nagysebess\u00e9g\u0171 Shinkansen vonatok k\u00f6zel 300 kilom\u00e9ter\/\u00f3r\u00e1s sebess\u00e9ggel sz\u00e1guldanak \u00e1t az alagutakon; a region\u00e1lis vasutak hegyeken \u00e9s s\u00edks\u00e1gokon szelik \u00e1t a v\u00e1rosokat. A l\u00e9gi k\u00f6zleked\u00e9s tov\u00e1bbra is \u00e9l\u00e9nk a 280 rep\u00fcl\u0151t\u00e9ren, a Haneda pedig \u00c1zsia m\u00e1sodik legforgalmasabb csom\u00f3pontja. A Toki\u00f3i-\u00f6b\u00f6lben \u00e9s Oszak\u00e1ban tal\u00e1lhat\u00f3 szuperkik\u00f6t\u0151k t\u00f6bb milli\u00f3 kont\u00e9nert kezelnek, biztos\u00edtva a kereskedelem folyamatoss\u00e1g\u00e1t egy olyan orsz\u00e1gban, amelyet az import \u00e9s az export kov\u00e1csol \u00f6ssze.<\/p>\n\n\n\n<p>Jap\u00e1nban az \u00e9let t\u00e1rsadalmi szok\u00e1sok koreogr\u00e1fi\u00e1ja k\u00f6zepette bontakozik ki. A tisztelet \u00e1thatja a mindennapi interakci\u00f3kat: a meghajl\u00e1s jelzi az \u00fcdv\u00f6zl\u00e9st; a n\u00e9vjegyk\u00e1rty\u00e1k k\u00e9zen fogva ker\u00fclnek ki; a cip\u0151k a k\u00fcsz\u00f6b\u00f6n esnek le. A nyilv\u00e1nos helyeken uralkod\u00f3 etikett \u2013 csendes vonatok, elk\u00fcl\u00f6n\u00edtett szemeteskuk\u00e1k az \u00fajrahasznos\u00edt\u00e1shoz \u2013 a figyelmess\u00e9g ir\u00e1nti kollekt\u00edv ragaszkod\u00e1st mutatja. A l\u00e1togat\u00f3k megtanulj\u00e1k, hogy ne tegy\u00e9k a p\u00e1lcik\u00e1t rizsbe, f\u00fcr\u00f6djenek meg, miel\u0151tt bel\u00e9pnek a k\u00f6z\u00f6s k\u00e1dba, \u00e9s szem\u00e9lyesen \u00e9s k\u00e9zzel \u00edrott \u00fczenetben is k\u00f6sz\u00f6netet mondjanak.<\/p>\n\n\n\n<p>Ezen ritu\u00e1l\u00e9k m\u00f6g\u00f6tt azonban az alkalmazkod\u00e1s szelleme h\u00faz\u00f3dik meg. A jap\u00e1n popkult\u00fara kiterjed az anim\u00e9re, a mang\u00e1ra \u200b\u200b\u00e9s a videoj\u00e1t\u00e9kokra, form\u00e1lva a toki\u00f3i mell\u00e9kutc\u00e1k \u00e9s a vid\u00e9ki k\u00e1v\u00e9z\u00f3k ifj\u00fas\u00e1gi kult\u00far\u00e1j\u00e1t egyar\u00e1nt. Az egy\u00fcttm\u0171k\u00f6d\u00e9s \u00e9s a konszenzus tartja \u00f6ssze a munkahelyi hierarchi\u00e1kat, m\u00e9g akkor is, ha egyes n\u0151k \u00e9s kisebbs\u00e9gi csoportok a sz\u00e9lesebb k\u00f6r\u0171 egyenl\u0151s\u00e9g\u00e9rt s\u00fcrgetnek. Az el\u00f6reged\u0151 t\u00e1rsadalomban a robotika \u00e9s az eg\u00e9szs\u00e9g\u00fcgy innov\u00e1ci\u00f3i a gondoz\u00e1s terheinek enyh\u00edt\u00e9s\u00e9t c\u00e9lozz\u00e1k.<\/p>\n\n\n\n<p>Jap\u00e1n, az ellent\u00e9tek orsz\u00e1ga, egyens\u00falyt teremt a meg\u0151rz\u00e9s \u00e9s a v\u00e1ltoz\u00e1s k\u00f6z\u00f6tt. \u0150si templomok \u00e1llnak \u00fcvegtornyok k\u00f6zel\u00e9ben; falusi fesztiv\u00e1lok pezsegtetik a l\u00e1mp\u00e1sokkal megvil\u00e1g\u00edtott utc\u00e1kat, mik\u00f6zben neonrekl\u00e1mok vil\u00e1g\u00edtanak a fej\u00fck felett. A kertekben moha bor\u00edtja a m\u0171v\u00edzes\u00e9sek melletti k\u00f6veket; a v\u00e1rosokban pap\u00edrl\u00e1mp\u00e1sok lebegnek az elektromos vezet\u00e9kek p\u00f3kh\u00e1l\u00f3i alatt. Az eml\u00e9kezet \u00e9s a tal\u00e1l\u00e9konys\u00e1g, az al\u00e1zat \u00e9s az amb\u00edci\u00f3 k\u00f6lcs\u00f6nhat\u00e1sa adja Jap\u00e1n csendes intenzit\u00e1s\u00e1t \u00e9s tart\u00f3s jelenl\u00e9t\u00e9t a vil\u00e1g sz\u00ednpad\u00e1n.<\/p>","protected":false},"excerpt":{"rendered":"<p>Jap\u00e1n, \u00c1zsia keleti partjain\u00e1l tal\u00e1lhat\u00f3 szigetorsz\u00e1g, amelynek lakoss\u00e1ga 2024-ben k\u00f6r\u00fclbel\u00fcl 124 milli\u00f3 volt, \u00edgy a vil\u00e1g kilencedik legn\u00e9pesebb orsz\u00e1ga. Ez a szigetcsoport n\u00e9gy f\u0151 szigetb\u0151l \u00e9s t\u00f6bb kisebb szigetb\u0151l \u00e1ll, amelyek 377 975 n\u00e9gyzetkilom\u00e9ter (145 937 n\u00e9gyzetm\u00e9rf\u00f6ld) ter\u00fcletet fednek le a Csendes-\u00f3ce\u00e1nban. A r\u00e9gi\u00f3 jellegzetes f\u00f6ldrajzi fekv\u00e9se, amelyet nyugatr\u00f3l a Jap\u00e1n-tenger hat\u00e1rol, \u00e9szakon az Ohotszki-tengert\u0151l d\u00e9len a Kelet-k\u00ednai-tengerig terjed, jelent\u0151sen befoly\u00e1solta t\u00f6rt\u00e9nelm\u00e9t, kult\u00far\u00e1j\u00e1t \u00e9s vil\u00e1gm\u00e9ret\u0171 jelent\u0151s\u00e9g\u00e9t.<\/p>","protected":false},"author":1,"featured_media":5237,"parent":24063,"menu_order":0,"comment_status":"closed","ping_status":"closed","template":"elementor_theme","meta":{"_eb_attr":"","footnotes":""},"class_list":["post-14797","page","type-page","status-publish","has-post-thumbnail"],"_links":{"self":[{"href":"https:\/\/travelshelper.com\/hu\/wp-json\/wp\/v2\/pages\/14797","targetHints":{"allow":["GET"]}}],"collection":[{"href":"https:\/\/travelshelper.com\/hu\/wp-json\/wp\/v2\/pages"}],"about":[{"href":"https:\/\/travelshelper.com\/hu\/wp-json\/wp\/v2\/types\/page"}],"author":[{"embeddable":true,"href":"https:\/\/travelshelper.com\/hu\/wp-json\/wp\/v2\/users\/1"}],"replies":[{"embeddable":true,"href":"https:\/\/travelshelper.com\/hu\/wp-json\/wp\/v2\/comments?post=14797"}],"version-history":[{"count":0,"href":"https:\/\/travelshelper.com\/hu\/wp-json\/wp\/v2\/pages\/14797\/revisions"}],"up":[{"embeddable":true,"href":"https:\/\/travelshelper.com\/hu\/wp-json\/wp\/v2\/pages\/24063"}],"wp:featuredmedia":[{"embeddable":true,"href":"https:\/\/travelshelper.com\/hu\/wp-json\/wp\/v2\/media\/5237"}],"wp:attachment":[{"href":"https:\/\/travelshelper.com\/hu\/wp-json\/wp\/v2\/media?parent=14797"}],"curies":[{"name":"wp","href":"https:\/\/api.w.org\/{rel}","templated":true}]}}