{"id":14785,"date":"2024-09-20T09:34:11","date_gmt":"2024-09-20T09:34:11","guid":{"rendered":"https:\/\/travelshelper.com\/staging\/?page_id=14785"},"modified":"2026-03-11T18:16:36","modified_gmt":"2026-03-11T18:16:36","slug":"kirgizisztan","status":"publish","type":"page","link":"https:\/\/travelshelper.com\/hu\/destinations\/asia\/kyrgyzstan\/","title":{"rendered":"Kirgiziszt\u00e1n"},"content":{"rendered":"<p>Kirgiziszt\u00e1n, hivatalos nev\u00e9n Kirgiz K\u00f6zt\u00e1rsas\u00e1g, K\u00f6z\u00e9p-\u00c1zsia egy vadreg\u00e9nyes vid\u00e9k\u00e9n fekszik, ter\u00fclet\u00e9t a Tien-san \u00e9s a Pam\u00edr-hegys\u00e9g magas hegyvonulatai hat\u00e1rozz\u00e1k meg. A k\u00f6zt\u00e1rsas\u00e1got \u00e9szakr\u00f3l Kazahszt\u00e1n, nyugatr\u00f3l \u00dczbegiszt\u00e1n, d\u00e9lr\u0151l T\u00e1dzsikiszt\u00e1n, keletr\u0151l pedig K\u00edna hat\u00e1rolja, az \u00e9szaki sz\u00e9less\u00e9g 39\u00b0 \u00e9s 44\u00b0, valamint a keleti hossz\u00fas\u00e1g 69\u00b0 \u00e9s 81\u00b0 k\u00f6z\u00f6tt ter\u00fcl el. K\u00f6zigazgat\u00e1si k\u00f6zpontja, Biskek, az \u00e9szaki hegyl\u00e1bn\u00e1l fekszik, m\u00edg Os \u2013 a m\u00e1sodik v\u00e1rosa \u00e9s a r\u00e9gi\u00f3 egyik legr\u00e9gebbi v\u00e1rosi telep\u00fcl\u00e9se \u2013 a Fergana-v\u00f6lgy term\u00e9keny \u00e1gai k\u00f6zel\u00e9ben fekszik. Az \u00e1llamnak valamivel t\u00f6bb mint h\u00e9tmilli\u00f3 lakosa van, f\u0151k\u00e9nt kirgiz etnikai lakosok, valamint jelent\u0151s \u00fczb\u00e9g \u00e9s orosz k\u00f6z\u00f6ss\u00e9gek \u00e9lnek itt. Ez a cikk Kirgiziszt\u00e1n fizikai k\u00f6rvonalait, \u00f6sszetett m\u00faltj\u00e1t, valamint a jelen\u00e9t form\u00e1l\u00f3 t\u00e1rsadalmi \u00e9s gazdas\u00e1gi er\u0151ket vizsg\u00e1lja.<\/p>\n\n\n\n<p>Az emberi jelenl\u00e9t a mai Kirgiziszt\u00e1n ter\u00fclet\u00e9n a nom\u00e1d t\u00f6rzsekre ny\u00falik vissza, akik j\u00f3val a feljegyzett kr\u00f3nik\u00e1k el\u0151tt barangoltak a sztyepp\u00e9ken. A jenyiszej-i kirgizek a kora k\u00f6z\u00e9pkorra l\u00e9trehoztak egy kagan\u00e1tust, amelyet azt\u00e1n az egym\u00e1st k\u00f6vet\u0151 t\u00f6r\u00f6k \u200b\u200bkonf\u00f6der\u00e1ci\u00f3k bekebeleztek. A XIII. sz\u00e1zadban a Mongol Birodalom bekebelezte a r\u00e9gi\u00f3t; az \u0151slakos uralom id\u0151szakosan \u00fajra megjelent a mongol ut\u00f3d\u00e1llamok, majd k\u00e9s\u0151bb a Dzungar K\u00e1ns\u00e1g alatt. A dzung\u00e1rok buk\u00e1sa ut\u00e1n a kirgizek \u00e9s a rokon kipcsak csoportok a Kokand K\u00e1ns\u00e1g r\u00e9sz\u00e9t k\u00e9pezt\u00e9k 1876-ig, amikor a c\u00e1ri Oroszorsz\u00e1g annekt\u00e1lta a ter\u00fcletet. A k\u00f6vetkez\u0151 hat \u00e9vtizedben a szl\u00e1v telepesek az alacsonyabban fekv\u0151 legel\u0151ket m\u0171velt f\u00f6ldd\u00e9 alak\u00edtott\u00e1k, mik\u00f6zben id\u0151nk\u00e9nt helyi felkel\u00e9sek t\u00f6rtek ki a cs\u00e1sz\u00e1ri soroz\u00e1s ellen.<\/p>\n\n\n\n<p>A szovjet k\u00f6zigazgat\u00e1s alatt a Kara-Kirgiz Auton\u00f3m Ter\u00fclet az Orosz Szovjet K\u00f6zt\u00e1rsas\u00e1gon bel\u00fcl j\u00f6tt l\u00e9tre, 1926-ban Kirgiz Auton\u00f3m Szovjet Szocialista K\u00f6zt\u00e1rsas\u00e1gg\u00e1 nevezt\u00e9k \u00e1t, majd 1936-ban sz\u00f6vets\u00e9gi k\u00f6zt\u00e1rsas\u00e1gg\u00e1 emelt\u00e9k. Frunze \u2013 kor\u00e1bban Pishpek \u2013 lett a f\u0151v\u00e1ros, az oroszos\u00edt\u00e1s, az iparosod\u00e1s \u00e9s a kollektiviz\u00e1l\u00e1s pedig \u00e1talak\u00edtotta a t\u00e1rsadalmat. A kirgiz nyelv \u00e1tvette a latin, majd k\u00e9s\u0151bb a cirill \u00edr\u00e1st, a k\u00f6telez\u0151 iskolai oktat\u00e1s fejlett \u00edr\u00e1s-olvas\u00e1si k\u00e9szs\u00e9get biztos\u00edtott, \u00e9s a Manas eposz \u00edr\u00e1sos form\u00e1t \u00f6lt\u00f6tt. A szovjet id\u0151szak deport\u00e1lt kisebbs\u00e9geket \u2013 n\u00e9meteket, csecseneket, lengyeleket \u2013 is hozott mag\u00e1val, n\u00f6velve a r\u00e9gi\u00f3 soksz\u00edn\u0171s\u00e9g\u00e9t.<\/p>\n\n\n\n<p>1990-re, ahogy Mihail Gorbacsov reformjai laz\u00edtottak Moszkva hatalm\u00e1n, a f\u00fcggetlens\u00e9gp\u00e1rti hangulat Aszkar Akajev eln\u00f6kk\u00e9 v\u00e1laszt\u00e1s\u00e1hoz vezetett. 1991. augusztus 31-\u00e9n Kirgiziszt\u00e1n kinyilv\u00e1n\u00edtotta f\u00fcggetlens\u00e9g\u00e9t a Szovjetuni\u00f3t\u00f3l. A k\u00f6zt\u00e1rsas\u00e1g m\u00f3dos\u00edtotta alkotm\u00e1ny\u00e1t, megv\u00e1ltoztatta angol \u00e9s orosz helyes\u00edr\u00e1s\u00e1t, hogy megfeleljen a kirgiz endon\u00edm\u00e1nak, \u00e9s vissza\u00e1ll\u00edtotta a f\u0151v\u00e1ros \u0151shonos nev\u00e9t Biskekk\u00e9nt.<\/p>\n\n\n\n<p>A f\u00fcggetlens\u00e9g elnyer\u00e9sekor Kirgiziszt\u00e1n er\u0151s eln\u00f6ki modellt fogadott el. Akajev egyre ink\u00e1bb tekint\u00e9lyelv\u0171 hivatali idej\u00e9vel val\u00f3 el\u00e9gedetlens\u00e9g 2005-\u00f6s \u201eTulip\u00e1nforradalmat\u201d v\u00e1ltott ki, amely Kurmanbek Bakijevet \u00fcltette hatalomra. Bakijev korm\u00e1nya is alkotm\u00e1nyos vit\u00e1kkal \u00e9s v\u00e1laszt\u00e1si vissza\u00e9l\u00e9sek v\u00e1dj\u00e1val k\u00fczd\u00f6tt. 2010-ben a n\u00e9pi nyugtalans\u00e1g tov\u00e1bbi \u00e1tmenethez vezetett, \u00e9s egy parlamenti-eln\u00f6ki hibrid alakult ki. A k\u00f6vetkez\u0151 \u00e9vtizedben a v\u00e9grehajt\u00f3 \u00e9s a t\u00f6rv\u00e9nyhoz\u00f3 test\u00fcletek k\u00f6z\u00f6tti eltol\u00f3d\u00f3 hatalmi egyens\u00faly f\u00e9lig eln\u00f6ki berendezked\u00e9st eredm\u00e9nyezett, am\u00edg a 2021-es reformok vissza nem \u00e1ll\u00edtott\u00e1k a domin\u00e1ns eln\u00f6ki szerepet. Ebben az id\u0151szakban az etnikai fesz\u00fclts\u00e9gek \u2013 k\u00fcl\u00f6n\u00f6sen a kirgiz \u00e9s az \u00fczb\u00e9g k\u00f6z\u00f6ss\u00e9gek k\u00f6z\u00f6tt \u2013 fell\u00e1ngoltak a d\u00e9li tartom\u00e1nyokban, mik\u00f6zben a gazdas\u00e1gi neh\u00e9zs\u00e9gek \u00e9s a vitatott v\u00e1laszt\u00e1sok id\u0151szakos t\u00fcntet\u00e9seket v\u00e1ltottak ki.<\/p>\n\n\n\n<p>Kirgiziszt\u00e1n nagyj\u00e1b\u00f3l 80 sz\u00e1zal\u00e9ka 1500 m\u00e9ter felett fekszik. A hegycs\u00facsok gyakran meghaladj\u00e1k a 7000 m\u00e9tert; a Dzsingisz Csokuszu (kor\u00e1bban a Pobeda-cs\u00facs) a k\u00ednai hat\u00e1ron 7439 m\u00e9ter magasra emelkedik, ezzel a vil\u00e1g leg\u00e9szakibb, 7000 m\u00e9ter feletti cs\u00facsa. A gerincek k\u00f6z\u00f6tt k\u00edgy\u00f3z\u00f3 v\u00f6lgyek \u2013 nevezetesen a Narin \u00e9s a Kara Darja foly\u00f3k v\u00f6lgyei \u2013 t\u00e1pl\u00e1lj\u00e1k a Szir-Darj\u00e1t, amely egykor el\u00e9rte az Aral-tavat, miel\u0151tt viz\u00e9t \u00f6nt\u00f6z\u00f6tt gyapottermeszt\u00e9sre terelt\u00e9k volna az als\u00f3bb foly\u00e1s\u00fa \u00e1llamokban. A Csu foly\u00f3 \u00e9szakon szeli \u00e1t a foly\u00f3t, miel\u0151tt Kazahszt\u00e1nba folyik. A heves t\u00e9li havaz\u00e1s tavaszi \u00e1rad\u00e1sokat id\u00e9z el\u0151, amelyek \u00e1talak\u00edtj\u00e1k a foly\u00f3partokat \u00e9s vesz\u00e9lyeztetik az als\u00f3bb foly\u00e1s\u00fa telep\u00fcl\u00e9seket, m\u00edg a lefoly\u00e1s sz\u00e1mos v\u00edzer\u0151m\u0171vet t\u00e1pl\u00e1l.<\/p>\n\n\n\n<p>Az Isszik-Kul egy 1607 m\u00e9ter magas s\u00f3s t\u00f3 a Tien-san \u00e9szakkeleti szektor\u00e1ban, a vil\u00e1g m\u00e1sodik legnagyobb alpesi tava a Titicaca-t\u00f3 ut\u00e1n. Neve, amely kirgiz\u00fcl \u201emeleg tavat\u201d jelent, a t\u00e9li j\u00e9g hi\u00e1ny\u00e1t t\u00fckr\u00f6zi a hideg leveg\u0151 ellen\u00e9re. A megm\u0171velt f\u00f6ldter\u00fclet a teljes ter\u00fclet kevesebb mint 8 sz\u00e1zal\u00e9k\u00e1t teszi ki; a sz\u00e1nt\u00f3k az \u00e9szaki s\u00edks\u00e1gokon \u00e9s a Fergana-medence perem\u00e9n koncentr\u00e1l\u00f3dnak. Az erd\u0151s lejt\u0151ket t\u0171level\u0171 \u00e1llom\u00e1nyokkal alpesi r\u00e9tek, f\u00e9lsivatagos hegyl\u00e1bak \u00e9s alacsonyabb tengerszint feletti magass\u00e1gokban sivatagok v\u00e1ltj\u00e1k fel, h\u00e9t k\u00fcl\u00f6n\u00e1ll\u00f3 sz\u00e1razf\u00f6ldi \u00f6kosziszt\u00e9m\u00e1t t\u00e1mogatva. 2019-ben egy glob\u00e1lis felm\u00e9r\u00e9s Kirgiziszt\u00e1nt a tizenharmadik helyre sorolta az erdei t\u00e1j integrit\u00e1sa tekintet\u00e9ben.<\/p>\n\n\n\n<p>A kontinent\u00e1lis hat\u00e1sok domin\u00e1lnak, de a magass\u00e1g hat\u00e1rozza meg a region\u00e1lis k\u00fcl\u00f6nbs\u00e9geket. A Fergana-v\u00f6lgyben szubtr\u00f3pusi h\u0151s\u00e9g uralkodik, ny\u00e1ri maximum h\u0151m\u00e9rs\u00e9klettel k\u00f6zel 40 \u00b0C-kal \u00e9s enyhe telekkel. Az \u00e9szaki hegyl\u00e1bak m\u00e9rs\u00e9kelt \u00e9ghajlat\u00faak. A magasabb hegys\u00e9gekben a k\u00f6r\u00fclm\u00e9nyek a sz\u00e1raz kontinent\u00e1list\u00f3l a pol\u00e1risig terjednek; 3000 m\u00e9ter felett az \u00e9v nagy r\u00e9sz\u00e9ben h\u00f3es\u00e9s van. A t\u00e9len a kitett ter\u00fcleteken -20 \u00b0C alatti h\u0151m\u00e9rs\u00e9klet is lehet, ami egyes alacsonyabban fekv\u0151 medenc\u00e9kben is egy h\u00f3napn\u00e1l hosszabb id\u0151szakokra er\u0151s h\u00f3takar\u00f3t eredm\u00e9nyez. Az alf\u00f6ld\u00f6n a janu\u00e1ri \u00e1tlagh\u0151m\u00e9rs\u00e9klet k\u00f6r\u00fclbel\u00fcl -6 \u00b0C, m\u00edg a j\u00faliusi \u00e1tlagh\u0151m\u00e9rs\u00e9klet 24 \u00b0C.<\/p>\n\n\n\n<p>Kirgiziszt\u00e1n h\u00e9t r\u00e9gi\u00f3ra (oblustar) \u00e9s k\u00e9t orsz\u00e1gos jelent\u0151s\u00e9g\u0171 v\u00e1rosra \u2013 Biskekre \u00e9s Osra \u2013 oszlik, amelyek a region\u00e1lis joghat\u00f3s\u00e1gon k\u00edv\u00fcl m\u0171k\u00f6dnek. A r\u00e9gi\u00f3k negyvenn\u00e9gy j\u00e1r\u00e1sra (ajmaktar) oszlanak, amelyek mindegyik\u00e9t egy korm\u00e1nyz\u00f3 (akim) fel\u00fcgyeli, akit az eln\u00f6k nevez ki a region\u00e1lis hat\u00f3s\u00e1gokon kereszt\u00fcl. A j\u00e1r\u00e1sok tov\u00e1bb oszlanak vid\u00e9ki telep\u00fcl\u00e9sekre (ajl \u00f6km\u00f6t\u00fc), amelyek olyan falvakat foglalnak magukban, amelyek nem rendelkeznek \u00f6n\u00e1ll\u00f3 \u00f6nkorm\u00e1nyzati st\u00e1tusszal. A r\u00e9gi\u00f3k a k\u00f6vetkez\u0151k: Batken, Cs\u00fcj, Dzsalal-Abad, Narin, Os, Talasz \u00e9s Iszik-Kul. Minden r\u00e9gi\u00f3 saj\u00e1tos t\u00e1jakat \u00e9s gazdas\u00e1gi profilt t\u00fckr\u00f6z \u2013 Narin hegyvid\u00e9ki eldugott fekv\u00e9seit\u0151l Cs\u00fcj mez\u0151gazdas\u00e1gi ter\u00fcleteiig.<\/p>\n\n\n\n<p>Kirgiziszt\u00e1n a 117. helyen \u00e1ll az emberi fejletts\u00e9gi indexben, \u00e9s T\u00e1dzsikiszt\u00e1n ut\u00e1n a m\u00e1sodik legszeg\u00e9nyebb k\u00f6z\u00e9p-\u00e1zsiai nemzet. \u00c1tmeneti gazdas\u00e1ga nagym\u00e9rt\u00e9kben t\u00e1maszkodik az \u00e1sv\u00e1nykincsek exportj\u00e1ra \u2013 k\u00fcl\u00f6n\u00f6sen az aranyra, a sz\u00e9nre \u00e9s az ur\u00e1nra \u2013, valamint a k\u00fclf\u00f6ld\u00f6n, f\u0151k\u00e9nt Oroszorsz\u00e1gban dolgoz\u00f3, becsl\u00e9sek szerint 800 000 kirgiz hazautal\u00e1s\u00e1ra. Az \u00e1llami bank, a Kirgiz K\u00f6zt\u00e1rsas\u00e1g Nemzeti Bankja kezeli a p\u00e9nzkibocs\u00e1t\u00e1st \u2013 a kirgiz szomot (KGS) \u2013, \u00e9s \u00f6sszehangolja a monet\u00e1ris politik\u00e1t a k\u00f6lts\u00e9gvet\u00e9si reformokkal. A szovjet rendszer \u00f6sszeoml\u00e1sa ut\u00e1n az exportpiacok elp\u00e1rologtak, ami f\u00e1jdalmas kiigaz\u00edt\u00e1sokat k\u00e9nyszer\u00edtett ki: az \u00e1rt\u00e1mogat\u00e1sok megsz\u00fcntet\u00e9s\u00e9t, a hozz\u00e1adott\u00e9rt\u00e9k-ad\u00f3 bevezet\u00e9s\u00e9t \u00e9s a k\u00f6zkiad\u00e1sok cs\u00f6kkent\u00e9s\u00e9t. Az 1998. december 20-i Kereskedelmi Vil\u00e1gszervezethez val\u00f3 csatlakoz\u00e1s a liberaliz\u00e1ci\u00f3 ir\u00e1nti elk\u00f6telezetts\u00e9get jelezte.<\/p>\n\n\n\n<p>A mez\u0151gazdas\u00e1g 2002-ben a GDP t\u00f6bb mint 35 sz\u00e1zal\u00e9k\u00e1t tette ki, \u00e9s a munkaer\u0151 nagyj\u00e1b\u00f3l fel\u00e9t foglalkoztatta. Az \u00e1llatteny\u00e9szt\u00e9s domin\u00e1l, juhokat, szarvasmarh\u00e1kat \u00e9s lovakat teny\u00e9sztenek hegyi legel\u0151k\u00f6n, gyapj\u00fat, h\u00fast \u00e9s tejterm\u00e9keket termelve. A n\u00f6v\u00e9nytermeszt\u00e9s a b\u00faz\u00e1ra, a cukorr\u00e9p\u00e1ra, a burgony\u00e1ra, a gyapotra \u00e9s a doh\u00e1nyra \u00f6sszpontos\u00edt, b\u00e1r az agrokemik\u00e1li\u00e1k \u00e9s az \u00fczemanyag magas importk\u00f6lts\u00e9gei korl\u00e1tozz\u00e1k a g\u00e9pes\u00edt\u00e9st, \u00edgy sok kisbirtokos k\u00e9nytelen lovakat \u00e9s k\u00e9zi munkaer\u0151t alkalmazni. A mez\u0151gazdas\u00e1gi term\u00e9kek, k\u00fcl\u00f6n\u00f6sen a tejterm\u00e9kek, a h\u00fas \u00e9s a gyapot feldolgoz\u00e1sa befektet\u00e9si lehet\u0151s\u00e9geket k\u00edn\u00e1l.<\/p>\n\n\n\n<p>Az \u00e1sv\u00e1nykincsek a koh\u00e1szat alapj\u00e1t k\u00e9pezik: a Kumtor b\u00e1ny\u00e1ban az arany kitermel\u00e9se k\u00fclf\u00f6ldi partnereket vonzott, a k\u00f6rnyezeti agg\u00e1lyok ellen\u00e9re. A v\u00edzer\u0151m\u0171vek kihaszn\u00e1lj\u00e1k a hegyi lefoly\u00e1st, ami lehet\u0151s\u00e9get k\u00edn\u00e1l az export\u00e1lhat\u00f3 villamos energia b\u0151v\u00edt\u00e9s\u00e9re. A k\u0151olaj- \u00e9s f\u00f6ldg\u00e1zk\u00e9szletek elhanyagolhat\u00f3nak bizonyulnak, ami importra k\u00e9nyszer\u00edti a hazai ig\u00e9nyek kiel\u00e9g\u00edt\u00e9s\u00e9t.<\/p>\n\n\n\n<p>2020 augusztus\u00e1ra a lakoss\u00e1g sz\u00e1ma k\u00f6r\u00fclbel\u00fcl 6,59 milli\u00f3 f\u0151 volt, 34,4 sz\u00e1zal\u00e9kuk 15 \u00e9v alatti, 6,2 sz\u00e1zal\u00e9kuk pedig 65 \u00e9v feletti; a v\u00e1rosi lakosok a teljes n\u00e9pess\u00e9g k\u00f6r\u00fclbel\u00fcl egyharmad\u00e1t teszik ki, ami \u00e1tlagosan 25 f\u0151\/n\u00e9gyzetkilom\u00e9ter n\u00e9ps\u0171r\u0171s\u00e9get jelent. A kirgiz etnikai csoportok a lakoss\u00e1g 77,8 sz\u00e1zal\u00e9k\u00e1t teszik ki; az \u00fczb\u00e9gek 14,2 sz\u00e1zal\u00e9kot, f\u0151k\u00e9nt d\u00e9len; az oroszok 3,8 sz\u00e1zal\u00e9kot alkotnak, Biskek \u00e9s Cs\u00fcj k\u00f6rny\u00e9k\u00e9n koncentr\u00e1l\u00f3dva. A kisebb csoportok k\u00f6z\u00e9 tartoznak a dunganek, t\u00e1dzsikok, ujgurok, kazahok \u00e9s m\u00e1sok, akik t\u00f6bb mint 80 k\u00fcl\u00f6n\u00e1ll\u00f3 k\u00f6z\u00f6ss\u00e9get alkotnak. A f\u00fcggetlens\u00e9g \u00f3ta a kirgiz etnikai csoportok ar\u00e1nya az 1979-es nagyj\u00e1b\u00f3l 50 sz\u00e1zal\u00e9kr\u00f3l 2013-ra t\u00f6bb mint 70 sz\u00e1zal\u00e9kra emelkedett, mivel sok orosz, ukr\u00e1n \u00e9s n\u00e9met emigr\u00e1lt.<\/p>\n\n\n\n<p>A kirgizek hagyom\u00e1nyosan szezon\u00e1lis \u00e1llatteny\u00e9szt\u00e9st gyakoroltak, ny\u00e1ron a hegyvid\u00e9ki legel\u0151kre (dzsail\u00fa) hajtott\u00e1k az \u00e1llatokat, \u00e9s hordozhat\u00f3, kerek s\u00e1trakban, jurt\u00e1kban laktak. Ezzel szemben az \u00fczb\u00e9gek \u00e9s a t\u00e1dzsikok \u00f6nt\u00f6z\u00f6tt mez\u0151gazdas\u00e1ggal foglalkoztak a Fergana-s\u00edks\u00e1gon. M\u00edg a v\u00e1rosi migr\u00e1ci\u00f3 n\u0151tt, ezek a mint\u00e1k a vid\u00e9ki ter\u00fcleteken is fennmaradtak. A 2024-es glob\u00e1lis \u00e9hs\u00e9gindexben Kirgiziszt\u00e1n a 127 orsz\u00e1g k\u00f6z\u00fcl a 36. helyen \u00e1llt, 6,8-as pontsz\u00e1m\u00e1val az alacsony \u00e9hez\u00e9si r\u00e1t\u00e1t jelzi.<\/p>\n\n\n\n<p>A kirgiz, egy kipcsak \u00e1g\u00fa t\u00f6r\u00f6k \u200b\u200bnyelv, az \u00e1llamnyelv; az orosz 2000 \u00f3ta t\u00e1rsnyelv. A kirgiz a cirill \u00edr\u00e1sm\u00f3dot haszn\u00e1lja, amelyet 1941-ben vezettek be. A szomsz\u00e9dos Kazahszt\u00e1n mint\u00e1j\u00e1ra v\u00e9grehajtott latin alap\u00fa reform tov\u00e1bbra is vita t\u00e1rgy\u00e1t k\u00e9pezi; 2023 \u00e1prilis\u00e1ban Oroszorsz\u00e1g felf\u00fcggesztette a tejterm\u00e9kek exportj\u00e1t, miut\u00e1n a nyelvi bizotts\u00e1g eln\u00f6ke a latinra val\u00f3 \u00e1tt\u00e9r\u00e9st javasolta. Az orsz\u00e1gos r\u00e1di\u00f3 \u00e9s telev\u00edzi\u00f3ad\u00e1sok mindk\u00e9t nyelven m\u0171k\u00f6dnek, b\u00e1r az orosz m\u00e9diumok \u2013 Moszkva t\u00e1mogat\u00e1s\u00e1val \u2013 er\u0151s n\u00e9zetts\u00e9get tartanak fenn, k\u00fcl\u00f6n\u00f6sen a v\u00e1rosi \u00e9s \u00e9szaki ker\u00fcletekben. Biskekben a 2020-as felm\u00e9r\u00e9si adatok azt mutatt\u00e1k, hogy a h\u00e1ztart\u00e1sok 55,6 sz\u00e1zal\u00e9ka besz\u00e9lt otthon oroszul, 43,6 sz\u00e1zal\u00e9ka kirgiz\u00fcl; orsz\u00e1gszerte a h\u00e1ztart\u00e1sok 70,9 sz\u00e1zal\u00e9ka haszn\u00e1lta a kirgiz nyelvet belf\u00f6ld\u00f6n. Az \u00fczleti \u00e9s hivatalos \u00fcgyek gyakran oroszul zajlanak, b\u00e1r a parlamenti \u00fcl\u00e9sek ma m\u00e1r alap\u00e9rtelmez\u00e9s szerint kirgiz nyelven zajlanak szinkrontolm\u00e1csol\u00e1ssal.<\/p>\n\n\n\n<p>Az iszl\u00e1m domin\u00e1l: a CIA World Factbook 2017-es becsl\u00e9se szerint a polg\u00e1rok 90 sz\u00e1zal\u00e9ka muszlimnak vallja mag\u00e1t, f\u0151k\u00e9nt felekezet n\u00e9lk\u00fclinek vagy a Hanafi iskola szerinti szunnit\u00e1nak, b\u00e1r a 2012-es \u00f6nmeghat\u00e1roz\u00e1si felm\u00e9r\u00e9sek szerint 64 sz\u00e1zal\u00e9kuk egyszer\u0171en csak \u201emuszlimnak\u201d nevezte mag\u00e1t, \u00e9s csak 23 sz\u00e1zal\u00e9kuk nevezte meg a szunnit\u00e1t. A szovjet id\u0151kben az ateizmus volt hivatalos befoly\u00e1ssal; a f\u00fcggetlens\u00e9g \u00f3ta a vall\u00e1sgyakorl\u00e1s \u00e9s a mecsetek \u00e9p\u00edt\u00e9se megn\u0151tt, a spiritu\u00e1lis \u00e9rt\u00e9kek helyre\u00e1ll\u00edt\u00e1s\u00e1ra ir\u00e1nyul\u00f3 felh\u00edv\u00e1sokkal egy\u00fctt. Egy 2009-es Pew-jelent\u00e9s 86,3 sz\u00e1zal\u00e9kos iszl\u00e1m-h\u00edv\u0151s\u00e9get r\u00f6gz\u00edtett. A kis kereszt\u00e9ny kisebbs\u00e9gek \u2013 t\u00falnyom\u00f3r\u00e9szt orosz ortodoxok, ukr\u00e1n ortodoxok, evang\u00e9likusok, anabaptist\u00e1k \u00e9s r\u00f3mai katolikusok \u2013 k\u00f6r\u00fclbel\u00fcl 7 sz\u00e1zal\u00e9kot tesznek ki. A Jehova Tan\u00fainak sz\u00e1ma 5000 \u00e9s 10 000 k\u00f6z\u00f6tt van. Egy maroknyi zsid\u00f3, f\u0151k\u00e9nt bukhari \u00e9s asken\u00e1zi, megmaradt. A n\u00e9pi \u00e9s sz\u00fafi hagyom\u00e1nyok a buddhizmusb\u00f3l sz\u00e1rmaz\u00f3 szok\u00e1sok, p\u00e9ld\u00e1ul az imaz\u00e1szl\u00f3k szent f\u00e1khoz k\u00f6t\u00e9se mellett tov\u00e1bbra is fennmaradtak.<\/p>\n\n\n\n<p>Az alpesi domborzat miatt az utak keskeny v\u00f6lgyekbe \u00e9s magaslati h\u00e1g\u00f3kba \u2013 gyakran 3000 m\u00e9ter feletti magass\u00e1gban \u2013 h\u00faz\u00f3dnak, amelyek lavin\u00e1knak \u00e9s f\u00f6ldcsuszaml\u00e1soknak vannak kit\u00e9ve. Egy modern \u00e9szak-d\u00e9li ir\u00e1ny\u00fa aut\u00f3p\u00e1lya, amely Biskeket \u00e9s Osot k\u00f6ti \u00f6ssze, \u00e9s az \u00c1zsiai Fejleszt\u00e9si Bank t\u00e1mogat\u00e1s\u00e1val k\u00e9sz\u00fclt el, jav\u00edtotta a Ch\u00fcy \u00e9s a Fergana v\u00f6lgyek k\u00f6z\u00f6tti \u00f6sszek\u00f6ttet\u00e9st. L\u00e9teznek tervek egy keleti \u00e1gra K\u00edna fel\u00e9. Az \u00fat teljes hossza megk\u00f6zel\u00edt\u0151leg 34 000 km, amelyb\u0151l 22 600 km aszfaltozott; a burkolatlan szakaszok, amelyek 7700 km-t tesznek ki, nedves k\u00f6r\u00fclm\u00e9nyek k\u00f6z\u00f6tt vesz\u00e9lyess\u00e9 v\u00e1lnak.<\/p>\n\n\n\n<p>A k\u00e9s\u0151bbi hat\u00e1rokat figyelmen k\u00edv\u00fcl hagyva ki\u00e9p\u00edtett vas\u00fati infrastrukt\u00fara ma m\u00e1r mintegy 370 km sz\u00e9les nyomt\u00e1v\u00fa p\u00e1ly\u00e1t foglal mag\u00e1ban, amelyet az \u00dczbegiszt\u00e1nnal \u00e9s Kazahszt\u00e1nnal megszakadt kapcsolatok miatt csak korl\u00e1tozottan haszn\u00e1lnak. 2022-ben megkezd\u0151d\u00f6tt egy 186 km-es Balykchy \u00e9s Karakeche k\u00f6z\u00f6tti sz\u00e9nsz\u00e1ll\u00edt\u00e1si meghosszabb\u00edt\u00e1s munk\u00e1latai; 2023 j\u00fanius\u00e1ra megny\u00edlt a Balykchy\u2013Biskek vonal. Az \u00d6vezet, egy \u00dat Kezdem\u00e9nyez\u00e9s r\u00e9szek\u00e9nt m\u0171k\u00f6d\u0151 K\u00edna\u2013Kirgiziszt\u00e1n\u2013\u00dczbegiszt\u00e1n vas\u00fatvonal \u00e9p\u00edt\u00e9se v\u00e1rhat\u00f3an 2025 j\u00falius\u00e1ban kezd\u0151dik, \u00e9s 523 km hosszan h\u00faz\u00f3dik a h\u00e1rom \u00e1llamon kereszt\u00fcl.<\/p>\n\n\n\n<p>A l\u00e9gi k\u00f6zleked\u00e9s k\u00f6zpontja a Biskek k\u00f6zel\u00e9ben tal\u00e1lhat\u00f3 Manas Nemzetk\u00f6zi Rep\u00fcl\u0151t\u00e9r, ahonnan Moszkv\u00e1ba, Almatiba, Isztambulba \u00e9s Dubaiba is indulnak j\u00e1ratok; az Osh rep\u00fcl\u0151t\u00e9r napi j\u00e1ratokat ind\u00edt a f\u0151v\u00e1rosba, valamint j\u00e1ratokat ind\u00edt a nagyobb orosz \u00e9s k\u00f6z\u00e9p-\u00e1zsiai v\u00e1rosokba. A Dzsalal-Abad rep\u00fcl\u0151t\u00e9r kapcsolatot tart fenn Biskekkel, \u00e9s szezon\u00e1lis j\u00e1ratokat \u00fczemeltet Isszik-Kullal. Sz\u00e1mos szovjet korabeli rep\u00fcl\u0151t\u00e9r tov\u00e1bbra is inakt\u00edv, vagy katonai haszn\u00e1latra korl\u00e1toz\u00f3dik. A kirgiz l\u00e9git\u00e1rsas\u00e1gok biztons\u00e1gi agg\u00e1lyok miatt szerepelnek az Eur\u00f3pai Uni\u00f3 tilt\u00f3list\u00e1j\u00e1n.<\/p>\n\n\n\n<p>Kirgiziszt\u00e1n vonzerej\u00e9t hegyvid\u00e9ki t\u00e1jak, alpesi tavak \u00e9s kultur\u00e1lis \u00f6r\u00f6ks\u00e9gi helysz\u00ednek hat\u00e1rozz\u00e1k meg. Isszik-Kul \u00e9szaki partj\u00e1n Cholpon-Ata, Kara-Oi \u00e9s Bosteri \u00fcd\u00fcl\u0151helyek tal\u00e1lhat\u00f3k; az \u00e9ves l\u00e1togat\u00f3k sz\u00e1ma 2006\u20132007-ben tet\u0151z\u00f6tt, miel\u0151tt a region\u00e1lis instabilit\u00e1s cs\u00f6kkentette a sz\u00e1mukat. Az Alay-v\u00f6lgy \u00e9s a Son-Kul-t\u00f3 a ny\u00e1ri nom\u00e1d \u00e9letm\u00f3d idej\u00e9n p\u00e1sztorokat \u00e9s t\u00far\u00e1z\u00f3kat vonz. A Sary-Chelek Term\u00e9szetv\u00e9delmi Ter\u00fclet t\u00far\u00e1z\u00e1si lehet\u0151s\u00e9get k\u00edn\u00e1l gleccsertavak \u00e9s vegyes erd\u0151k k\u00f6z\u00f6tt. Tash Rabat k\u0151b\u0151l k\u00e9sz\u00fclt karav\u00e1nszer\u00e1ja, amely a tizen\u00f6t\u00f6dik sz\u00e1zadb\u00f3l sz\u00e1rmazik, a kor\u00e1bbi Selyem\u00fat \u00fatvonalak ment\u00e9n \u00e1ll. A Tokmok k\u00f6zel\u00e9ben tal\u00e1lhat\u00f3 Burana-torony, egy tizedik sz\u00e1zadi minaret, a Balasagun f\u0151v\u00e1ros\u00e1ra eml\u00e9keztet. Az Ala Archa Nemzeti Park, f\u00e9l \u00f3r\u00e1nyira Biskekt\u0151l, 4000 m\u00e9tern\u00e9l magasabb cs\u00facsokkal \u00e9s jelzett \u00f6sv\u00e9nyekkel b\u00fcszk\u00e9lkedhet.<\/p>\n\n\n\n<p>A v\u00e1rosi l\u00e1togat\u00f3k felfedezhetik Biskek szovjet korabeli tereit, m\u00fazeumait \u00e9s baz\u00e1rj\u00e1t; Osh hatalmas szabadt\u00e9ri piaca naponta nyitva tart a Sulaiman-Too k\u00f6zel\u00e9ben, az orsz\u00e1g egyetlen UNESCO Vil\u00e1g\u00f6r\u00f6ks\u00e9gi helysz\u00edn\u00e9n. Vid\u00e9ki telep\u00fcl\u00e9sek, mint p\u00e9ld\u00e1ul Arslanbob, amely di\u00f3erd\u0151ir\u0151l \u00e9s iszl\u00e1m zar\u00e1ndoklat\u00e1r\u00f3l ismert, vagy Kochkor, a Song-Kul t\u00far\u00e1k kapuja, bemutatj\u00e1k a helyi k\u00e9zm\u0171vess\u00e9get \u00e9s a p\u00e1sztori \u00e9letm\u00f3dot. Az utaz\u00f3k jurt\u00e1kban sz\u00e1llhatnak meg, megk\u00f3stolhatj\u00e1k a beshbarmakot \u00e9s a mantit, \u00e9s r\u00e9szt vehetnek a lovassportokat, zen\u00e9t \u00e9s sz\u00f3beli k\u00f6lt\u00e9szetet bemutat\u00f3 fesztiv\u00e1lokon. Egyes v\u00f6lgyekben vad\u00e1szati, horg\u00e1szati \u200b\u200b\u00e9s heli-ski szolg\u00e1ltat\u00e1sok is m\u0171k\u00f6dnek.<\/p>\n\n\n\n<p>A nyugatias t\u00e1rsadalmi norm\u00e1k miatt \u2013 a n\u00e9vleges muszlim t\u00f6bbs\u00e9g ellen\u00e9re \u2013 a v\u00e1rosokban tov\u00e1bbra is laza \u00f6lt\u00f6zk\u00f6d\u00e9si szab\u00e1lyok \u00e9rv\u00e9nyesek, b\u00e1r a d\u00e9li vid\u00e9ki k\u00f6rzetekben a konzervat\u00edv \u00f6lt\u00f6zk\u00f6d\u00e9s aj\u00e1nlott. Az elm\u00falt \u00e9vekben megn\u0151tt a kisebb b\u0171ncselekm\u00e9nyek sz\u00e1ma; a v\u00e1rosi k\u00f6zpontokban s\u00f6t\u00e9ted\u00e9s ut\u00e1n \u00f3vatoss\u00e1g aj\u00e1nlott. A ment\u0151szolg\u00e1latok a 101-es (t\u0171zolt\u00f3s\u00e1g), 102-es (rend\u0151rs\u00e9g) \u00e9s 103-as (orvosi) sz\u00e1mon \u00e9rkeznek, a nemzetk\u00f6zi el\u0151h\u00edv\u00f3sz\u00e1m pedig +996.<\/p>\n\n\n\n<p>Kirgiziszt\u00e1n zord f\u00f6ldrajzi elhelyezked\u00e9se a tart\u00f3s kultur\u00e1lis szok\u00e1sokkal \u00e9s a birodalmak \u00e9s forradalmak \u00e1ltal form\u00e1lt t\u00f6rt\u00e9nelemmel p\u00e1rosul. Gazdas\u00e1ga a p\u00e9nz\u00e1tutal\u00e1sokt\u00f3l \u00e9s a kitermel\u0151 ipar\u00e1gakt\u00f3l val\u00f3 f\u00fcgg\u0151s\u00e9gben t\u00f6rekszik, mik\u00f6zben a v\u00edzenergia \u00e9s a turizmus r\u00e9v\u00e9n diverzifik\u00e1ci\u00f3ra t\u00f6rekszik. A nyelvi kett\u0151ss\u00e9g hangs\u00falyozza az \u00f6sszetett identit\u00e1sokat, a vall\u00e1si \u00e9let pedig a hagyom\u00e1nyokat a vil\u00e1gi korm\u00e1nyz\u00e1ssal \u00f6tv\u00f6zi. A k\u00f6zleked\u00e9s fejleszt\u00e9se tov\u00e1bbra is hidat k\u00e9pez a hegyvid\u00e9ki szakad\u00e9kok k\u00f6z\u00f6tt, m\u00e9g akkor is, ha region\u00e1lis integr\u00e1ci\u00f3s projektek k\u00f6zelednek. Azok sz\u00e1m\u00e1ra, akik \u00e1tszelik a h\u00e1g\u00f3it \u00e9s v\u00f6lgyeit, Kirgiziszt\u00e1n egy ig\u00e9nyes \u00e9s leny\u0171g\u00f6z\u0151 t\u00e1jat k\u00edn\u00e1l, egy k\u00f6zt\u00e1rsas\u00e1got, amelyet ugyan\u00fagy meghat\u00e1roznak a k\u00f6rvonalai, mint az emberei.<\/p>","protected":false},"excerpt":{"rendered":"<p>A K\u00f6z\u00e9p-\u00c1zsi\u00e1ban tal\u00e1lhat\u00f3 Kirgiziszt\u00e1n a r\u00e9gi\u00f3 m\u00e9lyrehat\u00f3 t\u00f6rt\u00e9nelm\u00e9t \u00e9s leny\u0171g\u00f6z\u0151 term\u00e9szeti t\u00e1jait p\u00e9ld\u00e1zza. Hivatalosan Kirgiz K\u00f6zt\u00e1rsas\u00e1gnak nevezett, tengerparttal nem rendelkez\u0151 orsz\u00e1g, strat\u00e9giailag a Tien Shan \u00e9s Pam\u00edr hegyei k\u00f6z\u00f6tt helyezkedik el. A t\u00f6bb mint 7 milli\u00f3 lakos\u00fa Kirgiziszt\u00e1n politikai \u00e9s kereskedelmi k\u00f6zpontja Biskek, a f\u0151v\u00e1ros \u00e9s a legnagyobb v\u00e1ros. \u00c9szakon Kazahszt\u00e1n; nyugatra \u00dczbegiszt\u00e1n; d\u00e9len T\u00e1dzsikiszt\u00e1n; keleten \u00e9s d\u00e9lkeleten pedig K\u00edn\u00e1ban az orsz\u00e1g mindegyik nemzettel hat\u00e1ros, teh\u00e1t sz\u00e1mos civiliz\u00e1ci\u00f3 \u00e9s befoly\u00e1s tal\u00e1lkoz\u00e1s\u00e1n\u00e1l.<\/p>","protected":false},"author":1,"featured_media":3487,"parent":24063,"menu_order":0,"comment_status":"closed","ping_status":"closed","template":"elementor_theme","meta":{"_eb_attr":"","footnotes":""},"class_list":["post-14785","page","type-page","status-publish","has-post-thumbnail"],"_links":{"self":[{"href":"https:\/\/travelshelper.com\/hu\/wp-json\/wp\/v2\/pages\/14785","targetHints":{"allow":["GET"]}}],"collection":[{"href":"https:\/\/travelshelper.com\/hu\/wp-json\/wp\/v2\/pages"}],"about":[{"href":"https:\/\/travelshelper.com\/hu\/wp-json\/wp\/v2\/types\/page"}],"author":[{"embeddable":true,"href":"https:\/\/travelshelper.com\/hu\/wp-json\/wp\/v2\/users\/1"}],"replies":[{"embeddable":true,"href":"https:\/\/travelshelper.com\/hu\/wp-json\/wp\/v2\/comments?post=14785"}],"version-history":[{"count":0,"href":"https:\/\/travelshelper.com\/hu\/wp-json\/wp\/v2\/pages\/14785\/revisions"}],"up":[{"embeddable":true,"href":"https:\/\/travelshelper.com\/hu\/wp-json\/wp\/v2\/pages\/24063"}],"wp:featuredmedia":[{"embeddable":true,"href":"https:\/\/travelshelper.com\/hu\/wp-json\/wp\/v2\/media\/3487"}],"wp:attachment":[{"href":"https:\/\/travelshelper.com\/hu\/wp-json\/wp\/v2\/media?parent=14785"}],"curies":[{"name":"wp","href":"https:\/\/api.w.org\/{rel}","templated":true}]}}