{"id":14764,"date":"2024-09-20T09:03:31","date_gmt":"2024-09-20T09:03:31","guid":{"rendered":"https:\/\/travelshelper.com\/staging\/?page_id=14764"},"modified":"2026-03-11T18:19:15","modified_gmt":"2026-03-11T18:19:15","slug":"kuvait","status":"publish","type":"page","link":"https:\/\/travelshelper.com\/hu\/destinations\/asia\/kuwait\/","title":{"rendered":"Kuvait"},"content":{"rendered":"<p>Kuvait egy keskeny sivatagi szakaszon fekszik, ahol az Arab-f\u00e9lsziget tal\u00e1lkozik a Perzsa-\u00f6b\u00f6llel. \u00c9szaki hat\u00e1ra Irakkal hat\u00e1ros, m\u00edg Sza\u00fad-Ar\u00e1bia d\u00e9len fekszik; nagyj\u00e1b\u00f3l 500 km-es partvonal\u00e1n t\u00fal az \u00f6b\u00f6l viz\u00e9n \u00e1t Ir\u00e1nnal n\u00e9z szembe. Szer\u00e9ny sz\u00e1razf\u00f6ldi ter\u00fclete ellen\u00e9re \u2013 amely a vil\u00e1g egyik legkisebb \u00e1llama \u2013 Kuvait region\u00e1lis kereskedelmi, kultur\u00e1lis \u00e9s energetikai k\u00f6zpontk\u00e9nt m\u0171k\u00f6dik. 4,82 milli\u00f3 lakos\u00e1nak k\u00f6zel mindegyike Kuvaitv\u00e1ros nagyv\u00e1rosi terjeszked\u00e9s\u00e9ben koncentr\u00e1l\u00f3dik, ahol alig 1,53 milli\u00f3an rendelkeznek \u00e1llampolg\u00e1rs\u00e1ggal, a t\u00f6bbiek pedig t\u00f6bb mint sz\u00e1z orsz\u00e1gb\u00f3l sz\u00e1rmaznak. Ez a rendk\u00edv\u00fcli demogr\u00e1fiai \u00f6sszet\u00e9tel Kuvaitot a vil\u00e1g legink\u00e1bb k\u00fclf\u00f6ldiekt\u0151l f\u00fcgg\u0151 t\u00e1rsadalmai k\u00f6z\u00e9 sorolja.<\/p>\n\n\n\n<p>Az emberi jelenl\u00e9t a r\u00e9gi\u00f3ban az \u00f3korig ny\u00falik vissza, a Tigris \u00e9s az Eufr\u00e1tesz torkolat\u00e1hoz k\u00f6zeli tengeri kij\u00e1ratoknak k\u00f6sz\u00f6nhet\u0151en. A tizennyolcadik sz\u00e1zad elej\u00e9re a t\u00f6rzsi hatalom a Bani Khalid emir\u00e1tus kez\u00e9be ker\u00fclt; nem sokkal ezut\u00e1n a helyi vezet\u00e9s az Al Sabah csal\u00e1d ir\u00e1ny\u00edt\u00e1sa alatt egyes\u00fclt, \u00e9s 1899-ben Kuvait protektor\u00e1tusi meg\u00e1llapod\u00e1st k\u00f6t\u00f6tt Nagy-Britanni\u00e1val, amely k\u00fclpolitikai ellen\u0151rz\u00e9st engedett \u00e1t katonai biztons\u00e1g\u00e9rt cser\u00e9be. Egy szer\u00e9ny kereskedelmi kik\u00f6t\u0151 tartotta fenn a sejks\u00e9get, am\u00edg 1938-ban Burganban kereskedelmi olaj nem csap\u00f3dott be. Az export 1946-ra megkezd\u0151d\u00f6tt, ami a k\u00f6vetkez\u0151 \u00e9vtizedekben moderniz\u00e1ci\u00f3s fellend\u00fcl\u00e9st finansz\u00edrozott. A teljes szuverenit\u00e1s 1961 j\u00fanius\u00e1ban k\u00f6vetkezett be a szerz\u0151d\u00e9s hat\u00e1lyon k\u00edv\u00fcl helyez\u00e9s\u00e9vel, \u00e9s az \u00e1llami int\u00e9zm\u00e9nyek az 1980-as \u00e9vek elej\u00e9n a t\u0151zsdei turbulencia h\u00e1tter\u00e9ben form\u00e1l\u00f3dtak ki.<\/p>\n\n\n\n<p>Szadd\u00e1m Huszein iraki er\u0151i 1990. augusztus 2-\u00e1n megsz\u00e1llt\u00e1k \u00e9s annekt\u00e1lt\u00e1k Kuvaitot termel\u00e9si vit\u00e1kra \u00e9s ter\u00fcleti ig\u00e9nyekre hivatkozva. Az Egyes\u00fclt \u00c1llamok vezette koal\u00edci\u00f3 egy r\u00f6vid sz\u00e1razf\u00f6ldi hadj\u00e1rat sor\u00e1n szabad\u00edtotta fel az orsz\u00e1got, amely 1991. febru\u00e1r 26-\u00e1n \u00e9rt v\u00e9get, ezt a napot ma a Felszabadul\u00e1s Napjak\u00e9nt \u00fcnneplik. Az \u00fajj\u00e1\u00e9p\u00edt\u00e9si k\u00f6lts\u00e9g meghaladta az \u00f6tmilli\u00e1rd amerikai doll\u00e1rt, \u00e9s els\u0151sorban az olajinfrastrukt\u00fara helyre\u00e1ll\u00edt\u00e1s\u00e1ra \u00e9s t\u00f6bb mint 500 sz\u00e1nd\u00e9kos olajk\u00fat-t\u0171z \u00f6kol\u00f3giai k\u00f6vetkezm\u00e9nyeinek kezel\u00e9s\u00e9re \u00f6sszpontosult. Ezek a t\u00fczek mintegy 35,7 km\u00b2 olajtavat hoztak l\u00e9tre, lakhatatlann\u00e1 t\u00e9ve a keleti sivatagi ter\u00fcleteket, \u00e9s sz\u00e9nhidrog\u00e9n-maradv\u00e1nyokkal bor\u00edtva be a partvonalakat, amelyek megtizedelt\u00e9k a tengeri \u00f6kosziszt\u00e9m\u00e1kat.<\/p>\n\n\n\n<p>Kuvait tov\u00e1bbra is em\u00edrs\u00e9g: az uralkod\u00f3 Al Sabah csal\u00e1d t\u00f6lti be a legmagasabb tiszts\u00e9geket, az em\u00edr pedig \u00e1llamf\u0151k\u00e9nt szolg\u00e1l egy olyan alkotm\u00e1ny \u00e9rtelm\u00e9ben, amely az \u00f6r\u00f6kletes uralmat a v\u00e1lasztott nemzetgy\u0171l\u00e9ssel \u00f6tv\u00f6zi. A hivatalos vall\u00e1s a maliki szunnita iskola iszl\u00e1mja, amelyet a becsl\u00e9sek szerint a polg\u00e1rok k\u00e9tharmada gyakorol; a fennmarad\u00f3 r\u00e9sz nagy r\u00e9sz\u00e9t s\u00edita muszlimok alkotj\u00e1k. A jelent\u0151s k\u00fclf\u00f6ldi lakoss\u00e1g kereszt\u00e9ny, hindu, szikh \u00e9s buddhista k\u00f6z\u00f6ss\u00e9geket hoz be, amelyek k\u00f6z\u00f6tt a Keral\u00e1b\u00f3l sz\u00e1rmaz\u00f3 kereszt\u00e9nyek a lakosok k\u00f6zel 18 sz\u00e1zal\u00e9k\u00e1t teszik ki. A hivatalos nyelv a modern standard arab; k\u00f6znyelvben a kuvaiti arab domin\u00e1l, amelyet perzsa, indiai, t\u00f6r\u00f6k, angol \u00e9s olasz nyelvekb\u0151l k\u00f6lcs\u00f6n\u00f6znek. Az angol nyelv \u00fczleti lingua francak\u00e9nt funkcion\u00e1l, m\u00edg a francia nyelv korl\u00e1tozottan alkalmazhat\u00f3 a hum\u00e1n tudom\u00e1nyok oktat\u00e1s\u00e1ban.<\/p>\n\n\n\n<p>F\u00f6ldrajzilag Kuvait a 28\u00b0 \u00e9szaki sz\u00e9less\u00e9g \u00e9s 31\u00b0 keleti hossz\u00fas\u00e1g, valamint a 46\u00b0 keleti hossz\u00fas\u00e1g \u00e9s 49\u00b0 keleti hossz\u00fas\u00e1g k\u00f6z\u00f6tt fekszik. A terep t\u00falnyom\u00f3r\u00e9szt tengerszinten fekszik, a Mutla-h\u00e1ts\u00e1gn\u00e1l mind\u00f6ssze 306 m\u00e9terre emelkedik. Partj\u00e1t t\u00edz sziget szeg\u00e9lyezi, \u00e9l\u00fck\u00f6n a Bubiyannal \u2013 az orsz\u00e1g legnagyobb sziget\u00e9vel, 860 km\u00b2-es ter\u00fclettel \u2013, amelyet egy 2,38 km hossz\u00fa t\u00f6lt\u00e9s k\u00f6t \u00f6ssze. A f\u00f6ldter\u00fcletnek csak 0,6 sz\u00e1zal\u00e9ka min\u0151s\u00fcl sz\u00e1nt\u00f3f\u00f6ldnek; a fennmarad\u00f3 r\u00e9szen ritk\u00e1s cserj\u00e9s n\u00f6v\u00e9nyzet tal\u00e1lhat\u00f3. A Kuvait-\u00f6b\u00f6l term\u00e9szetes m\u00e9lyv\u00edzi kik\u00f6t\u0151vel rendelkezik, amely Kuvaitv\u00e1ros v\u00edzpartj\u00e1t alkotja.<\/p>\n\n\n\n<p>Az \u00e9ghajlat a t\u00e9li, \u00e9szaki szelek \u00e1ltal m\u00e9rs\u00e9kelt m\u00e9lypontokt\u00f3l a vil\u00e1g legforr\u00f3bb ny\u00e1ri id\u0151szakaiig terjed. A j\u00faniusi \u00e9s j\u00faliusi samal szelek homokviharokat korb\u00e1csolnak fel; a t\u00e9li \u00e9jszak\u00e1k h\u0171v\u00f6sek lehetnek a f\u00f6ldrajzi sz\u00e9less\u00e9g, valamint Irak \u00e9s Ir\u00e1n k\u00f6zels\u00e9ge miatt. A rekordh\u0151m\u00e9rs\u00e9klet 54,0 \u00b0C, amelyet Mitribahban m\u00e9rtek 2016. j\u00falius 21-\u00e9n. A csapad\u00e9k sz\u0171k\u00f6s \u00e9s szezon\u00e1lis; a tavasz meleg napokat \u00e9s alkalmank\u00e9nt zivatarokat hoz.<\/p>\n\n\n\n<p>Kuvait magas j\u00f6vedelm\u0171 gazdas\u00e1g\u00e1nak olajell\u00e1t\u00e1sa biztos\u00edtja a f\u00f6ldkereks\u00e9get, amely a bolyg\u00f3 hatodik legnagyobb bizony\u00edtott olajk\u00e9szlet\u00e9vel rendelkezik \u2013 csak a Burgan mez\u0151n mintegy 70 milli\u00e1rd hord\u00f3 olaj. A sz\u00e9nhidrog\u00e9nek az export k\u00f6zel 90 sz\u00e1zal\u00e9k\u00e1t teszik ki, a fennmarad\u00f3 r\u00e9szt pedig rep\u00fcl\u0151g\u00e9pek \u00e9s szerves vegyi anyagok. Kuvait a gazdas\u00e1gi diverzifik\u00e1ci\u00f3 ter\u00e9n alacsonyan \u00e1ll, az egy f\u0151re jut\u00f3 sz\u00e9n-dioxid-kibocs\u00e1t\u00e1s pedig vil\u00e1gszerte a legmagasabbak k\u00f6z\u00e9 tartozik. A k\u00f6rnyezetv\u00e9delem fokozatosan fejl\u0151d\u00f6tt: \u00f6t IUCN \u00e1ltal elismert v\u00e9dett ter\u00fclet l\u00e9tezik, \u00e9s 2018-ban a Bubiyan-sziget Mubarak al-Kabeer rezerv\u00e1tuma Ramsari min\u0151s\u00edt\u00e9st kapott, amely kritikus pihen\u0151helyk\u00e9nt szolg\u00e1l a v\u00e1ndormadarak sz\u00e1m\u00e1ra, \u00e9s a bolyg\u00f3 legnagyobb lile-kol\u00f3ni\u00e1j\u00e1nak ad otthont.<\/p>\n\n\n\n<p>K\u00f6zigazgat\u00e1silag hat korm\u00e1nyz\u00f3s\u00e1g osztja fel az orsz\u00e1g ter\u00fclet\u00e9t: F\u0151v\u00e1ros (Al Asimah), Hawalli, Farwaniya, Mubarak Al-Kabeer, Ahmadi \u00e9s Jahra. Mindegyik korm\u00e1nyz\u00f3s\u00e1g t\u00f6bb ter\u00fcletb\u0151l \u00e1ll; \u00f6sszesen t\u00f6bb mint 5700 km-es \u00fath\u00e1l\u00f3zattal rendelkeznek, amelyb\u0151l t\u00f6bb mint 4800 km aszfaltozott aut\u00f3p\u00e1lya. A k\u00f6zleked\u00e9sben az aut\u00f3k domin\u00e1lnak \u2013 vas\u00fat vagy metr\u00f3 nincs \u2013, amelyeket az \u00e1llami tulajdon\u00fa Kuvaiti T\u00f6megk\u00f6zleked\u00e9si V\u00e1llalat, valamint a CityBus \u00e9s a Kuwait Gulf Link mag\u00e1n\u00fczemeltet\u0151k t\u00e1mogatnak. A s\u00e1rga rendsz\u00e1mt\u00e1bl\u00e1kr\u00f3l azonos\u00edthat\u00f3 taxik nagyr\u00e9szt m\u00e9r\u0151\u00f3r\u00e1n k\u00edv\u00fcl k\u00f6zlekednek, m\u00edg az olyan alkalmaz\u00e1salap\u00fa szolg\u00e1ltat\u00e1sok, mint a Careem, egyre nagyobb teret h\u00f3d\u00edtottak. A l\u00e9gi k\u00f6zleked\u00e9si k\u00f6zpontok a Kuvaiti Nemzetk\u00f6zi Rep\u00fcl\u0151t\u00e9ren tal\u00e1lhat\u00f3k, amely a Kuwait Airways k\u00f6zpontja \u00e9s az Al Mubarak l\u00e9gib\u00e1zisnak ad otthont; k\u00e9t mag\u00e1n l\u00e9git\u00e1rsas\u00e1g, a Jazeera \u00e9s a Wataniya kieg\u00e9sz\u00edti a szolg\u00e1ltat\u00e1sokat. 2025 m\u00e1jus\u00e1t\u00f3l tizenn\u00e9gy k\u00fclf\u00f6ldi l\u00e9git\u00e1rsas\u00e1g f\u00fcggesztette fel j\u00e1ratait a vezet\u00e9ssel \u00e9s a versennyel kapcsolatos agg\u00e1lyok miatt, ami k\u00e9rd\u00e9seket vet fel a rep\u00fcl\u0151t\u00e9r region\u00e1lis szerep\u00e9vel kapcsolatban.<\/p>\n\n\n\n<p>A tengeri kereskedelem Shuwaikh \u00e9s Shuaiba kik\u00f6t\u0151kre \u00e9p\u00fcl, amelyek 2006-ban t\u00f6bb mint 750 000 TEU-t kezeltek, Mina al-Ahmadi mellett. A Bubiyan sziget\u00e9n \u00e9p\u00fcl\u0151 \u00faj Mubarak Al Kabeer kik\u00f6t\u0151 v\u00e1rhat\u00f3an \u00e9vi k\u00e9tmilli\u00f3 TEU-t fog kezelni. A haj\u00f3z\u00e1si \u00e1gazat a r\u00e9gi\u00f3 legnagyobbjai k\u00f6z\u00e9 tartozik.<\/p>\n\n\n\n<p>Az olajvagyon ellen\u00e9re a turizmus tov\u00e1bbra is szer\u00e9ny, amit a korl\u00e1tozott infrastrukt\u00fara \u00e9s az alkoholtilalom korl\u00e1toz. A belf\u00f6ldi utaz\u00e1si kiad\u00e1sok 2020-ban el\u00e9rt\u00e9k a 6,1 milli\u00e1rd doll\u00e1rt; a Turisztikai \u00e9s Utaz\u00e1si Vil\u00e1gtan\u00e1cs Kuvaitot nevezte meg a leggyorsabban n\u00f6vekv\u0151 utaz\u00e1si gazdas\u00e1gnak 2019-ben, ami 11,6 sz\u00e1zal\u00e9kos \u00e9ves n\u00f6veked\u00e9st jelent. A kultur\u00e1lis l\u00e1tnival\u00f3k k\u00f6z\u00e9 tartozik a Hala Febrayer fesztiv\u00e1l minden febru\u00e1rban, amely koncertekkel, felvonul\u00e1sokkal \u00e9s karnev\u00e1lokkal \u00fcnnepli a felszabadul\u00e1st. A Sabah Al Ahmad Sea City fejleszt\u00e9se \u00e9s az \u00fajonnan bemutatott Kuvaiti Nemzeti Kultur\u00e1lis Negyed \u2013 egy 1 milli\u00e1rd doll\u00e1ros projekt, amely kultur\u00e1lis k\u00f6zpontokat, parkokat \u00e9s palotaszer\u0171 \u00f6r\u00f6ks\u00e9gi helysz\u00edneket foglal mag\u00e1ban \u2013 a sz\u00e9lesebb k\u00f6r\u0171 kreat\u00edv gazdas\u00e1g ir\u00e1nti t\u00f6rekv\u00e9seket jelzi.<\/p>\n\n\n\n<p>Kuvait \u00fatt\u00f6r\u0151 szerepet j\u00e1tszott az \u00f6b\u00f6l menti arab m\u0171v\u00e9szetek ter\u00e9n: a vizu\u00e1lis tudom\u00e1ny Mojeb al-Dousari 1930-as \u00e9vekbeli portr\u00e9iig \u00e9s Khalifa Al-Qattan 1960-as \u00e9vekbeli \u201ek\u00f6rk\u00f6r\u00f6ss\u00e9g\u201d elm\u00e9let\u00e9ig ny\u00falik vissza. Ma t\u00f6bb mint harminc gal\u00e9ria mutatja be Sami Mohammad, Thuraya Al-Baqsami \u00e9s Suzan Bushnaq alkot\u00e1sait. A sz\u00ednh\u00e1zi m\u0171v\u00e9szetek az 1920-as \u00e9vekig ny\u00falnak vissza; a Nemzeti Kultur\u00e1lis, M\u0171v\u00e9szeti \u00e9s Irodalmi Tan\u00e1cson kereszt\u00fcl \u00e1llamilag t\u00e1mogatott \u00e1llami sz\u00ednh\u00e1zak \u00e9ves fesztiv\u00e1lt rendeznek, a helyi dr\u00e1m\u00e1k pedig az eg\u00e9sz r\u00e9gi\u00f3ban vonzz\u00e1k a k\u00f6z\u00f6ns\u00e9get. Telev\u00edzi\u00f3s sorozatok \u2013 amelyeket \u00e9vente tizen\u00f6t vagy t\u00f6bb k\u00e9sz\u00edtenek \u2013 az \u00f6b\u00f6lben is sug\u00e1roznak, ami Kuvaitnak az \u201e\u00d6b\u00f6l Hollywoodja\u201d becenevet adta. Szappanoper\u00e1kat sug\u00e1roznak Ramad\u00e1n idej\u00e9n, amikor a csal\u00e1dok alkonyatkor \u00f6sszegy\u0171lnek. Az olyan zenei hagyom\u00e1nyok, mint a sawt \u00e9s a fijiri, a tenger\u00e9szeti \u00f6r\u00f6ks\u00e9get t\u00fckr\u00f6zik; a felv\u00e9telek m\u00e1r 1912-ben elkezd\u0151dtek. A kort\u00e1rs khaliji zene p\u00e1narab n\u00e9pszer\u0171s\u00e9gnek \u00f6rvend, olyan m\u0171v\u00e9szek, mint Nawal El Kuwaiti \u00e9s Abdallah Al Rowaished, sz\u00e9les k\u00f6rben turn\u00e9znak.<\/p>\n\n\n\n<p>A t\u00e1rsadalmi norm\u00e1k az \u201e\u00e9lj \u00e9s \u00e9lni hagyj\u201d szellemis\u00e9ghez igazodnak, nagyfok\u00fa mozg\u00e1steret biztos\u00edtva az \u00f6lt\u00f6zk\u00f6d\u00e9s \u00e9s a viselked\u00e9s ter\u00e9n, mindaddig, am\u00edg a nyilv\u00e1nos erk\u00f6lcsi t\u00f6rv\u00e9nyeket betartj\u00e1k. Egy m\u00e1sik k\u00f6zszerepl\u0151 megs\u00e9rt\u00e9se s\u00e9rti a t\u00e1g \u00e9rtelemben vett r\u00e1galmaz\u00e1si t\u00f6rv\u00e9nyeket. A ramad\u00e1n alatt tilos az \u00e9tel, ital vagy doh\u00e1ny nyilv\u00e1nos fogyaszt\u00e1sa. A homoszexu\u00e1lis cselekm\u00e9nyek tov\u00e1bbra is b\u00fcntetend\u0151k, b\u00e1r az azonos nem\u0171ek k\u00f6z\u00f6tti vonzalom szok\u00e1sos kifejez\u00e9se megb\u00e9lyegz\u00e9s n\u00e9lk\u00fcl t\u00f6rt\u00e9nik.<\/p>\n\n\n\n<p>Kuvaitv\u00e1ros k\u00f6nnyen megk\u00f6zel\u00edthet\u0151 r\u00e9sz\u00e9n tal\u00e1lhat\u00f3 v\u00e1rosok elt\u00e9r\u0151 \u00e9letet \u00e9lnek: Jahra t\u00f6rt\u00e9nelmi negyedei nyugatra helyezkednek el, Ahmadi olajfinom\u00edt\u00f3 infrastrukt\u00far\u00e1nak ad otthont, Hawalli \u00e9s Farwaniya s\u0171r\u0171 lak\u00f3\u00f6vezeteket \u00e9s kik\u00f6t\u0151ket biztos\u00edt, m\u00edg Salmiya strandjai \u00e9s ingatlanjai csal\u00e1dokat \u00e9s k\u00fclf\u00f6ldieket vonzanak. A k\u00fcls\u0151 \u00fati c\u00e9lok, mint p\u00e9ld\u00e1ul Khairan \u00e9s Bnaider, jachtklubokat \u00e9s v\u00edzi sportokat t\u00e1mogatnak; a h\u00e1bor\u00fa s\u00fajtotta Failaka-sziget ma m\u00e1r t\u00f6rt\u00e9nelmi sz\u00e1ll\u00e1shelyeket k\u00edn\u00e1l, amelyek rendszeres kompj\u00e1rattal \u00e9rhet\u0151k el.<\/p>\n\n\n\n<p>A bel\u00e9p\u00e9si szab\u00e1lyok \u00e1llampolg\u00e1rs\u00e1gonk\u00e9nt elt\u00e9r\u0151ek. A GCC \u00e1llampolg\u00e1rai v\u00edzum n\u00e9lk\u00fcl utaznak; sz\u00e1mos nyugati \u00e9s \u00e1zsiai \u00e1llam lakosai \u00e9rkez\u00e9skor szerezhetik meg a v\u00edzumot a rep\u00fcl\u0151t\u00e9ri termin\u00e1lokon, m\u00edg m\u00e1soknak el\u0151re egyeztetett szponzorra van sz\u00fcks\u00e9g\u00fck. Minden \u00e9rkez\u0151nek ker\u00fclnie kell az izraeli pecs\u00e9tek haszn\u00e1lat\u00e1t, amelyek \u00e9rv\u00e9nytelen\u00edtik a bel\u00e9p\u00e9st. A rep\u00fcl\u0151t\u00e9rr\u0151l a t\u00f6megk\u00f6zleked\u00e9si lehet\u0151s\u00e9gek k\u00f6z\u00e9 tartoznak a taxik, a limuzin st\u00edlus\u00fa szolg\u00e1ltat\u00e1sok \u00e9s a belv\u00e1rosba k\u00f6zleked\u0151 0,25 KWD-s busz, b\u00e1r a menetrendek \u00e9s az \u00fatvonalinform\u00e1ci\u00f3k el\u0151zetes tervez\u00e9st ig\u00e9nyelnek.<\/p>\n\n\n\n<p>Kuvait fejl\u0151d\u00e9se \u2013 a sivatagi kik\u00f6t\u0151b\u0151l a k\u0151olajnagyhatalomm\u00e1 \u2013 a gazdags\u00e1g \u00e9s a k\u00f6rnyezet, a hagyom\u00e1ny \u00e9s a modernit\u00e1s ellent\u00e9teit hordozza mag\u00e1ban. Kompakt f\u00f6ldrajza a t\u00f6rt\u00e9nelem, a kult\u00fara \u00e9s a kereskedelem bonyolult sz\u00f6vev\u00e9ny\u00e9t rejti. M\u00edg a sz\u00e9nhidrog\u00e9nek fenntartj\u00e1k a k\u00f6lts\u00e9gvet\u00e9si tartal\u00e9kokat, a kreat\u00edv \u00e9s szolg\u00e1ltat\u00e1si szektorokban indul\u00f3 er\u0151fesz\u00edt\u00e9sek a l\u00e1t\u00f3k\u00f6r sz\u00e9les\u00edt\u00e9s\u00e9re t\u00f6rekszenek. A nemzet egy olyan v\u00e1lasz\u00fat el\u0151tt \u00e1ll, ahol m\u00faltja meghat\u00e1rozza a jelenlegi identit\u00e1st, \u00e9s ahol a strat\u00e9giai d\u00f6nt\u00e9sek egy diverzifik\u00e1ltabb j\u00f6v\u0151t fognak alak\u00edtani.<\/p>","protected":false},"excerpt":{"rendered":"<p>Kuvait, hivatalos nev\u00e9n Kuvait \u00e1llam, egy nemzet Nyugat-\u00c1zsi\u00e1ban, Kelet-Ar\u00e1bia \u00e9szaki hat\u00e1r\u00e1nak k\u00f6zel\u00e9ben, a Perzsa-\u00f6b\u00f6l sz\u00e9l\u00e9n. Kuvait, amelynek lakoss\u00e1ga 2024-ben 4,93 milli\u00f3 volt, ami 1,98%-os n\u00f6veked\u00e9s az el\u0151z\u0151 \u00e9vhez k\u00e9pest, l\u00e9tfontoss\u00e1g\u00fa helyet foglal el, amely Irakot \u00e9szakon v\u00e1lasztja el Sza\u00fad-Ar\u00e1bi\u00e1t\u00f3l d\u00e9len. A Perzsa-\u00f6b\u00f6l ment\u00e9n h\u00faz\u00f3d\u00f3, mintegy 500 kilom\u00e9teres partvonalb\u00f3l \u00e1ll\u00f3 orsz\u00e1gnak tengeri hat\u00e1ra van Ir\u00e1nnal.<\/p>","protected":false},"author":1,"featured_media":4387,"parent":24063,"menu_order":0,"comment_status":"closed","ping_status":"closed","template":"elementor_theme","meta":{"_eb_attr":"","footnotes":""},"class_list":["post-14764","page","type-page","status-publish","has-post-thumbnail"],"_links":{"self":[{"href":"https:\/\/travelshelper.com\/hu\/wp-json\/wp\/v2\/pages\/14764","targetHints":{"allow":["GET"]}}],"collection":[{"href":"https:\/\/travelshelper.com\/hu\/wp-json\/wp\/v2\/pages"}],"about":[{"href":"https:\/\/travelshelper.com\/hu\/wp-json\/wp\/v2\/types\/page"}],"author":[{"embeddable":true,"href":"https:\/\/travelshelper.com\/hu\/wp-json\/wp\/v2\/users\/1"}],"replies":[{"embeddable":true,"href":"https:\/\/travelshelper.com\/hu\/wp-json\/wp\/v2\/comments?post=14764"}],"version-history":[{"count":0,"href":"https:\/\/travelshelper.com\/hu\/wp-json\/wp\/v2\/pages\/14764\/revisions"}],"up":[{"embeddable":true,"href":"https:\/\/travelshelper.com\/hu\/wp-json\/wp\/v2\/pages\/24063"}],"wp:featuredmedia":[{"embeddable":true,"href":"https:\/\/travelshelper.com\/hu\/wp-json\/wp\/v2\/media\/4387"}],"wp:attachment":[{"href":"https:\/\/travelshelper.com\/hu\/wp-json\/wp\/v2\/media?parent=14764"}],"curies":[{"name":"wp","href":"https:\/\/api.w.org\/{rel}","templated":true}]}}