{"id":14740,"date":"2024-09-20T08:30:11","date_gmt":"2024-09-20T08:30:11","guid":{"rendered":"https:\/\/travelshelper.com\/staging\/?page_id=14740"},"modified":"2026-03-11T18:34:20","modified_gmt":"2026-03-11T18:34:20","slug":"male","status":"publish","type":"page","link":"https:\/\/travelshelper.com\/hu\/destinations\/asia\/maldives\/male\/","title":{"rendered":"Mal\u00e9"},"content":{"rendered":"<p>Mal\u00e9, a Mald\u00edv-szigetek korm\u00e1nyzati sz\u00e9khelye \u00e9s sz\u00edve, egy szer\u00e9ny korallz\u00e1tony-folton fekszik az \u00c9szaki-Mal\u00e9-atoll d\u00e9li perem\u00e9n. Alig 8,3 n\u00e9gyzetkilom\u00e9teres v\u00e1ros n\u00e9ps\u0171r\u0171s\u00e9ge miatt figyelemre m\u00e9lt\u00f3 \u2013 k\u00f6zigazgat\u00e1si hat\u00e1rain bel\u00fcl t\u00f6bb mint 211 000 lakos \u00e9l, \u00edgy a F\u00f6ld egyik legs\u0171r\u0171bben lakott v\u00e1rosa. Ezek a sz\u00e1mok \u00f6nmagukban nem k\u00e9pesek megragadni Mal\u00e9 r\u00e9tegzett text\u00far\u00e1j\u00e1t: egykor az \u0151si szult\u00e1nok er\u0151d\u00edtett k\u00f6zpontja, ma a k\u00f6zigazgat\u00e1s, a kereskedelem \u00e9s a kult\u00fara dinamikus csom\u00f3pontja, amelyet keskeny sik\u00e1torok, visszanyert f\u00f6ldek \u00e9s a sz\u00fcntelen tengerl\u00fcktet\u00e9s fon \u00f6ssze.<\/p>\n\n\n\n<h2 class=\"wp-block-heading\">Eredet \u00e9s \u00e1talakul\u00e1s<\/h2>\n\n\n\n<p>A ma Mal\u00e9 n\u00e9ven ismert sziget \u00e9vsz\u00e1zadokon \u00e1t a kir\u00e1lyi hatalom k\u00f6zpontja volt, amelyet a korai kr\u00f3nik\u00e1k \u201eMahal\u201d n\u00e9ven ismernek. Massz\u00edv falakkal k\u00f6r\u00fclv\u00e9ve \u00e9s kapukkal \u2013 doroshikkal \u2013 tark\u00edtva, az egym\u00e1st k\u00f6vet\u0151 dinaszti\u00e1k itt \u00e9p\u00edtett\u00e9k palot\u00e1jukat, a Gan&#039;duvarut, \u00e9s itt tartottak fenn b\u00e1sty\u00e1kat (buruzukat), hogy v\u00e9dekezzenek a tengeri fenyeget\u00e9sek ellen. A P\u00e9nteki Mecset (Hukuru Miskiy), amely 1656-ban, Ibrahim Iskandar szult\u00e1n uralkod\u00e1sa alatt k\u00e9sz\u00fclt el, a korszak legmaradand\u00f3bb eml\u00e9ke, bonyolultan faragott korallk\u0151 falai \u00e9s arabeszk feliratai a sziget k\u00f6z\u00e9pkori m\u0171v\u00e9szet\u00e9nek bizony\u00edt\u00e9kai.<\/p>\n\n\n\n<p>Amikor a Mald\u00edv-szigetek 1968-ban Ibrahim Nasir eln\u00f6k alatt elt\u00f6r\u00f6lte monarchi\u00e1j\u00e1t, a palotakomplexum \u00e9s a szomsz\u00e9dos er\u0151d\u00f6k nagy r\u00e9sz\u00e9t lerombolt\u00e1k a moderniz\u00e1ci\u00f3 \u00e9rdek\u00e9ben. A ma l\u00e1that\u00f3 s\u0171r\u0171 utc\u00e1h\u00e1l\u00f3zat \u00e9s a Jumhooree Maidhaan szer\u00e9ny tere, amelyet egy magas z\u00e1szl\u00f3r\u00fad koron\u00e1z, ennek a huszadik sz\u00e1zad k\u00f6zep\u00e9nek \u00e1talak\u00edt\u00e1s\u00e1nak az eredm\u00e9nyei. Az elm\u00falt \u00e9vtizedekben a f\u00f6ldhaszn\u00e1lat \u00e1talak\u00edt\u00e1sa \u00e1talak\u00edtotta Mal\u00e9 l\u00e1bnyom\u00e1t: \u00faj ker\u00fcletek, mint p\u00e9ld\u00e1ul Hulhumal\u00e9 \u2013 egy teljesen mesters\u00e9ges sziget, amelyet 2004 \u00f3ta laknak \u2013 duzzasztj\u00e1k a Nagy-Mal\u00e9 metropolisz\u00e1t, enyh\u00edtve a sz\u0171k\u00f6ss\u00e9gben, \u00e9s befogadva a n\u00f6vekv\u0151 n\u00e9pess\u00e9get, amely az 1980-as \u00e9vek v\u00e9ge \u00f3ta t\u00edzszeres\u00e9re n\u0151tt.<\/p>\n\n\n\n<h2 class=\"wp-block-heading\">F\u00f6ldrajz \u00e9s v\u00e1rosi forma<\/h2>\n\n\n\n<p>B\u00e1r f\u00f6ldrajzilag a Kaafu-atoll r\u00e9sze, Mal\u00e9 k\u00fcl\u00f6n\u00e1ll\u00f3 k\u00f6zigazgat\u00e1s alatt \u00e1ll, mag\u00e1ban foglalja a k\u00f6zponti szigetet, valamint hat m\u00e1sik, a Mal\u00e9 V\u00e1rosi Tan\u00e1cs hat\u00e1sk\u00f6r\u00e9be tartoz\u00f3 szigetet: Hulhul\u00e9 (ahol a nemzetk\u00f6zi rep\u00fcl\u0151t\u00e9r tal\u00e1lhat\u00f3), Hulhumal\u00e9, Villimal\u00e9, Gulhifalhu, Thilafushi \u00e9s Giraavarufalhu. A k\u00f6zponti sziget keleti \u00e9s d\u00e9li oldal\u00e1t m\u00f3l\u00f3k \u2013 \u00f6sszesen t\u00edz \u2013 szeg\u00e9lyezik, amelyek mindegyike az indul\u00e1s \u00e9s \u00e9rkez\u00e9s csom\u00f3pontjak\u00e9nt szolg\u00e1l. Az egyes sz\u00e1m\u00fa m\u00f3l\u00f3 a K\u00f6zt\u00e1rsas\u00e1g t\u00e9r el\u0151tt tal\u00e1lhat\u00f3, m\u00edg a rep\u00fcl\u0151t\u00e9ri komp a kilences \u00e9s t\u00edzes m\u00f3l\u00f3n\u00e1l, az \u00e9szakkeleti cs\u00fccsk\u00e9ben k\u00f6t ki. A kik\u00f6t\u0151, amelyet mindenf\u00e9le m\u00e9ret\u0171 \u00e9s faanyag\u00fa haj\u00f3 szel \u00e1t, az orsz\u00e1g kereskedelm\u00e9nek k\u00f6zpontja; ezen kereszt\u00fcl folyik a Mald\u00edv-szigetek importj\u00e1nak \u00e9s exportj\u00e1nak nagy r\u00e9sze, a k\u00f6zeli speci\u00e1lis kotr\u00e1si \u00e9s rekultiv\u00e1ci\u00f3s programok pedig \u2013 mint p\u00e9ld\u00e1ul a Thilafushi \u2013 a hullad\u00e9kot \u00faj f\u00f6ldter\u00fclett\u00e9 alak\u00edtj\u00e1k.<\/p>\n\n\n\n<p>Ezen a n\u00e9h\u00e1ny n\u00e9gyzetkilom\u00e9teren bel\u00fcl szinte minden k\u00f6zinfrastrukt\u00fara megtal\u00e1lja a hely\u00e9t. Korm\u00e1nyzati hivatalok zs\u00fafolj\u00e1k a v\u00edzpartot; a d\u00edzelgener\u00e1torok, amelyek az elektromos h\u00e1l\u00f3zatot tartj\u00e1k fenn, az \u00e9szaki partot szeg\u00e9lyezik; \u00e9s a ford\u00edtott ozm\u00f3zis s\u00f3talan\u00edt\u00f3 \u00fczem m\u00e9lyen be\u00e1ssa mag\u00e1t a szigetbe, hogy brakkvizet pump\u00e1ljon \u00e1t a membr\u00e1njain. A m\u00e9g kezeletlen szennyvizet a k\u00f6rnyez\u0151 tengerekbe vezetik, m\u00edg a hullad\u00e9k a partra v\u00e1ndorol, hogy felt\u00f6ltse a lag\u00fan\u00e1kat \u2013 ez a k\u00f6rforg\u00e1s egyszerre pragmatikus \u00e9s nyugtalan\u00edt\u00f3.<\/p>\n\n\n\n<h2 class=\"wp-block-heading\">N\u00e9pess\u00e9g \u00e9s t\u00e1rsadalom<\/h2>\n\n\n\n<p>Mal\u00e9 a monarchia sz\u00e9khely\u00e9b\u0151l a b\u00fcrokr\u00e1cia k\u00f6zpontj\u00e1v\u00e1 v\u00e1lt. 1987-ben lakoss\u00e1ga 20 000 k\u00f6r\u00fcl mozgott; 2006-ra el\u00e9rte a 100 000-et, ma pedig az \u00e1tmenetileg ott dolgoz\u00f3kat \u00e9s a l\u00e1togat\u00f3kat is belesz\u00e1m\u00edtva meghaladja a 250 000-et. A mald\u00edv-szigetekiek k\u00f6zel egyharmada \u00e9l itt, kis h\u00e1zak \u00e9s sz\u0171k\u00f6s lak\u00e1sok foltvarr\u00e1s\u00e1ban, gyakran a szomsz\u00e9dos atollokr\u00f3l sz\u00e1rmaz\u00f3 t\u00e1gabb csal\u00e1ddal vagy honfit\u00e1rsakkal osztva meg \u0151ket. A l\u00e9legzetv\u00e9telnyi t\u00e9r keres\u00e9se \u00faj szigeteket hozott l\u00e9tre \u2013 Hulhumal\u00e9 t\u00f6bbf\u00e1zis\u00fa fejleszt\u00e9si projektje emblematikus \u2013, \u00e9s sz\u00e1mos tisztvisel\u0151t \u00e9s szakembert arra k\u00e9sztetett, hogy megossza \u00e9let\u00e9t Mal\u00e9 k\u00f6zpontja \u00e9s annak kering\u0151 szigetei k\u00f6z\u00f6tt.<\/p>\n\n\n\n<p>A k\u00fclf\u00f6ldi k\u00f6z\u00f6ss\u00e9gek k\u00f6z\u00fcl az indiaiak alkotj\u00e1k a m\u00e1sodik legnagyobb csoportot, k\u00f6r\u00fclbel\u00fcl 27 000 f\u0151vel. Jelenl\u00e9t\u00fck \u00e9rezhet\u0151 az \u00e9p\u00edtkez\u00e9seken, klinik\u00e1kon \u00e9s tantermekben: orvosok, \u00e1pol\u00f3k, m\u00e9rn\u00f6k\u00f6k, tan\u00e1rok \u00e9s m\u00e1s szakemberek tartj\u00e1k fenn a mald\u00edv t\u00e1rsadalom kritikus szektorait, m\u00edg bangladesi munk\u00e1sok \u00e9s m\u00e1s fizikai munk\u00e1sok a szolg\u00e1ltat\u00e1si \u00e9s infrastruktur\u00e1lis szakm\u00e1kban t\u00f6ltenek be feladatokat. B\u00e1r a fesz\u00fclts\u00e9gek id\u0151nk\u00e9nt politikai tiltakoz\u00e1sok form\u00e1j\u00e1ban felsz\u00ednre ker\u00fclnek, ezek a soksz\u00edn\u0171 k\u00f6z\u00f6ss\u00e9gek keskeny utc\u00e1kat \u00e9s piaci standokat osztanak meg, \u00e9s k\u00f6z\u00f6ss\u00e9gi tereken, p\u00e9ld\u00e1ul a Jumhooree Maidhaanon gy\u0171lnek \u00f6ssze, ahol minden nagyobb t\u00fcntet\u00e9s v\u00e9g\u00fcl \u00f6sszefut.<\/p>\n\n\n\n<h2 class=\"wp-block-heading\">Kl\u00edma \u00e9s k\u00f6rnyezet<\/h2>\n\n\n\n<p>Mal\u00e9 \u00e9ghajlat\u00e1t a K\u00f6ppen-rendszer tr\u00f3pusi monszunk\u00e9nt (Am) \u00edrja le. A csapad\u00e9k kilenc h\u00f3napon \u00e1t esik \u2013 \u00e1prilist\u00f3l janu\u00e1rig \u2013, a d\u00e9lnyugati monszun idej\u00e9n tet\u0151zik, m\u00edg a febru\u00e1ri \u00e9s m\u00e1rciusi r\u00f6vid sz\u00e1raz id\u0151szak tiszt\u00e1bb eget hoz. A h\u0151m\u00e9rs\u00e9klet figyelemre m\u00e9lt\u00f3an \u00e1lland\u00f3: a nappali maximumok \u00e1tlagosan 30 \u00b0C k\u00f6r\u00fcl alakulnak, az \u00e9jszakai minimumok ritk\u00e1n s\u00fcllyednek 26,5 \u00b0C al\u00e1. Az \u00e9ves csapad\u00e9kmennyis\u00e9g meghaladja az 1900 mm-t, \u00e9s a p\u00e1ratartalom eg\u00e9sz \u00e9vben magas marad. A sziget hat\u00e1rain bel\u00fcl a v\u00edzelvezet\u0151 rendszerek hirtelen felh\u0151szakad\u00e1sok eset\u00e9n t\u00falterhel\u0151dnek, \u00e9s az utc\u00e1k el\u00e1raszthatj\u00e1k a vizet, r\u00f6vid id\u0151re sek\u00e9ly patakokk\u00e1 v\u00e1ltoztatva a magusokat (f\u0151utakat) \u00e9s a goahlikat (sik\u00e1torokat).<\/p>\n\n\n\n<h2 class=\"wp-block-heading\">Oszt\u00e1lyok \u00e9s infrastrukt\u00fara<\/h2>\n\n\n\n<p>K\u00f6zigazgat\u00e1silag a v\u00e1rossziget n\u00e9gy k\u00f6rzetre oszlik \u2013 Henveiru, Galolhu, Maafannu \u00e9s MacchanGoalhi \u2013, amelyek mindegyike saj\u00e1t helyi \u00f6nkorm\u00e1nyzati irod\u00e1val \u00e9s jellegzetes lak\u00f3\u00f6vezettel rendelkezik. A kor\u00e1bban b\u00f6rt\u00f6nk\u00e9nt, majd \u00fcd\u00fcl\u0151k\u00e9nt m\u0171k\u00f6d\u0151 Villimal\u00e9 az \u00f6t\u00f6dik ker\u00fclet lett; a lag\u00fan\u00e1b\u00f3l sz\u00e1razf\u00f6ldd\u00e9 tervezett \u00e9s emelt Hulhumal\u00e9 a hatodik. Hulhul\u00e9, annak ellen\u00e9re, hogy nincsenek \u00e1lland\u00f3 lakosai, kritikus szerepet t\u00f6lt be a Velana Nemzetk\u00f6zi Rep\u00fcl\u0151t\u00e9r helysz\u00ednek\u00e9nt, hidropl\u00e1n-termin\u00e1llal \u00e9s t\u00e1rol\u00f3hang\u00e1rokkal kieg\u00e9sz\u00edtve.<\/p>\n\n\n\n<p>Minden szigeten az utc\u00e1k a magu (f\u0151utca), a hingun (\u00fat) \u00e9s a goalhi (sik\u00e1tor) elnevez\u00e9s\u0171 elnevez\u00e9seket k\u00f6vetik. Mag\u00e1n Mal\u00e9 sziget\u00e9n a f\u0151\u00fatvonal, a Majeedhee Magu kelet-nyugati ir\u00e1nyban h\u00faz\u00f3dik, ruhaboltok szeg\u00e9lyezik \u0151ket, amelyek sok\u00e1ig az \u00e9jszak\u00e1ba ny\u00fal\u00f3an \u00e1rulnak, \u00e9s a napi \u00f6t ima ut\u00e1n r\u00f6vid meg\u00e1ll\u00e1ssal v\u00e1rj\u00e1k a l\u00e1togat\u00f3kat. Az Orchid Magu, az Ameenee Magu \u00e9s a Sosun Magu \u2013 melyeket rendre R10-es, R11-es \u00e9s R12-es \u00fatvonalaknak neveznek \u2013 a v\u00e1ros h\u00e1rom minibuszj\u00e1rat\u00e1nak ad otthont. Ezek a z\u00f6ld-feh\u00e9r j\u00e1rm\u0171vek, amelyeket a Raajje Transport Link \u00fczemeltet, a helyieket sz\u00e1ll\u00edtj\u00e1k a ker\u00fcletek k\u00f6z\u00f6tt \u00e9s a Sinamal\u00e9 h\u00eddra, amely 2018 okt\u00f3bere \u00f3ta k\u00f6z\u00faton \u00f6sszek\u00f6ti Mal\u00e9t Hulhul\u00e9vel. Innen t\u00f6lt\u00e9sutak vezetnek tov\u00e1bb Hulhumal\u00e9ba, \u00edgy a rep\u00fcl\u0151t\u00e9r most el\u0151sz\u00f6r \u00e9rhet\u0151 el komp n\u00e9lk\u00fcl.<\/p>\n\n\n\n<p>Villimal\u00e9 bels\u0151 j\u00e1rata, az R13-as j\u00e1rat, kis elektromos buszokkal k\u00f6zlekedik tizenh\u00e1rom meg\u00e1ll\u00f3n kereszt\u00fcl, \u00f6sszek\u00f6tve a ker\u00fclet szer\u00e9ny strandjait \u00e9s b\u00fav\u00e1r\u00fczleteit \u2013 a Diver&#039;s Lodge Maldives-t \u00e9s a Moodhu Bulhaa B\u00fav\u00e1rk\u00f6zpontot \u2013 a kompkik\u00f6t\u0151vel. A minibuszos folyos\u00f3k hat\u00e9konys\u00e1ga ellen\u00e9re a forgalom elt\u00f6m\u00edtheti a keskeny j\u00e1rd\u00e1kat, k\u00fcl\u00f6n\u00f6sen cs\u00facsforgalomban; a gyalogosok a villanyoszlopok \u00e9s a nyitott csatorn\u00e1k gobelinj\u00e9n navig\u00e1lnak, fej\u00fcket a tr\u00f3pusi nap ellen hajtva.<\/p>\n\n\n\n<h2 class=\"wp-block-heading\">Gazdas\u00e1g \u00e9s kereskedelem<\/h2>\n\n\n\n<p>A Mald\u00edv-szigetek gazdas\u00e1g\u00e1nak meghat\u00e1roz\u00f3 eleme a turizmus, amely a GDP k\u00f6zel egyharmad\u00e1t \u00e9s a devizabev\u00e9telek t\u00f6bb mint hatvan sz\u00e1zal\u00e9k\u00e1t teszi ki. Mal\u00e9 l\u00e1tk\u00e9pe, amely region\u00e1lis m\u00e9rc\u00e9vel m\u00e9rve szer\u00e9nynek sz\u00e1m\u00edt, a Maldivian Airlines \u00e9s a Villa Air irod\u00e1it foglalja mag\u00e1ban, m\u00edg a napi kir\u00e1ndul\u00e1sok, charterhaj\u00f3k \u00e9s delfinles\u0151 haj\u00f3utak \u00fczemeltet\u0151i a kik\u00f6t\u0151t haszn\u00e1lj\u00e1k pihen\u0151helyk\u00e9nt. Az \u00c1llami Kereskedelmi Szervezet STO szupermarketje az Orchid Magu-n alapvet\u0151 \u00e9lelmiszereket k\u00edn\u00e1l a helyiek \u00e9s a k\u00fclf\u00f6ldiek sz\u00e1m\u00e1ra, f\u0151k\u00e9nt Indi\u00e1b\u00f3l, Szingap\u00farb\u00f3l \u00e9s a K\u00f6zel-Keletr\u0151l import\u00e1lt \u00e1rukat forgalmazva. A sz\u00e1r\u00edtott tonhal \u00e9s keny\u00e9rgy\u00fcm\u00f6lcs-chips baz\u00e1rjai k\u00f6z\u00f6tt \u2013 a K\u00f6zt\u00e1rsas\u00e1g t\u00e9rt\u0151l k\u00f6zvetlen\u00fcl nyugatra \u2013 naponta megny\u00edlik a Hal\u00e1szati \u200b\u200bPiac, ahol a rakpart mellett halmoz\u00f3dnak a kibelezett s\u00e1rga\u00fasz\u00f3j\u00fa \u00e9s p\u00f6r\u00f6lyfej\u0171 tonhalak, \u00e9l\u00e9nk \u00e9s pik\u00e1ns l\u00e1tv\u00e1nyt ny\u00fajtva.<\/p>\n\n\n\n<p>A korm\u00e1nyzati bev\u00e9telek az importv\u00e1mokb\u00f3l \u00e9s az idegenforgalmi illet\u00e9kekb\u0151l \u00e1llnak; kev\u00e9s hazai ipar l\u00e9tezik. Az 1980-ban alap\u00edtott Maldives Transport and Contracting Company finansz\u00edrozza az infrastruktur\u00e1lis munka nagy r\u00e9sz\u00e9t \u2013 a dokkjav\u00edt\u00e1sokt\u00f3l a rep\u00fcl\u0151t\u00e9r-b\u0151v\u00edt\u00e9sekig \u2013, \u00e9s fel\u00fcgyeli a hossz\u00fa t\u00e1v\u00fa projekteket, mint p\u00e9ld\u00e1ul a 2008-ban kezd\u0151d\u00f6tt Gulhifalhu rekultiv\u00e1ci\u00f3. A k\u00ednai vezet\u00e9s\u0171 21. sz\u00e1zadi tengeri selyem\u00fat r\u00e9szek\u00e9nt Mal\u00e9 kik\u00f6t\u0151je strat\u00e9giai kapcsolatot biztos\u00edt az Indiai-\u00f3ce\u00e1n \u00e9s a Szuezi-csatorna k\u00f6z\u00f6tt, a Shandong tartom\u00e1nyt\u00f3l Eur\u00f3pa h\u00e1torsz\u00e1g\u00e1ig h\u00faz\u00f3d\u00f3 haj\u00f3z\u00e1si \u00fatvonalakon elhelyezve.<\/p>\n\n\n\n<h2 class=\"wp-block-heading\">Nevezetess\u00e9gek \u00e9s \u00e9rdekes helyek<\/h2>\n\n\n\n<p>B\u00e1r az utaz\u00f3k gyakran Mal\u00e9t csup\u00e1n egy korallz\u00e1tonyra szeg\u00e9lyezett \u00fcd\u00fcl\u0151helyek fel\u00e9 vezet\u0151 \u00fati c\u00e9lnak tekintik, a v\u00e1ros maga is k\u00edn\u00e1l felfedez\u00e9seket azok sz\u00e1m\u00e1ra, akik hajland\u00f3ak elid\u0151zni. A K\u00f6zt\u00e1rsas\u00e1g t\u00e9r, vagy Jumhooree Maidhaan, t\u00f6bb mint egy \u00fcnnepi t\u00e9r: a politikai \u00e9let k\u00f6z\u00e9ppontj\u00e1ban \u00e1ll, ahol 2012 febru\u00e1rj\u00e1ban lemondott egy hivatalban l\u00e9v\u0151 eln\u00f6k, \u00e9s sz\u00e1mtalan azt k\u00f6vet\u0151 t\u00fcntet\u00e9s is itt zajlott. A k\u00f6zelben tal\u00e1lhat\u00f3 az Iszl\u00e1m K\u00f6zpont \u2013 a Masjid Al-Sultan Muhammad Thakurufaanu al-Auzam \u2013, ahol az orsz\u00e1g legnagyobb mecsetje tal\u00e1lhat\u00f3, arany kupol\u00e1ja kilom\u00e9terekr\u0151l l\u00e1that\u00f3, \u00e9s ak\u00e1r \u00f6tezer h\u00edv\u0151 befogad\u00e1s\u00e1ra is alkalmas.<\/p>\n\n\n\n<p>Kelet fel\u00e9 a Sultan Park ad otthont a Nemzeti M\u00fazeumnak, l\u00e9gkondicion\u00e1lt termeinek, amelyek a Theemuge \u00e9s Hilaaly dinaszti\u00e1k eml\u00e9keit \u0151rzik: \u00fcnnepi kardokat, mald\u00edv \u0171rhaj\u00f3sok \u00e1ltal hozott holdszikl\u00e1kat \u00e9s kifakult z\u00e1szl\u00f3kat, amelyek egykor a korallpalot\u00e1k f\u00f6l\u00f6tt lengettek. A szomsz\u00e9dos Kalhu Vakaru Miskiy, egy meghitt, t\u00fcrkiz \u00e1rnyalat\u00fa mecset k\u00f3kuszp\u00e1lm\u00e1k k\u00f6z\u00f6tt \u00e1ll. M\u00e1shol Abu al-Barakat Yusuf al-Barbari (Medhu Ziyaaraiy) \u00e9s k\u00fcl\u00f6nb\u00f6z\u0151 szult\u00e1nok s\u00edrjai eml\u00e9keztetnek a sziget szerep\u00e9re a szigetcsoportnak a 12. sz\u00e1zadi iszl\u00e1mra val\u00f3 \u00e1tt\u00e9r\u00e9s\u00e9ben.<\/p>\n\n\n\n<p>A kort\u00e1rs \u00e9letbe bepillant\u00e1st ny\u00fajthat a Boduthakurufaanu Magu ment\u00e9n tal\u00e1lhat\u00f3 d\u00e9lnyugati kik\u00f6t\u0151i ter\u00fclet, ahol k\u00e1v\u00e9z\u00f3k \u00e9s utcai \u00e9tkezd\u00e9k v\u00e1rj\u00e1k a helyieket a nap 24 \u00f3r\u00e1j\u00e1ban. A rep\u00fcl\u0151t\u00e9ri komp k\u00f6zel\u00e9ben tal\u00e1lhat\u00f3 kis mesters\u00e9ges strand a lag\u00fan\u00e1ba ny\u00falik, ahol fel\u00f6lt\u00f6z\u00f6tt mald\u00edviak f\u00fcr\u00f6dnek, a sz\u00f6rf\u00f6s\u00f6k pedig a Sinamal\u00e9 h\u00edd \u00e1rny\u00e9k\u00e1ban tesztelik a z\u00e1tonyok reped\u00e9seit.<\/p>\n\n\n\n<h2 class=\"wp-block-heading\">K\u00f6zleked\u00e9s \u00e9s \u00f6sszek\u00f6ttet\u00e9sek<\/h2>\n\n\n\n<p>Mal\u00e9 k\u00f6zponti kik\u00f6t\u0151je pezseg a kompforgalomt\u00f3l \u2013 lakkozott dhonik tartanak t\u00edzperces ugr\u00e1ssal Villimal\u00e9ba, nagy Ro-Ro kompok t\u00e1voli atollokra, \u00e9s motorcs\u00f3nakok sz\u00e1ll\u00edtj\u00e1k a \u00fcd\u00fcl\u0151hely vend\u00e9geit. Ami\u00f3ta megny\u00edlt a Mal\u00e9 \u00e9s Hulhul\u00e9 k\u00f6z\u00f6tt h\u00faz\u00f3d\u00f3 h\u00edd, a rep\u00fcl\u0151t\u00e9ri transzferek a kompfed\u00e9lzetr\u0151l a felett\u00fcnk l\u00e9v\u0151 aszfaltcs\u00edkra helyez\u0151dtek \u00e1t, ahonnan emeletes buszok k\u00f6zlekednek Hulhumal\u00e9ba \u00e9s azon t\u00falra. Az \u00e1thidalatlan szigeteken a kompok jelentik az egyetlen \u00f6sszek\u00f6ttet\u00e9st; menetrendj\u00fck gyakran v\u00e1ltozik az \u00e1rap\u00e1ly \u00e9s a monszunszelek f\u00fcggv\u00e9ny\u00e9ben.<\/p>\n\n\n\n<p>M\u00edg a szem\u00e9lyg\u00e9pkocsik ritk\u00e1k \u2013 kiz\u00e1r\u00f3lag korm\u00e1nyzati haszn\u00e1latra korl\u00e1toz\u00f3dnak \u2013, a v\u00e1ros \u00fatjain motorker\u00e9kp\u00e1rok \u00e9s robog\u00f3k flott\u00e1ja k\u00f6zlekedik. A ker\u00e9kp\u00e1roknak, b\u00e1r hat\u00e9konyak, ki kell ker\u00fclni\u00fck a kisz\u00e1m\u00edthatatlan \u00fatfel\u00fcleteket \u00e9s az id\u0151szakos \u00e1rad\u00e1sokat. Gyalogos j\u00e1rd\u00e1k l\u00e9teznek, de keskenyek, gyakran \u00e9p\u00edt\u00e9si munk\u00e1latok vagy parkol\u00f3 j\u00e1rm\u0171vek szak\u00edtj\u00e1k meg \u0151ket. Sok lakos sz\u00e1m\u00e1ra a napi ing\u00e1z\u00e1s tuk-tukok, mikrobuszok \u00e9s cementtel \u00e9s ac\u00e9llal megrakott teheraut\u00f3k k\u00f6z\u00f6tti ing\u00e1z\u00e1ssal j\u00e1r.<\/p>\n\n\n\n<h2 class=\"wp-block-heading\">Mindennapi val\u00f3s\u00e1gok<\/h2>\n\n\n\n<p>Mal\u00e9ban \u00e9lni \u00e1lland\u00f3 k\u00fczdelmet jelent a t\u00e9rrel \u00e9s a zajjal. A lak\u00e1sok egym\u00e1shoz pr\u00e9sel\u0151dnek, a falak pedig \u00e1tengedik a gyerekek nevet\u00e9s\u00e9t vagy az esti Kor\u00e1n-szaval\u00e1s elm\u00e9ly\u00fclt hangj\u00e1t. A v\u00edz \u00e9s az elektromos \u00e1ram, b\u00e1r megb\u00edzhat\u00f3bb n\u00e9h\u00e1ny region\u00e1lis hasonl\u00f3 rendszerhez k\u00e9pest, v\u00e9ges rendszereken alapul: f\u00far\u00f3lyukokon \u00e9s gener\u00e1torokon, amelyek folyamatos karbantart\u00e1st ig\u00e9nyelnek. A k\u00f6rnyez\u0151 vizekbe t\u00f6rt\u00e9n\u0151 szennyv\u00edzkibocs\u00e1t\u00e1st, amely r\u00e9g\u00f3ta elfogadott, a k\u00f6rnyezetv\u00e9d\u0151k egyre ink\u00e1bb megk\u00e9rd\u0151jelezik, mik\u00f6zben a b\u0151v\u00fcl\u0151 rekultiv\u00e1ci\u00f3 \u00e1talak\u00edtja a v\u00e1ros sz\u00e9leit.<\/p>\n\n\n\n<p>Glob\u00e1lis m\u00e9rc\u00e9vel m\u00e9rve a b\u0171n\u00f6z\u00e9s tov\u00e1bbra is alacsony szinten van, m\u00e9gis alkonyat ut\u00e1n \u00f3vatosnak kell lenni; a keskeny utc\u00e1k elhagyatottan bar\u00e1ts\u00e1gtalannak t\u0171nhetnek. Ezzel egyidej\u0171leg a k\u00f6z\u00f6ss\u00e9gi \u00e9let vir\u00e1gzik: a hal\u00e1szok hajnalban rakodj\u00e1k ki a tonhalat; az id\u0151sek a mecsetek udvar\u00e1n gy\u0171lnek \u00f6ssze; az \u00e1rusok hal- \u00e9s gy\u00fcm\u00f6lcsstandokat \u00e1ll\u00edtanak fel a v\u00edzparton; a vend\u00e9gmunk\u00e1sok pedig tamil, dhivehi \u00e9s beng\u00e1li nyelven \u00fcdv\u00f6zlik egym\u00e1st. Egy ilyen kompakt v\u00e1roshoz k\u00e9pest meglep\u0151en v\u00e1ltozatos a ritmusa.<\/p>\n\n\n\n<p>Mal\u00e9 egy paradoxont \u200b\u200btestes\u00edt meg: a nemzeti amb\u00edci\u00f3 mikrokozmosza egy korallz\u00e1tonyra pr\u00e9sel\u0151dve, horizontj\u00e1t ugyan\u00fagy a tenger, mint a v\u00e1rosk\u00e9p hat\u00e1rozza meg. Itt a szult\u00e1nok \u00f6r\u00f6ks\u00e9ge egy\u00fctt \u00e9l a modern miniszt\u00e9riumokkal; a bonyolultan faragott mecsetek az er\u0151m\u0171vek haszonelv\u0171 terjeszked\u00e9s\u00e9vel n\u00e9znek szembe; az \u00f3ce\u00e1n egyszerre hordozza a kereskedelem \u00edg\u00e9ret\u00e9t \u00e9s a k\u00f6rnyezeti sebezhet\u0151s\u00e9g k\u00eds\u00e9rtet\u00e9t. Utc\u00e1in barangolni olyan, mint \u00e9vsz\u00e1zados t\u00f6rt\u00e9nelmet bej\u00e1rni \u2013 minden keskeny sik\u00e1tor \u00e9s visszanyert part bepillant\u00e1st enged abba, hogyan tud egy k\u00f6z\u00f6ss\u00e9g alkalmazkodni, fennmaradni \u00e9s meghat\u00e1rozni mag\u00e1t a sz\u00e1razf\u00f6ld \u00e9s a nyelv perem\u00e9n. Mal\u00e9ban a sziget \u00e9let\u00e9nek l\u00fcktet\u00e9se \u00f6sszefon\u00f3dik az \u00e1llamvezet\u00e9s k\u00f6vetelm\u00e9nyeivel, a v\u00e1rost kev\u00e9sb\u00e9 \u00fati c\u00e9lk\u00e9nt, \u00e9s ink\u00e1bb az emberi kitart\u00e1s tart\u00f3s bizony\u00edt\u00e9kak\u00e9nt a tenger partj\u00e1n.<\/p>","protected":false},"excerpt":{"rendered":"<p>Mal\u00e9, a Mald\u00edv-szigetek dinamikus f\u0151v\u00e1rosa \u00e9s legnagyobb v\u00e1rosa 2022-ben 211 908 lakossal rendelkezik, \u00e9s kis k\u00f6zigazgat\u00e1si ter\u00fclet\u00e9n, 8,30 n\u00e9gyzetkilom\u00e9teren (3,20 n\u00e9gyzetm\u00e9rf\u00f6ld) tal\u00e1lhat\u00f3. Mal\u00e9 kiv\u00e9teles s\u0171r\u0171s\u00e9ge a vil\u00e1g legs\u0171r\u0171bben lakott nagyv\u00e1rosi ter\u00fcletei k\u00f6z\u00e9 sorolja, ami a szigetek \u00e9let\u00e9nek jellegzetes \u00f6tv\u00f6zet\u00e9t eredm\u00e9nyezi, amely harmoniz\u00e1lja a hagyom\u00e1nyokat \u00e9s a modernit\u00e1st.<\/p>","protected":false},"author":1,"featured_media":2724,"parent":14734,"menu_order":0,"comment_status":"closed","ping_status":"closed","template":"elementor_theme","meta":{"_eb_attr":"","footnotes":""},"class_list":["post-14740","page","type-page","status-publish","has-post-thumbnail"],"_links":{"self":[{"href":"https:\/\/travelshelper.com\/hu\/wp-json\/wp\/v2\/pages\/14740","targetHints":{"allow":["GET"]}}],"collection":[{"href":"https:\/\/travelshelper.com\/hu\/wp-json\/wp\/v2\/pages"}],"about":[{"href":"https:\/\/travelshelper.com\/hu\/wp-json\/wp\/v2\/types\/page"}],"author":[{"embeddable":true,"href":"https:\/\/travelshelper.com\/hu\/wp-json\/wp\/v2\/users\/1"}],"replies":[{"embeddable":true,"href":"https:\/\/travelshelper.com\/hu\/wp-json\/wp\/v2\/comments?post=14740"}],"version-history":[{"count":0,"href":"https:\/\/travelshelper.com\/hu\/wp-json\/wp\/v2\/pages\/14740\/revisions"}],"up":[{"embeddable":true,"href":"https:\/\/travelshelper.com\/hu\/wp-json\/wp\/v2\/pages\/14734"}],"wp:featuredmedia":[{"embeddable":true,"href":"https:\/\/travelshelper.com\/hu\/wp-json\/wp\/v2\/media\/2724"}],"wp:attachment":[{"href":"https:\/\/travelshelper.com\/hu\/wp-json\/wp\/v2\/media?parent=14740"}],"curies":[{"name":"wp","href":"https:\/\/api.w.org\/{rel}","templated":true}]}}