{"id":14734,"date":"2024-09-19T23:45:08","date_gmt":"2024-09-19T23:45:08","guid":{"rendered":"https:\/\/travelshelper.com\/staging\/?page_id=14734"},"modified":"2026-03-11T18:28:10","modified_gmt":"2026-03-11T18:28:10","slug":"maldiv-szigetek","status":"publish","type":"page","link":"https:\/\/travelshelper.com\/hu\/destinations\/asia\/maldives\/","title":{"rendered":"Mald\u00edv-szigetek"},"content":{"rendered":"<p>A Mald\u00edv-szigetek K\u00f6zt\u00e1rsas\u00e1ga az Indiai-\u00f3ce\u00e1n k\u00f6z\u00e9ps\u0151 r\u00e9sz\u00e9n, Indi\u00e1t\u00f3l \u00e9s Sr\u00ed Lank\u00e1t\u00f3l mintegy 750 kilom\u00e9terre d\u00e9lnyugatra, egy keskeny korallz\u00e1tony-hegys\u00e9gben fekszik. B\u00e1r sz\u00e1razf\u00f6ldi ter\u00fclete mind\u00f6ssze 298 n\u00e9gyzetkilom\u00e9ter \u2013 \u00edgy \u00c1zsia legkisebb nemzete \u2013, a szigetcsoport k\u00f6zel 90 000 n\u00e9gyzetkilom\u00e9ternyi tengert foglal mag\u00e1ban. Ezen a kiterjed\u00e9sen bel\u00fcl 1192 korallsziget fekszik, 26 atollb\u00f3l \u00e1ll\u00f3 kett\u0151s l\u00e1ncban elrendezve, amely az \u00e9szaki Ihavandhippolhu-atollt\u00f3l (az \u00e9szaki sz\u00e9less\u00e9g 8. fok\u00e1t\u00f3l d\u00e9lre) az 1\u00b0 d\u00e9li sz\u00e9less\u00e9gen tal\u00e1lhat\u00f3 Addu-atollig h\u00faz\u00f3dik. A Mald\u00edv-szigetek v\u00edz alatti alapja egy k\u00f6zel 1000 kilom\u00e9ter hossz\u00fa tenger alatti h\u00e1ts\u00e1g, amely meredeken emelkedik ki a m\u00e9ly \u00f3ce\u00e1n fenek\u00e9r\u0151l, \u00e9l\u0151 z\u00e1tonyok \u00e9s homokpadok vil\u00e1g\u00e1t t\u00e1masztva al\u00e1.<\/p>\n\n\n\n<p>F\u00f6ldrajzilag a szigetek \u00e1tlagosan mind\u00f6ssze 1,5 m\u00e9terrel a tengerszint felett helyezkednek el, \u00e9s egyetlen term\u00e9szetes pont sem emelkedik 2,4 m\u00e9tern\u00e9l magasabbra, \u00edgy a Mald\u00edv-szigetek a F\u00f6ld legalacsonyabban fekv\u0151 orsz\u00e1ga. Sz\u00e1mos lakott ter\u00fcleten a f\u00f6ldter\u00fcletek rekultiv\u00e1ci\u00f3ja \u00e9s az \u00e9p\u00edtkez\u00e9sek t\u00f6bb m\u00e9terrel megemelt\u00e9k a felsz\u00edn szintj\u00e9t; a szigetek t\u00f6bb mint 80 sz\u00e1zal\u00e9ka m\u00e9gis alig t\u00f6bb, mint v\u00e9kony korall- \u00e9s homokszalag, amelyek sebezhet\u0151ek a viharhull\u00e1mokkal \u00e9s az \u00f3ce\u00e1nok k\u00e9rlelhetetlen emelked\u00e9s\u00e9vel szemben. K\u00e9t term\u00e9szetes csatorna d\u00e9len lehet\u0151v\u00e9 teszi a haj\u00f3k sz\u00e1m\u00e1ra, hogy \u00e1thaladjanak az Indiai-\u00f3ce\u00e1n keleti \u00e9s nyugati r\u00e9sze k\u00f6z\u00f6tt, de a legt\u00f6bb haj\u00f3 sz\u00e1m\u00e1ra az atollok szinte folyamatos akad\u00e1lyt jelentenek.<\/p>\n\n\n\n<p>Az emberi jelenl\u00e9t ezeken a f\u00f6lddarabk\u00e1kon legal\u00e1bb 2500 \u00e9ves m\u00faltra tekint vissza, b\u00e1r \u00edr\u00e1sos feljegyz\u00e9sek arab tenger\u00e9szekr\u0151l Kr. u. 947-b\u0151l sz\u00e1rmaznak. A tizenkettedik sz\u00e1zadra az iszl\u00e1m hat\u00e1sa \u00e1talak\u00edtotta az \u0151slakosok hiedelmeit, \u00e9s a szigetek egy szultan\u00e1tus alatt egyes\u00fcltek, amely vagyonukat Ar\u00e1bi\u00e1b\u00f3l, Perzsi\u00e1b\u00f3l \u00e9s keletebbre \u00e9rkez\u0151 keresked\u0151kh\u00f6z k\u00f6t\u00f6tte. Mal\u00e9 \u2013 a \u201eKir\u00e1lyok szigete\u201d \u2013 egym\u00e1st k\u00f6vet\u0151 dinaszti\u00e1k sz\u00e9khely\u00e9v\u00e9 v\u00e1lt, kis kiterjed\u00e9s\u0171 ter\u00fclet\u00e9n ma korm\u00e1nyzati miniszt\u00e9riumok, mecsetek \u00e9s az orsz\u00e1g f\u00e9lmilli\u00f3 polg\u00e1r\u00e1nak k\u00f6zel egyharmada tal\u00e1lhat\u00f3.<\/p>\n\n\n\n<p>Az eur\u00f3pai bet\u00f6r\u00e9sek a tizenhatodik sz\u00e1zadban fokozatosan felbor\u00edtott\u00e1k az er\u0151viszonyokat, \u00e9s 1887-re a Mald\u00edv-szigetek brit protektor\u00e1tuss\u00e1 v\u00e1lt. 1965-ben visszanyerte teljes szuverenit\u00e1s\u00e1t; k\u00e9t \u00e9vvel k\u00e9s\u0151bb a szultan\u00e1tus \u00e1tadta a hely\u00e9t egy eln\u00f6ki k\u00f6zt\u00e1rsas\u00e1gnak \u00e9s egy v\u00e1lasztott t\u00f6rv\u00e9nyhoz\u00f3 test\u00fcletnek (a N\u00e9pi Majlisnak). A k\u00f6vetkez\u0151 \u00e9vtizedekben vitatott politikai reformok, alkalmi nyugtalans\u00e1gok \u00e9s a demokratikus int\u00e9zm\u00e9nyek meger\u0151s\u00edt\u00e9s\u00e9re ir\u00e1nyul\u00f3 er\u0151fesz\u00edt\u00e9sek zajlottak. Nemzetk\u00f6zi szinten a Mald\u00edv-szigetek seg\u00edtett megalap\u00edtani a D\u00e9l-\u00e1zsiai Region\u00e1lis Egy\u00fcttm\u0171k\u00f6d\u00e9si Sz\u00f6vets\u00e9get; tagja az Egyes\u00fclt Nemzetek Szervezet\u00e9nek, az Iszl\u00e1m Egy\u00fcttm\u0171k\u00f6d\u00e9si Szervezetnek, a Nemzetek Mozgalm\u00e1nak, \u00e9s 2020 \u00f3ta ism\u00e9t a Nemzetek K\u00f6z\u00f6ss\u00e9g\u00e9nek. P\u00e1rbesz\u00e9det folytat a Sanghaji Egy\u00fcttm\u0171k\u00f6d\u00e9si Szervezettel is.<\/p>\n\n\n\n<p>Az orsz\u00e1g gazdas\u00e1ga egykor szinte teljes eg\u00e9sz\u00e9ben a hal\u00e1szatra \u00e9s a kauri kagyl\u00f3k exportj\u00e1ra t\u00e1maszkodott \u2013 a korai keresked\u0151k \u201eP\u00e9nz-szigetekre\u201d. Az 1970-es \u00e9vekt\u0151l kezdve egy tudatos elmozdul\u00e1s megnyitotta a szigetcsoportot a turizmus el\u0151tt, elt\u00f6r\u00f6lve az importkv\u00f3t\u00e1kat \u00e9s \u00fcdv\u00f6z\u00f6lve a mag\u00e1nszektor fejl\u0151d\u00e9s\u00e9t. K\u00e9t szer\u00e9ny \u00fcd\u00fcl\u0151hely \u2013 Bandos-sziget \u00e9s Kurumba \u2013 ny\u00edlt meg 1972-ben; 2008-ra t\u00f6bb mint 89 ingatlan t\u00f6bb mint 600 000 l\u00e1togat\u00f3t fogadott, \u00e9s minden \u00e9rkez\u00e9s egy olyan \u00e1gazatot t\u00e1pl\u00e1lt, amely ma a GDP nagyj\u00e1b\u00f3l 28 sz\u00e1zal\u00e9k\u00e1t \u00e9s a devizabev\u00e9telek t\u00f6bb mint 60 sz\u00e1zal\u00e9k\u00e1t teszi ki. 2019-ben a turist\u00e1k sz\u00e1ma meghaladta az 1,7 milli\u00f3t.<\/p>\n\n\n\n<p>A hal\u00e1szat tov\u00e1bbra is l\u00e9tfontoss\u00e1g\u00fa. A hagyom\u00e1nyos dhoni 1974-es g\u00e9pes\u00edt\u00e9se \u00e9s egy halkonzervgy\u00e1r 1977-es megnyit\u00e1sa Felivaru sziget\u00e9n seg\u00edtette az ipar\u00e1g moderniz\u00e1l\u00e1s\u00e1t. 2010-re a hal\u00e1szat a GDP t\u00f6bb mint 15 sz\u00e1zal\u00e9k\u00e1t tette ki, \u00e9s a munkaer\u0151 k\u00f6zel egyharmad\u00e1t foglalkoztatta. A tonhal \u00e9s a kapcsol\u00f3d\u00f3 term\u00e9kek exportja tov\u00e1bbra is meg\u00e9lhet\u00e9st biztos\u00edt az atollokon.<\/p>\n\n\n\n<p>Az egy f\u0151re jut\u00f3 j\u00f6vedelem magasabb, mint a legt\u00f6bb d\u00e9l-\u00e1zsiai orsz\u00e1gban, \u00e9s a Vil\u00e1gbank a Mald\u00edv-szigeteket a fels\u0151-k\u00f6z\u00e9pj\u00f6vedelem kateg\u00f3ri\u00e1j\u00e1ba sorolja. Az emberi fejletts\u00e9gi index \u201emagas\u201d \u00e9rt\u00e9kel\u00e9st ad, ami az oktat\u00e1s, az eg\u00e9szs\u00e9g\u00fcgy \u00e9s az infrastrukt\u00fara javul\u00e1s\u00e1t t\u00fckr\u00f6zi; az egyenetlen n\u00e9ps\u0171r\u0171s\u00e9g \u00e9s a sz\u00e1razf\u00f6ldi ter\u00fcletek t\u00f6r\u00e9kenys\u00e9ge azonban \u00e1lland\u00f3 kih\u00edv\u00e1sokat jelent.<\/p>\n\n\n\n<p>Az \u00e9ghajlat a mald\u00edv \u00e9let minden aspektus\u00e1t meghat\u00e1rozza. Az Egyenl\u00edt\u0151 k\u00f6zel\u00e9ben fekv\u0151 szigeteken tr\u00f3pusi monszunmint\u00e1zat uralkodik, k\u00e9t f\u0151 \u00e9vszakkal. Decembert\u0151l \u00e1prilisig az \u00e9szakkeleti monszun viszonylag nyugodt, sz\u00e1raz id\u0151j\u00e1r\u00e1st hoz; j\u00faniust\u00f3l novemberig a d\u00e9lnyugati monszun p\u00e1ratartalmat, es\u0151ket \u00e9s id\u0151szakos viharokat hoz. Az \u00e9ves csapad\u00e9kmennyis\u00e9g \u00e9szakon k\u00f6r\u00fclbel\u00fcl 2,5 m\u00e9tert\u0151l d\u00e9len k\u00f6zel 3,8 m\u00e9terig terjed. A h\u0151m\u00e9rs\u00e9klet folyamatosan magas, a napi maximumok \u00e1tlagosan 31,5 \u00b0C, a minimumok pedig 26,4 \u00b0C.<\/p>\n\n\n\n<p>J\u00f3val azel\u0151tt, hogy az \u00e9ghajlatv\u00e1ltoz\u00e1s glob\u00e1lis aggodalomra adott okot, a mald\u00edv vezet\u0151k felismert\u00e9k a k\u00f6zelg\u0151 fenyeget\u00e9st. 1988-ban a hat\u00f3s\u00e1gok arra figyelmeztettek, hogy az emelked\u0151 tengerszint h\u00e1rom \u00e9vtizeden bel\u00fcl elnyelheti az orsz\u00e1got. Az \u00c9ghajlatv\u00e1ltoz\u00e1si Korm\u00e1nyk\u00f6zi Test\u00fclet k\u00e9s\u0151bb ak\u00e1r 59 centim\u00e9teres tengerszint-emelked\u00e9st is el\u0151rejelzett 2100-ra \u2013 ami a szak\u00e9rt\u0151k szerint el\u00e9g ahhoz, hogy sz\u00e1mos sziget lakhatatlann\u00e1 v\u00e1ljon. 2009-ben Mohamed Nasheed eln\u00f6k v\u00edz alatti kabinet\u00fcl\u00e9st h\u00edvott \u00f6ssze, hogy dr\u00e1maibb\u00e1 tegye a vesz\u00e9lyt. 2012-es figyelmeztet\u00e9se, miszerint \u201eorsz\u00e1gom h\u00e9t \u00e9v m\u00falva v\u00edz alatt lesz\u201d, hangs\u00falyozta a kibocs\u00e1t\u00e1scs\u00f6kkent\u00e9s s\u00fcrg\u0151ss\u00e9g\u00e9t.<\/p>\n\n\n\n<p>\u00dajabb kutat\u00e1sok n\u00e9mi \u00f3vatos optimizmusra adnak okot: a Plymouthi Egyetemen v\u00e9gzett tanulm\u00e1nyok arra utalnak, hogy a term\u00e9szetes \u00fcled\u00e9ksz\u00e1ll\u00edt\u00e1s n\u00f6velheti a szigetek tengerszint feletti magass\u00e1g\u00e1t, felt\u00e9ve, hogy a tengerfalak \u00e9s a part menti v\u00e9d\u0151falak nem akad\u00e1lyozz\u00e1k ezt a folyamatot. Ennek ellen\u00e9re az alkalmazkod\u00e1si strat\u00e9gi\u00e1k \u2013 a meger\u0151s\u00edtett partvonalakt\u00f3l kezdve a k\u00fclf\u00f6ldi f\u00f6ldv\u00e1s\u00e1rl\u00e1sokig \u2013 tov\u00e1bbra is kritikus fontoss\u00e1g\u00faak, mivel a szigetcsoport fennmarad\u00e1sa a hazai \u00e9s k\u00fclf\u00f6ldi \u00f6sszehangolt fell\u00e9p\u00e9st\u0151l f\u00fcgg.<\/p>\n\n\n\n<p>A hull\u00e1mok alatt a Mald\u00edv-szigetek a bolyg\u00f3 leggazdagabb tengeri \u00e9l\u0151vil\u00e1g\u00e1nak ad otthont. A korallz\u00e1tonyok 187 k\u00fcl\u00f6nb\u00f6z\u0151 fajnak adnak otthont, m\u00edg a z\u00e1tonyok sz\u00e9lei t\u00f6bb mint 1100 halfajt\u00f3l hemzsegnek \u2013 a szirtic\u00e1p\u00e1kt\u00f3l \u00e9s papag\u00e1jhalakt\u00f3l az ikonikus p\u00fapos ajakoshalakig. Tekn\u0151s\u00f6k, delfinek \u00e9s b\u00e1ln\u00e1k szelik \u00e1t a m\u00e9lyebb vizeket; puhatest\u0171ek, r\u00e1kf\u00e9l\u00e9k \u00e9s t\u00fcsk\u00e9sb\u0151r\u0171ek lakj\u00e1k a zugokat \u00e9s reped\u00e9seket. A tengerbiol\u00f3gusok a biol\u00f3giai sokf\u00e9les\u00e9g v\u00e1ltoz\u00e1sait figyelik meg mind az \u00e9szak-d\u00e9li ir\u00e1ny\u00fa lejt\u0151 ment\u00e9n, mind a szomsz\u00e9dos atollok k\u00f6z\u00f6tt, amelyeket az \u00e1ramlatok, a hal\u00e1szati \u200b\u200bnyom\u00e1s \u00e9s a term\u00e9szetv\u00e9delmi int\u00e9zked\u00e9sek befoly\u00e1solnak. 2011-ben a Baa-atoll UNESCO Bioszf\u00e9ra Rezerv\u00e1tum st\u00e1tuszt kapott, ami j\u00f3l p\u00e9ld\u00e1zza a turizmus \u00e9s az \u00f6kol\u00f3giai gondoskod\u00e1s egyens\u00faly\u00e1ra ir\u00e1nyul\u00f3 er\u0151fesz\u00edt\u00e9seket.<\/p>\n\n\n\n<p>A sz\u00e1razf\u00f6ld\u00f6n a kultur\u00e1lis t\u00e1j \u00e9vsz\u00e1zados tengeri cser\u00e9t t\u00fckr\u00f6z. A dhivehin n\u00e9p \u2013 egy indo\u00e1rja csoport, amelynek tagjai k\u00f6zel-keleti, ausztron\u00e9z \u00e9s afrikai sz\u00e1rmaz\u00e1s\u00faak \u2013 \u00e9vezredek \u00f3ta besz\u00e9l dhivehi nyelven. \u00cdr\u00e1suk a korai \u0151shonos \u00e1b\u00e9c\u00e9kt\u0151l a mai than\u00e1ig fejl\u0151d\u00f6tt, amely egy arab ihlette jobbr\u00f3l balra \u00edr\u00f3 rendszer. Az angol ma m\u00e1r a gyakorlatban is haszn\u00e1lt lingua franca, amelyet az iskol\u00e1kban tan\u00edtanak \u00e9s sz\u00e9les k\u00f6rben haszn\u00e1lnak a kereskedelemben; az arab nyelv tov\u00e1bbra is k\u00f6zponti szerepet j\u00e1tszik a vall\u00e1si oktat\u00e1sban.<\/p>\n\n\n\n<p>Az iszl\u00e1m vall\u00e1st a 2008-as alkotm\u00e1ny r\u00f6gz\u00edti: minden \u00e1llampolg\u00e1rnak szunnita muszlimnak kell lennie, b\u00e1r a kisebbs\u00e9gi vall\u00e1sok \u00e9s a nem \u00e1llampolg\u00e1rok mag\u00e1n vall\u00e1sgyakorl\u00e1sa toler\u00e1lhat\u00f3. A t\u00f6rt\u00e9nelmi sz\u00fafi hagyom\u00e1nyok tov\u00e1bbra is fennmaradtak az \u0151si mecsetek melletti s\u00edrok form\u00e1j\u00e1ban, amelyek a huszadik sz\u00e1zad v\u00e9g\u00e9ig fennmaradt szinkretikus vall\u00e1si gyakorlat jelei. Ma a kereszt\u00e9ny h\u00edvek a lakoss\u00e1g kevesebb mint egy sz\u00e1zal\u00e9k\u00e1t teszik ki, m\u00edg az iszl\u00e1m identit\u00e1s alak\u00edtja a t\u00e1rsadalmi norm\u00e1kat \u00e9s a jogi strukt\u00far\u00e1kat.<\/p>\n\n\n\n<p>K\u00f6zigazgat\u00e1silag a k\u00f6zt\u00e1rsas\u00e1g 21 egys\u00e9gre osztja ter\u00fclet\u00e9t: 17 atollra \u00e9s n\u00e9gy v\u00e1rosra. Minden atoll viseli a hagyom\u00e1nyos dhivehi nevet \u2013 amely a nem helyiek sz\u00e1m\u00e1ra gyakran nehezen kezelhet\u0151 \u2013 \u00e9s a dhivehi \u00e1b\u00e9c\u00e9b\u0151l vett egyszer\u0171bb bet\u0171k\u00f3dot (p\u00e9ld\u00e1ul \u201eBaa\u201d a Maalhosmadulu Dhekunuburi eset\u00e9ben). Zavart n\u00e9ha okoz, ha ezeket a k\u00f3dokat \u00f6sszet\u00e9vesztik a hivatalos nevekkel. A helyi korm\u00e1nyz\u00e1s mind az atoll, mind a sziget szintj\u00e9n v\u00e1lasztott tan\u00e1csok feladata, amelyek bizonyos fok\u00fa \u00f6nuralmat biztos\u00edtanak az egys\u00e9ges \u00e1llamon bel\u00fcl.<\/p>\n\n\n\n<p>A szigeteken az \u00e9let az \u00e1rap\u00e1ly, a monszun \u00e9s a nap ritmus\u00e1t k\u00f6veti. A szigetek k\u00f6z\u00f6tti utaz\u00e1s belf\u00f6ldi j\u00e1ratokra, hidropl\u00e1nokra, motorcs\u00f3nakokra \u00e9s a tiszteletre m\u00e9lt\u00f3 dhonira t\u00e1maszkodik. A Mal\u00e9hoz k\u00f6zeli Hulhul\u00e9 sziget\u00e9n tal\u00e1lhat\u00f3 Velana Nemzetk\u00f6zi Rep\u00fcl\u0151t\u00e9r India, a Perzsa-\u00f6b\u00f6l, D\u00e9lkelet-\u00c1zsia \u00e9s Eur\u00f3pa f\u0151bb csom\u00f3pontjaihoz kapcsol\u00f3dik; a d\u00e9len fekv\u0151 Gan rep\u00fcl\u0151t\u00e9r hetente ind\u00edt j\u00e1ratot Mil\u00e1n\u00f3ba. K\u00e9t hidropl\u00e1n-flotta \u2013 amelyeket a Trans Maldivian Airways \u00e9s a Manta Air \u00fczemeltet \u2013 k\u00f6zvetlen\u00fcl \u00f6sszek\u00f6ti az \u00fcd\u00fcl\u0151helyeket a f\u0151v\u00e1rossal, m\u00edg a kompok \u00e9s teherhaj\u00f3k a helyi k\u00f6z\u00f6ss\u00e9geket szolg\u00e1lj\u00e1k ki.<\/p>\n\n\n\n<p>A p\u00e9nznem a mald\u00edv r\u00fafija (MVR), amely 100 laarira oszlik. A c\u00edmletek 1 laarit\u00f3l 1000 rufija polimer bankjegyig terjednek. B\u00e1r az \u00e1rfolyam egy 20 sz\u00e1zal\u00e9kos s\u00e1vban, 15 MVR\/doll\u00e1r k\u00f6r\u00fcl ingadozik, az \u00fcd\u00fcl\u0151helyek szinte minden \u00e1rut \u00e9s szolg\u00e1ltat\u00e1st kem\u00e9nyvalut\u00e1ban \u00e1raznak. A lakott szigeteken a helyi \u00fczletek elfogadj\u00e1k a rufij\u00e1t, a kis c\u00edmlet\u0171 \u00e9rm\u00e9k pedig praktikus szuven\u00edrek.<\/p>\n\n\n\n<p>Azoknak a l\u00e1togat\u00f3knak, akik a \u00fcd\u00fcl\u0151hely falain t\u00falra v\u00e1gynak, a lakott szigeteken tal\u00e1lhat\u00f3 vend\u00e9gh\u00e1zak ma m\u00e1r 25\u201340 eur\u00f3\u00e9rt k\u00edn\u00e1lnak szob\u00e1kat \u00e9jszak\u00e1nk\u00e9nt, h\u00e1zi k\u00e9sz\u00edt\u00e9s\u0171 halcurrykkel \u00e9s a k\u00f6z\u00f6ss\u00e9gi \u00e9let megfigyel\u00e9s\u00e9nek lehet\u0151s\u00e9g\u00e9vel. Az ilyen tart\u00f3zkod\u00e1sokhoz szer\u00e9ny \u00f6lt\u00f6zk\u00f6d\u00e9s \u00e9s az iszl\u00e1m szok\u00e1sokkal \u00f6sszhangban l\u00e9v\u0151 tiszteletteljes viselked\u00e9s sz\u00fcks\u00e9ges \u2013 alkoholmentes, konzervat\u00edv \u00f6lt\u00f6z\u00e9k \u00e9s visszafogott viselked\u00e9s. A t\u00e1volabbi atollokon a k\u00f6tetlen vend\u00e9gsz\u00e1ll\u00e1sok ak\u00e1r 15 eur\u00f3ba is ker\u00fclhetnek, amelyeket Mal\u00e9ban, helyi kapcsolatokon kereszt\u00fcl szerveznek meg.<\/p>\n\n\n\n<p>Maga a turisztikai szektor h\u00e1rom nagy kateg\u00f3ri\u00e1ba sorolhat\u00f3. A b\u00fav\u00e1rkod\u00e1sra \u00f6sszpontos\u00edt\u00f3 sz\u00e1ll\u00e1shelyek a v\u00edz alatti kalandok szerelmeseit c\u00e9lozz\u00e1k meg, gyakran minim\u00e1lis sz\u00e1razf\u00f6ldi szolg\u00e1ltat\u00e1sokkal; a csal\u00e1dbar\u00e1t \u00fcd\u00fcl\u0151helyek sz\u00e1mos szolg\u00e1ltat\u00e1st k\u00edn\u00e1lnak \u2013 \u00e9ttermeket, gyermekk\u00f6zpontokat, sportlehet\u0151s\u00e9geket \u2013 \u00e9s Mal\u00e9 k\u00f6zel\u00e9ben tal\u00e1lhat\u00f3 szigeteken helyezkednek el; a luxus\u00fcd\u00fcl\u0151helyek a n\u00e1szutasokat \u00e9s a luxus utaz\u00f3kat c\u00e9lozz\u00e1k meg, v\u00edz feletti vill\u00e1kat, egyedi \u00e9tkez\u00e9si lehet\u0151s\u00e9geket \u00e9s nemzetk\u00f6zi tervez\u0151k \u00e1ltal tervezett bels\u0151 tereket k\u00edn\u00e1lva. A v\u00edz feletti bungal\u00f3k tov\u00e1bbra is a mald\u00edv vend\u00e9gszeretet jelk\u00e9pei, b\u00e1r a vend\u00e9geknek m\u00e9rlegelni\u00fck kell a praktikumot \u2013 a mag\u00e1n\u00e9letet, a szolg\u00e1ltat\u00e1sok k\u00f6zels\u00e9g\u00e9t \u00e9s az \u00e1rap\u00e1ly-ingadoz\u00e1sokat \u2013, miel\u0151tt ezt a lehet\u0151s\u00e9get v\u00e1lasztan\u00e1k.<\/p>\n\n\n\n<p>Ak\u00e1r egy korallz\u00e1tonyra n\u00e9z\u0151 b\u00fav\u00e1rkod\u00f3 lencs\u00e9j\u00e9n kereszt\u00fcl, ak\u00e1r Mal\u00e9 Nagyp\u00e9nteki Mecsetj\u00e9nek nyugodt ny\u00fczsg\u00e9s\u00e9ben gy\u00f6ny\u00f6rk\u00f6d\u00fcnk, a Mald\u00edv-szigetek egy teljesen m\u00e1s tanulm\u00e1nyt k\u00edn\u00e1lnak: hatalmas tengeri ter\u00fclete \u00e9s par\u00e1nyi sz\u00e1razf\u00f6ldje; \u0151si szok\u00e1sai \u00e9s modern korm\u00e1nyz\u00e1sa; a k\u00fclf\u00f6ldi doll\u00e1rokt\u00f3l val\u00f3 gazdas\u00e1gi f\u00fcgg\u0151s\u00e9g a m\u00e9lyen gy\u00f6kerez\u0151 hal\u00e1szati \u200b\u200bhagyom\u00e1nyok mellett; \u00e9s mindenekel\u0151tt egy olyan sebezhet\u0151 t\u00e1j, amely a glob\u00e1lis kl\u00edmakih\u00edv\u00e1s szinonim\u00e1j\u00e1v\u00e1 v\u00e1lt. Itt minden homokszem az alkalmazkod\u00e1sr\u00f3l, a kapcsolatr\u00f3l \u00e9s a tenger \u00e9s az \u00e9g k\u00f6z\u00f6tt egyens\u00falyoz\u00f3 nemzet meg\u0151rz\u00e9s\u00e9nek s\u00fcrg\u0151s munk\u00e1j\u00e1r\u00f3l mes\u00e9l.<\/p>","protected":false},"excerpt":{"rendered":"<p>A Mald\u00edv-szigetek, amelyet hivatalosan Mald\u00edv K\u00f6zt\u00e1rsas\u00e1gnak neveznek, egy nemzet \u00e9s szigetcsoport, amely D\u00e9l-\u00c1zsi\u00e1ban, az Indiai-\u00f3ce\u00e1non bel\u00fcl tal\u00e1lhat\u00f3, \u00e9s a 2022-es n\u00e9psz\u00e1ml\u00e1l\u00e1s szerint 515 132 lakossal rendelkezik. A Mald\u00edv-szigetek Sr\u00ed Lank\u00e1t\u00f3l \u00e9s Indi\u00e1t\u00f3l d\u00e9lnyugatra tal\u00e1lhat\u00f3, k\u00f6r\u00fclbel\u00fcl 750 kilom\u00e9terre az \u00e1zsiai sz\u00e1razf\u00f6ldt\u0151l. Ez a nemzet egy sor 26 atollb\u00f3l \u00e1ll, amelyek az Egyenl\u00edt\u0151n lefel\u00e9 h\u00faz\u00f3dnak az \u00e9szaki Ihavandhippolhu Atollt\u00f3l a d\u00e9li Addu Atollig.<\/p>","protected":false},"author":1,"featured_media":4261,"parent":24063,"menu_order":0,"comment_status":"closed","ping_status":"closed","template":"elementor_theme","meta":{"_eb_attr":"","footnotes":""},"class_list":["post-14734","page","type-page","status-publish","has-post-thumbnail"],"_links":{"self":[{"href":"https:\/\/travelshelper.com\/hu\/wp-json\/wp\/v2\/pages\/14734","targetHints":{"allow":["GET"]}}],"collection":[{"href":"https:\/\/travelshelper.com\/hu\/wp-json\/wp\/v2\/pages"}],"about":[{"href":"https:\/\/travelshelper.com\/hu\/wp-json\/wp\/v2\/types\/page"}],"author":[{"embeddable":true,"href":"https:\/\/travelshelper.com\/hu\/wp-json\/wp\/v2\/users\/1"}],"replies":[{"embeddable":true,"href":"https:\/\/travelshelper.com\/hu\/wp-json\/wp\/v2\/comments?post=14734"}],"version-history":[{"count":0,"href":"https:\/\/travelshelper.com\/hu\/wp-json\/wp\/v2\/pages\/14734\/revisions"}],"up":[{"embeddable":true,"href":"https:\/\/travelshelper.com\/hu\/wp-json\/wp\/v2\/pages\/24063"}],"wp:featuredmedia":[{"embeddable":true,"href":"https:\/\/travelshelper.com\/hu\/wp-json\/wp\/v2\/media\/4261"}],"wp:attachment":[{"href":"https:\/\/travelshelper.com\/hu\/wp-json\/wp\/v2\/media?parent=14734"}],"curies":[{"name":"wp","href":"https:\/\/api.w.org\/{rel}","templated":true}]}}