{"id":14728,"date":"2024-09-19T23:40:30","date_gmt":"2024-09-19T23:40:30","guid":{"rendered":"https:\/\/travelshelper.com\/staging\/?page_id=14728"},"modified":"2026-03-11T18:35:30","modified_gmt":"2026-03-11T18:35:30","slug":"malakka-varos","status":"publish","type":"page","link":"https:\/\/travelshelper.com\/hu\/destinations\/asia\/malaysia\/malacca-city\/","title":{"rendered":"Malakka v\u00e1ros"},"content":{"rendered":"<p>Melaka v\u00e1rosa, mal\u00e1jul Bandaraya Melaka vagy Kota Melaka n\u00e9ven ismert, egy keskeny f\u00f6lds\u00e1vot foglal el a nev\u00e9t visel\u0151 foly\u00f3 mindk\u00e9t partj\u00e1n, a Malaka-szorosba torkoll\u00f3 foly\u00f3 k\u00f6zel\u00e9ben. A v\u00e1ros, mint a legkor\u00e1bbi v\u00e1rosi k\u00f6zpont ezen a kritikus tengeri \u00faton, minden t\u00e9gl\u00e1ban \u00e9s macskak\u0151ben visszhangzik, soksz\u00edn\u0171 t\u00f6rt\u00e9nelme. Utc\u00e1i egy szum\u00e1trai herceg menek\u00fcl\u00e9s\u00e9r\u0151l, \u00c1zsia legfontosabb tengeri \u00fatvonal\u00e1nak ellen\u0151rz\u00e9s\u00e9\u00e9rt k\u00fczd\u0151 riv\u00e1lis birodalmakr\u00f3l \u00e9s a t\u00f6bb mint hat \u00e9vsz\u00e1zadon \u00e1t kik\u00f6t\u0151in \u00e1thalad\u00f3 sz\u00e1mtalan l\u00e9lekr\u0151l \u2013 keresked\u0151kr\u0151l, zar\u00e1ndokokr\u00f3l, katon\u00e1kr\u00f3l \u2013 suttognak.<\/p>\n\n\n\n<p>Att\u00f3l a pillanatt\u00f3l kezdve, hogy Parameswara, miut\u00e1n elmenek\u00fclt Srivijaya Majapahit er\u0151inek \u00f6sszeoml\u00e1sa el\u0151l, lerakta a k\u00e9s\u0151bbi Malaka Szultan\u00e1tus alapjait, ez a telep\u00fcl\u00e9s figyelmet keltett. Iszkandar sah szult\u00e1n \u00e9s ut\u00f3dai uralkod\u00e1sa alatt f\u0171szereket, text\u00edli\u00e1kat, nemesf\u00e9meket \u00e9s porcel\u00e1nt sz\u00e1ll\u00edt\u00f3 kereskedelmi haj\u00f3k tal\u00e1ltak itt biztons\u00e1gos mened\u00e9kre. K\u00ednai dzsunk\u00e1k \u00e9s arab dhow-k, d\u00e9l-\u00e1zsiai haj\u00f3k \u00e9s j\u00e1vai prahuk gy\u0171ltek \u00f6ssze a kik\u00f6t\u0151ben, egy p\u00e1ratlan kozmopolita k\u00f6rnyezetet teremtve a r\u00e9gi\u00f3ban. A szultan\u00e1tus jogrendszere \u00e9s k\u00f6zigazgat\u00e1si rendszere id\u0151vel befoly\u00e1solta a mal\u00e1j t\u00e1rsadalmakat az eg\u00e9sz szigetcsoporton, m\u00edg udvara a kifinomults\u00e1g \u00e9s a tanul\u00e1s szinonim\u00e1j\u00e1v\u00e1 v\u00e1lt.<\/p>\n\n\n\n<p>Ez az aranykor 1511-ben v\u00e9get \u00e9rt, amikor a portug\u00e1l csapatok elfoglalt\u00e1k a v\u00e1ros er\u0151d\u00edtm\u00e9ny\u00e9t. Az er\u0151d\u00edtm\u00e9ny szer\u00e9ny maradv\u00e1nya \u2013 a Porta de Santiago \u2013 ma is mag\u00e1nyos \u0151rszemk\u00e9nt \u00e1ll a foly\u00f3part felett, k\u00f6veit moha bor\u00edtja. Az ezt k\u00f6vet\u0151 \u00e9vtizedekben Melaka a szomsz\u00e9dos szult\u00e1ns\u00e1gok amb\u00edci\u00f3i \u00e9s az eur\u00f3pai gyarmatos\u00edt\u00f3k tervei k\u00f6z\u00f6tt ingadozott. Aceh 17. sz\u00e1zad eleji t\u00e1mad\u00e1sai gyeng\u00edtett\u00e9k a portug\u00e1l uralmat, mik\u00f6zben Johor uralkod\u00f3i a Holland Kelet-indiai T\u00e1rsas\u00e1ggal sz\u00f6vets\u00e9gben 1641-ben elragadt\u00e1k a v\u00e1rost. Amikor a bels\u0151 vit\u00e1k a Johor-Riau birodalmat k\u00fcl\u00f6n\u00e1ll\u00f3 mal\u00e1j \u00e9s bugi vezette politik\u00e1kra t\u00f6redezt\u00e9k, a britek \u2013 agg\u00f3dva a holland befoly\u00e1s miatt \u2013 k\u00f6zbel\u00e9ptek. A region\u00e1lis \u00fcgyekben bet\u00f6lt\u00f6tt szerep\u00fck szerz\u0151d\u00e9sek \u00e9s csapatok \u00e1llom\u00e1soztat\u00e1s\u00e1val er\u0151s\u00f6d\u00f6tt, aminek eredm\u00e9nyek\u00e9nt Melaka Penang \u00e9s Szingap\u00far mellett a szorosbeli telep\u00fcl\u00e9sek r\u00e9sz\u00e9v\u00e9 v\u00e1lt.<\/p>\n\n\n\n<p>Brit ir\u00e1ny\u00edt\u00e1s alatt a v\u00e1ros utc\u00e1i t\u00falny\u00faltak a gyarmati k\u00f6zponton, k\u00ednai \u00fczleth\u00e1zakat, indiai templomokat \u00e9s mecseteket sz\u0151ve \u00f6ssze egy r\u00e9tegzett lojalit\u00e1sokb\u00f3l \u00e9s \u00f6sszefon\u00f3d\u00f3 k\u00f6z\u00f6ss\u00e9gekb\u0151l \u00e1ll\u00f3 t\u00e1jban. A moderniz\u00e1ci\u00f3 azonban egyenetlen\u00fcl \u00e9rkezett; a grandi\u00f3zus viktori\u00e1nus \u00e9p\u00fcletek lovas riks\u00e1kkal osztoztak az \u00fattesten, a hagyom\u00e1nyos kampung (falusi) h\u00e1zak pedig az \u00faj sz\u00f6vets\u00e9gi utak ment\u00e9n helyezkedtek el. Az 1942 \u00e9s 1945 k\u00f6z\u00f6tti jap\u00e1n megsz\u00e1ll\u00e1s neh\u00e9zs\u00e9geket hozott: sok lakost k\u00e9nyszermunk\u00e1ra deport\u00e1ltak a k\u00e9s\u0151bbiekben Burm\u00e1ban Hal\u00e1lvas\u00fatk\u00e9nt ismert vas\u00fatvonalon. A felszabadul\u00e1s helyre\u00e1ll\u00edtotta a brit befoly\u00e1st, \u00e9s Melaka visszanyerte \u00e1llam f\u0151v\u00e1rosa st\u00e1tusz\u00e1t Malajzia 1963-as megalakul\u00e1s\u00e1ig.<\/p>\n\n\n\n<p>2008-ban az UNESCO, a penangi George Townnal egy\u00fctt, elismerte Melaka \u00e9l\u0151 \u00f6r\u00f6ks\u00e9g\u00e9t. Ma t\u00f6rt\u00e9nelmi magja \u2013 melynek k\u00f6z\u00e9ppontj\u00e1ban a Szent P\u00e1l-domb \u00e9s a Holland t\u00e9r \u00e1ll \u2013 nemcsak m\u0171eml\u00e9kek gy\u0171jtem\u00e9nyek\u00e9nt v\u00e9dett, hanem olyan negyedk\u00e9nt is, ahol a mindennapi \u00e9let a birodalom eml\u00e9kei k\u00f6z\u00f6tt zajlik. A Stadthuys, egykor a holland v\u00e1rosh\u00e1za, a T\u00f6rt\u00e9neti \u00e9s N\u00e9prajzi M\u00fazeumoknak ad otthont; a Krisztus-templom b\u00edborv\u00f6r\u00f6s homlokzata ma is a Trafalgar utc\u00e1ra n\u00e9z. A Bukit Cina lejt\u0151in D\u00e9lkelet-\u00c1zsia egyik legnagyobb k\u00ednai temetkez\u00e9si helye tal\u00e1lhat\u00f3, s\u00edrk\u00f6vei t\u00f6bb mint h\u00e1rom \u00e9vsz\u00e1zados folyamatos intern\u00e1l\u00e1st jeleznek.<\/p>\n\n\n\n<p>A modern Malaka kiterjed az UNESCO Vil\u00e1g\u00f6r\u00f6ks\u00e9g r\u00e9sz\u00e9t k\u00e9pez\u0151 ter\u00fclet\u00e9re. A d\u00e9li ter\u00fcleteken zajl\u00f3 rekultiv\u00e1ci\u00f3s projektek megdupl\u00e1zt\u00e1k a v\u00e1ros be\u00e9p\u00edtett ter\u00fclet\u00e9t, \u00faj v\u00edzparti s\u00e9t\u00e1nyokat \u00e9s toronyh\u00e1zakat hozva l\u00e9tre. A s\u00edk terep, amely a sz\u00e1razf\u00f6ld belsej\u00e9ben enyh\u00e9n hull\u00e1mzik, egy olyan v\u00e1rosi l\u00e1bnyomot hoz l\u00e9tre, amely Kuala Lumpurt\u00f3l k\u00f6z\u00faton nagyj\u00e1b\u00f3l 152 kilom\u00e9terre h\u00faz\u00f3dik. A Malaka foly\u00f3, amely egykor a kereskedelem \u00e9ltet\u0151 eleme volt, ma bolt\u00edves hidak alatt vacsor\u00e1s haj\u00f3utakat sz\u00e1ll\u00edt, \u00f6sszek\u00f6tve a m\u00faltat \u200b\u200b\u00e9s a jelent, mik\u00f6zben batikolt haj\u00f3k sodr\u00f3dnak el a fel\u00faj\u00edtott rakt\u00e1rak mellett.<\/p>\n\n\n\n<p>A tr\u00f3pusi es\u0151erd\u0151 \u00e9ghajlat\u00e1nak k\u00f6sz\u00f6nhet\u0151en a v\u00e1rosban nincs sem igazi sz\u00e1raz \u00e9vszak, sem hideg id\u0151szak. A csapad\u00e9kmennyis\u00e9g meghaladja a havi 100 mm-t, de valamivel a f\u00e9lsziget \u00e9vi 2500 mm-es \u00e1tlaga alatt marad. A p\u00e1ratartalom eg\u00e9sz \u00e9vben 80 sz\u00e1zal\u00e9k felett van, a leveg\u0151ben frangip\u00e1ni \u00e9s tengeri permet illata terjeng. Ez az \u00e1lland\u00f3s\u00e1g lehet\u0151v\u00e9 teszi a l\u00e1togat\u00f3k sz\u00e1m\u00e1ra, hogy zavartalanul felfedezz\u00e9k a k\u00f6rny\u00e9ket, b\u00e1r k\u00e9s\u0151 d\u00e9lut\u00e1n gyakran hirtelen z\u00e1porok s\u00f6p\u00f6rnek v\u00e9gig.<\/p>\n\n\n\n<p>Demogr\u00e1fiailag Melaka v\u00e1rosa a t\u00f6rt\u00e9nelmi k\u00f6z\u00f6ss\u00e9gek sz\u00f6vev\u00e9nye. A 2010-es n\u00e9psz\u00e1ml\u00e1l\u00e1s adatai szerint k\u00f6zel f\u00e9lmilli\u00f3 lakos\u00e1t t\u00f6bbs\u00e9g\u00e9ben mal\u00e1jok, jelent\u0151s k\u00ednai kisebbs\u00e9g, jelent\u0151s indiai \u00e9s eur\u00e1zsiai kontingensek, valamint kisebb k\u00fclf\u00f6ldi csoportok alkott\u00e1k. Az \u00e9vsz\u00e1zadok sor\u00e1n folytatott vegyes h\u00e1zass\u00e1gok eredm\u00e9nyek\u00e9nt j\u00f6ttek l\u00e9tre a peranakan (baba nyonya), chitty \u00e9s kristang n\u00e9pek \u2013 mindegyik\u00fck kreol nyelveket \u00e9s hibrid szok\u00e1sokat visz tov\u00e1bb. Mecsetek, templomok \u00e9s egyh\u00e1zak \u00e1llnak egym\u00e1s mellett: az iszl\u00e1m, a buddhizmus, a hinduizmus, a kereszt\u00e9nys\u00e9g \u00e9s a k\u00ednai n\u00e9pi vall\u00e1sok egy\u00fctt \u00e9lnek azokon a k\u00f6rny\u00e9keken, ahol t\u00f6bb imah\u00e1z tal\u00e1lkozik a \u201eHarmony Streeten\u201d.<\/p>\n\n\n\n<p>Gazdas\u00e1gi szempontb\u00f3l a turizmus alkotja a v\u00e1ros gerinc\u00e9t. \u00c9vr\u0151l \u00e9vre nemzetk\u00f6zi konferenci\u00e1k t\u00f6ltik meg a Malaka Nemzetk\u00f6zi Kereskedelmi K\u00f6zpont termeit, m\u00edg a Jonker s\u00e9t\u00e1nyon tett vezetett s\u00e9t\u00e1k felpezsd\u00edtik a h\u00e9tv\u00e9g\u00e9ket. Kis-India f\u0171szerboltjai, a portug\u00e1l telep\u00fcl\u00e9s k\u00e9k-feh\u00e9r csemp\u00e9kkel d\u00edsz\u00edtett fa bungal\u00f3i \u00e9s a Tenger\u00e9szeti M\u00fazeum Flor de la Mar-j\u00e1nak h\u0171 m\u00e1solata mind k\u00edv\u00e1ncsi utaz\u00f3kat vonz. A v\u00e1ros K\u00edna \u00e1ltal tervezett Tengeri Selyem\u00fat ment\u00e9n fekszik, utalva a v\u00e1ros \u0151si szerep\u00e9re a glob\u00e1lis kereskedelemben. Az \u00faj Hang Tuah Kereskedelmi K\u00f6zponttal kapcsolatos amb\u00edci\u00f3k a kereskedelem, az oktat\u00e1s \u00e9s a vend\u00e9gl\u00e1t\u00e1s tov\u00e1bbi integr\u00e1ci\u00f3j\u00e1t \u00edg\u00e9rik az \u00f3v\u00e1ros sz\u00edv\u00e9ben.<\/p>\n\n\n\n<p>A malakai k\u00f6zleked\u00e9s a mindennapit\u00f3l a k\u00fcl\u00f6nlegesig terjed. A sz\u00f6vets\u00e9gi \u00fatvonalak az \u00c9szak-D\u00e9li gyorsforgalmi \u00fatra csatlakoznak; a Malacca Sentral k\u00f6zpontos\u00edtja a helyk\u00f6zi busz- \u00e9s taxikapcsolatokat. A vezet\u0151 taxik \u00f6sszek\u00f6tik a v\u00e1rost Szingap\u00farral, m\u00edg a helyi riks\u00e1k nosztalgikus utakat k\u00edn\u00e1lnak a Dutch Square k\u00f6rny\u00e9k\u00e9n. A h\u00e1bor\u00fa idej\u00e9n egykor elszakadt s\u00ednek visszat\u00e9rtek egy Serembanba k\u00f6zleked\u0151 KTM ingaj\u00e1rat \u00e9s egy \u00e9vekig tart\u00f3 sz\u00fcnet ut\u00e1n 2017-ben \u00fajraind\u00edtott malakai egys\u00edn\u0171 vas\u00fat form\u00e1j\u00e1ban. Id\u0151r\u0151l id\u0151re felmer\u00fclnek tervek egy s\u0171r\u00edtett f\u00f6ldg\u00e1zzal m\u0171k\u00f6d\u0151 villamosr\u00f3l \u00e9s egy a szum\u00e1trai Dumaiba vezet\u0151, a tengerszoroson \u00e1t\u00edvel\u0151 h\u00eddr\u00f3l, b\u00e1r csak a folyami haj\u00f3\u00fat \u00e9s az egys\u00edn\u0171 vas\u00fat maradt megb\u00edzhat\u00f3 eszk\u00f6z.<\/p>\n\n\n\n<p>A kultur\u00e1lis nevezetess\u00e9gek t\u00falmutatnak az eur\u00f3pai negyeden. A Cheng Hoon Teng, Malajzia legr\u00e9gebbi k\u00ednai temploma, ma is v\u00e9gez ritu\u00e1l\u00e9kat faragott fa homlokzat\u00e1n bel\u00fcl. A Sri Poyatha Vinayagar Moorthi templom \u00e9s a Kampung Kling mecset egy metsz\u0151 vall\u00e1si folyos\u00f3t keretez. Egy r\u00f6vid, felfel\u00e9 vezet\u0151 \u00f6sv\u00e9ny vezet a Szent P\u00e1l-templom romjaihoz, ahol portug\u00e1l \u00e9s holland s\u00edrfeliratok olvadnak \u00f6ssze a moh\u00e1s falak alatt. A Jalan Kota ment\u00e9n m\u00fazeumok sorakoznak: a Mal\u00e1j \u00e9s Iszl\u00e1m Vil\u00e1gm\u00fazeum, a B\u00e9lyegm\u00fazeum \u00e9s a Melaka Szultan\u00e1tus Palotam\u00fazeum \u2013 Mansz\u00far sah szult\u00e1n fapalot\u00e1j\u00e1nak 1985-\u00f6s rekonstrukci\u00f3ja \u2013 narrat\u00edv m\u00e9lys\u00e9get k\u00edn\u00e1lnak a v\u00e1ros t\u00f6rt\u00e9nelmi m\u00faltj\u00e1hoz.<\/p>\n\n\n\n<p>Malakka egyetlen portr\u00e9ja sem teljes az \u00e9telei n\u00e9lk\u00fcl. A peranakai konyh\u00e1kban ayam pongteh-et \u2013 erjesztett babsz\u00f3szban p\u00e1rolt gazdag baromfit \u2013 \u00e9s ayam buah keluakot k\u00e9sz\u00edtenek, egy keser\u0171 tr\u00f3pusi di\u00f3 k\u00f6r\u00e9 \u00e9p\u00fcl\u0151 \u00e9telt. Az utcai \u00e1rusok t\u00f6k\u00e9letes g\u00f6mb\u00f6kk\u00e9 form\u00e1lj\u00e1k a hainani csirkerizst, minden egyes pingponglabda m\u00e9ret\u0171 szem egy ed\u00e9ny a finoman f\u0171szerezett csirkealapl\u00e9 sz\u00e1m\u00e1ra. A satay celup standokon tenger gy\u00fcm\u00f6lcseivel \u00e9s z\u00f6lds\u00e9gekkel teli ny\u00e1rsakat vonultatnak fel, arra invit\u00e1lva a vend\u00e9geket, hogy a forr\u00f3 mogyor\u00f3sz\u00f3sszal teli k\u00e1dba m\u00e1rtogass\u00e1k a k\u00edn\u00e1latot \u2013 a f\u0171szerek \u00e9s a nevet\u00e9s k\u00f6z\u00f6s lakom\u00e1ja. A portug\u00e1l telep\u00fcl\u00e9sen csal\u00e1dok gy\u0171lnek \u00f6ssze \u00f6rd\u00f6gcurryk \u00e9s tenger gy\u00fcm\u00f6lcsei t\u00e1lak k\u00f6r\u00fcl, christ\u00e3o kreoljuk a 16. sz\u00e1zadi \u00e9rkez\u0151kre eml\u00e9keztet.<\/p>\n\n\n\n<p>\u00c9vsz\u00e1zadoknyi felfordul\u00e1s \u00e9s meg\u00fajul\u00e1s ut\u00e1n Malaka v\u00e1rosa a region\u00e1lis t\u00f6rt\u00e9nelem t\u00fckrek\u00e9nt szolg\u00e1l. Utc\u00e1i \u00e9s nevezetess\u00e9gei birodalomr\u00f3l \u00e9s cser\u00e9r\u0151l, konfliktusokr\u00f3l \u00e9s egy\u00fcttm\u0171k\u00f6d\u00e9sr\u0151l tan\u00faskodnak. \u00c1m ezeken a nagyszer\u0171 elbesz\u00e9l\u00e9seken t\u00fal ott h\u00faz\u00f3dnak a mindennapi \u00e9let ritmusai: a hajnali im\u00e1ra h\u00edv\u00e1s, a mahjong csemp\u00e9k kattog\u00e1sa egy kl\u00e1nh\u00e1zban, a Jonker Walk \u00e9jszakai piac\u00e1nak karnev\u00e1lja. Itt a jelen elv\u00e1laszthatatlan a m\u00faltt\u00f3l, \u00e9s minden sarok egy t\u00f6rt\u00e9netet rejt, amely figyelmes olvas\u00f3ra v\u00e1r. Malakk\u00e1ban az id\u0151 \u00fagy halad, mint a foly\u00f3 \u2013 egyenletesen, m\u00e9lyen, \u00e9s mindig a tenger fel\u00e9 tart.<\/p>","protected":false},"excerpt":{"rendered":"<p>A 2019-ben 579 000 lakos\u00fa Malacca City a malajziai Malacca \u00e1llam f\u0151v\u00e1rosa, a Melaka Tengah ker\u00fcletben tal\u00e1lhat\u00f3. Ez a Malacca-szoros legr\u00e9gebbi malajziai v\u00e1rosa, amely a Malaccai Szult\u00e1ns\u00e1g korszak\u00e1ban vir\u00e1gz\u00f3 v\u00e1llalkoz\u00f3k\u00e9nt szerzett h\u00edrnevet. A v\u00e1ros kezdetei Parameswara szum\u00e1trai uralkod\u00f3hoz k\u00f6thet\u0151k, aki a Mal\u00e1j-f\u00e9lszigeten keresett mened\u00e9ket, miut\u00e1n Srivijaya \u00f6sszeomlott a Majapahit miatt. Ir\u00e1ny\u00edt\u00e1sa alatt megalakult a Malacca Szult\u00e1ns\u00e1g, amely a K\u00f6zel-Keletr\u0151l, D\u00e9l-\u00c1zsi\u00e1b\u00f3l \u00e9s Kelet-\u00c1zsi\u00e1b\u00f3l vonzotta a keresked\u0151ket, valamint a portug\u00e1lokat, akik az \u00e1zsiai kereskedelmi \u00fatvonalak ellen\u0151rz\u00e9s\u00e9t t\u0171zt\u00e9k ki c\u00e9lul.<\/p>","protected":false},"author":1,"featured_media":2797,"parent":14710,"menu_order":0,"comment_status":"closed","ping_status":"closed","template":"elementor_theme","meta":{"_eb_attr":"","footnotes":""},"class_list":["post-14728","page","type-page","status-publish","has-post-thumbnail"],"_links":{"self":[{"href":"https:\/\/travelshelper.com\/hu\/wp-json\/wp\/v2\/pages\/14728","targetHints":{"allow":["GET"]}}],"collection":[{"href":"https:\/\/travelshelper.com\/hu\/wp-json\/wp\/v2\/pages"}],"about":[{"href":"https:\/\/travelshelper.com\/hu\/wp-json\/wp\/v2\/types\/page"}],"author":[{"embeddable":true,"href":"https:\/\/travelshelper.com\/hu\/wp-json\/wp\/v2\/users\/1"}],"replies":[{"embeddable":true,"href":"https:\/\/travelshelper.com\/hu\/wp-json\/wp\/v2\/comments?post=14728"}],"version-history":[{"count":0,"href":"https:\/\/travelshelper.com\/hu\/wp-json\/wp\/v2\/pages\/14728\/revisions"}],"up":[{"embeddable":true,"href":"https:\/\/travelshelper.com\/hu\/wp-json\/wp\/v2\/pages\/14710"}],"wp:featuredmedia":[{"embeddable":true,"href":"https:\/\/travelshelper.com\/hu\/wp-json\/wp\/v2\/media\/2797"}],"wp:attachment":[{"href":"https:\/\/travelshelper.com\/hu\/wp-json\/wp\/v2\/media?parent=14728"}],"curies":[{"name":"wp","href":"https:\/\/api.w.org\/{rel}","templated":true}]}}