{"id":14637,"date":"2024-09-19T21:47:03","date_gmt":"2024-09-19T21:47:03","guid":{"rendered":"https:\/\/travelshelper.com\/staging\/?page_id=14637"},"modified":"2026-03-11T22:25:22","modified_gmt":"2026-03-11T22:25:22","slug":"jerevan","status":"publish","type":"page","link":"https:\/\/travelshelper.com\/hu\/destinations\/europe\/armenia\/yerevan\/","title":{"rendered":"Jerev\u00e1n"},"content":{"rendered":"<p>Jerev\u00e1n ma egy k\u00f6zel h\u00e1rom \u00e9vezredes folytonoss\u00e1g \u0151rz\u0151je \u00e9s kedvezm\u00e9nyezettje. Legkor\u00e1bbi megalakul\u00e1sa \u00f3ta, mint Erebuni, egy urartui er\u0151d, amelyet I. Argisti kir\u00e1ly alap\u00edtott Kr. e. 782-ben, a v\u00e1ros tan\u00faja volt a birodalmak v\u00e1ltoz\u00f3 sors\u00e1nak, a n\u00e9pek ap\u00e1ly\u00e1nak \u00e9s dag\u00e1ly\u00e1nak, valamint lak\u00f3inak kitart\u00f3 \u00fajj\u00e1\u00e9p\u00edt\u00e9si \u00e9s alkalmazkod\u00e1si akarat\u00e1nak. Az \u00d6rm\u00e9ny-felf\u00f6ld fenns\u00edkj\u00e1n fekv\u0151 v\u00e1ros az Arar\u00e1t-s\u00edks\u00e1g nyugati sz\u00e9l\u00e9n fekszik, fels\u0151 negyedeit h\u00e1rom oldalr\u00f3l hegyek veszik k\u00f6r\u00fcl, miel\u0151tt a Hrazdan foly\u00f3 meredek szurdok\u00e1ba ereszkedne. Modern form\u00e1j\u00e1ban Jerev\u00e1n \u00d6rm\u00e9nyorsz\u00e1g k\u00f6zigazgat\u00e1si sz\u00edve, kultur\u00e1lis olvaszt\u00f3t\u00e9gelye \u00e9s ipari motorja; m\u00e9gis minden fordulatban a m\u00falt nyomai sz\u00f6v\u0151dnek a v\u00e1ros sz\u00f6vet\u00e9be.<\/p>\n<p>Az Erebuni citadell\u00e1ja, amely egy szikl\u00e1s dombon \u00e1ll, mintegy nyolc kilom\u00e9terre d\u00e9lkeletre a mai k\u00f6zpontt\u00f3l, t\u00f6bb mint egy katonai b\u00e1styak\u00e9nt k\u00e9pzelt\u00e9k el. A korabeli feliratok \u00e9s r\u00e9g\u00e9szeti bizony\u00edt\u00e9kok azt mutatj\u00e1k, hogy I. Argisti egy olyan helyet k\u00e9pzelt el, amely egyszerre szolg\u00e1lt korm\u00e1nyz\u00e1s \u00e9s istentisztelet c\u00e9lj\u00e1b\u00f3l \u2013 egy olyan helyet, ahol a teokratikus ritu\u00e1l\u00e9k \u00e9s a kir\u00e1lyi szertart\u00e1sok \u00f6sszeolvadtak. Impoz\u00e1ns falai \u00e9s d\u00edsztermei ellen\u00e9re az urartui f\u0151v\u00e1ros nem sok\u00e1ig \u0151rizte meg hatalm\u00e1t. Ahogy a k\u00e9s\u0151bbi \u00f6rm\u00e9ny kir\u00e1lys\u00e1gok felemelkedtek, \u00faj hatalmi k\u00f6zpontok h\u00e1tt\u00e9rbe szor\u00edtott\u00e1k Erebunit, \u00e9s a telep\u00fcl\u00e9s hanyatl\u00e1snak indult, m\u00edg a k\u00f6z\u00e9pkor szinte teljesen el nem vette a jelent\u0151s\u00e9g\u00e9t.<\/p>\n<p>A tizenhetedik sz\u00e1zad elej\u00e9re Jerev\u00e1n sorsa a m\u00e9lypontra s\u00fcllyedt. Az 1603\u20131605-\u00f6s Nagy Szurgun hadj\u00e1rat idej\u00e9n Perzsia szafavida uralkod\u00f3i er\u0151szakkal deport\u00e1ltak t\u00f6bb sz\u00e1zezer \u00f6rm\u00e9nyt, a v\u00e1rost nagyr\u00e9szt lakatlann\u00e1 t\u00e9ve. Egy katasztrof\u00e1lis f\u00f6ldreng\u00e9s 1679-ben ezut\u00e1n sz\u00e9tz\u00fazta a v\u00e1ros megmaradt r\u00e9szeit, \u00e9s a szer\u00e9ny lak\u00f3h\u00e1zakb\u00f3l \u00e1ll\u00f3 k\u00f6z\u00f6ss\u00e9get romokk\u00e1 v\u00e1ltoztatta. Az \u00fajj\u00e1\u00e9p\u00edt\u00e9s jelent\u0151sen kisebb l\u00e9pt\u00e9kben t\u00f6rt\u00e9nt, az \u00fajj\u00e1\u00e9p\u00edtett v\u00e1ros a mai utcavonalak egy r\u00e9sz\u00e9t ebb\u0151l a korszakb\u00f3l vette \u00e1t.<\/p>\n<p>Az 1828-as t\u00fcrkmencsaji b\u00e9keszerz\u0151d\u00e9s al\u00e1\u00edr\u00e1sa Jerev\u00e1nt az Orosz Birodalomba csatolta. A c\u00e1ri korm\u00e1nyzat alatt a perzsa \u00e9s oszm\u00e1n ter\u00fcleteken sz\u00e9tsz\u00f3r\u00f3dott \u00f6rm\u00e9nyek elkezdtek visszasziv\u00e1rogni. Egy \u00faj telepes hull\u00e1m lend\u00fcletet adott az \u00fajj\u00e1\u00e9led\u00e9snek, amely Jerev\u00e1nt a vid\u00e9ki eldugott helyb\u0151l region\u00e1lis k\u00f6zpontt\u00e1 form\u00e1lta \u00e1t. Amikor 1918-ban megalakult az Els\u0151 \u00d6rm\u00e9ny K\u00f6zt\u00e1rsas\u00e1g, Jerev\u00e1nt \u2013 amely addigra az \u00f6rm\u00e9ny n\u00e9pirt\u00e1s t\u00f6bb ezer t\u00fal\u00e9l\u0151j\u00e9nek otthona volt \u2013 a nemzeti f\u0151v\u00e1ross\u00e1 ki\u00e1ltott\u00e1k ki, az \u00f6rm\u00e9ny t\u00f6rt\u00e9nelem tizennegyedik, \u00e9s a hetedik f\u0151v\u00e1ross\u00e1 az Arar\u00e1t-s\u00edks\u00e1gon.<\/p>\n<p>A szovjet korszak ezt k\u00f6vet\u0151en gyors \u00e1talakul\u00e1s id\u0151szak\u00e1t hozta el. N\u00e9h\u00e1ny \u00e9vtized leforg\u00e1sa alatt Jerev\u00e1n lakoss\u00e1ga \u00e9s ambici\u00f3zus t\u00f6rekv\u00e9sei is megn\u0151ttek. A sz\u00e9les sug\u00e1rutak \u00e9s a nemzeti mot\u00edvumokkal \u00e1titatott visszafogott neoklasszicista st\u00edlusban kivitelezett monument\u00e1lis k\u00f6z\u00e9p\u00fcletek felv\u00e1ltott\u00e1k a fah\u00e1zak sorait. Mire a szovjet uralom v\u00e9get \u00e9rt, Jerev\u00e1n megszil\u00e1rd\u00edtotta szerep\u00e9t \u00d6rm\u00e9nyorsz\u00e1g kultur\u00e1lis \u00e9s ipari k\u00f6zpontjak\u00e9nt.<\/p>\n<p>Az 1990-es \u00e9vek elej\u00e9nek gazdas\u00e1gi felfordul\u00e1sa kiv\u00e1ndorl\u00e1st ind\u00edtott el. 1989 \u00e9s 2003 k\u00f6z\u00f6tt a v\u00e1ros lakoss\u00e1ga k\u00f6r\u00fclbel\u00fcl 1,25 milli\u00f3r\u00f3l k\u00f6r\u00fclbel\u00fcl 1,09 milli\u00f3ra cs\u00f6kkent. Azok, akik maradtak, omladoz\u00f3 infrastrukt\u00far\u00e1val \u00e9s gazdas\u00e1gi stagn\u00e1l\u00e1ssal szembes\u00fcltek. A sz\u00e1zadfordul\u00f3 azonban \u00fajj\u00e1\u00e9led\u00e9st hozott. A lakhat\u00e1sba, a k\u00f6zleked\u00e9sbe \u00e9s a k\u00f6zterekbe t\u00f6rt\u00e9n\u0151 \u00fajb\u00f3li beruh\u00e1z\u00e1sok megv\u00e1ltoztatt\u00e1k a v\u00e1ros l\u00e1tk\u00e9p\u00e9t \u00e9s az utcai \u00e9letet. K\u00e1v\u00e9z\u00f3k, butikok \u00e9s gyalogos s\u00e9t\u00e1nyok \u2013 amelyek a szovjet \u00e9vekben ritk\u00e1k voltak \u2013 gombam\u00f3d szaporodtak a meg\u00fajult K\u00f6zt\u00e1rsas\u00e1g t\u00e9ren, az \u00fajonnan kialak\u00edtott \u00c9szaki sug\u00e1r\u00faton \u00e9s a z\u00f6ldell\u0151 Cascade komplexumon. 2011-re a v\u00e1ros lakoss\u00e1ga meghaladta az egymilli\u00f3t, \u00e9s 2022-re el\u00e9rte az 1 086 677 lakost.<\/p>\n<p>Elismerve m\u00e9ly irodalmi \u00e9s tudom\u00e1nyos hagyom\u00e1nyait, az UNESCO Jerev\u00e1nt jel\u00f6lte ki a 2012-es Vil\u00e1g K\u00f6nyvf\u0151v\u00e1ros\u00e1nak. Az Eurocities tags\u00e1g tov\u00e1bb er\u0151s\u00edtette az \u00f6rm\u00e9ny f\u0151v\u00e1ros be\u00e9p\u00fcl\u00e9s\u00e9t az eur\u00f3pai \u00f6nkorm\u00e1nyzati egy\u00fcttm\u0171k\u00f6d\u00e9si h\u00e1l\u00f3zatba. Ennek a gyors v\u00e1rosi meg\u00fajul\u00e1snak azonban megvoltak a maga kritikusai is: a t\u00f6rt\u00e9nelmi orosz korabeli \u00e9s a huszadik sz\u00e1zad eleji \u00e9p\u00edtm\u00e9nyek lebont\u00e1sa n\u00e9ha hajl\u00e9ktalann\u00e1 tette kor\u00e1bbi lak\u00f3ikat, \u00e9s az \u00f6r\u00f6ks\u00e9g meg\u0151rz\u00e9s\u00e9r\u0151l sz\u00f3l\u00f3 vit\u00e1k tov\u00e1bbra is visszhangoznak az \u00f6nkorm\u00e1nyzati tervez\u00e9si \u00fcl\u00e9seken.<\/p>\n<p>Jerev\u00e1n tengerszint feletti magass\u00e1ga a Hrazdan partj\u00e1n\u00e1l 865 m\u00e9tert\u0151l az \u00e9szakkeleti magass\u00e1gokban tal\u00e1lhat\u00f3 1390 m\u00e9terig terjed, amivel a vil\u00e1g \u00f6tven legmagasabban fekv\u0151, egymilli\u00f3 lakos feletti v\u00e1rosa k\u00f6z\u00e9 sorolja. Az \u00e9v ritmus\u00e1t f\u00e9lsz\u00e1raz, kontinent\u00e1lis sztyeppei \u00e9ghajlat hat\u00e1rozza meg. A nyarak perzsel\u0151en sz\u00e1razak, augusztusban a nappali h\u0151m\u00e9r\u0151k id\u0151nk\u00e9nt meghaladj\u00e1k a 40 \u00b0C-ot \u2013 a 2018. j\u00falius 12-\u00e9n fel\u00e1ll\u00edtott 43,7 \u00b0C-os rekord m\u00e9g mindig az \u00f6rm\u00e9ny meteorol\u00f3giai kr\u00f3nik\u00e1k legmagasabbjai k\u00f6z\u00e9 tartozik. A telek, b\u00e1r r\u00f6videk, -15 \u00b0C-ra vagy az al\u00e1 s\u00fcllyedhetnek, \u00e9s a v\u00e1ros parkjait havaz\u00e1s bor\u00edtja. Az \u00e9ves csapad\u00e9kmennyis\u00e9g alig 318 millim\u00e9ter, m\u00edg a tiszta \u00e9gbolt \u00e9vente mintegy 2700 naps\u00fct\u00e9ses \u00f3r\u00e1t biztos\u00edt.<\/p>\n<p>K\u00f6zigazgat\u00e1silag Jerev\u00e1n elt\u00e9r \u00d6rm\u00e9nyorsz\u00e1g tartom\u00e1nyait\u00f3l (marzer). K\u00fcl\u00f6nleges st\u00e1tuszt foglal el, \u00e9szakon \u00e9s keleten Kotajk, d\u00e9len \u00e9s d\u00e9lnyugaton Ararat, nyugaton Armavir, \u00e9szaknyugaton pedig Aragacotn tartom\u00e1nnyal hat\u00e1ros. \u00d6nkorm\u00e1nyzati hat\u00e1rain bel\u00fcl tizenk\u00e9t j\u00e1r\u00e1s tal\u00e1lhat\u00f3, mindegyik egyedi karakterrel \u00e9s k\u00f6zterekkel.<\/p>\n<p>S\u0171r\u0171 n\u00e9ps\u0171r\u0171s\u00e9ge ellen\u00e9re \u2013 k\u00f6zel 4900 lak\u00f3h\u00e1z, mintegy 65 000 utcai l\u00e1mpa \u00e9s t\u00f6bb mint 1080 kilom\u00e9ternyi \u00fat \u2013 a v\u00e1ros jelent\u0151s z\u00f6ldter\u00fcleteket \u0151riz. Az Erebuni ker\u00fcletben tal\u00e1lhat\u00f3 Lyon Park a legr\u00e9gebbi kertter\u00fcletet foglalja el, amelyet az er\u0151d mellett az i. e. 8. sz\u00e1zadban hoztak l\u00e9tre \u00e9s \u00f6nt\u00f6z\u00f6ttek mesters\u00e9gesen. A k\u00f6zpont k\u00f6zel\u00e9ben tal\u00e1lhat\u00f3 Angol Park \u00e9s a Marsall Baghramyan sug\u00e1r\u00fat ment\u00e9n tal\u00e1lhat\u00f3 Szerelmesek Parkja a 18. \u00e9s 19. sz\u00e1zadra ny\u00falik vissza. A Jerev\u00e1ni Botanikus Kert, amely 1935-ben ny\u00edlt meg, \u00e9s az 1950-es \u00e9vekbeli Gy\u0151zelem Parkja hatalmas z\u00f6ldter\u00fcletet k\u00edn\u00e1l, m\u00edg az Operah\u00e1z Parkj\u00e1ban tal\u00e1lhat\u00f3 Hatty\u00fa-tava t\u00e9len szabadid\u0151s korcsoly\u00e1z\u00e1si lehet\u0151s\u00e9get k\u00edn\u00e1l. Minden ker\u00fcletben a helyi lakosokat szolg\u00e1lj\u00e1k ki a k\u00f6rny\u00e9kbeli kertek \u2013 a Buenos Aires Park Ajapnyakban, a Komitas Park Sengavitban, a Fridtjof Nansen Park Nor Norkban \u00e9s m\u00e1sok. 1967-ben a v\u00e1ros egy mesters\u00e9ges v\u00edzt\u00e1roz\u00f3t hozott l\u00e9tre a Hrazdan r\u00e9gi foly\u00f3medr\u00e9ben; a Jerev\u00e1ni-t\u00f3 0,65 n\u00e9gyzetkilom\u00e9ternyi f\u00e9nyvisszaver\u0151 fel\u00fclete ma szabadid\u0151s s\u00e9t\u00e1nyok alapj\u00e1t k\u00e9pezi.<\/p>\n<p>Az Erebuni er\u0151d a v\u00e1ros eredet\u00e9nek egyik alapk\u00f6ve, urartui kapuja \u00e9s k\u0151feliratai a bronz \u00e9s vas kor\u00e1t id\u00e9zik. Az 1264-ben \u00e9p\u00fclt Katoghike templom egy nagyobb bazilika t\u00f6red\u00e9kek\u00e9nt maradt fenn, egyszer\u0171 k\u0151haj\u00f3ja al\u00e1zatos ellent\u00e9tben \u00e1ll a szovjet korabeli K\u00f6zt\u00e1rsas\u00e1g t\u00e9r \u00edveivel. A v\u00e1ros keleti perem\u00e9n tal\u00e1lhat\u00f3 a 2001-ben felszentelt Szent Gergely Megvil\u00e1gos\u00edt\u00f3 Sz\u00e9kesegyh\u00e1z, amely a vil\u00e1g legnagyobb \u00f6rm\u00e9ny sz\u00e9kesegyh\u00e1zak\u00e9nt uralkodik, feh\u00e9r tufa homlokzata az \u00f6rm\u00e9ny kereszt\u00e9nys\u00e9g 1700 \u00e9ves \u00edv\u00e9nek tan\u00faskodik.<\/p>\n<p>A k\u00f6zelben tal\u00e1lhat\u00f3 a Tsitsernakaberd Eml\u00e9km\u0171komplexum, amely az 1915-\u00f6s n\u00e9pirt\u00e1s eml\u00e9k\u00e9t \u0151rzi. A gr\u00e1nitlapok tri\u00f3ja \u00e9s az \u00f6r\u00f6km\u00e9cses az \u00d6rm\u00e9ny N\u00e9pirt\u00e1s M\u00fazeuma mellett \u00e1ll, ahol f\u00e9nyk\u00e9pek \u00e9s t\u00fal\u00e9l\u0151k besz\u00e1mol\u00f3i tan\u00faskodnak azokr\u00f3l az esem\u00e9nyekr\u0151l, amelyek \u00e1talak\u00edtott\u00e1k a nemzetet. A Mashtots sug\u00e1r\u00faton tal\u00e1lhat\u00f3 Matenadaran k\u00f6nyvt\u00e1r mintegy 17 000 k\u00e9ziratot \u0151riz \u2013 illusztr\u00e1ci\u00f3kat \u00e9s margin\u00e1li\u00e1kat, amelyek az \u00f6rm\u00e9ny, g\u00f6r\u00f6g \u00e9s k\u00f6zel-keleti \u00edr\u00e1sok fejl\u0151d\u00e9s\u00e9t dokument\u00e1lj\u00e1k. A K\u00f6zt\u00e1rsas\u00e1g t\u00e9ren tal\u00e1lhat\u00f3 \u00e9p\u00fcletben tal\u00e1lhat\u00f3 Nemzeti Gal\u00e9ria \u00e9s T\u00f6rt\u00e9neti M\u00fazeum hazai \u00e9s eur\u00f3pai m\u0171alkot\u00e1sokat is bemutat, t\u00fckr\u00f6zve Jerev\u00e1n szerep\u00e9t az eur\u00e1zsiai kult\u00fara keresztez\u0151d\u00e9s\u00e9ben.<\/p>\n<p>A tudom\u00e1nyos k\u00edv\u00e1ncsis\u00e1g speci\u00e1lis int\u00e9zm\u00e9nyekben tal\u00e1l kifejez\u00e9sre: az Erebuni Rezerv\u00e1tum f\u00e9lsivatagos sztyepp\u00e9ket \u00e9s endemikus n\u00f6v\u00e9nyvil\u00e1got \u0151riz; a Little Einstein Interakt\u00edv Tudom\u00e1nyos M\u00fazeum interakt\u00edv ki\u00e1ll\u00edt\u00e1sokkal vonja be a gyerekeket; az \u0170rm\u00fazeum, valamint a kommunik\u00e1ci\u00f3s \u00e9s orvosi m\u00fazeumok pedig a technol\u00f3giai fejl\u0151d\u00e9st mutatj\u00e1k be.<\/p>\n<p>A h\u00f3d\u00edt\u00e1sok \u00e9s sz\u00e1m\u0171zet\u00e9sek korszakaiban az \u00f6rm\u00e9ny apostoli kereszt\u00e9nys\u00e9g fennmaradt. Az Ararat P\u00e1pai Egyh\u00e1zmegye, amelynek sz\u00e9khelye a Surp Sarkis sz\u00e9kesegyh\u00e1zban tal\u00e1lhat\u00f3, a vil\u00e1g legr\u00e9gebbi egyh\u00e1zmegy\u00e9i k\u00f6z\u00e9 tartozik. Ma a v\u00e1ros tizenh\u00e9t m\u0171k\u00f6d\u0151 templomot \u00e9s n\u00e9gy k\u00e1poln\u00e1t sz\u00e1ml\u00e1l, amelyek mindegyike a ritu\u00e1l\u00e9k \u00e9s a k\u00f6z\u00f6ss\u00e9g helysz\u00edne. A klasszikus \u00f6rm\u00e9ny, vagy grabar, tov\u00e1bbra is liturgikus haszn\u00e1latban van, m\u00edg a jerev\u00e1ni k\u00f6znyelvi dialektus \u2013 amely legal\u00e1bb a XIII. sz\u00e1zad \u00f3ta form\u00e1l\u00f3dik \u2013 orosz \u00e9s perzsa szavakat tartalmaz, \u00e9s tov\u00e1bbra is a legelterjedtebb kelet-\u00f6rm\u00e9ny v\u00e1ltozat.<\/p>\n<p>Demogr\u00e1fiailag Jerev\u00e1n a k\u00f6z\u00e9pkori \u00f6rm\u00e9ny t\u00f6bbs\u00e9gr\u0151l a tizenkilencedik sz\u00e1zadra vegyes muszlim \u00e9s \u00f6rm\u00e9ny lakoss\u00e1gg\u00e1 v\u00e1lt, majd a huszadik sz\u00e1zad v\u00e9g\u00e9re ism\u00e9t t\u00falnyom\u00f3r\u00e9szt \u00f6rm\u00e9ny jelleget \u00f6lt\u00f6tt. Az oszm\u00e1n ki\u0171z\u00e9sek, az orosz hazatelep\u00edt\u00e9sek \u00e9s a n\u00e9pirt\u00e1s kor\u00e1nak tragikus migr\u00e1ci\u00f3i olyan visszat\u00e9r\u00e9si \u00e9s \u00e1ttelep\u00edt\u00e9si hull\u00e1mokat id\u00e9ztek el\u0151, amelyek kit\u00f6r\u00f6lhetetlen\u00fcl megv\u00e1ltoztatt\u00e1k a v\u00e1rosi mozaikokat.<\/p>\n<p>Az \u00e9szaki k\u00fclv\u00e1rosokban, a k\u00f6z\u00e9pkori tornyok romjai k\u00f6z\u00f6tt \u0151si k\u0151k\u00e1poln\u00e1k \u2013 az avani Istensz\u00fcl\u0151 k\u00e1poln\u00e1ja, a Tsiranavori templom \u2013 \u00e1llnak. A Hrazdan ment\u00e9n egy tizenhetedik sz\u00e1zadi v\u00f6r\u00f6s h\u00edd a romokr\u00f3l \u00e9s az \u00fajj\u00e1\u00e9p\u00edt\u00e9sr\u0151l egyar\u00e1nt \u00e1rulkodik. A szovjet korszakokra eml\u00e9keztet az \u00d6rm\u00e9nyorsz\u00e1g Anya szobor a Gy\u0151zelem parkja felett, valamint az Operah\u00e1z \u00e9s a Moszkvai Mozi szovjet st\u00edlus\u00fa homlokzatai. A leg\u00fajabb eml\u00e9kek k\u00f6z\u00e9 tartozik a Garegin Nzhdeh eml\u00e9km\u0171 (2016) \u00e9s a Cafesjian K\u00f6zpont m\u0171v\u00e9szettel \u00e1titatott kaszk\u00e1dteraszai, ahol ingyenes koncertek \u00e9s szobr\u00e1szati \u200b\u200binstall\u00e1ci\u00f3k \u00e9l\u00e9nk\u00edtik a gyalogosok gerinc\u00e9t.<\/p>\n<p>A v\u00e1rost\u00f3l tizenk\u00e9t kilom\u00e9terre nyugatra fekv\u0151 Zvartnots Nemzetk\u00f6zi Rep\u00fcl\u0151t\u00e9r kereskedelmi j\u00e1ratokat fogad, m\u00edg a szomsz\u00e9dos Erebuni rep\u00fcl\u0151t\u00e9r a katonai \u00e9s a mag\u00e1nrep\u00fcl\u00e9st szolg\u00e1lja ki. A v\u00e1roson bel\u00fcl a k\u00f6zleked\u00e9s a v\u00e1rosi trolibuszok, a v\u00e1rosi buszok \u00e9s a mag\u00e1nk\u00e9zben l\u00e9v\u0151 marshrutk\u00e1k mozaikja. B\u00e1r a marshrutk\u00e1k teszik ki az utasforgalom t\u00f6bb mint fel\u00e9t, az egys\u00e9ges jegyrendszer hi\u00e1nya \u00e9s a v\u00e1ltoz\u00f3 szabv\u00e1nyok kih\u00edv\u00e1st jelentenek a szab\u00e1lyoz\u00f3 hat\u00f3s\u00e1gok sz\u00e1m\u00e1ra. A Karen Demirchyanr\u00f3l elnevezett jerev\u00e1ni metr\u00f3 1981 \u00f3ta szolg\u00e1lja ki a f\u0151v\u00e1rost, \u00e9s t\u00edz \u00e1llom\u00e1s\u00e1n naponta mintegy 60 000 utast sz\u00e1ll\u00edt. A t\u00e1vols\u00e1gi vas\u00fati \u00f6sszek\u00f6ttet\u00e9sek f\u0151k\u00e9nt Tbiliszibe \u00e9s \u00d6rm\u00e9nyorsz\u00e1gon bel\u00fcl k\u00f6zlekednek; a T\u00f6r\u00f6korsz\u00e1g \u00e9s Azerbajdzs\u00e1n fel\u00e9 vezet\u0151 \u00fatvonalak tov\u00e1bbra is z\u00e1rva tartanak.<\/p>\n<p>Az ipar, amelyet egykor a posztszovjet \u00f6sszeoml\u00e1s s\u00fajtott, tov\u00e1bbra is er\u0151s a vegyiparban, a koh\u00e1szatban, a g\u00e9piparban, a textiliparban \u00e9s az \u00e9lelmiszer-feldolgoz\u00e1sban. \u00d6rm\u00e9nyorsz\u00e1g ipari termel\u00e9s\u00e9nek k\u00f6zel 41 sz\u00e1zal\u00e9ka Jerev\u00e1nb\u00f3l sz\u00e1rmazik. A turizmus ma m\u00e1r kieg\u00e9sz\u00edti a gy\u00e1rt\u00e1st: a luxushotelek \u2013 a Marriott, a Hyatt, a Radisson Blu \u2013 \u00e9s az \u00faj bev\u00e1s\u00e1rl\u00f3k\u00f6zpontok, mint p\u00e9ld\u00e1ul a Dalma Garden Mall, a Yerevan Mall \u00e9s a Rossia Mall, a nemzetk\u00f6zi l\u00e1togat\u00f3kat szolg\u00e1lj\u00e1k ki. A K\u00f6zt\u00e1rsas\u00e1g t\u00e9r t\u00e1ncol\u00f3 sz\u00f6k\u0151k\u00fatjai \u00e9s az Arar\u00e1t-hegy panor\u00e1m\u00e1s kil\u00e1t\u00e1sa \u00e9vente ezreket vonz.<\/p>\n<p>A k\u00f6zpontban a Kentron \u2013 Alexander Tamanyan \u00e9p\u00edt\u00e9sz koncentrikus terve \u2013 a K\u00f6zt\u00e1rsas\u00e1g teret \u00e9s az Opera negyedet \u00f6leli fel, melyeket az \u00c9szaki sug\u00e1r\u00fat \u00fcveghomlokzatai \u00e9s k\u00e1v\u00e9z\u00f3i egyes\u00edtenek. \u00c9szakon a Barekamutyun fedett baz\u00e1rja \u00e9vsz\u00e1zados kereskedelmet id\u00e9z. A k\u00f6znyelvben Eml\u00e9km\u0171k\u00e9nt ismert ter\u00fclet a v\u00edzes\u00e9s l\u00e9pcs\u0151i \u00e9s a szovjet gy\u0151zelem eml\u00e9km\u0171ve k\u00f6r\u00fcl magasodik. T\u00e1volabb Erebuni \u0151si romjai az ing\u00e1z\u00f3vonatok \u00e1rny\u00e9k\u00e1ban fekszenek, m\u00edg a Banglades becenev\u0171 negyed \u2013 amelyet a v\u00e1rosk\u00f6zpontt\u00f3l val\u00f3 t\u00e1vols\u00e1ga miatt neveznek \u00edgy \u2013 a v\u00e1ros legnagyobb szabadt\u00e9ri piac\u00e1nak ad otthont. A Nor Nork, Jerev\u00e1n utols\u00f3 szovjet korabeli lak\u00f3negyede, a Garni \u00e9s a Geghard templomok fel\u00e9 vonzza az utaz\u00f3kat.<\/p>\n<p>Egy lerombolt \u00e9s \u00fajj\u00e1\u00e9p\u00edtett, meg\u00e9nekelt \u00e9s meggy\u00e1szolt v\u00e1rosban Jerev\u00e1n ma csendes magabiztoss\u00e1got \u00e1raszt. Az \u00f3kor s\u00faly\u00e1t egyens\u00falyozza a meg\u00fajul\u00e1s s\u00fcrget\u0151 diskurzus\u00e1val. B\u00e1rmelyik tavaszi reggelen s\u00e9t\u00e1lhatunk az \u00fajonnan \u00fcltetett plat\u00e1nf\u00e1k alatt, tizenhetedik sz\u00e1zadi k\u00f6vek mellett, perzsa maradv\u00e1nyokkal t\u0171zdelt k\u00f6znyelvi mondatokat hallgathatunk, \u00e9s a p\u00e1r\u00e1n kereszt\u00fcl megpillanthatjuk az Arar\u00e1t k\u00e9t cs\u00facs\u00e1t. Azok, akik utc\u00e1in s\u00e9t\u00e1lnak, az eml\u00e9kezet r\u00e9tegeivel foglalkoznak: minden k\u00f6r\u00fat \u00e9s kerti \u00f6sv\u00e9ny, minden templom \u00e9s sz\u00f6k\u0151k\u00fat sz\u00e1mtalan \u00e9let lenyomat\u00e1t hordozza, k\u00f6zt\u00fck urartui papok, orosz m\u00e9rn\u00f6k\u00f6k, szovjet k\u00f6lt\u0151k \u00e9s mai polg\u00e1rok, akik tov\u00e1bbra is form\u00e1lj\u00e1k a v\u00e1ros folyamatosan kibontakoz\u00f3 t\u00f6rt\u00e9net\u00e9t.<\/p>","protected":false},"excerpt":{"rendered":"<p>A Hrazdan foly\u00f3 ment\u00e9n fekv\u0151 Jerev\u00e1nnak, \u00d6rm\u00e9nyorsz\u00e1g f\u0151v\u00e1ros\u00e1nak \u00e9s legnagyobb v\u00e1ros\u00e1nak 2022-ben 1 092 800 lakosa van, ami az orsz\u00e1gos lakoss\u00e1g t\u00f6bb mint 35%-a. A vil\u00e1g legr\u00e9gebbi \u00e1lland\u00f3an lakott v\u00e1rosak\u00e9nt ez az \u0151si v\u00e1ros az emberi kitart\u00e1s \u00e9s a kultur\u00e1lis folytonoss\u00e1g bizony\u00edt\u00e9ka. \u00c9vezredek \u00f3ta Jerev\u00e1n strat\u00e9giai elhelyezked\u00e9se az Arar\u00e1t-s\u00edks\u00e1g nyugati sz\u00e9l\u00e9n uralta az \u00f6rm\u00e9ny t\u00f6rt\u00e9nelmet, kult\u00far\u00e1t \u00e9s gazdas\u00e1got.<\/p>","protected":false},"author":1,"featured_media":3901,"parent":14631,"menu_order":0,"comment_status":"closed","ping_status":"closed","template":"elementor_theme","meta":{"_eb_attr":"","footnotes":""},"class_list":["post-14637","page","type-page","status-publish","has-post-thumbnail"],"_links":{"self":[{"href":"https:\/\/travelshelper.com\/hu\/wp-json\/wp\/v2\/pages\/14637","targetHints":{"allow":["GET"]}}],"collection":[{"href":"https:\/\/travelshelper.com\/hu\/wp-json\/wp\/v2\/pages"}],"about":[{"href":"https:\/\/travelshelper.com\/hu\/wp-json\/wp\/v2\/types\/page"}],"author":[{"embeddable":true,"href":"https:\/\/travelshelper.com\/hu\/wp-json\/wp\/v2\/users\/1"}],"replies":[{"embeddable":true,"href":"https:\/\/travelshelper.com\/hu\/wp-json\/wp\/v2\/comments?post=14637"}],"version-history":[{"count":0,"href":"https:\/\/travelshelper.com\/hu\/wp-json\/wp\/v2\/pages\/14637\/revisions"}],"up":[{"embeddable":true,"href":"https:\/\/travelshelper.com\/hu\/wp-json\/wp\/v2\/pages\/14631"}],"wp:featuredmedia":[{"embeddable":true,"href":"https:\/\/travelshelper.com\/hu\/wp-json\/wp\/v2\/media\/3901"}],"wp:attachment":[{"href":"https:\/\/travelshelper.com\/hu\/wp-json\/wp\/v2\/media?parent=14637"}],"curies":[{"name":"wp","href":"https:\/\/api.w.org\/{rel}","templated":true}]}}