{"id":14631,"date":"2024-09-19T21:40:05","date_gmt":"2024-09-19T21:40:05","guid":{"rendered":"https:\/\/travelshelper.com\/staging\/?page_id=14631"},"modified":"2026-03-11T21:52:53","modified_gmt":"2026-03-11T21:52:53","slug":"ormenyorszag","status":"publish","type":"page","link":"https:\/\/travelshelper.com\/hu\/destinations\/europe\/armenia\/","title":{"rendered":"\u00d6rm\u00e9nyorsz\u00e1g"},"content":{"rendered":"<p>\u00d6rm\u00e9nyorsz\u00e1g egy szer\u00e9ny hegyvid\u00e9ki ter\u00fcletet foglal el kontinensek keresztez\u0151d\u00e9s\u00e9ben, ahol az \u0151si birodalmak k\u00f6rvonalai ma is form\u00e1lj\u00e1k a mindennapi \u00e9letet. Nyugat-\u00c1zsia \u00f6rm\u00e9ny-felf\u00f6ldj\u00e9n fekszik, \u00e9s gyakran a D\u00e9l-Kauk\u00e1zus nemzetei k\u00f6z\u00e9 sorolj\u00e1k. Nyugaton T\u00f6r\u00f6korsz\u00e1ggal, \u00e9szakon Gr\u00fazi\u00e1val, keleten Azerbajdzs\u00e1nnal, d\u00e9len pedig Ir\u00e1nnal \u00e9s Nahcsev\u00e1n azerbajdzs\u00e1ni exkl\u00e1v\u00e9j\u00e1val hat\u00e1ros. Jerev\u00e1n, f\u0151v\u00e1rosa \u00e9s f\u0151 p\u00e9nz\u00fcgyi k\u00f6zpontja a Hrazdan foly\u00f3 partj\u00e1n fekszik, \u00e9s egyszerre modern metropolisz \u00e9s \u00e9vezredes hagyom\u00e1nyok \u0151rz\u0151je.<\/p>\n<p>Az \u00f6rm\u00e9ny identit\u00e1s eredete az \u00d6rm\u00e9ny-felf\u00f6ld terjedelmes kr\u00f3nik\u00e1iban rejlik, azon a ter\u00fcleten, amelyet egykor a Hayasa-Azzi, a Shupria \u00e9s a Nairi konf\u00f6der\u00e1ci\u00f3k laktak. Az i. e. 6. sz\u00e1zadra az indoeur\u00f3pai csal\u00e1db\u00f3l sz\u00e1rmaz\u00f3, r\u00e9gebbi proto\u00f6rm\u00e9ny nyelv be\u00e9p\u00fclt a helyi nyelvekbe. Kr. e. 860-ban Urartu jelent meg az els\u0151 megszil\u00e1rdult \u00f6rm\u00e9ny politikai egys\u00e9gk\u00e9nt. Amb\u00edci\u00f3i al\u00e1bbhagytak, \u00e9s az i. e. 6. sz\u00e1zadra \u00e1tadt\u00e1k hely\u00fcket az Akhaimenida szatrap\u00e1lis uralomnak. M\u00e9gis az i. e. els\u0151 sz\u00e1zadban, II. Tigran\u00e9sz uralkod\u00e1sa alatt \u00e9rte el tet\u0151pontj\u00e1t egy \u00f6rm\u00e9ny kir\u00e1lys\u00e1g, amely a Fekete-tengert\u0151l Mezopot\u00e1mi\u00e1ig h\u00faz\u00f3dott. Egy r\u00f6vid \u00e9vsz\u00e1zaddal k\u00e9s\u0151bb, Kr. u. 301-ben \u00d6rm\u00e9nyorsz\u00e1g t\u00f6rt\u00e9nelmet \u00edrt, mint els\u0151 \u00e1llam, amely hivatalos hitvall\u00e1sk\u00e9nt fogadta el a kereszt\u00e9nys\u00e9get \u2013 ez a cselekedet az \u00f6rm\u00e9ny apostoli egyh\u00e1znak a vil\u00e1g legkor\u00e1bbi nemzeti egyh\u00e1zak\u00e9nt val\u00f3 megk\u00fcl\u00f6nb\u00f6ztet\u00e9st k\u00f6lcs\u00f6n\u00f6zte.<\/p>\n<p>A k\u00f6vetkez\u0151 \u00e9vsz\u00e1zadokban \u00d6rm\u00e9nyorsz\u00e1g Biz\u00e1nc \u00e9s Sz\u00e1sz\u00e1nida Perzsia k\u00f6z\u00f6tt oszlott meg, mindk\u00e9t hatalom a saj\u00e1t k\u00f6zigazgat\u00e1si form\u00e1it vezette be. A kilencedik sz\u00e1zadban a Bagratuni-h\u00e1z alatt pillanatnyi \u00fajj\u00e1\u00e9led\u00e9s k\u00f6vetkezett, amely 1045-ig \u00fajj\u00e1\u00e9p\u00edtette az \u00f6rm\u00e9ny birodalmat. Ezt hanyatl\u00e1s k\u00f6vette, de a tizenegyedik sz\u00e1zadra az \u00f6rm\u00e9ny nemesek tengeri fejedelems\u00e9get hoztak l\u00e9tre Kiliki\u00e1ban, a F\u00f6ldk\u00f6zi-tenger keleti r\u00e9sz\u00e9n. Ez a politikai berendezked\u00e9s a tizennegyedik sz\u00e1zadig fennmaradt, meg\u0151rizve az \u00f6rm\u00e9ny jogi \u00e9s egyh\u00e1zi int\u00e9zm\u00e9nyeket, m\u00e9g akkor is, amikor Anat\u00f3lia oszm\u00e1n uralom al\u00e1 ker\u00fclt.<\/p>\n<p>A tizenhatodik sz\u00e1zadban az oszm\u00e1n \u00e9s perzsa hegem\u00f3nia t\u00e9rnyer\u00e9s\u00e9vel az \u00f6rm\u00e9ny anyaorsz\u00e1g keleti \u00e9s nyugati f\u00e9lre szakadt, amelyeket az egym\u00e1st k\u00f6vet\u0151 h\u00e1bor\u00fakban zsetonk\u00e9nt cser\u00e9ltek egym\u00e1ssal. A tizenkilencedik sz\u00e1zadra Oroszorsz\u00e1g beolvasztotta Kelet-\u00d6rm\u00e9nyorsz\u00e1got, m\u00edg Nyugat-\u00d6rm\u00e9nyorsz\u00e1g tov\u00e1bbra is oszm\u00e1n uralom alatt maradt. Az els\u0151 vil\u00e1gh\u00e1bor\u00fa puszt\u00edt\u00e1st v\u00e9gzett, amikor az oszm\u00e1n er\u0151k ak\u00e1r 1,5 milli\u00f3 \u00f6rm\u00e9nyt is szisztematikusan kiirtottak. Az orosz forradalom \u00e1ltal kiv\u00e1ltott z\u0171rzavarban \u00d6rm\u00e9nyorsz\u00e1g 1918-ban r\u00f6vid id\u0151re k\u00f6zt\u00e1rsas\u00e1gk\u00e9nt alakult ki, hogy azt\u00e1n 1920-ban a Szovjetuni\u00f3 beolvaszthassa. Az \u00d6rm\u00e9ny Szovjet Szocialista K\u00f6zt\u00e1rsas\u00e1g maradt a szovjet rendszer 1991-es felboml\u00e1s\u00e1ig, amikor a jelenlegi \u00d6rm\u00e9ny K\u00f6zt\u00e1rsas\u00e1g visszanyerte szuverenit\u00e1s\u00e1t.<\/p>\n<p>A f\u00f6ldrajz az orsz\u00e1g minden szeglet\u00e9ben megmutatkozik. \u00d6rm\u00e9nyorsz\u00e1g mintegy 29 743 n\u00e9gyzetkilom\u00e9teren ter\u00fcl el, \u00e9s t\u00falnyom\u00f3r\u00e9szt hegyvid\u00e9ki \u2013 felsz\u00edn\u00e9nek t\u00f6bb mint nyolcvan\u00f6t sz\u00e1zal\u00e9ka 1000 m\u00e9ter felett fekszik. A gyorsfoly\u00e1s\u00fa foly\u00f3k m\u00e9ly szurdokokat has\u00edtanak, a f\u00f6ld ritk\u00e1n s\u00fcllyed 390 m\u00e9ter al\u00e1. Az Aragats-hegy 4090 m\u00e9terrel magasodik a tengerszint f\u00f6l\u00e9, m\u00edg a ma T\u00f6r\u00f6korsz\u00e1g hat\u00e1rain bel\u00fcl fekv\u0151, legend\u00e1s Arar\u00e1t-hegy 5137 m\u00e9ter magasra magasodik, \u00e9s az \u00f6rm\u00e9ny c\u00edmer er\u0151teljes jelk\u00e9pek\u00e9nt m\u00e1ig fennmaradt. K\u00e9t f\u0151 \u00f6kor\u00e9gi\u00f3 \u2013 a kauk\u00e1zusi vegyes erd\u0151k \u00e9s a keleti-anat\u00f3liai hegyi sztyepp\u00e9k \u2013 gazdag biol\u00f3giai sokf\u00e9les\u00e9gnek ad otthont.<\/p>\n<p>Az \u00e9ghajlat t\u00fckr\u00f6zi a tengerszint feletti magass\u00e1got. A ny\u00e1r forr\u00f3, sz\u00e1raz \u00e9s naps\u00fct\u00f6tte, alacsony p\u00e1ratartalom \u00e9s esti hegyi szell\u0151 f\u00faj a v\u00f6lgyekbe. A r\u00f6vid tavaszokat elny\u00fajtott \u0151sz v\u00e1ltja fel, amikor a lombozat t\u00fczes \u00e1rnyalatokban \u00e9rik. A telek b\u0151s\u00e9ges havat \u00e9s -10 \u00b0C-ra s\u00fcllyed\u0151 h\u0151m\u00e9rs\u00e9kletet hoznak, ami a Jerev\u00e1nt\u00f3l mind\u00f6ssze f\u00e9l \u00f3r\u00e1nyira fekv\u0151 Cahkadzor lejt\u0151ire cs\u00e1b\u00edtja a rajong\u00f3kat. A Szev\u00e1n-t\u00f3, 1900 m\u00e9teres tengerszint feletti magass\u00e1g\u00e1val a vil\u00e1g m\u00e1sodik legmagasabban fekv\u0151 nagy tava, t\u00e9len befagy, de a melegebb h\u00f3napokban a kikapcsol\u00f3d\u00e1s \u00e9s a horg\u00e1szat kedvelt helysz\u00ednek\u00e9nt szolg\u00e1l.<\/p>\n<p>K\u00f6zigazgat\u00e1silag \u00d6rm\u00e9nyorsz\u00e1g t\u00edz tartom\u00e1nyra oszlik, amelyek mindegyik\u00e9t a nemzeti korm\u00e1ny \u00e1ltal kinevezett korm\u00e1nyz\u00f3 fel\u00fcgyeli. Jerev\u00e1n kiemelkedik k\u00f6zvetlen\u00fcl megv\u00e1lasztott polg\u00e1rmester\u00e9vel \u00e9s tizenk\u00e9t f\u00e9lauton\u00f3m ker\u00fclet\u00e9vel. A tartom\u00e1nyok kilencsz\u00e1ztizen\u00f6t \u00f6nkorm\u00e1nyzattal rendelkez\u0151 k\u00f6z\u00f6ss\u00e9gre oszlanak, amelyek k\u00f6z\u00fcl negyvenkilenc v\u00e1rosi \u00e9s nyolcsz\u00e1zhatvanhat vid\u00e9ki. Ezek az \u00f6nkorm\u00e1nyzati egys\u00e9gek v\u00e1rosokat \u00e9s falvakat egyar\u00e1nt magukban foglalnak, t\u00fckr\u00f6zve azt a terepet, amely felv\u00e1ltva a s\u0171r\u0171n be\u00e9p\u00edtett \u00e9s az elszigetelt tany\u00e1k kialakul\u00e1s\u00e1nak kedvez.<\/p>\n<p>A modern gazdas\u00e1g az ipar \u00e9s az \u00e1sv\u00e1nykincsek kitermel\u00e9s\u00e9nek kever\u00e9k\u00e9n nyugszik, amelyet egy kiterjedt diaszp\u00f3ra hazautal\u00e1sai eg\u00e9sz\u00edtenek ki. 1991 el\u0151tt \u00d6rm\u00e9nyorsz\u00e1g szovjetkori gazdas\u00e1ga iparorient\u00e1lt volt, g\u00e9peket, elektronik\u00e1t, feldolgozott \u00e9lelmiszereket \u00e9s textileket gy\u00e1rtott. A f\u00fcggetlens\u00e9g ut\u00e1n a mez\u0151gazdas\u00e1g foglalkoztat\u00e1si r\u00e9szesed\u00e9se negyven sz\u00e1zal\u00e9kra duzzadt, az \u00e9lelmez\u00e9sbiztons\u00e1gi okok miatt, miel\u0151tt a 2000-es \u00e9vek k\u00f6zep\u00e9n a GDP h\u00fasz sz\u00e1zal\u00e9ka k\u00f6r\u00fcl stabiliz\u00e1l\u00f3dott volna. Napjainkban a k\u00fclf\u00f6ldi befektet\u00e9sek \u2013 amelyeket gyakran k\u00fclf\u00f6ld\u00f6n \u00e9l\u0151 \u00f6rm\u00e9nyeken kereszt\u00fcl k\u00f6zvet\u00edtenek \u2013 kritikus szerepet j\u00e1tszanak az infrastrukt\u00fara, a technol\u00f3gia \u00e9s a turizmus fejleszt\u00e9s\u00e9ben.<\/p>\n<p>Demogr\u00e1fiailag \u00d6rm\u00e9nyorsz\u00e1g lakoss\u00e1ga 2025-ben k\u00f6r\u00fclbel\u00fcl 3 081 100 f\u0151 volt, \u00edgy az egyik legs\u0171r\u0171bben lakott orsz\u00e1g a volt szovjet k\u00f6zt\u00e1rsas\u00e1gok k\u00f6z\u00f6tt. A kiv\u00e1ndorl\u00e1s az 1990-es \u00e9vekben megugrott, de az\u00f3ta cs\u00f6kkent, 2012-t\u0151l kezd\u0151d\u0151en szer\u00e9ny n\u00e9pess\u00e9gn\u00f6veked\u00e9s figyelhet\u0151 meg. Hat\u00e1rain t\u00fal egy hatalmas \u2013 becsl\u00e9sek szerint nyolcmilli\u00f3 f\u0151s \u2013 diaszp\u00f3ra \u00e9l Oroszorsz\u00e1gban, Franciaorsz\u00e1gban, az Egyes\u00fclt \u00c1llamokban, Ir\u00e1nban, Libanonban \u00e9s m\u00e1sutt. T\u00f6rt\u00e9nelmi k\u00f6z\u00f6ss\u00e9gek maradtak fenn T\u00f6r\u00f6korsz\u00e1gban, nevezetesen Isztambul k\u00f6rny\u00e9k\u00e9n, \u00e9s kis \u00f6rm\u00e9ny enkl\u00e1v\u00e9k maradtak fenn Jeruzs\u00e1lem \u00f3v\u00e1ros\u00e1ban \u00e9s a Velence k\u00f6zel\u00e9ben tal\u00e1lhat\u00f3 San Lazzaro sziget\u00e9n, ahol a mechitarista kolostor \u00e9vsz\u00e1zados tudom\u00e1nyos anyagokat \u0151rz.<\/p>\n<p>Az \u00f6rm\u00e9nyek a lakoss\u00e1g 98,1 sz\u00e1zal\u00e9k\u00e1t teszik ki. A legnagyobb kisebbs\u00e9get a jazidik alkotj\u00e1k, k\u00f6r\u00fclbel\u00fcl 1,1 sz\u00e1zal\u00e9kkal, m\u00edg az oroszok nagyj\u00e1b\u00f3l 0,5 sz\u00e1zal\u00e9kot. M\u00e1s csoportok \u2013 assz\u00edrok, g\u00f6r\u00f6g\u00f6k, gr\u00fazok, kurdok, zsid\u00f3k \u00e9s m\u00e1sok \u2013 is hozz\u00e1j\u00e1rulnak a k\u00e9phez. A hegyi-karabahi konfliktusig az azerbajdzs\u00e1nok egykor jelent\u0151s kisebbs\u00e9get alkottak, de 1990-re gyakorlatilag mindannyian elhagyt\u00e1k az orsz\u00e1got. Ezzel szemben az Azerbajdzs\u00e1nb\u00f3l \u00e9rkez\u0151 \u00f6rm\u00e9ny menek\u00fclthull\u00e1mok hozz\u00e1j\u00e1rultak az orsz\u00e1g relat\u00edv homogenit\u00e1s\u00e1hoz.<\/p>\n<p>Az \u00f6rm\u00e9ny nyelv, amelyet Mesrop\u200c Mashtots \u00e1ltal Kr. u. 405 k\u00f6r\u00fcl megalkotott \u00e1b\u00e9c\u00e9ben \u00edrnak, tov\u00e1bbra is az egyetlen hivatalos nyelv. Harminckilenc bet\u0171je \u2013 eredetileg harminchat, k\u00e9s\u0151bb h\u00e1rmat adtak hozz\u00e1 \u2013 egy tizenhat \u00e9vsz\u00e1zados irodalmi hagyom\u00e1nyt er\u0151s\u00edt. Az orosz nyelv tov\u00e1bbra is sz\u00e9les k\u00f6rben besz\u00e9lt m\u00e1sodik nyelvk\u00e9nt \u00e9l, t\u00fckr\u00f6zve a szovjet uralom alatt elt\u00f6lt\u00f6tt \u00e9vtizedeket, m\u00edg az angol teret h\u00f3d\u00edtott az iskol\u00e1kban \u00e9s a v\u00e1rosi k\u00f6zpontokban.<\/p>\n<p>A vall\u00e1s minden faluban \u00e9s v\u00e1rosban nyomot hagyott. Az \u00f6rm\u00e9nyek t\u00f6bb mint kilencvenh\u00e1rom sz\u00e1zal\u00e9ka az \u00d6rm\u00e9ny Apostoli Egyh\u00e1zhoz tartozik. Taddeus \u00e9s Bertalan apostolok Kr. u. els\u0151 sz\u00e1zadi misszi\u00f3iban gy\u00f6kerezik, \u00e9s a keleti ortodox k\u00f6z\u00f6ss\u00e9ghez tartozik. Az etcsmiadzini katolikus sz\u00e9khely, \u00f6t\u00f6dik sz\u00e1zadi haj\u00f3j\u00e1val, a vil\u00e1g egyik legr\u00e9gebbi sz\u00e9kesegyh\u00e1za. A katolikus gy\u00fclekezetek \u2013 mind \u00f6rm\u00e9ny, mind latin \u2013 tov\u00e1bbra is jelen vannak, ak\u00e1rcsak a protest\u00e1ns k\u00f6z\u00f6ss\u00e9gek, az orosz eredet\u0171 molok\u00e1n csoportok \u00e9s egy kis zsid\u00f3 k\u00f6z\u00f6ss\u00e9g, amely Jerev\u00e1nban \u00e9s Szev\u00e1nban koncentr\u00e1l\u00f3dik.<\/p>\n<p>A jazidizmus tov\u00e1bbra is fennmaradt a nyugati felf\u00f6ldi falvakban, ahol 2019-ben megny\u00edlt a Quba M\u00ear\u00ea D\u00eewan\u00ea templom, amely \u00fajj\u00e1\u00e9lesztette az \u0151si r\u00edtusokat. Ezek a vall\u00e1si ir\u00e1nyzatok egy olyan alkotm\u00e1ny keret\u00e9ben l\u00e9teznek egym\u00e1s mellett, amely elismeri az \u00f6rm\u00e9ny apostoli egyh\u00e1zat, mik\u00f6zben fenntartja a vall\u00e1sgyakorl\u00e1s szabads\u00e1g\u00e1t mindenki sz\u00e1m\u00e1ra.<\/p>\n<p>Az \u00f6rm\u00e9ny \u00e9p\u00edt\u00e9szet a f\u00f6ldreng\u00e9s\u00e1ll\u00f3s\u00e1g jegyeit viseli mag\u00e1n. Vastag k\u0151falak \u00e9s alacsony profilok v\u00e9denek a f\u00f6ldreng\u00e9sek ellen, m\u00edg a b\u0151s\u00e9ges helyi tufa \u00e9s bazalt tart\u00f3san k\u00fcl\u00f6nleges \u00e9p\u00fcleteket eredm\u00e9nyez. B\u00e1r kev\u00e9s \u00f3kori fa\u00e9p\u00edtm\u00e9ny maradt fenn, Ani \u00e9s m\u00e1s k\u00f6z\u00e9pkori f\u0151v\u00e1rosai az elt\u0171nt telep\u00fcl\u00e9sek k\u00f6rvonalait id\u00e9zik. Minden v\u00f6lgyben templomok \u00e9s kolostorok \u2013 Geghard szikl\u00e1kba v\u00e1jt temploma, Garni szimmetrikus oszlopai, Noravank d\u00edszesen faragott port\u00e1ljai \u2013 a haszonelv\u0171 mesters\u00e9g \u00e9s a szakr\u00e1lis t\u00f6rekv\u00e9sek f\u00fazi\u00f3j\u00e1r\u00f3l \u00e1rulkodnak.<\/p>\n<p>A konyham\u0171v\u00e9szet a kelet \u00e9s a nyugat tal\u00e1lkoz\u00e1s\u00e1t t\u00fckr\u00f6zi. A receptek az alapanyagok min\u0151s\u00e9g\u00e9t helyezik el\u0151t\u00e9rbe a f\u0171szerez\u00e9ssel szemben. A friss f\u0171szern\u00f6v\u00e9nyek, h\u00fcvelyesek, di\u00f3f\u00e9l\u00e9k \u00e9s gy\u00fcm\u00f6lcs\u00f6k, p\u00e9ld\u00e1ul a s\u00e1rgabarack \u2013 \u00d6rm\u00e9nyorsz\u00e1g nemzeti gy\u00fcm\u00f6lcse \u2013 \u00edzes\u00edtik az \u00e9teleket, m\u00edg a sz\u0151l\u0151 vagy a k\u00e1poszta levelei ed\u00e9nyk\u00e9nt szolg\u00e1lnak a f\u0171szeres t\u00f6ltel\u00e9kekhez. A gr\u00e1n\u00e1talma, a term\u00e9kenys\u00e9g jelk\u00e9pe, mind a receptekben, mind az ikonogr\u00e1fi\u00e1ban jelen van. A hacskar alak\u00fa keny\u00e9r, a savany\u00fa szilv\u00e1val d\u00fas\u00edtott p\u00f6rk\u00f6ltek \u00e9s a tandoor kemenc\u00e9ben s\u00fclt k\u00f6nny\u0171 lep\u00e9nykeny\u00e9r hat\u00e1rozza meg a napi men\u00fct, hegyi patakokb\u00f3l fogott pisztr\u00e1nggal vagy a Szev\u00e1n-t\u00f3b\u00f3l sz\u00e1rmaz\u00f3 r\u00e1khalakkal k\u00eds\u00e9rve.<\/p>\n<p>\u00d6rm\u00e9nyorsz\u00e1gban a turist\u00e1k gazdag region\u00e1lis soksz\u00edn\u0171s\u00e9ggel tal\u00e1lkoznak. K\u00f6z\u00e9p-\u00d6rm\u00e9nyorsz\u00e1g, melynek k\u00f6zpontja Jerev\u00e1n \u00e9s Ecsmiadzin vall\u00e1si k\u00f6zpontja, a Geghard kolostornak \u00e9s a Khor Virap r\u00e9g\u00e9szeti rezerv\u00e1tumnak ad otthont, melyek m\u00e9ly \u00e9lm\u00e9nyt ny\u00fajtanak a t\u00f6rt\u00e9nelmi \u00f6r\u00f6ks\u00e9ggel. A magaslati t\u00f3 k\u00f6r\u00fcl elter\u00fcl\u0151 Szev\u00e1n-t\u00f3 r\u00e9gi\u00f3ban \u0151si keresztk\u00f6ves temet\u0151ket \u00e9s ny\u00e1ri strandokat tal\u00e1lunk, ahol a helyi \u00e9ttermek \u00e9desv\u00edzi halakra specializ\u00e1l\u00f3dtak. Gr\u00fazia \u00e1ltal szeg\u00e9lyezett \u00e9szaki tartom\u00e1nyokban f\u00e9lrees\u0151 kolostorok tal\u00e1lhat\u00f3k, amelyek csak keskeny \u00f6sv\u00e9nyeken k\u00f6zel\u00edthet\u0151k meg, \u00e9s Dilijan, egy erd\u0151s \u00fcd\u00fcl\u0151hely, amelynek fejl\u0151d\u0151 kulin\u00e1ris sz\u00edntere az alpesi b\u00e1jt id\u00e9zi. D\u00e9len a Vorotan \u00e9s Amaghu szurdokaiban tal\u00e1lhat\u00f3k a Tatev \u00e9s a Noravank kolostorok, m\u00edg a Selimben tal\u00e1lhat\u00f3 romos karav\u00e1nszer\u00e1j \u00e9s Hin Khndzoresk sziklafalvai az egykor ny\u00fczsg\u0151 Selyem\u00fat h\u00e1torsz\u00e1g\u00e1ra utalnak.<\/p>\n<p>A v\u00e1rosi k\u00f6zpontok k\u00f6z\u00fcl Jerev\u00e1n sz\u00e9les sug\u00e1r\u00fatjaival \u00e9s a n\u00e9ha el\u0151fordul\u00f3 apr\u00f3 lop\u00e1sok ellen\u00e9re is sz\u00fcrk\u00fclet ut\u00e1ni k\u00e9nyelmes biztons\u00e1g\u00e1val t\u0171nik ki. Gyumri, amely az 1988-as f\u00f6ldreng\u00e9sben szenvedett, kultur\u00e1lis \u00fajj\u00e1sz\u00fclet\u00e9s\u00e9n megy kereszt\u00fcl; Vanadzor, a harmadik legnagyobb v\u00e1ros, meg\u0151rizte a nyugodt szovjet korabeli alaprajzot; Jermuk f\u00fcrd\u0151v\u00e1rosa pedig meleg \u00e1sv\u00e1nyv\u00edzforr\u00e1saival vonzza a l\u00e1togat\u00f3kat. Cahkadzor, s\u00edfelvon\u00f3ival \u00e9s j\u00f3l karbantartott p\u00e1ly\u00e1ival tov\u00e1bbra is az orsz\u00e1g f\u0151 t\u00e9li sportc\u00e9lpontja.<\/p>\n<p>Az utaz\u00f3k a dramot (AMD) haszn\u00e1lj\u00e1k a mindennapi tranzakci\u00f3khoz. Az \u00e9rm\u00e9k 10 \u00e9s 500 dram k\u00f6z\u00f6tti \u00e9rt\u00e9kben kaphat\u00f3k; a bankjegyek 100 000 dramig terjednek. A doll\u00e1rra, eur\u00f3ra vagy rubelre val\u00f3 p\u00e9nzv\u00e1lt\u00e1s egyszer\u0171, \u00e1ltal\u00e1ban jutal\u00e9k n\u00e9lk\u00fcl; a nagyobb h\u00e1l\u00f3zatok ATM-jei elsz\u00f3rva tal\u00e1lhat\u00f3k a v\u00e1rosi ter\u00fcleteken, de Jerev\u00e1non k\u00edv\u00fcl a k\u00e9szp\u00e9nz gyakran n\u00e9lk\u00fcl\u00f6zhetetlen.<\/p>\n<p>\u00d6rm\u00e9nyorsz\u00e1gban figyelemre m\u00e9lt\u00f3 a biztons\u00e1g. A helyiek nagyra \u00e9rt\u00e9kelik a vend\u00e9gszeretetet, \u00e9s Jerev\u00e1nban \u00e9s k\u00f6rny\u00e9k\u00e9n s\u00f6t\u00e9ted\u00e9s ut\u00e1n is biztons\u00e1gosnak \u00e9rz\u0151dnek a s\u00e9t\u00e1nyok. \u00d3vatoss\u00e1g aj\u00e1nlott az enged\u00e9ly n\u00e9lk\u00fcli taxisof\u0151r\u00f6kkel \u2013 a viteld\u00edj el\u0151zetes egyeztet\u00e9se vagy hivatalos alkalmaz\u00e1sok haszn\u00e1lata elker\u00fclheti a vit\u00e1kat. A 2018-as b\u00e1rsonyos forradalom \u00f3ta a turist\u00e1kat \u00e9rint\u0151 apr\u00f3 korrupci\u00f3 cs\u00f6kkent. A j\u00e1r\u00f3kel\u0151k b\u00e1mul\u00e1sa \u00e1ltal\u00e1ban ink\u00e1bb k\u00edv\u00e1ncsis\u00e1got, mint ellens\u00e9gess\u00e9get t\u00fckr\u00f6z, \u00e9s a ny\u00edlt rasszizmus ritka. Az LMBT l\u00e1togat\u00f3knak azonban diszkr\u00e9tnek kell lenni\u00fck, mivel a t\u00e1rsadalmi elfogadotts\u00e1g tov\u00e1bbra is korl\u00e1tozott, \u00e9s az azonos nem\u0171ek h\u00e1zass\u00e1g\u00e1t belf\u00f6ld\u00f6n nem ismerik el.<\/p>\n<p>A helyi erk\u00f6lcs\u00f6k tisztelete gazdag\u00edtja a tart\u00f3zkod\u00e1st. A n\u0151k szer\u00e9ny \u00f6lt\u00f6zetben \u00e9s fejfed\u0151ben j\u00e1rnak temploml\u00e1togat\u00e1skor; a f\u00e9rfiak z\u00e1rt t\u00e9rben leveszik a kalapjukat. Egy gyertyagy\u00fajt\u00e1s a kolostor k\u00e1poln\u00e1j\u00e1ban a tiszteletad\u00e1s opcion\u00e1lis gesztusa. Az \u00f6rm\u00e9nyekkel a t\u00f6rt\u00e9nelemr\u0151l vagy a kult\u00far\u00e1r\u00f3l folytatott besz\u00e9lget\u00e9sek val\u00f3di \u00e9rdekl\u0151d\u00e9st v\u00e1ltanak ki, de a szok\u00e1sos cseveg\u00e9s n\u00e9lk\u00fcli hirtelen \u00fczleti \u00fcgyekbe val\u00f3 bel\u00e9p\u00e9s v\u00e1ratlannak t\u0171nhet. Az id\u0151sebbek ir\u00e1nti tisztelet elv\u00e1rt a t\u00f6megk\u00f6zleked\u00e9si eszk\u00f6z\u00f6k\u00f6n, \u00e9s a vend\u00e9gszeretet elve arra \u00f6szt\u00f6nzi a h\u00e1zigazd\u00e1kat, hogy gondoskodjanak a vend\u00e9gek k\u00e9nyelm\u00e9r\u0151l \u2013 a tov\u00e1bbi \u00e9tel vagy ital visszautas\u00edt\u00e1sa pr\u00f3b\u00e1ra teheti az \u00f6rm\u00e9ny udvariass\u00e1got.<\/p>\n<p>A kett\u0151s \u00e1llampolg\u00e1rok sz\u00e1m\u00e1ra a t\u00f6bbes \u00e1llampolg\u00e1rs\u00e1ghoz val\u00f3 jog k\u00f6telezetts\u00e9gekkel j\u00e1r: a tizennyolc \u00e9s huszonh\u00e9t \u00e9v k\u00f6z\u00f6tti \u00f6rm\u00e9ny f\u00e9rfiaknak katonai szolg\u00e1latot kell teljes\u00edteni\u00fck, f\u00fcggetlen\u00fcl att\u00f3l, hogy rendelkeznek-e m\u00e1s \u00fatlev\u00e9llel. E k\u00f6telezetts\u00e9g elker\u00fcl\u00e9se jogi k\u00f6vetkezm\u00e9nyekkel j\u00e1r. Az Azerbajdzs\u00e1nnal r\u00e9g\u00f3ta fenn\u00e1ll\u00f3 konfliktus \u00f3vatoss\u00e1gra int a hat\u00e1r\u00f6vezetek k\u00f6zel\u00e9ben, ahol alkalmank\u00e9nt \u00f6sszecsap\u00e1sok zajlanak, \u00e9s orosz b\u00e9kefenntart\u00f3k figyelik a Lacsin-folyos\u00f3t.<\/p>\n<p>\u00d6rm\u00e9nyorsz\u00e1g egyszerre a civiliz\u00e1ci\u00f3k \u00e9l\u0151 kr\u00f3nik\u00e1ja \u00e9s egy nemzet, amely a huszonegyedik sz\u00e1zadban t\u00f6ri \u00fatj\u00e1t. Dombjai \u00e9s fenns\u00edkjai nom\u00e1dok, keresztesek \u00e9s keresked\u0151k nyomdokait k\u00f6vetik. K\u0151falainak text\u00far\u00e1j\u00e1ban, k\u00e1poln\u00e1iban elmondott im\u00e1kban \u00e9s az \u00e1h\u00edtattal elk\u00e9sz\u00edtett \u00e9telek \u00edz\u00e9ben az orsz\u00e1g nem nagyszab\u00e1s\u00fa kijelent\u00e9sekben, hanem egy olyan n\u00e9p csendes kitart\u00e1s\u00e1ban nyilv\u00e1nul meg, amely egyar\u00e1nt ismert vesztes\u00e9get \u00e9s meg\u00fajul\u00e1st. Azok sz\u00e1m\u00e1ra, akik befogadj\u00e1k ritmusait, \u00d6rm\u00e9nyorsz\u00e1g a t\u00f6rt\u00e9nelem jelenbe val\u00f3 kiterjed\u00e9s\u00e9nek kend\u0151zetlen, \u00e9kessz\u00f3l\u00f3 besz\u00e1mol\u00f3j\u00e1t k\u00edn\u00e1lja.<\/p>","protected":false},"excerpt":{"rendered":"<p>A nyugat-\u00e1zsiai \u00d6rm\u00e9ny-felf\u00f6ld\u00f6n fekv\u0151 \u00d6rm\u00e9nyorsz\u00e1g strat\u00e9giai helyen \u00e1ll Eur\u00f3pa \u00e9s \u00c1zsia tal\u00e1lkoz\u00e1s\u00e1n\u00e1l. \u00d6rm\u00e9nyorsz\u00e1g egy kicsi, de fontos orsz\u00e1g a D\u00e9l-Kauk\u00e1zusban, lakoss\u00e1ga k\u00f6r\u00fclbel\u00fcl 2,9 milli\u00f3. A nemzeti lakoss\u00e1g k\u00f6zel egyharmada Jerev\u00e1nban \u00e9l, \u00edgy az orsz\u00e1g f\u0151v\u00e1rosa \u00e9s legnagyobb v\u00e1rosa a kult\u00fara \u00e9s az \u00fczleti \u00e9let energetikai k\u00f6zpontjak\u00e9nt m\u0171k\u00f6dik.<\/p>","protected":false},"author":1,"featured_media":3821,"parent":24078,"menu_order":0,"comment_status":"closed","ping_status":"closed","template":"elementor_theme","meta":{"_eb_attr":"","footnotes":""},"class_list":["post-14631","page","type-page","status-publish","has-post-thumbnail"],"_links":{"self":[{"href":"https:\/\/travelshelper.com\/hu\/wp-json\/wp\/v2\/pages\/14631","targetHints":{"allow":["GET"]}}],"collection":[{"href":"https:\/\/travelshelper.com\/hu\/wp-json\/wp\/v2\/pages"}],"about":[{"href":"https:\/\/travelshelper.com\/hu\/wp-json\/wp\/v2\/types\/page"}],"author":[{"embeddable":true,"href":"https:\/\/travelshelper.com\/hu\/wp-json\/wp\/v2\/users\/1"}],"replies":[{"embeddable":true,"href":"https:\/\/travelshelper.com\/hu\/wp-json\/wp\/v2\/comments?post=14631"}],"version-history":[{"count":0,"href":"https:\/\/travelshelper.com\/hu\/wp-json\/wp\/v2\/pages\/14631\/revisions"}],"up":[{"embeddable":true,"href":"https:\/\/travelshelper.com\/hu\/wp-json\/wp\/v2\/pages\/24078"}],"wp:featuredmedia":[{"embeddable":true,"href":"https:\/\/travelshelper.com\/hu\/wp-json\/wp\/v2\/media\/3821"}],"wp:attachment":[{"href":"https:\/\/travelshelper.com\/hu\/wp-json\/wp\/v2\/media?parent=14631"}],"curies":[{"name":"wp","href":"https:\/\/api.w.org\/{rel}","templated":true}]}}