{"id":14616,"date":"2024-09-19T21:24:23","date_gmt":"2024-09-19T21:24:23","guid":{"rendered":"https:\/\/travelshelper.com\/staging\/?page_id=14616"},"modified":"2026-03-11T22:25:06","modified_gmt":"2026-03-11T22:25:06","slug":"feheroroszorszag","status":"publish","type":"page","link":"https:\/\/travelshelper.com\/hu\/destinations\/europe\/belarus\/","title":{"rendered":"Feh\u00e9roroszorsz\u00e1g"},"content":{"rendered":"<p>Feh\u00e9roroszorsz\u00e1g, hivatalos nev\u00e9n Feh\u00e9rorosz K\u00f6zt\u00e1rsas\u00e1g, Kelet-Eur\u00f3pa k\u00f6zponti hely\u00e9n fekszik. 207 600 n\u00e9gyzetkilom\u00e9ternyi ter\u00fclettel rendelkezik, az \u00e9szaki sz\u00e9less\u00e9g 51\u00b0 \u00e9s 57\u00b0, valamint a keleti hossz\u00fas\u00e1g 23\u00b0 \u00e9s 33\u00b0 k\u00f6z\u00f6tt fekszik, keleten \u00e9s \u00e9szakkeleten Oroszorsz\u00e1ggal, d\u00e9len Ukrajn\u00e1val, nyugaton Lengyelorsz\u00e1ggal, \u00e9szaknyugaton pedig Litv\u00e1ni\u00e1val \u00e9s Lettorsz\u00e1ggal hat\u00e1ros. A mintegy 9,1 milli\u00f3 lakos\u00fa k\u00f6zt\u00e1rsas\u00e1g hat k\u00f6zigazgat\u00e1si r\u00e9gi\u00f3ra tagol\u00f3dik, m\u00edg f\u0151v\u00e1rosa, Minszk, k\u00fcl\u00f6nleges st\u00e1tusz alatt \u00e1ll. Ez a viszonylag s\u00edk ter\u00fclet, amelyet kiterjedt mocsaras ter\u00fcletek \u00e9s sz\u00e9les erd\u0151s ter\u00fcletek jellemeznek, egyszerre visszafogott \u00e9s csendesen v\u00e1ltozatos t\u00e1jk\u00e9pet k\u00edn\u00e1l.<\/p>\n<p>Feh\u00e9roroszorsz\u00e1g domborzata enyhe, a Dzjarzsynszkaja-\u00f6b\u00f6ln\u00e9l legfeljebb 345 m\u00e9terrel emelkedik a tengerszint f\u00f6l\u00e9, \u00e9s a Nyeman foly\u00f3 legalacsonyabb partj\u00e1n 90 m\u00e9terre s\u00fcllyed. Hemibore\u00e1lis \u00e9ghajlat\u00e1nak k\u00f6sz\u00f6nhet\u0151en a teleken a janu\u00e1ri \u00e1tlagos minimumh\u0151m\u00e9rs\u00e9kletek Breszt k\u00f6rny\u00e9k\u00e9n d\u00e9lnyugaton \u20134 \u00b0C-t\u00f3l Vitebszk k\u00f6zel\u00e9ben \u00e9szakkeleten \u20138 \u00b0C-ig terjednek, m\u00edg a ny\u00e1r h\u0171v\u00f6s \u00e9s nedves marad, \u00e1tlagosan 18 \u00b0C-kal. Az \u00e9ves csapad\u00e9kmennyis\u00e9g 550 \u00e9s 700 millim\u00e9ter k\u00f6z\u00f6tt ingadozik, ami \u00e1tmeneti helyzetet t\u00fckr\u00f6z a kontinent\u00e1lis \u00e9s a tengeri rendszer k\u00f6z\u00f6tt. A h\u00e1rom f\u0151 foly\u00f3t \u2013 a Nyemant, a Pripjatyt \u00e9s a Dnyepert \u2013 s\u0171r\u0171 v\u00edzfoly\u00e1sh\u00e1l\u00f3zat \u00e9s mintegy 11 000 t\u00f3 eg\u00e9sz\u00edti ki, amelyek medr\u00fck r\u00e9v\u00e9n k\u00f6tik \u00f6ssze a sz\u00e1razf\u00f6ldet a Balti- \u00e9s a Fekete-tengerrel.<\/p>\n<p>Feh\u00e9roroszorsz\u00e1g ter\u00fclet\u00e9nek k\u00f6zel negyvenh\u00e1rom sz\u00e1zal\u00e9ka erd\u0151bor\u00edt\u00e1s alatt \u00e1llt 2020-ra, ami n\u00f6veked\u00e9st jelent az 1990-es nagyj\u00e1b\u00f3l harminch\u00e9t sz\u00e1zal\u00e9khoz k\u00e9pest. A 8,8 milli\u00f3 hekt\u00e1rnyi erd\u0151b\u0151l mintegy 6,6 milli\u00f3 hekt\u00e1r term\u00e9szetes \u00faton regener\u00e1l\u00f3dik, m\u00edg 2,2 milli\u00f3 hekt\u00e1r tervezett erd\u0151telep\u00edt\u00e9snek k\u00f6sz\u00f6nheti eredet\u00e9t. Csak kis h\u00e1nyad, tal\u00e1n k\u00e9t sz\u00e1zal\u00e9k \u0151rzi meg az \u0151serd\u0151 jellegzetess\u00e9geit, m\u00e9gis az \u00f6sszes erd\u0151 mintegy tizenhat sz\u00e1zal\u00e9ka hivatalosan v\u00e9dett \u00f6vezetekbe esik. Ez a f\u00e1s vid\u00e9k a mocsaras s\u00edks\u00e1gok mellett l\u00e9tezik, nevezetesen a Polesie r\u00e9gi\u00f3ban, ahol a t\u0151zeglerak\u00f3d\u00e1sok \u00f6kol\u00f3giai jellemz\u0151t \u00e9s kiakn\u00e1zhat\u00f3 er\u0151forr\u00e1st is jelentenek.<\/p>\n<p>Feh\u00e9roroszorsz\u00e1g talaja alatt szer\u00e9ny mennyis\u00e9g\u0171 olaj \u00e9s f\u00f6ldg\u00e1z tal\u00e1lhat\u00f3, emellett b\u0151s\u00e9gesebb \u00e1sv\u00e1nykincsek is tal\u00e1lhat\u00f3k: gr\u00e1nit, dolomit, m\u00e1rga, kr\u00e9ta, homok, kavics \u00e9s agyag. Az 1986-os csernobili katasztr\u00f3fa \u00f6r\u00f6ks\u00e9ge azonban itt maradt: az ukr\u00e1n atomer\u0151m\u0171b\u0151l ki\u00e1raml\u00f3 radioakt\u00edv kibocs\u00e1t\u00e1s nagyj\u00e1b\u00f3l hetven sz\u00e1zal\u00e9ka Feh\u00e9roroszorsz\u00e1g ter\u00fclet\u00e9n telepedett le, becsl\u00e9sek szerint ter\u00fclet\u00e9nek egy\u00f6t\u00f6d\u00e9t szennyezve, f\u0151k\u00e9nt d\u00e9lkeleten. Az ENSZ \u00e9s sz\u00f6vets\u00e9ges szervezetei \u00e1ltal vezetett nemzetk\u00f6zi er\u0151fesz\u00edt\u00e9sek c\u00e9lja a c\u00e9zium-137 talajkoncentr\u00e1ci\u00f3j\u00e1nak cs\u00f6kkent\u00e9se mez\u0151gazdas\u00e1gi beavatkoz\u00e1sokkal \u2013 t\u00f6bbek k\u00f6z\u00f6tt repcetermeszt\u00e9ssel \u00e9s k\u00f6t\u0151anyagok alkalmaz\u00e1s\u00e1val \u2013, mik\u00f6zben az erd\u0151gazd\u00e1lkod\u00e1s \u00e9s a f\u00f6ldgazd\u00e1lkod\u00e1s alkalmazkodik a hossz\u00fa t\u00e1v\u00fa sug\u00e1rz\u00e1si korl\u00e1toz\u00e1sokhoz.<\/p>\n<p>Feh\u00e9roroszorsz\u00e1g modern hat\u00e1rai nagyr\u00e9szt a huszadik sz\u00e1zadban alakultak ki. A Lengyel\u2013Litv\u00e1n K\u00f6zt\u00e1rsas\u00e1g hanyatl\u00e1s\u00e1t k\u00f6vet\u0151en a tizennyolcadik sz\u00e1zad v\u00e9g\u00e9n a ter\u00fcleteket az Orosz Birodalom csatolta mag\u00e1hoz. Az orosz forradalom z\u0171rzavara ut\u00e1n r\u00f6vid \u00e9let\u0171 \u00e1llamok sora versengett az ir\u00e1ny\u00edt\u00e1s\u00e9rt, melynek cs\u00facspontja a Belarusz Szovjet Szocialista K\u00f6zt\u00e1rsas\u00e1g 1919-es megalakul\u00e1sa volt. A lengyel\u2013szovjet h\u00e1bor\u00fa (1918\u20131921) e ter\u00fcletek k\u00f6zel fel\u00e9t Lengyelorsz\u00e1gnak engedte \u00e1t, de a szovjetek 1939-es kelet-lengyelorsz\u00e1gi inv\u00e1zi\u00f3ja sok vesztes\u00e9get visszaford\u00edtott. A v\u00e9gleges hat\u00e1rvonalak a m\u00e1sodik vil\u00e1gh\u00e1bor\u00fa ut\u00e1n krist\u00e1lyosodtak ki, amikor a szovjet k\u00f6zigazgat\u00e1si gyakorlat megszil\u00e1rd\u00edtotta Feh\u00e9roroszorsz\u00e1g hat r\u00e9gi\u00f3j\u00e1t \u00e9s Minszk k\u00fcl\u00f6nleges st\u00e1tusz\u00e1t.<\/p>\n<p>A m\u00e1sodik vil\u00e1gh\u00e1bor\u00fa puszt\u00edt\u00e1st v\u00e9gzett Feh\u00e9roroszorsz\u00e1g t\u00e1rsadalm\u00e1ban \u00e9s gazdas\u00e1g\u00e1ban: a katonai m\u0171veletek \u00e9s az megsz\u00e1ll\u00e1s a polg\u00e1rok k\u00f6zel negyed\u00e9nek \u00e9let\u00e9t k\u00f6vetelte, \u00e9s ipari \u00e9s mez\u0151gazdas\u00e1gi kapacit\u00e1s\u00e1nak fel\u00e9t megsemmis\u00edtette. E puszt\u00edt\u00e1s k\u00f6zepette egy ellen\u00e1ll\u00f3 partiz\u00e1nmozgalom bontakozott ki \u2013 amelyet a n\u00e1ciellenes elsz\u00e1nts\u00e1g egyes\u00edtett, \u00e9s \u00f6sszet\u00e9tel\u00e9ben figyelemre m\u00e9lt\u00f3an soksz\u00edn\u0171 \u2013, amely \u00e9vtizedekre form\u00e1lta a h\u00e1bor\u00fa ut\u00e1ni politik\u00e1t. 1945-ben, az Egyes\u00fclt Nemzetek Szervezet\u00e9nek alap\u00edt\u00f3 tagjak\u00e9nt, a Szovjetuni\u00f3val egy\u00fctt, a Belarusz SZSZK gyors \u00e1talakul\u00e1st kezdett egy agr\u00e1rter\u00fcletb\u0151l egy ipari k\u00f6zt\u00e1rsas\u00e1gg\u00e1, amelyet a k\u00f6zponti tervez\u00e9s \u00e9s a kollektiviz\u00e1l\u00e1s vez\u00e9relt.<\/p>\n<p>Mik\u00f6zben a v\u00e1ltoz\u00e1s szele v\u00e9gigs\u00f6p\u00f6rt Kelet-Eur\u00f3p\u00e1n, Feh\u00e9roroszorsz\u00e1g Legfels\u0151bb Tan\u00e1csa 1990. j\u00falius 27-\u00e9n kiki\u00e1ltotta a szuverenit\u00e1st. Egy \u00e9ven bel\u00fcl a Szovjetuni\u00f3 felboml\u00e1sa, 1991. augusztus 25-\u00e9n teljes f\u00fcggetlens\u00e9get eredm\u00e9nyezett. H\u00e1rom \u00e9vvel k\u00e9s\u0151bb \u00faj alkotm\u00e1ny k\u00f6vetkezett, \u00e9s 1994-ben Alekszandr Lukasenk\u00e1t v\u00e1lasztott\u00e1k meg eln\u00f6knek az orsz\u00e1g f\u00fcggetlens\u00e9ge \u00f3ta egyetlen szabad szavaz\u00e1ssal. Hivatali ideje, amely k\u00f6zel h\u00e1rom \u00e9vtizedre ny\u00falik vissza, a kiterjedt \u00e1llami tulajdon megtart\u00e1s\u00e1t, a f\u00fcggetlen m\u00e9dia \u00e9s a civil t\u00e1rsadalom elnyom\u00e1s\u00e1t, valamint a hatalom egy er\u0151sen centraliz\u00e1lt v\u00e9grehajt\u00f3 hatalom kez\u00e9ben val\u00f3 koncentr\u00e1ci\u00f3j\u00e1t fel\u00fcgyelte. A sajt\u00f3- \u00e9s gy\u00fclekez\u00e9si szabads\u00e1g a legkorl\u00e1tozottabbak k\u00f6z\u00e9 tartozik Eur\u00f3p\u00e1ban, \u00e9s a hal\u00e1lb\u00fcntet\u00e9s tov\u00e1bbra is \u00e9rv\u00e9nyben van.<\/p>\n<p>Feh\u00e9roroszorsz\u00e1g nemzetk\u00f6zi kapcsolatok h\u00e1l\u00f3j\u00e1t \u00e1polja: tagja az Egyes\u00fclt Nemzetek Szervezet\u00e9nek, a F\u00fcggetlen \u00c1llamok K\u00f6z\u00f6ss\u00e9g\u00e9nek, a Kollekt\u00edv Biztons\u00e1gi Szerz\u0151d\u00e9s Szervezet\u00e9nek \u00e9s az Eur\u00e1zsiai Gazdas\u00e1gi Uni\u00f3nak, valamint r\u00e9szt vesz az Eur\u00f3pai Biztons\u00e1gi \u00e9s Egy\u00fcttm\u0171k\u00f6d\u00e9si Szervezetben \u00e9s a Nem K\u00f6telezettek Mozgalm\u00e1ban. K\u00e9toldal\u00fa kapcsolata van az Eur\u00f3pai Uni\u00f3val, b\u00e1r a csatlakoz\u00e1sra soha nem ker\u00fclt sor. Az 1993-as Eur\u00f3pa Tan\u00e1cshoz val\u00f3 csatlakoz\u00e1si k\u00eds\u00e9rleteket a v\u00e1laszt\u00e1si szab\u00e1lytalans\u00e1gok \u00e9s az emberi jogi agg\u00e1lyok miatt elutas\u00edtott\u00e1k, \u00e9s a szervezettel val\u00f3 korl\u00e1tozott egy\u00fcttm\u0171k\u00f6d\u00e9se 2022-ben teljesen megsz\u0171nt, miut\u00e1n Feh\u00e9roroszorsz\u00e1g szerepet j\u00e1tszott Oroszorsz\u00e1g ukrajnai inv\u00e1zi\u00f3j\u00e1nak el\u0151seg\u00edt\u00e9s\u00e9ben.<\/p>\n<p>Gazdas\u00e1gi szempontb\u00f3l Feh\u00e9roroszorsz\u00e1g a hatvanadik helyen \u00e1ll az ENSZ Emberi Fejl\u0151d\u00e9si Mutat\u00f3j\u00e1ban, ami nagyon magas emberi fejletts\u00e9get jelez annak ellen\u00e9re, hogy fejl\u0151d\u0151 orsz\u00e1g. 2019-ben a feldolgoz\u00f3ipar a GDP nagyj\u00e1b\u00f3l harmincegy sz\u00e1zal\u00e9k\u00e1t tette ki, \u00e9s a munkaer\u0151 alig harminc\u00f6t sz\u00e1zal\u00e9k\u00e1t foglalkoztatta, b\u00e1r n\u00f6veked\u00e9se elmaradt a t\u00e1gabb gazdas\u00e1g n\u00f6veked\u00e9s\u00e9t\u0151l. A mez\u0151gazdas\u00e1g biztos\u00edtja a vid\u00e9ki meg\u00e9lhet\u00e9st, a burgonya \u00e9s a szarvasmarha-teny\u00e9szt\u00e9s a f\u0151bb term\u00e9kek k\u00f6z\u00e9 tartozik. Az \u00e1llam tov\u00e1bbra is ellen\u0151rzi a nagyobb v\u00e1llalatokat, m\u00e9g akkor is, ha a korl\u00e1tozott piaci reformok \u00e9s a nemzetk\u00f6zi kereskedelem a szer\u00e9ny gazdas\u00e1gi diverzifik\u00e1ci\u00f3 alapj\u00e1t k\u00e9pezik.<\/p>\n<p>A monet\u00e1ris t\u00f6rt\u00e9nelmet az instabilit\u00e1s id\u0151szakai jellemezt\u00e9k. A belarusz rubelt 1992 m\u00e1jus\u00e1ban vezett\u00e9k be a szovjet valuta felv\u00e1lt\u00e1sa \u00e9rdek\u00e9ben, \u00e9s k\u00e9t \u00fajradenomin\u00e1ci\u00f3n esett \u00e1t: el\u0151sz\u00f6r 2000-ben, majd 2016 j\u00falius\u00e1ban, amikor 10 000 r\u00e9gi rubelb\u0151l egy \u00faj rubel (BYN) lett. A 2011 m\u00e1jus\u00e1ban bek\u00f6vetkezett s\u00falyos le\u00e9rt\u00e9kel\u0151d\u00e9s \u2013 amikor a valuta egyetlen nap alatt \u00e9rt\u00e9k\u00e9nek mintegy \u00f6tvenhat sz\u00e1zal\u00e9k\u00e1t elvesztette az amerikai doll\u00e1rral szemben \u2013 a Nemzetk\u00f6zi Valutaalap ment\u0151csomagj\u00e1nak k\u00e9relm\u00e9t v\u00e1ltotta ki. Az \u00e1rellen\u0151rz\u00e9sek epiz\u00f3djai, bele\u00e9rtve a 2022 okt\u00f3ber\u00e9ben az \u00e9lelmiszer-infl\u00e1ci\u00f3 megf\u00e9kez\u00e9s\u00e9re bejelentett befagyaszt\u00e1st, j\u00f3l illusztr\u00e1lj\u00e1k a korm\u00e1ny intervenci\u00f3s \u00e1ll\u00e1spontj\u00e1t. 2023 janu\u00e1rj\u00e1ban a jogszab\u00e1lyok legaliz\u00e1lt\u00e1k a \u201ebar\u00e1ts\u00e1gtalannak\u201d \u00edt\u00e9lt nemzetek szellemi tulajdon\u00e1nak jogosulatlan felhaszn\u00e1l\u00e1s\u00e1t.<\/p>\n<p>A bankszektor k\u00e9t szintb\u0151l \u00e1ll: a cs\u00facson a Belarusz K\u00f6zt\u00e1rsas\u00e1g Nemzeti Bankja, alatta pedig huszon\u00f6t kereskedelmi int\u00e9zm\u00e9ny tal\u00e1lhat\u00f3. A monet\u00e1ris politika, a hiteleloszt\u00e1s \u00e9s az \u00e1rfolyam-szab\u00e1lyoz\u00e1s tov\u00e1bbra is szigor\u00fa korm\u00e1nyzati fel\u00fcgyelet alatt \u00e1ll, t\u00fckr\u00f6zve az \u00e1llam gazdas\u00e1gszerte tapasztalhat\u00f3 sz\u00e9lesebb k\u00f6r\u0171 szerepv\u00e1llal\u00e1s\u00e1t.<\/p>\n<p>Feh\u00e9roroszorsz\u00e1g lakoss\u00e1ga, amely mintegy 9,41 milli\u00f3 f\u0151 (2019-es n\u00e9psz\u00e1ml\u00e1l\u00e1s), t\u00falnyom\u00f3r\u00e9szt feh\u00e9rorosz, k\u00f6r\u00fclbel\u00fcl 84,9 sz\u00e1zal\u00e9k. Az orosz, lengyel \u00e9s ukr\u00e1n kisebbs\u00e9gek rendre 7,5, 3,1, illetve 1,7 sz\u00e1zal\u00e9kot tesznek ki. A k\u00f6zel \u00f6tven f\u0151\/n\u00e9gyzetkilom\u00e9ter \u00e1tlagos n\u00e9ps\u0171r\u0171s\u00e9g\u00e9vel a lakoss\u00e1g nagyj\u00e1b\u00f3l hetven sz\u00e1zal\u00e9ka v\u00e1rosi ter\u00fcleteken \u00e9l. Minszk, amely k\u00f6zel k\u00e9tmilli\u00f3 lakosnak ad otthont, politikai, kultur\u00e1lis \u00e9s gazdas\u00e1gi k\u00f6zpontk\u00e9nt szolg\u00e1l; tov\u00e1bbi jelent\u0151s v\u00e1rosok k\u00f6z\u00e9 tartozik Gomel (481 000), Mogilev (365 100), Vityebszk (342 400), Grodno (314 800) \u00e9s Breszt (298 300).<\/p>\n<p>A term\u00e9szetes n\u00e9pess\u00e9gfogy\u00e1st kism\u00e9rt\u00e9kben ellens\u00falyozta a nett\u00f3 bev\u00e1ndorl\u00e1s. 2007-ben Feh\u00e9roroszorsz\u00e1g 0,41 sz\u00e1zal\u00e9kos negat\u00edv n\u00f6veked\u00e9si r\u00e1t\u00e1t mutatott, amit az egy n\u0151re jut\u00f3 1,22 gyermek term\u00e9kenys\u00e9gi r\u00e1ta t\u00e1masztott al\u00e1 \u2013 ami j\u00f3val a reprodukci\u00f3s szint alatt van. A nett\u00f3 migr\u00e1ci\u00f3, amely k\u00f6r\u00fclbel\u00fcl +0,38 ezrel\u00e9kes, ellent\u00e9tben \u00e1ll a r\u00e9gi\u00f3 m\u00e1s r\u00e9szein megfigyelt ki\u00e1raml\u00e1sokkal. A demogr\u00e1fiai profil az id\u0151sebb kor fel\u00e9 tol\u00f3dik el: 2015-ben mintegy tizenn\u00e9gy sz\u00e1zal\u00e9kuk volt hatvan\u00f6t \u00e9ves vagy id\u0151sebb, \u00e9s a harmincn\u00e9gy \u00e9ves medi\u00e1n \u00e9letkor v\u00e1rhat\u00f3an a sz\u00e1zad k\u00f6zep\u00e9re hatvan f\u00f6l\u00e9 emelkedik. A v\u00e1rhat\u00f3 \u00e9lettartam \u00e1tlagosan 72,15 \u00e9v \u2013 78,1 \u00e9v a n\u0151kn\u00e9l \u00e9s 66,5 \u00e9v a f\u00e9rfiakn\u00e1l \u2013, az \u00edr\u00e1stud\u00e1s pedig meghaladja a kilencvenkilenc sz\u00e1zal\u00e9kot a tizen\u00f6t \u00e9ves \u00e9s id\u0151sebbek k\u00f6r\u00e9ben.<\/p>\n<p>A vall\u00e1si hovatartoz\u00e1s a keleti ortodoxia t\u00fals\u00faly\u00e1t t\u00fckr\u00f6zi, amelyhez a lakoss\u00e1g nagyj\u00e1b\u00f3l negyvennyolc sz\u00e1zal\u00e9ka tartozik. A 2011-es n\u00e9psz\u00e1ml\u00e1l\u00e1si adatok azt mutatj\u00e1k, hogy \u00f6tvenkilenc sz\u00e1zal\u00e9kuk vall valamilyen vall\u00e1si identit\u00e1st: k\u00f6z\u00fcl\u00fck mintegy nyolcvank\u00e9t sz\u00e1zal\u00e9k az Orosz Ortodox Egyh\u00e1z Belarusz Exarch\u00e1tus\u00e1hoz csatlakozik, m\u00edg kisebb ortodox szervezetek \u00e9s egy Belarusz Autokef\u00e1l Ortodox Egyh\u00e1z is l\u00e9teznek. A r\u00f3mai katolikusok k\u00f6r\u00fclbel\u00fcl 7,1 sz\u00e1zal\u00e9kot k\u00e9pviselnek \u2013 f\u0151k\u00e9nt a nyugati r\u00e9gi\u00f3kban \u2013, m\u00edg a protest\u00e1ns felekezetek, g\u00f6r\u00f6g katolikusok, zsid\u00f3k, muszlimok \u00e9s neopog\u00e1ny csoportok alkotj\u00e1k a fennmarad\u00f3 r\u00e9szt. A belaruszok k\u00f6r\u00fclbel\u00fcl negyvenegy sz\u00e1zal\u00e9ka vallja mag\u00e1t nem vall\u00e1sosnak.<\/p>\n<p>K\u00e9t nyelv rendelkezik hivatalos nyelvi st\u00e1tusszal: a belarusz \u00e9s az orosz. A 2009-es n\u00e9psz\u00e1ml\u00e1l\u00e1s sor\u00e1n a v\u00e1laszad\u00f3k \u00f6tvenh\u00e1rom sz\u00e1zal\u00e9ka vallotta mag\u00e1t belarusznak anyanyelvek\u00e9nt, negyvenegy sz\u00e1zal\u00e9kuk pedig orosznak. Ennek ellen\u00e9re a h\u00e1ztart\u00e1sok mintegy hetven sz\u00e1zal\u00e9k\u00e1ban az orosz domin\u00e1l a mindennapi besz\u00e9dben, szemben a belarusz huszonh\u00e1rom sz\u00e1zal\u00e9k\u00e1val. Az 1990-es \u00e9vek k\u00f6zepe \u00f3ta a v\u00e1rosi oktat\u00e1s az orosz oktat\u00e1s fel\u00e9 tol\u00f3dott el, \u00e9s a belarusz nyelv\u0171 irodalom \u00e9ves kibocs\u00e1t\u00e1sa jelent\u0151sen cs\u00f6kkent.<\/p>\n<p>Feh\u00e9roroszorsz\u00e1g n\u00e9gy UNESCO Vil\u00e1g\u00f6r\u00f6ks\u00e9gi helysz\u00ednt \u0151riz. A Mir v\u00e1rkomplexum \u00e9s a Nesvizhi v\u00e1r lak\u00f3-v\u00e9d\u0151 egy\u00fcttese a k\u00e9s\u0151 k\u00f6z\u00e9pkori \u00e9p\u00edt\u00e9szetet \u00e9s az arisztokratikus tervez\u00e9st p\u00e9ld\u00e1zza. A transznacion\u00e1lis Sztruvei Geod\u00e9ziai \u00edv a tizenkilencedik sz\u00e1zadi geod\u00e9ziai t\u00f6rekv\u00e9seknek \u00e1ll\u00edt eml\u00e9ket, t\u00edz orsz\u00e1gban jel\u00f6lve ki felm\u00e9r\u00e9si pontokat. V\u00e9g\u00fcl a Bia\u0142owie\u017ca-erd\u0151 \u2013 a feh\u00e9rorosz oldalon Belovezhskaya Pushcha n\u00e9ven ismert \u2013 \u0151si t\u00f6rzsei eur\u00f3pai b\u00f6l\u00e9nyeknek adnak otthont \u0151si t\u00f6lgyek \u00e9s feny\u0151k k\u00f6z\u00f6tt, \u00e9l\u0151 bepillant\u00e1st ny\u00fajtva az iparosod\u00e1s el\u0151tti Eur\u00f3p\u00e1ba.<\/p>\n<p>Ezeken a nevezetess\u00e9geken t\u00fal a l\u00e1togat\u00f3k egy gazdagabb \u00e9p\u00edt\u00e9szeti m\u00falt nyomaival tal\u00e1lkozhatnak, amelynek nagy r\u00e9sze a m\u00e1sodik vil\u00e1gh\u00e1bor\u00fa alatt vagy a h\u00e1bor\u00fa ut\u00e1ni tervez\u00e9s sor\u00e1n elpusztult. Minszk, amelyet a h\u00e1bor\u00fas puszt\u00edt\u00e1s ut\u00e1n teljes eg\u00e9sz\u00e9ben \u00fajj\u00e1\u00e9p\u00edtettek, ma monument\u00e1lis szocialista-realista \u00e9p\u00edtm\u00e9nyeket \u00f6tv\u00f6z kort\u00e1rs k\u00e1v\u00e9z\u00f3kkal, m\u00fazeumokkal \u00e9s kultur\u00e1lis helysz\u00ednekkel. A F\u00fcggetlens\u00e9g tere a v\u00e1ros polg\u00e1ri \u00e9let\u00e9nek k\u00f6zpontja, amelyet az egykori KGB-sz\u00e9kh\u00e1z \u00e9s a Nemzeti \u00c1llami M\u00fazeum keretez; a k\u00f6zelben tal\u00e1lhat\u00f3 a Zaslavszkij zsid\u00f3 eml\u00e9km\u0171 az elveszett k\u00f6z\u00f6ss\u00e9geknek \u00e1ll\u00edt eml\u00e9ket.<\/p>\n<p>A nyugati hat\u00e1rvid\u00e9ken, Bresztben tal\u00e1lhat\u00f3 a 19. sz\u00e1zadi er\u0151d\u00edtm\u00e9ny, amely a Barbarossa hadm\u0171velet alatti szovjet ellen\u00e1ll\u00e1s eml\u00e9km\u0171vek\u00e9nt \u00e1ll. A tizenkilencedik sz\u00e1zadi vid\u00e9ki k\u00e9zm\u0171vess\u00e9g megismer\u00e9s\u00e9re a Dudutki Szabadt\u00e9ri M\u00fazeumba \u00e9rdemes ell\u00e1togatni, ahol a fa- \u00e9s n\u00e1dtet\u0151s \u00e9p\u00edtm\u00e9nyek fazekass\u00e1g-, \u00e1cs-, p\u00e9k- \u00e9s k\u00e9zm\u0171ves bemutat\u00f3kat tartanak. A term\u00e9szetbeni kikapcsol\u00f3d\u00e1st a Pripjaty Rezerv\u00e1tum \u00e9s a Braszlav-tavak r\u00e9gi\u00f3ja k\u00edn\u00e1l vizes \u00e9l\u0151helyeket, szigeteket \u00e9s erd\u0151s partszakaszokat. N\u00e9gy nemzeti park \u2013 a Belovezhskaya Pushcha, a Pripyatskyi-tavak, a Braslavskyi-tavak \u00e9s az Osipovichskyi-tavak \u2013 v\u00e1ltozatos \u00e9l\u0151helyeket biztos\u00edt a vadon \u00e9l\u0151 \u00e1llatok sz\u00e1m\u00e1ra, \u00e9s lehet\u0151s\u00e9get k\u00edn\u00e1l a csendes felfedez\u00e9sre.<\/p>\n<p>A biztons\u00e1gi megfontol\u00e1sok egy szigor\u00faan fel\u00fcgyelt \u00e1llam\u00e9hoz hasonl\u00edthat\u00f3k. A l\u00e1togat\u00f3k elleni apr\u00f3 b\u0171ncselekm\u00e9nyek ritk\u00e1k, de a p\u00e9nz\u00fcgyi tranzakci\u00f3k sor\u00e1n \u00f3vatoss\u00e1g aj\u00e1nlott, mivel csal\u00e1s \u00e9s kiberb\u0171n\u00f6z\u00e9s is el\u0151fordul. A hat\u00f3s\u00e1gok \u00e1tfog\u00f3 megfigyel\u00e9st tartanak fenn: a sz\u00e1llodai szob\u00e1k, a kommunik\u00e1ci\u00f3 \u00e9s a szem\u00e9lyes t\u00e1rgyak ellen\u0151rz\u00e9s\u00e9nek t\u00e1rgyai lehetnek. Katonai, korm\u00e1nyzati vagy hat\u00e1r\u0151rizeti l\u00e9tes\u00edtm\u00e9nyek f\u00e9nyk\u00e9pez\u00e9se hivatalos el\u00edt\u00e9l\u00e9st v\u00e1lthat ki. A nyilv\u00e1nos helyen ittass\u00e1g \u00e9s a k\u00e1romkod\u00e1sok haszn\u00e1lata p\u00e9nzb\u00edrs\u00e1ggal vagy elz\u00e1r\u00e1ssal j\u00e1r.<\/p>\n<p>A politikai \u00f6sszej\u00f6vetelek hirtelen elfojt\u00e1s vesz\u00e9ly\u00e9vel n\u00e9znek szembe; a m\u00e1sk\u00e9nt gondolkod\u00f3kat b\u00fcntetik, a szabad v\u00e9lem\u00e9nynyilv\u00e1n\u00edt\u00e1st pedig jelent\u0151sen korl\u00e1tozz\u00e1k. A t\u00fcntet\u0151k gyakran magukkal viszik az 1918\u20131995 k\u00f6z\u00f6tti t\u00f6rt\u00e9nelmi feh\u00e9r-piros-feh\u00e9r z\u00e1szl\u00f3t, amely a diaszp\u00f3ra \u00e9s az ellenz\u00e9k szimb\u00f3luma; nyilv\u00e1nos megjelen\u00e9se a letart\u00f3ztat\u00e1s fokozott kock\u00e1zat\u00e1t jelzi. M\u00e9g az olyan \u00e1rtalmatlan gesztusok is, mint a taps, nem k\u00edv\u00e1nt figyelmet kelthetnek, miut\u00e1n a rezsim kritikusai is \u00e1tvett\u00e9k \u0151ket. K\u00fclf\u00f6ldi \u00fajs\u00e1g\u00edr\u00f3k, k\u00fcl\u00f6n\u00f6sen a lengyel sz\u00e1rmaz\u00e1s\u00faak, bel\u00e9ptet\u00e9s megtagad\u00e1s\u00e1val, \u0151rizetbe v\u00e9tel\u00e9vel \u00e9s kihallgat\u00e1s\u00e1val szembes\u00fcltek.<\/p>\n<p>Az LMBT l\u00e1togat\u00f3kkal szembeni hozz\u00e1\u00e1ll\u00e1s tov\u00e1bbra is konzervat\u00edv. B\u00e1r a jogszab\u00e1lyok m\u00e1r nem b\u00fcntetik az azonos nem\u0171ek k\u00f6z\u00f6tti konszenzuson alapul\u00f3 kapcsolatokat, a t\u00e1rsadalmi elfogadotts\u00e1g korl\u00e1tozott \u2013 k\u00fcl\u00f6n\u00f6sen az id\u0151sebb gener\u00e1ci\u00f3k k\u00f6r\u00e9ben \u2013, \u00e9s a nyilv\u00e1nos vonzalommegnyilv\u00e1nul\u00e1sok nem aj\u00e1nlottak. A vezet\u00e9si k\u00f6r\u00fclm\u00e9nyek a f\u0151utakon val\u00f3 j\u00e1rhat\u00f3 \u00fatt\u00f3l a t\u00e9li vesz\u00e9lyesig terjednek: a k\u00e1ty\u00fak, a gy\u00e9r vil\u00e1g\u00edt\u00e1s, a kisz\u00e1m\u00edthatatlan gyalogosviselked\u00e9s \u00e9s a k\u00f6zleked\u00e9si szab\u00e1lyok alkalmank\u00e9nti figyelmen k\u00edv\u00fcl hagy\u00e1sa mind fokozott \u00e9bers\u00e9get ig\u00e9nyel.<\/p>\n<p>Az eg\u00e9szs\u00e9g\u00fcgyi ell\u00e1t\u00e1s nem \u00e9ri el a nyugati sz\u00ednvonalat. Az int\u00e9zm\u00e9nyekben gyakran hi\u00e1nyoznak a modern felszerel\u00e9sek, \u00e9s a nyelvi akad\u00e1lyok is nehez\u00edtik a nem oroszul vagy nem feh\u00e9roroszul besz\u00e9l\u0151k dolg\u00e1t. A ment\u0151k ki\u00e9rkez\u00e9si ideje meghaladhatja a harminc percet, \u00edgy az orvosi evaku\u00e1l\u00e1s a legmegb\u00edzhat\u00f3bb \u00fat a halad\u00f3 szint\u0171 ell\u00e1t\u00e1shoz. A tuberkul\u00f3zis egyre nagyobb kih\u00edv\u00e1st jelent, \u00e9s a csapv\u00edz k\u00f6zvetlen fogyaszt\u00e1sra nem biztons\u00e1gos; a palackozott v\u00edz fogyaszt\u00e1sa er\u0151sen aj\u00e1nlott. Az \u00e9lelmiszereket bakteri\u00e1lis \u00e9s radiol\u00f3giai vizsg\u00e1latnak vetik al\u00e1, b\u00e1r a csernobili reaktor \u00f6tven kilom\u00e9teres k\u00f6rzet\u00e9ben beszerzett term\u00e9kek tov\u00e1bbra is tiltott term\u00e9kek.<\/p>\n<p>A feh\u00e9rorosz etikett visszafogottabb kult\u00far\u00e1t t\u00fckr\u00f6z. A feh\u00e9roroszok nagyra \u00e9rt\u00e9kelik a nyilv\u00e1nos tart\u00f3zkod\u00e1st, ahol az idegenekre ir\u00e1nyul\u00f3 mosolyg\u00e1st k\u00e9tsz\u00edn\u0171s\u00e9gnek vagy g\u00fanyol\u00f3d\u00e1snak \u00e9rtelmezhetik. Az els\u0151 tal\u00e1lkoz\u00e1sok gyakran t\u00f6m\u00f6r v\u00e1laszokat eredm\u00e9nyeznek, nem pedig \u00e1rad\u00f3 melegs\u00e9get; a bizalom \u00e9s a nyitotts\u00e1g fokozatosan alakul ki. A lovagiass\u00e1g tov\u00e1bbra is megszokott: a f\u00e9rfiak gyakran gyakorlati seg\u00edts\u00e9get ny\u00fajtanak a n\u0151knek, akik viszont elv\u00e1rj\u00e1k az ilyen udvariass\u00e1gokat. A politikai diskurzust, k\u00fcl\u00f6n\u00f6sen Lukasenka eln\u00f6kkel vagy a szovjet \u00f6r\u00f6ks\u00e9ggel kapcsolatban, jobb elker\u00fclni, mivel az ilyen t\u00e9m\u00e1k nyugtalans\u00e1got vagy hivatalos megtorl\u00e1st v\u00e1lthatnak ki.<\/p>\n<p>Feh\u00e9roroszorsz\u00e1g csendes falvaiban \u00e9s modern v\u00e1rosi k\u00f6zpontjaiban egyar\u00e1nt a t\u00f6rt\u00e9nelmi szakad\u00e1s \u00e9s a kultur\u00e1lis \u00e1lland\u00f3s\u00e1g k\u00f6lcs\u00f6nhat\u00e1sa egy olyan k\u00f6rnyezetet teremt, amely egyszerre kih\u00edv\u00e1sokkal teli \u00e9s csendesen mag\u00e1val ragad\u00f3. B\u00e1r m\u00faltj\u00e1nak nagy r\u00e9sze elveszett \u2013 a h\u00e1bor\u00fas er\u0151szak \u00e9s az egys\u00e9ges \u00fajj\u00e1\u00e9p\u00edt\u00e9s miatt \u2013, nyomai megmaradtak a lepusztult erd\u0151kben, a v\u00e1rak falai k\u00f6z\u00f6tt \u00e9s a mindennapi \u00e9let sztoikus ritmus\u00e1ban. Azok sz\u00e1m\u00e1ra, akik hajland\u00f3ak a felsz\u00ednes benyom\u00e1sokon t\u00falra tekinteni, Feh\u00e9roroszorsz\u00e1g a rugalmass\u00e1g \u00e9s a folytonoss\u00e1g \u00e9lm\u00e9ny\u00e9t k\u00edn\u00e1lja, amelyet n\u00e9p\u00e9nek kend\u0151zetlen val\u00f3s\u00e1ga \u00e9s egy \u00e1lland\u00f3, b\u00e1r visszafogott \u00e1talakul\u00e1sban l\u00e9v\u0151 f\u00f6ld finom sz\u00e9ps\u00e9ge jellemez.<\/p>","protected":false},"excerpt":{"rendered":"<p>A becsl\u00e9sek szerint csaknem 9,1 milli\u00f3 lakos\u00fa Feh\u00e9roroszorsz\u00e1g \u2013 hivatalos nev\u00e9n a Feh\u00e9rorosz K\u00f6zt\u00e1rsas\u00e1g \u2013 tengerparttal nem rendelkez\u0151 orsz\u00e1g Kelet-Eur\u00f3p\u00e1ban. Feh\u00e9roroszorsz\u00e1g strat\u00e9giai elhelyezked\u00e9se \u2013 Eur\u00f3pa \u00e9s \u00c1zsia tal\u00e1lkoz\u00e1si pontja \u2013 befoly\u00e1solta t\u00f6rt\u00e9nelmi fejl\u0151d\u00e9s\u00e9t, kultur\u00e1lis identit\u00e1s\u00e1t \u00e9s geopolitikai jelent\u0151s\u00e9g\u00e9t. A sz\u00e1razf\u00f6ldi t\u00f6meg alapj\u00e1n Eur\u00f3p\u00e1ban a 13. helyen \u00e1ll\u00f3 nemzet ter\u00fclete 207 600 n\u00e9gyzetkilom\u00e9ter (80 200 n\u00e9gyzetm\u00e9rf\u00f6ld). Oroszorsz\u00e1g keleten \u00e9s \u00e9szakkeleten, Ukrajna d\u00e9len, Lengyelorsz\u00e1g nyugaton, Litv\u00e1nia \u00e9s Lettorsz\u00e1g \u00e9szaknyugaton Feh\u00e9roroszorsz\u00e1gban. Az orsz\u00e1g fejl\u0151d\u00e9s\u00e9t \u00e9s a k\u00f6rnyez\u0151 \u00e1llamokkal val\u00f3 t\u00f6rt\u00e9nelmi k\u00f6lcs\u00f6nhat\u00e1sait nagyban befoly\u00e1solta f\u00f6ldrajzi elhelyezked\u00e9se.<\/p>","protected":false},"author":1,"featured_media":2825,"parent":24078,"menu_order":0,"comment_status":"closed","ping_status":"closed","template":"elementor_theme","meta":{"_eb_attr":"","footnotes":""},"class_list":["post-14616","page","type-page","status-publish","has-post-thumbnail"],"_links":{"self":[{"href":"https:\/\/travelshelper.com\/hu\/wp-json\/wp\/v2\/pages\/14616","targetHints":{"allow":["GET"]}}],"collection":[{"href":"https:\/\/travelshelper.com\/hu\/wp-json\/wp\/v2\/pages"}],"about":[{"href":"https:\/\/travelshelper.com\/hu\/wp-json\/wp\/v2\/types\/page"}],"author":[{"embeddable":true,"href":"https:\/\/travelshelper.com\/hu\/wp-json\/wp\/v2\/users\/1"}],"replies":[{"embeddable":true,"href":"https:\/\/travelshelper.com\/hu\/wp-json\/wp\/v2\/comments?post=14616"}],"version-history":[{"count":0,"href":"https:\/\/travelshelper.com\/hu\/wp-json\/wp\/v2\/pages\/14616\/revisions"}],"up":[{"embeddable":true,"href":"https:\/\/travelshelper.com\/hu\/wp-json\/wp\/v2\/pages\/24078"}],"wp:featuredmedia":[{"embeddable":true,"href":"https:\/\/travelshelper.com\/hu\/wp-json\/wp\/v2\/media\/2825"}],"wp:attachment":[{"href":"https:\/\/travelshelper.com\/hu\/wp-json\/wp\/v2\/media?parent=14616"}],"curies":[{"name":"wp","href":"https:\/\/api.w.org\/{rel}","templated":true}]}}