{"id":14562,"date":"2024-09-19T19:30:23","date_gmt":"2024-09-19T19:30:23","guid":{"rendered":"https:\/\/travelshelper.com\/staging\/?page_id=14562"},"modified":"2026-03-11T22:24:33","modified_gmt":"2026-03-11T22:24:33","slug":"belgium","status":"publish","type":"page","link":"https:\/\/travelshelper.com\/hu\/destinations\/europe\/belgium\/","title":{"rendered":"Belgium"},"content":{"rendered":"<p>Belgium egy keskeny f\u00f6lds\u00e1vot foglal el Eur\u00f3pa \u00e9szaknyugati sz\u00e9l\u00e9n. Harmincezer n\u00e9gyzetkilom\u00e9teren \u00e1t h\u00faz\u00f3dik az \u00c9szaki-tenger \u00e9s az Ardennek lank\u00e1s fenns\u00edkjai k\u00f6z\u00f6tt, hat\u00e1ros Hollandi\u00e1val, N\u00e9metorsz\u00e1ggal, Luxemburggal \u00e9s Franciaorsz\u00e1ggal. B\u00e1r felsz\u00edne alig haladja meg Maryland vagy Wales m\u00e9ret\u00e9t, t\u00f6rt\u00e9nete Nyugat-Eur\u00f3pa t\u00f6rt\u00e9nelm\u00e9nek sz\u00edv\u00e9ben bontakozik ki \u2013 f\u00f6ldjein r\u00f3mai l\u00e9gi\u00f3k \u00e9s k\u00f6z\u00e9pkori keresked\u0151k \u00e1llom\u00e1soztak; utc\u00e1in birodalmak emelkedtek \u00e9s buktak; korm\u00e1nytermei ma az Eur\u00f3pai Uni\u00f3 \u00fcgyeit alak\u00edtj\u00e1k. Ez a cikk Belgium portr\u00e9j\u00e1t mutatja be, amely mag\u00e1ban foglalja mind a zord vonalakat, mind a kifinomult r\u00e9szleteket: egy olyan orsz\u00e1g, amelynek \u00f6sszetetts\u00e9ge meg\u00e9ri a gondos figyelmet.<\/p>\n<p>Belgium felsz\u00edne term\u00e9szetes m\u00f3don h\u00e1rom z\u00f3n\u00e1ra oszlik. \u00c9szakon egy homokd\u0171n\u00e9kb\u0151l \u00e9s rekultiv\u00e1lt polderekb\u0151l \u00e1ll\u00f3 part menti s\u00edks\u00e1g tal\u00e1lkozik az \u00c9szaki-tenger nyugtalan \u00e1rap\u00e1ly\u00e1val. A k\u00f6z\u00e9ppont fel\u00e9 egy enyh\u00e9n emelked\u0151 fenns\u00edk \u2013 csatorn\u00e1kkal \u00e9s cikkcakkos foly\u00f3kkal szabdalva \u2013 term\u00e9keny f\u00f6ldeket \u00e9s v\u00e1s\u00e1rv\u00e1rosokat \u00f6lel fel. D\u00e9lkeleten az Ardennek erd\u0151s dombjaival, szikl\u00e1s szurdokaival \u00e9s sz\u00e9tsz\u00f3rt falvaival vadreg\u00e9nyes ellenpontot alkot. Itt a Botrange-cs\u00facs 694 m\u00e9teres magass\u00e1g\u00e1val a High Fens-t koron\u00e1zza \u2013 az orsz\u00e1g legmagasabb pontja.<\/p>\n<p>Az \u00e9ghajlat ink\u00e1bb a sz\u00e9less\u00e9gi k\u00f6r\u00f6ket k\u00f6veti, mint a tengerszint feletti magass\u00e1got. A nyugati s\u00edks\u00e1gokon enyhe telek \u00e9s h\u0171v\u00f6s nyarak vannak, a csapad\u00e9k egyenletesen oszlik el az \u00e9v sor\u00e1n. Az Ardennek, b\u00e1r tov\u00e1bbra is tengeri befoly\u00e1s alatt \u00e1ll, \u00e1ltal\u00e1ban h\u0171v\u00f6sebb h\u0151m\u00e9rs\u00e9kletet \u00e9s valamivel t\u00f6bb csapad\u00e9kot mutat, t\u00e1pl\u00e1lva a t\u00f6lgy- \u00e9s b\u00fckk\u00f6s\u00f6ket. Belgium-szerte a janu\u00e1ri \u00e1tlagos legalacsonyabb h\u0151m\u00e9rs\u00e9klet 3 \u00b0C k\u00f6r\u00fcl mozog, m\u00edg a j\u00faliusi maximumok 18 \u00b0C k\u00f6zel\u00e9ben maradnak. A csapad\u00e9kmennyis\u00e9g a sz\u00e1razabb id\u0151szakokban havi 54 millim\u00e9tert\u0151l a ny\u00e1ri viharok idej\u00e9n k\u00f6zel 80 millim\u00e9terig terjed.<\/p>\n<p>A r\u00e9gi\u00f3 legkor\u00e1bbi feljegyzett lak\u00f3i a belg\u00e1k voltak, egy t\u00f6rzscsoport, amelyet Julius Caesar nevezett el az i. e. els\u0151 sz\u00e1zadban. F\u00f6ldjeiket hamarosan R\u00f3ma bekebelezte; Augustust\u00f3l Hadrianusig tart\u00f3 cs\u00e1sz\u00e1rok alatt Belgica \u00fajoncokat biztos\u00edtott a l\u00e9gi\u00f3knak \u00e9s gabon\u00e1t a birodalomnak. R\u00f3ma buk\u00e1s\u00e1val a ter\u00fclet a Karoling vil\u00e1g keresztez\u0151d\u00e9s\u00e9hez vezetett, majd a Szent R\u00f3mai Birodalom alatt sz\u00e9tt\u00f6redezett. A k\u00e9s\u0151 k\u00f6z\u00e9pkorra a burgundi birtokok r\u00e9szek\u00e9nt vir\u00e1gzott, v\u00e1rosai \u2013 Brugge, Gent, Ypres \u2013 a poszt\u00f3iparnak, a kereskedelemnek \u00e9s a banki tev\u00e9kenys\u00e9gnek k\u00f6sz\u00f6nhet\u0151en vir\u00e1goztak.<\/p>\n<p>A tizenhatodik sz\u00e1zadban a Habsburgok ig\u00e9nyt tartottak magukra: el\u0151sz\u00f6r Spanyolorsz\u00e1g, majd Ausztria tartotta hatalmon a tartom\u00e1nyokat, am\u00edg a forradalmi francia seregek 1794-ben be nem annekt\u00e1lt\u00e1k a tartom\u00e1nyokat. Nap\u00f3leon veres\u00e9ge ut\u00e1n az 1815-\u00f6s b\u00e9csi kongresszus a d\u00e9li tartom\u00e1nyokat az \u00faj Holland Kir\u00e1lys\u00e1ghoz csatolta. D\u00e9l \u00e9s \u00e9szak azonban neh\u00e9z helyzetben l\u00e9v\u0151 partnereknek bizonyultak; 1830-ban a belga forradalm\u00e1rok kiki\u00e1ltott\u00e1k a f\u00fcggetlens\u00e9get. Az \u00fajonnan megalakult kir\u00e1lys\u00e1g alkotm\u00e1nyos monarchi\u00e1t vezetett be, \u00e9s gyorsan iparosodott, \u00edgy kontinent\u00e1lis Eur\u00f3pa els\u0151 r\u00e9sze lett, amely g\u00e9pes\u00edtette a vasm\u0171veket \u00e9s a textilgy\u00e1rakat.<\/p>\n<p>Ezt k\u00f6vette a gyarmati korszak. Az 1880-as \u00e9vekben II. Lip\u00f3t kir\u00e1ly szem\u00e9lyes birtokak\u00e9nt hozta l\u00e9tre a Kong\u00f3i Szabad\u00e1llamot; a vissza\u00e9l\u00e9sek miatti nemzetk\u00f6zi felh\u00e1borod\u00e1s 1908-ban \u00e1llami ellen\u0151rz\u00e9shez vezetett. Belgium korm\u00e1nyozta Ruanda-Urundit is. A huszadik sz\u00e1zad k\u00f6zep\u00e9re ezek az afrikai ter\u00fcletek elnyert\u00e9k f\u00fcggetlens\u00e9g\u00fcket, ami meghat\u00e1rozta Belgium modern kapcsolat\u00e1t a frankof\u00f3n Afrik\u00e1val.<\/p>\n<p>K\u00e9t vil\u00e1gh\u00e1bor\u00fa meger\u0151s\u00edtette az orsz\u00e1g \u201eEur\u00f3pa csataterek\u00e9nt\u201d val\u00f3 h\u00edrnev\u00e9t. 1914-ben a n\u00e9met csapatok \u00e1tt\u00f6rtek Belgiumon P\u00e1rizs fel\u00e9, majd 1940-ben egy hasonl\u00f3 roham pecs\u00e9telte meg Franciaorsz\u00e1g buk\u00e1s\u00e1t. T\u00f6bb t\u00edzezer belga katona \u00e9s civil szenvedett \u00e9s halt meg. Ma sz\u00e1mtalan temet\u0151 \u00e9s eml\u00e9km\u0171, k\u00fcl\u00f6n\u00f6sen Ypres \u00e9s Li\u00e8ge k\u00f6rny\u00e9k\u00e9n, tan\u00faskodik err\u0151l az \u00f6r\u00f6ks\u00e9gr\u0151l.<\/p>\n<p>A modern Belgium egy parlament\u00e1ris alkotm\u00e1nyos monarchia, szokatlanul bonyolult sz\u00f6vets\u00e9gi rendszerrel. Ter\u00fclete h\u00e1rom r\u00e9gi\u00f3ra oszlik \u2013 \u00e9szakon Flandri\u00e1ra, d\u00e9len Vall\u00f3ni\u00e1ra \u00e9s k\u00f6z\u00e9pen a Br\u00fcsszel-F\u0151v\u00e1ros r\u00e9gi\u00f3ra. Minden r\u00e9gi\u00f3 maga ir\u00e1ny\u00edtja a saj\u00e1t ter\u00fclet\u00e9t, hat\u00e1sk\u00f6rrel ruh\u00e1zza fel a gazdas\u00e1gpolitik\u00e1t, a k\u00f6zleked\u00e9st \u00e9s a k\u00f6rnyezetv\u00e9delmet. Ezeket h\u00e1rom k\u00f6z\u00f6ss\u00e9g \u2013 a flamand, a francia \u00e9s a n\u00e9met ajk\u00fa \u2013 fedi le, amelyek a kultur\u00e1lis \u00fcgyeket, az oktat\u00e1st \u00e9s a nyelvhaszn\u00e1latot ir\u00e1ny\u00edtj\u00e1k.<\/p>\n<p>Ez a komplexit\u00e1s t\u00fckr\u00f6zi Belgium nyelvi t\u00e9rk\u00e9p\u00e9t. 11,8 milli\u00f3 lakos\u00e1nak k\u00f6r\u00fclbel\u00fcl hatvan sz\u00e1zal\u00e9ka besz\u00e9l hollandul \u2013 helyi nev\u00e9n flamandul \u2013, f\u0151k\u00e9nt Flandri\u00e1ban. Negyven sz\u00e1zal\u00e9kuk franci\u00e1ul, Vall\u00f3ni\u00e1ban koncentr\u00e1l\u00f3dva, \u00e9s Br\u00fcsszel nagyj\u00e1b\u00f3l nyolcvan\u00f6t sz\u00e1zal\u00e9ka. Egy k\u00f6r\u00fclbel\u00fcl hetvenezer f\u0151s kis n\u00e9met ajk\u00fa k\u00f6z\u00f6ss\u00e9g \u00e9l Vall\u00f3nia keleti r\u00e9sz\u00e9n. A politikai fesz\u00fclts\u00e9gek r\u00e9g\u00f3ta fakadnak az egyenetlen gazdas\u00e1gi fejl\u0151d\u00e9sb\u0151l \u2013 Flandria a huszadik sz\u00e1zad v\u00e9ge \u00f3ta rohamosan fejl\u0151dik, m\u00edg Vall\u00f3nia neh\u00e9zipara hanyatlik \u2013, \u00edgy ma is hat k\u00fcl\u00f6n\u00e1ll\u00f3 korm\u00e1nyzaton bel\u00fcl folynak a nyelvi t\u00f6rv\u00e9nyekr\u0151l \u00e9s az auton\u00f3mi\u00e1r\u00f3l sz\u00f3l\u00f3 vit\u00e1k.<\/p>\n<p>Br\u00fcsszel kett\u0151s szerepet t\u00f6lt be. Belgium hivatalos f\u0151v\u00e1rosak\u00e9nt ad otthont a sz\u00f6vets\u00e9gi parlamentnek \u00e9s a kir\u00e1lyi palot\u00e1nak; nemzetk\u00f6zi k\u00f6zpontk\u00e9nt az Eur\u00f3pai Uni\u00f3 f\u0151 int\u00e9zm\u00e9nyeinek \u2013 a Bizotts\u00e1gnak, a Tan\u00e1csnak \u00e9s a Parlament egyik \u00fcl\u00e9sszak\u00e1nak \u2013, valamint a NATO k\u00f6zpontj\u00e1nak. Eur\u00f3pai negyede \u00fcvegfal\u00fa irod\u00e1kkal \u00e9s t\u00e1rgyal\u00f3kkal r\u00f6vid villamos\u00fatra tal\u00e1lhat\u00f3 a k\u00f6z\u00e9pkori Grand-Place k\u00f6zpontj\u00e1t\u00f3l, ahol a c\u00e9hh\u00e1zak \u00e9s a g\u00f3tikus v\u00e1rosh\u00e1za keretezik az UNESCO vil\u00e1g\u00f6r\u00f6ks\u00e9gi list\u00e1j\u00e1n szerepl\u0151 teret.<\/p>\n<p>Belgium n\u00e9ps\u0171r\u0171s\u00e9ge \u2013 t\u00f6bb mint 380 lakos n\u00e9gyzetkilom\u00e9terenk\u00e9nt \u2013 mindenf\u00e9le m\u00e9ret\u0171 v\u00e1rosi ter\u00fcletet eredm\u00e9nyez. Br\u00fcsszel vezet, mintegy 1,25 milli\u00f3 lakossal tizenkilenc telep\u00fcl\u00e9s\u00e9n; Antwerpen f\u00e9lmilli\u00f3 lakossal k\u00f6veti, szorosan m\u00f6g\u00f6tte Gent 270 000 lakossal. Bruges \u00e9s Charleroi k\u00f6r\u00fclbel\u00fcl 120 000, illetve 200 000 lakosnak ad otthont; Li\u00e8ge \u00e9s Namur pedig valamivel 200 000 alatt van.<\/p>\n<p>Minden v\u00e1rosnak megvan a maga jellegzetes karaktere. Antwerpenben a tornyok \u00e9s a keresked\u0151csarnokok a tizenhatodik sz\u00e1zadi f\u00e9nykor\u00e1t id\u00e9zik, m\u00e9gis a v\u00e1ros l\u00fcktet a kort\u00e1rs designt\u00f3l \u00e9s a gy\u00e9m\u00e1ntkereskedelemt\u0151l. Gent a csatorn\u00e1kat \u00f6tv\u00f6zi az egyetemi \u00e9lettel, k\u00f6z\u00e9pkori harangtornya az utc\u00e1kra n\u00e9z, ahol a di\u00e1kok alkonyatkor a teraszokon k\u00f6r\u00f6znek. Bruges meg\u0151rizte egy kisv\u00e1ros csendj\u00e9t, k\u0151h\u00eddjai \u00e9s z\u00e1rt udvarai v\u00e1ltozatlannak t\u0171nnek a tizennegyedik sz\u00e1zad \u00f3ta, m\u00e9g akkor is, amikor d\u00e9lben buszok sz\u00e1ll\u00edtj\u00e1k a turist\u00e1kat a csendes utc\u00e1kba.<\/p>\n<p>Leuven l\u00e1tk\u00e9pe a Statiestraat f\u00f6l\u00e9 magasodik, amely Eur\u00f3pa egyik legr\u00e9gebbi katolikus egyetem\u00e9nek ad otthont. Itt a d\u00edszes egyetemi k\u00f6nyvt\u00e1r s\u00f6r\u00f6z\u0151kkel szemben \u00e1ll, ahol a di\u00e1kok helyi s\u00f6r\u00f6kkel koccintanak tanulm\u00e1nyaikra. Vall\u00f3ni\u00e1ban Charleroi a sz\u00e9nb\u00e1ny\u00e1szat \u00e9s az ac\u00e9lipar jegyeit viseli mag\u00e1n \u2013 a nyers m\u0171helyek ma m\u00e1r kreat\u00edv ipar\u00e1gaknak adj\u00e1k \u00e1t a hely\u00fcket \u2013, m\u00edg a Meuse ment\u00e9n fekv\u0151 Li\u00e8ge nyugodtabb foly\u00f3parti v\u00e1rosias hangulatot k\u00edn\u00e1l. Mons, Hainaut f\u0151v\u00e1rosa, meg\u0151rzi k\u00f6z\u00e9pkori sz\u00edv\u00e9t, \u00e9s egy UNESCO \u00e1ltal v\u00e9dett harangtoronynak ad otthont, m\u00edg Namur citadell\u00e1ja a Sambre \u00e9s a Meuse foly\u00f3k tal\u00e1lkoz\u00e1s\u00e1n\u00e1l \u00e1ll.<\/p>\n<p>A v\u00e1rosi magon t\u00fal kisebb, saj\u00e1t hang\u00fa \u00fati c\u00e9lok is tal\u00e1lhat\u00f3k. Mechelen sz\u00e9kesegyh\u00e1zi tere gyermekkori zar\u00e1ndoklatokra eml\u00e9keztet; Dinant egy szikl\u00e1n fekszik a Meuse felett, s\u00e1rga citadell\u00e1ja \u00e9s szaxofon \u00f6r\u00f6ks\u00e9ge Adolphe Saxot \u00fcnnepli; Spa forr\u00e1sai \u2013 amelyeket egykor Nagy P\u00e9ter c\u00e1r is nagyra becs\u00fclt \u2013 ma is vonzz\u00e1k az eg\u00e9szs\u00e9gkeres\u0151ket; Ypres \u00e9s falvai \u00e1rkokkal \u00e9s feh\u00e9r keresztek s\u00e1ncaival tark\u00edtott mez\u0151k\u00f6n fekszenek.<\/p>\n<p>Belgium gazdas\u00e1ga a vil\u00e1g egyik legnyitottabb \u00e9s legexportorient\u00e1ltabb gazdas\u00e1ga. Kik\u00f6t\u0151i \u2013 Antwerpen, Zeebrugge \u00e9s Gent \u2013 \u200b\u200b\u00f6sszek\u00f6tik K\u00f6z\u00e9p-Eur\u00f3p\u00e1t a glob\u00e1lis piacokkal. A f\u0151 importcikkek a g\u00e9pek, a vegyi anyagok, a nyers gy\u00e9m\u00e1ntok \u00e9s az \u00e9lelmiszerek; az export ezeket t\u00fckr\u00f6zi, a g\u00e9pek \u00e9s a vegyi anyagok \u00e1llnak az \u00e9len a fejlett f\u00e9mterm\u00e9kek \u00e9s a finom\u00edtott gy\u00e9m\u00e1ntok mellett. Az 1922-ben alap\u00edtott Belga-Luxemburg Gazdas\u00e1gi Uni\u00f3 k\u00e9t kis \u00e1llamot k\u00f6t \u00f6ssze egyetlen v\u00e1m- \u00e9s valuta\u00f6vezetbe, m\u00edg az EU-tags\u00e1g biztos\u00edtja a hozz\u00e1f\u00e9r\u00e9st az egys\u00e9ges piachoz.<\/p>\n<p>K\u00e9t gazdas\u00e1g l\u00e9tezik egym\u00e1s mellett Belgium hat\u00e1rain bel\u00fcl. Flandria, amely egykor vid\u00e9ki ter\u00fclet volt textilipari gy\u00f6kerekkel, a technol\u00f3gia, a gy\u00f3gyszeripar \u00e9s a szolg\u00e1ltat\u00e1sok k\u00f6zpontj\u00e1v\u00e1 n\u0151tte ki mag\u00e1t, \u00e9s az egy f\u0151re jut\u00f3 vagyon Eur\u00f3pa legmagasabbjai k\u00f6z\u00e9 tartozik. Vall\u00f3nia, amely t\u00f6rt\u00e9nelmileg a sz\u00e9nt\u0151l \u00e9s az ac\u00e9lt\u00f3l f\u00fcgg\u00f6tt, neh\u00e9zs\u00e9gekkel k\u00fczd\u00f6tt, amikor ezek az ipar\u00e1gak 1945 ut\u00e1n hanyatlottak; b\u00e1r innov\u00e1ci\u00f3s \u00e9s turisztikai k\u00f6zpontok alakultak ki, a munkan\u00e9lk\u00fclis\u00e9g tov\u00e1bbra is \u00e9szrevehet\u0151en magasabb. A szakad\u00e9k politikai vit\u00e1kat t\u00e1pl\u00e1l: az \u00e9szak-d\u00e9li megosztotts\u00e1g a k\u00f6lts\u00e9gvet\u00e9si transzferek \u00e9s a beruh\u00e1z\u00e1sok ter\u00e9n tov\u00e1bbra is alak\u00edtja a sz\u00f6vets\u00e9gi t\u00e1rgyal\u00e1sokat.<\/p>\n<p>A k\u00f6zleked\u00e9si infrastrukt\u00fara tov\u00e1bbra is er\u0151ss\u00e9g. Az aut\u00f3p\u00e1ly\u00e1k, vas\u00fatvonalak \u00e9s belv\u00edzi utak h\u00e1l\u00f3zata \u00f6sszek\u00f6ti a nagyobb v\u00e1rosokat. A Br\u00fcsszel-D\u00e9li \u00e1llom\u00e1s nemzetk\u00f6zi vonatokat ind\u00edt P\u00e1rizsba, Amszterdamba \u00e9s K\u00f6lnbe; a helyi nagysebess\u00e9g\u0171 j\u00e1ratok Lille-t \u00e9s Frankfurtot szolg\u00e1lj\u00e1k ki. A br\u00fcsszeli, charleroi-i \u00e9s antwerpeni rep\u00fcl\u0151terek l\u00e9gi \u00faton k\u00f6tik \u00f6ssze az orsz\u00e1got. A ker\u00e9kp\u00e1roz\u00e1s is n\u00e9pszer\u0171 olyan v\u00e1rosokban, mint Gent \u00e9s Leuven, ahol erre a c\u00e9lra kijel\u00f6lt s\u00e1vok h\u00faz\u00f3dnak a t\u00f6rt\u00e9nelmi utc\u00e1kon.<\/p>\n<p>2024. janu\u00e1r 1-j\u00e9n Belgium n\u00e9pess\u00e9g-nyilv\u00e1ntart\u00e1sa k\u00f6r\u00fclbel\u00fcl 11 763 650 lakost sz\u00e1ml\u00e1lt. Antwerpen tartom\u00e1ny vezet a n\u00e9ps\u0171r\u0171s\u00e9gben; Luxemburg tartom\u00e1ny a legkev\u00e9sb\u00e9 zs\u00fafolt. Flandri\u00e1ban mintegy 6,8 milli\u00f3 ember \u00e9l; Vall\u00f3ni\u00e1ban 3,7 milli\u00f3; Br\u00fcsszelben pedig 1,25 milli\u00f3. Ezek a sz\u00e1mok Flandri\u00e1ban nagyj\u00e1b\u00f3l 58 sz\u00e1zal\u00e9kot, Vall\u00f3ni\u00e1ban 31 sz\u00e1zal\u00e9kot, Br\u00fcsszelben pedig 11 sz\u00e1zal\u00e9kot jelentenek.<\/p>\n<p>A nyelv alak\u00edtja az identit\u00e1st. M\u00edg a holland \u00e9s a francia orsz\u00e1gszerte hivatalos nyelvnek vallja mag\u00e1t, Belgium alkotm\u00e1nya lehet\u0151v\u00e9 teszi az oktat\u00e1st \u00e9s az adminisztr\u00e1ci\u00f3t az egyes r\u00e9gi\u00f3k domin\u00e1ns nyelv\u00e9n. Keleten a n\u00e9met rendelkezik hivatalos st\u00e1tusszal. A nyelvj\u00e1r\u00e1sok tov\u00e1bbra is fennmaradtak: a flamand nyelvj\u00e1r\u00e1sok falvakban jelennek meg; a vallon nyelv, amely egykor elterjedt volt, ma m\u00e1r f\u0151k\u00e9nt az id\u0151sek k\u00f6r\u00e9ben \u00e9l. Br\u00fcsszelben a frankof\u00f3nok, hollandul besz\u00e9l\u0151k, valamint az Eur\u00f3p\u00e1b\u00f3l, Afrik\u00e1b\u00f3l \u00e9s \u00c1zsi\u00e1b\u00f3l \u00e9rkez\u0151 bev\u00e1ndorl\u00f3k kever\u00e9ke tov\u00e1bb bonyol\u00edtja a helyzetet. Nincs n\u00e9psz\u00e1ml\u00e1l\u00e1s, amely nyomon k\u00f6veti az anyanyelveket, \u00edgy a becsl\u00e9sek olyan krit\u00e9riumokon alapulnak, mint a sz\u00fcl\u0151k nyelve, az iskol\u00e1zotts\u00e1g \u00e9s a m\u00e1sodik nyelv haszn\u00e1lata.<\/p>\n<p>Belgium alkotm\u00e1nya r\u00f6gz\u00edti a vall\u00e1sszabads\u00e1got, \u00e9s h\u00e1rom vall\u00e1s kapott hivatalos elismer\u00e9st: a kereszt\u00e9nys\u00e9g, az iszl\u00e1m \u00e9s a judaizmus. A katolicizmus t\u00f6rt\u00e9nelmileg domin\u00e1ns vall\u00e1s volt, k\u00fcl\u00f6n\u00f6sen Flandri\u00e1ban, m\u00e9gis a heti templomba j\u00e1r\u00e1s ma m\u00e1r \u00f6t sz\u00e1zal\u00e9k k\u00f6zel\u00e9ben mozog. A cs\u00f6kken\u0151 l\u00e1togatotts\u00e1g ellen\u00e9re a vall\u00e1si fesztiv\u00e1lok \u00e9s zar\u00e1ndoklatok tov\u00e1bbra is fenn\u00e1llnak, \u00e9s a tournai-i sz\u00e9kesegyh\u00e1z vagy az Onze-Lieve-Vrouw-van-Banneux fel\u00e9 vezet\u0151 \u00fat tov\u00e1bbra is vonzza a h\u00edv\u0151ket. Mind az iszl\u00e1m, mind a judaizmus fenntart k\u00f6z\u00f6ss\u00e9gi k\u00f6zpontokat \u00e9s mecseteket vagy zsinag\u00f3g\u00e1kat, b\u00e1r a h\u00edv\u0151k n\u00e9ha el\u0151\u00edt\u00e9letekkel szembes\u00fclnek, k\u00fcl\u00f6n\u00f6sen a v\u00e1rosi k\u00f6zpontokon k\u00edv\u00fcl. A belga t\u00f6rv\u00e9ny v\u00e9di a vall\u00e1sgyakorl\u00e1s szabads\u00e1g\u00e1t; a 112-es seg\u00e9lyh\u00edv\u00f3sz\u00e1m a rend\u0151rs\u00e9gi, t\u0171zolt\u00f3s\u00e1gi \u00e9s orvosi ig\u00e9nyeket szolg\u00e1lja ki.<\/p>\n<p>A m\u0171v\u00e9szet r\u00e9g\u00f3ta vir\u00e1gzik Belgium f\u00f6ldj\u00e9ben. Rogier van der Weyden \u00e9s Jan van Eyck t\u00e1bl\u00e1it\u00f3l Ren\u00e9 Magritte nyers modernizmus\u00e1ig a belga fest\u0151k form\u00e1lt\u00e1k az eur\u00f3pai kult\u00far\u00e1t. Ma a br\u00fcsszeli Kir\u00e1lyi Sz\u00e9pm\u0171v\u00e9szeti M\u00fazeumok \u00e9s az antwerpeni Sz\u00e9pm\u0171v\u00e9szeti M\u00fazeum nemzeti kincseket \u0151riz; a br\u00fcsszeli Magritte M\u00fazeum a sz\u00fcrrealista \u00f6r\u00f6ks\u00e9get kutatja. A vizu\u00e1lis m\u0171v\u00e9szeteken t\u00fal a m\u00fazeumok a Bois-du-Luc-i sz\u00e9nb\u00e1ny\u00e1szatot, a Verviers-i textilsz\u00f6v\u00e9st \u00e9s az ypres-i In Flanders Fields M\u00fazeumban a h\u00e1bor\u00fa borzalmait mutatj\u00e1k be.<\/p>\n<p>Belgium kultur\u00e1lis \u00e9lete r\u00e9szben a sz\u00f6vets\u00e9gi berendezked\u00e9st t\u00fckr\u00f6zi; Vall\u00f3nia \u00e9s Flandria k\u00fcl\u00f6n-k\u00fcl\u00f6n szab\u00e1lyozza a m\u0171v\u00e9szetek finansz\u00edroz\u00e1s\u00e1t. Egykor hat k\u00e9tnyelv\u0171 egyetem l\u00e9tezett; ma m\u00e1r csak a katonai \u00e9s tenger\u00e9szeti akad\u00e9mi\u00e1k l\u00e9pik \u00e1t a nyelvi hat\u00e1rokat. A fesztiv\u00e1lok \u2013 a Gent Jazz, a Tomorrowland, a Les Ardentes \u2013 nemzetk\u00f6zi t\u00f6megeket vonzanak, m\u00edg az irodalmi d\u00edjak \u00e9s filmes esem\u00e9nyek a helyi tehets\u00e9geket emelik ki. A nyelvek, vall\u00e1sok \u00e9s t\u00f6rt\u00e9nelmek gazdag mozaikban fon\u00f3dnak \u00f6ssze, m\u00e9g akkor is, ha az akad\u00e1lyok tov\u00e1bbra is fenn\u00e1llnak.<\/p>\n<p>Belgium s\u00f6r-, csokol\u00e1d\u00e9- \u00e9s s\u00fctem\u00e9nypiac\u00e1r\u00f3l szerzett h\u00edrnevet nem k\u00edm\u00e9lnek. T\u00f6bb mint 1100 s\u00f6rfajta k\u00edn\u00e1lata sz\u00e1rmazik ap\u00e1ts\u00e1gi pinc\u00e9kb\u0151l \u00e9s kis\u00fczemi s\u00f6rf\u0151zd\u00e9kb\u0151l egyar\u00e1nt. A trappista s\u00f6r\u00f6k \u2013 mindegyik egy adott ap\u00e1ts\u00e1gi poh\u00e1rhoz k\u00f6tve \u2013 a szerzetesi hagyom\u00e1nyokat a modern \u00edzl\u00e9ssel \u00f6tv\u00f6zik, a westvletereni ap\u00e1ts\u00e1g s\u00f6re pedig gyakran vezeti a vil\u00e1granglist\u00e1kat. A leuveni sz\u00e9khely\u0171 Anheuser-Busch InBev tov\u00e1bbra is a vil\u00e1g legnagyobb s\u00f6rf\u0151zd\u00e9je mennyis\u00e9g szerint.<\/p>\n<p>Csokol\u00e1d\u00e9h\u00e1zak \u2013 Neuhaus, Godiva, C\u00f4te d&#039;Or, Leonidas \u2013 szeg\u00e9lyezik a v\u00e1ros k\u00f6r\u00fatjait, ablakaikban f\u00e9mes \u00e1rnyalatokkal ecsettel d\u00edsz\u00edtett pralin\u00e9k l\u00e1that\u00f3k. A k\u00e9zm\u0171ves csokol\u00e1d\u00e9k\u00e9sz\u00edt\u0151k kisebb t\u00e9telekben, a csokol\u00e1d\u00e9b\u00f3l a szeletig k\u00e9sz\u00fclt kre\u00e1ci\u00f3kat k\u00edn\u00e1lnak, egyetlen eredet\u0171 kaka\u00f3t tengeri s\u00f3val vagy vir\u00e1gmint\u00e1kkal p\u00e1ros\u00edtva.<\/p>\n<p>A s\u00f3s \u00e9telek az egyszer\u0171t\u0151l a bonyolultig terjednek. A s\u00fclt steak \u00e9s a s\u00fclt moules-frite nemzeti ikonok: a h\u00faslevesben p\u00e1rolt, puha kagyl\u00f3 ropog\u00f3s burgonya k\u00eds\u00e9ret\u00e9ben. A flamand carbonnade, egy marhah\u00fasb\u00f3l, s\u00f6rb\u0151l \u00e9s must\u00e1rb\u00f3l k\u00e9sz\u00fclt ragu, felmeleg\u00edti a t\u00e9li est\u00e9ket; a waterzooi, egy kr\u00e9mes hal- vagy csirkeh\u00fasleves, megnyugtat a h\u0171v\u00f6sebb napokon. Az end\u00edvia gratin mer\u00e9sz keser\u0171s\u00e9g\u00e9t a besamel enyh\u00edti, m\u00edg a folyami angoln\u00e1k z\u00f6ldf\u0171szeres m\u00e1rt\u00e1sban \u00faszk\u00e1lnak. A fah\u00e9jjal \u00e9s gy\u00f6mb\u00e9rrel f\u0171szerezett Speculoos kekszek az \u0151szi fesztiv\u00e1lokon jelennek meg, a gofrik pedig megosztj\u00e1k a h\u0171s\u00e9get: a br\u00fcsszeli st\u00edlus\u00fa k\u00f6nny\u0171 \u00e9s t\u00e9glalap alak\u00fa, a li\u00e8ge-i st\u00edlus\u00fa s\u0171r\u0171 \u00e9s karamellel telesz\u00f3rt.<\/p>\n<p>Belgium tov\u00e1bbra is biztons\u00e1gos \u00fati c\u00e9l az eur\u00f3pai m\u00e9rc\u00e9vel m\u00e9rve. Az er\u0151szakos b\u0171ncselekm\u00e9nyek ritk\u00e1k, b\u00e1r a zsebtolvajl\u00e1s \u00e9s a t\u00e1skalop\u00e1s el\u0151fordul a turisztikai k\u00f6zpontokban. Az alapvet\u0151 \u00f3vatoss\u00e1g \u2013 t\u00f6megben a t\u00e1rgyak megfigyel\u00e9se, a rosszul megvil\u00e1g\u00edtott utc\u00e1k elker\u00fcl\u00e9se \u2013 a legt\u00f6bb utaz\u00f3 sz\u00e1m\u00e1ra elegend\u0151. A vid\u00e9ki ter\u00fcleteken kevesebb a faji vagy vall\u00e1si zaklat\u00e1s esete, de el\u0151\u00edt\u00e9letek is felsz\u00ednre ker\u00fclhetnek, k\u00fcl\u00f6n\u00f6sen a l\u00e1that\u00f3 kisebbs\u00e9gekkel szemben. Az LMBTQ l\u00e1togat\u00f3k bar\u00e1ts\u00e1gos enkl\u00e1v\u00e9kra tal\u00e1lnak Br\u00fcsszelben, Antwerpenben \u00e9s Gentben, m\u00e9g akkor is, ha elszigetelt intolerancia-megnyilv\u00e1nul\u00e1sok el\u0151fordulhatnak. A k\u00e1b\u00edt\u00f3szer-t\u00f6rv\u00e9nyek b\u00edrs\u00e1got szabnak ki kis mennyis\u00e9g\u0171 kannabisz birtokl\u00e1s\u00e1\u00e9rt; a nyilv\u00e1nos helyen t\u00f6rt\u00e9n\u0151 ittass\u00e1g a 2010-es \u00e9vek eleje \u00f3ta cs\u00f6kkent, de id\u0151nk\u00e9nt \u00e9jszaka probl\u00e9m\u00e1kat okoz a v\u00e1rosk\u00f6zpontokban.<\/p>\n<p>Belgium t\u00f6rt\u00e9nete r\u00e9tegekb\u0151l \u00e1ll \u2013 geol\u00f3giai, nyelvi, politikai \u00e9s kultur\u00e1lis. S\u00edk mez\u0151in \u00e9s erd\u0151s dombjain k\u00f6z\u00e9pkori harangtornyok \u00e9s cs\u00facstechnol\u00f3gi\u00e1s laborat\u00f3riumok tal\u00e1lhat\u00f3k. Polg\u00e1rai t\u00f6bb nyelven besz\u00e9lgetnek; korm\u00e1nyai t\u00f6bb gy\u0171l\u00e9sen kereszt\u00fcl t\u00e1rgyalnak a hatalomr\u00f3l. Egy l\u00e1togat\u00f3, aki csak egy d\u00e9lut\u00e1nt t\u00f6lt a Grand Place-en, megpillanthatja a sz\u00e9ps\u00e9get, de csak azok \u00e9rzik meg, milyen m\u00e9lyre h\u00faz\u00f3dnak a k\u00f6rvonalai, akik ker\u00e9kp\u00e1rral kelnek \u00e1t az Ardenneken, \u00f6sszehasonl\u00edtanak egy flamand k\u00e1v\u00e9z\u00f3t egy vallon s\u00f6r\u00f6z\u0151vel, \u00e9s v\u00e9gigk\u00f6vetik az ypres-i h\u00e1bor\u00fas temet\u0151ket.<\/p>\n<p>Ezekben a sz\u0171k tartom\u00e1nyokban Eur\u00f3pa m\u00faltja \u00e9s jelene \u00f6sszefon\u00f3dik. Minden v\u00e1ros, minden falu egy fejezetet k\u00edn\u00e1l: a karoling udvarokt\u00f3l a mai eur\u00f3pai int\u00e9zm\u00e9nyekig; a leuveni k\u00f6nyvt\u00e1r fresk\u00f3kkal d\u00edsz\u00edtett falait\u00f3l az Atomium modern vonalaiig. A komplexit\u00e1s \u2013 politikai, nyelvi, f\u00f6ldrajzi \u2013 \u00e1t\u00f6lel\u00e9s\u00e9vel Belgium egy olyan emberi t\u00f6rt\u00e9netet t\u00e1r fel, amely sem k\u00f6zhelyekben, sem k\u00f6nny\u0171 leegyszer\u0171s\u00edt\u00e9sekben nem nyugszik. Az itt elt\u00f6lt\u00f6tt id\u0151 annyit tesz, mint alaposan megfigyelni, tan\u00faja lenni mind a sebeknek, mind a mesters\u00e9gnek, amely oly sok \u00fat k\u00f6zep\u00e9n form\u00e1lta ezt a f\u00f6ldet.<\/p>","protected":false},"excerpt":{"rendered":"<p>A 30 689 n\u00e9gyzetkilom\u00e9ter (11 849 n\u00e9gyzetm\u00e9rf\u00f6ld) ter\u00fclet\u0171 Belgium \u00e9szaknyugat-Eur\u00f3p\u00e1j\u00e1ban t\u00f6bb mint 11,7 milli\u00f3 lakossal rendelkezik. Figyelemre m\u00e9lt\u00f3, 383 f\u0151\/n\u00e9gyzetkilom\u00e9ter (990\/n\u00e9gyzetm\u00e9rf\u00f6ld) s\u0171r\u0171s\u00e9g\u00e9vel Belgium a 22. legs\u0171r\u0171bben lakott nemzet a vil\u00e1gon \u00e9s a hatodik Eur\u00f3p\u00e1ban. Az orsz\u00e1g strat\u00e9giai elhelyezked\u00e9se Nyugat-Eur\u00f3pa tal\u00e1lkoz\u00e1s\u00e1n\u00e1l nagym\u00e9rt\u00e9kben befoly\u00e1solta politikai \u00f6sszetetts\u00e9g\u00e9t, t\u00f6rt\u00e9nelmi fejl\u0151d\u00e9s\u00e9t \u00e9s kultur\u00e1lis soksz\u00edn\u0171s\u00e9g\u00e9t.<\/p>","protected":false},"author":1,"featured_media":4167,"parent":24078,"menu_order":0,"comment_status":"closed","ping_status":"closed","template":"elementor_theme","meta":{"_eb_attr":"","footnotes":""},"class_list":["post-14562","page","type-page","status-publish","has-post-thumbnail"],"_links":{"self":[{"href":"https:\/\/travelshelper.com\/hu\/wp-json\/wp\/v2\/pages\/14562","targetHints":{"allow":["GET"]}}],"collection":[{"href":"https:\/\/travelshelper.com\/hu\/wp-json\/wp\/v2\/pages"}],"about":[{"href":"https:\/\/travelshelper.com\/hu\/wp-json\/wp\/v2\/types\/page"}],"author":[{"embeddable":true,"href":"https:\/\/travelshelper.com\/hu\/wp-json\/wp\/v2\/users\/1"}],"replies":[{"embeddable":true,"href":"https:\/\/travelshelper.com\/hu\/wp-json\/wp\/v2\/comments?post=14562"}],"version-history":[{"count":0,"href":"https:\/\/travelshelper.com\/hu\/wp-json\/wp\/v2\/pages\/14562\/revisions"}],"up":[{"embeddable":true,"href":"https:\/\/travelshelper.com\/hu\/wp-json\/wp\/v2\/pages\/24078"}],"wp:featuredmedia":[{"embeddable":true,"href":"https:\/\/travelshelper.com\/hu\/wp-json\/wp\/v2\/media\/4167"}],"wp:attachment":[{"href":"https:\/\/travelshelper.com\/hu\/wp-json\/wp\/v2\/media?parent=14562"}],"curies":[{"name":"wp","href":"https:\/\/api.w.org\/{rel}","templated":true}]}}