{"id":14519,"date":"2024-09-19T17:42:33","date_gmt":"2024-09-19T17:42:33","guid":{"rendered":"https:\/\/travelshelper.com\/staging\/?page_id=14519"},"modified":"2026-03-11T22:28:37","modified_gmt":"2026-03-11T22:28:37","slug":"mostar","status":"publish","type":"page","link":"https:\/\/travelshelper.com\/hu\/destinations\/europe\/bosnia-and-herzegovina\/mostar\/","title":{"rendered":"Mostar"},"content":{"rendered":"<p>Mostar egy keskeny szurdokban fekszik, ahol a Neretva foly\u00f3 smaragdz\u00f6ld sodr\u00e1sa szikl\u00e1s lejt\u0151k k\u00f6z\u00f6tt v\u00e1j \u00f6sv\u00e9nyt. Bosznia-Hercegovina F\u00f6der\u00e1ci\u00f3j\u00e1ban tal\u00e1lhat\u00f3 Hercegovina-Neretva kanton k\u00f6zigazgat\u00e1si k\u00f6zpontjak\u00e9nt Hercegovina t\u00f6rt\u00e9nelmi f\u0151v\u00e1rosak\u00e9nt is viseli mag\u00e1n r\u00e9gebbi st\u00e1tusz\u00e1t. Ma a v\u00e1ros az orsz\u00e1g \u00f6t\u00f6dik legnagyobb n\u00e9pess\u00e9g\u0171 v\u00e1rosa, m\u00e9gis kompakt v\u00e1rosi sz\u00f6vete \u00e9vsz\u00e1zadokra visszany\u00fal\u00f3 \u00f6r\u00f6ks\u00e9g, konfliktusok \u00e9s meg\u00fajul\u00e1s \u00f6sszetetts\u00e9g\u00e9t rejti.<\/p>\n<p>A 15. sz\u00e1zad k\u00f6zepi oszm\u00e1n h\u00f3d\u00edt\u00e1st\u00f3l kezdve Mostar identit\u00e1sa elv\u00e1laszthatatlann\u00e1 v\u00e1lt az \u00d6reg h\u00eddt\u00f3l, vagyis a Stari Mostt\u00f3l. A Nagy Szulejm\u00e1n szult\u00e1n megb\u00edz\u00e1s\u00e1b\u00f3l 1566-ban elk\u00e9sz\u00fclt, egyetlen \u00edvb\u0151l \u00e1ll\u00f3 k\u0151h\u00edd 28,7 m\u00e9ter sz\u00e9les volt, \u00e9s 21 m\u00e9terrel emelkedett a ny\u00e1ri v\u00edzvonal f\u00f6l\u00e9. T\u00f6k\u00e9letesen f\u00e9lk\u00f6r\u00edves boltozata, amelyet m\u00e1zas m\u00e9szk\u0151t\u00f6mb\u00f6kb\u0151l k\u00e9sz\u00edtettek, repedezett k\u0151vel kit\u00f6ltve, k\u00eds\u00e9rletez\u0151 magabiztoss\u00e1got testes\u00edtett meg. A helyi legenda Hajrudinnak, a nagy \u00e9p\u00edt\u00e9sz, Sinan tan\u00edtv\u00e1ny\u00e1nak tulajdon\u00edtja a tervez\u00e9st; val\u00f3j\u00e1ban a h\u00edd az oszm\u00e1n Balk\u00e1n legkiemelked\u0151bb \u00e9p\u00edt\u0151m\u00e9rn\u00f6ki alkot\u00e1sai k\u00f6z\u00e9 tartozott. A h\u00edd oldals\u00f3 tornyai \u2013 a Halebija \u00e9s a Tara \u2013 egykor \u0151r\u00f6ket \u00e9s l\u0151szereket is befogadtak, szil\u00e1rdan r\u00f6gz\u00edtett falazatuk az \u00e1tkel\u0151hely katonai \u00e9s polg\u00e1ri c\u00e9lj\u00e1t is hangs\u00falyozta.<\/p>\n<p>A h\u00eddon t\u00fal Mostar k\u00f6z\u00e9pkori eml\u00e9kei csak t\u00f6red\u00e9keket hagytak maguk ut\u00e1n. A korai er\u0151d\u00edtm\u00e9nyek mag\u00e1nyos maradv\u00e1nya, a Hercegovai-torony a keleti part felett magasodik. A foly\u00f3 t\u00faloldal\u00e1n az oszm\u00e1n t\u00f6rekv\u00e9sek \u00e1talak\u00edtott\u00e1k a v\u00e1rost. Az \u00fajonnan l\u00e9trehozott szandzs\u00e1k igazgat\u00e1sai mecsetkomplexumokba fektettek be, amelyek imatermeket, kor\u00e1niskol\u00e1kat, piacokat \u00e9s n\u00e9pkonyh\u00e1kat kombin\u00e1ltak, egyetlen \u00f6vezetbe \u00e1gyazva a hitet \u00e9s a szoci\u00e1lis j\u00f3l\u00e9tet. Az 1552-b\u0151l sz\u00e1rmaz\u00f3 Cejvan Cehaj-mecset a legr\u00e9gebbi fennmaradt muszlim imah\u00e1z. A k\u00f6zelben tal\u00e1lhat\u00f3 a Kriva \u0106uprija \u2013 apr\u00f3, 1558-as \u201eLejt\u0151s h\u00eddja\u201d \u2013 mag\u00e1t az \u00d6reg hidat el\u0151revet\u00edtette, amely egyszerre szolg\u00e1lt a technika pr\u00f3b\u00e1jak\u00e9nt \u00e9s \u00f6sszek\u00f6t\u0151 kapocsk\u00e9nt a k\u00e9s\u0151bbi kereskedelmi negyedek k\u00f6z\u00f6tt.<\/p>\n<p>H\u00e1rom \u00e9vsz\u00e1zadon kereszt\u00fcl a v\u00e1rosk\u00e9p egym\u00e1st k\u00f6vet\u0151 hat\u00e1sokat sz\u00edvott mag\u00e1ba. A k\u00e9s\u0151 oszm\u00e1n h\u00e1zak jellegzetes lak\u00f3\u00e9p\u00fclet-elrendez\u00e9st alkalmaztak: f\u00f6ldszinti csarnokkal, k\u00f6vezett udvarral \u00e9s egy verand\u00e1ra ny\u00edl\u00f3 fels\u0151 lak\u00f3szinttel. A mintegy h\u00e1rom \u00e9vsz\u00e1zaddal ezel\u0151tt \u00e9p\u00fclt Muslibegovi\u0107-h\u00e1z tal\u00e1n a legszebb p\u00e9lda, n\u00e9gyszintes alaprajza k\u00fcl\u00f6n n\u0151i \u00e9s f\u00e9rfi udvarokat foglal mag\u00e1ban, \u00e9s dupla \u00edv\u0171 bej\u00e1rat\u00e1ban mediterr\u00e1n hat\u00e1sokat fedez fel. Az eredeti tizenh\u00e1rom 16. \u00e9s 17. sz\u00e1zadi mecset k\u00f6z\u00fcl h\u00e9t ideol\u00f3giai bont\u00e1sok vagy h\u00e1bor\u00fak \u00e1ldozata lett a 20. sz\u00e1zadban; a Kara\u0111oz Bey-mecset (1557) ma is \u00e1ll, ak\u00e1rcsak a Koski Mehmed Pa\u0161a-mecset (1617), amelyet a h\u00e1bor\u00fas romok ut\u00e1n \u00fajj\u00e1\u00e9p\u00edtettek, \u00e9s ma is nyitva \u00e1ll a l\u00e1togat\u00f3k el\u0151tt, akik felm\u00e1sznak a minaretj\u00e9re, hogy panor\u00e1m\u00e1s kil\u00e1t\u00e1st kapjanak az \u00d3v\u00e1rosra.<\/p>\n<p>A 20. sz\u00e1zad fordul\u00f3ja az osztr\u00e1k-magyar uralom bek\u00f6sz\u00f6nt\u00e9vel neoklasszicista \u00e9s szecesszi\u00f3s k\u00f6z\u00e9p\u00fcleteket hozott Mostar utc\u00e1ira. A Szenth\u00e1roms\u00e1g ortodox sz\u00e9kesegyh\u00e1z, amely 1873-ban k\u00e9sz\u00fclt el Abdul Aziz szult\u00e1n aj\u00e1nd\u00e9kak\u00e9nt, \u00e9s az olasz st\u00edlus\u00fa ferences templom a kereszt\u00e9ny jelenl\u00e9tet er\u0151s\u00edti a mecsetek \u00e9s a 20. sz\u00e1zad eleji zsinag\u00f3ga mellett, amelyet a m\u00e1sodik vil\u00e1gh\u00e1bor\u00fas k\u00e1rok ut\u00e1n sz\u00ednh\u00e1zk\u00e9nt alak\u00edtottak \u00e1t. A fogad\u00f3k, keresked\u0151k \u00fczletei, t\u00edm\u00e1rs\u00e1gok \u00e9s sz\u00f6k\u0151kutak tan\u00faskodnak az egykor vir\u00e1gz\u00f3 k\u00e9zm\u0171ves gazdas\u00e1gr\u00f3l; sz\u00e1mos \u00fczlet kirakat\u00e1ban m\u00e9g mindig l\u00e1that\u00f3k r\u00e9zed\u00e9nyek, bronzfaragv\u00e1nyok \u00e9s gr\u00e1n\u00e1talma mot\u00edvumok \u2013 ut\u00f3bbi Hercegovina jelk\u00e9pe \u2013, m\u00edg a Kujund\u017eiluk baz\u00e1r megtartotta az \u201e\u00f6tv\u00f6s\u00f6k utc\u00e1ja\u201d nev\u00e9t.<\/p>\n<p>Mindezek az elemek 2005-ben elismer\u00e9st kaptak, amikor az UNESCO felvette Mostar \u00f3v\u00e1ros\u00e1nak \u00d6reg H\u00edd k\u00f6rny\u00e9k\u00e9t a vil\u00e1g\u00f6r\u00f6ks\u00e9g r\u00e9sz\u00e9v\u00e9, hivatkozva kultur\u00e1lis jelent\u0151s\u00e9g\u00e9re \u00e9s a \u201e16. sz\u00e1zadi balk\u00e1ni iszl\u00e1m \u00e9p\u00edt\u00e9szet kiemelked\u0151 p\u00e9ld\u00e1j\u00e1ra\u201d. A kijel\u00f6lt ter\u00fclet 7,6 hekt\u00e1rt foglal el, amelyb\u0151l 47,6 hekt\u00e1rnyi pufferz\u00f3na tal\u00e1lhat\u00f3.<\/p>\n<p>A h\u00e1bor\u00fa \u00e1rny\u00e9ka azonban puszt\u00edt\u00f3 er\u0151vel terjedt. Az 1992\u20131995-\u00f6s Jugoszl\u00e1vi\u00e1t sz\u00e9tz\u00faz\u00f3 konfliktus sor\u00e1n Mostar volt Bosznia-Hercegovina legjobban bomb\u00e1zott v\u00e1rosa. L\u00e9gicsap\u00e1sok \u00e9s t\u00fcz\u00e9rs\u00e9g rombolta a polg\u00e1ri negyedeket, a kultur\u00e1lis nevezetess\u00e9geket \u00e9s a v\u00e1rosi sz\u00f6vet gerinc\u00e9t. 1993 november\u00e9ben a Stari Most \u00f6sszeomlott a Horv\u00e1t V\u00e9delmi Tan\u00e1cs er\u0151inek t\u00fcz\u00e9ben. H\u00e9t mecset, h\u00e1z \u00e9s h\u00edd pusztult el a harcok \u00e9s az etnikai visz\u00e1lyok sor\u00e1n, a v\u00e1rost \u00faj t\u00f6r\u00e9svonalak ment\u00e9n kett\u00e9osztva.<\/p>\n<p>Nemzetk\u00f6zi t\u00e1mogat\u00e1ssal komoly er\u0151kkel megkezd\u0151d\u00f6tt az \u00fajj\u00e1\u00e9p\u00edt\u00e9s. A foly\u00f3mederb\u0151l kiemelt k\u0151t\u00f6mb\u00f6k biztos\u00edtott\u00e1k az eredeti anyagot a f\u00e1rads\u00e1gos \u00fajj\u00e1\u00e9p\u00edt\u00e9shez. 2004-re \u2013 k\u00f6zel tizenegy \u00e9vvel a h\u00edd leoml\u00e1sa ut\u00e1n \u2013 az \u00d6reg h\u00edd ism\u00e9t emelkedett, a 16. sz\u00e1zadi vonalak visszhangja helyre\u00e1llt. Az \u00e1tkel\u0151hely mellett 2006-ban felavatott m\u00fazeum dokument\u00e1lja mind a t\u00e9r alatt felt\u00e1rt k\u00f6z\u00e9pkori alapokat, mind az \u00fajj\u00e1\u00e9p\u00edt\u00e9s sor\u00e1n alkalmazott modern m\u00e9rn\u00f6ki m\u00f3dszereket.<\/p>\n<p>A h\u00e1bor\u00fa ut\u00e1n Mostar demogr\u00e1fiai \u00f6sszet\u00e9tele jelent\u0151sen megv\u00e1ltozott. 1992 el\u0151tt a v\u00e1ros az orsz\u00e1g etnikailag legsoksz\u00edn\u0171bb v\u00e1rosai k\u00f6z\u00e9 tartozott. Ma a horv\u00e1tok a nyugati ker\u00fcletekben alkotnak t\u00f6bbs\u00e9get (a v\u00e1ros lakoss\u00e1g\u00e1nak 48,4 sz\u00e1zal\u00e9ka), a keleti ker\u00fcletekben a bosny\u00e1kok domin\u00e1lnak (44,1 sz\u00e1zal\u00e9k), a szerbek pedig alig t\u00f6bb mint 4 sz\u00e1zal\u00e9kot tesznek ki. A 2008-as v\u00e1laszt\u00f3i n\u00e9vjegyz\u00e9kek azt mutatj\u00e1k, hogy h\u00e1rom nyugati, horv\u00e1t t\u00f6bbs\u00e9g\u0171 ker\u00fcletben mintegy 53 917 v\u00e1laszt\u00f3polg\u00e1rt regisztr\u00e1ltak, m\u00edg a keleti, bosny\u00e1k t\u00f6bbs\u00e9g\u0171 oldalon 34 712 v\u00e1laszt\u00f3polg\u00e1r volt. A v\u00e1rosi megosztotts\u00e1g tov\u00e1bbra is fenn\u00e1ll az iskol\u00e1ztat\u00e1s, a kultur\u00e1lis int\u00e9zm\u00e9nyek \u00e9s a k\u00f6zterek ter\u00e9n, b\u00e1r a k\u00f6z\u00f6s \u00f6r\u00f6ks\u00e9gi helysz\u00ednek vonzz\u00e1k a turist\u00e1kat a kor\u00e1bbi frontvonalakon kereszt\u00fcl.<\/p>\n<p>A modern Mostar nem csup\u00e1n az eml\u00e9kekre \u00e9s a m\u0171eml\u00e9kekre \u00e9p\u00fcl. Gazdas\u00e1ga az alum\u00ednium- \u00e9s f\u00e9miparra, a banki tev\u00e9kenys\u00e9gre \u00e9s a telekommunik\u00e1ci\u00f3ra \u00e9p\u00fcl. Az Aluminij Industries, amely egykor a jugoszl\u00e1v koh\u00e1szat egyik pill\u00e9re volt, tov\u00e1bbra is vezet\u0151 export\u0151r, \u00e9s \u00e9vente nagyj\u00e1b\u00f3l 40 milli\u00f3 eur\u00f3t termel a v\u00e1rosi kincst\u00e1rnak. Bosznia-Hercegovina h\u00e1rom legnagyobb bankja k\u00f6z\u00fcl az egyik Mostarban tal\u00e1lhat\u00f3. A v\u00e1rosban tal\u00e1lhat\u00f3 az orsz\u00e1gos villamosenergia-szolg\u00e1ltat\u00f3 (Elektroprivreda HZHB), egy postat\u00e1rsas\u00e1g (Hrvatska po\u0161ta Mostar) \u00e9s egy jelent\u0151s t\u00e1vk\u00f6zl\u00e9si szolg\u00e1ltat\u00f3 (HT Eronet). Ezek az \u00e1llami v\u00e1llalatok a kis- \u00e9s k\u00f6z\u00e9pv\u00e1llalkoz\u00e1sokkal egy\u00fctt er\u0151s\u00edtik a h\u00e1bor\u00fa \u00f3ta jelent\u0151sen helyre\u00e1llt \u00fczleti kl\u00edm\u00e1t.<\/p>\n<p>Minden tavasszal a Nemzetk\u00f6zi Gazdas\u00e1gi V\u00e1s\u00e1r helyi c\u00e9geket \u00e9s k\u00fclf\u00f6ldi deleg\u00e1ci\u00f3kat h\u00edv \u00f6ssze, fel\u00e9lesztve azt a kereskedelmi hagyom\u00e1nyt, amely egykor Hercegovina j\u00f3l\u00e9t\u00e9nek alapj\u00e1t k\u00e9pezte. A sz\u00e9ler\u0151m\u0171vek tervei \u00e9s a b\u0151v\u00fcl\u0151 \u0106iro \u00f6sv\u00e9ny \u2013 egy 157 km hossz\u00fa ker\u00e9kp\u00e1r\u00fat, amely a megsz\u0171nt keskeny nyomt\u00e1v\u00fa vasutat k\u00f6veti Dubrovnik fel\u00e9 \u2013 az energia \u00e9s a turizmus diverzifik\u00e1ci\u00f3j\u00e1t jelzik. A v\u00e1ros k\u00fclter\u00fclet\u00e9n tal\u00e1lhat\u00f3 h\u00e1rom v\u00edzer\u0151m\u0171 m\u00e1r most is meg\u00fajul\u00f3 energi\u00e1t szolg\u00e1ltat.<\/p>\n<p>\u00c9ghajlatilag Mostar a mediterr\u00e1n meleg \u00e9s a sz\u00e1razf\u00f6ldi p\u00e1ratartalom tal\u00e1lkoz\u00e1s\u00e1n\u00e1l fekszik. A K\u00f6ppen-besorol\u00e1s szerint egy m\u00f3dos\u00edtott Cfa-rendszerbe tartozik: a telek h\u0171v\u00f6sek \u00e9s nedvesek, a nyarak forr\u00f3k \u00e9s viszonylag sz\u00e1razak. Janu\u00e1rban az \u00e1tlagh\u0151m\u00e9rs\u00e9klet 5 \u00b0C k\u00f6r\u00fcl, j\u00faliusban 26 \u00b0C k\u00f6r\u00fcl alakul, \u00e9s a h\u0151m\u00e9rs\u00e9klet 40 \u00b0C f\u00f6l\u00e9 is emelkedhet; a rekordmagass\u00e1g 46,2 \u00b0C, amelyet 1901-ben m\u00e9rtek, \u00e9s amelyre az orsz\u00e1g m\u00e1s r\u00e9szein nem volt p\u00e9lda. J\u00faniust\u00f3l szeptemberig domin\u00e1l a naps\u00fct\u00e9s, \u00edgy Mostar Bosznia-Hercegovina legnaposabb v\u00e1rosa, mintegy 2291 \u00f3r\u00e1val \u00e9vente. A havaz\u00e1s ritka, \u00e9s ritk\u00e1n marad meg sok\u00e1ig.<\/p>\n<p>F\u0151 m\u0171eml\u00e9kein t\u00fal Mostar t\u00f6rt\u00e9nelmi r\u00e9tegeket k\u00edn\u00e1l a figyelmes l\u00e1togat\u00f3nak. A Bogdan Bogdanovi\u0107 \u00e1ltal organikus k\u0151- \u00e9s v\u00edzkont\u00farokkal tervezett m\u00e1sodik vil\u00e1gh\u00e1bor\u00fas partiz\u00e1ntemet\u0151 a term\u00e9szetes z\u00f6ld n\u00f6v\u00e9nyzetet \u00fcnnep\u00e9lyes \u00e9p\u00edt\u00e9szettel \u00f6tv\u00f6zi. A Cim-i \u00f3kereszt\u00e9ny maradv\u00e1nyok, az oszm\u00e1n hamamok, a zsid\u00f3 eml\u00e9ktemet\u0151 \u00e9s az oszm\u00e1n eredet\u0171 \u00f3ratorony a vall\u00e1sok \u00e9s korszakok sokf\u00e9les\u00e9g\u00e9r\u0151l tan\u00faskodnak. A Metropolita palota (1908) \u00e9s a Szenth\u00e1roms\u00e1g-sz\u00e9kesegyh\u00e1z az osztr\u00e1k-magyar hat\u00e1sr\u00f3l tan\u00faskodik. A G\u00f6rbe h\u00edd, amelynek karcs\u00fa feszt\u00e1vols\u00e1ga a Stari Most kev\u00e9sb\u00e9 hasonl\u00edt, a keresked\u0151negyedek k\u00f6z\u00f6tt helyezkedik el.<\/p>\n<p>Hercegovin\u00e1ba tett kir\u00e1ndul\u00e1sok b\u0151v\u00edtik a v\u00e1ros t\u00f6rt\u00e9net\u00e9t. A k\u00f6zelben tal\u00e1lhat\u00f3 a medjugorjei zar\u00e1ndokhely, a meredek szikla alatt megb\u00fav\u00f3 tekijai derviskolostor Blagajban, valamint a k\u00f6z\u00e9pkori Po\u010ditelj er\u0151d\u00edtm\u00e9ny oszm\u00e1n kori er\u0151d\u00edtm\u00e9nyeivel. A kravicai v\u00edzes\u00e9sek, a mogorjeloi r\u00f3mai villa rustica, a stolaci \u0151skori s\u00edrhalmok \u00e9s a Popovo Polje k\u00f6zel\u00e9ben tal\u00e1lhat\u00f3 karsztvid\u00e9ken tal\u00e1lhat\u00f3 Vjetrenica-barlang az emberi \u00e9s geol\u00f3giai id\u0151 pillanatk\u00e9peit k\u00edn\u00e1lj\u00e1k. Egy r\u00f6vid aut\u00f3\u00fatra a Hutovo Blato term\u00e9szetv\u00e9delmi parkba vagy Neumon kereszt\u00fcl az Adriai-tenger partj\u00e1ra juthatunk.<\/p>\n<p>Mostar k\u00f6zleked\u00e9si art\u00e9ri\u00e1i a hagyom\u00e1nyok \u00e9s az \u00e1tmeneti id\u0151szak tal\u00e1lkoz\u00e1s\u00e1t t\u00fckr\u00f6zik. A keleti \u00e9s nyugati oldalon tal\u00e1lhat\u00f3 buszp\u00e1lyaudvarok \u00f6sszek\u00f6tik a v\u00e1rost Szarajev\u00f3val, Z\u00e1gr\u00e1bbal \u00e9s Dubrovnikcal, valamint Bosznia-Hercegovina region\u00e1lis k\u00f6zpontjaival. Naponta k\u00e9tszer k\u00f6zlekednek vonatok a sz\u00e1razf\u00f6ldi f\u0151v\u00e1rosba. K\u00f6z\u00faton az A1-es aut\u00f3p\u00e1lya Horv\u00e1torsz\u00e1gb\u00f3l a Bija\u010da hat\u00e1r\u00e1tkel\u0151helyig vezet, majd a fest\u0151i Neretva-v\u00f6lgyi \u00fatvonalon tov\u00e1bb Szarajev\u00f3 fel\u00e9. A Mostari Nemzetk\u00f6zi Rep\u00fcl\u0151t\u00e9rr\u0151l \u2013 amely az \u00e1llom\u00e1st\u00f3l 7,5 km-re d\u00e9lre tal\u00e1lhat\u00f3 \u2013 rendszeresen indulnak j\u00e1ratok Z\u00e1gr\u00e1bba, Belgr\u00e1dba, Isztambulba \u00e9s szezon\u00e1lis olaszorsz\u00e1gi \u00fati c\u00e9lokba. A rep\u00fcl\u0151teret helyi transzferbuszok \u00fczemeltetik a Horv\u00e1torsz\u00e1gba tart\u00f3 j\u00e1ratokhoz, b\u00e1r az utaz\u00f3k gyakran taxikra t\u00e1maszkodnak a sz\u00e9lesebb k\u00f6r\u0171 csatlakoz\u00e1sok \u00e9rdek\u00e9ben.<\/p>\n<p>Az \u00d3v\u00e1roson bel\u00fcl macskak\u00f6ves utc\u00e1k vezetnek felfel\u00e9 a k\u00e1v\u00e9z\u00f3k \u00e9s k\u00e9zm\u0171ves m\u0171helyek fel\u00e9. A k\u00e9zm\u0171vesek m\u00e9g mindig kalap\u00e1lnak r\u00e9zt\u00e1ny\u00e9rokat, festik a Stari Most miniat\u0171r \u00e1br\u00e1zol\u00e1sait, \u00e9s gr\u00e1n\u00e1talmalev\u00e9l mot\u00edvumokat faragnak f\u00e1ba. A R\u00e9gi Baz\u00e1r, a Kujund\u017eiluk, tov\u00e1bbra is \u00f6tv\u00f6s\u00f6k \u00e9s fest\u0151k enkl\u00e1v\u00e9jak\u00e9nt m\u0171k\u00f6dik. A ny\u00e1ri hossz\u00fa f\u00e9nyben a Mostari B\u00fav\u00e1rklub b\u00fav\u00e1rai a h\u00eddr\u00f3l az alattuk kavarg\u00f3 foly\u00f3ba vetik magukat, a b\u00e1m\u00e9szkod\u00f3k \u00e1ltal dob\u00e1lt \u00e9rm\u00e9ket szerezve, \u00e9s meg\u0151rizve a b\u00e1tors\u00e1g \u00e9vsz\u00e1zados r\u00edtus\u00e1t.<\/p>\n<p>Mostar nem a k\u00f6nny\u0171 ellent\u00e9tek v\u00e1rosa. Kecses \u00edvei \u00e9s d\u00edszes homlokzatai az eml\u00e9kezet t\u00f6r\u00e9svonalait \u00e9s a megb\u00e9k\u00e9l\u00e9sre ir\u00e1nyul\u00f3 folyamatos er\u0151fesz\u00edt\u00e9seket rejtik. M\u00e9gis minden egyes k\u0151 tan\u00faskodik mind a szak\u00edt\u00e1s er\u0151szakoss\u00e1g\u00e1r\u00f3l, mind a helyre\u00e1ll\u00edt\u00e1s t\u00fcrelm\u00e9r\u0151l. Sz\u0171k utc\u00e1in \u00e9s naps\u00fct\u00f6tte terein a Neretva \u00e1raml\u00e1sa \u00e1lland\u00f3 ellenpont marad: egyszerre a meg\u00fajul\u00e1s ereje \u00e9s t\u00fck\u00f6r a v\u00e1ros sz\u00e1mtalan arca el\u0151tt.<\/p>","protected":false},"excerpt":{"rendered":"<p>A k\u00f6r\u00fclbel\u00fcl 113 000 lakos\u00fa Mostar a Bosznia-Hercegovinai F\u00f6der\u00e1ci\u00f3hoz tartoz\u00f3 Hercegovina-Neretva kanton k\u00f6zigazgat\u00e1si k\u00f6zpontjak\u00e9nt m\u0171k\u00f6dik. A Neretva foly\u00f3 partj\u00e1n fekv\u0151 Mostar Bosznia-Hercegovina \u00f6t\u00f6dik legnagyobb v\u00e1rosa \u00e9s Hercegovina egykori f\u0151v\u00e1rosa. A \u201emostari\u201d vagy a h\u00edd\u0151r\u00f6k sz\u00f3b\u00f3l eredeztethet\u0151 neve a h\u00edres Stari Most-hoz (R\u00e9gi h\u00edd) val\u00f3 szoros kapcsolat\u00e1t t\u00fckr\u00f6zi, amely nemcsak Mostart, hanem az eg\u00e9sz ter\u00fclet gazdag kultur\u00e1lis mozaikj\u00e1t is k\u00e9pviseli.<\/p>","protected":false},"author":1,"featured_media":3616,"parent":14500,"menu_order":0,"comment_status":"closed","ping_status":"closed","template":"elementor_theme","meta":{"_eb_attr":"","footnotes":""},"class_list":["post-14519","page","type-page","status-publish","has-post-thumbnail"],"_links":{"self":[{"href":"https:\/\/travelshelper.com\/hu\/wp-json\/wp\/v2\/pages\/14519","targetHints":{"allow":["GET"]}}],"collection":[{"href":"https:\/\/travelshelper.com\/hu\/wp-json\/wp\/v2\/pages"}],"about":[{"href":"https:\/\/travelshelper.com\/hu\/wp-json\/wp\/v2\/types\/page"}],"author":[{"embeddable":true,"href":"https:\/\/travelshelper.com\/hu\/wp-json\/wp\/v2\/users\/1"}],"replies":[{"embeddable":true,"href":"https:\/\/travelshelper.com\/hu\/wp-json\/wp\/v2\/comments?post=14519"}],"version-history":[{"count":0,"href":"https:\/\/travelshelper.com\/hu\/wp-json\/wp\/v2\/pages\/14519\/revisions"}],"up":[{"embeddable":true,"href":"https:\/\/travelshelper.com\/hu\/wp-json\/wp\/v2\/pages\/14500"}],"wp:featuredmedia":[{"embeddable":true,"href":"https:\/\/travelshelper.com\/hu\/wp-json\/wp\/v2\/media\/3616"}],"wp:attachment":[{"href":"https:\/\/travelshelper.com\/hu\/wp-json\/wp\/v2\/media?parent=14519"}],"curies":[{"name":"wp","href":"https:\/\/api.w.org\/{rel}","templated":true}]}}