{"id":14500,"date":"2024-09-19T16:24:08","date_gmt":"2024-09-19T16:24:08","guid":{"rendered":"https:\/\/travelshelper.com\/staging\/?page_id=14500"},"modified":"2026-03-11T22:30:48","modified_gmt":"2026-03-11T22:30:48","slug":"bosznia-hercegovina","status":"publish","type":"page","link":"https:\/\/travelshelper.com\/hu\/destinations\/europe\/bosnia-and-herzegovina\/","title":{"rendered":"Bosznia-Hercegovina"},"content":{"rendered":"<p>Bosznia-Hercegovina K\u00f6z\u00e9p- \u00e9s D\u00e9lkelet-Eur\u00f3pa keresztez\u0151d\u00e9s\u00e9ben fekszik, k\u00f6rvonalait hegygerincek, foly\u00f3v\u00f6lgyek \u00e9s az adriai partvonal egy darabk\u00e1ja faragja. Az orsz\u00e1g l\u00e9nyege a zord felf\u00f6ldek \u00e9s term\u00e9keny s\u00edks\u00e1gok, a viharos m\u00falt lecseng\u0151 \u00e1rnyai \u00e9s az \u00fajj\u00e1\u00e9p\u00fcl\u0151 n\u00e9p \u00f3vatos optimizmusa k\u00f6z\u00f6tti kontrasztban t\u00e1rul fel. Az \u00e9szaki sz\u00e9less\u00e9g 42\u00b0-t\u00f3l 46\u00b0-ig, keleti sz\u00e9less\u00e9g 15\u00b0-t\u00f3l 20\u00b0-ig h\u00faz\u00f3d\u00f3 orsz\u00e1g \u00e9szakon \u00e9s nyugaton Horv\u00e1torsz\u00e1ggal, keleten Szerbi\u00e1val, d\u00e9lkeleten pedig Montenegr\u00f3val hat\u00e1ros, m\u00edg egy h\u00fasz kilom\u00e9teres folyos\u00f3 Neumn\u00e1l biztos\u00edtja az \u00e1tj\u00e1r\u00e1st az Adriai-tengerhez. Szarajev\u00f3, amely a Din\u00e1ri-Alpok \u00e1ltal k\u00f6r\u00fclvett medenc\u00e9ben fekszik, egyszerre f\u0151v\u00e1ros \u00e9s Bosznia r\u00e9tegzett identit\u00e1s\u00e1nak kiv\u00e1l\u00f3 p\u00e9ld\u00e1ja \u2013 az iszl\u00e1m, az ortodoxia \u00e9s a katolicizmus, valamint a keleti \u00e9s nyugati kultur\u00e1lis \u00e1ramlatok metsz\u00e9spontja.<\/p>\n<p>Az orsz\u00e1g term\u00e9szetes m\u00f3don k\u00e9t nagy f\u00f6ldrajzi r\u00e9gi\u00f3ra oszlik, amelyek a nev\u00e9t viselik. Bosznia, a nagyobbik \u00e9szaki r\u00e9sz, kontinent\u00e1lis \u00e9ghajlattal rendelkezik: a ny\u00e1r ak\u00e1r h\u00fasz Celsius-fokig is felmelegedhet, a telek pedig h\u00f3f\u00fav\u00e1sokt\u00f3l h\u0171v\u00f6sek. A terep az \u00e9szakkeleti Pannon-s\u00edks\u00e1gt\u00f3l \u2013 ahol a Sz\u00e1va foly\u00f3 jel\u00f6li a hat\u00e1rt Horv\u00e1torsz\u00e1ggal \u2013 a Din\u00e1ri-Alpok k\u00f6z\u00e9ps\u0151 felf\u00f6ldj\u00e9ig terjed. Az orsz\u00e1g k\u00f6zel fel\u00e9t erd\u0151 bor\u00edtja, amely a k\u00f6z\u00e9ps\u0151 \u00e9s a hegyoldalak ment\u00e9n koncentr\u00e1l\u00f3dik. A d\u00e9len fekv\u0151 Hercegovina osztozik hegyvid\u00e9ki szomsz\u00e9dj\u00e1nak m\u00e9szk\u0151 talaj\u00e1n \u00e9s karsztos domborzat\u00e1n, de mediterr\u00e1n hat\u00e1s jellemzi. Az enyhe, es\u0151s telek \u00e9s a naps\u00fct\u00f6tte nyarak sz\u0151l\u0151\u00fcltetv\u00e9nyeket hoznak l\u00e9tre a teraszos hegyoldalakon, m\u00edg a Neretva foly\u00f3 keskeny v\u00f6lgyeken kereszt\u00fcl a tengerbe folyik.<\/p>\n<p>A Din\u00e1ri-hegys\u00e9g, amely \u00e9szaknyugat-d\u00e9lkeleti ir\u00e1nyban kett\u00e9szeli Bosznia-Hercegovin\u00e1t, a montenegr\u00f3i hat\u00e1ron tal\u00e1lhat\u00f3 Magli\u0107-cs\u00facsn\u00e1l (2386 m) \u00e9ri el cs\u00facspontj\u00e1t. Az alacsonyabb cs\u00facsok \u2013 Bjela\u0161nica, Jahorina, Vranica \u2013 t\u00e9li \u00fcd\u00fcl\u0151helyeket adnak otthont, \u00e9s h\u00e1tteret biztos\u00edtanak az alpesi r\u00e9teknek. Geol\u00f3giailag a r\u00e9gi\u00f3t mezozoikumi m\u00e9szk\u0151 uralja, de a heves tektonikus er\u0151k vas-, sz\u00e9n-, bauxit-, cink- \u00e9s s\u00f3r\u00e9tegeket is hagytak a k\u00f6zponti medenc\u00e9kben. A b\u00fckk- \u00e9s feny\u0151erd\u0151k z\u00f6ld lombkoron\u00e1ja alatt vadv\u00edzi evez\u00e9sre haszn\u00e1lt \u00f6sv\u00e9nyek h\u00faz\u00f3dnak a Vrbas, a Tara \u00e9s az Una foly\u00f3kon, ahol a Tara-kanyonhoz hasonl\u00f3 m\u00e9ly szurdokok dr\u00e1mai kanyonokat v\u00e1jnak ki, amelyek vil\u00e1gszerte ismertek az evez\u0151s\u00f6k k\u00f6r\u00e9ben.<\/p>\n<p>Az emberi jelenl\u00e9t ezen a t\u00e1jon a fels\u0151 paleolitikumig terjed, de a neolitikumban a Butmir, Kakanj \u00e9s Vu\u010dedol kult\u00far\u00e1k letelepedett k\u00f6z\u00f6ss\u00e9gei \u00e9ltek. Ill\u00edr \u00e9s kelta t\u00f6rzsek k\u00f6vett\u00e9k \u0151ket, majd a hatodik \u00e9s kilencedik sz\u00e1zad k\u00f6z\u00f6tt \u00e1tadt\u00e1k hely\u00fcket a d\u00e9lszl\u00e1voknak. A tizenkettedik sz\u00e1zadra l\u00e9trej\u00f6tt egy boszniai b\u00e1ns\u00e1g, amelyet k\u00e9s\u0151bb a tizennegyedik sz\u00e1zadban a Kotromani\u0107-dinasztia kir\u00e1lys\u00e1gg\u00e1 koron\u00e1zott. A tizen\u00f6t\u00f6dik sz\u00e1zad k\u00f6zep\u00e9n bek\u00f6vetkezett oszm\u00e1n h\u00f3d\u00edt\u00e1s \u00faj t\u00e1rsadalmi rendet \u00e9s az iszl\u00e1mot vezetett be, mecseteket \u00e9s hammamokat \u00e9p\u00edtve a k\u00f6z\u00e9pkori er\u0151d\u00edtm\u00e9nyek mell\u00e9. Az oszm\u00e1n uralom az 1878-as osztr\u00e1k-magyar megsz\u00e1ll\u00e1sig tartott, amelyet az 1908-as annekt\u00e1l\u00e1s formaliz\u00e1lt. A birodalmi infrastruktur\u00e1lis projektek \u2013 a vasutakt\u00f3l az adminisztrat\u00edv reformokig \u2013 k\u0151hidakat \u00e9s b\u00fcrokratikus \u00f6r\u00f6ks\u00e9get is maguk ut\u00e1n hagytak.<\/p>\n<p>Az els\u0151 vil\u00e1gh\u00e1bor\u00fat k\u00f6vet\u0151en Bosznia-Hercegovina bel\u00e9pett a Szerb, Horv\u00e1t \u00e9s Szlov\u00e9n Kir\u00e1lys\u00e1gba, amelyet k\u00e9s\u0151bb Jugoszl\u00e1vi\u00e1ra neveztek \u00e1t. A m\u00e1sodik vil\u00e1gh\u00e1bor\u00fa ut\u00e1n a Jugoszl\u00e1v Szocialista Sz\u00f6vets\u00e9gi K\u00f6zt\u00e1rsas\u00e1g hat k\u00f6zt\u00e1rsas\u00e1g\u00e1nak egyike lett, f\u0151v\u00e1rosa, Szarajev\u00f3 adott otthont az 1984-es t\u00e9li olimpi\u00e1nak, Tito t\u00f6bbnemzetis\u00e9g\u0171 v\u00edzi\u00f3j\u00e1nak bizony\u00edt\u00e9kak\u00e9nt. Jugoszl\u00e1v 1992-es \u00f6sszeoml\u00e1sa f\u00fcggetlens\u00e9ghez \u00e9s egy h\u00e1bor\u00fahoz vezetett, amely v\u00e1rosokat puszt\u00edtott, lakoss\u00e1got k\u00e9nyszer\u00edtett ki lak\u00f3hely\u00e9nek elhagy\u00e1s\u00e1ra, \u00e9s akn\u00e1kat hagyott maga ut\u00e1n a vid\u00e9ki ter\u00fcleteken. A daytoni meg\u00e1llapod\u00e1s 1995 decemberi al\u00e1\u00edr\u00e1sa v\u00e9get vetett az akt\u00edv ellens\u00e9gesked\u00e9snek, \u00e9s egy \u00f6sszetett politikai keretet r\u00f6gz\u00edtett a bosny\u00e1k, szerb \u00e9s horv\u00e1t \u00e9rdekek egyens\u00falyoz\u00e1s\u00e1ra.<\/p>\n<p>Ez a keretrendszer ma is fenn\u00e1ll: h\u00e1romoldal\u00fa eln\u00f6ks\u00e9g egy bosny\u00e1k, egy szerb \u00e9s egy horv\u00e1t k\u00e9pvisel\u0151vel; k\u00e9tkamar\u00e1s parlament; \u00e9s a korm\u00e1nyz\u00e1s k\u00e9t entit\u00e1s \u2013 a Bosznia-Hercegovinai F\u00f6der\u00e1ci\u00f3 (t\u00falnyom\u00f3r\u00e9szt bosny\u00e1kok \u00e9s horv\u00e1tok) \u00e9s a Boszniai Szerb K\u00f6zt\u00e1rsas\u00e1g (t\u00falnyom\u00f3r\u00e9szt szerbek) \u2013, valamint a Br\u010dko ker\u00fclet, egy \u00f6nkorm\u00e1nyzattal rendelkez\u0151 t\u00e1rsash\u00e1z k\u00f6z\u00f6tt megosztott. Ez a decentraliz\u00e1ci\u00f3 korl\u00e1tozza a k\u00f6zponti hatalmat, t\u00fckr\u00f6zi a h\u00e1bor\u00fas kompromisszumokat, mik\u00f6zben bonyol\u00edtja a politikai d\u00f6nt\u00e9shozatalt.<\/p>\n<p>Demogr\u00e1fiailag a k\u00f6zt\u00e1rsas\u00e1g lakoss\u00e1ga 1991-ben 4,37 milli\u00f3r\u00f3l 3,53 milli\u00f3ra cs\u00f6kkent a 2013-as n\u00e9psz\u00e1ml\u00e1l\u00e1sra, amely az 1991 \u00f3ta az els\u0151 n\u00e9psz\u00e1ml\u00e1l\u00e1s volt, \u00e9s amelyet a Boszniai Szerb K\u00f6zt\u00e1rsas\u00e1g tisztvisel\u0151i vitattak a m\u00f3dszertan miatt. A bosny\u00e1kok a lakoss\u00e1g valamivel t\u00f6bb mint fel\u00e9t, a szerbek k\u00f6r\u00fclbel\u00fcl 31 sz\u00e1zal\u00e9kot, a horv\u00e1tok pedig k\u00f6r\u00fclbel\u00fcl 15 sz\u00e1zal\u00e9kot alkotnak, kisebb roma, zsid\u00f3, alb\u00e1n, montenegr\u00f3i, ukr\u00e1n \u00e9s t\u00f6r\u00f6k \u200b\u200bk\u00f6z\u00f6ss\u00e9gekkel. B\u00e1r az alkotm\u00e1nyban nincs meghat\u00e1rozva nyelv, a bosny\u00e1k, a szerb \u00e9s a horv\u00e1t nyelv de facto hivatalos st\u00e1tusszal rendelkezik \u00e1llami \u00e9s entit\u00e1si szinten \u2013 ez a k\u00f6lcs\u00f6n\u00f6sen \u00e9rthet\u0151 d\u00e9lszl\u00e1v k\u00f6znyelv h\u00e1rom szabv\u00e1nya, amelyek az identit\u00e1st \u00e9s a kommunik\u00e1ci\u00f3t egyar\u00e1nt jelzik.<\/p>\n<p>A vall\u00e1si hovatartoz\u00e1s t\u00fckr\u00f6zi az etnikai vonalakat. A muszlimok, akik f\u0151k\u00e9nt felekezet n\u00e9lk\u00fcliek, b\u00e1r szunnita hagyom\u00e1nyokkal rendelkeznek, a polg\u00e1rok valamivel t\u00f6bb mint fel\u00e9t teszik ki; az ortodox kereszt\u00e9nyek, akik nagyr\u00e9szt szerbek, megk\u00f6zel\u00edtik a 31 sz\u00e1zal\u00e9kot; a katolikusok, akik nagyr\u00e9szt horv\u00e1tok, nagyj\u00e1b\u00f3l 15 sz\u00e1zal\u00e9kot tesznek ki; \u00e9s kis sz\u00e1zal\u00e9kuk m\u00e1s vall\u00e1s\u00fa vagy egy\u00e1ltal\u00e1n nem vall\u00e1sos. Az oszm\u00e1n \u00f6r\u00f6ks\u00e9g tov\u00e1bb \u00e9l Szarajev\u00f3 Gazi Husrev b\u00e9g mecsetj\u00e9ben \u00e9s Mostar UNESCO \u00e1ltal jegyzett Stari Most h\u00eddj\u00e1n \u2013 egy 16. sz\u00e1zadi k\u0151\u00edven, amelyet a h\u00e1bor\u00fas puszt\u00edt\u00e1s ut\u00e1n p\u00f3toltak, \u00e9s a kultur\u00e1lis ellen\u00e1ll\u00f3 k\u00e9pess\u00e9g szimb\u00f3luma.<\/p>\n<p>Gazdas\u00e1gi szempontb\u00f3l Bosznia-Hercegovina tov\u00e1bbra is fejl\u0151d\u0151 \u00e1llam. Az ipar \u2013 k\u00fcl\u00f6n\u00f6sen a f\u00e9mfeldolgoz\u00e1s, az aut\u00f3alkatr\u00e9szek \u00e9s az energiaipar \u2013 vezeti a GDP-hozz\u00e1j\u00e1rul\u00e1st, ezt k\u00f6veti a term\u00e9keny foly\u00f3parti s\u00edks\u00e1gokon \u00e9l\u0151 mez\u0151gazdas\u00e1g \u00e9s a t\u00e1gabb szolg\u00e1ltat\u00e1si szektor. A turizmus a n\u00f6veked\u00e9s motorj\u00e1v\u00e1 v\u00e1lt: a Turisztikai Vil\u00e1gszervezet el\u0151rejelz\u00e9sei szerint az orsz\u00e1g 1995 \u00e9s 2020 k\u00f6z\u00f6tt a vil\u00e1g leggyorsabban n\u00f6vekv\u0151 \u00fati c\u00e9ljai k\u00f6z\u00e9 tartozik. Az \u00e9ves l\u00e1togat\u00f3k sz\u00e1ma 2017-ben meghaladta az egymilli\u00f3t, az \u00e9jszakai tart\u00f3zkod\u00e1sok sz\u00e1ma folyamatosan n\u0151tt, \u00e9s 2018-ban k\u00f6zel k\u00e9tmilli\u00f3 l\u00e1togat\u00f3t regisztr\u00e1ltak. Szarajev\u00f3, amelyet a 2000-es \u00e9vekben az \u00fatikalauzok is elismernek, oszm\u00e1n baz\u00e1rnegyed\u00e9re, osztr\u00e1k-magyar \u00e9p\u00edt\u00e9szet\u00e9re \u00e9s olyan eml\u00e9khelyeire \u00e9p\u00edt, mint a Rem\u00e9ny alag\u00fatja. Mostar zar\u00e1ndokokat \u00e9s t\u00f6rt\u00e9n\u00e9szeket egyar\u00e1nt vonz, akiket az \u00d6reg h\u00edd \u00e9s a k\u00f6zeli Blagaj-forr\u00e1s vonz, m\u00edg Me\u0111ugorje zar\u00e1ndokv\u00e1ros \u00e9vente t\u00f6bb mint egymilli\u00f3 h\u00edv\u0151t fogad, mi\u00f3ta a h\u00edres 1981-es M\u00e1ria-jelen\u00e9sek 2019-ben elnyert\u00e9k a Vatik\u00e1n elismer\u00e9s\u00e9t.<\/p>\n<p>A kultur\u00e1lis turizmus mellett a szabadt\u00e9ri tev\u00e9kenys\u00e9gek is vir\u00e1goznak. A Bjela\u0161nic\u00e1n \u00e9s a Jahorin\u00e1n \u0171zhet\u0151 t\u00e9li sportok tov\u00e1bbra is n\u00e9pszer\u0171ek, m\u00edg a Sutjeska Nemzeti Parkban tal\u00e1lhat\u00f3 Peru\u0107ica, Eur\u00f3pa egyik utols\u00f3 \u0151serdeje. A Drina \u00e9s a Tara foly\u00f3kon raftingol\u00e1s nemzetk\u00f6zi versenyeknek ad otthont; a t\u00far\u00e1z\u00f3k az Una Nemzeti Park karsztos kanyonjain szelik \u00e1t a t\u00e1jat; a ker\u00e9kp\u00e1rosok a National Geographic \u00e1ltal oda\u00edt\u00e9lt hegyiker\u00e9kp\u00e1r-utakat h\u00f3d\u00edtj\u00e1k meg. M\u00e9g a h\u00e1bor\u00fas id\u0151k eml\u00e9kei, mint p\u00e9ld\u00e1ul Tito titkos D-0 ARK bunkerje Konjic k\u00f6zel\u00e9ben, vonzz\u00e1k a nem hagyom\u00e1nyos \u00f6r\u00f6ks\u00e9get keres\u0151 l\u00e1togat\u00f3kat.<\/p>\n<p>A k\u00f6zleked\u00e9si infrastrukt\u00fara egyszerre t\u00fckr\u00f6zi a lehet\u0151s\u00e9geket \u00e9s a korl\u00e1tokat. A Szarajev\u00f3i Nemzetk\u00f6zi Rep\u00fcl\u0151t\u00e9r \u00f6sszek\u00f6ti az orsz\u00e1got k\u00fclf\u00f6lddel, m\u00edg a belf\u00f6ldi vas\u00fati szolg\u00e1ltat\u00e1sok k\u00fcl\u00f6n\u00e1ll\u00f3 F\u00f6der\u00e1ci\u00f3s \u00e9s Boszniai Szerb K\u00f6zt\u00e1rsas\u00e1g v\u00e1llalatok alatt m\u0171k\u00f6dnek \u2013 ezek a jugoszl\u00e1v vasutak maradv\u00e1nyai, amelyeket 1992 ut\u00e1n nemzeti egys\u00e9gekk\u00e9 alak\u00edtottak \u00e1t. Az utak hegyeken \u00e9s s\u00edks\u00e1gokon egyar\u00e1nt kanyarognak, de a karbantart\u00e1s a f\u0151bb \u00fatvonalakon t\u00fal egyenetlen, \u00e9s a gyorshajt\u00e1s vesz\u00e9lyeket rejt mag\u00e1ban.<\/p>\n<p>Az \u00e9p\u00edt\u00e9szeti \u00f6r\u00f6ks\u00e9g a v\u00e1ltoz\u00f3 uralmakat \u00e1br\u00e1zolja. A rom\u00e1n st\u00edlus\u00fa maradv\u00e1nyok \u00e9s a k\u00f6z\u00e9pkori s\u00edrk\u0151 temet\u0151k (Ste\u0107ci) a b\u00e1ns\u00e1gi \u00e9s kir\u00e1lys\u00e1gi korszakokat id\u00e9zik. Az oszm\u00e1n lenyomatok medresz\u00e9ken, karav\u00e1nszer\u00e1jokon \u00e9s hammamokon jelennek meg. Az osztr\u00e1k-magyar hat\u00e1sok a k\u00f6rutakon, k\u00f6z\u00e9p\u00fcletekben \u00e9s gy\u00e1rakban nyilv\u00e1nulnak meg. A jugoszl\u00e1v modernizmus a brutalista korm\u00e1nyzati \u00e9p\u00fcletekben dereng fel, m\u00edg a h\u00e1bor\u00fa ut\u00e1ni restaur\u00e1ci\u00f3k \u00e1talak\u00edtott\u00e1k a r\u00e9gi v\u00e1rosokat \u00e9s fel\u00e9lesztett\u00e9k a hagyom\u00e1nyos mesters\u00e9geket.<\/p>\n<p>A kulin\u00e1ris hagyom\u00e1nyok Kelet \u00e9s Nyugat tal\u00e1lkoz\u00e1s\u00e1t t\u00fckr\u00f6zik. A bosny\u00e1k \u00e9telek ritk\u00e1n nehezek; a p\u00f6rk\u00f6ltek, a t\u00f6lt\u00f6tt z\u00f6lds\u00e9gek \u00e9s a grillezett h\u00fasok term\u00e9szetes levekre, nem pedig sz\u00f3szokra \u00e9p\u00fclnek. Az alapanyagok a paradicsomt\u00f3l, a burgony\u00e1t\u00f3l \u00e9s a babt\u00f3l a szilv\u00e1ig, a tejsz\u00ednekig \u00e9s a f\u0171szerekig, mint p\u00e9ld\u00e1ul a paprika, terjednek. A \u0106evapi \u2013 grillezett dar\u00e1lt h\u00fasos kolb\u00e1sz \u2013 nemzeti jelk\u00e9pk\u00e9nt szolg\u00e1l a burek t\u00e9szt\u00e1k, a dolma, a sarma \u00e9s a pilaf mellett. A hercegovinai sz\u0151l\u0151\u00fcltetv\u00e9nyek er\u0151teljes v\u00f6r\u00f6sborokat teremnek; a loza, a grapp\u00e1hoz hasonl\u00f3 sz\u0151l\u0151p\u00e1linka \u00e9s a gy\u00fcm\u00f6lcsrakija a kocsm\u00e1kban \u00faszk\u00e1l. A k\u00e1v\u00e9h\u00e1zak r\u00e9z cezve kann\u00e1kban bosny\u00e1k s\u00f6rt szolg\u00e1lnak fel, rahat lokum k\u00eds\u00e9ret\u00e9ben, meger\u0151s\u00edtve a hosszan tart\u00f3 besz\u00e9lget\u00e9s ritu\u00e1l\u00e9j\u00e1t.<\/p>\n<p>A l\u00e1togat\u00f3knak figyelembe kell venni\u00fck a konfliktusok makacs eml\u00e9keit. Becsl\u00e9sek szerint \u00f6tmilli\u00f3 akna maradt fenn vid\u00e9ki ter\u00fcleteken \u00e9s mag\u00e1nter\u00fcleteken, amelyek miatt a kijel\u00f6lt \u00f6sv\u00e9nyek szigor\u00fa betart\u00e1s\u00e1t \u00e9s a figyelmeztet\u0151 t\u00e1bl\u00e1k betart\u00e1s\u00e1t k\u00f6vetelik meg. A helyi hat\u00f3s\u00e1gok k\u00f6zz\u00e9tettek egy v\u00e1zlatos t\u00e9rk\u00e9pet \u00fatmutat\u00e1sul, de az aknamentes\u00edtett \u00f6sv\u00e9nyek tov\u00e1bbra is a legbiztons\u00e1gosabb \u00fatvonalak. A b\u0171n\u00f6z\u00e9s nagyr\u00e9szt er\u0151szakmentes, b\u00e1r a zsebtolvajok a zs\u00fafolt v\u00e1rosi negyedekben tev\u00e9kenykednek. A k\u00f3bor kuty\u00e1k ritk\u00e1n jelennek meg a d\u00e9li telep\u00fcl\u00e9seken k\u00edv\u00fcl, \u00e9s a szigor\u00fa \u00e9lelmiszer-biztons\u00e1gi el\u0151\u00edr\u00e1sok orsz\u00e1gszerte biztos\u00edtj\u00e1k a higi\u00e9nikus konyh\u00e1kat. A legt\u00f6bb v\u00e1rosban csapv\u00edz ihat\u00f3, amelyet \u201ehajrli \u010desme\u201d \u2013 hegyi forr\u00e1skutak \u2013 eg\u00e9sz\u00edtenek ki, amelyek tiszta fel\u00fcd\u00fcl\u00e9st k\u00edn\u00e1lnak.<\/p>\n<p>A hat\u00f3s\u00e1gokkal val\u00f3 interakci\u00f3 mag\u00e1ban foglalhatja a v\u00e9letlenszer\u0171 rend\u0151ri ellen\u0151rz\u00e9seket az \u00e1llamk\u00f6zi egys\u00e9gek hat\u00e1rain; a k\u00fclf\u00f6ldi \u00fatlev\u00e9llel rendelkez\u0151 turist\u00e1knak szem\u00e9lyazonos\u00edt\u00f3 okm\u00e1nyt kell magukn\u00e1l tartaniuk, \u00e9s ellen\u00e1ll\u00e1s n\u00e9lk\u00fcl be kell tartaniuk a szab\u00e1lyokat. A vezet\u00e9s sor\u00e1n \u00f3vatoss\u00e1g sz\u00fcks\u00e9ges a keskeny, leromlott \u00e1llapot\u00fa utakon, ahol el\u0151fordulhat, hogy nem tartj\u00e1k be a sebess\u00e9gkorl\u00e1toz\u00e1sokat. A doh\u00e1nyz\u00e1s gyakori a z\u00e1rt t\u00e9rben, \u00e9s a lakoss\u00e1g t\u00f6bb mint fele doh\u00e1nyzik, ami azt jelenti, hogy a b\u00e1rokban, \u00e9ttermekben \u00e9s a t\u00f6megk\u00f6zleked\u00e9si eszk\u00f6z\u00f6k\u00f6n gyakran f\u00fcstfelh\u0151 terjeng.<\/p>\n<p>A kultur\u00e1lis tisztelet a biztons\u00e1gos \u00e9s kiteljes\u00edt\u0151 kapcsolat alapja. A politikai \u00e9rz\u00e9kenys\u00e9g tov\u00e1bbra is fenn\u00e1ll; a h\u00e1bor\u00fas esem\u00e9nyekr\u0151l, ter\u00fcleti ig\u00e9nyekr\u0151l, Koszov\u00f3 vagy a Boszniai Szerb K\u00f6zt\u00e1rsas\u00e1g st\u00e1tusz\u00e1r\u00f3l sz\u00f3l\u00f3 megbesz\u00e9l\u00e9sek s\u00e9rt\u00e9svesz\u00e9lyesek \u00e9s kev\u00e9s konszenzushoz vezetnek. A vall\u00e1si szok\u00e1sok betart\u00e1sa \u2013 cip\u0151lev\u00e9tel a mecsetekben, szer\u00e9ny \u00f6lt\u00f6zk\u00f6d\u00e9s a szent helyeken \u2013 j\u00f3akaratot teremt. A k\u00f6rnyezetv\u00e9delem ugyanilyen fontos: a foly\u00f3k, erd\u0151k \u00e9s hegyi r\u00e9tek Eur\u00f3pa legkev\u00e9sb\u00e9 szennyezett ter\u00fcletei k\u00f6z\u00e9 tartoznak; a nyomtalans\u00e1g mind az \u00f6r\u00f6ks\u00e9get, mind a j\u00f6v\u0151beli l\u00e1togat\u00f3kat tiszteli.<\/p>\n<p>Bosznia-Hercegovina ma a sebek \u00e9s a pompa kever\u00e9k\u00e9t mutatja be, egy olyan vid\u00e9ket, ahol a k\u00f6z\u00e9pkori ste\u0107ci dombtet\u0151k\u00f6n osztozik az elhagyatott katonai \u00e1ll\u00e1sokon, \u00e9s ahol a k\u00e1v\u00e9z\u00f3k vend\u00e9geinek nevet\u00e9se keveredik a templomi harangok \u00e9s az im\u00e1ra h\u00edv\u00e1s hangj\u00e1val. Lak\u00f3i decentraliz\u00e1lt politikai berendezked\u00e9s \u00e9s az Eur\u00f3pai Uni\u00f3hoz \u00e9s a NATO-hoz val\u00f3 csatlakoz\u00e1s fel\u00e9 vezet\u0151 folyamatban l\u00e9v\u0151 reformok ment\u00e9n navig\u00e1lnak, egyens\u00falyozva az etnikai komplexit\u00e1st a gazdas\u00e1gi fejl\u0151d\u00e9s \u00e9s a t\u00e1rsadalmi koh\u00e9zi\u00f3 ir\u00e1nti t\u00f6rekv\u00e9sekkel. Falvaiban \u00e9s v\u00e1rosaiban, m\u00e9szk\u0151szurdokaiban \u00e9s term\u00e9keny s\u00edks\u00e1gaiban Bosznia-Hercegovina tov\u00e1bbra is a r\u00e9tegzett narrat\u00edv\u00e1k helye \u2013 egyszerre k\u00f6vetelve k\u00fcl\u00f6n\u00f6s figyelmet \u00e9s k\u00edn\u00e1lva v\u00e1ratlan melegs\u00e9get azoknak, akik hallgatj\u00e1k.<\/p>","protected":false},"excerpt":{"rendered":"<p>A hozz\u00e1vet\u0151leg 3,3 milli\u00f3 lakos\u00fa Bosznia-Hercegovina D\u00e9lkelet-Eur\u00f3p\u00e1ban, a Balk\u00e1n-f\u00e9lszigeten tal\u00e1lhat\u00f3. Strat\u00e9giailag keleten Szerbia, d\u00e9lkeleten Montenegr\u00f3, \u00e9szakon \u00e9s d\u00e9lnyugaton Horv\u00e1torsz\u00e1g mellett helyezkedik el ez az orsz\u00e1g \u2013 amelyet bonyolult t\u00f6rt\u00e9nelmi narrat\u00edva \u00e9s tarka kultur\u00e1lis \u00f6r\u00f6ks\u00e9g jellemez. Az Adriai-tenger ment\u00e9n h\u00faz\u00f3d\u00f3 20 kilom\u00e9teres partszakasszal az orsz\u00e1g egyed\u00fcl\u00e1ll\u00f3 domborzata csak Neum v\u00e1ros\u00e1n kereszt\u00fcl teszi lehet\u0151v\u00e9 a tengeri hozz\u00e1f\u00e9r\u00e9st.<\/p>","protected":false},"author":1,"featured_media":3035,"parent":24078,"menu_order":0,"comment_status":"closed","ping_status":"closed","template":"elementor_theme","meta":{"_eb_attr":"","footnotes":""},"class_list":["post-14500","page","type-page","status-publish","has-post-thumbnail"],"_links":{"self":[{"href":"https:\/\/travelshelper.com\/hu\/wp-json\/wp\/v2\/pages\/14500","targetHints":{"allow":["GET"]}}],"collection":[{"href":"https:\/\/travelshelper.com\/hu\/wp-json\/wp\/v2\/pages"}],"about":[{"href":"https:\/\/travelshelper.com\/hu\/wp-json\/wp\/v2\/types\/page"}],"author":[{"embeddable":true,"href":"https:\/\/travelshelper.com\/hu\/wp-json\/wp\/v2\/users\/1"}],"replies":[{"embeddable":true,"href":"https:\/\/travelshelper.com\/hu\/wp-json\/wp\/v2\/comments?post=14500"}],"version-history":[{"count":0,"href":"https:\/\/travelshelper.com\/hu\/wp-json\/wp\/v2\/pages\/14500\/revisions"}],"up":[{"embeddable":true,"href":"https:\/\/travelshelper.com\/hu\/wp-json\/wp\/v2\/pages\/24078"}],"wp:featuredmedia":[{"embeddable":true,"href":"https:\/\/travelshelper.com\/hu\/wp-json\/wp\/v2\/media\/3035"}],"wp:attachment":[{"href":"https:\/\/travelshelper.com\/hu\/wp-json\/wp\/v2\/media?parent=14500"}],"curies":[{"name":"wp","href":"https:\/\/api.w.org\/{rel}","templated":true}]}}