{"id":14490,"date":"2024-09-19T16:11:29","date_gmt":"2024-09-19T16:11:29","guid":{"rendered":"https:\/\/travelshelper.com\/staging\/?page_id=14490"},"modified":"2026-03-11T22:47:50","modified_gmt":"2026-03-11T22:47:50","slug":"dubrovnik","status":"publish","type":"page","link":"https:\/\/travelshelper.com\/hu\/destinations\/europe\/croatia\/dubrovnik\/","title":{"rendered":"Dubrovnik"},"content":{"rendered":"<p>Dubrovnik Horv\u00e1torsz\u00e1g dalm\u00e1t partvid\u00e9k\u00e9nek d\u00e9li cs\u00fccsk\u00e9ben fekszik, \u0151si b\u00e1sty\u00e1i az Adriai-tenger kobalttengeri kiterjed\u00e9s\u00e9re n\u00e9znek. A v\u00e1rost r\u00e9g\u00f3ta a F\u00f6ldk\u00f6zi-tenger egyik legfontosabb \u00fati c\u00e9ljak\u00e9nt tartj\u00e1k sz\u00e1mon, amely egym\u00e1s ut\u00e1n tengeri terjeszked\u00e9si k\u00f6zpontk\u00e9nt, majd f\u00fcggetlen k\u00f6zt\u00e1rsas\u00e1gk\u00e9nt szolg\u00e1lt, \u00e9s a modern id\u0151kben az UNESCO Vil\u00e1g\u00f6r\u00f6ks\u00e9g r\u00e9sze \u00e9s a t\u00f6megturizmus k\u00f6zpontja is volt. 2021-ben Dubrovnik \u00f6nkorm\u00e1nyzat\u00e1nak 41 562 lakosa volt, m\u00e9gis 2023-ban azzal a k\u00fcl\u00f6nlegess\u00e9ggel b\u00edrt, hogy lakosonk\u00e9nt k\u00f6zel 27,4 l\u00e1togat\u00f3 jutott, ami mind a v\u00e1ros tart\u00f3s vonzerej\u00e9t, mind a t\u00falzott turizmus nyom\u00e1s\u00e1t hangs\u00falyozza.<\/p>\n<p>A v\u00e1ros eredete a hetedik sz\u00e1zadra ny\u00falik vissza, amikor a romos r\u00f3mai telep\u00fcl\u00e9s, Epidaurum menek\u00fcltjei l\u00e9trehozt\u00e1k a Ragusa n\u00e9ven ismert \u00faj k\u00f6z\u00f6ss\u00e9get. Kezdetben biz\u00e1nci \u00e9gisz alatt, k\u00e9s\u0151bb velencei befoly\u00e1s alatt, Ragusa a tizennegyedik \u00e9s tizenkilencedik sz\u00e1zad k\u00f6z\u00f6tt Ragusa K\u00f6zt\u00e1rsas\u00e1g\u00e1v\u00e1 fejl\u0151d\u00f6tt. A tengeri kereskedelem alkotta a k\u00f6zt\u00e1rsas\u00e1g gazdas\u00e1gi gerinc\u00e9t, lehet\u0151v\u00e9 t\u00e9ve sz\u00e1m\u00e1ra, hogy gazdags\u00e1gban \u00e9s diplom\u00e1ciai kifinomults\u00e1gban vetekedjen Velenc\u00e9vel; a tizen\u00f6t\u00f6dik \u00e9s tizenhatodik sz\u00e1zadra Ragusa flott\u00e1ja s\u00f3-, gyapj\u00fa- \u00e9s ol\u00edvaolaj-sz\u00e1ll\u00edtm\u00e1nyokkal szelte a F\u00f6ldk\u00f6zi-tenger vizeit. Ezzel egyidej\u0171leg a v\u00e1ros a horv\u00e1t irodalom b\u00f6lcs\u0151j\u00e9v\u00e9 v\u00e1lt: olyan k\u00f6lt\u0151k, mint Ivan Vidali\u0107, a \u201ehorv\u00e1t v\u00e1rosok koron\u00e1jak\u00e9nt\u201d magasztalt\u00e1k, a dr\u00e1ma\u00edr\u00f3k \u00e9s tud\u00f3sok pedig vir\u00e1goztak a v\u00e1ros p\u00e1rtfog\u00e1sa alatt.<\/p>\n<p>1667. \u00e1prilis 6-\u00e1n ez a vir\u00e1gz\u00f3 k\u00f6zt\u00e1rsas\u00e1g csaknem teljes pusztul\u00e1st szenvedett, amikor egy er\u0151s f\u00f6ldreng\u00e9s a k\u00f6z\u00e9pkori v\u00e1rosmag nagy r\u00e9sz\u00e9t a f\u00f6lddel tette egyenl\u0151v\u00e9. A k\u00f6r\u00fcltekint\u0151 takar\u00e9koss\u00e1ggal v\u00e9grehajtott helyre\u00e1ll\u00edt\u00e1si er\u0151fesz\u00edt\u00e9sek eredm\u00e9nyek\u00e9nt j\u00f6tt l\u00e9tre az egys\u00e9ges barokk megjelen\u00e9s, amely ma is fennmaradt, k\u00fcl\u00f6n\u00f6sen a Placa \u2013 m\u00e1s n\u00e9ven Stradun \u2013 ment\u00e9n, az \u00d3v\u00e1ros sz\u00edv\u00e9ben tal\u00e1lhat\u00f3 sz\u00e9les, kelet-nyugati ir\u00e1ny\u00fa f\u0151\u00fat ment\u00e9n. Sima m\u00e9szk\u0151burkolata, amelyet az \u00e9vsz\u00e1zados gyalogosforgalom koptatott meg, a nyugati bej\u00e1ratn\u00e1l l\u00e9v\u0151 Pile-kaput\u00f3l a barokk ruh\u00e1ban \u00fajj\u00e1sz\u00fcletett g\u00f3tikus \u00e9s renesz\u00e1nsz palot\u00e1k mellett vezet el. A keresked\u0151k standjai, a csal\u00e1di tulajdonban l\u00e9v\u0151 k\u00e1v\u00e9z\u00f3k \u00e9s a \u201et\u00e9rdszer\u0171\u201d ajt\u00f3k alacsony \u00edvei a sz\u00fcks\u00e9g \u00e9s a rugalmass\u00e1g \u00e1ltal form\u00e1lt utcak\u00e9pet alkotj\u00e1k.<\/p>\n<p>A nap\u00f3leoni csapatok 1806-ban elfoglalt\u00e1k Dubrovnikot, felsz\u00e1molt\u00e1k a Ragusai K\u00f6zt\u00e1rsas\u00e1got, \u00e9s ter\u00fcleteit el\u0151sz\u00f6r az Olasz Kir\u00e1lys\u00e1ghoz, majd az Ill\u00edr Tartom\u00e1nyokhoz csatolt\u00e1k. Ezt k\u00f6vet\u0151en, a tizenkilencedik sz\u00e1zad folyam\u00e1n a v\u00e1ros az Osztr\u00e1k Birodalom Dalm\u00e1cia Kir\u00e1lys\u00e1g\u00e1hoz tartozott, majd 1918-as megalakul\u00e1sakor Jugoszl\u00e1v Kir\u00e1lys\u00e1g r\u00e9sz\u00e9v\u00e9 v\u00e1lt. 1929-ben a Zeta Banovina, k\u00e9s\u0151bb pedig a Horv\u00e1torsz\u00e1gi Banovina r\u00e9sz\u00e9v\u00e9 v\u00e1lt. A m\u00e1sodik vil\u00e1gh\u00e1bor\u00faban Dubrovnik a tengelyhatalmak \u00e1ltal t\u00e1mogatott Horv\u00e1t F\u00fcggetlen \u00c1llam r\u00e9sz\u00e9v\u00e9 v\u00e1lt, miel\u0151tt Tito Jugoszl\u00e1vi\u00e1j\u00e1n bel\u00fcl visszaintegr\u00e1lt\u00e1k a Horv\u00e1t Szocialista K\u00f6zt\u00e1rsas\u00e1gba.<\/p>\n<p>1991 v\u00e9g\u00e9n, amikor Horv\u00e1torsz\u00e1g kinyilv\u00e1n\u00edtotta f\u00fcggetlens\u00e9g\u00e9t, Dubrovnik h\u00e9t h\u00f3napos ostromnak volt kit\u00e9ve a Jugoszl\u00e1v N\u00e9phadsereg r\u00e9sz\u00e9r\u0151l. A bomb\u00e1z\u00e1sok jelent\u0151s k\u00e1rokat okoztak az er\u0151d\u00edtm\u00e9nyekben \u00e9s a v\u00e1rosi eml\u00e9km\u0171vekben. Az 1990-es \u00e9vekben \u00e9s az \u00faj \u00e9vezred elej\u00e9n a f\u00e1rads\u00e1gos \u2013 az UNESCO szabv\u00e1nyai \u00e1ltal vez\u00e9relt \u2013 restaur\u00e1l\u00e1s \u00fajj\u00e1\u00e9lesztette az \u00f3v\u00e1rost. Ezek az er\u0151fesz\u00edt\u00e9sek nemcsak a megrong\u00e1l\u00f3dott falakat jav\u00edtott\u00e1k meg, hanem Dubrovnik kultur\u00e1lis vitalit\u00e1s\u00e1t is helyre\u00e1ll\u00edtott\u00e1k, n\u00e9pszer\u0171 helysz\u00ednn\u00e9 alak\u00edtva a nemzetk\u00f6zi film- \u00e9s telev\u00edzi\u00f3s produkci\u00f3k sz\u00e1m\u00e1ra.<\/p>\n<p>A mai l\u00e1togat\u00f3k egy intenz\u00edv kontrasztokkal teli v\u00e1rossal tal\u00e1lkoznak: k\u00f6zel k\u00e9t kilom\u00e9ter ker\u00fclet\u0171 k\u00f6z\u00e9pkori v\u00e1rosfalak, a sz\u00e1razf\u00f6ld fel\u0151li oldalon n\u00e9gy-hat m\u00e9ter vastag, de a tenger fel\u0151li oldalon karcs\u00fa tornyok \u00e9s b\u00e1sty\u00e1k veszik k\u00f6r\u00fcl a kompakt \u00d3v\u00e1rost. A falak magukban foglalj\u00e1k a Minceta er\u0151d\u00f6t, amelyet Juraj Dalmatinac renesz\u00e1nsz \u00e9p\u00edt\u00e9sznek tulajdon\u00edtanak; a Michelozzo \u00e1ltal tervezett, tenger fel\u0151li Bokar er\u0151d\u00f6t; \u00e9s a h\u00e1romsz\u00f6g alak\u00fa Szent J\u00e1nos er\u0151d\u00f6t, amely ma a Tenger\u00e9szeti M\u00fazeumnak \u00e9s egy akv\u00e1riumnak ad otthont. A s\u00e9t\u00e1k a Pile-kapun\u00e1l kezdhetik, hajnalban vagy alkonyatkor felmehetnek a v\u00e1rosfalakra, hogy elker\u00fclj\u00e9k a ny\u00e1rk\u00f6zepi t\u00f6meget, \u00e9s megcsod\u00e1lhatj\u00e1k az adriai horizonton csillog\u00f3 v\u00f6r\u00f6s cser\u00e9ptet\u0151ket.<\/p>\n<p>A falakon bel\u00fcl a v\u00e1rosi eml\u00e9km\u0171vek \u00e9vsz\u00e1zados k\u00f6z\u00f6ss\u00e9gi identit\u00e1sr\u00f3l \u00e1rulkodnak. A Pile-kapu oldal\u00e1ban tal\u00e1lhat\u00f3 Nagy Onofrio-k\u00fat egykor Onofrio della Cava 1438-as v\u00edzvezet\u00e9k\u00e9nek v\u00e9g\u00e9n \u00e1llt; tizenhat faragott maskaronja m\u00e9g mindig friss vizet cs\u00f6p\u00f6gtet. Egy kisebb megfelel\u0151je fogadja a j\u00e1r\u00f3kel\u0151ket a Lu\u017ea t\u00e9ren, a g\u00f3tikus-renesz\u00e1nsz Sponza-palota mellett, amely egyike azon kev\u00e9s \u00e9p\u00edtm\u00e9nyeknek, amelyek meg\u0151rizt\u00e9k 1667 el\u0151tti form\u00e1j\u00e1t, \u00e9s ma a v\u00e1rosi lev\u00e9lt\u00e1rnak ad otthont. A k\u00f6zelben tal\u00e1lhat\u00f3 a Rektori Palota, amely d\u00edszes l\u00e9pcs\u0151h\u00e1zat \u00e9s kereng\u0151t mutat be, tan\u00faskodik a v\u00e1ros korm\u00e1nyz\u00e1s\u00e1r\u00f3l a raguzai k\u00f6zt\u00e1rsas\u00e1g idej\u00e9n.<\/p>\n<p>A v\u00e1ros vall\u00e1si \u00e9p\u00edtm\u00e9nyei t\u00fckr\u00f6zik soksz\u00edn\u0171 \u00f6r\u00f6ks\u00e9g\u00e9t. A Placa t\u00e9ren tal\u00e1lhat\u00f3 ferences kolostor egy rom\u00e1n st\u00edlus\u00fa kereng\u0151t \u0151riz, Eur\u00f3pa harmadik legr\u00e9gebbi gy\u00f3gyszert\u00e1r\u00e1t (1317 \u00f3ta m\u0171k\u00f6dik), \u00e9s egy 30 000 k\u00f6tetes k\u00f6nyvt\u00e1rat. Szemben \u00e1ll a barokk Szent Bal\u00e1zs-templom, amely minden febru\u00e1r 3-\u00e1n mis\u00e9vel, k\u00f6rmenettel \u00e9s v\u00e1rosi \u00fcnneps\u00e9gekkel tiszteli Dubrovnik v\u00e9d\u0151szentj\u00e9t. A Sz\u0171z M\u00e1ria Mennybemenetel\u00e9nek szentelt sz\u00e9kesegyh\u00e1z, amelyet az 1667-es f\u00f6ldreng\u00e9s ut\u00e1n \u00fajj\u00e1\u00e9p\u00edtettek, Szent Bal\u00e1zs erekly\u00e9it \u0151rzi, \u00e9s 138 ereklyetart\u00f3b\u00f3l \u00e1ll\u00f3 kincst\u00e1rat tart fenn, amelyet a szent \u00fcnnep\u00e9n haszn\u00e1lnak. Tov\u00e1bbi vall\u00e1si helysz\u00ednek k\u00f6z\u00e9 tartozik a Szent Ign\u00e1c jezsuita templom, amelyhez a r\u00f3mai Spanyol l\u00e9pcs\u0151 mint\u00e1j\u00e1ra \u00e9p\u00fclt sz\u00e9les l\u00e9pcs\u0151 vezet fel; az er\u0151d\u00edtm\u00e9nyszer\u0171 domonkos kolostor, amely egy m\u0171v\u00e9szeti m\u00fazeumnak ad otthont; \u00e9s a kicsi, de gazdagon felszerelt k\u00f6z\u00e9pkori zsinag\u00f3ga, Eur\u00f3pa egyik legr\u00e9gebbi, ma is m\u0171k\u00f6d\u0151 zsinag\u00f3g\u00e1ja.<\/p>\n<p>A kultur\u00e1lis int\u00e9zm\u00e9nyek t\u00falmutatnak a szent ter\u00fcleteken. Az 1492 el\u0151tt alap\u00edtott Trsteno Arbor\u00e9tum a vil\u00e1g legr\u00e9gebbi nyilv\u00e1nos botanikus kertje. Lokrum szigete, egy erd\u0151s szigetecske, tizenk\u00e9t percnyi komp\u00fatra a r\u00e9gi kik\u00f6t\u0151t\u0151l, egy tizenharmadik sz\u00e1zadi benc\u00e9s kolostor, egy botanikus kert \u00e9s egy er\u0151d romjait \u0151rzi, amelyr\u0151l azt tartj\u00e1k, hogy Oroszl\u00e1nsz\u00edv\u0171 Rich\u00e1rdnak adott mened\u00e9ket 1192-es haj\u00f3t\u00f6r\u00e9se ut\u00e1n. Az eur\u00f3pai menek\u00fcltek r\u00e9g\u00f3ta keresnek itt mened\u00e9kjogot: 1544-ben egy portug\u00e1l convers\u00f3kat sz\u00e1ll\u00edt\u00f3 haj\u00f3 horgonyzott ki Dubrovnik dokkjain\u00e1l, gazdag\u00edtva a v\u00e1ros keresked\u0151oszt\u00e1ly\u00e1t \u00e9s intellektu\u00e1lis k\u00f6z\u00f6ss\u00e9g\u00e9t. 1929-ben George Bernard Shaw Dubrovnikot \u201ef\u00f6ldi mennyorsz\u00e1gnak\u201d nevezte, ezt a v\u00e9lem\u00e9nyt a kir\u00e1lyi csal\u00e1d, az \u00e1llamf\u00e9rfiak, \u00e9s az ut\u00f3bbi \u00e9vekben egy nagyszab\u00e1s\u00fa telev\u00edzi\u00f3s sorozat producerei is visszhangozt\u00e1k, amely a falakat egy kital\u00e1lt f\u0151v\u00e1ross\u00e1 alak\u00edtotta.<\/p>\n<p>A fesztiv\u00e1lok \u00e9s az \u00e9ghajlat alak\u00edtj\u00e1k a v\u00e1ros ritmus\u00e1t. Minden ny\u00e1ron negyven\u00f6t napon \u00e1t a Dubrovniki Ny\u00e1ri Fesztiv\u00e1l sz\u00edndarabokat, koncerteket \u00e9s utcai el\u0151ad\u00e1sokat rendez a tereken \u00e9s palot\u00e1kban. A rendezv\u00e9ny 2007-ben elnyerte a Nemzetk\u00f6zi Min\u0151s\u00e9gi Arany Tr\u00f3fe\u00e1t. \u00c9ghajlatilag Dubrovnik a K\u00f6ppen Csa z\u00f3n\u00e1ba esik: a nyarak forr\u00f3k \u00e9s viszonylag sz\u00e1razak, a j\u00faliusi \u00e9s augusztusi maximumok 28 \u00b0C k\u00f6r\u00fcl, az \u00e9jszak\u00e1k pedig 23 \u00b0C k\u00f6zel\u00e9ben alakulnak, m\u00edg a telek enyh\u00e9k, a nappali h\u0151m\u00e9rs\u00e9klet ritk\u00e1n s\u00fcllyed 13 \u00b0C al\u00e1. A helyi b\u00f3ra sz\u00e9l okt\u00f3bert\u0151l \u00e1prilisig h\u0171v\u00f6s sz\u00e9ll\u00f6k\u00e9seket hoz, \u00e9s zivatarok is be\u00e1rny\u00e9kolhatj\u00e1k a ny\u00e1ri meleget. 1961 \u00f3ta a h\u0151m\u00e9r\u0151 2012. augusztus 7-\u00e9n 38,4 \u00b0C-ot tet\u0151z\u00f6tt, majd 1968. janu\u00e1r 14-\u00e9n -7,0 \u00b0C-ra s\u00fcllyedt.<\/p>\n<p>A dalm\u00e1t partvid\u00e9k ment\u00e9n sz\u00e1mos strand k\u00edn\u00e1l kikapcsol\u00f3d\u00e1si lehet\u0151s\u00e9geket. K\u00f6zvetlen\u00fcl a Plo\u010de-kapun k\u00edv\u00fcl tal\u00e1lhat\u00f3 a Banje strand nyilv\u00e1nos r\u00e9sze, ahol kavicsos szakaszok, nyug\u00e1gyak \u00e9s r\u00f6plabda- vagy v\u00edzilabdap\u00e1ly\u00e1k v\u00e1rj\u00e1k a l\u00e1togat\u00f3kat, mindezt a v\u00e1rosfalak l\u00e1tv\u00e1nya alatt. Nyugatabbra a Lapad-f\u00e9lsziget homokos kanyarulatokat \u00f6lel fel, melyeket feny\u0151\u00e1rny\u00e9kos s\u00e9t\u00e1nyok tark\u00edtanak, \u00e9s kis betonst\u00e9gek tark\u00edtanak \u2013 Tito-korabeli eml\u00e9kek, amelyek priv\u00e1t napoz\u00f3helyeket \u00e9s tengerbe vezet\u0151 l\u00e9tr\u00e1kat biztos\u00edtanak. Egy r\u00f6vid tengerparti \u00f6sv\u00e9ny vezet egy helyi hal\u00e9tterembe, ahol a napi fog\u00e1s a v\u00edzparton v\u00e1rja a vend\u00e9geket.<\/p>\n<p>K\u00f6ztudotts\u00e1ga ellen\u00e9re Dubrovnik a t\u00falzott turizmus probl\u00e9m\u00e1j\u00e1val k\u00fczd. 2018-ra a v\u00e1rosi hat\u00f3s\u00e1gok int\u00e9zked\u00e9seket vezettek be a tengerj\u00e1r\u00f3 haj\u00f3k menetrendj\u00e9nek szab\u00e1lyoz\u00e1s\u00e1ra, 2023-ban pedig betiltott\u00e1k a kerekes poggy\u00e1szokat az \u00d3v\u00e1rosban, hogy tomp\u00edts\u00e1k az utcai zajt. A Stradun b\u00e1rjainak teraszait ideiglenesen bez\u00e1rt\u00e1k a k\u00f6rny\u00e9k nyugalm\u00e1nak meg\u0151rz\u00e9se \u00e9rdek\u00e9ben. A v\u00e1ros m\u00e9gis tov\u00e1bbra is egyens\u00falyt teremt az \u00f6r\u00f6ks\u00e9g meg\u0151rz\u00e9se \u00e9s a l\u00e1togat\u00f3k hozz\u00e1f\u00e9r\u00e9se k\u00f6z\u00f6tt, a gazdas\u00e1g \u00e9s az \u00e9letmin\u0151s\u00e9g fenntart\u00e1sa \u00e9rdek\u00e9ben.<\/p>\n<p>A v\u00e1rosfalakon bel\u00fcli m\u00fazeumok betekint\u00e9st ny\u00fajtanak Dubrovnik sokr\u00e9t\u0171 t\u00f6rt\u00e9net\u00e9be. A Term\u00e9szettudom\u00e1nyi M\u00fazeum sz\u00e1z\u00e9ves prepar\u00e1tumokat mutat be; a tizenhatodik sz\u00e1zadi magt\u00e1rban tal\u00e1lhat\u00f3 N\u00e9prajzi M\u00fazeum n\u00e9pviseleteket \u00e9s m\u0171t\u00e1rgyakat gy\u0171jt; a Sigurata Kolostor M\u00fazeuma pedig vall\u00e1si \u00e9s polg\u00e1ri erekly\u00e9ket \u0151riz. A m\u0171v\u00e9szet szerelmesei ell\u00e1togathatnak a cavtati Bukovac-h\u00e1zba, ahol megtekinthetik Vlaho Bukovac modernista fest\u0151 alkot\u00e1sait, m\u00edg a War Photo Limited fot\u00f3ki\u00e1ll\u00edt\u00e1sai a konfliktusok \u00e9s az eml\u00e9kezet t\u00e9m\u00e1it mutatj\u00e1k be. A Sponza Palotam\u00fazeum \u00e1llami lev\u00e9lt\u00e1rakat \u0151rzi; a Rektori Palota M\u00fazeuma korabeli b\u00fatorokat mutat be; a Szent J\u00e1nos-er\u0151dben tal\u00e1lhat\u00f3 Tenger\u00e9szeti M\u00fazeum pedig a k\u00f6zt\u00e1rsas\u00e1g tenger\u00e9szeti eredm\u00e9nyeit mutatja be.<\/p>\n<p>Minden l\u00e1togat\u00f3 k\u00f6ves, \u00e9vsz\u00e1zados gyalogosforgalom \u00e1ltal kif\u00e9nyes\u00edtett utc\u00e1kkal tal\u00e1lkozik. A sima m\u00e9szk\u0151 vesz\u00e9lyes lehet a l\u00e1b alatt, k\u00fcl\u00f6n\u00f6sen nedves k\u00f6r\u00fclm\u00e9nyek k\u00f6z\u00f6tt. \u00c9jszaka l\u00e1mp\u00e1sok \u2013 sok k\u00f6z\u00fcl\u00fck a tizenkilencedik sz\u00e1zadb\u00f3l sz\u00e1rmazik \u2013 vil\u00e1g\u00edtj\u00e1k meg a f\u0151 utakat, de a kisebb sik\u00e1torok \u00e1rny\u00e9kban maradhatnak, eml\u00e9keztetve az utaz\u00f3kat az \u00f3vatoss\u00e1gra. A zsebtolvajl\u00e1s ritka, de nem p\u00e9lda n\u00e9lk\u00fcli; az \u00e1ltal\u00e1nos \u00e9bers\u00e9g elegend\u0151 a szem\u00e9lyes biztons\u00e1g garant\u00e1l\u00e1s\u00e1hoz.<\/p>\n<p>Gasztron\u00f3miai szempontb\u00f3l a v\u00e1ros ink\u00e1bb a tengerparti hagyom\u00e1nyokat, mint az innov\u00e1ci\u00f3t t\u00fckr\u00f6zi. A helyi tengeri herkenty\u0171k \u2013 makr\u00e9la, tintahal, adriai garn\u00e9lar\u00e1k \u2013 olyan h\u00fask\u00e9sz\u00edtm\u00e9nyekkel osztoznak az asztalokon, mint a pa\u0161ticada, a lassan f\u0151tt marhap\u00f6rk\u00f6lt, \u00e9s a zelena menestra, a sert\u00e9sh\u00fassal p\u00e1rolt k\u00e1poszta \u00e9s z\u00f6lds\u00e9g kever\u00e9ke. Desszertk\u00e9nt a karamell \u00edz\u0171 rozata k\u00edn\u00e1l enyhe \u00e9dess\u00e9get. Az \u00e9ttermek az \u00d3v\u00e1ros hat\u00e1rain bel\u00fcl tal\u00e1lhat\u00f3k, magas b\u00e9rleti d\u00edjaik magas \u00e1rakat eredm\u00e9nyeznek; a november-m\u00e1rciusi csendes id\u0151szakban sz\u00e1mos luxusl\u00e9tes\u00edtm\u00e9ny bez\u00e1r, \u00edgy n\u00e9h\u00e1ny \u00e9tkezde a t\u00e1rgyal\u00e1sok sor\u00e1n alacsonyabb \u00e1rakat lehet el\u00e9rni. Az angol nyelv\u0171 \u00e9tlapok \u00e9s az online foglal\u00e1si rendszerek a nemzetk\u00f6zi vend\u00e9geket is kiszolg\u00e1lj\u00e1k.<\/p>\n<p>Dubrovnik nemzetk\u00f6zi rep\u00fcl\u0151ter\u00e9re, amely h\u00fasz kilom\u00e9terre d\u00e9lkeletre tal\u00e1lhat\u00f3 \u010cilipin\u00e9l, gyakori transzferbuszok biztos\u00edtj\u00e1k a k\u00f6zleked\u00e9st a Gru\u017eba, a v\u00e1ros f\u0151 buszp\u00e1lyaudvar\u00e1ra. A v\u00e1ros hat\u00e1rain bel\u00fcl egy modern buszh\u00e1l\u00f3zat hajnalt\u00f3l \u00e9jf\u00e9lig k\u00f6ti \u00f6ssze a v\u00e1rosr\u00e9szeket. B\u00e1r a vas\u00fati k\u00f6zleked\u00e9s 1975-ben megsz\u0171nt, a tervek szerint az A1-es aut\u00f3p\u00e1ly\u00e1t \u2013 amely ma Plo\u010de-n\u00e1l \u00e9r v\u00e9get \u2013 meghosszabb\u00edtj\u00e1k a nemr\u00e9giben elk\u00e9sz\u00fclt Pelje\u0161ac-h\u00eddon vagy Bosznia Neum-korridor\u00e1n kereszt\u00fcl a sz\u00e1razf\u00f6ldi hozz\u00e1f\u00e9r\u00e9s helyre\u00e1ll\u00edt\u00e1sa \u00e9rdek\u00e9ben.<\/p>\n<p>\u201eAz Adria kir\u00e1lyn\u0151jek\u00e9nt\u201d Dubrovnik csod\u00e1latot kelt kitart\u00e1s\u00e1\u00e9rt \u00e9s alkalmazkod\u00f3k\u00e9pess\u00e9g\u00e9\u00e9rt. A hetedik sz\u00e1zadi alap\u00edt\u00e1s\u00e1t\u00f3l a k\u00f6zt\u00e1rsas\u00e1gi auton\u00f3mia \u00e9vsz\u00e1zadain \u00e1t a cs\u00e1sz\u00e1ri id\u0151szakokig \u00e9s a h\u00e1bor\u00fas megpr\u00f3b\u00e1ltat\u00e1sokig a v\u00e1ros k\u0151falai \u00e9s k\u00f6z\u00f6ss\u00e9gi terei egyedi t\u00f6rt\u00e9nelemr\u0151l tan\u00faskodnak. Ma, a l\u00e1togat\u00f3k dag\u00e1lya \u00e9s dag\u00e1lya k\u00f6zepette, Dubrovnik tov\u00e1bbra is a k\u00f6z\u00e9pkori er\u0151d\u00edtm\u00e9nyek, a barokk m\u0171v\u00e9szet \u00e9s a modern turizmus tal\u00e1lkoz\u00e1si pontja, elgondolkodtatva a m\u00falt \u00e9s a jelen k\u00f6z\u00f6tti t\u00f6r\u00e9keny egyens\u00falyon.<\/p>","protected":false},"excerpt":{"rendered":"<p>A 2021-es n\u00e9psz\u00e1ml\u00e1l\u00e1s szerint 41 562 lakossal Dubrovnik nagy t\u00f6rt\u00e9nelmi jelent\u0151s\u00e9g\u0171 \u00e9s term\u00e9szeti sz\u00e9ps\u00e9g\u0171 v\u00e1ros az Adriai-tenger t\u00faloldal\u00e1n. H\u00edres \u00e9p\u00edt\u00e9szet, gazdag t\u00f6rt\u00e9nelem \u00e9s jelent\u0151s tengeri helysz\u00edn hat\u00e1rozza meg ezt az \u201eAdria gy\u00f6ngyszem\u00e9nek\u201d is nevezett horv\u00e1t v\u00e1rost, amely Dubrovnik-Neretva megye k\u00f6zigazgat\u00e1si f\u0151v\u00e1rosa.<\/p>","protected":false},"author":1,"featured_media":4378,"parent":14435,"menu_order":0,"comment_status":"closed","ping_status":"closed","template":"elementor_theme","meta":{"_eb_attr":"","footnotes":""},"class_list":["post-14490","page","type-page","status-publish","has-post-thumbnail"],"_links":{"self":[{"href":"https:\/\/travelshelper.com\/hu\/wp-json\/wp\/v2\/pages\/14490","targetHints":{"allow":["GET"]}}],"collection":[{"href":"https:\/\/travelshelper.com\/hu\/wp-json\/wp\/v2\/pages"}],"about":[{"href":"https:\/\/travelshelper.com\/hu\/wp-json\/wp\/v2\/types\/page"}],"author":[{"embeddable":true,"href":"https:\/\/travelshelper.com\/hu\/wp-json\/wp\/v2\/users\/1"}],"replies":[{"embeddable":true,"href":"https:\/\/travelshelper.com\/hu\/wp-json\/wp\/v2\/comments?post=14490"}],"version-history":[{"count":0,"href":"https:\/\/travelshelper.com\/hu\/wp-json\/wp\/v2\/pages\/14490\/revisions"}],"up":[{"embeddable":true,"href":"https:\/\/travelshelper.com\/hu\/wp-json\/wp\/v2\/pages\/14435"}],"wp:featuredmedia":[{"embeddable":true,"href":"https:\/\/travelshelper.com\/hu\/wp-json\/wp\/v2\/media\/4378"}],"wp:attachment":[{"href":"https:\/\/travelshelper.com\/hu\/wp-json\/wp\/v2\/media?parent=14490"}],"curies":[{"name":"wp","href":"https:\/\/api.w.org\/{rel}","templated":true}]}}