{"id":14481,"date":"2024-09-19T16:05:08","date_gmt":"2024-09-19T16:05:08","guid":{"rendered":"https:\/\/travelshelper.com\/staging\/?page_id=14481"},"modified":"2026-03-11T22:44:18","modified_gmt":"2026-03-11T22:44:18","slug":"zagrab","status":"publish","type":"page","link":"https:\/\/travelshelper.com\/hu\/destinations\/europe\/croatia\/zagreb\/","title":{"rendered":"Z\u00e1gr\u00e1b"},"content":{"rendered":"<p>Z\u00e1gr\u00e1b egyed\u00fcl\u00e1ll\u00f3 helyet foglal el K\u00f6z\u00e9p-Eur\u00f3pa \u00e9s a F\u00f6ldk\u00f6zi-tenger tal\u00e1lkoz\u00e1s\u00e1n\u00e1l, ahol a Sz\u00e1va foly\u00f3 sz\u00e9les \u00e1rtere a Medvednica erd\u0151s lejt\u0151i alatt \u00e1s\u00edt, \u00e9s a szlov\u00e9n hat\u00e1r szinte l\u00e1thatatlan. A tengerszint felett 158 \u200b\u200bm\u00e9teres magass\u00e1gban fekv\u0151, mintegy 767 000 lakos\u00fa v\u00e1ros (2021-es n\u00e9psz\u00e1ml\u00e1l\u00e1s) nagyj\u00e1b\u00f3l harminc kilom\u00e9ter hosszan ter\u00fcl el kelet-nyugati ir\u00e1nyban \u00e9s h\u00fasz kilom\u00e9ter hosszan \u00e9szak-d\u00e9li ir\u00e1nyban, be\u00e9p\u00edtett szerkezete a foly\u00f3 menti alacsonyan fekv\u0151 v\u00e1rosr\u00e9szekt\u0151l a hegy \u00e9szaki \u00e9s \u00e9szakkeleti perem\u00e9nek l\u00e1b\u00e1ig h\u00faz\u00f3dik. Horv\u00e1torsz\u00e1g politikai \u00e9s gazdas\u00e1gi k\u00f6zpontjak\u00e9nt Z\u00e1gr\u00e1b egyszerre a hivatalnoks\u00e1g metropolisza \u2013 gyakorlatilag minden korm\u00e1nyzati miniszt\u00e9riumnak \u00e9s \u00fcgyn\u00f6ks\u00e9gnek otthont ad \u2013, valamint a kereskedelem, a kutat\u00e1s \u00e9s a cs\u00facstechnol\u00f3giai v\u00e1llalkoz\u00e1sok k\u00f6zpontja. A v\u00e1ros glob\u00e1lis kapcsolatai megnyilv\u00e1nulnak a Globaliz\u00e1ci\u00f3s \u00e9s Vil\u00e1gv\u00e1rosok Kutat\u00e1si H\u00e1l\u00f3zat\u00e1t\u00f3l kapott b\u00e9ta min\u0151s\u00edt\u00e9s\u00e9ben, a K\u00f6z\u00e9p-Eur\u00f3p\u00e1t, a F\u00f6ldk\u00f6zi-tenger t\u00e9rs\u00e9g\u00e9t \u00e9s D\u00e9lkelet-Eur\u00f3p\u00e1t \u00f6sszek\u00f6t\u0151 k\u00f6z\u00fati, vas\u00fati \u00e9s l\u00e9gi h\u00e1l\u00f3zatok k\u00f6zpontjak\u00e9nt bet\u00f6lt\u00f6tt szerep\u00e9ben, valamint a v\u00e1ros ter\u00fclet\u00e9n sz\u00e9kel\u0151 nagyobb hazai \u00e9s region\u00e1lis v\u00e1llalatok jelenl\u00e9t\u00e9ben.<\/p>\n<p>Z\u00e1gr\u00e1b k\u00f6rny\u00e9k\u00e9n a geol\u00f3giai \u00e9s az emberi t\u00f6rt\u00e9nelem \u00f6sszefon\u00f3dik. A Veternica-barlang r\u00e9g\u00e9szeti leletei paleolitikumi lakotts\u00e1gra utalnak, m\u00edg Andautonia r\u00f3mai telep\u00fcl\u00e9se, a mai \u0160\u0107itarjevo k\u00f6zel\u00e9ben, a legkor\u00e1bbi ismert alap\u00edt\u00e1sk\u00e9nt \u00e1ll. A \u201eZ\u00e1gr\u00e1b\u201d helyn\u00e9v el\u0151sz\u00f6r 1134-ben jelenik meg, a kapt\u00f3li k\u00e1ptalan 1094-es megalap\u00edt\u00e1s\u00e1hoz k\u00f6tve, \u00e9s a telep\u00fcl\u00e9s IV. B\u00e9la kir\u00e1ly 1242-es rendelet\u00e9vel nyerte el a szabad kir\u00e1lyi rangot. A Gornji Grad (Gradec) \u00e9s a kapt\u00f3li k\u00f6z\u00e9pkori komplexum alkotja a Jela\u010di\u0107 b\u00e1n t\u00e9rt\u0151l \u00e9szakra fekv\u0151 t\u00f6rt\u00e9nelmi magot, ahol templomok, palot\u00e1k \u00e9s c\u00e9hh\u00e1zak eml\u00e9keztetnek a polg\u00e1ri \u00e9s egyh\u00e1zi rivaliz\u00e1l\u00e1s \u00e9vsz\u00e1zadaira. 1851-ben Janko Kamauf lett a v\u00e1ros els\u0151 polg\u00e1rmestere, el\u0151revet\u00edtve Z\u00e1gr\u00e1b fokozatos fejl\u0151d\u00e9s\u00e9t a laz\u00e1n \u00f6sszef\u00fcgg\u0151 k\u00e9t v\u00e1rosb\u00f3l egy egys\u00e9ges, megyei szint\u0171 \u00f6nkorm\u00e1nyzati egys\u00e9gg\u00e9, amely elk\u00fcl\u00f6n\u00fcl a k\u00f6rnyez\u0151 Z\u00e1gr\u00e1b megy\u00e9t\u0151l, de k\u00f6zigazgat\u00e1silag ahhoz k\u00f6t\u0151dik.<\/p>\n<p>A v\u00e1ros domborzata figyelemre m\u00e9lt\u00f3 mikrokl\u00edma- \u00e9s v\u00e1rosi form\u00e1k sokf\u00e9les\u00e9g\u00e9t t\u00e1pl\u00e1lja. D\u00e9len a Sz\u00e1va-v\u00f6lgy alacsonyan fekv\u0151 ker\u00fcletei \u2013 Donji Grad, Trnje \u00e9s Novi Zagreb \u2013 sz\u00e9les sug\u00e1rutakat, hatalmas k\u00f6zparkokat \u00e9s a k\u00e9t vil\u00e1gh\u00e1bor\u00fa k\u00f6z\u00f6tti, valamint a szocialista korszak lak\u00f3t\u00f6mbjeit k\u00edn\u00e1lj\u00e1k. \u00c9szakabbra Podsljeme \u00e9s Sesvete sz\u0151l\u0151\u00fcltetv\u00e9nyekbe, vegyes erd\u0151kbe \u00e9s lak\u00f3\u00f6vezetekbe kapaszkodnak, amelyek az erd\u0151s lejt\u0151ket \u00f6lelik fel, m\u00edg olyan t\u00f6rt\u00e9nelmi falvak, mint \u0160estine, Gra\u010dani \u00e9s Remete, a Medvednica als\u00f3 szakasz\u00e1hoz kapaszkodnak. Itt az id\u0151 lelassulni l\u00e1tszik: a n\u00e9pi hagyom\u00e1nyok h\u00edmzett ruh\u00e1k, m\u00e9zeskal\u00e1cs specialit\u00e1sok \u00e9s a jellegzetes \u0160estine-i eserny\u0151 form\u00e1j\u00e1ban fennmaradtak, amelynek sz\u00ednes lombkoron\u00e1ja egykor az arat\u00f3kat v\u00e9dte a tavaszi z\u00e1porokt\u00f3l.<\/p>\n<p>\u00c9ghajlatilag Z\u00e1gr\u00e1b az \u00f3ce\u00e1ni \u00e9s a nedves kontinent\u00e1lis \u00e9ghajlat k\u00fcsz\u00f6b\u00e9n \u00e1ll. A nyarak \u00e1ltal\u00e1ban melegek, id\u0151nk\u00e9nt forr\u00f3k, a napi maximumok \u00e9vszakonk\u00e9nt k\u00f6r\u00fclbel\u00fcl tizen\u00f6t napon meghaladj\u00e1k a 30 \u00b0C-ot. A k\u00e9s\u0151 tavaszi \u00e9s ny\u00e1ri d\u00e9lut\u00e1nokat zivatarok tark\u00edtj\u00e1k, \u00edgy Z\u00e1gr\u00e1bban az eur\u00f3pai f\u0151v\u00e1rosok k\u00f6z\u00f6tt a kilencedik legt\u00f6bb \u00e9ves csapad\u00e9kmennyis\u00e9g uralkodik \u2013 k\u00f6r\u00fclbel\u00fcl 840 mm \u2013, m\u00e9gis kevesebb es\u0151s nap van, mint Londonban vagy P\u00e1rizsban a heves, konvekt\u00edv z\u00e1poroknak k\u00f6sz\u00f6nhet\u0151en. Az \u0151szi hetek gyakran lefegyverz\u0151en tisztaak, a k\u00e9k \u00e9gbolt\u00fa napokat fokozatosan gyakori es\u0151k \u00e9s reggeli k\u00f6d v\u00e1ltja fel, amelyek okt\u00f3ber k\u00f6zep\u00e9t\u0151l janu\u00e1rig megmaradnak az alacsonyan fekv\u0151 ker\u00fcletekben. A telek borult eget, kevesebb csapad\u00e9kot (febru\u00e1rban \u00e1tlagosan mind\u00f6ssze 39 mm) \u00e9s \u00e1tlagosan huszonkilenc nap havaz\u00e1st hoznak, b\u00e1r az elm\u00falt \u00e9vtizedekben enyh\u00e9bb id\u0151j\u00e1r\u00e1s \u00e9s a h\u00f3takar\u00f3 cs\u00f6kken\u00e9se volt tapasztalhat\u00f3. A tavasz v\u00e1ltoz\u00f3an \u00e9rkezik: a korai hideg id\u0151szakok utat engednek a hosszabb naps\u00fct\u00e9snek \u00e9s a v\u00e1rosi kertek megmozdul\u00e1s\u00e1nak, m\u00edg a k\u00e9s\u0151i fagyok id\u0151nk\u00e9nt visszat\u00e9rnek az \u00e9bredez\u0151 f\u00e1khoz.<\/p>\n<p>Z\u00e1gr\u00e1b \u00e9p\u00edtett k\u00f6rnyezete az egym\u00e1st k\u00f6vet\u0151 korszakok v\u00e1ltoz\u00f3 amb\u00edci\u00f3it t\u00fckr\u00f6zi. Legr\u00e9gebbi k\u0151b\u0151l \u00e9p\u00fclt toronyh\u00e1za, a Ban Jela\u010di\u0107 t\u00e9ren \u00e1ll\u00f3 Neboder (1958) a sz\u00e1zad k\u00f6zep\u00e9n precedenst teremtett a vertik\u00e1lis n\u00f6veked\u00e9shez, amelyet k\u00e9s\u0151bb a Zagrep\u010danka (1976) \u00e9s a Cibona Tower (1987) k\u00f6vetett. Az az\u00f3ta eltelt \u00e9vtizedekben visszafogott terjeszked\u00e9s volt tapasztalhat\u00f3 \u2013 a k\u00fclv\u00e1rosi lak\u00f3tornyok ritk\u00e1n haladj\u00e1k meg a nyolc emeletet \u2013, m\u00e9gis a leg\u00fajabb v\u00e1rosi tervek a toronyh\u00e1zak \u00faj gener\u00e1ci\u00f3j\u00e1t hozt\u00e1k l\u00e9tre: t\u00f6bbek k\u00f6z\u00f6tt az Eurotowert, a HOTO Towert, a Sky Office Towert \u00e9s a magasba ny\u00fal\u00f3 Strojarska Business Centert. \u00daj-Z\u00e1gr\u00e1b d\u00e9li partja hasonl\u00f3k\u00e9ppen \u00e1talakult, Blato \u00e9s Lani\u0161te s\u0171r\u0171n be\u00e9p\u00edtett negyedekk\u00e9 fejl\u0151d\u00f6tt, amelyeket a Z\u00e1gr\u00e1bi Ar\u00e9na \u00e9s a szomsz\u00e9dos \u00fczleti k\u00f6zpont tark\u00edt.<\/p>\n<p>Z\u00e1gr\u00e1b gazdas\u00e1gi vitalit\u00e1sa az ipar, a technol\u00f3gia \u00e9s a szolg\u00e1ltat\u00e1sok koncentr\u00e1ci\u00f3j\u00e1b\u00f3l fakad. Az elektromos g\u00e9pek, a gy\u00f3gyszeripar, a textilipar, az \u00e9lelmiszer- \u00e9s italgy\u00e1rt\u00e1s tov\u00e1bbra is meghat\u00e1roz\u00f3 \u00e1gazatok, m\u00edg a high-tech v\u00e1llalatok \u00e9s kutat\u00f3int\u00e9zetek, mint p\u00e9ld\u00e1ul a Ru\u0111er Bo\u0161kovi\u0107 Int\u00e9zet \u00e9s a Z\u00e1gr\u00e1bi Egyetem, egy robusztus innov\u00e1ci\u00f3s \u00f6kosziszt\u00e9m\u00e1t biztos\u00edtanak. A m\u00e9diaszervezetek \u00e9s a nemzeti konglomer\u00e1tumok \u2013 k\u00f6zt\u00fck az Agrokor \u00e9s az INA \u2013 itt tartj\u00e1k fenn k\u00f6zpontjaikat, ak\u00e1rcsak a k\u00fclf\u00f6ldi le\u00e1nyv\u00e1llalat\u00fa sz\u00e1llodal\u00e1ncok: a Hilton, a Marriott, a Radisson \u00e9s m\u00e1sok \u2013, amelyek a vend\u00e9gl\u00e1t\u00f3iparban egyar\u00e1nt kiszolg\u00e1lj\u00e1k a turist\u00e1kat \u00e9s az \u00fczleti utaz\u00f3kat. A v\u00e1ros kar\u00e1csonyi v\u00e1s\u00e1r\u00e1t, amelyet az European Best Destinations 2015 \u00e9s 2017 k\u00f6z\u00f6tt egym\u00e1st k\u00f6vet\u0151 \u00e9vekben Eur\u00f3pa legjobbj\u00e1nak ismert el, a kereskedelem, a kult\u00fara \u00e9s a polg\u00e1ri b\u00fcszkes\u00e9g \u00f6sszeolvad\u00e1s\u00e1nak p\u00e9ld\u00e1jak\u00e9nt tartj\u00e1k sz\u00e1mon.<\/p>\n<p>Z\u00e1gr\u00e1b kultur\u00e1lis \u00e9lete kiterjedt \u00e9s v\u00e1ltozatos. T\u00f6bb mint harminc m\u00fazeum \u00e9s gal\u00e9ria mintegy 3,6 milli\u00f3 m\u0171t\u00e1rgynak ad otthont, a R\u00e9g\u00e9szeti M\u00fazeum Liber Linteus Zagrabiensis c\u00edm\u0171 etruszk v\u00e1szonk\u00e9zirat\u00e1t\u00f3l \u00e9s a vil\u00e1g legr\u00e9gebbi ismert felirat\u00e1t\u00f3l ezen a nyelven \u2013 a Modern Gal\u00e9ria \u00e1tfog\u00f3, tizenkilencedik \u00e9s huszadik sz\u00e1zadi horv\u00e1t m\u0171v\u00e9szeti gy\u0171jtem\u00e9ny\u00e9ig. A M\u0171szaki M\u00fazeum 1830-b\u00f3l sz\u00e1rmaz\u00f3 m\u0171k\u00f6d\u0151 g\u00e9peket \u0151riz a rep\u00fcl\u0151g\u00e9pek \u00e9s egy planet\u00e1rium mellett; a Term\u00e9szettudom\u00e1nyi M\u00fazeum \u0151skori kincseket \u0151riz, nevezetesen a h\u00edres krapinai neanderv\u00f6lgyi maradv\u00e1nyokat. Mag\u00e1nkezdem\u00e9nyez\u00e9sek is vir\u00e1goztak: a 2010-ben alap\u00edtott Megszakadt Kapcsolatok M\u00fazeuma a v\u00e9get \u00e9rt rom\u00e1ncok szem\u00e9lyes eml\u00e9keit gy\u0171jti, \u00e9s az\u00f3ta vil\u00e1gszerte inspir\u00e1lta a kezdem\u00e9nyez\u00e9seket, m\u00edg a Lauba H\u00e1z a kort\u00e1rs horv\u00e1t m\u0171v\u00e9szet vezet\u0151 mag\u00e1ngy\u0171jtem\u00e9ny\u00e9t mutatja be.<\/p>\n<p>A Medvednica egyszerre \u0151rz\u0151k\u00e9nt \u00e9s j\u00e1tsz\u00f3t\u00e9rk\u00e9nt is felt\u0171nik. Cs\u00facsa, a Sljeme (1035 m) egy CNN-magas ad\u00f3vev\u0151nek, felvon\u00f3kkal felszerelt s\u00edp\u00e1ly\u00e1knak, \u00e9s id\u0151j\u00e1r\u00e1s eset\u00e9n a Velebit-hegys\u00e9gre \u00e9s Szlov\u00e9nia J\u00faliai-Alpokra ny\u00edl\u00f3 panor\u00e1m\u00e1nak ad otthont. A XIII. sz\u00e1zadi form\u00e1j\u00e1ban helyre\u00e1ll\u00edtott k\u00f6z\u00e9pkori Medvedgrad v\u00e1rosa a nyugati k\u00fclv\u00e1rosokra n\u00e9z\u0151 gerincet koron\u00e1zza, ahol a Haza szent\u00e9lye \u00e9s \u00f6r\u00f6k l\u00e1ngja Horv\u00e1torsz\u00e1g egym\u00e1st k\u00f6vet\u0151 konfliktusokban elszenvedett buk\u00e1s\u00e1nak eml\u00e9ket \u00e1ll\u00edt. A k\u00f6zelben, az omladoz\u00f3 Susedgrad er\u0151d csendes \u0151rhelyk\u00e9nt \u00e1ll, amelyet a XVII. sz\u00e1zad \u00f3ta elhagyatottan \u00e1ll\u00edtanak fel, m\u00e9gis tov\u00e1bbra is vonzza a t\u00far\u00e1z\u00f3kat sz\u00e9lj\u00e1rta b\u00e1sty\u00e1ira.<\/p>\n<p>A k\u00f6zleked\u00e9si infrastrukt\u00fara megszil\u00e1rd\u00edtja Z\u00e1gr\u00e1b region\u00e1lis k\u00f6zpontk\u00e9nt bet\u00f6lt\u00f6tt st\u00e1tusz\u00e1t. A v\u00e1rost\u00f3l mintegy tizenh\u00e9t kilom\u00e9terre d\u00e9lkeletre, Velika Goric\u00e1ban tal\u00e1lhat\u00f3 Franjo Tu\u0111man rep\u00fcl\u0151t\u00e9r 2024-ben rekordot jelent\u0151 4,31 milli\u00f3 utast szolg\u00e1lt ki, \u00e9s mind a polg\u00e1ri, mind a katonai rep\u00fcl\u00e9st t\u00e1mogatja. A lu\u010dk\u00f3i m\u00e1sodlagos rep\u00fcl\u0151t\u00e9r a sportrep\u00fcl\u0151g\u00e9peket \u00e9s egy k\u00fcl\u00f6nleges rend\u0151rs\u00e9gi helikopteregys\u00e9get szolg\u00e1lja ki, m\u00edg a bu\u0161eveci rep\u00fcl\u0151t\u00e9r a szabadid\u0151s rep\u00fcl\u0151ket szolg\u00e1lja ki. Belf\u00f6ld\u00f6n \u00f6t f\u0151 aut\u00f3p\u00e1lya \u2013 A1, A2, A3, A4 \u00e9s A6 \u2013 indul Z\u00e1gr\u00e1bb\u00f3l, \u00f6sszek\u00f6tve azt Rijek\u00e1val, Splittel, Magyarorsz\u00e1ggal \u00e9s azon t\u00fal, \u00e9s a p\u00e1neur\u00f3pai Vb, X \u00e9s Xa folyos\u00f3k szakaszait alkotja. A v\u00e1roson bel\u00fcl sz\u00e9les \u2013 mintegy t\u00edz s\u00e1vos \u2013 sug\u00e1rutak h\u00e1l\u00f3zata \u00e9s a zugrebi elker\u00fcl\u0151 \u00fat veszi k\u00f6r\u00fcl a s\u0171r\u0171n be\u00e9p\u00edtett v\u00e1rosi negyedeket, b\u00e1r a cs\u00facsforgalmi torl\u00f3d\u00e1sok tov\u00e1bbra is \u00e1lland\u00f3 probl\u00e9m\u00e1t jelentenek. A t\u00f6megk\u00f6zleked\u00e9st egy tiszteletre m\u00e9lt\u00f3 villamosrendszer alapozza meg, amelyet 1891-ben avattak fel, \u00e9s amely ma tizen\u00f6t nappali \u00e9s n\u00e9gy \u00e9jszakai vonalon k\u00f6zlekedik, kiterjedt el\u0151v\u00e1rosi vas\u00fath\u00e1l\u00f3zattal \u00e9s \u00e1tfog\u00f3 buszj\u00e1ratokkal. Egy sikl\u00f3, a vil\u00e1g egyik legr\u00f6videbbje, a Tomi\u0107eva utc\u00e1b\u00f3l vezet fel a Fels\u0151v\u00e1rosra, m\u00edg a 2018 \u00f3ta liberaliz\u00e1lt taxik most versenyk\u00e9pes \u00e1ron k\u00edn\u00e1lnak jobb szolg\u00e1ltat\u00e1st.<\/p>\n<p>Demogr\u00e1fiailag Z\u00e1gr\u00e1b t\u00falnyom\u00f3r\u00e9szt horv\u00e1t (93,5 sz\u00e1zal\u00e9k), b\u00e1r a 2021-es n\u00e9psz\u00e1ml\u00e1l\u00e1s t\u00f6bb mint negyvenkilencezer etnikai kisebbs\u00e9ghez tartoz\u00f3 lakost regisztr\u00e1lt \u2013 szerbeket, bosny\u00e1kokat, alb\u00e1nokat, rom\u00e1kat \u00e9s m\u00e1sokat \u2013, valamint egyre t\u00f6bb k\u00fclf\u00f6ldi munkav\u00e1llal\u00f3t vonzott Nep\u00e1lb\u00f3l, a F\u00fcl\u00f6p-szigetekr\u0151l, Indi\u00e1b\u00f3l \u00e9s Bangladesb\u0151l, akiket a vil\u00e1gj\u00e1rv\u00e1ny ut\u00e1ni munkaer\u0151hi\u00e1ny vonzott. A Z\u00e1gr\u00e1b megy\u00e9t mag\u00e1ban foglal\u00f3 nagyv\u00e1rosi ter\u00fclet meghaladja az egymilli\u00f3 lakost, \u00e9s Horv\u00e1torsz\u00e1g lakoss\u00e1g\u00e1nak nagyj\u00e1b\u00f3l egynegyed\u00e9t teszi ki. A turizmus az elm\u00falt \u00e9vekben fellend\u00fclt: a v\u00e1ros 2017-ben t\u00f6bb mint 1,28 milli\u00f3 l\u00e1togat\u00f3t fogadott, 2,26 milli\u00f3 vend\u00e9g\u00e9jszak\u00e1t gener\u00e1lva, \u00e9s Eur\u00f3pa-szerte, s\u0151t Kelet-\u00c1zsi\u00e1b\u00f3l \u00e9s Indi\u00e1b\u00f3l is vonzza az utaz\u00f3kat.<\/p>\n<p>Dinamizmusa ellen\u00e9re Z\u00e1gr\u00e1b geol\u00f3giai vesz\u00e9lyekkel n\u00e9z szembe. A \u017dumberak-Medvednica t\u00f6r\u00e9svonal felett fekv\u0151 v\u00e1ros \u00e9vente mintegy 400 kisebb f\u00f6ldreng\u00e9st szenved el. Az 1880-as, 6,3-as er\u0151ss\u00e9g\u0171 f\u00f6ldreng\u00e9s sz\u00e1mos v\u00e1rosr\u00e9szt puszt\u00edtott, 2020-ban pedig egy 5,5-\u00f6s er\u0151ss\u00e9g\u0171 f\u00f6ldreng\u00e9s k\u00e1rokat okozott a belv\u00e1ros t\u00f6rt\u00e9nelmi \u00e9p\u00fcleteiben, led\u00f6ntve az egyik sz\u00e9kesegyh\u00e1z torny\u00e1r\u00f3l a keresztet \u2013 ez volt a leger\u0151sebb f\u00f6ldreng\u00e9s 1880 \u00f3ta. A hat\u00f3s\u00e1gok becsl\u00e9sei szerint egy nagyobb f\u00f6ldreng\u00e9s t\u00f6bb ezer \u00e1ldozatot is okozhat, ami hangs\u00falyozza a szeizmikus felk\u00e9sz\u00fclts\u00e9g fontoss\u00e1g\u00e1t a v\u00e1ros tiszteletre m\u00e9lt\u00f3 k\u0151m\u0171ves magja miatt.<\/p>\n<p>A Z\u00e1gr\u00e1bba l\u00e1togat\u00f3k egy olyan v\u00e1rossal tal\u00e1lkoznak, amely a biztons\u00e1got a v\u00e1rosi ny\u00fczsg\u00e9ssel egyens\u00falyozza. Az \u00e9jszakai v\u00e1ndoroknak azt tan\u00e1csolj\u00e1k, hogy alkonyat ut\u00e1n ker\u00fclj\u00e9k a rosszul megvil\u00e1g\u00edtott sik\u00e1torokat, bizonyos k\u00fclv\u00e1rosokat \u00e9s a Ribnjak parkot, ahol id\u0151nk\u00e9nt \u00f6sszecsap\u00e1sok t\u00f6rtek ki a szubkultur\u00e1lis csoportok k\u00f6z\u00f6tt. A koldusok alamizsn\u00e1t k\u00e9rhetnek a f\u0151 k\u00f6zleked\u00e9si csom\u00f3pontok k\u00f6zel\u00e9ben, de a b\u0171n\u00f6z\u00e9si r\u00e1ta tov\u00e1bbra is alacsonyabb, mint sok nyugat-eur\u00f3pai f\u0151v\u00e1rosban. Az LMBTQ p\u00e1roknak diszkr\u00e9ci\u00f3t tan\u00e1csolnak a nyilv\u00e1nos vonzalomnyilv\u00e1n\u00edt\u00e1sokkal kapcsolatban az elszigetelt homof\u00f3b incidensek ut\u00e1n. A turist\u00e1kat arra k\u00e9rik, hogy ker\u00fclj\u00e9k a turbo-folk zen\u00e9t j\u00e1tsz\u00f3 klubokat vagy a nem ellen\u0151rz\u00f6tt sztript\u00edzklubokat, amelyek n\u00e9ha a mit sem sejt\u0151 vend\u00e9geket is vit\u00e1kba sodort\u00e1k.<\/p>\n<p>Z\u00e1gr\u00e1b kulin\u00e1ris \u00e9lete a hagyom\u00e1nyt \u00e9s az innov\u00e1ci\u00f3t \u00f6tv\u00f6zi. A helyi specialit\u00e1sok \u2013 a zagreba\u010dki odrezak (pan\u00edrozott borj\u00fa- vagy sert\u00e9sszelet, amely a cordon bleu-re eml\u00e9keztet), a \u0161trukli (sajttal t\u00f6lt\u00f6tt t\u00e9szta), a mlinci (lapos t\u00e9szta s\u00fcltl\u00e9vel) \u00e9s a krem\u0161nite (kr\u00e9mszeletek) \u2013 a nemzetk\u00f6zi k\u00edn\u00e1lat mellett pezsg\u0151 \u00e9ttermi k\u00f6rnyezetben v\u00e1rj\u00e1k a l\u00e1togat\u00f3kat. A borb\u00e1rok a legjobb hazai \u00e9vj\u00e1ratok borait k\u00edn\u00e1lj\u00e1k, m\u00edg a v\u00e1ros n\u00e9vad\u00f3 botanikus kertje, amelyet 1891-ben alap\u00edtottak \u00e9s a Fels\u0151v\u00e1ros k\u00f6zel\u00e9ben tal\u00e1lhat\u00f3, mintegy 10 000 n\u00f6v\u00e9nyfajnak ad otthont, egy igazi v\u00e1rosi o\u00e1zist k\u00edn\u00e1lva a gondosan v\u00e1logatott z\u00f6lds\u00e9gek vil\u00e1g\u00e1ban.<\/p>\n<p>A k\u00e9zm\u0171ves term\u00e9kek \u00e9s szuven\u00edrek t\u00fckr\u00f6zik Z\u00e1gr\u00e1b sokr\u00e9t\u0171 identit\u00e1s\u00e1t. A modern nyakkend\u0151 eredet\u00e9t a tizenhetedik sz\u00e1zadi horv\u00e1t zsoldosokra vezeti vissza, akiknek csom\u00f3zott s\u00e1ljai felkeltett\u00e9k a p\u00e1rizsi t\u00e1rsas\u00e1g figyelm\u00e9t, m\u00edg a goly\u00f3stoll eredet\u00e9t Slavoljub Penkal\u00e1nak, a huszadik sz\u00e1zad eleji feltal\u00e1l\u00f3nak \u00e9s z\u00e1gr\u00e1bi lakosnak k\u00f6sz\u00f6nheti. A v\u00e1s\u00e1rl\u00f3k az Ilica utca butikjait\u00f3l a v\u00e1ros perem\u00e9n fekv\u0151 hatalmas bev\u00e1s\u00e1rl\u00f3k\u00f6zpontokig v\u00e1ndorolnak, krist\u00e1lyt, ker\u00e1mi\u00e1t, fonott term\u00e9keket \u00e9s gasztron\u00f3miai k\u00fcl\u00f6nlegess\u00e9geket keresve, amelyek visszhangozz\u00e1k Horv\u00e1torsz\u00e1g soksz\u00edn\u0171 region\u00e1lis hagyom\u00e1nyait.<\/p>\n<p>Z\u00e1gr\u00e1b t\u00f6rt\u00e9nete a folyamatos meg\u00fajul\u00e1sr\u00f3l sz\u00f3l \u2013 egy \u0151si telep\u00fcl\u00e9s, amely k\u00e9t k\u00f6z\u00e9pkori v\u00e1ros riv\u00e1lisak\u00e9nt sz\u00fcletik \u00fajj\u00e1, barokk pompa \u00e9s osztr\u00e1k\u2013magyar urbanizmus form\u00e1lta, h\u00e1bor\u00fak \u00e9s f\u00f6ldreng\u00e9sek s\u00fajtott\u00e1k, m\u00e9gis mindig a j\u00f6v\u0151 fel\u00e9 t\u00f6rekszik. Sz\u00e9les sug\u00e1r\u00fatjai, kanyarg\u00f3s k\u00f6z\u00e9pkori utc\u00e1i \u00e9s erd\u0151s dombjai a t\u00f6rt\u00e9nelem \u00e9s a f\u00f6ldrajz fesz\u00fclts\u00e9geit testes\u00edtik meg, m\u00edg tudom\u00e1nyos, kultur\u00e1lis \u00e9s korm\u00e1nyzati int\u00e9zm\u00e9nyei egy modern f\u0151v\u00e1rost kov\u00e1csolnak, amely f\u00e9lre\u00e9rthetetlen\u00fcl gy\u00f6kerezik a vid\u00e9kben \u00e9s annak t\u00f6rt\u00e9nelm\u00e9ben. Minden villamosban, amely a Ljubljanska \u00faton d\u00fcb\u00f6r\u00f6g, a Fels\u0151v\u00e1ros minden fresk\u00f3kkal szeg\u00e9lyezett k\u00e1poln\u00e1j\u00e1ban \u00e9s a Sz\u00e1va rakpartj\u00e1nak esti f\u00e9ny\u00e9ben \u00e9rezhet\u0151 egy id\u0151 \u00e1ltal form\u00e1lt, m\u00e9gis mindig a horizonton t\u00falra tekint\u0151 v\u00e1ros l\u00fcktet\u00e9se.<\/p>","protected":false},"excerpt":{"rendered":"<p>Z\u00e1gr\u00e1b, Horv\u00e1torsz\u00e1g f\u0151v\u00e1rosa \u00e9s legnagyobb v\u00e1rosa 767 131 lakos\u00e1val \u00e9s 1 217 150 f\u0151s nagyv\u00e1rosi ter\u00fclet\u00e9vel nemzeti k\u00f6zpontk\u00e9nt szolg\u00e1l. Az orsz\u00e1g \u00e9szaki r\u00e9sz\u00e9n, a Sz\u00e1va foly\u00f3 ment\u00e9n f\u00e9szkelt v\u00e1ros buja h\u00e1tter\u00e9t a Medvednica-hegy mutatja. A mintegy 158 m\u00e9teres tengerszint feletti magass\u00e1gba emelked\u0151 Z\u00e1gr\u00e1b, k\u00f6zel a szlov\u00e9n hat\u00e1rhoz, enyhe h\u0151m\u00e9rs\u00e9kletet \u00e9s l\u00e9legzetel\u00e1ll\u00edt\u00f3 kil\u00e1t\u00e1st k\u00edn\u00e1l.<\/p>","protected":false},"author":1,"featured_media":3540,"parent":14435,"menu_order":0,"comment_status":"closed","ping_status":"closed","template":"elementor_theme","meta":{"_eb_attr":"","footnotes":""},"class_list":["post-14481","page","type-page","status-publish","has-post-thumbnail"],"_links":{"self":[{"href":"https:\/\/travelshelper.com\/hu\/wp-json\/wp\/v2\/pages\/14481","targetHints":{"allow":["GET"]}}],"collection":[{"href":"https:\/\/travelshelper.com\/hu\/wp-json\/wp\/v2\/pages"}],"about":[{"href":"https:\/\/travelshelper.com\/hu\/wp-json\/wp\/v2\/types\/page"}],"author":[{"embeddable":true,"href":"https:\/\/travelshelper.com\/hu\/wp-json\/wp\/v2\/users\/1"}],"replies":[{"embeddable":true,"href":"https:\/\/travelshelper.com\/hu\/wp-json\/wp\/v2\/comments?post=14481"}],"version-history":[{"count":0,"href":"https:\/\/travelshelper.com\/hu\/wp-json\/wp\/v2\/pages\/14481\/revisions"}],"up":[{"embeddable":true,"href":"https:\/\/travelshelper.com\/hu\/wp-json\/wp\/v2\/pages\/14435"}],"wp:featuredmedia":[{"embeddable":true,"href":"https:\/\/travelshelper.com\/hu\/wp-json\/wp\/v2\/media\/3540"}],"wp:attachment":[{"href":"https:\/\/travelshelper.com\/hu\/wp-json\/wp\/v2\/media?parent=14481"}],"curies":[{"name":"wp","href":"https:\/\/api.w.org\/{rel}","templated":true}]}}