{"id":14472,"date":"2024-09-19T15:56:00","date_gmt":"2024-09-19T15:56:00","guid":{"rendered":"https:\/\/travelshelper.com\/staging\/?page_id=14472"},"modified":"2026-03-11T22:45:05","modified_gmt":"2026-03-11T22:45:05","slug":"split","status":"publish","type":"page","link":"https:\/\/travelshelper.com\/hu\/destinations\/europe\/croatia\/split\/","title":{"rendered":"Split"},"content":{"rendered":"<p>Split egy karcs\u00fa hegyfokon fekszik Horv\u00e1torsz\u00e1g keleti adriai partj\u00e1n, hat\u00e1rait nyugaton a Ka\u0161tela-\u00f6b\u00f6l, keleten pedig a Split-csatorna m\u00e9lyebb vizei hat\u00e1rozz\u00e1k meg. K\u00e9t gerinc, \u00e9szakon a Kozjak \u00e9s \u00e9szakkeleten a Mosor, 779, illetve 1339 m\u00e9ter magasra emelkednek, keretezve a v\u00e1ros sz\u00e1razf\u00f6ld fel\u0151li megk\u00f6zel\u00edt\u00e9s\u00e9t, \u00e9s v\u00e9dve a zordabb id\u0151j\u00e1r\u00e1st\u00f3l. A f\u00e9lsziget nyugati cs\u00fccsk\u00e9ben \u00e1ll a Marjan, egy erd\u0151s domb, amely 178 m\u00e9terrel a tengerszint felett magasodik. Erd\u0151s lejt\u0151it, amelyek mintegy 347 hekt\u00e1ron h\u00faz\u00f3dnak, t\u00fara\u00fatvonalak h\u00e1l\u00f3zz\u00e1k be, \u00e9s kil\u00e1t\u00f3pontok tark\u00edtj\u00e1k, ahonnan leny\u0171g\u00f6z\u0151 panor\u00e1ma ny\u00edlik a v\u00edzpartra, az \u00f3v\u00e1ros v\u00f6r\u00f6s cserepes h\u00e1ztet\u0151ire \u00e9s a dalm\u00e1t szigetek t\u00e1voli sziluettjeire.<\/p>\n<p>Az \u00e9ghajlat a forr\u00f3-ny\u00e1ri mediterr\u00e1n \u00e9ghajlat kateg\u00f3ri\u00e1j\u00e1ba tartozik. A nyarak forr\u00f3k \u00e9s nagyr\u00e9szt sz\u00e1razak, csak alkalmank\u00e9nt enyh\u00edti a b\u00f3ra, egy \u00e9les \u00e9szaki sz\u00e9ll\u00f6k\u00e9s, amely v\u00e1ratlanul h\u0171v\u00f6ss\u00e9 teheti a reggeleket. A telek enyh\u00e9k maradnak; janu\u00e1rban az \u00e1tlagos minimumh\u0151m\u00e9rs\u00e9klet 6 \u00b0C k\u00f6r\u00fcl alakul, m\u00edg j\u00faliusban d\u00e9lut\u00e1nonk\u00e9nt gyakran el\u00e9ri a 31 \u00b0C-ot. Az \u00e9ves csapad\u00e9kmennyis\u00e9g megk\u00f6zel\u00edti a 800 mm-t, a legnagyobb koncentr\u00e1ci\u00f3 novemberben van, amikor egy tucat es\u0151s nap alatt k\u00f6zel 120 mm is hullhat. A h\u00f3 \u00e1ltal\u00e1ban kev\u00e9s, m\u00e9gis 2012 febru\u00e1rj\u00e1ban egy ritka hideghull\u00e1m 25 cm havat hozott, ami megb\u00e9n\u00edtotta a forgalmat a f\u00e9lszigeten. A naps\u00fct\u00e9s \u00e9vente nagyj\u00e1b\u00f3l 2600 \u00f3r\u00e1n \u00e1t uralkodik, ami Split inform\u00e1lis beceneveit adta, mint p\u00e9ld\u00e1ul a \u201emediterr\u00e1n vir\u00e1g\u201d, \u00e9s a leglelkesebb helyi rajong\u00f3k k\u00f6z\u00f6tt a \u201evil\u00e1g legszebb v\u00e1rosa\u201d.<\/p>\n<p>J\u00f3val a modern utak \u00e9s \u043a\u0440\u0443\u0438\u0437haj\u00f3k megjelen\u00e9se el\u0151tt a mai Split helysz\u00edne ismert volt a g\u00f6r\u00f6g tenger\u00e9szek sz\u00e1m\u00e1ra. Az i. e. harmadik vagy m\u00e1sodik sz\u00e1zadban a telepesek l\u00e9trehoztak egy kereskedelmi \u00e1llom\u00e1st, amelyet Asp\u00e1lathosnak neveztek el, melynek neve val\u00f3sz\u00edn\u0171leg a dalm\u00e1t partvid\u00e9ken n\u00f6v\u0151 \u0151shonos t\u00fcsk\u00e9s cserj\u00e9re utal. A r\u00f3mai uralom alatt ez a szer\u00e9ny kol\u00f3nia a birodalom egyik legambici\u00f3zusabb \u00e9p\u00edt\u00e9si v\u00e1llalkoz\u00e1s\u00e1v\u00e1 fejl\u0151d\u00f6tt: i. sz. 305-ben Diocletianus cs\u00e1sz\u00e1r ezt a sz\u00e9lj\u00e1rta hegyfokot v\u00e1lasztotta nyugd\u00edjas palot\u00e1j\u00e1nak helysz\u00edn\u00e9\u00fcl. A komplexum, amely ma Split t\u00f6rt\u00e9nelmi negyed\u00e9nek sz\u00edv\u00e9ben tal\u00e1lhat\u00f3, hatalmas k\u0151falakb\u00f3l, grandi\u00f3zus oszlopsorokb\u00f3l \u00e9s er\u0151d\u00edtett ter\u00fcleten bel\u00fcl elhelyezked\u0151 mag\u00e1nlak\u00e1sokb\u00f3l \u00e1llt.<\/p>\n<p>Amikor Salona tartom\u00e1ny f\u0151v\u00e1rosa Kr. u. 650 k\u00f6r\u00fcl elesett az avar \u00e9s szl\u00e1v bet\u00f6r\u00e9sek \u00e1ldozata lett, a menek\u00fcltek Diocletianus falainak szil\u00e1rd oltalm\u00e1ba menek\u00fcltek. Ezek az \u0151si k\u00f6vek egy \u00faj telep\u00fcl\u00e9s magj\u00e1t alkott\u00e1k, amely biz\u00e1nci fennhat\u00f3s\u00e1g alatt m\u0171k\u00f6d\u00f6tt, de id\u0151vel a polg\u00e1rok kialak\u00edtott\u00e1k saj\u00e1t polg\u00e1ri identit\u00e1sukat. A k\u00f6z\u00e9pkorban \u00e9s a k\u00e9s\u0151 k\u00f6z\u00e9pkorban Split k\u00e9nyes semlegess\u00e9get tartott fenn, a Velencei K\u00f6zt\u00e1rsas\u00e1g tengeri hatalma \u00e9s a horv\u00e1t korona amb\u00edci\u00f3i k\u00f6z\u00f6tt lav\u00edrozva. A tizennegyedik sz\u00e1zad v\u00e9g\u00e9re Velence befoly\u00e1sa hangs\u00falyosabb\u00e1 v\u00e1lt: a v\u00e1ros v\u00e9delmi vonalait meger\u0151s\u00edtett\u00e9k, kik\u00f6t\u0151je pedig kritikus el\u0151\u0151rss\u00e9 v\u00e1lt az oszm\u00e1n terjeszked\u00e9ssel szemben.<\/p>\n<p>Velence 1797-ig megtartotta az ir\u00e1ny\u00edt\u00e1st Split felett, amikor Nap\u00f3leon csapatai feloszlatt\u00e1k a k\u00f6zt\u00e1rsas\u00e1got, \u00e9s a Campo Formio-i b\u00e9keszerz\u0151d\u00e9s \u00e9rtelm\u00e9ben Dalm\u00e1ci\u00e1t \u00e1tengedt\u00e9k a Habsburgoknak. Egy \u00e9vtizeddel k\u00e9s\u0151bb a f\u00e9lsziget r\u00f6vid id\u0151re Nap\u00f3leon Olasz Kir\u00e1lys\u00e1g\u00e1nak, majd mag\u00e1nak a Francia Birodalomnak az uralm\u00e1ba ker\u00fclt az Ill\u00edr Tartom\u00e1nyok r\u00e9szek\u00e9nt. Nap\u00f3leon buk\u00e1s\u00e1val a b\u00e9csi kongresszus vissza\u00e1ll\u00edtotta az osztr\u00e1k uralmat, \u00e9s Split a korona Dalm\u00e1cia Kir\u00e1lys\u00e1g\u00e1nak r\u00e9sz\u00e9v\u00e9 v\u00e1lt. A k\u00f6vetkez\u0151 \u00e9vsz\u00e1zadban a vasutak \u00e9s a g\u0151zhaj\u00f3z\u00e1s szorosabban k\u00f6t\u00f6tte \u00f6ssze K\u00f6z\u00e9p-Eur\u00f3p\u00e1val, mik\u00f6zben a helyi ipar\u00e1gak \u2013 a haj\u00f3\u00e9p\u00edt\u00e9s, a textilipar, a doh\u00e1nyipar \u00e9s az \u00e9lelmiszer-feldolgoz\u00e1s \u2013 vir\u00e1goztak a cs\u00e1sz\u00e1ri \u00e9gisze alatt.<\/p>\n<p>Ausztria\u2013Magyarorsz\u00e1g 1918-as \u00f6sszeoml\u00e1sa \u00faj fejezetet nyitott a t\u00f6rt\u00e9nelemben, mivel Split csatlakozott a Szerb, Horv\u00e1t \u00e9s Szlov\u00e9n Kir\u00e1lys\u00e1ghoz (k\u00e9s\u0151bb Jugoszl\u00e1via). A m\u00e1sodik vil\u00e1gh\u00e1bor\u00fa alatt a v\u00e1rost el\u0151sz\u00f6r Olaszorsz\u00e1g annekt\u00e1lta, majd n\u00e9met er\u0151k foglalt\u00e1k el, \u00e9s egy b\u00e1bhorv\u00e1t \u00e1llam r\u00e9sze lett. A partiz\u00e1nok 1944-ben felszabad\u00edtott\u00e1k a v\u00e1rost, a h\u00e1bor\u00fa ut\u00e1n pedig Split a szocialista Jugoszl\u00e1via Horv\u00e1t K\u00f6zt\u00e1rsas\u00e1g\u00e1nak r\u00e9sz\u00e9v\u00e9 v\u00e1lt. A tervgazdas\u00e1g idej\u00e9n a v\u00e1ros haj\u00f3gy\u00e1rai \u2013 k\u00f6zt\u00fck a legfontosabb Brodosplit \u2013 gyorsan b\u0151v\u00fcltek, a tart\u00e1lyhaj\u00f3kt\u00f3l \u00e9s \u00f6mlesztett\u00e1ru-sz\u00e1ll\u00edt\u00f3 haj\u00f3kt\u00f3l kezdve a kompokig \u00e9s hadihaj\u00f3kig mindent gy\u00e1rtottak. 1981-ben Split egy f\u0151re jut\u00f3 GDP-je t\u00f6bb mint egyharmad\u00e1val meghaladta a jugoszl\u00e1v \u00e1tlagot.<\/p>\n<p>A szocialista rendszerb\u0151l val\u00f3 \u00e1tmenet az 1990-es \u00e9vek elej\u00e9n viharosnak bizonyult. A gy\u00e1rak bez\u00e1rtak vagy visszal\u00e9ptek a termel\u00e9sb\u0151l, \u00e9s a munkan\u00e9lk\u00fclis\u00e9g meredeken emelkedett. A Brodosplit, b\u00e1r tov\u00e1bbra is Horv\u00e1torsz\u00e1g legnagyobb haj\u00f3gy\u00e1ra \u00e9s t\u00f6bb mint 350 haj\u00f3 export\u0151re, ma j\u00f3val kevesebb embert foglalkoztat, mint f\u00e9nykor\u00e1ban. Az ipari hanyatl\u00e1s ellens\u00falyoz\u00e1sa \u00e9rdek\u00e9ben a helyi hat\u00f3s\u00e1gok jelent\u0151s \u00f6sszegeket fektettek be a turisztikai infrastrukt\u00far\u00e1ba \u00e9s a kereskedelmi fejleszt\u00e9sbe. Az A1-es aut\u00f3p\u00e1lya 2005 j\u00faliusi megnyit\u00e1sa k\u00f6zvetlen\u00fcl \u00f6sszek\u00f6t\u00f6tte Splitet Z\u00e1gr\u00e1bbal \u00e9s a kontinent\u00e1lis aut\u00f3p\u00e1lya-h\u00e1l\u00f3zattal, felgyors\u00edtva az \u00e1ruk, a l\u00e1togat\u00f3k \u00e9s a befektet\u0151k be\u00e1raml\u00e1s\u00e1t. Az 1998 \u00f3ta itt megrendezett \u00e9ves Croatia Boat Show kulcsfontoss\u00e1g\u00fa esem\u00e9ny\u00e9v\u00e9 v\u00e1lt a d\u00e9lkelet-eur\u00f3pai tenger\u00e9szeti ipar\u00e1gak sz\u00e1m\u00e1ra.<\/p>\n<p>Split lakoss\u00e1ga ma k\u00f6r\u00fclbel\u00fcl 160 577 f\u0151, akiknek 96,4 sz\u00e1zal\u00e9ka horv\u00e1tnak, 77,5 sz\u00e1zal\u00e9ka pedig r\u00f3mai katolikusnak vallja mag\u00e1t. Mivel a nagyv\u00e1rosi ter\u00fclet a f\u00e9lszigeten t\u00falny\u00falik a szomsz\u00e9dos Ka\u0161tel\u00e1ba \u00e9s Trogirba, az \u00f6sszes\u00edtett lakoss\u00e1ga megk\u00f6zel\u00edti a 330 000-et. Maga a f\u00e9lsziget m\u00e9gis kompakt marad; keskeny utc\u00e1i \u00e9s s\u0171r\u0171n elhelyezked\u0151 \u00e9p\u00fcletei olyan bens\u0151s\u00e9gess\u00e9get teremtenek, amely meghazudtolja a v\u00e1ros m\u00e9ret\u00e9t.<\/p>\n<p>A r\u00e9gi negyed Diocletianus palot\u00e1j\u00e1n bel\u00fcl \u00e9s k\u00f6r\u00fcl\u00f6tte bontakozik ki. Az \u00e9szaknyugati kapun kereszt\u00fcl a gyalogosok \u00e1rny\u00e9kos sik\u00e1torok \u00e9s kis terek sorozat\u00e1n kereszt\u00fcl jutnak be. A f\u0151 v\u00edzparti sug\u00e1r\u00fat, a Riva, a palota\u00f6vezet d\u00e9li sz\u00e9l\u00e9t k\u00f6veti. A huszadik sz\u00e1zad eleje \u00f3ta p\u00e1lm\u00e1kkal szeg\u00e9lyezett utca ma kiz\u00e1r\u00f3lag gyalogos s\u00e9t\u00e1nyk\u00e9nt szolg\u00e1l. 1807-ben a francia marsall, Marmont parancs\u00e1ra az egykori velencei v\u00e1rosfalak egyes r\u00e9szeit lebontott\u00e1k, \u00edgy ny\u00edlt meg a sz\u00e9les terasz, amely ma k\u00e1v\u00e9z\u00f3knak \u00e9s esti koncerteknek ad otthont.<\/p>\n<p>\u00c9szakkeleten fekszik a Narodni Trg, vagy Pjaca, amelyet a palota falain t\u00falra nyugat fel\u00e9 t\u00f6rt\u00e9n\u0151 terjeszked\u00e9s id\u0151szak\u00e1ban hoztak l\u00e9tre. Hossz\u00fa t\u00f6rt\u00e9nete sor\u00e1n ez a t\u00e9r olyan neveket viselt, mint a Lovrin Trg \u00e9s a Trg oru\u017eja, amelyek a v\u00e1ltoz\u00f3 rezsimeket \u00e9s funkci\u00f3kat t\u00fckr\u00f6zik. K\u00f6rnyez\u0151 homlokzatai k\u00f6z\u00e9 tartozik a 13. sz\u00e1zadi rom\u00e1n st\u00edlus\u00fa torony harangj\u00e1val \u00e9s \u00f3r\u00e1j\u00e1val, a Ciprian \u00e9s Cambi palot\u00e1k, valamint az 1861 \u00f3ta m\u0171k\u00f6d\u0151 Morpurgo k\u00f6nyvesbolt.<\/p>\n<p>A Marjan-domb, amelyet Split \u201eMarjan alatti v\u00e1rosak\u00e9nt\u201d tisztelnek, erdei ellenpontot ny\u00fajt a s\u0171r\u0171 v\u00e1rosmagnak. A helyiek \u00e9s a l\u00e1togat\u00f3k gyalog vagy ker\u00e9kp\u00e1rral j\u00e1rj\u00e1k be az \u00f6sv\u00e9nyeit, meg\u00e1llva kis k\u00e1poln\u00e1kban vagy \u00e1rny\u00e9kos tiszt\u00e1sokon. A f\u00e9lsziget keleti oldal\u00e1n tal\u00e1lhat\u00f3 a Szent Domnius-sz\u00e9kesegyh\u00e1z, amely Diocletianus egykori mauz\u00f3leum\u00e1ban tal\u00e1lhat\u00f3. Bel\u00fcl a hetedik sz\u00e1zadban emelt olt\u00e1rok Szent Anaszt\u00e1zia \u00e9s Domnius erekly\u00e9it \u0151rzik, ut\u00f3bbira ma a v\u00e1ros v\u00e9d\u0151szentjek\u00e9nt eml\u00e9keznek. A sz\u00e9kesegyh\u00e1z magasod\u00f3 rom\u00e1n st\u00edlus\u00fa harangtornya, amely 1150 k\u00f6r\u00fcl k\u00e9sz\u00fclt el, Dalm\u00e1cia egyik legh\u00edresebb kil\u00e1t\u00f3pontj\u00e1t k\u00edn\u00e1lja.<\/p>\n<p>Split figyelemre m\u00e9lt\u00f3 m\u00fazeum- \u00e9s gal\u00e9riak\u00f6zpont-k\u00f6zpont\u00fas\u00e1ggal rendelkezik. Az 1820-ban alap\u00edtott R\u00e9g\u00e9szeti M\u00fazeum Horv\u00e1torsz\u00e1g legr\u00e9gebbi ilyen int\u00e9zm\u00e9ny\u00e9nek tartja mag\u00e1t. Gy\u0171jtem\u00e9nye az ill\u00edr t\u00e1rgyakt\u00f3l \u00e9s a g\u00f6r\u00f6g-hellenisztikus ker\u00e1mi\u00e1kt\u00f3l a r\u00f3mai \u00fcvegt\u00e1rgyakig \u00e9s a k\u00f6z\u00e9pkori numizmatika t\u00e1rgyaiig terjed. A k\u00f6zelben tal\u00e1lhat\u00f3 Horv\u00e1t R\u00e9g\u00e9szeti Eml\u00e9km\u0171vek M\u00fazeuma kora k\u00f6z\u00e9pkori fonott t\u00e1rgyakat, agyagfigur\u00e1kat \u00e9s latin felirat\u00fa k\u00f6veket mutat be \u2013 n\u00e9melyik a kilencedik sz\u00e1zadb\u00f3l sz\u00e1rmazik \u2013, amelyek Eur\u00f3pa legnagyobb ilyen jelleg\u0171 gy\u0171jtem\u00e9ny\u00e9t alkotj\u00e1k.<\/p>\n<p>A v\u00e1rosi m\u00fazeum, amely az egykori Papali\u0107-palot\u00e1ban kapott helyet, az \u00f3kort\u00f3l napjainkig mutatja be a v\u00e1rosi, kultur\u00e1lis \u00e9s gazdas\u00e1gi fejl\u0151d\u00e9st. A N\u00e9prajzi M\u00fazeum a dalm\u00e1t n\u00e9phagyom\u00e1nyokat kutatja, a tizennyolcadik sz\u00e1zadi viseletekt\u0151l a kort\u00e1rs k\u00e9zm\u0171vess\u00e9g \u00fajj\u00e1\u00e9led\u00e9s\u00e9ig. A tenger\u00e9szeti \u00f6r\u00f6ks\u00e9g a Gripe-er\u0151dben tal\u00e1lhat\u00f3 Horv\u00e1t Tenger\u00e9szeti M\u00fazeumban tal\u00e1lhat\u00f3, ahol a haditenger\u00e9szeti fegyverek, haj\u00f3modellek \u00e9s navig\u00e1ci\u00f3s eszk\u00f6z\u00f6k \u00e9vsz\u00e1zados tenger\u00e9szeti eredm\u00e9nyeket mutatnak be. Mag\u00e1n a Marjanon tal\u00e1lhat\u00f3 a Tudom\u00e1nyos M\u00fazeum \u00e9s \u00c1llatkert term\u00e9szettudom\u00e1nyi ki\u00e1ll\u00edt\u00e1sokat \u00e9s \u00e1llatbej\u00e1r\u00f3kat k\u00edn\u00e1l, m\u00edg az Ivan Me\u0161trovi\u0107 Gal\u00e9ria, amely a szobr\u00e1sz saj\u00e1t \u00e9p\u00edt\u00e9szeti tervei szerint k\u00e9sz\u00fclt, rajzait, b\u00fatorterveit \u00e9s monument\u00e1lis szobrait mutatja be.<\/p>\n<p>A m\u0171v\u00e9szet tov\u00e1bbra is vir\u00e1gzik a Sz\u00e9pm\u0171v\u00e9szeti Gal\u00e9ri\u00e1ban, amely 2009 \u00f3ta m\u0171k\u00f6dik a palota m\u00f6g\u00f6tti egykori k\u00f3rh\u00e1zban. Gy\u0171jtem\u00e9nye hat \u00e9vsz\u00e1zadot \u00f6lel fel, bemutatva Vlaho Bukovac, Ivan Me\u0161trovi\u0107 \u00e9s m\u00e1s h\u00edress\u00e9gek alkot\u00e1sait. Az \u00e1lland\u00f3 ki\u00e1ll\u00edt\u00e1st kort\u00e1rs horv\u00e1t m\u0171v\u00e9szek v\u00e1ltakoz\u00f3 ki\u00e1ll\u00edt\u00e1sai eg\u00e9sz\u00edtik ki. R\u00f6vid s\u00e9t\u00e1val el\u00e9rhet\u0151k Me\u0161trovi\u0107 faragott fa paneljei a Ka\u0161telet-Crikvine-i k\u00e1poln\u00e1ban, amelyek Split \u00e9s Dalm\u00e1cia ir\u00e1nti odaad\u00e1s\u00e1nak bizony\u00edt\u00e9kai.<\/p>\n<p>Split kultur\u00e1lis identit\u00e1sa t\u00falmutat a m\u00fazeumokon. Irodalmi gy\u00f6kerei Marko Maruli\u0107ig, a renesz\u00e1nsz humanist\u00e1ig ny\u00falnak vissza, akinek epikus k\u00f6ltem\u00e9nyei \u00e9s erk\u00f6lcsi \u00e9rtekez\u00e9sei hat\u00e1ssal voltak a korai eur\u00f3pai irodalomra. A huszadik sz\u00e1zadban olyan \u00edr\u00f3k, mint Miljenko Smoje, a Malo misto \u00e9s a Velo misto c\u00edm\u0171 telev\u00edzi\u00f3s sorozatokban kr\u00f3nik\u00e1zt\u00e1k a v\u00e1ros \u00e1talakul\u00e1s\u00e1t, a szeretetteljes humort t\u00e1rsadalmi megfigyel\u00e9ssel \u00f6tv\u00f6zve. A szint\u00e9n Splitben sz\u00fcletett fi\u00fa, a sz\u00edn\u00e9sz, Boris Dvornik Horv\u00e1torsz\u00e1g egyik legkedveltebb filmes alakj\u00e1v\u00e1 v\u00e1lt.<\/p>\n<p>Amikor a nappalok lemegynek, Split \u00e9l\u00e9nkebb oldal\u00e1t mutatja meg. A zenei helysz\u00ednek \u00e9s b\u00e1rok keskeny sik\u00e1torokba \u00f6z\u00f6nlenek, a ny\u00e1ri h\u00f3napokban pedig a leveg\u0151ben klapa \u00e9nek \u00e9s pop-dance \u00fctemek ritmusa terjeng. 2013-ban Split lett az els\u0151 horv\u00e1t v\u00e1ros, amely otthont adott az Ultra Europe fesztiv\u00e1lnak, \u00e9s minden j\u00faliusban mintegy 150 000 fesztiv\u00e1loz\u00f3t vonzott a Poljud Stadionba, eg\u00e9szen 2019-ig, amikor a Park mlade\u017eibe k\u00f6lt\u00f6z\u00f6tt. T\u00f6bb mint egy \u00e9vtizede a spliti Ultra Europe 1,3 milli\u00f3 l\u00e1togat\u00f3t fogadott t\u00f6bb mint negyven orsz\u00e1gb\u00f3l. 2023-ban a v\u00e1ros megnyitotta els\u0151 LMBTQ+ klubj\u00e1t, tov\u00e1bb v\u00e1ltozatos\u00edtva \u00e9jszakai k\u00edn\u00e1lat\u00e1t. A l\u00e1togat\u00f3k v\u00e1laszthatnak a szabadt\u00e9ri strandb\u00e1rok \u00e9s a f\u00f6ldalatti t\u00e1ncparkettek k\u00f6z\u00f6tt, gyakran a l\u00e1gyan megvil\u00e1g\u00edtott v\u00edzparton z\u00e1rva az est\u00e9t.<\/p>\n<p>A turizmus m\u00e1ra Split gazdas\u00e1g\u00e1nak sarokk\u00f6ve. 2023-ban a v\u00e1ros 965 405 \u00e9rkez\u0151t \u00e9s 3 050 389 vend\u00e9g\u00e9jszak\u00e1t regisztr\u00e1lt, ami \u00faj cs\u00facs\u00e9rt\u00e9k, t\u00fckr\u00f6zve kultur\u00e1lis k\u00f6zpontk\u00e9nt \u00e9s haj\u00f3z\u00e1si k\u00f6zpontk\u00e9nt bet\u00f6lt\u00f6tt vonzerej\u00e9t. \u00c9vente k\u00f6zel egymilli\u00f3 l\u00e1togat\u00f3 fordul meg kompokkal Bra\u010d, \u0160olta, \u010ciovo, Hvar \u00e9s Vis sziget\u00e9re, m\u00edg szezon\u00e1lis j\u00e1ratok csatlakoznak Ancon\u00e1hoz \u00e9s m\u00e1s olasz kik\u00f6t\u0151kh\u00f6z. A spliti kik\u00f6t\u0151 \u00e9vente mintegy n\u00e9gymilli\u00f3 utast szolg\u00e1l ki, ezzel a F\u00f6ldk\u00f6zi-tenger harmadik legforgalmasabb utastermin\u00e1lja. A \u043a\u0440\u0443\u0438\u0437haj\u00f3k \u00e9vente t\u00f6bb mint 260 alkalommal k\u00f6tnek ki, t\u00f6bb mint 130 000 utaz\u00f3t b\u00edzva meg a v\u00e1rossal.<\/p>\n<p>Split sz\u00e1razf\u00f6ldi infrastrukt\u00far\u00e1ja a tengeri kapcsolataival p\u00e1rhuzamosan fejl\u0151d\u00f6tt. Az A1-es aut\u00f3p\u00e1lya \u00e9szak fel\u00e9, Z\u00e1gr\u00e1b fel\u00e9 sz\u00e1ll\u00edtja az aut\u00f3kat, az adriai aut\u00f3p\u00e1lya pedig az eg\u00e9sz dalm\u00e1t tengerparton h\u00faz\u00f3dik. Nincs villamosh\u00e1l\u00f3zat \u2013 a dombos terep miatt nem praktikus \u2013, de a helyi buszok mind a f\u00e9lszigetet, mind az el\u0151v\u00e1rosi negyedeket kiszolg\u00e1lj\u00e1k. A mintegy h\u00fasz kilom\u00e9terre \u00e9szaknyugatra fekv\u0151 Ka\u0161tel\u00e1ban tal\u00e1lhat\u00f3 Split rep\u00fcl\u0151t\u00e9r 2024-ben 3,62 milli\u00f3 utast regisztr\u00e1lt, amivel Horv\u00e1torsz\u00e1gban a m\u00e1sodik helyen \u00e1ll a l\u00e9gi forgalom tekintet\u00e9ben. A f\u00e9lsziget d\u00e9li sz\u00e9l\u00e9n tal\u00e1lhat\u00f3 f\u0151 vas\u00fat\u00e1llom\u00e1s a Z\u00e1gr\u00e1b, Esz\u00e9k, Budapest, B\u00e9cs \u00e9s Pozsonyba k\u00f6zleked\u0151 vonalak, valamint a Ka\u0161tel Stari fel\u00e9 k\u00f6zleked\u0151 el\u0151v\u00e1rosi vonatok v\u00e9g\u00e1llom\u00e1sa. Egy kisebb meg\u00e1ll\u00f3 Kopilic\u00e1n\u00e1l fogadja a Split Predgra\u0111e ing\u00e1z\u00f3 j\u00e1ratot.<\/p>\n<p>T\u00f6bb mint k\u00e9t \u00e9vezreddel g\u00f6r\u00f6g eredete ut\u00e1n Split tov\u00e1bbra is olyan hely, ahol a t\u00f6rt\u00e9nelem r\u00e9tegei tal\u00e1lkoznak a mindennapi \u00e9letben. A szam\u00e1r \u00e9s a dalmata kutya \u2013 akik egykor n\u00e9lk\u00fcl\u00f6zhetetlen t\u00e1rsak voltak a hegyi falvakban \u2013 a futballjelk\u00e9pek mellett jelennek meg, tisztelg\u00e9sk\u00e9nt a helyiek ir\u00e1nti odaad\u00e1s el\u0151tt a HNK Hajduk \u00e9s szurkol\u00f3i csoportja, a Torcida, Eur\u00f3pa legr\u00e9gebbi szervezett szurkol\u00f3i klubja ir\u00e1nt. A v\u00e1ltoz\u00e1sok viharai, f\u00f6ldreng\u00e9sek \u00e9s h\u00e1bor\u00fak sor\u00e1n ez a v\u00e1ros meg\u0151rizte a tenger fel\u00e9 fordul\u00e1s\u00e1t \u00e9s a f\u00e9lszigeten fekv\u0151 fekv\u00e9s\u00e9nek k\u00f6sz\u00f6nhet\u0151 ellen\u00e1ll\u00f3 k\u00e9pess\u00e9g\u00e9t. Azok sz\u00e1m\u00e1ra, akik meg\u00e1llnak a palota \u0151si k\u00f6vein\u00e9l, vagy a sz\u00e1razf\u00f6ld belsej\u00e9ben, Marjan erd\u0151ire tekintenek, Split eml\u00e9keztet\u0151\u00fcl szolg\u00e1l arra, hogy a folytonoss\u00e1g gyakran a mened\u00e9k \u00e9s a meg\u00fajul\u00e1s helyein vir\u00e1gzik.<\/p>","protected":false},"excerpt":{"rendered":"<p>Az Adriai-tenger keleti partj\u00e1n tal\u00e1lhat\u00f3 Split Horv\u00e1torsz\u00e1g m\u00e1sodik legnagyobb v\u00e1rosa \u00e9s egy dinamikus tengerparti metropolisz. A mintegy 178 000 lakost sz\u00e1ml\u00e1l\u00f3 \u0151si v\u00e1ros Dalm\u00e1cia legnagyobb v\u00e1rosk\u00f6zpontja, valamint kultur\u00e1lis \u00e9s kereskedelmi \u00e9rt\u00e9k\u0171 vil\u00e1g\u00edt\u00f3torony a horv\u00e1t tengerparton. A k\u00f6zponti f\u00e9lszigetet \u00e9s k\u00f6rny\u00e9k\u00e9t lefed\u0151 Split strat\u00e9giai fekv\u00e9se miatt r\u00e9gi\u00f3n bel\u00fcli tranzit csom\u00f3pontt\u00e1 \u00e9s igen keresett turisztikai attrakci\u00f3v\u00e1 tette, \u00e9vente mintegy 900 000 turist\u00e1t vonzva.<\/p>","protected":false},"author":1,"featured_media":2892,"parent":14435,"menu_order":0,"comment_status":"closed","ping_status":"closed","template":"elementor_theme","meta":{"_eb_attr":"","footnotes":""},"class_list":["post-14472","page","type-page","status-publish","has-post-thumbnail"],"_links":{"self":[{"href":"https:\/\/travelshelper.com\/hu\/wp-json\/wp\/v2\/pages\/14472","targetHints":{"allow":["GET"]}}],"collection":[{"href":"https:\/\/travelshelper.com\/hu\/wp-json\/wp\/v2\/pages"}],"about":[{"href":"https:\/\/travelshelper.com\/hu\/wp-json\/wp\/v2\/types\/page"}],"author":[{"embeddable":true,"href":"https:\/\/travelshelper.com\/hu\/wp-json\/wp\/v2\/users\/1"}],"replies":[{"embeddable":true,"href":"https:\/\/travelshelper.com\/hu\/wp-json\/wp\/v2\/comments?post=14472"}],"version-history":[{"count":0,"href":"https:\/\/travelshelper.com\/hu\/wp-json\/wp\/v2\/pages\/14472\/revisions"}],"up":[{"embeddable":true,"href":"https:\/\/travelshelper.com\/hu\/wp-json\/wp\/v2\/pages\/14435"}],"wp:featuredmedia":[{"embeddable":true,"href":"https:\/\/travelshelper.com\/hu\/wp-json\/wp\/v2\/media\/2892"}],"wp:attachment":[{"href":"https:\/\/travelshelper.com\/hu\/wp-json\/wp\/v2\/media?parent=14472"}],"curies":[{"name":"wp","href":"https:\/\/api.w.org\/{rel}","templated":true}]}}