{"id":14466,"date":"2024-09-19T15:10:36","date_gmt":"2024-09-19T15:10:36","guid":{"rendered":"https:\/\/travelshelper.com\/staging\/?page_id=14466"},"modified":"2026-03-11T22:45:29","modified_gmt":"2026-03-11T22:45:29","slug":"rijeka","status":"publish","type":"page","link":"https:\/\/travelshelper.com\/hu\/destinations\/europe\/croatia\/rijeka\/","title":{"rendered":"Rijeka"},"content":{"rendered":"<p>Rijeka egy keskeny tengerparti s\u00e1vban fekszik, ahol a Rje\u010dina foly\u00f3 tal\u00e1lkozik a Kvarner-\u00f6b\u00f6l sz\u00e9les kiterjed\u00e9s\u00e9vel. Itt a meredek dombok olyan hirtelen emelkednek ki a tengerszintb\u0151l, hogy a v\u00e1ros k\u00f6rvonalai egy hegyvid\u00e9ki h\u00e1tt\u00e9r el\u0151tt \u00e1ll\u00f3 sz\u00ednh\u00e1zi sz\u00ednpadra hasonl\u00edtanak. Ez a konfigur\u00e1ci\u00f3 hat\u00e1rozottabban form\u00e1lta Rijeka jelleg\u00e9t, mint b\u00e1rmely m\u00e1s \u00e9p\u00edt\u00e9szeti terv. A v\u00e1rost h\u00e1rom oldalr\u00f3l az U\u010dka, a Risnjak \u00e9s a Velika Kapela hegys\u00e9g hat\u00e1rolja, negyedik oldal\u00e1r\u00f3l pedig az Adriai-tengerre ny\u00edlik, \u00edgy r\u00e9g\u00f3ta K\u00f6z\u00e9p-Eur\u00f3pa term\u00e9szetes tengeri kapujak\u00e9nt szolg\u00e1l.<\/p>\n<p>Rijeka (horv\u00e1tul: Rije\u010dka; olaszul: Fiume) a legkor\u00e1bbi feljegyz\u00e9sek \u00f3ta ennek a m\u00e9lyv\u00edz\u0171 \u00f6b\u00f6lnek k\u00f6sz\u00f6nheti sors\u00e1t. Kik\u00f6t\u0151je negyven m\u00e9terrel a k\u00f6rnyez\u0151 hegygerincek alatt fekszik, \u00e9s k\u00e9pes fogadni a kontinens alacsony h\u00e1g\u00f3in Magyarorsz\u00e1gr\u00f3l \u00e9s azon t\u00falr\u00f3l \u00e9rkez\u0151 haj\u00f3kat. K\u00e9t f\u0151 \u00fatvonal indul innen: az egyik \u00e9szakkelet fel\u00e9 halad a Din\u00e1ri-Alpokon \u00e1t a Pannon-s\u00edks\u00e1gra, a m\u00e1sik \u00e9szaknyugat fel\u00e9 halad a Postojna-kapun \u00e1t Szlov\u00e9ni\u00e1ba \u00e9s Ausztri\u00e1ba. Mindk\u00e9t ir\u00e1nyban a keresked\u0151k \u00e9s a seregek egyar\u00e1nt n\u00e9lk\u00fcl\u00f6zhetetlennek tal\u00e1lt\u00e1k Rijeka nyugodt kik\u00f6t\u0151j\u00e9t.<\/p>\n<p>Ez a strat\u00e9giai jelent\u0151s\u00e9g \u00e9vsz\u00e1zadokon \u00e1t riv\u00e1lis ig\u00e9nyl\u0151ket vonzott. Egykor a Szent R\u00f3mai Birodalom \u00e9s a Velencei Tenger\u00e9szeti K\u00f6zt\u00e1rsas\u00e1g vitatkozott \u00e9rte, k\u00e9s\u0151bb velencei \u00e9s Habsburg kezeken is \u00e1tment, miel\u0151tt a modern korban Olaszorsz\u00e1g \u00e9s Jugoszl\u00e1via k\u00f6z\u00f6tti gy\u00fajt\u00f3pontt\u00e1 v\u00e1lt. 1918 \u00e9s 1991 k\u00f6z\u00f6tt a v\u00e1ros nem kevesebb, mint nyolc k\u00fcl\u00f6nb\u00f6z\u0151 k\u00f6zigazgat\u00e1snak volt al\u00e1rendelve, a szuverenit\u00e1s olyan ingadoz\u00e1sa, amely intenz\u00edv helyi identit\u00e1studatot k\u00f6lcs\u00f6nz\u00f6tt lakoss\u00e1g\u00e1nak. Egyetlen, 1917-ben sz\u00fcletett lakos \u2013 k\u00f6lt\u00f6z\u00e9s n\u00e9lk\u00fcl \u2013 rendelkezhetett volna Osztr\u00e1k-Magyar Monarchia, Olaszorsz\u00e1g, a Fiumei Szabad\u00e1llam, az Olasz Kir\u00e1lys\u00e1g, a n\u00e9metek \u00e1ltal megsz\u00e1llt ter\u00fclet, Jugoszl\u00e1via, a fasiszta Carnaro r\u00e9genskorm\u00e1ny \u00e9s v\u00e9g\u00fcl a Jugoszl\u00e1v Szocialista Sz\u00f6vets\u00e9gi K\u00f6zt\u00e1rsas\u00e1g \u00fatlevel\u00e9vel. Az ilyen gyors v\u00e1ltoz\u00e1sok form\u00e1lt\u00e1k mind a polg\u00e1ri k\u00e9pzel\u0151er\u0151t, mind a demogr\u00e1fiai profilt, ahogy a horv\u00e1tok, olaszok, szerbek, bosny\u00e1kok \u00e9s m\u00e1sok egy\u00fctt \u00e9ltek egy olyan kik\u00f6t\u0151ben, ahol t\u00f6bb nyelv \u00e9s hagyom\u00e1ny fon\u00f3dott \u00f6ssze.<\/p>\n<p>Ma Rijeka 108 000 lakos\u00e1nak nagyj\u00e1b\u00f3l 85 sz\u00e1zal\u00e9ka horv\u00e1tnak vallja mag\u00e1t, m\u00edg a v\u00e1ros egyes r\u00e9szein olasz \u00e9s m\u00e1s kisebbs\u00e9gi k\u00f6z\u00f6ss\u00e9gek \u00e9lnek. K\u00f6z\u00fcl\u00fck mintegy h\u00faszezer a fiuman nyelv, a velencei nyelv helyi v\u00e1ltozat\u00e1nak besz\u00e9l\u0151je \u00e9l. Gener\u00e1ci\u00f3kig a fiuman a kik\u00f6t\u0151 kereskedelmi nyelve volt, s\u0151t a k\u00fclv\u00e1rosokban a horv\u00e1t nyelvj\u00e1r\u00e1sokat is \u00e9rintette, ahol a csakavi nyelvj\u00e1r\u00e1s nyomai is megmaradtak. A v\u00e1ros sz\u00edv\u00e9ben tal\u00e1lhat\u00f3 sz\u00e9les s\u00e9t\u00e1ny, a Korzo k\u00f6r\u00fcli utc\u00e1kon ezek a nyelvek keverednek a piaci \u00e1rusok ki\u00e1lt\u00e1saiban \u00e9s a r\u00e9gi bar\u00e1tok semmitmond\u00f3 \u00fcdv\u00f6zl\u00e9seiben.<\/p>\n<p>Rijeka gazdas\u00e1ga tov\u00e1bbra is a tengerben gy\u00f6kerezik. K\u00e9t haj\u00f3gy\u00e1r \u2013 a 3. Maj \u00e9s a Viktor Lenac \u2013 a legnagyobb ipari munkaad\u00f3k k\u00f6z\u00e9 tartozik, daruik f\u00e9mdarukk\u00e9nt rajzol\u00f3dnak ki a v\u00e1rosk\u00e9p el\u00e9. A tengeri \u00e1ru- \u00e9s szem\u00e9lysz\u00e1ll\u00edt\u00e1s tov\u00e1bbra is k\u00f6zlekedik az \u00f6b\u00f6lben, \u00f6sszek\u00f6tve Horv\u00e1torsz\u00e1g f\u0151 kik\u00f6t\u0151j\u00e9t az adriai szigetekkel \u00e9s a nemzetk\u00f6zi vonalakkal. B\u00e1rmennyire is meghat\u00e1rozz\u00e1k a dokkok a munkaer\u0151piacot, a kult\u00fara az elm\u00falt \u00e9vekben \u00fajra meger\u0151s\u00edtette poz\u00edci\u00f3j\u00e1t. 2020-ban Rijeka Eur\u00f3pa Kultur\u00e1lis F\u0151v\u00e1rosa c\u00edmet viselte, ezt a megtiszteltet\u00e9st az \u00edrorsz\u00e1gi Galway-jel megosztva. A Horv\u00e1t Nemzeti Sz\u00ednh\u00e1z (Ivan pl. Zajc) klasszikus sz\u00ednh\u00e1z\u00e1t\u00f3l (amelyet el\u0151sz\u00f6r 1765-ben \u00e9p\u00edtettek) a Modern \u00e9s Kort\u00e1rs M\u0171v\u00e9szeti M\u00fazeum kort\u00e1rs m\u0171v\u00e9szet\u00e9ig terjed\u0151 reperto\u00e1rj\u00e1val a v\u00e1ros posztindusztri\u00e1lis identit\u00e1s\u00e1t olyan el\u0151ad\u00f3- \u00e9s ki\u00e1ll\u00edt\u00f3terekben r\u00f6gz\u00edtette, amelyek soksz\u00edn\u0171 m\u00faltj\u00e1r\u00f3l mes\u00e9lnek.<\/p>\n<p>Egy s\u00e9ta az \u00d3v\u00e1rosban felid\u00e9zi ezt a korszakok r\u00e9tegz\u0151d\u00e9s\u00e9t. A Korzo l\u00e1b\u00e1n\u00e1l \u00e1ll a V\u00e1rosi Torony, kerek k\u00f6z\u00e9pkori form\u00e1ja egykor az er\u0151d\u00edtett v\u00e1ros bej\u00e1rata volt. A k\u00f6zelben tal\u00e1lhat\u00f3 a Korm\u00e1nyz\u00f3i Palota, ahol ma a Horv\u00e1t Tengerpart Tenger\u00e9szeti \u00e9s T\u00f6rt\u00e9neti M\u00fazeuma tal\u00e1lhat\u00f3, ahol tenger\u00e9szek t\u00e1rgyai \u00e9s csal\u00e1di portr\u00e9k k\u00f6vetik nyomon Rijeka \u00e1talakul\u00e1s\u00e1t kis hal\u00e1szkik\u00f6t\u0151b\u0151l birodalmi telephelly\u00e9. A Szent Vitusnak szentelt sz\u00e9kesegyh\u00e1z alatt fekszik a Grivica alag\u00fath\u00e1l\u00f3zat, amelyet az olasz er\u0151k v\u00e1jtak ki az 1940-es \u00e9vek elej\u00e9n. A l\u00e1togat\u00f3k v\u00e9gigs\u00e9t\u00e1lhatnak a 330 m\u00e9teres hossz\u00e1n, \u00e9s elk\u00e9pzelhetik a bomb\u00e1z\u00f3k el\u0151l mened\u00e9ket keres\u0151 civilek szorong\u00e1s\u00e1t.<\/p>\n<p>A k\u00f6zpont f\u00f6l\u00e9 magasod\u00f3 Trsat-dombon egy er\u0151d\u00edtm\u00e9ny \u00e1ll, amelynek k\u00f6vei a XIII. sz\u00e1zad v\u00e9g\u00e9r\u0151l sz\u00e1rmaznak. A 138 m\u00e9terrel tengerszint felett fekv\u0151 Trsat-v\u00e1r uralja a keleti megk\u00f6zel\u00edt\u00e9st. 1288 \u00f3ta mened\u00e9ket \u00e9s kir\u00e1ndul\u00f3helyet k\u00edn\u00e1lt el\u0151sz\u00f6r a k\u00f6z\u00e9pkori paps\u00e1gnak, k\u00e9s\u0151bb a Habsburg-tiszteknek. Ma a b\u00e1sty\u00e1kon m\u0171v\u00e9szeti ki\u00e1ll\u00edt\u00e1sokat, koncerteket \u00e9s irodalmi felolvas\u00e1sokat rendeznek, m\u00edg a v\u00e1r barokk temploma alatt minden augusztusban megn\u0151 a zar\u00e1ndokforgalom Nagyboldogasszony \u00fcnnep\u00e9n. A zar\u00e1ndokok az\u00e9rt j\u00f6nnek, hogy tisztelegjenek a trsati Sz\u0171zanya el\u0151tt, Nyugat-Horv\u00e1torsz\u00e1g legfontosabb kegyhely\u00e9n, ahol fogadalmi adom\u00e1nyok t\u00f6ltik meg az aj\u00e1nd\u00e9kokkal teli k\u00e1poln\u00e1t.<\/p>\n<p>A fiumei karnev\u00e1li szezon egy m\u00e1sik zar\u00e1ndoklatot k\u00e9pvisel. Az 1982-ben alap\u00edtott rijekai karnev\u00e1l janu\u00e1r \u00e9s m\u00e1rcius k\u00f6z\u00f6tt zajlik, cs\u00facspontja a nagyb\u00f6jt el\u0151tti h\u00e9tv\u00e9g\u00e9n van. A megnyit\u00f3 napj\u00e1n a v\u00e1ros polg\u00e1rmestere \u00e1tadja a szimbolikus kulcsot Me\u0161tar Toninak, a karnev\u00e1l mester\u00e9nek, aki ezut\u00e1n \u00fcnnepi felvonul\u00e1sokat \u00e9s egy j\u00f3t\u00e9konys\u00e1gi b\u00e1lt vezet a korm\u00e1nyz\u00f3i palot\u00e1ban. T\u00f6bb sz\u00e1z \u00e1larcos csoport vonul v\u00e9gig a Korz\u00f3n, akikhez jelmezes gyerekek csatlakoznak a r\u00e9gi\u00f3 minden t\u00e1j\u00e1r\u00f3l. Az elm\u00falt \u00e9vekben t\u00f6bb mint tizen\u00f6tezer r\u00e9sztvev\u0151 t\u00f6bb mint k\u00e9tsz\u00e1z karnev\u00e1li t\u00e1rsulatban t\u00f6bb mint sz\u00e1zezer n\u00e9z\u0151t vonzott. Ezek az \u00fcnneps\u00e9gek Rijeka kozmopolita \u00f6r\u00f6ks\u00e9g\u00e9t id\u00e9zik fel, ahogy a velencei maszkok keverednek a szl\u00e1v jelmezekkel \u00e9s a modern szat\u00edr\u00e1val.<\/p>\n<p>A ny\u00e1r a part menti ter\u00fcleteket mediterr\u00e1n kikapcsol\u00f3d\u00e1s f\u00fcrd\u0151j\u00e9v\u00e9 v\u00e1ltoztatja. A nyugati strandok, Kantrid\u00e1n\u00e1l \u00e9s Prelukn\u00e1l, kavicsos peremeket \u00e9s \u00f6t, szikl\u00e1ba v\u00e1jt tengeri medenc\u00e9t k\u00edn\u00e1lnak; keleten Pe\u0107ine \u00e9s Kostrena f\u00e9lrees\u0151 \u00f6bl\u00f6kbe vezet. Buszok sz\u00e1ll\u00edtj\u00e1k a napoz\u00f3terasszokat minden egyes szakaszra, \u00e9s a part mellett parkol\u00f3k \u00e1llnak rendelkez\u00e9sre. Az Alpok azonban alig t\u00edz kilom\u00e9terre fekszenek a sz\u00e1razf\u00f6ld belsej\u00e9ben, \u00edgy a ropog\u00f3s t\u00e9li reggeleken a s\u00edel\u0151k felvon\u00f3val emelkednek a Platak \u00fcd\u00fcl\u0151helyre, \u00e9s a m\u00e9g mindig h\u00f3ba bor\u00edtott lejt\u0151ket tal\u00e1lj\u00e1k, az adriai szigetek pedig a felh\u0151k reped\u00e9sein kereszt\u00fcl ragyognak alattuk. A havaz\u00e1s r\u00f6vid \u2013 ritk\u00e1n haladja meg az \u00e9vi h\u00e1rom napot \u2013, de a b\u00f3ra sz\u00e9l \u00e1tf\u00farja a hegyoldalakat, deres cs\u00facsokat hagyva maga ut\u00e1n, amelyek \u00e9l\u00e9nk kontrasztot alkotnak a tengerparti olajfaligetekkel.<\/p>\n<p>Az \u00e9ghajlat itt nedves szubtr\u00f3pusi besorol\u00e1s\u00fa. A ny\u00e1ri cs\u00facsh\u0151m\u00e9rs\u00e9klet mind\u00f6ssze h\u00fasz napon haladja meg a 30 \u00b0C-ot \u00e9vente, m\u00edg a t\u00e9li m\u00e9lypont csak egyszer s\u00fcllyed fagypont al\u00e1. A csapad\u00e9k minden \u00e9vszakban gyakori; k\u00f6df\u00fav\u00e1sok \u00e9vente k\u00f6r\u00fclbel\u00fcl n\u00e9gy napon, f\u0151k\u00e9nt t\u00e9len fordulnak el\u0151. A helyi \u00e1llom\u00e1son, 120 m\u00e9teres magass\u00e1gban m\u00e9rt legmelegebb leveg\u0151 2007. j\u00falius 19-\u00e9n \u00e9rte el pontosan a 40 \u00b0C-ot, m\u00edg a leghidegebb 1956. febru\u00e1r 10-\u00e9n -12,8 \u00b0C-ra s\u00fcllyedt.<\/p>\n<p>A term\u00e9szeti vil\u00e1gon t\u00fal Rijeka r\u00e9g\u00f3ta szolg\u00e1l h\u00e1tteret a filmesek \u00e9s \u00edr\u00f3k sz\u00e1m\u00e1ra. Az 1960-as \u00e9vekben sz\u00e1mos Winnetou westernt forgattak a v\u00e1ros k\u00fclv\u00e1ros\u00e1ban. Az 1970-es \u00e9vekben az amerikai minisorozat, a H\u00e1bor\u00fa Szelei megfelel\u0151 \u00e9p\u00edt\u00e9szetre lelt itt, m\u00edg Carnaro olasz r\u00e9genskora \u2013 Gabriele D&#039;Annunzio 1919-es protofasiszta k\u00eds\u00e9rlete \u2013 a v\u00e1ros k\u00fcl\u00f6n\u00f6sebb epiz\u00f3djai k\u00f6z\u00e9 tartozik. Ez a r\u00f6vid \u00e9let\u0171 \u201eReggenza Italiana del Carnaro\u201d elismerte Lenin Tan\u00e1csk\u00f6zt\u00e1rsas\u00e1g\u00e1t, mag\u00e1\u00e9v\u00e1 tette az avantg\u00e1rd eszt\u00e9tik\u00e1t, s\u0151t, m\u00e9g a nem normat\u00edv nemi kifejez\u00e9seket is toler\u00e1lta, mindezt egy D&#039;Annunzio \u00e1ltal \u00edrt alkotm\u00e1ny alapj\u00e1n. K\u00e9s\u0151bb, 1992-ben Hayao Miyazaki az 1920-as \u00e9vekbeli Fium\u00e9t \u00fcltette \u00e1t a Porco Rosso anim\u00e1lt Hotel Adriano nev\u0171 sz\u00e1llod\u00e1j\u00e1ba, foly\u00e9kony fest\u00e9kecsk\u00e9kkel ragadva meg a kik\u00f6t\u0151 k\u00e9t vil\u00e1gh\u00e1bor\u00fa k\u00f6z\u00f6tti eleganci\u00e1j\u00e1t. \u00dajabban a Netflix Novine c\u00edm\u0171 dr\u00e1m\u00e1ja l\u00e1that\u00f3 Rijeka utc\u00e1in 2018 \u00f3ta, \u00e9s a 2019-es A b\u00e9rgyilkos feles\u00e9g\u00e9nek test\u0151re c\u00edm\u0171 film jelenetei is itt forogtak.<\/p>\n<p>Az \u00e9p\u00edt\u00e9szet tov\u00e1bbi r\u00e9tegeket t\u00e1r fel. A Korzo ment\u00e9n szecesszi\u00f3s homlokzatok keretezik a k\u00e1v\u00e9z\u00f3kat \u00e9s butikokat; a Szent Vitus-sz\u00e9kesegyh\u00e1z meg\u0151rzi barokk haj\u00f3j\u00e1t; a r\u00f3mai diadal\u00edv \u00e9s az \u00d6regkapu n\u00e9ma tan\u00fai a v\u00e1ros cs\u00e1sz\u00e1ri k\u00e1ptalanjainak. A Rje\u010dina t\u00fals\u00f3 partj\u00e1n az egykori Su\u0161ak v\u00e1rosa \u2013 amely egykor riv\u00e1lis horv\u00e1t enkl\u00e1v\u00e9 volt \u2013 1945-ben egyes\u00fclt Fium\u00e9vel. Egyes\u00fcl\u00e9s\u00fckre ma egy sz\u00e9les gyalogos t\u00e9r eml\u00e9keztet az eltemetett foly\u00f3 felett, egy kedvelt tal\u00e1lkoz\u00f3hely, amely r\u00e1f\u00f3kusz\u00e1l az alatta h\u00f6mp\u00f6lyg\u0151 v\u00edzre.<\/p>\n<p>M\u00fazeumok b\u0151ven k\u00edn\u00e1lnak helyet azoknak, akik hajland\u00f3ak id\u0151t sz\u00e1nni a felfedez\u00e9sre. A Term\u00e9szettudom\u00e1nyi M\u00fazeum akv\u00e1rium\u00e1val \u00e9s h\u00fcll\u0151gy\u0171jtem\u00e9ny\u00e9vel a csal\u00e1dok sz\u00e1m\u00e1ra vonz\u00f3; a Rijekai V\u00e1rosi M\u00fazeum numizmatikai t\u00e1rgyakat, sz\u00ednh\u00e1zi jelmezeket \u00e9s h\u00e1bor\u00fas t\u00e1rgyakat mutat be; a kis Peek &amp; Poke m\u00fazeum r\u00e9gi sz\u00e1m\u00edt\u00e1stechnikai erekly\u00e9ket \u2013 a szem\u00e9lyi sz\u00e1m\u00edt\u00f3g\u00e9pek hajnal\u00e1r\u00f3l sz\u00e1rmaz\u00f3 vaskos billenty\u0171zeteket \u2013 \u00e1ll\u00edt ki. A sz\u00e9kesegyh\u00e1z \u00e9s a Trsat szakr\u00e1lis gy\u0171jtem\u00e9nyei ereklyetart\u00f3kat, kelyheket \u00e9s festm\u00e9nyeket mutatnak be, amelyek \u00e9vsz\u00e1zados \u00e1h\u00edtatot \u00f6lelnek fel. Minden sarkon \u00e9rezni lehet a v\u00e1ros ipar \u00e9s m\u0171v\u00e9szet k\u00f6z\u00f6tti k\u00f6t\u00e9lh\u00faz\u00e1s\u00e1t.<\/p>\n<p>A modern \u00e9let bepillant\u00e1s\u00e1\u00e9rt \u00e9rdemes lemenni a f\u0151 piacra \u2013 a Placa-ra \u2013, ahol kora reggel halas h\u00e1l\u00f3k \u00e9rkeznek a helyi gy\u00fcm\u00f6lcs\u00f6kkel teli l\u00e1d\u00e1k mellett. Itt a v\u00e1ros eredeti kozmopolita szelleme \u00e9rv\u00e9nyes\u00fcl a f\u00fcst\u00f6lt scampi illat\u00e1ban, az osztr\u00e1k-magyar uralomra eml\u00e9keztet\u0151 id\u0151sebb \u00e1rusok hangj\u00e1ban \u00e9s a csemp\u00e9zett folyos\u00f3kon rohan\u00f3 fiatalok nevet\u00e9s\u00e9ben.<\/p>\n<p>A v\u00e1rosk\u00f6zponton k\u00edv\u00fcl tov\u00e1bbi kikapcsol\u00f3d\u00e1si lehet\u0151s\u00e9gek is akadnak. Az aut\u00f3sport szerelmesei t\u00edz kilom\u00e9tert \u00e9szakra aut\u00f3znak a grobniki versenyp\u00e1ly\u00e1ra, ahol pr\u00f3b\u00e1ra tehetik k\u00e9pess\u00e9geiket, vagy megn\u00e9zhetik a profi versenyz\u0151k hajt\u0171kanyarokat. A csillag\u00e1szok sz\u00e1m\u00e1ra a Sveti Kri\u017e-hegy tetej\u00e9n tal\u00e1lhat\u00f3 Csillag\u00e1szati \u200b\u200bK\u00f6zpont s\u00f6t\u00e9t \u00e9gboltra ir\u00e1ny\u00edtott t\u00e1vcs\u00f6veket k\u00edn\u00e1l, ahonnan leny\u0171g\u00f6z\u0151 panor\u00e1ma ny\u00edlik az alattuk elter\u00fcl\u0151 \u00f6b\u00f6lre. Ha pedig a s\u00f3s v\u00edz enged, a hegyfok k\u00f6r\u00fcli b\u00fav\u00e1rk\u00f6zpontok gorg\u00f3ni korallokkal, tengeri barlangokkal \u00e9s roncsokkal tark\u00edtott v\u00edz alatti szikl\u00e1kat fedezhetnek fel.<\/p>\n<p>Az oktat\u00e1s \u00e9s a m\u0171v\u00e9szetek metszik egym\u00e1st a Rijekai Egyetemen, amelyet hivatalosan 1973-ban alap\u00edtottak, de gy\u00f6kerei egy 1600-as \u00e9vekbeli jezsuita teol\u00f3giai iskol\u00e1ig ny\u00falnak vissza. Karai szerte a v\u00e1rosban megtal\u00e1lhat\u00f3k, \u00e9s olyan di\u00e1kokat vonzanak, akik \u00e9lettel t\u00f6ltik meg az utc\u00e1kat \u00e9s a k\u00e1v\u00e9z\u00f3kat, horv\u00e1tul, olaszul, fium\u00e1nul vagy angolul besz\u00e9lgetve t\u00f6rt\u00e9nelemr\u0151l, m\u00e9rn\u00f6ki tudom\u00e1nyokr\u00f3l vagy irodalomr\u00f3l.<\/p>\n<p>A kultur\u00e1lis eml\u00e9kezet a legapr\u00f3bb r\u00e9szletekben is csillog. Az egyik ment\u0151\u00f6v a Titanicr\u00f3l a Tenger\u00e9szeti M\u00fazeumban nyugszik, a Carpathia New Yorkba \u00e9s New Yorkb\u00f3l indul\u00f3 \u00fatjainak \u00f6r\u00f6ks\u00e9ge, melyeket gyakran horv\u00e1t leg\u00e9nys\u00e9g t\u00f6lt\u00f6tt ki. A huszadik sz\u00e1zad elej\u00e9n Fiume heti transzatlanti szem\u00e9lysz\u00e1ll\u00edt\u00e1si szolg\u00e1ltat\u00e1ssal b\u00fcszk\u00e9lkedhetett, \u00e9s a falusiak m\u00e9g mindig eml\u00e9keznek arra az id\u0151re, amikor \u00f3ce\u00e1nj\u00e1r\u00f3k k\u00f6t\u00f6ttek ki a rakparton, \u00e9s lev\u00e9lsz\u00e1ll\u00edt\u00f3 galambok repkedtek a fej\u00fck felett.<\/p>\n<p>Rijeka ezen aspektusainak mindegyik\u00e9ben \u2013 f\u00f6ldrajz, t\u00f6rt\u00e9nelem, ipar, m\u0171v\u00e9szet \u2013 ink\u00e1bb \u00f6sszetetts\u00e9get t\u00e1r fel, mintsem egyetlen narrat\u00edv\u00e1t. Ellen\u00e1ll az egyszer\u0171 defin\u00edci\u00f3knak, ehelyett ink\u00e1bb k\u0151- \u00e9s ac\u00e9lr\u00e9tegekben, visszhangz\u00f3 hangokban besz\u00e9l, amelyek az Adriai-tenger \u00e9s a dombok k\u00f6z\u00f6tt suhannak el. A l\u00e1togat\u00f3 sz\u00e1m\u00e1ra, aki az U\u010dka m\u00f6g\u00f6tt lenyugv\u00f3 napot, a v\u00edz felsz\u00edn\u00e9n t\u00e1ncol\u00f3 f\u00e9nyeket figyeli, a v\u00e1ros l\u00e9nyege nemcsak a grandi\u00f3zus eml\u00e9km\u0171vekben bontakozik ki, hanem az utc\u00e1it form\u00e1l\u00f3 identit\u00e1sok \u00e1ramlat\u00e1ban is. Csendes k\u00f6lt\u00e9szet uralkodik a kereskedelem sz\u00e1m\u00e1ra \u00e9p\u00edtett kik\u00f6t\u0151ben, amely ma m\u00e1r a joj\u00f3motorosok \u00e9s a teherhaj\u00f3k cs\u00f3nakjait egyar\u00e1nt befogadja, \u00e9s finom m\u00e9lt\u00f3s\u00e1g jellemzi azt a k\u00f6z\u00f6ss\u00e9get, amely \u00e1tv\u00e9szelte a birodalmat, az ideol\u00f3gi\u00e1t \u00e9s a h\u00e1bor\u00fat, hogy v\u00e9g\u00fcl meg\u0151rizze a egyszerre ellen\u00e1ll\u00f3 \u00e9s befogad\u00f3 szellemet. Rijek\u00e1ban a foly\u00f3 egy t\u00e9r alatt folyik, a hegyek pedig k\u00f6zel simulnak a tengerhez, \u00e9s ebben az \u00f6lel\u00e9sben egy lehorgonyzott \u00e9s szabad v\u00e1rosra lel az ember.<\/p>","protected":false},"excerpt":{"rendered":"<p>Fiume, Horv\u00e1torsz\u00e1g harmadik legnagyobb v\u00e1rosa, j\u00f3 helyen fekszik a Kvarner-\u00f6b\u00f6lben, az Adriai-tenger \u00f6bl\u00e9ben. 2021-ben 108 622 f\u0151vel ez az energikus v\u00e1rosk\u00f6zpont Primorje-Gorski Kotar megye egyik f\u0151 k\u00f6zpontja. Horv\u00e1tul \u201efoly\u00f3\u201d-nak ford\u00edtva a v\u00e1ros neve, angolul \/ri\u02c8e\u0259\/ vagy \/ri\u02c8k\u0259\/, amely a m\u00faltj\u00e1t \u00e9s gazdas\u00e1g\u00e1t form\u00e1l\u00f3 foly\u00f3khoz val\u00f3 k\u00f6zels\u00e9g\u00e9t t\u00fckr\u00f6zi.<\/p>","protected":false},"author":1,"featured_media":3940,"parent":14435,"menu_order":0,"comment_status":"closed","ping_status":"closed","template":"elementor_theme","meta":{"_eb_attr":"","footnotes":""},"class_list":["post-14466","page","type-page","status-publish","has-post-thumbnail"],"_links":{"self":[{"href":"https:\/\/travelshelper.com\/hu\/wp-json\/wp\/v2\/pages\/14466","targetHints":{"allow":["GET"]}}],"collection":[{"href":"https:\/\/travelshelper.com\/hu\/wp-json\/wp\/v2\/pages"}],"about":[{"href":"https:\/\/travelshelper.com\/hu\/wp-json\/wp\/v2\/types\/page"}],"author":[{"embeddable":true,"href":"https:\/\/travelshelper.com\/hu\/wp-json\/wp\/v2\/users\/1"}],"replies":[{"embeddable":true,"href":"https:\/\/travelshelper.com\/hu\/wp-json\/wp\/v2\/comments?post=14466"}],"version-history":[{"count":0,"href":"https:\/\/travelshelper.com\/hu\/wp-json\/wp\/v2\/pages\/14466\/revisions"}],"up":[{"embeddable":true,"href":"https:\/\/travelshelper.com\/hu\/wp-json\/wp\/v2\/pages\/14435"}],"wp:featuredmedia":[{"embeddable":true,"href":"https:\/\/travelshelper.com\/hu\/wp-json\/wp\/v2\/media\/3940"}],"wp:attachment":[{"href":"https:\/\/travelshelper.com\/hu\/wp-json\/wp\/v2\/media?parent=14466"}],"curies":[{"name":"wp","href":"https:\/\/api.w.org\/{rel}","templated":true}]}}