{"id":14462,"date":"2024-09-19T15:06:27","date_gmt":"2024-09-19T15:06:27","guid":{"rendered":"https:\/\/travelshelper.com\/staging\/?page_id=14462"},"modified":"2026-03-11T22:45:17","modified_gmt":"2026-03-11T22:45:17","slug":"rovinj","status":"publish","type":"page","link":"https:\/\/travelshelper.com\/hu\/destinations\/europe\/croatia\/rovinj\/","title":{"rendered":"Rovinj"},"content":{"rendered":"<p>Rovinj egy karcs\u00fa hegyfokon fekszik az Isztriai-f\u00e9lsziget nyugati partj\u00e1n, kompakt sziluettje az \u00e9szaki Adriai-tengerbe ny\u00falik, mint egy viharvert ujj, amely \u00e9vsz\u00e1zados emberi er\u0151fesz\u00edt\u00e9seket k\u00f6vet. A v\u00e1ros emeletekben emelkedik egy enyh\u00e9n lejt\u0151s partvonalr\u00f3l, amelyet a tizen\u00f6t\u00f6dik sz\u00e1zadi pl\u00e9b\u00e1niatemplom harangtornya koron\u00e1z, \u00e9s hajnalban \u00e9s alkonyatkor a tenger \u00e9s az \u00e9g r\u00f3zsasz\u00edn \u00e9s arany \u00e1rnyalataiban \u00f6lel k\u00f6r\u00fcl. Az ill\u00edr \u00e9s velencei t\u00f6rzsek telep\u00fcl\u00e9s\u00e9nek kezdeti napjait\u00f3l kezdve eg\u00e9szen Horv\u00e1torsz\u00e1g egyik legfontosabb tengerparti c\u00e9lpontjak\u00e9nt elfoglalt jelenlegi st\u00e1tus\u00e1ig Rovinj r\u00e9tegzett t\u00f6rt\u00e9nelmek, v\u00e1ltoz\u00f3 szuverenit\u00e1sok \u00e9s egy olyan helyi kult\u00fara jegyeit viseli mag\u00e1n, amely m\u00e9lyen gy\u00f6kerezik mind a sz\u00e1razf\u00f6ld\u00f6n, mind a tengeren.<\/p>\n<p>Rovinj identit\u00e1s\u00e1t kezdett\u0151l fogva a nyelvei form\u00e1lt\u00e1k. A horv\u00e1t n\u00e9v, Rovinj, a m\u00e1sodik vil\u00e1gh\u00e1bor\u00fa ut\u00e1n kialakult szl\u00e1v \u00f6r\u00f6ks\u00e9gre utal, m\u00edg az olasz \u00e9s velencei megnevez\u00e9sek \u2013 Rovigno \u2013, valamint az isztri\u00f3ta v\u00e1ltozatok, Ruv\u00e8igno vagy Ruve\u00eegno, olyan korszakokra eml\u00e9keztetnek, amikor a latin eredet\u0171 nyelvek uralt\u00e1k a helyi besz\u00e9det. Az Isztri\u00f3ta, az egykor Nyugat-Isztri\u00e1n elterjedt rom\u00e1n nyelvj\u00e1r\u00e1s, ma m\u00e1r csak egy maroknyi lakos sz\u00e1j\u00e1ban \u00e9l, a r\u00f3mai id\u0151kig visszany\u00fal\u00f3 nyelvi \u00f6r\u00f6ks\u00e9g eml\u00e9kek\u00e9nt. A v\u00e1ros hivatalosan mind a horv\u00e1t, mind az olasz nyelvet egyform\u00e1n tiszteli, egy k\u00e9tnyelv\u0171 t\u00f6rv\u00e9ny, amely mindk\u00e9t nyelvben v\u00e9di a helys\u00e9gneveket \u00e9s a polg\u00e1ri funkci\u00f3kat, \u00e9s meg\u0151rzi a v\u00e1ros multikultur\u00e1lis alkotm\u00e1ny\u00e1nak jelk\u00e9p\u00e9t.<\/p>\n<p>Rovinj feljegyzett t\u00f6rt\u00e9nete az \u00f3korban kezd\u0151dik. Miel\u0151tt a r\u00f3maiak \u00e1tkeltek volna a csatorn\u00e1n, amely elv\u00e1lasztotta a szigetet a sz\u00e1razf\u00f6ldt\u0151l, az ill\u00edr t\u00f6rzsek m\u00e1r elfoglalt\u00e1k azt a szikl\u00e1s szigetet, amely a v\u00e1ros k\u00f6z\u00e9pkori magj\u00e1v\u00e1 v\u00e1lt. A r\u00f3mai uralom alatt olyan neveket viselt, mint Arupinium \u00e9s Mons Rubineus, miel\u0151tt a korabeli t\u00e9rk\u00e9peken Ruginium \u00e9s Ruvinium n\u00e9vre fejl\u0151d\u00f6tt volna. A hatodik sz\u00e1zadban a telep\u00fcl\u00e9s a Biz\u00e1nci Birodalom Ravenna-i Exarch\u00e1tus\u00e1nak r\u00e9sz\u00e9v\u00e9 v\u00e1lt, majd 788-ban a Frank Birodalom uralma al\u00e1 ker\u00fclt. A k\u00f6vetkez\u0151 \u00e9vsz\u00e1zadokban Rovinj k\u00fcl\u00f6nb\u00f6z\u0151 feud\u00e1lis urak uralma alatt \u00e1llt, m\u00edgnem 1209-ben a Wolfger von Erla vezette Aquileiai Patriarch\u00e1tus fennhat\u00f3s\u00e1ga al\u00e1 ker\u00fclt.<\/p>\n<p>Egy \u00e1talakul\u00f3 fejezet kezd\u0151d\u00f6tt 1283-ban, amikor a Velencei K\u00f6zt\u00e1rsas\u00e1g beolvasztotta Rovinjt a Stato da M\u00e0rj\u00e1ba. A k\u00f6vetkez\u0151 \u00f6t \u00e9s f\u00e9l \u00e9vsz\u00e1zadban a v\u00e1ros Isztria egyik f\u0151 v\u00e1rosi k\u00f6zpontj\u00e1v\u00e1 fejl\u0151d\u00f6tt velencei uralom alatt. A v\u00e9delmi falak k\u00e9t koncentrikus gy\u0171r\u0171ben emelkedtek, \u00e9s h\u00e1rom f\u0151 kapu szab\u00e1lyozta a bel\u00e9p\u00e9st; ezeknek a b\u00e1sty\u00e1knak a maradv\u00e1nyai m\u00e9g mindig kapaszkodnak az \u00f3v\u00e1ros kanyarg\u00f3s utc\u00e1ihoz. Balbi diadal\u00edve, amelyet 1680-ban emeltek a m\u00f3l\u00f3 tengerparti v\u00e9g\u00e9n, egy k\u00e9s\u0151 renesz\u00e1nsz \u00f3ratorony mellett \u00e1ll, ennek az er\u0151d\u00edtett kornak a nyomak\u00e9nt. A velencei korm\u00e1nyz\u00e1s alatt, 1531-ben adta ki Rovinj els\u0151 v\u00e1rosi t\u00f6rv\u00e9ny\u00e9t, amely t\u00f6rv\u00e9nyeket foglalt mag\u00e1ban egy olyan k\u00f6z\u00f6ss\u00e9g sz\u00e1m\u00e1ra, amely addigra ny\u00fczsg\u0151 kik\u00f6t\u0151v\u00e9 \u00e9s hal\u00e1szati \u200b\u200bk\u00f6zpontt\u00e1 n\u0151tte ki mag\u00e1t. Csak 1763-ban t\u00f6lt\u00f6tt\u00e9k fel a v\u00e1rost a sz\u00e1razf\u00f6ldt\u0151l elv\u00e1laszt\u00f3 keskeny csatorn\u00e1t, egyes\u00edtve a szigetet \u00e9s a kontinenst, \u00e9s megteremtve a terepet a telep\u00fcl\u00e9s v\u00e9gs\u0151 terjeszked\u00e9s\u00e9hez.<\/p>\n<p>A velencei k\u00f6zt\u00e1rsas\u00e1g 1797-es buk\u00e1sa egy r\u00f6vid francia k\u00f6zj\u00e1t\u00e9kot hozott, miel\u0151tt Rovinjt beolvasztott\u00e1k az Osztr\u00e1k Monarchi\u00e1ba, ezt a st\u00e1tuszt az els\u0151 vil\u00e1gh\u00e1bor\u00faig meg\u0151rizte. Az 1911-es osztr\u00e1k n\u00e9psz\u00e1ml\u00e1l\u00e1s a lakosok 97,8 sz\u00e1zal\u00e9k\u00e1t olaszul besz\u00e9l\u0151nek tartotta, ami a velencei uralom \u00e9vsz\u00e1zadai alatt kialakult nyelvi dominanci\u00e1nak a bizony\u00edt\u00e9ka. 1918 ut\u00e1n Rovign\u00f3t beolvasztott\u00e1k az Olasz Kir\u00e1lys\u00e1gba, majd 1947-ben az \u00fajonnan megalakult Jugoszl\u00e1v Szocialista Sz\u00f6vets\u00e9gi K\u00f6zt\u00e1rsas\u00e1ghoz ker\u00fclt a Horv\u00e1t Szocialista K\u00f6zt\u00e1rsas\u00e1gon bel\u00fcl. Ebben az \u00e9vben egys\u00e9ges\u00edtett\u00e9k a horv\u00e1t Rovinj nevet, mint a v\u00e1ros hivatalos nev\u00e9t. A h\u00e1bor\u00fa ut\u00e1ni id\u0151szakban sz\u00e1mos olasz csal\u00e1d t\u00e1vozott, ami demogr\u00e1fiai v\u00e1ltoz\u00e1st jelentett, \u00e9s megv\u00e1ltoztatta a v\u00e1ros kultur\u00e1lis \u00f6sszet\u00e9tel\u00e9t. Horv\u00e1torsz\u00e1g 1991-es elszakad\u00e1s\u00e1t k\u00f6vet\u0151en Rovinj az \u00fajonnan l\u00e9trehozott Isztria megye kulcsfontoss\u00e1g\u00fa k\u00f6zpontj\u00e1v\u00e1 v\u00e1lt, ma Pula \u00e9s Pore\u010d ut\u00e1n a harmadik helyen \u00e1ll a lakoss\u00e1g sz\u00e1m\u00e1ban.<\/p>\n<p>A 2021-es n\u00e9psz\u00e1ml\u00e1l\u00e1s szerint a telep\u00fcl\u00e9s 12 968 lakost sz\u00e1ml\u00e1l, akik k\u00f6z\u00fcl 11 629 f\u0151 a v\u00e1rosban \u00e9l. A t\u00f6bbiek a szomsz\u00e9dos Rovinjsko Selo telep\u00fcl\u00e9sen \u00e9lnek. K\u00e9t \u00e9vtizeddel kor\u00e1bban, 2001-ben ezek a sz\u00e1mok el\u00e9rt\u00e9k a 14 294-et, illetve a 13 056-ot, ami enyhe cs\u00f6kken\u00e9st jelent, ami a vid\u00e9ki \u00e9s tengerparti Horv\u00e1torsz\u00e1g sz\u00e9lesebb k\u00f6r\u0171 demogr\u00e1fiai trendjeit t\u00fckr\u00f6zi. Ezen ingadoz\u00e1sok ellen\u00e9re Rovinj meg\u0151rizte vitalit\u00e1s\u00e1t, mint \u00e9l\u0151 k\u00f6z\u00f6ss\u00e9g \u00e9s a t\u00f6rt\u00e9nelmi \u00f6r\u00f6ks\u00e9gei \u00e9s tengerparti k\u00f6rnyezete \u00e1ltal vonzott l\u00e1togat\u00f3k m\u00e1gnese.<\/p>\n<p>Az \u00e9ghajlat meghat\u00e1roz\u00f3 hat\u00e1ssal van Rovinj \u00e9let\u00e9re. A v\u00e1ros, amelyet nedves szubtr\u00f3pusi \u00e9ghajlatnak (K\u00f6ppen Cfa) min\u0151s\u00edtenek, janu\u00e1rban \u00e1tlagosan 4,8 \u00b0C-ot (40,6 \u00b0F) m\u00e9rnek, j\u00faliusban pedig 22,3 \u00b0C-ot (72,1 \u00b0F), \u00edgy az \u00e9ves \u00e1tlagh\u0151m\u00e9rs\u00e9klet 13,4 \u00b0C (56,1 \u00b0F). Az 1949 \u00f3ta vezetett feljegyz\u00e9sek 1988. augusztus 2-\u00e1n 37,1 \u00b0C (98,8 \u00b0F) maximumot, 1985. janu\u00e1r 7-\u00e9n pedig -14,8 \u00b0C (5,4 \u00b0F) m\u00e9lypontot jeleznek. Egy k\u00f6zeli, 1984-ben l\u00e9trehozott, nyolc m\u00e9terrel a tengerszint felett fekv\u0151 Sveti Ivan na pu\u010dini meteorol\u00f3giai \u00e1llom\u00e1s 2017. augusztus 5-\u00e9n 34,2 \u00b0C (93,6 \u00b0F) cs\u00facsot, 1996. december 29-\u00e9n pedig -6,5 \u00b0C (20,3 \u00b0F) m\u00e9lypontot m\u00e9rt. Az \u00e1tlagos csapad\u00e9kmennyis\u00e9g \u00e9vente 941 mm (37,05 h\u00fcvelyk), az \u00e9vszakok k\u00f6z\u00f6tt elosztva, m\u00edg az \u00e1tlagos p\u00e1ratartalom 72 sz\u00e1zal\u00e9k. M\u00e1just\u00f3l szeptemberig a v\u00e1rosban naponta t\u00f6bb mint t\u00edz \u00f3r\u00e1nyi naps\u00fct\u00e9s van, a tenger h\u0151m\u00e9rs\u00e9klete pedig j\u00fanius k\u00f6zep\u00e9t\u0151l szeptemberig 20 \u00b0C f\u00f6l\u00e9 emelkedik, az \u00e9ves \u00e1tlagh\u0151m\u00e9rs\u00e9klet 16,6 \u00b0C. Ezek a k\u00f6r\u00fclm\u00e9nyek alapozz\u00e1k meg mind a helyi \u00f6kosziszt\u00e9m\u00e1t \u2013 olajfaligetek, sz\u0151l\u0151\u00fcltetv\u00e9nyek \u00e9s a gazdag mediterr\u00e1n n\u00f6v\u00e9nyvil\u00e1g \u2013, mind a turizmus ritmus\u00e1t, amely meghat\u00e1rozza a gazdas\u00e1got.<\/p>\n<p>F\u00f6ldrajzilag a v\u00e1ros eredeti szigetszer\u0171 form\u00e1j\u00e1t keskeny, t\u00f6k\u00e9letlen\u00fcl egyenes, gyakran egy kis n\u00e9gyzetben vagy hirtelen l\u00e9pcs\u0151ben v\u00e9gz\u0151d\u0151 utc\u00e1inak labirintusa \u00f6r\u00f6k\u00edti meg. A hegyfokon t\u00fal a Rovinj-szigetcsoport huszonk\u00e9t szigetb\u0151l \u00e1ll, amelyek \u00e9kszerekk\u00e9nt sz\u00e9tsz\u00f3rva helyezkednek el az Adriai-tengeren. N\u00e9melyik kicsi \u00e9s lakatlan, partjaik csak mag\u00e1nhaj\u00f3val k\u00f6zel\u00edthet\u0151k meg, m\u00edg m\u00e1sok szer\u00e9ny sz\u00e1llod\u00e1knak adnak otthont, amelyeket a v\u00e1rosk\u00f6zpontb\u00f3l rendszeres cs\u00f3nakokkal lehet megk\u00f6zel\u00edteni. Egy\u00fcttesen Rovinj tart\u00f3s tenger\u00e9szeti \u00f6r\u00f6ks\u00e9g\u00e9r\u0151l tan\u00faskodnak, \u00e9s f\u00e9lrees\u0151 \u00f6bl\u00f6ket k\u00edn\u00e1lnak azoknak, akik a sz\u00e1razf\u00f6ld ny\u00fczsg\u00e9s\u00e9t\u0151l menek\u00fclni v\u00e1gynak.<\/p>\n<p>A turizmus a f\u0151 gazdas\u00e1gi tev\u00e9kenys\u00e9g, k\u00fcl\u00f6n\u00f6sen a m\u00e1just\u00f3l szeptemberig tart\u00f3 f\u0151szezonban. Ezekben a h\u00f3napokban a b\u00e1rok, \u00e9ttermek \u00e9s gal\u00e9ri\u00e1k k\u00e9s\u0151 estig nyitva tartanak; a szezonon k\u00edv\u00fcli nyitvatart\u00e1s r\u00f6videbb, ami a l\u00e1togat\u00f3k sz\u00e1m\u00e1nak cs\u00f6kken\u00e9s\u00e9t t\u00fckr\u00f6zi. Az Isztriai Turisztikai Hivatal szerint Rovinj a megye m\u00e1sodik hely\u00e9n \u00e1ll az \u00e9jszakai elsz\u00e1ll\u00e1sol\u00e1sok tekintet\u00e9ben, ami a Pula \u00e9s Pore\u010d v\u00e1rosaival szembeni er\u0151s vonzerej\u00e9t jelzi. A f\u0151 turisztikai tengely a buszp\u00e1lyaudvarn\u00e1l kezd\u0151dik, \u00e9s a t\u00f6rt\u00e9nelmi negyedbe vezet, ahol sz\u00e1mos taverna, klub \u00e9s \u00e9tkezde vonzza a l\u00e1togat\u00f3kat az esti \u00f3r\u00e1kban.<\/p>\n<p>A teljes eg\u00e9sz\u00e9ben gyalogos\u00f6vezett\u00e9 nyilv\u00e1n\u00edtott Carera utca Rovinj kereskedelmi \u00e9let\u00e9nek gerinc\u00e9t alkotja. F\u00fcggetlen butikokkal \u00e9s m\u0171v\u00e9szeti gal\u00e9ri\u00e1kkal szeg\u00e9lyezett utc\u00e1ban helyi k\u00e9zm\u0171ves term\u00e9keket, k\u00e9zm\u0171ves term\u00e9keket \u00e9s aj\u00e1nd\u00e9kt\u00e1rgyakat k\u00edn\u00e1lnak bar\u00e1ts\u00e1gos, j\u00e1rm\u0171zajt\u00f3l mentes k\u00f6rnyezetben. Az \u00f3v\u00e1ros perem\u00e9n, a Valdibora t\u00e9r k\u00f6zel\u00e9ben naponta m\u0171k\u00f6dik egy termel\u0151i piac, amely friss term\u00e9keket \u2013 gy\u00fcm\u00f6lcs\u00f6ket, z\u00f6lds\u00e9geket, sajtokat, ol\u00edvaolajokat \u00e9s borokat \u2013 k\u00edn\u00e1l a k\u00f6rnyez\u0151 isztriai gazdas\u00e1gokb\u00f3l. A piac, amely egyszerre t\u00e1rsadalmi f\u00f3rum \u00e9s kereskedelmi hely, hangs\u00falyozza a k\u00f6z\u00f6ss\u00e9g kapcsolat\u00e1t mez\u0151gazdas\u00e1gi gy\u00f6kereivel.<\/p>\n<p>Rovinjban a sz\u00e1ll\u00e1slehet\u0151s\u00e9gek a priv\u00e1t apartmanokt\u00f3l \u00e9s szob\u00e1kt\u00f3l a kempingeken \u00e1t a bungal\u00f3kig \u00e9s a k\u00e9t-\u00f6t csillagos sz\u00e1llod\u00e1kig terjednek. A Maistra sz\u00e1llodacsoport h\u00e1rom luxusl\u00e9tes\u00edtm\u00e9nye \u2013 a Hotel Monte Mulini, a Hotel Lone \u00e9s a Grand Park Hotel Rovinj \u2013 a piac fels\u0151 szegmens\u00e9t foglalja mag\u00e1ban, mindegyik modern k\u00e9nyelmet \u00e9s panor\u00e1m\u00e1s tengerparti k\u00f6rnyezetet k\u00edn\u00e1l. A k\u00f6zeli szigetecsk\u00e9ken n\u00e9h\u00e1ny kisebb sz\u00e1lloda csendesebb ellenpontot biztos\u00edt a sz\u00e1razf\u00f6ldi lehet\u0151s\u00e9gekhez k\u00e9pest, amelyek az \u00e9jszakai vend\u00e9gek ig\u00e9nyeihez igaz\u00edtott haj\u00f3j\u00e1ratokkal k\u00f6zel\u00edthet\u0151k meg.<\/p>\n<p>Rovinj megk\u00f6zel\u00edt\u00e9s\u00e9t k\u00e9t k\u00f6zeli rep\u00fcl\u0151t\u00e9r k\u00f6nny\u00edti meg: Pula, mintegy h\u00fasz m\u00e9rf\u00f6ldre d\u00e9lre, \u00e9s Trieszt, k\u00f6r\u00fclbel\u00fcl hetven m\u00e9rf\u00f6ldre \u00e9szaknyugatra, Olaszorsz\u00e1gban. A ny\u00e1ri h\u00f3napokban az olyan fapados l\u00e9git\u00e1rsas\u00e1gok, mint a Ryanair, k\u00f6zvetlen j\u00e1ratokat biztos\u00edtanak Nyugat-Eur\u00f3p\u00e1b\u00f3l, az EasyJet pedig sz\u00e1mos brit v\u00e1rost k\u00f6t \u00f6ssze Pul\u00e1val. Aut\u00f3k\u00f6lcs\u00f6nz\u00e9s minden rep\u00fcl\u0151t\u00e9ren lehets\u00e9ges, \u00e9s a v\u00e1ros isztriai aut\u00f3p\u00e1lya-h\u00e1l\u00f3zathoz k\u00f6zeli elhelyezked\u00e9se biztos\u00edtja a region\u00e1lis k\u00f6zpontok, k\u00f6zt\u00fck Velence, Rijeka \u00e9s Z\u00e1gr\u00e1b egyszer\u0171 aut\u00f3s megk\u00f6zel\u00edthet\u0151s\u00e9g\u00e9t. A ny\u00e1ri szezonban Velence \u00e9s Rovinj k\u00f6z\u00f6tt nagysebess\u00e9g\u0171 komp k\u00f6zlekedik, amely alternat\u00edv \u00fatvonalat k\u00edn\u00e1l, \u00e9s k\u00f6r\u00fclbel\u00fcl k\u00e9t \u00e9s f\u00e9l \u00f3ra alatt szeli \u00e1t az Adri\u00e1t. Velence \u00e9s Ravenna egykor kieg\u00e9sz\u00edt\u0151 j\u00e1ratok r\u00e9v\u00e9n volt \u00f6sszek\u00f6tve Rovinjjal \u2013 hetente gyorskompok k\u00f6zlekedtek Ravenn\u00e1ba \u00e9s Cesenatic\u00f3ba, am\u00edg az Emilia-Romagna t\u00e1rsas\u00e1g 2012\u201313-ban be nem vonta tev\u00e9kenys\u00e9g\u00e9t.<\/p>\n<p>Isztri\u00e1n bel\u00fcl a Kanfanar vas\u00fat\u00e1llom\u00e1s mintegy t\u00edz m\u00e9rf\u00f6ldre a sz\u00e1razf\u00f6ld belsej\u00e9ben fekszik, \u00f6sszek\u00f6tve a f\u00e9lszigetet Rijek\u00e1val, b\u00e1r a legt\u00f6bb utaz\u00f3 a buszj\u00e1ratokat r\u00e9szes\u00edti el\u0151nyben a nagyobb gyakoris\u00e1g \u00e9s k\u00e9nyelem miatt. A helyi buszp\u00e1lyaudvar a Carera utca d\u00e9lkeleti v\u00e9g\u00e9n tal\u00e1lhat\u00f3, \u00e9s k\u00f6zvetlen region\u00e1lis \u00fatvonalakat biztos\u00edt. A kor\u00e1bbi k\u00f6zleked\u00e9si korszakok maradv\u00e1nyak\u00e9nt az Isztriai Vas\u00fat egyik \u00e1ga 1876-t\u00f3l 1966-os bez\u00e1r\u00e1s\u00e1ig k\u00f6zlekedett Kanfanar \u00e9s Rovinj k\u00f6z\u00f6tt \u2013 \u00e1ll\u00edt\u00f3lag Jugoszl\u00e1via k\u00f6z\u00fati k\u00f6zleked\u00e9sre val\u00f3 \u00f6sszpontos\u00edt\u00e1s\u00e1nak \u00e1ldozata volt. A s\u00ednek \u00e9s a r\u00e9gi \u00e1llom\u00e1s\u00e9p\u00fcletek maradv\u00e1nyai m\u00e9g mindig l\u00e1that\u00f3k a mez\u0151k\u00f6n \u00e9s erd\u0151kben, csendes eml\u00e9km\u0171vek a g\u0151zmozdonyok let\u0171nt kor\u00e1ra.<\/p>\n<p>Rovinj t\u00f6rt\u00e9nelme sor\u00e1n kett\u0151s jelleget \u00f6lt\u00f6tt: egyr\u00e9szt m\u0171k\u00f6d\u0151 hal\u00e1szkik\u00f6t\u0151 \u00e9s a helyi \u00e9let sz\u00edntere az eg\u00e9sz \u00e9vben itt \u00e9l\u0151 lakosok sz\u00e1m\u00e1ra; m\u00e1sr\u00e9szt szezon\u00e1lis m\u00e1gnesk\u00e9nt vonzza a l\u00e1togat\u00f3kat, amelyeket t\u00f6rt\u00e9nelmi k\u00f6zpontja, naps\u00fct\u00f6tte partjai \u00e9s enyhe \u00e9ghajlata vonz. K\u0151homlokzataival \u00e9s keskeny sik\u00e1toraival, piactereinek ritu\u00e1l\u00e9ival \u00e9s hal\u00e1szhaj\u00f3inak hajnali ap\u00e1ly\u00e1val a v\u00e1ros meg\u0151rizte azt a hely\u00e9rzetet, amely t\u00fal\u00e9lte a birodalmak \u00e9s \u00e1llamok sor\u00e1t, amelyek z\u00e1szlaja alatt haj\u00f3zott. Ma, ak\u00e1rcsak a m\u00falt \u00e9vsz\u00e1zadokban, Rovinj a sz\u00e1razf\u00f6ld \u00e9s a tenger, a t\u00f6rt\u00e9nelem \u00e9s a jelen tal\u00e1lkoz\u00e1s\u00e1n\u00e1l \u00e1ll, k\u00edn\u00e1lva mind a tengerparti k\u00f6z\u00f6ss\u00e9g gyakorlati ritmus\u00e1t, mind azt a megfoghatatlan vonzer\u0151t, amelyet csak az id\u0151 \u2013 k\u0151falak r\u00e9tegeiben \u00e9s \u00e9vsz\u00e1zados szok\u00e1sokban m\u00e9rve \u2013 ny\u00fajthat.<\/p>","protected":false},"excerpt":{"rendered":"<p>Rovinj egy jelent\u0151s horv\u00e1t v\u00e1ros az Adriai-tenger \u00e9szaki r\u00e9sz\u00e9n, Nyugat-Horv\u00e1torsz\u00e1gban. A 2011-ben 14 294 lakost sz\u00e1ml\u00e1l\u00f3 tengerparti ter\u00fclet jelent\u0151s\u00e9ge az Isztriai-f\u00e9lsziget kultur\u00e1lis k\u00f6rnyezet\u00e9ben egy\u00e9rtelm\u0171. A nyugati parton tal\u00e1lhat\u00f3 Rovinj j\u00f3l ismert utaz\u00e1si c\u00e9lpontt\u00e1 v\u00e1lt, amely sikeresen \u00f6tv\u00f6zi tengerparti \u00fcd\u00fcl\u0151hely vonzerej\u00e9t a hal\u00e1szkik\u00f6t\u0151k\u00e9nt val\u00f3 haszn\u00e1lattal.<\/p>","protected":false},"author":1,"featured_media":4367,"parent":14435,"menu_order":0,"comment_status":"closed","ping_status":"closed","template":"elementor_theme","meta":{"_eb_attr":"","footnotes":""},"class_list":["post-14462","page","type-page","status-publish","has-post-thumbnail"],"_links":{"self":[{"href":"https:\/\/travelshelper.com\/hu\/wp-json\/wp\/v2\/pages\/14462","targetHints":{"allow":["GET"]}}],"collection":[{"href":"https:\/\/travelshelper.com\/hu\/wp-json\/wp\/v2\/pages"}],"about":[{"href":"https:\/\/travelshelper.com\/hu\/wp-json\/wp\/v2\/types\/page"}],"author":[{"embeddable":true,"href":"https:\/\/travelshelper.com\/hu\/wp-json\/wp\/v2\/users\/1"}],"replies":[{"embeddable":true,"href":"https:\/\/travelshelper.com\/hu\/wp-json\/wp\/v2\/comments?post=14462"}],"version-history":[{"count":0,"href":"https:\/\/travelshelper.com\/hu\/wp-json\/wp\/v2\/pages\/14462\/revisions"}],"up":[{"embeddable":true,"href":"https:\/\/travelshelper.com\/hu\/wp-json\/wp\/v2\/pages\/14435"}],"wp:featuredmedia":[{"embeddable":true,"href":"https:\/\/travelshelper.com\/hu\/wp-json\/wp\/v2\/media\/4367"}],"wp:attachment":[{"href":"https:\/\/travelshelper.com\/hu\/wp-json\/wp\/v2\/media?parent=14462"}],"curies":[{"name":"wp","href":"https:\/\/api.w.org\/{rel}","templated":true}]}}