{"id":14447,"date":"2024-09-19T14:45:46","date_gmt":"2024-09-19T14:45:46","guid":{"rendered":"https:\/\/travelshelper.com\/staging\/?page_id=14447"},"modified":"2026-03-11T22:47:38","modified_gmt":"2026-03-11T22:47:38","slug":"hvar","status":"publish","type":"page","link":"https:\/\/travelshelper.com\/hu\/destinations\/europe\/croatia\/hvar\/","title":{"rendered":"Hvar"},"content":{"rendered":"<p>Hvar egy karcs\u00fa m\u00e9szk\u0151- \u00e9s dolomitkanyarban fekszik, mintegy 68 kilom\u00e9ter hosszan h\u00faz\u00f3dva Horv\u00e1torsz\u00e1g dalm\u00e1t partjait\u00f3l. Gerince, egy kimagasl\u00f3 mezozoikum k\u0151zetb\u0151l \u00e1ll\u00f3 gerinc, csak \u00e9vezredeknyi sz\u00e1razf\u00f6ldi kapcsolat ut\u00e1n, mintegy 11 000 \u00e9vvel ezel\u0151tt v\u00e1lasztja el a sz\u00e1razf\u00f6ldt\u0151l. Ma keskeny csatorn\u00e1k szelik \u00e1t Hvart szomsz\u00e9daival \u2013 Bra\u010d \u00e9szakon, Vis nyugaton \u00e9s Kor\u010dula d\u00e9len \u2013, m\u00edg a Pelje\u0161ac-f\u00e9lsziget a Neretva-csatorn\u00e1n h\u00faz\u00f3dik. Keleten a sz\u00e1razf\u00f6ld mind\u00f6ssze hat kilom\u00e9terre fekszik. Hvar d\u00e9li oldal\u00e1n a Paklinski-szigetcsoport \u00e9s a \u0160\u0107edro ugr\u00f3deszkak\u00e9nt h\u00faz\u00f3dik a ny\u00edlt tengerbe, Ze\u010devo pedig az \u00e9szaki part ment\u00e9n fekszik.<\/p>\n<p>A sziget domborzata klasszikus karsztk\u00e9pet hoz l\u00e9tre: a gy\u00e9r felsz\u00edni v\u00edzfoly\u00e1sok gyorsan elt\u0171nnek a reped\u00e9sekbe, ami gondos es\u0151v\u00edz-gazd\u00e1lkod\u00e1st ig\u00e9nyel. A lejt\u0151k\u00f6n \u00e9vsz\u00e1zados n\u00e9pi m\u00e9rn\u00f6ki munk\u00e1k jelennek meg a sz\u00e1razon rakott k\u0151teraszokban \u00e9s a mezei cisztern\u00e1kban, amelyek mind a dr\u00e1ga nedvess\u00e9g megtart\u00e1s\u00e1hoz, mind a talaj lefoly\u00e1s\u00e1nak meg\u00e1ll\u00edt\u00e1s\u00e1hoz sz\u00fcks\u00e9gesek. Az ilyen m\u00f3dszerek t\u00e1mogatj\u00e1k a sz\u0151l\u0151\u00fcltetv\u00e9nyeket, olajfaligeteket, gy\u00fcm\u00f6lcs\u00f6s\u00f6ket \u00e9s levendulamez\u0151ket, amelyek minden term\u00e9keny zugban laknak. Feljebb a fenyvesek \u00e1tadj\u00e1k hely\u00fcket a boz\u00f3tos cserj\u00e9s\u00e9nek, az Aleppo \u00e9s a feketefeny\u0151k pedig a magyalt\u00f6lgygel osztoznak a t\u00e1jon. \u0160\u0107edro sziget\u00e9n a mediterr\u00e1n n\u00f6v\u00e9nyvil\u00e1g gazdagabb k\u00f6z\u00f6ss\u00e9ge fennmaradt, megk\u00edm\u00e9lve a Hvar f\u0151 r\u00e9sz\u00e9t meghat\u00e1roz\u00f3 sz\u0171k\u00f6ss\u00e9get.<\/p>\n<p>M\u00e9g az adriai szigetek k\u00f6z\u00f6tt is kiemelkedik Hvar part menti s\u00edks\u00e1ga szokatlanul kiterjedt \u00e9s term\u00e9keny form\u00e1j\u00e1ban. Itt alap\u00edtott\u00e1k a g\u00f6r\u00f6g telepesek Kr. e. 384-ben Pharost \u2013 a mai Stari Gradot \u2013, \u00edgy Eur\u00f3pa egyik legkor\u00e1bbi \u00f6sszef\u00fcgg\u0151 v\u00e1rosa lett. Ugyanezek a gyarmatos\u00edt\u00f3k egy mer\u0151leges mez\u0151rendszert is l\u00e9trehoztak a s\u00edks\u00e1gon, amelynek nyomai a Starogradsko polje n\u00e9ven maradtak fenn, amelyet az UNESCO ma t\u00f6retlen mez\u0151gazdas\u00e1gi \u00f6r\u00f6ks\u00e9g\u00e9\u00e9rt ismer el. A g\u00f6r\u00f6g v\u00edzi\u00f3nak ez a lenyomata t\u00f6bb mint k\u00e9t \u00e9vezredes m\u0171vel\u00e9s, az olajbogy\u00f3, a sz\u0151l\u0151 \u00e9s a gabona szezon\u00e1lis termeszt\u00e9se ellen\u00e9re is olvashat\u00f3.<\/p>\n<p>A mai Humac k\u00f6zel\u00e9ben tal\u00e1lhat\u00f3 Grap\u010deva-barlang r\u00e9g\u00e9szeti felfedez\u00e9sei m\u00e9g r\u00e9gebbi bizony\u00edt\u00e9kokat szolg\u00e1ltatnak az emberi jelenl\u00e9tre. A neolitikus \u201ehvari kult\u00fara\u201d spir\u00e1ld\u00edszes ker\u00e1mi\u00e1i ezekr\u0151l a leletekr\u0151l kapt\u00e1k a nev\u00e9t, amelyek egy olyan n\u00e9pre utalnak, akiknek \u00e9let\u00e9t a karszt m\u00e9ly\u00e9n l\u00e9v\u0151 k\u0151falakba \u00edrt\u00e1k. Az ilyen, a r\u00e9gi\u00f3ban egyed\u00fcl\u00e1ll\u00f3 leletek egy olyan szigetk\u00f6z\u00f6ss\u00e9get mutatnak be, amely j\u00e1rtas volt a grav\u00edroz\u00e1si technik\u00e1kban \u00e9s egy jellegzetes vizu\u00e1lis nyelvezetben.<\/p>\n<p>A kora k\u00f6z\u00e9pkorra az ill\u00edr csoportok g\u00f6r\u00f6g lesz\u00e1rmazottakkal keveredtek, miel\u0151tt a szl\u00e1v migr\u00e1ci\u00f3 \u00e1talak\u00edtotta a lakoss\u00e1got. K\u00e9s\u0151bb Hvar velencei befoly\u00e1s al\u00e1 ker\u00fclt, ami haditenger\u00e9szeti jelent\u0151s\u00e9get \u00e9s j\u00f3l\u00e9tet hozott. Hvar v\u00e1rosa \u2013 Stari Gradt\u00f3l elt\u00e9r\u0151en \u2013 kulcsfontoss\u00e1g\u00fa adriai b\u00e1ziss\u00e1 v\u00e1lt. Ahogy a Velencei K\u00f6zt\u00e1rsas\u00e1g megszerezte az ellen\u0151rz\u00e9st a mediterr\u00e1n kereskedelem felett, korm\u00e1nyz\u00f3i palot\u00e1kba, k\u00f6z\u00f6ss\u00e9gi \u00e9p\u00fcletekbe \u00e9s Eur\u00f3pa egyik els\u0151 nyilv\u00e1nos sz\u00ednh\u00e1z\u00e1ba fektettek be, amely 1612-ben ny\u00edlt meg. Nemesi csal\u00e1dok k\u0151b\u0151l \u00e9p\u00fclt k\u00fari\u00e1kat \u00e9p\u00edttettek, amelyek homlokzatai ma is a kik\u00f6t\u0151i s\u00e9t\u00e1nyt szeg\u00e9lyezik, tan\u00faskodva arr\u00f3l a korszakr\u00f3l, amikor a tengeri kereskedelem \u00e9s a kult\u00fara k\u00e9z a k\u00e9zben fejl\u0151d\u00f6tt.<\/p>\n<p>A 16. sz\u00e1zad azonban kor\u00e1ntsem volt nyugodt. 1510-ben helyi felkel\u00e9s robbant ki a velencei uralom ellen a hvari l\u00e1zad\u00e1s z\u00e1szlaja alatt, amelyet a nemess\u00e9g \u00e9s a k\u00f6zn\u00e9p k\u00f6z\u00f6tti fesz\u00fclts\u00e9gek v\u00e1ltottak ki. Ezzel egy id\u0151ben kal\u00f3zok \u00e9s oszm\u00e1n fosztogat\u00f3k t\u00e1madt\u00e1k az \u00e9szaki partokat, ami er\u0151d\u00edtett tornyok \u00e9s \u0151rhelyek \u00e9p\u00edt\u00e9s\u00e9hez vezetett. Ezek a b\u00e1sty\u00e1k, amelyeket ma m\u00e1r a sz\u00e9l \u00e9s a s\u00f3 megviselt, eml\u00e9keztetnek a zavaros vizekre \u00e9s arra, hogy a szigetlak\u00f3k milyen messzire mentek el k\u00f6z\u00f6ss\u00e9geik v\u00e9delm\u00e9ben.<\/p>\n<p>Nap\u00f3leon r\u00f6vid dalm\u00e1ciai tart\u00f3zkod\u00e1sa \u00faj t\u00f6rv\u00e9nyk\u00f6nyveket \u00e9s k\u00f6zigazgat\u00e1si reformokat hozott, v\u00e9g\u00fcl Hvar 1815-ben az Osztr\u00e1k Birodalom r\u00e9sz\u00e9v\u00e9 v\u00e1lt. A Habsburgok fel\u00fcgyelete alatt a viszonylagos nyugalom id\u0151szaka lehet\u0151v\u00e9 tette a kik\u00f6t\u0151k b\u0151v\u00fcl\u00e9s\u00e9t, a rakpartok megjelen\u00e9s\u00e9t \u00e9s a haj\u00f3\u00e9p\u00edt\u00e9s fellend\u00fcl\u00e9s\u00e9t. A borexport mellett fellend\u00fclt a levendula- \u00e9s rozmaringtermel\u00e9s a francia parf\u00fcmm\u0171helyek sz\u00e1m\u00e1ra, \u00e9s a helyi v\u00e1llalkoz\u00f3k 1868-ban megalap\u00edtott\u00e1k a Hvari Higi\u00e9niai Egyes\u00fcletet, hogy fogadj\u00e1k a l\u00e1togat\u00f3kat, \u00e9s koordin\u00e1lj\u00e1k a sz\u00e1ll\u00e1st \u00e9s a szolg\u00e1ltat\u00e1sokat. Ez a szervezet rakta le az alapokat a sz\u00e1llod\u00e1knak, k\u00e1v\u00e9z\u00f3knak, kik\u00f6t\u0151knek \u00e9s kultur\u00e1lis int\u00e9zm\u00e9nyeknek, amelyek meghat\u00e1rozz\u00e1k a sziget modern turisztikai h\u00e1l\u00f3zat\u00e1t.<\/p>\n<p>A 20. sz\u00e1zad azonban nem tartotta fenn ezt az aranykort. A filox\u00e9rav\u00e9sz puszt\u00edt\u00e1sa puszt\u00edtotta a sz\u0151l\u0151\u00fcltetv\u00e9nyeket, \u00e9s a hagyom\u00e1nyos vitorl\u00e1s haj\u00f3k elavultak. A gazdas\u00e1gi neh\u00e9zs\u00e9gek kiv\u00e1ndorl\u00e1si hull\u00e1mokat v\u00e1ltottak ki, mivel a csal\u00e1dok Amerik\u00e1ban \u00e9s azon t\u00fal kerestek lehet\u0151s\u00e9geket. A levendula illata ennek ellen\u00e9re megmaradt, \u00e9s a \u201elevendulasziget\u201d elnevez\u00e9s az ibolyavir\u00e1gz\u00e1s\u00fa mez\u0151k\u00f6n maradt, olajaikat k\u00e9zm\u0171ves szappanokhoz \u00e9s parf\u00fcm\u00f6kh\u00f6z sz\u00fcretelt\u00e9k.<\/p>\n<p>A 20. sz\u00e1zad v\u00e9g\u00e9t\u0151l kezdve a turizmus folyamatosan h\u00e1tt\u00e9rbe szor\u00edtotta a mez\u0151gazdas\u00e1got \u00e9s a hal\u00e1szatot, mint a gazdas\u00e1g f\u0151 pill\u00e9re. Az \u00fatik\u00f6nyvek \u00e9s magazinok Hvart a vil\u00e1g t\u00edz legnagyobb szigete k\u00f6z\u00e9 sorolj\u00e1k. A Cond\u00e9 Nast Traveler k\u00f6vetkezetesen a naps\u00fct\u00e9s\u00e9\u00e9rt \u2013 \u00e9vi mintegy 2715 \u00f3ra, ami nagyj\u00e1b\u00f3l napi 7,7 \u00f3ra, Dubrovnikot megel\u0151zve \u2013 \u00e9s a krist\u00e1lytiszta tengerh\u0151m\u00e9rs\u00e9klet\u00e9\u00e9rt rangsorolja, amely a febru\u00e1ri 14 \u00b0C-r\u00f3l a ny\u00e1ri cs\u00facs\u00e9rt\u00e9kre, k\u00f6zel 27 \u00b0C-ra emelkedik. Az \u00e9ghajlat a K\u00f6ppen-f\u00e9le Csa alt\u00edpusnak felel meg, amelyet enyhe telek \u00e9s naps\u00fct\u00f6tte nyarak jellemeznek, el\u0151nyben r\u00e9szes\u00edtve a szabadt\u00e9ri \u00e9tkez\u00e9st \u00e9s a v\u00edzparti s\u00e9t\u00e1nyokat.<\/p>\n<p>K\u00f6zigazgat\u00e1silag Hvar Split-Dalm\u00e1cia megy\u00e9hez tartozik, \u00e9s k\u00e9t v\u00e1rosb\u00f3l \u2013 Hvarb\u00f3l \u00e9s Stari Gradb\u00f3l \u2013, valamint Jelsa \u00e9s Su\u0107uraj k\u00f6zs\u00e9gekb\u0151l \u00e1ll. A 2021-es n\u00e9psz\u00e1ml\u00e1l\u00e1s szerint a sziget 10 678 lakosa egyenl\u0151tlen\u00fcl oszlik meg: Hvar v\u00e1ros\u00e1nak 3979, Stari Gradnak pedig 2772 lakosa van. Jelsa k\u00f6zs\u00e9g lakoss\u00e1ga \u00f6sszesen 3501 f\u0151, Pitve-t\u0151l Vrisnikig terjed\u0151 kisebb falvakat foglal mag\u00e1ban, Su\u0107uraj \u2013 a sziget keleti kapuja \u2013 pedig h\u00e1rom telep\u00fcl\u00e9s\u00e9n \u00f6sszesen 426 lelket sz\u00e1ml\u00e1l.<\/p>\n<p>Hvar v\u00e1ros\u00e1nak k\u00f6zpontja a Szent Istv\u00e1n t\u00e9r, Dalm\u00e1cia egyik legnagyobb tere, mintegy 4500 m\u00b2-es alapter\u00fclet\u00e9vel, ahol a narancss\u00e1rga cser\u00e9ptet\u0151k l\u00e9pcs\u0151zetes \u00edvekben emelkednek, \u00e9s a f\u0151szezonban jachtok t\u00f6ltik meg a kik\u00f6t\u0151t. Az egyik v\u00e9g\u00e9n a Szent Istv\u00e1n-sz\u00e9kesegyh\u00e1z vonzza a figyelmet: n\u00e9gyszintes harangtornya, amelyet az oszm\u00e1n bet\u00f6r\u00e9sek ut\u00e1n \u00e9p\u00edtettek \u00fajj\u00e1, renesz\u00e1nsz \u00e9s barokk st\u00edlusjegyeket hordoz. Mellette \u00e1ll a p\u00fcsp\u00f6ki kincst\u00e1ra, amelyben ez\u00fcst liturgikus ed\u00e9nyek, h\u00edmzett ruh\u00e1k \u00e9s ikonok tal\u00e1lhat\u00f3k, amelyek eg\u00e9szen a 13. sz\u00e1zadig ny\u00falnak vissza. Fent egy domboldalon a \u0160panjola-er\u0151d a v\u00e1rosra \u00e9s a tengerre n\u00e9z, panor\u00e1m\u00e1s kil\u00e1t\u00e1st ny\u00fajtva azoknak, akik hajland\u00f3ak bej\u00e1rni a meredek, kanyarg\u00f3s \u00f6sv\u00e9nyt.<\/p>\n<p>Stari Grad ezzel szemben meg\u0151rizte csendesebb l\u00e9gk\u00f6r\u00e9t. A Splitb\u0151l indul\u00f3 kompok a rakpartra \u00e9rkeznek, \u00e9s a l\u00e1togat\u00f3kat egy olyan telep\u00fcl\u00e9sre vezetik, amelynek utc\u00e1i az \u00f3kori g\u00f6r\u00f6g gyarmatos\u00edt\u00f3k vonalvezet\u00e9s\u00e9t k\u00f6vetik. Itt kis k\u00e1v\u00e9z\u00f3k foglalnak helyet k\u0151h\u00e1zakban, \u00e9s olajf\u00e1k \u00e1rny\u00e9kolj\u00e1k a macskak\u00f6ves utc\u00e1kat. A Starogradsko polje a sz\u00e1razf\u00f6ld belsej\u00e9ben h\u00faz\u00f3dik, foltozott f\u00f6ldjeit alacsony falak szeg\u00e9lyezik \u2013 \u00e9l\u0151 bizony\u00edt\u00e9kai a 2400 \u00e9ves kollekt\u00edv f\u00f6ldgazd\u00e1lkod\u00e1snak.<\/p>\n<p>A d\u00e9li part ment\u00e9n, k\u00f6zpontibb fekv\u00e9s\u0171 Jelsa a falusias hangulatot egy szer\u00e9ny kik\u00f6t\u0151vel \u00f6tv\u00f6zi. Utc\u00e1i erd\u0151s lejt\u0151k fel\u00e9 kanyarognak, m\u00edg a ny\u00e1ri est\u00e9ket kultur\u00e1lis rendezv\u00e9nyek \u2013 koncertek \u00e9s ki\u00e1ll\u00edt\u00e1sok \u2013 t\u00f6ltik meg. Jelsa k\u00f6zel\u00e9ben fekszik Humac, egy 350 m\u00e9teres tengerszint feletti magass\u00e1gban fekv\u0151 kis falucska, amely nagyr\u00e9szt elhagyatott, m\u00e9gis lassan \u00fajj\u00e1\u00e9ledt, mint szabadt\u00e9ri m\u00fazeum. Ott k\u0151h\u00e1zak \u00e9s egy kis n\u00e9prajzi gy\u0171jtem\u00e9ny k\u00edn\u00e1l betekint\u00e9st a hagyom\u00e1nyos \u00e9letbe levendula- \u00e9s sz\u0151l\u0151\u00fcltetv\u00e9nyekkel be\u00fcltetett teraszok k\u00f6z\u00f6tt. Humac alatt tal\u00e1lhat\u00f3 a Grap\u010deva-barlang, amely csak vezetett csoportokat fogad, \u00e9s Hvar neolitikus m\u00faltj\u00e1nak szil\u00e1nkjai mellett cseppk\u00f6veket is \u0151rz.<\/p>\n<p>A szigeten \u00e9s a sz\u00e1razf\u00f6lddel val\u00f3 k\u00f6zleked\u00e9s tov\u00e1bbra is l\u00e9tfontoss\u00e1g\u00fa a mindennapi \u00e9let \u00e9s a turizmus szempontj\u00e1b\u00f3l. A Jadrolinija aut\u00f3kompokat \u00fczemeltet Su\u0107urajb\u00f3l Drvenikbe, ami nagyj\u00e1b\u00f3l k\u00e9t \u00f3r\u00e1s \u00fat, valamint ingaj\u00e1ratokat Vela Luk\u00e1ba \u00e9s Lastov\u00f3ba. A Krilo Luka gyors sz\u00e1rnyashaj\u00f3i k\u00f6r\u00fclbel\u00fcl egy \u00f3ra alatt k\u00f6tik \u00f6ssze Hvar v\u00e1ros\u00e1t Splittel, valamint id\u0151nk\u00e9nt Vis-szel, Bra\u010d-fal \u00e9s Dubrovnik-kal is. Kisz\u00e1ll\u00e1s ut\u00e1n a Cazmatrans buszai fogadj\u00e1k a kompokat, amelyek a k\u00f6z\u00fati h\u00e1l\u00f3zaton \u00e1t\u00edvel\u0151 \u2013 szeles, gyakran korl\u00e1t n\u00e9lk\u00fcli \u2013 \u00fati c\u00e9lokat szolg\u00e1lnak ki, ahol \u00f3vatoss\u00e1g aj\u00e1nlott, k\u00fcl\u00f6n\u00f6sen a b\u00e9relt robog\u00f3kkal. K\u00e9t benzink\u00fat, Hvar v\u00e1ros\u00e1ban \u00e9s Jelsa k\u00f6zel\u00e9ben, jelzik az egyetlen \u00fczemanyagt\u00f6lt\u0151 pontokat a j\u00e1rm\u0171vek sz\u00e1m\u00e1ra. Egy helyi v\u00edzitaxi, jelk\u00e9pes d\u00edj ellen\u00e9ben, Stari Grad \u00e9s Hvar v\u00e1ros kompkik\u00f6t\u0151je k\u00f6z\u00f6tt k\u00f6zlekedik.<\/p>\n<p>\u00c9p\u00edtett \u00f6r\u00f6ks\u00e9g\u00e9n \u00e9s mez\u0151gazdas\u00e1gi ter\u00fcletein t\u00fal Hvar rengeteg \u00e9lm\u00e9nyt k\u00edn\u00e1l. A haj\u00f3sok felfedezhetik a Paklinski-szigetek rejtett \u00f6bleit \u00e9s homokos partjait, lehorgonyozhatnak a fenyvesekkel szeg\u00e9lyezett partokon piknikezve vagy \u00faszva. A t\u00far\u00e1z\u00f3k a Dubovica-\u00f6b\u00f6lt\u0151l a Zlatan Otok bor\u00e1szatig egy tengerparti \u00f6sv\u00e9nyen haladhatnak, ahol a tengerre n\u00e9z\u0151 kil\u00e1t\u00e1st d\u00e9lben bork\u00f3stol\u00f3val kombin\u00e1lhatj\u00e1k, miel\u0151tt haj\u00f3val visszat\u00e9rn\u00e9nek. A Jelsa k\u00f6zel\u00e9ben tal\u00e1lhat\u00f3 Hvar Kalandpark \u00edj\u00e1szattal, paintballal \u00e9s strandsportokkal b\u0151v\u00edti a kikapcsol\u00f3d\u00e1si lehet\u0151s\u00e9geket. A k\u00e9zm\u0171vess\u00e9g ir\u00e1nt \u00e9rdekl\u0151d\u0151k sz\u00e1m\u00e1ra Hvar v\u00e1ros benc\u00e9s ap\u00e1c\u00e1i \u00e9vsz\u00e1zados csipkek\u00e9sz\u00edt\u00e9si hagyom\u00e1nyt folytatnak ag\u00e1v\u00e9 rostokb\u00f3l, m\u00edg az olyan gal\u00e9ri\u00e1k, mint a Made in Hvar on the Pjaca, kort\u00e1rs helyi m\u0171v\u00e9szetet mutatnak be.<\/p>\n<p>A bortermel\u00e9s tov\u00e1bbra is a kult\u00fara egyik sarokk\u00f6ve. A d\u00e9li lejt\u0151k\u00f6n a Plavac Mali sz\u0151l\u0151 er\u0151teljes v\u00f6r\u00f6sborokat terem, melyek tannintartalma megegyezik a k\u00f6z\u00e9ps\u0151 s\u00edks\u00e1gon termesztett ropog\u00f3s feh\u00e9rborok\u00e9val. Sz\u00e1mos bor\u00e1szat nyitja meg kapuit k\u00f3stol\u00f3kra, \u00e9s invit\u00e1l vend\u00e9geket, hogy \u00e1lljanak meg a Hvar nap\u00e9gette f\u00f6ldj\u00e9ben m\u00e9lyen gy\u00f6kerez\u0151 sz\u0151l\u0151t\u0151k\u00e9k k\u00f6z\u00f6tt.<\/p>\n<p>A rejtett barlangokban tal\u00e1lhat\u00f3 neolitikus t\u00f6rmel\u00e9kekt\u0151l a velencei palot\u00e1k m\u00e9szk\u0151falaiig Hvar t\u00f6rt\u00e9nete k\u0151ben, talajban \u00e9s tengerben bontakozik ki. \u00c9ghajlata, domborzata \u00e9s tenger\u00e9szeti elhelyezked\u00e9se az emberi er\u0151fesz\u00edt\u00e9sek r\u00e9tegeit form\u00e1lta \u2013 a g\u00f6r\u00f6g f\u00f6ldm\u0171vesekt\u0151l az osztr\u00e1k-magyar keresked\u0151k\u00f6n \u00e1t, a levendulaszed\u0151kt\u0151l a modern vend\u00e9gl\u0151s\u00f6kig. Ma a sziget a meg\u0151rz\u00e9st \u00e9s a fejl\u0151d\u00e9st egyens\u00falyozza, a l\u00e1togat\u00f3knak megm\u0171velt \u00e9s vad t\u00e1jat k\u00edn\u00e1lva, ahol minden teraszfal \u00e9s macskak\u0151 egy \u00e9vsz\u00e1zadokban, nem pedig \u00e9vszakokban m\u00e9rt t\u00f6rt\u00e9nelemre utal. Sokak szerint tov\u00e1bbra is Eur\u00f3pa legnaposabb helye \u2013 megfelel\u0151 helysz\u00edn azok sz\u00e1m\u00e1ra, akik a mediterr\u00e1n f\u00e9ny \u00e9s a sziget \u00e9let\u00e9nek \u0151szinte k\u00f6lcs\u00f6nhat\u00e1s\u00e1t keresik.<\/p>","protected":false},"excerpt":{"rendered":"<p>Az Adriai-tengerben tal\u00e1lhat\u00f3 Hvar Horv\u00e1torsz\u00e1g dalm\u00e1t partjain\u00e1l tal\u00e1lhat\u00f3. A negyedik legn\u00e9pesebb horv\u00e1t sziget, ez az elvar\u00e1zsolt sziget Bra\u010d, Vis \u00e9s Kor\u010dula k\u00f6z\u00f6tt tal\u00e1lhat\u00f3, \u00e9s a 2021-es n\u00e9psz\u00e1ml\u00e1l\u00e1s szerint 10 678 ember \u00e9l ott. A t\u00f6bb mint 68 kilom\u00e9teres (42,5 m\u00e9rf\u00f6ld) hossz\u00fas\u00e1g\u00fa Hvar p\u00e1ratlan sz\u00e9ps\u00e9g\u0171 \u00e9s kultur\u00e1lis \u00e9rt\u00e9k\u0171 helysz\u00ednn\u00e9 v\u00e1lt, nagyr\u00e9szt jellegzetes geol\u00f3gi\u00e1j\u00e1nak \u00e9s gazdag m\u00faltj\u00e1nak k\u00f6sz\u00f6nhet\u0151en.<\/p>","protected":false},"author":1,"featured_media":3166,"parent":14435,"menu_order":0,"comment_status":"closed","ping_status":"closed","template":"elementor_theme","meta":{"_eb_attr":"","footnotes":""},"class_list":["post-14447","page","type-page","status-publish","has-post-thumbnail"],"_links":{"self":[{"href":"https:\/\/travelshelper.com\/hu\/wp-json\/wp\/v2\/pages\/14447","targetHints":{"allow":["GET"]}}],"collection":[{"href":"https:\/\/travelshelper.com\/hu\/wp-json\/wp\/v2\/pages"}],"about":[{"href":"https:\/\/travelshelper.com\/hu\/wp-json\/wp\/v2\/types\/page"}],"author":[{"embeddable":true,"href":"https:\/\/travelshelper.com\/hu\/wp-json\/wp\/v2\/users\/1"}],"replies":[{"embeddable":true,"href":"https:\/\/travelshelper.com\/hu\/wp-json\/wp\/v2\/comments?post=14447"}],"version-history":[{"count":0,"href":"https:\/\/travelshelper.com\/hu\/wp-json\/wp\/v2\/pages\/14447\/revisions"}],"up":[{"embeddable":true,"href":"https:\/\/travelshelper.com\/hu\/wp-json\/wp\/v2\/pages\/14435"}],"wp:featuredmedia":[{"embeddable":true,"href":"https:\/\/travelshelper.com\/hu\/wp-json\/wp\/v2\/media\/3166"}],"wp:attachment":[{"href":"https:\/\/travelshelper.com\/hu\/wp-json\/wp\/v2\/media?parent=14447"}],"curies":[{"name":"wp","href":"https:\/\/api.w.org\/{rel}","templated":true}]}}