{"id":14441,"date":"2024-09-19T14:22:28","date_gmt":"2024-09-19T14:22:28","guid":{"rendered":"https:\/\/travelshelper.com\/staging\/?page_id=14441"},"modified":"2026-03-11T22:44:30","modified_gmt":"2026-03-11T22:44:30","slug":"zara","status":"publish","type":"page","link":"https:\/\/travelshelper.com\/hu\/destinations\/europe\/croatia\/zadar\/","title":{"rendered":"Z\u00e1ra"},"content":{"rendered":"<p>Zadar egy karcs\u00fa hegyfokon fekszik az Adriai-tenger \u00e9szakkeleti sz\u00e9l\u00e9n, v\u00e1rosi sz\u00f6vete t\u00f6bb mint k\u00e9t \u00e9vezredes mediterr\u00e1n t\u00f6rt\u00e9nelmen fut kereszt\u00fcl. Ma ez a nagyj\u00e1b\u00f3l hetvenezer lelket sz\u00e1ml\u00e1l\u00f3 horv\u00e1t v\u00e1ros az orsz\u00e1g legr\u00e9gebbi, folyamatosan lakott k\u00f6zpontja, ahol maguk a k\u00f6vek tan\u00faskodnak a r\u00f3mai, velencei, osztr\u00e1k, olasz \u00e9s jugoszl\u00e1v korszakokr\u00f3l. Ugljan \u00e9s Pa\u0161man szigeteivel szemben fekv\u0151 kik\u00f6t\u0151je m\u00e9g mindig v\u00e9dett bej\u00e1ratot k\u00edn\u00e1l a tenger fel\u0151l, b\u00e1r a v\u00e1r\u00e1rok, amely egykor elv\u00e1lasztotta a hegyfokot a sz\u00e1razf\u00f6ldt\u0151l, m\u00e1r r\u00e9gen felt\u00f6lt\u00f6tt\u00e9k. Els\u0151 pillant\u00e1sra a keskeny utc\u00e1k k\u00f6z\u00e9pkori templomokra \u00e9s er\u0151dfalakra utalnak; m\u00f6g\u00f6tt\u00fck renesz\u00e1nsz b\u00e1sty\u00e1k tekintenek le egy modern kik\u00f6t\u0151l\u00e9tes\u00edtm\u00e9ny fel\u00e9, amely komppal k\u00f6ti \u00f6ssze a v\u00e1rost Eur\u00f3pa partjaival, \u00e9s a tizenn\u00e9gy kilom\u00e9terre a sz\u00e1razf\u00f6ld belsej\u00e9ben tal\u00e1lhat\u00f3 rep\u00fcl\u0151t\u00e9r \u00e9gboltj\u00e1val.<\/p>\n<p>Zadar korabeli k\u00f6rvonalait el\u0151sz\u00f6r a r\u00f3mai uralom alatt rajzolt\u00e1k ki, amikor Julius Caesar \u00e9s Augustus meger\u0151s\u00edtette a telep\u00fcl\u00e9st, f\u00f3rumot, bazilik\u00e1t \u00e9s templomot v\u00e1jt a sz\u00edv\u00e9be, valamint v\u00edzvezet\u00e9keket \u00e9p\u00edtett az \u00e9desv\u00edzell\u00e1t\u00e1s \u00e9rdek\u00e9ben. Ezen \u00e9p\u00edtm\u00e9nyek nyomai m\u00e1ig fennmaradtak. K\u00e9t hatalmas t\u00e9r maradt fenn, m\u00e1rv\u00e1nyoszlopokkal d\u00edsz\u00edtve, m\u00edg a b\u00e1sty\u00e1kon t\u00fal egy t\u00f6red\u00e9kes v\u00edzvezet\u00e9k eml\u00e9keztet a r\u00f3mai m\u00e9rn\u00f6k\u00f6k amb\u00edci\u00f3ira. Ahol egykor amfite\u00e1trumok \u00e9s temet\u0151k ter\u00fcltek el, ott form\u00e1l\u00f3dott a k\u00f6z\u00e9pkori v\u00e1ros, templomai \u00e9s szerzetesh\u00e1zai fokozatosan bez\u00e1rt\u00e1k az \u0151si alaprajzot.<\/p>\n<p>A k\u00f6z\u00e9pkort\u00f3l kezdve Zadar sziluettje kev\u00e9s v\u00e1ltoztat\u00e1ssal megmaradt. A velencei uralkod\u00f3k a tizenhatodik sz\u00e1zad elej\u00e9n \u00faj falakkal, b\u00e1sty\u00e1kkal \u00e9s \u00e1rkokkal er\u0151s\u00edtett\u00e9k meg v\u00e9delmi vonalait. B\u00e1r ezeket az \u00e1rkokat \u2013 amelyeket a helyiek Fo\u0161a n\u00e9ven ismertek \u2013 az olasz megsz\u00e1ll\u00e1s alatt eltemett\u00e9k, a tizenkilencedik sz\u00e1zad v\u00e9gi osztr\u00e1k k\u00f6zigazgat\u00e1s a sz\u00e1razf\u00f6ldi s\u00e1ncokat s\u00e9t\u00e1nyokk\u00e1 alak\u00edtotta \u00e1t, sz\u00e9les s\u00e9t\u00e1nyokat \u00e9s a tengerre \u00e9s a sz\u00e1razf\u00f6ldre ny\u00edl\u00f3 kil\u00e1t\u00e1st k\u00edn\u00e1lva. A v\u00e1ros n\u00e9gy eredeti kapuja k\u00f6z\u00fcl a Porta Marina egy r\u00f3mai bolt\u00edv t\u00f6red\u00e9keit tartalmazza, m\u00edg a Porta di Terraferma Michele Sanmicheli, a veronai \u00e9p\u00edt\u00e9sz al\u00e1\u00edr\u00e1s\u00e1t viseli, akinek terve a d\u00edszes port\u00e1l felett is fennmaradt.<\/p>\n<p>A m\u00e1sodik vil\u00e1gh\u00e1bor\u00fa bomb\u00e1z\u00e1sai \u00e1ltal megsebzett Zadar ennek ellen\u00e9re rendk\u00edv\u00fcli mennyis\u00e9g\u0171 nevezetess\u00e9get \u0151riz. R\u00f3mai f\u00f3ruma tov\u00e1bbra is a r\u00e9gi\u00f3 legnagyobbja, amelyet Augustus alap\u00edtott, \u00e9s a harmadik sz\u00e1zadb\u00f3l sz\u00e1rmaz\u00f3 feliratok \u0151rzik. A k\u00f6zelben tal\u00e1lhat\u00f3 a Szent Don\u00e1t-templom \u2013 egy hatalmas kilencedik sz\u00e1zadi rotunda \u2013 Dalm\u00e1cia legjelent\u0151sebb prerom\u00e1n st\u00edlus\u00fa \u00e9p\u00fclete. Sz\u00e9les kupol\u00e1ja \u00e9s k\u00e9tszintes karzata h\u00e1rom keleti apszist keretez, belsej\u00e9ben pedig Valaresso p\u00fcsp\u00f6k 1460-ban k\u00e9sz\u00fclt p\u00e1sztorbotja tal\u00e1lhat\u00f3. A sz\u00e9kesegyh\u00e1z ter\u00fclet\u00e9n Szent Anaszt\u00e1zia-bazilika magas rom\u00e1n st\u00edlus\u00fa form\u00e1ban emelkedik: k\u00e9t harangtorony fog k\u00f6zre egy szigor\u00fa haj\u00f3t, amelyet a XII. \u00e9s XIII. sz\u00e1zadban \u00e9p\u00edtettek.<\/p>\n<p>M\u00e1sutt a rom\u00e1n egyszer\u0171s\u00e9g enged a g\u00f3tikus \u00e9s k\u00e9s\u0151bbi st\u00edlusoknak. A Szent Ferenc-templom, ahol az 1358-as b\u00e9keszerz\u0151d\u00e9st al\u00e1\u00edrt\u00e1k, Giovanni di Giacomo da Borgo San Sepolcro \u00e1ltal 1394-ben faragott k\u00f3rus\u00e1llv\u00e1nyokat rejt. Az \u00d6t k\u00fat ter\u00e9n a v\u00edzeloszt\u00e1s vegyes \u00e1rny\u00e9kai a k\u00f6z\u00f6ss\u00e9gi \u00e9let egy m\u00e1sik korszak\u00e1t id\u00e9zik. A tizenkilencedik sz\u00e1zadi f\u00f6ldkapu \u00e9s a tizen\u00f6t\u00f6dik sz\u00e1zadi Citadella m\u00e9g mindig keretezi az \u00f3v\u00e1ros bej\u00e1rat\u00e1t, m\u00edg a Nagy Arzen\u00e1l \u00e9s a loggia \u2013 amelyet 1565-ben \u00fajj\u00e1\u00e9p\u00edtettek \u2013 Zadar tenger\u00e9szeti \u00e9s polg\u00e1ri amb\u00edci\u00f3ir\u00f3l \u00e1rulkodnak. M\u00f6g\u00f6tt\u00fck a p\u00fcsp\u00f6ki palota \u00e9s a priorok egykori palot\u00e1ja az egyh\u00e1z \u00e9s az \u00e1llam tart\u00f3s szerep\u00e9re utal. \u00c9s legut\u00f3bb az Adriai-tenger l\u00e1gy \u00e1ramlatai h\u00f6mp\u00f6ly\u00f6gnek egy modern tengeri orgona l\u00e9pcs\u0151i felett, tan\u00fabizonys\u00e1got t\u00e9ve a v\u00e1ros \u00f3kor \u00e9s innov\u00e1ci\u00f3 k\u00f6z\u00f6tti folyamatos p\u00e1rbesz\u00e9d\u00e9r\u0151l.<\/p>\n<p>Zadar \u00e9ghajlat\u00e1t a tengerparti elhelyezked\u00e9se alak\u00edtja, a mediterr\u00e1n \u00e9s a p\u00e1r\u00e1s szubtr\u00f3pusi hat\u00e1sok hat\u00e1r\u00e1n. A telek enyh\u00e9k \u00e9s nedvesek, az \u00e1tlagos janu\u00e1ri h\u0151m\u00e9rs\u00e9klet 7,7 \u00b0C k\u00f6r\u00fcl alakul; a heves hidegek ritk\u00e1k, b\u00e1r a Zemunik \u00e1llom\u00e1son 2018 febru\u00e1rj\u00e1ban -12 \u00b0C-os m\u00e9lypontokat regisztr\u00e1ltak. A ny\u00e1ri h\u00f3napokban tart\u00f3s meleg \u00e9s p\u00e1ratartalom uralkodik, a j\u00faliusi \u00e9s augusztusi maximumok \u00e1tlagosan 29\u201330 \u00b0C-ot mutatnak. A legmelegebb regisztr\u00e1lt napon \u2013 2017. augusztus 5-\u00e9n \u2013 a modern \u00e1llom\u00e1son a h\u0151m\u00e9r\u0151 40 \u00b0C-ra emelkedett, m\u00edg a r\u00e9gebbi v\u00e1rosi m\u00e9r\u0151eszk\u00f6z 2022. augusztus 6-\u00e1n 39 \u00b0C-ot m\u00e9rt. Az \u00e9v b\u00e1rmely szak\u00e1ban eshet es\u0151, de az \u0151sz \u00e9s a tavasz a legnagyobb csapad\u00e9kmennyis\u00e9ggel rendelkezik: okt\u00f3ber \u00e9s november egyar\u00e1nt k\u00f6r\u00fclbel\u00fcl 115 mm csapad\u00e9kot produk\u00e1l, m\u00edg a j\u00falius a legsz\u00e1razabb, k\u00f6r\u00fclbel\u00fcl 35 mm-rel. A h\u00f3 szinte ismeretlen a keskeny v\u00e1rosi utc\u00e1kon, tal\u00e1n minden t\u00e9len egyszer jelenik meg, maga a tenger m\u00e9gis \u00e1lland\u00f3 \u00e9vszakos ritmust k\u00f6vet \u2013 a febru\u00e1ri 10 \u00b0C-t\u00f3l a ny\u00e1r k\u00f6zep\u00e9n ak\u00e1r 25 \u00b0C-ig is melegszik, \u00e9s id\u0151nk\u00e9nt 29 \u00b0C-ig is emelkedik.<\/p>\n<p>Zadar lakoss\u00e1ga 25 km\u00b2-en ter\u00fcl el a f\u00e9lszigeten \u00e9s a m\u00f6g\u00f6tte elter\u00fcl\u0151 dombokon. 2011-ben valamivel t\u00f6bb mint hetven\u00f6tezer ember \u00e9lt a v\u00e1rosban, ezzel Dalm\u00e1cia m\u00e1sodik \u00e9s Horv\u00e1torsz\u00e1g \u00f6t\u00f6dik legnagyobb k\u00f6zpontja. Egy \u00e9vtizeddel k\u00e9s\u0151bb, a 2021-es n\u00e9psz\u00e1ml\u00e1l\u00e1s 70 779 lakost sz\u00e1ml\u00e1lt, akiknek k\u00f6zel 95 sz\u00e1zal\u00e9ka horv\u00e1tnak, nagyj\u00e1b\u00f3l 2 sz\u00e1zal\u00e9ka pedig szerbnek vallotta mag\u00e1t. Az egykor \u00e9l\u00e9nk dalm\u00e1t olasz k\u00f6z\u00f6ss\u00e9g, amely 1910 k\u00f6r\u00fcl t\u00f6bb mint kilencezer f\u0151t sz\u00e1ml\u00e1lt, a m\u00e1sodik vil\u00e1gh\u00e1bor\u00fa alatt \u00e9s ut\u00e1n megcsappant, \u00e9s ma kevesebb mint sz\u00e1z lakosa van.<\/p>\n<p>Ezek az adatok Zadar politikai \u00e9s kultur\u00e1lis hovatartoz\u00e1s\u00e1nak \u00edv\u00e9t k\u00f6vetik nyomon. A v\u00e1ros \u00e9vsz\u00e1zadokon \u00e1t Velence Dalm\u00e1cia f\u0151v\u00e1rosa volt, utc\u00e1i az olaszos kifinomults\u00e1got \u00e9s a szl\u00e1v hagyom\u00e1nyokat egyar\u00e1nt t\u00fckr\u00f6zt\u00e9k. A tizen\u00f6t\u00f6dik \u00e9s tizenhetedik sz\u00e1zadban fest\u0151ket, szobr\u00e1szokat \u00e9s \u00e9p\u00edt\u00e9szeket \u2013 k\u00f6zt\u00fck Giorgio da Sebenic\u00f3t \u00e9s Francesco Lauran\u00e1t \u2013 nevelt ki, \u00e9s a horv\u00e1t irodalmi t\u00f6rekv\u00e9sek k\u00f6zpontj\u00e1v\u00e1 v\u00e1lt. Petar Zorani\u0107 \u00edrta a Planine c\u00edm\u0171 reg\u00e9nyt, a nemzet els\u0151 reg\u00e9ny\u00e9t, Jerolim Vidoli\u0107, Brne Karnaruti\u0107 \u00e9s Juraj Barakovi\u0107 pedig hozz\u00e1j\u00e1rultak a helyi nyelv\u0171 elbesz\u00e9l\u00e9sek gy\u0171jtem\u00e9ny\u00e9hez. A francia uralom alatt, 1806 \u00e9s 1810 k\u00f6z\u00f6tt Zadar nyomd\u00e1ja kiadta az Il Regio Dalmat\u00e1t, egy k\u00e9tnyelv\u0171 \u00fajs\u00e1got, amelyet olaszul \u00e9s horv\u00e1tul nyomtattak \u2013 ez ut\u00f3bbi jelent meg el\u0151sz\u00f6r foly\u00f3irat form\u00e1j\u00e1ban. A tizenkilencedik sz\u00e1zad v\u00e9g\u00e9n zajl\u00f3 nemzeti \u00fajj\u00e1\u00e9led\u00e9sek tov\u00e1bb er\u0151s\u00edtett\u00e9k a v\u00e1ros kett\u0151s \u00f6r\u00f6ks\u00e9g\u00e9t.<\/p>\n<p>A kultur\u00e1lis \u00e9let tov\u00e1bbra is pezsg\u0151. A Horv\u00e1t Sz\u00ednh\u00e1z egy neoklasszicista csarnokban tal\u00e1lhat\u00f3 a v\u00e1ros sz\u00e9l\u00e9n. A Nemzeti M\u00fazeum \u00e9s az 1830-ban alap\u00edtott R\u00e9g\u00e9szeti M\u00fazeum az \u0151skort\u00f3l a renesz\u00e1nszig mutatja be a m\u0171t\u00e1rgyakat, m\u00edg az \u00d3kori \u00dcvegm\u00fazeum a helyi csiszol\u00e1si \u00e9s f\u00fav\u00e1si technik\u00e1kat k\u00f6veti nyomon. A szakr\u00e1lis m\u0171v\u00e9szet \u00e1lland\u00f3 ki\u00e1ll\u00edt\u00e1sa, a \u201eZadar aranya \u00e9s ez\u00fcstje\u201d, egyh\u00e1zi f\u00e9mm\u0171vess\u00e9geket \u00e9s ereklyetart\u00f3kat mutat be egykori templom falai k\u00f6z\u00f6tt. A zene is fennmaradt: az 1885-ben alap\u00edtott Zorani\u0107 Horv\u00e1t \u00c9nekl\u0151 Zenei T\u00e1rsas\u00e1g folytatja k\u00f3rushagyom\u00e1ny\u00e1t, \u00e9s minden ny\u00e1ron az 1961-ben kezd\u0151d\u00f6tt \u201eZenei est\u00e9k Szent Don\u00e1tn\u00e1l\u201d nyugodt rezonanci\u00e1i keverednek az adriai szell\u0151vel. 1997 \u00f3ta egy nemzetk\u00f6zi k\u00f3rusverseny k\u00fclf\u00f6ldi hangokat hoz \u00f6ssze, hogy Zadar k\u00f6z\u00e9pkori bolt\u00edvei alatt \u00e9nekeljenek.<\/p>\n<p>Az 1807-ben f\u00e9lbeszakadt tudom\u00e1nyos \u00e9let 2002-ben \u00fajj\u00e1\u00e9ledt a Zadari Egyetem \u00fajj\u00e1alap\u00edt\u00e1s\u00e1val, amelynek k\u00f6z\u00e9pkori el\u0151dje 1396-ra ny\u00falik vissza. K\u00f6nyvt\u00e1rai a v\u00e1rosi lev\u00e9lt\u00e1rat tartj\u00e1k fenn, m\u00edg a karok a v\u00e1ros \u00c9szak-Dalm\u00e1cia oktat\u00e1si, ipari \u00e9s k\u00f6zleked\u00e9si k\u00f6zpontjak\u00e9nt bet\u00f6lt\u00f6tt szerep\u00e9re \u00e9p\u00edtenek. K\u00f6zigazgat\u00e1silag Zadar megye \u00e9s a t\u00e1gabb r\u00e9gi\u00f3 sz\u00e9khelye, a kereskedelem \u00e9s a korm\u00e1nyz\u00e1s k\u00f6zpontja.<\/p>\n<p>A k\u00f6zleked\u00e9si kapcsolatok t\u00fckr\u00f6zik a v\u00e1ros szerep\u00e9t, mint v\u00e9g\u00e1llom\u00e1s \u00e9s egyben \u00e1tj\u00e1r\u00f3 is. Az adriai tengerparti aut\u00f3p\u00e1lya Zadaron halad kereszt\u00fcl, Splitet d\u00e9len Rijek\u00e1val \u00e9s Z\u00e1gr\u00e1bbal k\u00f6ti \u00f6ssze belf\u00f6ldi \u00fatvonalakon kereszt\u00fcl; k\u00e9t csom\u00f3pont \u2013 a Zadar 1 \u00e9s a Zadar 2 \u2013 hozz\u00e1f\u00e9r\u00e9st biztos\u00edt a v\u00e1rosi h\u00e1l\u00f3zathoz, m\u00edg a D424-es gyorsforgalmi \u00fat Ga\u017eenica kik\u00f6t\u0151j\u00e9be vezet. Sz\u00e1razf\u00f6ld\u00f6n az aut\u00f3buszok biztos\u00edtj\u00e1k az egyetlen t\u00f6megk\u00f6zleked\u00e9si szolg\u00e1ltat\u00e1st, a f\u0151p\u00e1lyaudvaron v\u00e1rosok k\u00f6z\u00f6tti buszok, a Liburnija v\u00e1llalat pedig el\u0151v\u00e1rosi j\u00e1ratokat \u00fczemeltet. A vas\u00fat, amely egykor Zadart Kninnel \u00e9s azon t\u00fal k\u00f6t\u00f6tte \u00f6ssze, 2020-ra megsz\u00fcntette a szem\u00e9lysz\u00e1ll\u00edt\u00e1st, \u00edgy Eur\u00f3pa egyik legnagyobb v\u00e1rosa lett, amelynek nincs k\u00f6zvetlen vas\u00fati kapcsolata. A tengerr\u0151l naponta indulnak aut\u00f3kompok az olaszorsz\u00e1gi Ancon\u00e1ba, a helyi katamar\u00e1nok \u00e9s kompok pedig a szigetcsoport szigeteit szolg\u00e1lj\u00e1k ki. A Zemunik rep\u00fcl\u0151t\u00e9ren a fapados l\u00e9git\u00e1rsas\u00e1gok b\u0151v\u00edtik a ny\u00e1ri menetrendet, ami az \u00e1tlagos \u00e9ves forgalomn\u00f6veked\u00e9st k\u00f6r\u00fclbel\u00fcl 30 sz\u00e1zal\u00e9kkal n\u00f6veli.<\/p>\n<p>A turizmus azonban tov\u00e1bbra is Zadar modern \u00e9let\u00e9nek k\u00f6z\u00e9ppontj\u00e1ban \u00e1ll. A l\u00e1togat\u00f3kat nemcsak a soksz\u00edn\u0171 \u00f6r\u00f6ks\u00e9g vonzza, hanem a v\u00e1ros befogad\u00f3k\u00e9pess\u00e9ge is. Ga\u017eenica kik\u00f6t\u0151je ro-ro-haj\u00f3helyeket k\u00edn\u00e1l mag\u00e1njachtok sz\u00e1m\u00e1ra; az \u00f3v\u00e1ros kanyarg\u00f3s sik\u00e1torokban bontakozik ki, ahol k\u00e1v\u00e9z\u00f3k pr\u00e9sel\u0151dnek a templomfalakhoz; kort\u00e1rs szobrok, filmek \u00e9s ki\u00e1ll\u00edt\u00e1sok \u00e9l\u00e9nk\u00edtik a k\u00f6ztereket. Brit \u00fajs\u00e1gok is felfigyeltek erre az \u00e9leter\u0151re \u2013 a Times Zadart az \u201eAdria sz\u00f3rakoztat\u00f3 k\u00f6zpontj\u00e1nak\u201d nevezte, m\u00edg a The Guardian 2017-ben \u201eHorv\u00e1torsz\u00e1g \u00faj men\u0151 f\u0151v\u00e1ros\u00e1nak\u201d keresztelte \u2013, m\u00e9gis ezek a jelz\u0151k csak utalnak a v\u00e1ros val\u00f3di term\u00e9szet\u00e9re. Hajnali f\u00e9nyben a tengerparti l\u00e9pcs\u0151k, amelyek az orgona k\u00eds\u00e9rteties hangjait adj\u00e1k otthont, id\u0151tlennek t\u0171nnek. Naplement\u00e9re a csilingel\u0151 harm\u00f3ni\u00e1k keverednek a sir\u00e1lyok csilingel\u00e9s\u00e9vel, \u00e9s a l\u00e1togat\u00f3k meg\u00e1llnak, hogy elkapj\u00e1k az \u00e9vsz\u00e1zados k\u00f6v\u00f6n \u00e1thalad\u00f3 f\u00e9nyt.<\/p>\n<p>Ilyen pillanatokban Zadar nem statikus m\u00fazeumk\u00e9nt, hanem olyan helyk\u00e9nt mutatkozik meg, ahol a t\u00f6rt\u00e9nelem, az \u00e9ghajlat \u00e9s a kult\u00fara \u00e1lland\u00f3 p\u00e1rbesz\u00e9dben \u00e1ll egym\u00e1ssal. Minden templomkapu, minden falszakasz a v\u00e1ltoz\u00f3 uralmak alatti t\u00fal\u00e9l\u00e9sr\u0151l tan\u00faskodik. Lak\u00f3i ismer\u0151s \u00fatvonalakat j\u00e1rnak be a kik\u00f6t\u0151t\u0151l a t\u00e9rig, a hegyfokparkt\u00f3l a magas\u00edtott s\u00e1ncig, tov\u00e1bbvive a mindennapi \u00e9let ritmus\u00e1t egy birodalom \u00e9s tenger \u00e1ltal form\u00e1lt v\u00e1rosban. Itt, Horv\u00e1torsz\u00e1g legr\u00e9gebbi sz\u00ednpad\u00e1n az emberi telep\u00fcl\u00e9s megszak\u00edtatlan sz\u00e1la tov\u00e1bbra is fennmarad, nem t\u00e1rgyk\u00e9nt, hanem egy folyamatban l\u00e9v\u0151 t\u00f6rt\u00e9netk\u00e9nt \u2013 amelyben a jelen a maga idej\u00e9ben a m\u00faltt\u00e1 v\u00e1lik, amelyet az ut\u00e1na k\u00f6vetkez\u0151k \u00fajra\u00e9rtelmeznek.<\/p>","protected":false},"excerpt":{"rendered":"<p>Zadar, Horv\u00e1torsz\u00e1g legr\u00e9gebbi, folyamatosan lakott v\u00e1rosa, az Adriai-tenger ment\u00e9n fekv\u0151 Ravni Kotari r\u00e9gi\u00f3 \u00e9szaknyugati r\u00e9sz\u00e9n fekszik. 2011-ben 75 082 lakos\u00e1val Zadar Horv\u00e1torsz\u00e1g \u00f6t\u00f6dik \u00e9s Dalm\u00e1cia m\u00e1sodik legnagyobb v\u00e1rosa. Ez a 25 n\u00e9gyzetkilom\u00e9teres (9,7 n\u00e9gyzetm\u00e9rf\u00f6ldes) nagyv\u00e1rosi csom\u00f3pont a t\u00f6rt\u00e9nelmi \u00f6r\u00f6ks\u00e9g \u00e9s a modern jelent\u0151s\u00e9g\u0171 kever\u00e9ket t\u00fckr\u00f6zi Zadar megye \u00e9s az \u00e9szak-dalm\u00e1ciai ter\u00fclet k\u00f6zigazgat\u00e1si k\u00f6zpontjak\u00e9nt.<\/p>","protected":false},"author":1,"featured_media":2861,"parent":14435,"menu_order":0,"comment_status":"closed","ping_status":"closed","template":"elementor_theme","meta":{"_eb_attr":"","footnotes":""},"class_list":["post-14441","page","type-page","status-publish","has-post-thumbnail"],"_links":{"self":[{"href":"https:\/\/travelshelper.com\/hu\/wp-json\/wp\/v2\/pages\/14441","targetHints":{"allow":["GET"]}}],"collection":[{"href":"https:\/\/travelshelper.com\/hu\/wp-json\/wp\/v2\/pages"}],"about":[{"href":"https:\/\/travelshelper.com\/hu\/wp-json\/wp\/v2\/types\/page"}],"author":[{"embeddable":true,"href":"https:\/\/travelshelper.com\/hu\/wp-json\/wp\/v2\/users\/1"}],"replies":[{"embeddable":true,"href":"https:\/\/travelshelper.com\/hu\/wp-json\/wp\/v2\/comments?post=14441"}],"version-history":[{"count":0,"href":"https:\/\/travelshelper.com\/hu\/wp-json\/wp\/v2\/pages\/14441\/revisions"}],"up":[{"embeddable":true,"href":"https:\/\/travelshelper.com\/hu\/wp-json\/wp\/v2\/pages\/14435"}],"wp:featuredmedia":[{"embeddable":true,"href":"https:\/\/travelshelper.com\/hu\/wp-json\/wp\/v2\/media\/2861"}],"wp:attachment":[{"href":"https:\/\/travelshelper.com\/hu\/wp-json\/wp\/v2\/media?parent=14441"}],"curies":[{"name":"wp","href":"https:\/\/api.w.org\/{rel}","templated":true}]}}