{"id":14435,"date":"2024-09-19T14:14:16","date_gmt":"2024-09-19T14:14:16","guid":{"rendered":"https:\/\/travelshelper.com\/staging\/?page_id=14435"},"modified":"2026-03-11T22:48:07","modified_gmt":"2026-03-11T22:48:07","slug":"horvatorszag","status":"publish","type":"page","link":"https:\/\/travelshelper.com\/hu\/destinations\/europe\/croatia\/","title":{"rendered":"Horv\u00e1torsz\u00e1g"},"content":{"rendered":"<p>Horv\u00e1torsz\u00e1g K\u00f6z\u00e9p- \u00e9s D\u00e9lkelet-Eur\u00f3pa tal\u00e1lkoz\u00e1s\u00e1n\u00e1l fekszik, szaggatott partvonala t\u00f6bb mint 1700 kilom\u00e9ter hosszan h\u00faz\u00f3dik az Adriai-tengeren. Hat\u00e1rain bel\u00fcl \u2013 56 594 n\u00e9gyzetkilom\u00e9ter sz\u00e1razf\u00f6ld \u00e9s 128 n\u00e9gyzetkilom\u00e9ter belv\u00edz \u2013 ez a k\u00f6zt\u00e1rsas\u00e1g figyelemre m\u00e9lt\u00f3 domborzati \u00e9s kultur\u00e1lis soksz\u00edn\u0171s\u00e9get \u00f6lel fel. \u00c9szaknyugaton Szlov\u00e9nia egy lank\u00e1s hat\u00e1ron ter\u00fcl el; \u00e9szakkeleten Magyarorsz\u00e1g s\u00edks\u00e1ga; keleten Szerbia; \u00e9s d\u00e9lebbre Bosznia-Hercegovina \u00e9s Montenegr\u00f3. Nyugaton, egy keskeny tengers\u00e1von \u00e1t Olaszorsz\u00e1g fekszik. A t\u00e1voli d\u00e9len, Dubrovnik k\u00f6rny\u00e9k\u00e9n a Pelje\u0161ac-h\u00edd \u00edvel \u00e1t a csatorn\u00e1n, amely egykor elv\u00e1lasztotta a tengerparti exkl\u00e1v\u00e9t a sz\u00e1razf\u00f6ldt\u0151l. Horv\u00e1torsz\u00e1g bels\u0151leg Z\u00e1gr\u00e1bra \u00e9s h\u00fasz megy\u00e9re oszlik, Z\u00e1gr\u00e1b \u2013 f\u0151v\u00e1rosa \u00e9s legnagyobb v\u00e1rosa \u2013 egyben v\u00e1rosi k\u00f6zpontk\u00e9nt \u00e9s \u00f6n\u00e1ll\u00f3 k\u00f6zigazgat\u00e1si egys\u00e9gk\u00e9nt is funkcion\u00e1l. Tov\u00e1bbi jelent\u0151s v\u00e1rosi k\u00f6zpontok k\u00f6z\u00e9 tartozik Split, Fiume \u00e9s Esz\u00e9k, amelyek mindegyike a t\u00f6rt\u00e9nelem \u00e9s a gazdas\u00e1g k\u00fcl\u00f6n\u00e1ll\u00f3 r\u00e9gi\u00f3inak ad otthont. K\u00f6zel 3,9 milli\u00f3 ember \u00e9l a Horv\u00e1t Zagorje lank\u00e1s dombjai, Szlav\u00f3nia term\u00e9keny s\u00edks\u00e1gai, a Din\u00e1ri-Alpok m\u00e9szk\u0151 magaslatai \u00e9s az Adriai-tenger partj\u00e1t tark\u00edt\u00f3 sz\u00e1mtalan sziget k\u00f6z\u00f6tt.<\/p>\n<p>A horv\u00e1t \u00e1llamforma eredete a hatodik sz\u00e1zad v\u00e9g\u00e9re ny\u00falik vissza, amikor szl\u00e1v t\u00f6rzsek \u2013 k\u00e9s\u0151bb horv\u00e1tokk\u00e9nt ismertek \u2013 letelepedtek R\u00f3ma Ill\u00edri\u00e1ban. A hetedik sz\u00e1zadra k\u00e9t hercegs\u00e9get hoztak l\u00e9tre a dalm\u00e1t tengerparton. 879-ben Branimir herceg hivatalosan is elismerte Horv\u00e1torsz\u00e1g f\u00fcggetlens\u00e9g\u00e9t, \u00e9s olyan k\u00f6tel\u00e9keket k\u00f6t\u00f6tt a p\u00e1pas\u00e1ggal, amelyek politikai v\u00e9delmet ny\u00fajtottak. Tomiszl\u00e1v kir\u00e1ly uralkod\u00e1sa alatt, akit 925-ben koron\u00e1ztak meg, Horv\u00e1torsz\u00e1g kir\u00e1lys\u00e1gg\u00e1 v\u00e1lt, megszil\u00e1rd\u00edtva hatalm\u00e1t a tengerpart \u00e9s a h\u00e1torsz\u00e1g felett. A Trpimirovi\u0107-h\u00e1z v\u00e9g\u00e9n kialakult dinasztikus v\u00e1ls\u00e1g 1102-ben perszon\u00e1luni\u00f3hoz vezetett Magyarorsz\u00e1ggal, de az azt k\u00f6vet\u0151 \u00e9vsz\u00e1zadokban Horv\u00e1torsz\u00e1g nemess\u00e9ge m\u00e9g a Habsburg-uralom alatt is meg\u0151rizte saj\u00e1t jogi \u00e9s k\u00f6zigazgat\u00e1si hagyom\u00e1nyait. Az 1527-es oszm\u00e1n bet\u00f6r\u00e9sekkel szembes\u00fclve a horv\u00e1t parlament ism\u00e9t a Habsburgokhoz fordult, \u00e9s I. Ferdin\u00e1ndot v\u00e1lasztotta tr\u00f3nra.<\/p>\n<p>A huszadik sz\u00e1zad z\u0171rzavart \u00e9s \u00e1talakul\u00e1st hozott. 1918 okt\u00f3ber\u00e9ben a Szlov\u00e9n, Horv\u00e1t \u00e9s Szerb \u00c1llam f\u00fcggetlennek nyilv\u00e1n\u00edtotta mag\u00e1t a sz\u00e9tes\u0151ben l\u00e9v\u0151 Osztr\u00e1k\u2013Magyar Monarchi\u00e1t\u00f3l, majd k\u00e9t h\u00f3nappal k\u00e9s\u0151bb csatlakozott a Szerb, Horv\u00e1t \u00e9s Szlov\u00e9n Kir\u00e1lys\u00e1ghoz. A tengelyhatalmak 1941-es jugoszl\u00e1viai inv\u00e1zi\u00f3ja ut\u00e1n a modern Horv\u00e1torsz\u00e1g nagy r\u00e9sze megalak\u00edtotta a b\u00e1b\u00e1llamk\u00e9nt m\u0171k\u00f6d\u0151 Horv\u00e1t F\u00fcggetlen \u00c1llamot. A kommunist\u00e1k vezette ellen\u00e1ll\u00e1s v\u00e9g\u00fcl gy\u0151zedelmeskedett, \u00e9s a Horv\u00e1t Szocialista K\u00f6zt\u00e1rsas\u00e1g a Jugoszl\u00e1v Szocialista Sz\u00f6vets\u00e9gi K\u00f6zt\u00e1rsas\u00e1g sz\u00f6vets\u00e9gi alkot\u00f3eleme lett. 1991. j\u00fanius 25-\u00e9n Horv\u00e1torsz\u00e1g kiki\u00e1ltotta szuverenit\u00e1s\u00e1t. N\u00e9gy \u00e9vig tart\u00f3 konfliktus k\u00f6vetkezett, amely csak 1995-re \u00e9rt v\u00e9get a ter\u00fcleti integrit\u00e1s helyre\u00e1ll\u00edt\u00e1s\u00e1val \u00e9s a kitelep\u00edtett lakoss\u00e1g reintegr\u00e1ci\u00f3j\u00e1val.<\/p>\n<p>Horv\u00e1torsz\u00e1g ma demokratikus k\u00f6zt\u00e1rsas\u00e1gk\u00e9nt m\u0171k\u00f6dik parlament\u00e1ris rendszerrel. Teljes m\u00e9rt\u00e9kben r\u00e9szt vesz az eur\u00f3pai \u00e9s nemzetk\u00f6zi int\u00e9zm\u00e9nyekben: az Eur\u00f3pai Uni\u00f3ban \u00e9s annak eur\u00f3\u00f6vezet\u00e9ben \u00e9s schengeni \u00f6vezet\u00e9ben; a NATO-ban; az Egyes\u00fclt Nemzetek Szervezet\u00e9ben; az Eur\u00f3pa Tan\u00e1csban; az EBESZ-ben; a Kereskedelmi Vil\u00e1gszervezetben; \u00e9s az Uni\u00f3 a Mediterr\u00e1n T\u00e9rs\u00e9g\u00e9rt. OECD-tagjel\u00f6ltk\u00e9nt csapatokat k\u00fcld\u00f6tt az ENSZ b\u00e9kefenntart\u00f3 misszi\u00f3ihoz, \u00e9s egykor nem \u00e1lland\u00f3 helyet t\u00f6lt\u00f6tt be az ENSZ Biztons\u00e1gi Tan\u00e1cs\u00e1ban.<\/p>\n<p>Gazdas\u00e1gilag Horv\u00e1torsz\u00e1g a magas j\u00f6vedelm\u0171 fejlett orsz\u00e1gok k\u00f6z\u00e9 tartozik. Nomin\u00e1lis GDP-je v\u00e1rhat\u00f3an el\u00e9ri a 88 milli\u00e1rd USD-t 2024-ben, ami k\u00f6r\u00fclbel\u00fcl 22 966 USD\/f\u0151, m\u00edg a v\u00e1s\u00e1rl\u00f3er\u0151-parit\u00e1son sz\u00e1m\u00edtott GDP megk\u00f6zel\u00edti a 175 milli\u00e1rd USD-t, ami fejenk\u00e9nt 45 702 USD. A re\u00e1ln\u00f6veked\u00e9s 2023-ban 2,8 sz\u00e1zal\u00e9k volt, az egy f\u0151re jut\u00f3 GDP pedig az uni\u00f3s \u00e1tlag nagyj\u00e1b\u00f3l 76 sz\u00e1zal\u00e9ka. A szolg\u00e1ltat\u00e1si szektor a gazdas\u00e1gi termel\u00e9s mintegy 70 sz\u00e1zal\u00e9k\u00e1t, az ipar k\u00f6r\u00fclbel\u00fcl 26 sz\u00e1zal\u00e9k\u00e1t, a mez\u0151gazdas\u00e1g pedig 4 sz\u00e1zal\u00e9k alatti ar\u00e1nyt tesz ki. A haj\u00f3gy\u00e1rt\u00e1s, az \u00e9lelmiszer-feldolgoz\u00e1s, a gy\u00f3gyszeripar, az informatika \u00e9s a faipar az ipari pill\u00e9rek k\u00f6z\u00e9 tartozik. A turizmus tov\u00e1bbra is k\u00fcl\u00f6n\u00f6sen fontos, 2019-ben k\u00f6zel 10,5 milli\u00e1rd eur\u00f3t termelt, \u00e9s a vil\u00e1gj\u00e1rv\u00e1ny el\u0151tt k\u00f6zel 20 milli\u00f3 l\u00e1togat\u00f3t vonzott. A dalm\u00e1t partvid\u00e9k ment\u00e9n tal\u00e1lhat\u00f3 tengerparti \u00fcd\u00fcl\u0151helyek \u00e9s kultur\u00e1lis fesztiv\u00e1lok, a bels\u0151 ter\u00fcletek agroturizmusa \u00e9s Z\u00e1gr\u00e1b v\u00e1rosi l\u00e1tv\u00e1nyoss\u00e1gai mind hozz\u00e1j\u00e1rulnak vonzerej\u00e9hez. A korm\u00e1ny a 2000-es \u00e9vek eleje \u00f3ta jelent\u0151s \u00f6sszegeket fektetett be n\u00e9gy p\u00e1neur\u00f3pai folyos\u00f3 ment\u00e9n h\u00faz\u00f3d\u00f3 utakba \u00e9s vasutakba, valamint egy Krk-sziget k\u00f6zel\u00e9ben tal\u00e1lhat\u00f3 tengeri cseppfoly\u00f3s\u00edtott f\u00f6ldg\u00e1zimport-termin\u00e1lba, az LNG Hrvatsk\u00e1ba.<\/p>\n<p>F\u00f6ldrajzilag Horv\u00e1torsz\u00e1g profilja leny\u0171g\u00f6z\u0151. A magaslatok eg\u00e9szen a Dinara cs\u00facs\u00e1ig, 1831 m\u00e9terrel a tengerszint felett, eg\u00e9szen az adriai partvonalig terjednek. A sz\u00e1razf\u00f6ld belsej\u00e9ben a Pannon-medence s\u00edk s\u00edks\u00e1gokat \u00e9s foly\u00f3v\u00f6lgyeket hoz l\u00e9tre \u2013 a Duna \u00e9s a Dr\u00e1va biztos\u00edtja a k\u00f6zleked\u00e9st \u00e9s az \u00f6nt\u00f6z\u00e9st \u2013, m\u00edg a Din\u00e1ri-Alpok \u00e9s a karsztfenns\u00edkok vadreg\u00e9nyes gerincet alkotnak. T\u00f6bb mint ezer sziget \u00e9s szigetecske, amelyek k\u00f6z\u00fcl 48 \u00e1lland\u00f3an lakott, sz\u00e9tsz\u00f3rva tal\u00e1lhat\u00f3 a part ment\u00e9n; Cres \u00e9s Krk egyenk\u00e9nt k\u00f6r\u00fclbel\u00fcl 405 n\u00e9gyzetkilom\u00e9tert foglal el. Karsztv\u00edznyel\u0151k, f\u00f6ldalatti foly\u00f3k \u00e9s t\u00f6bb mint ezer m\u00e9ter m\u00e9ly barlangok tan\u00faskodnak a r\u00e9gi\u00f3 m\u00e9szk\u0151 alapjair\u00f3l. Legh\u00edresebb term\u00e9szeti csod\u00e1i k\u00f6z\u00e9 tartoznak a Plitvicei-tavak, ahol tizenhat tufag\u00e1ttal fedett t\u00f3 sorozata zuhog az erd\u0151k k\u00f6z\u00f6tt, viz\u00fck \u00e1rnyalatai az\u00fark\u00e9kt\u0151l a mentaz\u00f6ldig v\u00e1ltoznak.<\/p>\n<p>Az \u00e9ghajlat jelent\u0151sen v\u00e1ltozik. Horv\u00e1torsz\u00e1g kontinent\u00e1lis r\u00e9sz\u00e9n hideg a t\u00e9l, a janu\u00e1ri \u00e1tlagh\u0151m\u00e9rs\u00e9klet \u20133 \u00b0C k\u00f6r\u00fcl alakul, a j\u00faliusi meleg ny\u00e1r pedig k\u00f6zel 18 \u00b0C. Lik\u00e1ban \u00e9s Gorski Kotarban, 1200 m\u00e9ter feletti magass\u00e1gban, jelent\u0151s havaz\u00e1s tapasztalhat\u00f3. Az Adriai-tenger ment\u00e9n a F\u00f6ldk\u00f6zi-tenger hat\u00e1sa m\u00e9rs\u00e9kli a sz\u00e9ls\u0151s\u00e9geket: a nyarak forr\u00f3k \u00e9s sz\u00e1razak, a telek enyh\u00e9k \u00e9s nedvesek. A csapad\u00e9kmennyis\u00e9g a keleti s\u00edks\u00e1gokon hull\u00f3 \u00e9vi 600 millim\u00e9tert\u0151l a Din\u00e1ri-cs\u00facsokon t\u00f6bb mint 3500 millim\u00e9terig terjed. A legnaposabb helyek a k\u00fcls\u0151 szigetek \u2013 Hvar \u00e9s Kor\u010dula \u2013, ahol \u00e9vente t\u00f6bb mint 2700 naps\u00fct\u00e9ses \u00f3ra van. A szelek k\u00f6z\u00e9 tartozik az \u00e9szakkeleti sz\u00e1raz, szeles b\u00f3ra \u00e9s a d\u00e9li p\u00e1r\u00e1s jugo.<\/p>\n<p>Horv\u00e1torsz\u00e1g infrastrukt\u00far\u00e1ja az ezredfordul\u00f3 \u00f3ta gyorsan b\u0151v\u00fclt. 2020 december\u00e9re az aut\u00f3p\u00e1lya-h\u00e1l\u00f3zat t\u00f6bb mint 1300 kilom\u00e9ter hossz\u00fa volt, \u00f6sszek\u00f6tve a nagyobb v\u00e1rosokat az A1-es \u00faton Z\u00e1gr\u00e1bb\u00f3l Splitbe \u00e9s az A3-as \u00faton Szlav\u00f3ni\u00e1n kereszt\u00fcl. \u00c1llami utak h\u00e1l\u00f3zz\u00e1k be ezt a h\u00e1l\u00f3zatot, \u00e9s az EuroTAP, valamint az EuroTest elismerte a magas biztons\u00e1gi szabv\u00e1nyokat. A vas\u00fatvonalak hossza mintegy 2600 kilom\u00e9ter, amelyb\u0151l k\u00f6zel 1000 kilom\u00e9ter villamos\u00edtott. A 2024-es jelent\u0151s beruh\u00e1z\u00e1sok \u2013 amelyek k\u00f6z\u00fcl a legjelent\u0151sebb egy 400 milli\u00f3 eur\u00f3s Eur\u00f3pai Beruh\u00e1z\u00e1si Banki hitel \u2013 a s\u00ednek korszer\u0171s\u00edt\u00e9s\u00e9re \u00e9s hat elektro-d\u00edzel motorvonat beszerz\u00e9s\u00e9re ir\u00e1nyulnak a Split \u00e9s Z\u00e1gr\u00e1b k\u00f6z\u00f6tti szolg\u00e1ltat\u00e1s jav\u00edt\u00e1sa \u00e9rdek\u00e9ben. A 2022 j\u00falius\u00e1ban megny\u00edlt 2,4 kilom\u00e9ter hossz\u00fa Pelje\u0161ac-h\u00edd most \u00f6sszek\u00f6ti a d\u00e9li exkl\u00e1v\u00e9t a sz\u00e1razf\u00f6lddel, t\u00f6bb mint 32 kilom\u00e9terrel ler\u00f6vid\u00edtve a Kor\u010dula \u00e9s Lastovo fel\u00e9 vezet\u0151 \u00fatvonalakat.<\/p>\n<p>H\u00e9t nemzetk\u00f6zi rep\u00fcl\u0151t\u00e9rb\u0151l \u00e1ll\u00f3 h\u00e1l\u00f3zat szolg\u00e1lja ki a belf\u00f6ldi \u00e9s k\u00fclf\u00f6ldi utasokat. A z\u00e1gr\u00e1bi Franjo Tu\u0111man rep\u00fcl\u0151t\u00e9r a legnagyobb, m\u00edg Split, Dubrovnik, Zadar, Pula, Rijeka \u00e9s Esz\u00e9k szezon\u00e1lis \u00e9s region\u00e1lis forgalmat bonyol\u00edt le. 2024 k\u00f6zep\u00e9t\u0151l a Croatia Airlines megkezdte az Airbus A220-300 rep\u00fcl\u0151g\u00e9pek integr\u00e1l\u00e1s\u00e1t, amivel 25 sz\u00e1zal\u00e9kos \u00fczemanyag-cs\u00f6kkent\u00e9st \u00e9s kibocs\u00e1t\u00e1scs\u00f6kkent\u00e9st prognosztiz\u00e1l. A l\u00e9git\u00e1rsas\u00e1g b\u0151v\u00edtette \u00fatvonalait is, k\u00f6zvetlen j\u00e1ratokat ind\u00edtva Z\u00e1gr\u00e1b \u00e9s olyan v\u00e1rosok k\u00f6z\u00f6tt, mint Tirana, Berlin, Stockholm \u00e9s Hamburg.<\/p>\n<p>A tengeri k\u00f6zleked\u00e9s tov\u00e1bbra is n\u00e9lk\u00fcl\u00f6zhetetlen. A rijekai kik\u00f6t\u0151 kezeli a legnagyobb \u00e1ruforgalmat, m\u00edg a szem\u00e9lyforgalom Splitben \u00e9s Zadarban a cs\u00facsot \u00e9ri el. A folyami kereskedelem Vukov\u00e1ron kereszt\u00fcl folyik a Dun\u00e1n, \u00f6sszekapcsol\u00f3dva a VII. p\u00e1neur\u00f3pai folyos\u00f3val.<\/p>\n<p>Demogr\u00e1fiailag Horv\u00e1torsz\u00e1g lakoss\u00e1ga k\u00f6r\u00fclbel\u00fcl 3,87 milli\u00f3, ami nagyj\u00e1b\u00f3l 73 lakos\/n\u00e9gyzetkilom\u00e9ter n\u00e9ps\u0171r\u0171s\u00e9get jelent \u2013 \u200b\u200balacsonyabb, mint sok eur\u00f3pai \u00e1llamban. A sz\u00fclet\u00e9skor v\u00e1rhat\u00f3 \u00e9lettartam 2018-ra el\u00e9rte a 76,3 \u00e9vet. A f\u00fcggetlens\u00e9gi h\u00e1bor\u00fa jelent\u0151s m\u00e9rt\u00e9k\u0171 elv\u00e1ndorl\u00e1st eredm\u00e9nyezett: t\u00f6bb mint 400 000 horv\u00e1t menek\u00fclt el vagy \u0171zt\u00e9k el a t\u00falnyom\u00f3r\u00e9szt megsz\u00e1llt ter\u00fcletekr\u0151l, \u00e9s 150 000-200 000 szerb t\u00e1vozott a Vihar hadm\u0171velet el\u0151tt. A k\u00f6vetkez\u0151 \u00e9vekben sz\u00e1mos visszat\u00e9r\u0151, valamint a Bosznia-Hercegovin\u00e1b\u00f3l kitelep\u00edtett horv\u00e1tok leteleped\u00e9se t\u00f6rt\u00e9nt.<\/p>\n<p>Horv\u00e1torsz\u00e1g hivatalosan vil\u00e1gi, \u00e9s garant\u00e1lja a vall\u00e1sszabads\u00e1got. A 2011-es n\u00e9psz\u00e1ml\u00e1l\u00e1s szerint a lakoss\u00e1g t\u00f6bb mint 91 sz\u00e1zal\u00e9k\u00e1t kereszt\u00e9nyek alkotj\u00e1k, t\u00falnyom\u00f3r\u00e9szt r\u00f3mai katolikusok (86 sz\u00e1zal\u00e9k), \u0151ket k\u00f6vetik az ortodox \u00e9s protest\u00e1ns k\u00f6z\u00f6ss\u00e9gek. Az iszl\u00e1m nagyj\u00e1b\u00f3l 1,5 sz\u00e1zal\u00e9kot tesz ki, m\u00edg 4,6 sz\u00e1zal\u00e9k nem vall\u00e1sosnak vallja mag\u00e1t. A rendszeres templomba j\u00e1r\u00e1s azonban 25 sz\u00e1zal\u00e9k alatt marad.<\/p>\n<p>A horv\u00e1t az egyetlen hivatalos nyelv, egy d\u00e9lszl\u00e1v nyelv, amelyet latin bet\u0171s \u00edr\u00e1sm\u00f3ddal \u00edrnak. A kisebbs\u00e9gi nyelvek \u2013 a cseh, a magyar, az olasz, a szerb \u00e9s a szlov\u00e1k \u2013 hivatalos st\u00e1tuszt \u00e9lveznek azokban a telep\u00fcl\u00e9seken, ahol besz\u00e9l\u0151ik sz\u00e1ma meghaladja a helyi lakoss\u00e1g egyharmad\u00e1t; m\u00e1sok, p\u00e9ld\u00e1ul az alb\u00e1n, a bosny\u00e1k \u00e9s a t\u00f6r\u00f6k, szint\u00e9n elismer\u00e9st kapnak. H\u00e1rom f\u0151 dialektus \u2013 a stok\u00e1v\u00e1, a csak\u00e1v\u00e1 \u00e9s a kajk\u00e1vai \u2013 a t\u00f6rt\u00e9nelmi telep\u00fcl\u00e9si mint\u00e1kat t\u00fckr\u00f6zi.<\/p>\n<p>Horv\u00e1torsz\u00e1g kult\u00far\u00e1ja \u00f6tv\u00f6zi a k\u00f6z\u00e9p-eur\u00f3pai, a mediterr\u00e1n, a balk\u00e1ni \u00e9s a biz\u00e1nci hat\u00e1sokat. A Kultur\u00e1lis Miniszt\u00e9rium t\u00edz UNESCO Vil\u00e1g\u00f6r\u00f6ks\u00e9gi helysz\u00ednt \u00e9s tizen\u00f6t szellemi \u00f6r\u00f6ks\u00e9gi elemet v\u00e9d, ezzel a negyedik helyen \u00e1ll a vil\u00e1gon az ilyen jelleg\u0171 megjel\u00f6l\u00e9sekben. A tizenkilencedik sz\u00e1zadi ill\u00edr mozgalom \u00f6r\u00f6ks\u00e9ge tov\u00e1bbra is kulcsfontoss\u00e1g\u00fa, amely az irodalom, a m\u0171v\u00e9szet \u00e9s a tudom\u00e1ny nemzeti renesz\u00e1nsz\u00e1t id\u00e9zte el\u0151. Ma t\u00f6bb mint kilencven hivat\u00e1sos sz\u00ednh\u00e1z, negyven zenekar \u00e9s k\u00f3rus, valamint t\u00f6bb mint k\u00e9tsz\u00e1z m\u00fazeum szolg\u00e1lja ki \u00e9vente a t\u00f6bb milli\u00f3s k\u00f6z\u00f6ns\u00e9get. A k\u00f6nyvt\u00e1rak \u00e9s arch\u00edvumok, mint p\u00e9ld\u00e1ul az 1768 k\u00f6nyvt\u00e1rb\u00f3l \u00e1ll\u00f3 orsz\u00e1gos rendszer, amely 26,8 milli\u00f3 k\u00f6tetet \u0151riz, gazdag \u00edrott hagyom\u00e1nyt \u0151rzik. Horv\u00e1torsz\u00e1g hozz\u00e1j\u00e1rul\u00e1sa a glob\u00e1lis divathoz a tizenhetedik sz\u00e1zadban kezd\u0151d\u00f6tt a nyakkend\u0151vel, a modern nyakkend\u0151 \u0151s\u00e9vel.<\/p>\n<p>A kulin\u00e1ris szok\u00e1sok r\u00e9gi\u00f3nk\u00e9nt elt\u00e9r\u0151ek. A part ment\u00e9n a mediterr\u00e1n \u00edzek domin\u00e1lnak: ol\u00edvaolaj, fokhagyma, tenger gy\u00fcm\u00f6lcsei \u00e9s t\u00e9szta; a bels\u0151 ter\u00fcleteken a k\u00f6z\u00e9p-eur\u00f3pai \u00e9s balk\u00e1ni hat\u00e1sok kiad\u00f3s h\u00fas\u00e9teleket, \u00e9desv\u00edzi halakat \u00e9s z\u00f6lds\u00e9gragukat eredm\u00e9nyeznek. K\u00e9t borvid\u00e9k osztja kett\u00e9 a t\u00e9rk\u00e9pet. Kontinent\u00e1lis Szlav\u00f3ni\u00e1ban a bor\u00e1szatok ropog\u00f3s feh\u00e9rborokat k\u00e9sz\u00edtenek; az Isztriai-f\u00e9lszigeten \u00e9s az \u00e9szaki parton a borok az olasz st\u00edlusra hasonl\u00edtanak; Dalm\u00e1ci\u00e1ban pedig a v\u00f6r\u00f6sborok vir\u00e1goznak a mediterr\u00e1n nap alatt. Az \u00e9ves bortermel\u00e9s meghaladja a 72 milli\u00f3 litert. A s\u00f6rf\u0151z\u00e9si hagyom\u00e1nyok a tizennyolcadik sz\u00e1zad v\u00e9g\u00e9n alakultak ki, \u00edgy a s\u00f6r az orsz\u00e1g leggyakrabban fogyasztott alkoholos itala. Tizenegy \u00e9tterem kapott Michelin-csillagot, tov\u00e1bbi nyolcvannyolcat pedig kulin\u00e1ris kiv\u00e1l\u00f3s\u00e1g\u00e1\u00e9rt ismertek el.<\/p>\n<p>A turizmus form\u00e1lja Horv\u00e1torsz\u00e1g nemzetk\u00f6zi im\u00e1zs\u00e1t. A tengerparti k\u00f6z\u00e9pkori v\u00e1rosok \u2013 k\u00f6zt\u00fck Dubrovnik, Split, \u0160ibenik \u00e9s Zadar \u2013 a k\u00f6z\u00e9pkori \u00e9p\u00edt\u00e9szet \u00e9s a ny\u00e1ri fesztiv\u00e1lok b\u00e1sty\u00e1i. Az els\u0151 \u00fcd\u00fcl\u0151hely, Abb\u00e1zia, a tizenkilencedik sz\u00e1zad k\u00f6zep\u00e9n v\u00e1lt ismertt\u00e9, mint az eur\u00f3pai elit eg\u00e9szs\u00e9g\u00fcgyi k\u00f6zpontja. A kik\u00f6t\u0151k t\u00f6bb mint tizenhatezer jachtot fogadnak be, kiszolg\u00e1lva a szennyezetlen vizek tisztas\u00e1g\u00e1ra \u00e9s a 116 K\u00e9k Z\u00e1szl\u00f3s strandra v\u00e1gy\u00f3 haj\u00f3s l\u00e1togat\u00f3kat. A sz\u00e1razf\u00f6ldi l\u00e1tnival\u00f3k k\u00f6z\u00e9 tartoznak a Plitvicei \u00e9s a Krka Nemzeti Parkok, hegyi f\u00fcrd\u0151k \u00e9s agroturisztikai gazdas\u00e1gok. Z\u00e1gr\u00e1b, osztr\u00e1k-magyar k\u00f6r\u00fatjaival \u00e9s utcai k\u00e1v\u00e9z\u00f3kult\u00far\u00e1j\u00e1val, eg\u00e9sz \u00e9ves vonzerej\u00e9t tekintve vetekszik a tengerparti \u00fati c\u00e9lokkal. Figyelemre m\u00e9lt\u00f3, hogy Horv\u00e1torsz\u00e1g \u00fatt\u00f6r\u0151 szerepet j\u00e1tszott a kereskedelmi naturista \u00fcd\u00fcl\u0151helyek kialak\u00edt\u00e1s\u00e1ban Eur\u00f3p\u00e1ban; az \u00e9ves l\u00e1togat\u00f3k mintegy tizen\u00f6t sz\u00e1zal\u00e9ka \u2013 t\u00f6bb mint egymilli\u00f3 ember \u2013 vesz r\u00e9szt naturizmusban a kijel\u00f6lt \u00e9s inform\u00e1lis \u201eFKK\u201d jelz\u00e9s\u0171 strandokon.<\/p>\n<p>A szabadid\u0151s turizmuson t\u00fal az eg\u00e9szs\u00e9g\u00fcgyi utaz\u00e1sok is r\u00e9spiaci \u00e1gazatt\u00e1 n\u0151tt\u00e9k ki magukat. A z\u00e1gr\u00e1bi, spliti \u00e9s rijekai fog\u00e1szati \u200b\u200bklinik\u00e1k, amelyek \u00f6sszhangban vannak az uni\u00f3s oktat\u00e1si szabv\u00e1nyokkal, a r\u00f6vid t\u00e1v\u00fa kezel\u00e9st ig\u00e9nyl\u0151 \u00fcgyfeleket szolg\u00e1lj\u00e1k ki.<\/p>\n<p>A l\u00e1togat\u00f3knak azt tan\u00e1csolj\u00e1k, hogy vegy\u00e9k figyelembe a biztons\u00e1gi \u00e9s eg\u00e9szs\u00e9g\u00fcgyi szempontokat. A s\u00fcrg\u0151ss\u00e9gi szolg\u00e1latok a 112-es sz\u00e1mon \u00e9rhet\u0151k el, \u00e9s az egy\u00e9neknek t\u00f6rv\u00e9nyileg k\u00f6telez\u0151 igazolv\u00e1nyt magukkal vinni\u00fck. A b\u0171n\u00f6z\u00e9si r\u00e1ta region\u00e1lis \u00f6sszehasonl\u00edt\u00e1sban tov\u00e1bbra is alacsony, \u00e9s a korrupci\u00f3s vagy zsarol\u00e1si esetek ritk\u00e1k. A szabadt\u00e9ri tev\u00e9kenys\u00e9gek szerelmeseinek konzult\u00e1lniuk kell a helyi hat\u00f3s\u00e1gokkal a vid\u00e9ki ter\u00fcleteken fennmaradt aknamez\u0151kr\u0151l \u2013 az 1991\u201395-\u00f6s konfliktus \u00f6r\u00f6ks\u00e9g\u00e9r\u0151l \u2013, de a bura \u00fatvonalakat biztons\u00e1gosnak tekintik. A b\u00f3ra sz\u00e9l, k\u00fcl\u00f6n\u00f6sen a Velebit-hegys\u00e9g ment\u00e9n, meghaladhatja a 200 km\/h sebess\u00e9get; a hat\u00f3s\u00e1gok lez\u00e1rj\u00e1k az utakat, amikor a k\u00f6r\u00fclm\u00e9nyek vesz\u00e9lyess\u00e9 v\u00e1lnak. A turist\u00e1kat nem javasolj\u00e1k a t\u00falzott d\u00edjak felsz\u00e1m\u00edt\u00e1s\u00e1ra hajlamos illeg\u00e1lis sztript\u00edzb\u00e1rok l\u00e1togat\u00e1s\u00e1t\u00f3l. B\u00e1r az LMBT szem\u00e9lyek elleni diszkrimin\u00e1ci\u00f3 lehets\u00e9ges, k\u00fcl\u00f6n\u00f6sen a vid\u00e9ki ter\u00fcleteken, a v\u00e1rosi k\u00f6zpontok \u00e1ltal\u00e1ban elfogad\u00f3bbak. A csapvizet sz\u00e9les k\u00f6rben kiv\u00e9telesen tiszt\u00e1nak tartj\u00e1k, b\u00e1r a l\u00e1togat\u00f3k el\u0151nyben r\u00e9szes\u00edthetik a palackozott m\u00e1rk\u00e1kat, p\u00e9ld\u00e1ul a Jamnic\u00e1t vagy a Jan\u00e1t. A ny\u00e1ri h\u00f3napokban a kontinent\u00e1lis erd\u0151kbe mer\u00e9szked\u0151 utaz\u00f3knak v\u00e9d\u0151ruh\u00e1zat visel\u00e9s\u00e9vel \u00e9s riaszt\u00f3szer haszn\u00e1lat\u00e1val kell v\u00e9dekezni\u00fck a kullancsok \u00e9s a kapcsol\u00f3d\u00f3 betegs\u00e9gek ellen. A bel\u00e9p\u00e9shez nincs k\u00f6telez\u0151 olt\u00e1s.<\/p>\n<p>Horv\u00e1torsz\u00e1g t\u00e1jainak, t\u00f6rt\u00e9nelmi r\u00e9tegeinek \u00e9s kultur\u00e1lis vitalit\u00e1s\u00e1nak sz\u00f6ved\u00e9ke egyed\u00fcl\u00e1ll\u00f3 tal\u00e1lkoz\u00e1st k\u00edn\u00e1l Eur\u00f3pa sz\u00e1mtalan \u00f6r\u00f6ks\u00e9g\u00e9vel. Az adriai v\u00e1rosok er\u0151d\u00f6kkel k\u00f6r\u00fclvett falait\u00f3l a karsztos k\u0151zetekb\u0151l form\u00e1lt bels\u0151 terekig, Z\u00e1gr\u00e1b utc\u00e1inak meleg\u00e9t\u0151l a barlangok csendes m\u00e9lys\u00e9g\u00e9ig az orsz\u00e1g a kontrasztok tanulm\u00e1nyoz\u00e1s\u00e1t k\u00edn\u00e1lja. Utaz\u00e1sa \u2013 a korai hercegs\u00e9gekt\u0151l a k\u00f6z\u00e9pkori kir\u00e1lys\u00e1gokon, birodalmon \u00e9s sz\u00f6vets\u00e9gen \u00e1t a modern k\u00f6zt\u00e1rsas\u00e1gig \u2013 minden egyes k\u0151ben \u00e9s patakban, az \u00fcnnepeken \u00e9s az asztalokon visszhangzik, amelyek k\u00f6r\u00fcl a csal\u00e1d \u00e9s a bar\u00e1tok \u00f6sszegy\u0171lnek. Ebben az \u00e1t\u00e9lt \u00f6sszetetts\u00e9gben rejlik Horv\u00e1torsz\u00e1g tart\u00f3s vonzereje.<\/p>","protected":false},"excerpt":{"rendered":"<p>A K\u00f6z\u00e9p- \u00e9s D\u00e9lkelet-Eur\u00f3p\u00e1ban tal\u00e1lhat\u00f3 Horv\u00e1torsz\u00e1g strat\u00e9giai helyen \u00e1ll az Adriai-tenger partj\u00e1n. A mintegy 3,9 milli\u00f3 lakost mag\u00e1ban foglal\u00f3, rendk\u00edv\u00fcl gazdag \u00e9s v\u00e1ltozatos orsz\u00e1g ter\u00fclete 56 594 n\u00e9gyzetkilom\u00e9ter (21 851 n\u00e9gyzetm\u00e9rf\u00f6ld). \u00c9vezredek \u00f3ta az orsz\u00e1g szokatlan domborzata d\u00f6nt\u0151 szerepet j\u00e1tszott geopolitikai jelent\u0151s\u00e9g\u00e9nek, kultur\u00e1lis identit\u00e1s\u00e1nak \u00e9s gazdas\u00e1gi n\u00f6veked\u00e9s\u00e9nek meghat\u00e1roz\u00e1s\u00e1ban.<\/p>","protected":false},"author":1,"featured_media":4899,"parent":24078,"menu_order":0,"comment_status":"closed","ping_status":"closed","template":"elementor_theme","meta":{"_eb_attr":"","footnotes":""},"class_list":["post-14435","page","type-page","status-publish","has-post-thumbnail"],"_links":{"self":[{"href":"https:\/\/travelshelper.com\/hu\/wp-json\/wp\/v2\/pages\/14435","targetHints":{"allow":["GET"]}}],"collection":[{"href":"https:\/\/travelshelper.com\/hu\/wp-json\/wp\/v2\/pages"}],"about":[{"href":"https:\/\/travelshelper.com\/hu\/wp-json\/wp\/v2\/types\/page"}],"author":[{"embeddable":true,"href":"https:\/\/travelshelper.com\/hu\/wp-json\/wp\/v2\/users\/1"}],"replies":[{"embeddable":true,"href":"https:\/\/travelshelper.com\/hu\/wp-json\/wp\/v2\/comments?post=14435"}],"version-history":[{"count":0,"href":"https:\/\/travelshelper.com\/hu\/wp-json\/wp\/v2\/pages\/14435\/revisions"}],"up":[{"embeddable":true,"href":"https:\/\/travelshelper.com\/hu\/wp-json\/wp\/v2\/pages\/24078"}],"wp:featuredmedia":[{"embeddable":true,"href":"https:\/\/travelshelper.com\/hu\/wp-json\/wp\/v2\/media\/4899"}],"wp:attachment":[{"href":"https:\/\/travelshelper.com\/hu\/wp-json\/wp\/v2\/media?parent=14435"}],"curies":[{"name":"wp","href":"https:\/\/api.w.org\/{rel}","templated":true}]}}