{"id":14401,"date":"2024-09-19T13:12:23","date_gmt":"2024-09-19T13:12:23","guid":{"rendered":"https:\/\/travelshelper.com\/staging\/?page_id=14401"},"modified":"2026-03-11T22:44:06","modified_gmt":"2026-03-11T22:44:06","slug":"ciprus","status":"publish","type":"page","link":"https:\/\/travelshelper.com\/hu\/destinations\/europe\/cyprus\/","title":{"rendered":"Ciprus"},"content":{"rendered":"<p>Ciprus saj\u00e1tos helyet foglal el a kontinensek keresztez\u0151d\u00e9s\u00e9ben, partjait \u00e9vezredeknyi tal\u00e1lkoz\u00e1s form\u00e1lta, jelen\u00e9t pedig egyszerre hat\u00e1rozza meg a megosztotts\u00e1g \u00e9s az egys\u00e9g. A sziget sz\u00e1razf\u00f6ldi r\u00e9sze \u2013 hossz\u00fa \u00e9s keskeny, cs\u00facs\u00e1t\u00f3l cs\u00facs\u00e1ig nem t\u00f6bb, mint 240 kilom\u00e9ter \u2013 k\u00f6zelebb fekszik a Levant\u00e9hoz, mint Eur\u00f3pa sz\u00edv\u00e9hez. M\u00e9gis, a d\u00e9len uralkod\u00f3 nyelv, szok\u00e1sok \u00e9s politikai strukt\u00far\u00e1k legink\u00e1bb a hell\u00e9n vil\u00e1gban rezon\u00e1lnak. \u00c9szakon egy k\u00fcl\u00f6n\u00e1ll\u00f3 k\u00f6zigazgat\u00e1s vezeti vissza hatalm\u00e1t az Anat\u00f3li\u00e1val fenn\u00e1ll\u00f3 kapcsolataira. Mindek\u00f6zben k\u00e9t szuver\u00e9n brit katonai b\u00e1zis tapad a d\u00e9li parthoz, egy birodalom eml\u00e9kei, amelynek jelenl\u00e9te itt a k\u00f6zleked\u00e9si konvenci\u00f3kban \u00e9s a piros telefonf\u00fclk\u00e9k z\u00fcmm\u00f6g\u00e9s\u00e9ben is megmarad.<\/p>\n<p>F\u00f6ldrajzilag a sziget sziluettj\u00e9t k\u00e9t hegyl\u00e1nc hat\u00e1rozza meg, amelyek egy term\u00e9keny k\u00f6zponti s\u00edks\u00e1got szeg\u00e9lyeznek. A d\u00e9lnyugatot a hatalmas \u00e9s gy\u0171r\u00f6tt Troodos-hegys\u00e9g uralja, amely az Ol\u00fcmposz-hegyn\u00e9l k\u00f6zel 1952 m\u00e9terre emelkedik. H\u0171v\u00f6s, c\u00e9drusokkal bor\u00edtott magaslataib\u00f3l fakad a Pedieos foly\u00f3, Ciprus leghosszabb v\u00edzfoly\u00e1sa, amely kelet fel\u00e9 kanyarog, miel\u0151tt a Mesaoria-s\u00edks\u00e1g agyagos talaj\u00e1ba \u00f6mlik. Az \u00e9szaki part ment\u00e9n a karcs\u00fa Kyrenia-hegys\u00e9g szel\u00eddebb emelked\u00e9st k\u00edn\u00e1l, cs\u00facsai alig emelkednek ezer m\u00e9ter f\u00f6l\u00e9, miel\u0151tt hirtelen egy szikl\u00e1s partra zuhannak. Ezen magaslatok k\u00f6z\u00f6tt a f\u00f6ld b\u00faza-, \u00e1rpa- \u00e9s z\u00f6lds\u00e9gf\u00f6ldekk\u00e9 lejt\u0151dik le, amelyek a neolitikum \u00f3ta t\u00e1pl\u00e1lj\u00e1k a szigetlak\u00f3kat.<\/p>\n<p>Az emberi l\u00e1bnyomok Cipruson mintegy 13 000 \u00e9vre ny\u00falnak vissza, amikor vad\u00e1sz\u00f3-gy\u0171jt\u00f6get\u0151k kis csoportjai a part menti barlangokban kerestek mened\u00e9ket. N\u00e9h\u00e1ny \u00e9vezreddel k\u00e9s\u0151bb megszel\u00edd\u00edtett\u00e9k a f\u00f6ldet az els\u0151 mez\u0151gazdas\u00e1gi falvakkal, lerakva a letelepedett t\u00e1rsadalom alapjait. A k\u00e9s\u0151 bronzkorra a szigetet az egyiptomi \u00e9s hettita feljegyz\u00e9sek Alashiy\u00e1nak nevezt\u00e9k, amely r\u00e9z\u00e9r\u0151l \u00e9s sz\u00f6v\u00e9ses kapcsolatair\u00f3l volt h\u00edres, amelyek a t\u00e1gabb mediterr\u00e1n h\u00e1l\u00f3zatba k\u00f6t\u00f6tt\u00e9k. Amikor a m\u00fck\u00e9n\u00e9i g\u00f6r\u00f6g\u00f6k Kr. e. 1400 k\u00f6r\u00fcl meg\u00e9rkeztek, magukkal hozt\u00e1k a nyelvj\u00e1r\u00e1st, a temetkez\u00e9si szertart\u00e1sokat \u00e9s a fazekass\u00e1g st\u00edlus\u00e1t, amelyek akkor is fennmaradtak, amikor a k\u00e9s\u0151bbi birodalmak zs\u00e1km\u00e1nyk\u00e9nt ig\u00e9nyelt\u00e9k a szigetet.<\/p>\n<p>A perzs\u00e1k az i. e. 6. sz\u00e1zadra uralt\u00e1k a ter\u00fcletet, de Nagy S\u00e1ndor i. e. 333-ban \u00e1tvette az ir\u00e1ny\u00edt\u00e1st. A Ptolemaiosz-korszak, majd R\u00f3ma uralkod\u00e1sa alatt Ciprus meg\u0151rizte hell\u00e9n jelleg\u00e9t, mik\u00f6zben \u00e1tvette a r\u00f3mai jogot \u00e9s infrastrukt\u00far\u00e1t: utak, vill\u00e1k \u00e9s amfite\u00e1trumok tark\u00edtj\u00e1k a t\u00e1jat m\u00e9g ma is. A R\u00f3mai Birodalom keleti fele uralta a szigetet a 7. sz\u00e1zadi arab bet\u00f6r\u00e9sekig, amikor a part menti enkl\u00e1v\u00e9kat \u00e9s a sz\u00e1razf\u00f6ldi er\u0151d\u00f6ket felhagyt\u00e1k a Troodos-hegys\u00e9g cs\u00facsai k\u00f6z\u00f6tt \u00e9p\u00edtett szerzetesi mened\u00e9khelyek jav\u00e1ra. \u00c9vsz\u00e1zadokkal k\u00e9s\u0151bb lusignai kir\u00e1lyok \u00e9s velencei keresked\u0151k er\u0151s\u00edtett\u00e9k meg a v\u00e1rosokat, k\u0151falakat \u00e9s vizes\u00e1rkokat emelve, amelyek ma is k\u00f6r\u00fcl\u00f6lelik Nicosia \u00e9s Famagusta r\u00e9gi negyedeit.<\/p>\n<p>Az oszm\u00e1n katon\u00e1k 1571-ben keltek \u00e1t, ezzel megnyitva a kaput egy olyan korszak el\u0151tt, amely a tizenkilencedik sz\u00e1zad v\u00e9g\u00e9ig h\u00faz\u00f3dott. Az oszm\u00e1n uralom alatt a feud\u00e1lis rendszer a g\u00f6r\u00f6g parasztok mellett f\u00f6ldet biztos\u00edtott a t\u00f6r\u00f6k \u200b\u200btelepeseknek is, l\u00e9trehozva azt a kett\u0151s k\u00f6z\u00f6ss\u00e9get, amely Ciprus modern komplexit\u00e1s\u00e1nak k\u00f6z\u00e9ppontj\u00e1ban \u00e1ll. A biz\u00e1nci templomokat mecsetekk\u00e9 alak\u00edtott\u00e1k \u00e1t, a falvak m\u00e9gis folytatt\u00e1k az istentiszteleteket \u00e9vsz\u00e1zados szent\u00e9lyeikben. 1878-ban a sziget brit k\u00f6zigazgat\u00e1s al\u00e1 ker\u00fclt, 1914-re pedig teljesen annekt\u00e1lt\u00e1k. A brit b\u00e9lyegek \u00e9s hagyat\u00e9kok \u2013 a bal oldali k\u00f6zleked\u00e9s, az \u00e1llami iskolarendszer, s\u0151t m\u00e9g a buszmenetrendek is \u2013 j\u00f3val a f\u00fcggetlens\u00e9g ut\u00e1n is fennmaradtak.<\/p>\n<p>Az 1960-ban sz\u00fcletett k\u00f6zt\u00e1rsas\u00e1g k\u00e9nyes kompromisszum volt a brit, g\u00f6r\u00f6g \u00e9s t\u00f6r\u00f6k \u200b\u200b\u00e9rdekek k\u00f6z\u00f6tt. Az alap\u00edt\u00f3 eln\u00f6k, III. Makariosz, egy \u00e9rsekb\u0151l lett \u00e1llamf\u00e9rfi, megtestes\u00edtette a g\u00f6r\u00f6g ciprusi t\u00f6bbs\u00e9g \u00f6nrendelkez\u00e9si rem\u00e9ny\u00e9t. A g\u00f6r\u00f6g amb\u00edci\u00f3kkal szemben \u00f3dzkod\u00f3 ciprusi t\u00f6r\u00f6k\u00f6k l\u00e1tt\u00e1k, hogy hamarosan k\u00f6vetkezhet a G\u00f6r\u00f6gorsz\u00e1ggal val\u00f3 uni\u00f3 \u2013 az en\u00f3zis. Az 1960-as \u00e9vek el\u0151rehaladt\u00e1val az alkotm\u00e1nyos patthelyzet er\u0151szakba torkollott. A k\u00f6z\u00f6ss\u00e9gek k\u00f6z\u00f6tti \u00f6sszecsap\u00e1sok t\u00f6bb ezer ciprusi t\u00f6r\u00f6k\u00f6t k\u00e9nyszer\u00edtettek enkl\u00e1v\u00e9kba. Az 1970-es \u00e9vek elej\u00e9re a megb\u00e9k\u00e9l\u00e9s rem\u00e9nye szinte teljesen szertefoszlott.<\/p>\n<p>1974. j\u00falius 15-\u00e9n egy, a g\u00f6r\u00f6g junta \u00e1ltal t\u00e1mogatott puccs nacionalista korm\u00e1nyt hozott l\u00e9tre Nicosi\u00e1ban. \u00d6t nappal k\u00e9s\u0151bb a t\u00f6r\u00f6k \u200b\u200ber\u0151k partra sz\u00e1lltak az \u00e9szaki parton, l\u00e1tsz\u00f3lag k\u00f6z\u00f6ss\u00e9g\u00fck v\u00e9delme \u00e9rdek\u00e9ben. Napokon bel\u00fcl a sziget nagyj\u00e1b\u00f3l egyharmad\u00e1t ellen\u0151rizt\u00e9k, \u00e9s mindk\u00e9t k\u00f6z\u00f6ss\u00e9gben t\u00f6bb sz\u00e1zezren k\u00e9nyszer\u00fcltek otthonuk elhagy\u00e1s\u00e1ra. 1983-ban a t\u00f6r\u00f6k\u00f6k \u00e1ltal tartott \u00f6vezet k\u00f6zt\u00e1rsas\u00e1gg\u00e1 nyilv\u00e1n\u00edtotta mag\u00e1t, amelyet nemzetk\u00f6zileg csak Ankara ismer el. Az ENSZ pufferz\u00f3n\u00e1ja \u2013 v\u00e9kony \u00e9s z\u00f6ld \u2013 most keletr\u0151l nyugatra kett\u00e9osztja a szigetet, mik\u00f6zben a b\u00e9ket\u00e1rgyal\u00e1sok \u00e9s az eur\u00f3pai k\u00f6zvet\u00edt\u00e9s a vitatott t\u00f6rt\u00e9nelmi esem\u00e9nyek hossz\u00fa \u00e1rny\u00e9k\u00e1ban folytat\u00f3dik.<\/p>\n<p>Politikai hasad\u00e9kai ellen\u00e9re Ciprus fejlett, magas j\u00f6vedelm\u0171 gazdas\u00e1got \u00e9p\u00edtett ki, amelyet a turizmus, a p\u00e9nz\u00fcgyi szolg\u00e1ltat\u00e1sok \u00e9s a haj\u00f3z\u00e1s t\u00e1mogat. Ami\u00f3ta 2004 m\u00e1jus\u00e1ban csatlakozott az Eur\u00f3pai Uni\u00f3hoz, \u00e9s 2008 janu\u00e1rj\u00e1ban bevezette az eur\u00f3t, a Ciprusi K\u00f6zt\u00e1rsas\u00e1g ingatlan-, vend\u00e9gl\u00e1t\u00f3-ipari \u00e9s szakmai szolg\u00e1ltat\u00e1sokba vonzotta a befektet\u00e9seket. Az akrotiri \u00e9s dekeliai brit szuver\u00e9n b\u00e1zisok tov\u00e1bbra is strat\u00e9giai jelent\u0151s\u00e9ggel b\u00edrnak, \u00e9s 2024-ben Nicosia meger\u0151s\u00edtette sz\u00e1nd\u00e9k\u00e1t, hogy csatlakozzon a NATO-hoz \u2013 ami egy \u00fajabb r\u00e9teg a sziget \u00f6sszetett k\u00fclpolitikai kalkulus\u00e1ban. Az embarg\u00f3k \u00e9s korl\u00e1tozott elismer\u00e9s alatt \u00e1ll\u00f3 t\u00f6r\u00f6k \u200b\u200b\u00e9szaki r\u00e9sz nagym\u00e9rt\u00e9kben t\u00e1maszkodik Ankara t\u00e1mogat\u00e1saira \u00e9s az \u00e1rny\u00e9kgazdas\u00e1gra.<\/p>\n<p>A term\u00e9keny s\u00edks\u00e1gok, a zord hegyek \u00e9s a k\u00f6zel 1000 kilom\u00e9ter hossz\u00fa partvonal egy\u00fcttesen k\u00f6zel n\u00e9gymilli\u00f3 l\u00e1togat\u00f3t vonzanak \u00e9vente. A naps\u00fct\u00f6tte strandok \u2013 hossz\u00fa homokos \u00e9s kavicsos szakaszok \u2013 szinte folyamatosnak t\u0171nnek, csak hal\u00e1szkik\u00f6t\u0151k \u00e9s alkalmank\u00e9nti szerzetesi mened\u00e9khelyek szak\u00edtj\u00e1k meg \u0151ket. A sz\u00e1razf\u00f6ld belsej\u00e9ben, a Troodos-hegys\u00e9gben falvak sorakoznak, ahol sz\u0151l\u0151\u00fcltetv\u00e9nyek sorakoznak a teraszos lejt\u0151k\u00f6n, \u00e9s \u00e9vsz\u00e1zados templomok csillognak biz\u00e1nci fresk\u00f3kkal. \u00c9szakon Szalamisz \u0151si v\u00e1rosa \u00e9s P\u00e1fosz klasszikus romjai szabadt\u00e9ri m\u00fazeumokk\u00e9nt \u00e1llnak a k\u00f6z\u00f6s \u00f3kor el\u0151tt. A f\u0151v\u00e1rosban, Nicosi\u00e1ban azonban modern k\u00e1v\u00e9z\u00f3k \u00e9s gal\u00e9ri\u00e1k sorakoznak az \u00f6tsz\u00e1z \u00e9vvel ezel\u0151tt a velenceiek \u00e1ltal falazott utc\u00e1kon.<\/p>\n<p>A sziget \u00e9ghajlata, amely a part ment\u00e9n mediterr\u00e1n, \u00e9szakkeleten pedig f\u00e9lsz\u00e1raz, az EU legmelegebb \u00e9ghajlatai k\u00f6z\u00e9 tartozik. A telek es\u0151t hoznak \u2013 f\u0151k\u00e9nt novembert\u0151l m\u00e1rciusig \u2013, \u00e9s id\u0151nk\u00e9nt havaz\u00e1st a felf\u00f6ld\u00f6n. A nyarak k\u00f6zel nyolc h\u00f3napig tartanak, a tengeri szell\u0151 enyh\u00edti, de h\u0151hull\u00e1mok szak\u00edtj\u00e1k meg \u0151ket. A napf\u00e9ny \u00e1tlagosan t\u00f6bb mint h\u00e1romezer \u00f3r\u00e1n \u00e1t k\u00e1pr\u00e1ztatja az orsz\u00e1got \u00e9vente, ami majdnem k\u00e9tszerese az \u00e9szak-eur\u00f3pai f\u0151v\u00e1rosokban megszokottnak. Ez a f\u00e9ny mind a mez\u0151gazdas\u00e1got, mind a szabadid\u0151s tev\u00e9kenys\u00e9geket form\u00e1lta: a citrusf\u00e9l\u00e9k, olajfaligetek \u00e9s sz\u0151l\u0151\u00fcltetv\u00e9nyek vir\u00e1goznak; az \u00fasz\u00e1s \u00e9s a jachtoz\u00e1s hat\u00e1rozza meg a hossz\u00fa f\u0151szezont.<\/p>\n<p>Egy modern \u00fath\u00e1l\u00f3zat h\u00faz\u00f3dik a part menti \u00f6vezetben, ahol aut\u00f3p\u00e1ly\u00e1k k\u00f6tik \u00f6ssze Limasszolt \u00e9s Larnak\u00e1t Nicosi\u00e1val, Larnak\u00e1t P\u00e1fosszal, Nicosi\u00e1t pedig keleten \u00e9s nyugaton egyar\u00e1nt. A buszok minden nagyobb v\u00e1rost kiszolg\u00e1lnak, b\u00e1r a mag\u00e1ng\u00e9pkocsi-tulajdonl\u00e1s tov\u00e1bbra is magas. T\u00f6r\u00f6korsz\u00e1g \u00e9szaki r\u00e9sz\u00e9n a kisebb minibuszok gyakrabban k\u00f6zlekednek \u00fatvonalakon, de kev\u00e9sb\u00e9 kisz\u00e1m\u00edthat\u00f3an. K\u00e9t nemzetk\u00f6zi rep\u00fcl\u0151t\u00e9r \u2013 Larnaka \u00e9s P\u00e1fosz \u2013 fogad menetrend szerinti j\u00e1ratokat Eur\u00f3p\u00e1b\u00f3l, a K\u00f6zel-Keletr\u0151l \u00e9s azon t\u00falr\u00f3l, m\u00edg az \u00e9szakon tal\u00e1lhat\u00f3 Ercan rep\u00fcl\u0151t\u00e9r T\u00f6r\u00f6korsz\u00e1gon kereszt\u00fcl k\u00f6zlekedik. A 2022-ben meg\u00fajult kompok Limasszolt k\u00f6tik \u00f6ssze a g\u00f6r\u00f6gorsz\u00e1gi Pireusszal, alternat\u00edv, kellemes megk\u00f6zel\u00edt\u00e9st k\u00edn\u00e1lva a szigethez.<\/p>\n<p>Ciprus korm\u00e1ny \u00e1ltal ellen\u0151rz\u00f6tt d\u00e9li r\u00e9sz\u00e9n \u00e9l\u0151, alig t\u00f6bb mint kilencsz\u00e1zezer f\u0151s lakoss\u00e1ga tov\u00e1bbra is t\u00falnyom\u00f3r\u00e9szt g\u00f6r\u00f6g ortodox, mellette kis \u00f6rm\u00e9ny, maronita, latin katolikus \u00e9s protest\u00e1ns kisebbs\u00e9gek alkotj\u00e1k a lakoss\u00e1got. Az oktat\u00e1si \u00e9s eg\u00e9szs\u00e9g\u00fcgyi mutat\u00f3k Eur\u00f3pa legmagasabbjai k\u00f6z\u00e9 tartoznak. \u00c9szakon a szunnita muszlimok alkotj\u00e1k a t\u00f6bbs\u00e9get, akik \u2013 n\u00e9mileg elt\u00e9r\u0151en \u2013 egy\u00fctt \u00e9lnek a huszadik sz\u00e1zadi megosztotts\u00e1g el\u0151tti k\u00f6z\u00f6s kulin\u00e1ris \u00e9s zenei hagyom\u00e1nyokkal. Mindk\u00e9t k\u00f6z\u00f6ss\u00e9g nagyra \u00e9rt\u00e9keli a vend\u00e9gszeretetet: k\u00e1v\u00e9val vagy egy poh\u00e1r h\u0171t\u00f6tt zivani\u00e1val k\u00edn\u00e1lj\u00e1k a vend\u00e9geket, \u00e9s esk\u00fcv\u0151k\u00f6n, fesztiv\u00e1lokon \u00e9s arat\u00e1si \u00fcnneps\u00e9geken val\u00f3 r\u00e9szv\u00e9telre h\u00edvj\u00e1k \u0151ket.<\/p>\n<p>A nyelv t\u00fckr\u00f6zi ezt a kett\u0151ss\u00e9get. A g\u00f6r\u00f6g \u00e9s a t\u00f6r\u00f6k \u200b\u200bhivatalos nyelvk\u00e9nt szerepel, m\u00edg az angol tov\u00e1bbra is er\u0151s m\u00e1sodik nyelvk\u00e9nt jelenik meg, a gyarmati uralom \u00f6r\u00f6ks\u00e9gek\u00e9nt, valamint a kereskedelem \u00e9s a turizmus eszk\u00f6zek\u00e9nt. Az \u00f6rm\u00e9ny \u00e9s a ciprusi maronita arab elismert kisebbs\u00e9gi nyelvk\u00e9nt rendelkezik. A mindennapi \u00e9letben a ciprusi g\u00f6r\u00f6g \u00e9s a ciprusi t\u00f6r\u00f6k \u200b\u200bnyelvj\u00e1r\u00e1sai jelent\u0151sen elt\u00e9rnek a standard form\u00e1ikt\u00f3l, a helyi t\u00f6rt\u00e9nelem \u00e1ltal form\u00e1lt idi\u00f3m\u00e1kat \u00e9s hangokat hordozva. Az ut\u00f3bbi id\u0151ben az orosz nyelv v\u00e1lt kiemelked\u0151v\u00e9 Limassolban \u00e9s P\u00e1foszban, ahol orosz nyelv\u0171 t\u00e1bl\u00e1k \u00e9s \u00fczletek szolg\u00e1lj\u00e1k ki a n\u00f6vekv\u0151 k\u00fclf\u00f6ldi k\u00f6z\u00f6ss\u00e9get.<\/p>\n<p>A kultur\u00e1lis kifejez\u00e9s itt elv\u00e1laszthatatlan a helyt\u0151l. A Troodos-hegys\u00e9g festett templomai \u2013 t\u00edz UNESCO \u00e1ltal felvett helysz\u00edn \u2013 \u00e9l\u00e9nk fresk\u00f3kkal d\u00edsz\u00edtettek, amelyek teol\u00f3giai narrat\u00edv\u00e1kat \u00e1br\u00e1zolnak a k\u0151falakon. A Nicosia \u00f3v\u00e1ros\u00e1ban fel\u00faj\u00edtott hammamok a v\u00e1ros frank \u00e9s oszm\u00e1n r\u00e9tegeit id\u00e9zik, g\u0151zf\u00fcrd\u0151t \u00e9s massz\u00e1zst k\u00edn\u00e1lva az \u0151si kupol\u00e1k alatt. Limassolban minden \u00e9v febru\u00e1rj\u00e1ban kit\u00f6r a karnev\u00e1l, egy sz\u00ednes k\u00f6zj\u00e1t\u00e9k, amely csak a huszadik sz\u00e1zadban kezd\u0151d\u00f6tt, m\u00e9gis tiszteleg a maszkos el\u0151ad\u00e1sok hagyom\u00e1nyai el\u0151tt, amelyek m\u00e9g r\u00e9gebbre ny\u00falnak vissza. A hagyom\u00e1nyos t\u00e1nc, a tsiftetelit\u0151l a sz\u00fast\u00e1ig, \u00e9l\u00e9nk\u00edti az esk\u00fcv\u0151ket \u00e9s a falusi v\u00e1s\u00e1rokat egyar\u00e1nt, \u00f6sszekapcsolva a szigetlak\u00f3kat a nyelvi \u00e9s vall\u00e1si szakad\u00e9kokon \u00e1t\u00edvel\u0151en.<\/p>\n<p>A kellemes felsz\u00edn alatt azonban ott h\u00faz\u00f3dik a t\u00f6r\u00e9kenys\u00e9g tudatoss\u00e1ga. Enged\u00e9llyel rendelkez\u0151 s\u00f6r\u00e9tes pusk\u00e1val vad\u00e1szok barangolnak t\u00e9len a ny\u00edlt vid\u00e9ken, \u00e9s a k\u00f3bor s\u00f6r\u00e9tek a t\u00far\u00e1z\u00f3k \u00fatvonalaira t\u00e9vedhetnek. A Z\u00f6ld Vonal a mindennapi tudatban is megmaradt: az iskol\u00e1kban p\u00e1rhuzamos t\u00f6rt\u00e9nelmeket tan\u00edtanak, \u00e9s a megb\u00e9k\u00e9l\u00e9sre ir\u00e1nyul\u00f3 er\u0151fesz\u00edt\u00e9sek tov\u00e1bbra is folynak m\u0171v\u00e9szeti kezdem\u00e9nyez\u00e9sekben \u00e9s k\u00f6z\u00f6s gazdas\u00e1gi v\u00e1llalkoz\u00e1sokban. A b\u0171n\u00f6z\u00e9si r\u00e1ta tov\u00e1bbra is alacsony, de a l\u00e1togat\u00f3knak azt tan\u00e1csolj\u00e1k, hogy v\u00e9dj\u00e9k vagyonukat az alkalmi lop\u00e1sok ellen, \u00e9s az \u00f3vatoss\u00e1g uralkodik az \u00e9jszakai \u00e9let negyedeiben, ahol a kabar\u00e9klubok n\u00e9ha s\u00f6t\u00e9tebb hangulatot \u00e1rasztanak.<\/p>\n<p>Ciprus mozaikja \u2013 geol\u00f3gi\u00e1ja, t\u00f6rt\u00e9nelme, k\u00f6z\u00f6ss\u00e9gei \u00e9s gazdas\u00e1gai \u2013 dacol az egyszer\u0171 elbesz\u00e9l\u00e9ssel. Egyszerre az emberi kitart\u00e1s bizony\u00edt\u00e9ka \u00e9s a vit\u00e1k folyos\u00f3ja, ahol birodalmak csaptak \u00f6ssze, \u00e9s a szomsz\u00e9dok m\u00e9g mindig \u00f3vatosan l\u00e9pkednek \u00e1t a pufferz\u00f3n\u00e1kon. M\u00e9gis a nap \u00e9s a tenger melege, a citrusillat\u00fa asztalokn\u00e1l k\u00edn\u00e1lt nagylelk\u0171s\u00e9g, valamint a hell\u00e9n, levantei \u00e9s anat\u00f3liai elemeket \u00f6tv\u00f6z\u0151 hagyom\u00e1nyok ellen\u00e1ll\u00f3 k\u00e9pess\u00e9ge mind fennmaradt. Azok sz\u00e1m\u00e1ra, akik meg\u00e1llnak egy pillanatra, Ciprus egy olyan sziget bens\u0151s\u00e9ges kr\u00f3nik\u00e1j\u00e1t k\u00edn\u00e1lja, amely egyszerre ismert egys\u00e9get \u00e9s megosztotts\u00e1got, ahol a h\u00e9tk\u00f6znapi \u00e9let folytat\u00f3dik a mediterr\u00e1n \u00e9g alatt, ugyanolyan \u00e1lland\u00f3 \u00e9s \u00f6sszetett, mint maguk az \u00e1rap\u00e1lyok.<\/p>","protected":false},"excerpt":{"rendered":"<p>Ciprus szigetorsz\u00e1ga, amely a F\u00f6ldk\u00f6zi-tenger keleti r\u00e9sz\u00e9n tal\u00e1lhat\u00f3, strat\u00e9giai helyet foglal el Eur\u00f3pa, \u00c1zsia \u00e9s Afrika metsz\u00e9spontj\u00e1ban. A hozz\u00e1vet\u0151leg 1,2 milli\u00f3 lakos\u00fa Ciprus a F\u00f6ldk\u00f6zi-tenger harmadik legnagyobb \u00e9s legn\u00e9pesebb szigete, amely az \u00f3kori t\u00f6rt\u00e9nelem, a soksz\u00edn\u0171 kult\u00fara \u00e9s a mai fejl\u0151d\u00e9s egyed\u00fcl\u00e1ll\u00f3 kombin\u00e1ci\u00f3j\u00e1t k\u00edn\u00e1lja. Ez a szigetorsz\u00e1g, amelyet hivatalosan Ciprusi K\u00f6zt\u00e1rsas\u00e1gnak neveznek, f\u00f6ldrajzilag Nyugat-\u00c1zsi\u00e1ban tal\u00e1lhat\u00f3; kultur\u00e1lis kapcsolatai \u00e9s politikai asszoci\u00e1ci\u00f3i azonban t\u00falnyom\u00f3r\u00e9szt D\u00e9lkelet-Eur\u00f3p\u00e1hoz igazodnak, jelent\u0151s geopolitikai poz\u00edci\u00f3t teremtve ezzel a nemzet sz\u00e1m\u00e1ra.<\/p>","protected":false},"author":1,"featured_media":3022,"parent":24078,"menu_order":0,"comment_status":"closed","ping_status":"closed","template":"elementor_theme","meta":{"_eb_attr":"","footnotes":""},"class_list":["post-14401","page","type-page","status-publish","has-post-thumbnail"],"_links":{"self":[{"href":"https:\/\/travelshelper.com\/hu\/wp-json\/wp\/v2\/pages\/14401","targetHints":{"allow":["GET"]}}],"collection":[{"href":"https:\/\/travelshelper.com\/hu\/wp-json\/wp\/v2\/pages"}],"about":[{"href":"https:\/\/travelshelper.com\/hu\/wp-json\/wp\/v2\/types\/page"}],"author":[{"embeddable":true,"href":"https:\/\/travelshelper.com\/hu\/wp-json\/wp\/v2\/users\/1"}],"replies":[{"embeddable":true,"href":"https:\/\/travelshelper.com\/hu\/wp-json\/wp\/v2\/comments?post=14401"}],"version-history":[{"count":0,"href":"https:\/\/travelshelper.com\/hu\/wp-json\/wp\/v2\/pages\/14401\/revisions"}],"up":[{"embeddable":true,"href":"https:\/\/travelshelper.com\/hu\/wp-json\/wp\/v2\/pages\/24078"}],"wp:featuredmedia":[{"embeddable":true,"href":"https:\/\/travelshelper.com\/hu\/wp-json\/wp\/v2\/media\/3022"}],"wp:attachment":[{"href":"https:\/\/travelshelper.com\/hu\/wp-json\/wp\/v2\/media?parent=14401"}],"curies":[{"name":"wp","href":"https:\/\/api.w.org\/{rel}","templated":true}]}}