{"id":14355,"date":"2024-09-19T09:05:58","date_gmt":"2024-09-19T09:05:58","guid":{"rendered":"https:\/\/travelshelper.com\/staging\/?page_id=14355"},"modified":"2026-03-11T23:15:53","modified_gmt":"2026-03-11T23:15:53","slug":"plzen","status":"publish","type":"page","link":"https:\/\/travelshelper.com\/hu\/destinations\/europe\/czech-republic\/plzen\/","title":{"rendered":"Plze\u0148"},"content":{"rendered":"<p>Plze\u0148 egyed\u00fcl\u00e1ll\u00f3 helyen fekszik n\u00e9gy foly\u00f3 \u2013 a M\u017ee, az \u00dahlava, az \u00daslava \u00e9s a Radbuza \u2013 tal\u00e1lkoz\u00e1s\u00e1n\u00e1l, melyek egyes\u00fcl\u00e9s\u00e9b\u0151l ered a Berounka foly\u00f3. Pr\u00e1g\u00e1t\u00f3l mintegy hetvennyolc kilom\u00e9terre nyugatra fekv\u0151, k\u00f6r\u00fclbel\u00fcl 188 000 lakos\u00fa v\u00e1ros a hull\u00e1mz\u00f3 Plasy-felf\u00f6ld\u00f6n emelkedik, l\u00e1bnyoma keletr\u0151l \u00e9s d\u00e9lr\u0151l a \u0160vihov-felf\u00f6ldre ny\u00falik. A telep\u00fcl\u00e9s hat\u00e1rain bel\u00fcli legmagasabb pont a Chlum-domb, 416 m\u00e9terrel a tengerszint felett, m\u00edg a Berounka medre 293 m\u00e9terrel h\u00faz\u00f3dik. \u00c9szakon halastavak h\u00e1l\u00f3zata hat\u00e1rolja a v\u00e1rost, a Radbuza foly\u00f3n tal\u00e1lhat\u00f3 \u010cesk\u00e9 \u00fadol\u00ed-v\u00edzt\u00e1roz\u00f3 pedig a legnagyobb v\u00edztest. Ez a f\u00f6ldrajzi elhelyezked\u00e9s t\u00f6bb mint h\u00e9t \u00e9vsz\u00e1zadon \u00e1t form\u00e1lta mind a telep\u00fcl\u00e9seket, mind az ipart.<\/p>\n<p>Plze\u0148 eredete a XIII. sz\u00e1zad v\u00e9g\u00e9re ny\u00falik vissza, amikor a P\u0159emyslid uralkod\u00f3k kir\u00e1lyi v\u00e1ross\u00e1 nyilv\u00e1n\u00edtott\u00e1k. A Csehorsz\u00e1got Bajororsz\u00e1ggal \u00f6sszek\u00f6t\u0151 l\u00e9tfontoss\u00e1g\u00fa kereskedelmi \u00fatvonalak ment\u00e9n fekv\u0151 v\u00e1ros gyorsan vir\u00e1gzott: a XIV. sz\u00e1zad k\u00f6zep\u00e9re Csehorsz\u00e1g harmadik legnagyobb v\u00e1rosa lett. Strat\u00e9giai jelent\u0151s\u00e9ge azonban k\u00e9t\u00e9l\u0171 fegyvernek bizonyult. A XV. sz\u00e1zadi huszita h\u00e1bor\u00fak alatt Plze\u0148 h\u00e1rom ostromot is ki\u00e1llt, \u00e9s a kir\u00e1lys\u00e1got megrenget\u0151 reformer\u0151kkel szembeni ellen\u00e1ll\u00e1s b\u00e1sty\u00e1j\u00e1v\u00e1 v\u00e1lt. Egy \u00e9vsz\u00e1zaddal k\u00e9s\u0151bb, a harminc\u00e9ves h\u00e1bor\u00fa els\u0151 \u00e9veiben a v\u00e1ros ism\u00e9t ostrom alatt \u00e1llt, miel\u0151tt a cs\u00e1sz\u00e1ri csapatok kez\u00e9re ker\u00fclt.<\/p>\n<p>A tizenkilencedik sz\u00e1zad \u00fajabb \u00e1talakul\u00e1st hozott. Ahogy Eur\u00f3pa politikai vonalai \u00e1talakultak, Plze\u0148 figyelemre m\u00e9lt\u00f3 sebess\u00e9ggel iparosodott. 1869-ben megalakult a \u0160koda M\u0171vek, amely hamarosan Ausztria-Magyarorsz\u00e1g, majd k\u00e9s\u0151bb Csehszlov\u00e1kia egyik kiemelked\u0151 m\u00e9rn\u00f6ki v\u00e1llalat\u00e1v\u00e1 v\u00e1lt. G\u00e9pgy\u00e1rt\u00f3 m\u0171helyek, \u00f6nt\u00f6d\u00e9k \u00e9s vas\u00fati m\u0171helyek terjeszkedtek szerte a v\u00e1rosban, munk\u00e1sokat vonzva a vid\u00e9ki ter\u00fcletekr\u0151l, \u00e9s be\u00e9p\u00edtve Plze\u0148t a modern ipari gazdas\u00e1gba. Ebben az id\u0151szakban, 1842-ben alkalmazta Josef Groll bajor s\u00f6rf\u0151z\u0151 a vil\u00e1gos mal\u00e1ta f\u0151z\u00e9s\u00e9nek \u00fajszer\u0171 m\u00f3dszereit, \u00e9s ezzel k\u00e9sz\u00edtette el az els\u0151 \u201ePilsner\u201d s\u00f6rt. Ma a Pilsner Urquell S\u00f6rf\u0151zde az orsz\u00e1g legnagyobbja, m\u00edg testv\u00e9rv\u00e1llalata, a Gambrinus, amelyet 1869-ben alap\u00edtottak, szint\u00e9n h\u00edrnevet szerzett. Mindk\u00e9t m\u00e1rka ma az Asahi Group Holdings r\u00e9sze.<\/p>\n<p>Ipari identit\u00e1s\u00e1ban t\u00fal Plze\u0148 Nyugat-Csehorsz\u00e1g kereskedelmi k\u00f6zpontjak\u00e9nt is m\u0171k\u00f6dik. B\u00e1r a r\u00e9gi\u00f3 lakoss\u00e1g\u00e1nak mind\u00f6ssze harminc sz\u00e1zal\u00e9k\u00e1t foglalja el, GDP-j\u00e9nek nagyj\u00e1b\u00f3l k\u00e9tharmad\u00e1t termeli \u2013 ezt az egyens\u00falyhi\u00e1nyt r\u00e9szben a napi ing\u00e1z\u00f3k magyar\u00e1zz\u00e1k, de nagyr\u00e9szt a v\u00e1llalkoz\u00e1sok, kutat\u00f3int\u00e9zetek \u00e9s szolg\u00e1ltat\u00f3k v\u00e1roson bel\u00fcli koncentr\u00e1ci\u00f3j\u00e1t t\u00fckr\u00f6zi. 2015-ben Plze\u0148 kultur\u00e1lis \u00f6r\u00f6ks\u00e9g\u00e9t elismert\u00e9k, amikor Eur\u00f3pa Kultur\u00e1lis F\u0151v\u00e1rosa volt. V\u00e1rosk\u00f6zpontja, amelyet \u00f6r\u00f6ks\u00e9gv\u00e9delmi \u00f6vezetk\u00e9nt v\u00e9denek, rendk\u00edv\u00fcli barokk templomok, g\u00f3tikus katedr\u00e1lisok \u00e9s renesz\u00e1nsz polg\u00e1ri \u00e9p\u00fcletek egy\u00fcttes\u00e9t \u0151rzi.<\/p>\n<p>Az \u00f3v\u00e1ros sz\u00edv\u00e9ben \u00e1ll a Szent Bertalan-sz\u00e9kesegyh\u00e1z, g\u00f3tikus haj\u00f3j\u00e1nak \u00e9p\u00edt\u00e9se a XIII. sz\u00e1zad v\u00e9g\u00e9n kezd\u0151d\u00f6tt, tornya pedig 102 m\u00e9ter magas \u2013 ez a legmagasabb templomtorony Csehorsz\u00e1gban. A k\u00f6zelben tal\u00e1lhat\u00f3 a renesz\u00e1nsz v\u00e1rosh\u00e1za (1554\u201359), amelyet az olasz \u00e9p\u00edt\u00e9sz, Giovanni de Statia alkot\u00e1sak\u00e9nt tartanak sz\u00e1mon, szigor\u00fa homlokzat\u00e1t d\u00edszes pilaszterek \u00e9s \u00e1rk\u00e1dos loggi\u00e1k tark\u00edtj\u00e1k. M\u00e9gis a m\u00f3r st\u00edlus\u00fa Nagy Zsinag\u00f3ga, amely 1893-ban fejez\u0151d\u00f6tt be, az lepi meg a legt\u00f6bb l\u00e1togat\u00f3t: patk\u00f3 alak\u00fa bolt\u00edvei \u00e9s soksz\u00edn\u0171 t\u00e9glafala Eur\u00f3pa m\u00e1sodik legnagyobb zsinag\u00f3g\u00e1j\u00e1t alkotja, amelyet csak a budapesti Doh\u00e1ny utcai zsinag\u00f3ga el\u0151z meg.<\/p>\n<p>E nevezetess\u00e9gek alatt egy m\u00e1sik birodalom fekszik. Plze\u0148 t\u00f6rt\u00e9nelmi f\u00f6ldalatti h\u00e1l\u00f3zata \u00e9vsz\u00e1zadok alatt v\u00e1jt ki mintegy h\u00fasz kilom\u00e9terre, b\u00e1r alag\u00fatjainak mind\u00f6ssze 750 m\u00e9teres szakasza, tizenk\u00e9t m\u00e9ter m\u00e9lyen, nyitott vezetett t\u00far\u00e1k sz\u00e1m\u00e1ra. Ezek a boltozatos pinc\u00e9k egykor s\u00f6rf\u0151zd\u00e9knek, keresked\u0151knek \u00e9s v\u00e1rosi \u00fczleteknek adtak otthont, betekint\u00e9st ny\u00fajtva abba, hogyan egyens\u00falyozott a k\u00f6z\u00e9pkori v\u00e1ros a kereskedelem \u00e9s az er\u0151d\u00edtm\u00e9nyek k\u00f6z\u00f6tt. A felsz\u00ednen a Pr\u00e1gai Kapun\u00e1l l\u00e9v\u0151 egykori v\u00edztorony \u2013 amelyet 1532-ben \u00e9p\u00edtettek, majd k\u00e9s\u0151bb francia cs\u00e1sz\u00e1ri st\u00edlusban \u00e1talak\u00edtottak (1822) \u2013 meg\u0151rizte eredeti g\u00f3tikus kapuj\u00e1t, \u00e9s egy eml\u00e9kt\u00e1bl\u00e1t visel a szomsz\u00e9dban 1805-ben sz\u00fcletett Dr. Josef \u0160kod\u00e1nak, akinek n\u00e9vad\u00f3 v\u00e1llalkoz\u00e1sa megv\u00e1ltoztatta a v\u00e1ros sors\u00e1t.<\/p>\n<p>Plze\u0148 mindennapi \u00e9let\u00e9nek ritmusa tov\u00e1bbra is a v\u00edzfoly\u00e1sokhoz \u00e9s az ipar kerekeihez k\u00f6t\u0151dik, de a t\u00f6megk\u00f6zleked\u00e9s l\u00fcktet\u00e9s\u00e9vel is l\u00fcktet. A plze\u0148i nagyv\u00e1rosi ter\u00fclet villamosok, trolibuszok \u00e9s buszok h\u00e1l\u00f3zat\u00e1t tartja fenn, amelyeket a PMDP \u00fczemeltet. A jegyek \u2013 amelyeket automat\u00e1kb\u00f3l, helyi \u00fczletekb\u0151l vagy a j\u00e1rm\u0171vekben \u00e9rint\u00e9smentes intelligens k\u00e1rty\u00e1val v\u00e1s\u00e1rolhatnak \u2013 t\u00f6bb k\u00f6zleked\u00e9si eszk\u00f6zt is ig\u00e9nybe vehetnek; a gyakran utaz\u00f3k sz\u00e1m\u00e1ra az \u00fajrat\u00f6lthet\u0151 Plze\u0148 k\u00e1rtya korl\u00e1tlan utaz\u00e1si lehet\u0151s\u00e9get k\u00edn\u00e1l \u00e9rv\u00e9nyess\u00e9gi ideje alatt. A v\u00e1rosi t\u00f6megk\u00f6zleked\u00e9sen t\u00fal \u00f6t f\u0151 vas\u00fatvonal keresztezi itt a vonalat: a 170-es vonal Pr\u00e1g\u00e1ba, Berounba \u00e9s Chebbe; a 180-as vonal Doma\u017elic\u00e9be \u00e9s a n\u00e9metorsz\u00e1gi Furth im Waldba; a 183-as vonal Klatovyba \u00e9s \u017delezn\u00e1 Rud\u00e1ba; a 160-as vonal \u017datecbe; \u00e9s a 190-es vonal \u010cesk\u00e9 Bud\u011bjovic\u00e9be, amelyek mindegyike Plze\u0148 f\u0151p\u00e1lyaudvarn\u00e1l (hlavn\u00ed n\u00e1dra\u017e\u00ed) tal\u00e1lkozik. A k\u00f6z\u00faton k\u00f6zleked\u0151k a D5-\u00f6s aut\u00f3p\u00e1ly\u00e1t haszn\u00e1lhatj\u00e1k, amely Pr\u00e1g\u00e1t N\u00fcrnberggel k\u00f6ti \u00f6ssze, m\u00edg a tizenegy kilom\u00e9terre d\u00e9lnyugatra fekv\u0151 L\u00edn\u011b rep\u00fcl\u0151t\u00e9r belf\u00f6ldi j\u00e1ratokat \u00e9s nemzetk\u00f6zi mag\u00e1nforgalmat bonyol\u00edt le.<\/p>\n<p>Plze\u0148 \u00e9ghajlata \u00f3ce\u00e1ni (Cfb) \u00e9ghajlatnak min\u0151s\u00fcl, m\u00e9rs\u00e9kelt nyarakkal \u00e9s h\u0171v\u00f6s telekkel jellemezhet\u0151. Az \u00e9ves csapad\u00e9kmennyis\u00e9g \u00e1tlagosan 525 mm, az \u00e9ves k\u00f6z\u00e9ph\u0151m\u00e9rs\u00e9klet pedig 8,4 \u00b0C k\u00f6r\u00fcl mozog. A sz\u00e9ls\u0151s\u00e9gek -28,0 \u00b0C (1985. febru\u00e1r 12.) \u00e9s 40,1 \u00b0C (1983. j\u00falius 27.) k\u00f6z\u00f6tt mozogtak, ami a r\u00e9gi\u00f3 kontinent\u00e1lis hat\u00e1s\u00e1ra eml\u00e9keztet az \u00f3ce\u00e1ni alapvonalra. Ezek a k\u00f6r\u00fclm\u00e9nyek teszik lehet\u0151v\u00e9 a buja, f\u00e1kkal szeg\u00e9lyezett sug\u00e1rutakat \u00e9s a v\u00e1ros sz\u00e1mos parkj\u00e1t, amelyek k\u00f6r\u00fclveszik a t\u00f6rt\u00e9nelmi magot \u2013 egy z\u00f6ld\u00f6vezetet, amelyet a lakosok \u00e9s a l\u00e1togat\u00f3k egyar\u00e1nt nagyra \u00e9rt\u00e9kelnek.<\/p>\n<p>Plze\u0148 polg\u00e1ri \u00e9lete t\u00falmutat a kereskedelemen \u00e9s a kult\u00far\u00e1n, a hiten \u00e9s a k\u00f6z\u00f6ss\u00e9gen is. 1993. m\u00e1jus 31. \u00f3ta a v\u00e1ros a Plze\u0148i R\u00f3mai Katolikus Egyh\u00e1zmegye sz\u00e9khelye, amely 818 700 h\u00edv\u0151t \u00f6lel fel hetvenk\u00e9t pl\u00e9b\u00e1ni\u00e1n t\u00edz vikari\u00e1tuson bel\u00fcl. Az els\u0151 p\u00fcsp\u00f6k\u00f6t, Franti\u0161ek Radkovsk\u00fdt a jelenlegi p\u00fcsp\u00f6k, Tom\u00e1\u0161 Holub k\u00f6vette; sz\u00e9kesegyh\u00e1zi sz\u00e9khely\u00fck Szent Bertalan-templomban tal\u00e1lhat\u00f3. A protest\u00e1ns hagyom\u00e1nyok is vir\u00e1goznak: a Cseh Testv\u00e9rek Evang\u00e9likus Egyh\u00e1za itt tartja fenn nyugat-csehorsz\u00e1gi senior\u00e1tus\u00e1t, a Koranda gy\u00fclekezet seniorja, Miroslav Hamari \u00e9s Josef Bene\u0161 egyh\u00e1zi gondnok vezet\u00e9s\u00e9vel; tov\u00e1bbi k\u00e9t testv\u00e9rpl\u00e9b\u00e1nia a Ji\u017en\u00ed p\u0159edm\u011bst\u00ed \u00e9s a k\u00f6zeli Chr\u00e1st telep\u00fcl\u00e9seket szolg\u00e1lja ki. A v\u00e1ros ad otthont a Csehszlov\u00e1k Huszita Egyh\u00e1z plze\u0148i egyh\u00e1zmegy\u00e9j\u00e9nek, amelyet Filip \u0160tojdl p\u00fcsp\u00f6k vezet, b\u00e1r a p\u00fcsp\u00f6ki rezidencia ideiglenesen Mirovice-be k\u00f6lt\u00f6z\u00f6tt. Itt tal\u00e1lhat\u00f3 a Cseh Evang\u00e9likus Luther\u00e1nus Egyh\u00e1z k\u00f6zpontja is, amelynek Szent P\u00e1l Luther\u00e1nus Egyh\u00e1za a helyi gy\u00fclekezetnek szolg\u00e1l. M\u00e1s felekezetek \u2013 az augsburgi evang\u00e9likusok, a metodist\u00e1k, a hetednapi adventist\u00e1k, a testv\u00e9rek, az ortodoxok \u00e9s a g\u00f6r\u00f6g katolikusok \u2013 is hozz\u00e1j\u00e1rulnak Plze\u0148 vall\u00e1si vil\u00e1g\u00e1hoz.<\/p>\n<p>A m\u00fazeumok \u00e9s gal\u00e9ri\u00e1k kiemelik a v\u00e1ros intellektu\u00e1lis soksz\u00edn\u0171s\u00e9g\u00e9t. A Kopeck\u00e9ho sady-ban tal\u00e1lhat\u00f3 Nyugat-Csehorsz\u00e1gi M\u00fazeum v\u00e1ltakoz\u00f3 r\u00e9g\u00e9szeti, m\u0171v\u00e9szeti \u00e9s t\u00f6rt\u00e9nelmi ki\u00e1ll\u00edt\u00e1sokat k\u00edn\u00e1l, m\u00edg a V\u00e1rosi Fegyvert\u00e1r a 14. \u00e9s 17. sz\u00e1zad k\u00f6z\u00f6tti l\u0151fegyvereket \u00e9s p\u00e1nc\u00e9lokat \u0151rzi. A k\u00f6zelben tal\u00e1lhat\u00f3 a Pilsen r\u00e9gi\u00f3 N\u00e9prajzi M\u00fazeuma, a S\u00f6rf\u0151zde M\u00fazeum pedig a helyi s\u00f6rf\u0151z\u00e9st k\u00f6veti nyomon a k\u00f6z\u00e9pkori szerzetesi jogokt\u00f3l \u2013 melyeket IV. K\u00e1roly kir\u00e1ly adom\u00e1nyozott 1375-ben \u2013 a modern termel\u00e9sig. A Techmania Tudom\u00e1nyos K\u00f6zpont, amely egykori \u0160koda gy\u00e1rkomplexumban tal\u00e1lhat\u00f3, interakt\u00edv m\u00f3don felfedezheti a fizik\u00e1t \u00e9s a m\u00e9rn\u00f6ki tudom\u00e1nyokat. A hadt\u00f6rt\u00e9netnek otthont ad a Patton Eml\u00e9km\u0171 Pilsen, amely az amerikai Harmadik Hadsereg 1945 m\u00e1jusi felszabad\u00edt\u00e1s\u00e1nak \u00e1ll\u00edt eml\u00e9ket. K\u00f6nnyebb \u00e9telek v\u00e1rnak a Szellemm\u00fazeumban, folkl\u00f3r tabl\u00f3j\u00e1val, valamint a B\u00e1bm\u00fazeumban, amely Plze\u0148 t\u00f6rt\u00e9nelmi marionett hagyom\u00e1ny\u00e1t \u00fcnnepli. A ferences kolostorban tal\u00e1lhat\u00f3 Egyh\u00e1zmegyei M\u00fazeum g\u00f3tikus \u00e9s barokk szobr\u00e1szati \u200b\u200balkot\u00e1sokat k\u00edn\u00e1l, b\u00e1r gal\u00e9ri\u00e1i jelenleg z\u00e1rva tartanak.<\/p>\n<p>A m\u0171v\u00e9szet szerelmesei a pilseni V\u00e1rosi M\u0171v\u00e9szeti Gal\u00e9ri\u00e1ban \u00e9s annak t\u00e1rs\u00e9p\u00fclet\u00e9ben, a Masn\u00e9 kr\u00e1myban (Nyugat-Csehorsz\u00e1gi M\u0171v\u00e9szeti Gal\u00e9ria) gy\u0171lnek \u00f6ssze, a Ji\u0159\u00ed Trnka M\u0171v\u00e9szeti Gal\u00e9ria mellett, amely a h\u00edres helyi b\u00e1bm\u0171v\u00e9szr\u0151l \u00e9s illusztr\u00e1torr\u00f3l kapta a nev\u00e9t. A v\u00e1rosi perem\u00e9n t\u00fal tal\u00e1lhat\u00f3 a Neb\u0159ehovice-i L\u00e9gi Park, ahol egy mintegy \u00f6tven rep\u00fcl\u0151g\u00e9pb\u0151l \u00e1ll\u00f3 szabadt\u00e9ri gy\u0171jtem\u00e9ny eml\u00e9keztet Plze\u0148 rep\u00fcl\u0151g\u00e9pipari kapcsolataira.<\/p>\n<p>Plze\u0148 felfedez\u00e9se annyit tesz, mint egyszerre \u00e9lvezni a h\u00e9tk\u00f6znapit \u00e9s a rendk\u00edv\u00fclit. Egy s\u00e9t\u00e1val a v\u00e1rosi parkokban cser\u00e9ptet\u0151k \u00e9s templomtornyok l\u00e1tv\u00e1nya t\u00e1rul el\u00e9nk; a Szent Bertalan-templom harangtorny\u00e1hoz vezet\u0151 l\u00e9pcs\u0151n felkapaszkodva leny\u0171g\u00f6z\u0151 panor\u00e1ma t\u00e1rul el\u00e9nk a h\u00e1ztet\u0151kr\u0151l \u00e9s a foly\u00f3kanyarulatokr\u00f3l. A Nagy Zsinag\u00f3ga k\u00f6zel\u00e9ben l\u00e9v\u0151 kocsm\u00e1kban vagy a Radbuza rakpartj\u00e1n egy poh\u00e1r sz\u0171retlen Pilsner Urquell felid\u00e9zi a v\u00e1ros s\u00f6rf\u0151z\u00e9si \u00f6r\u00f6ks\u00e9g\u00e9t. Azoknak, akik ritka izgalmakra v\u00e1gynak, a mag\u00e1nc\u00e9gek, mint p\u00e9ld\u00e1ul a MiGFlug &amp; Adventure, lehet\u0151s\u00e9get k\u00edn\u00e1lnak egy vad\u00e1szg\u00e9p vezet\u00e9s\u00e9re egy Plze\u0148 k\u00f6zel\u00e9ben l\u00e9v\u0151 b\u00e1zisr\u00f3l \u2013 ez az \u00e9lm\u00e9ny b\u00e1r k\u00f6lts\u00e9ges, kiemeli a v\u00e1ros tart\u00f3s kapcsolat\u00e1t a sebess\u00e9ggel \u00e9s a pontoss\u00e1ggal.<\/p>\n<p>A plze\u0148i sporth\u0171s\u00e9g az FC Viktoria Plze\u0148re \u00f6sszpontosul, melynek bajnokcsapata a Doosan Ar\u00e9n\u00e1ban, egy tizenk\u00e9tezer f\u00e9r\u0151helyes stadionban j\u00e1tszik, r\u00f6vid s\u00e9t\u00e1ra a K\u00f6zt\u00e1rsas\u00e1g t\u00e9rt\u0151l. A j\u00e9gkorongrajong\u00f3k a HC \u0160koda Plze\u0148 csapat\u00e1t k\u00f6vetik a Logspeed CZ Ar\u00e9n\u00e1ban, ahol minden t\u00e9len a korcsolyacsap\u00e1s visszhangzik a j\u00e9gen.<\/p>\n<p>A v\u00e1ros napt\u00e1ra t\u00fckr\u00f6zi Plze\u0148 sokr\u00e9t\u0171 m\u00faltj\u00e1t \u00e9s dinamikus jelen\u00e9t. Minden m\u00e1jusban, 1945. m\u00e1jus 6-i felszabadul\u00e1s\u00e1nak \u00e9vfordul\u00f3ja k\u00f6rny\u00e9k\u00e9n a Felszabad\u00edt\u00e1si Fesztiv\u00e1l zen\u00e9vel \u00e9s eml\u00e9kez\u00e9ssel t\u00f6lti meg az utc\u00e1kat. Ny\u00e1ron ker\u00fcl megrendez\u00e9sre a B\u00e1bsz\u00ednh\u00e1zi Rock Fesztiv\u00e1l \u2013 a zene \u00e9s a b\u00e1boz\u00e1s szabadt\u00e9ri tal\u00e1lkoz\u00f3helye a Plze\u0148 Plaza parkj\u00e1ban j\u00falius utols\u00f3 h\u00e9tv\u00e9g\u00e9j\u00e9n \u2013, augusztus elej\u00e9n pedig az Utc\u00e1kon Fesztiv\u00e1l, amely sz\u00ednh\u00e1zi, t\u00e1ncos \u00e9s utcai el\u0151ad\u00e1sokat mutat be sz\u00e9tsz\u00f3rt sz\u00ednpadokon \u00e9s a K\u00f6zt\u00e1rsas\u00e1g t\u00e9r hatalmas platformj\u00e1n. Az \u0151sz f\u00e9nypontja a Pilsner Fesztiv\u00e1l minden szeptemberben, amikor az eredeti s\u00f6rf\u0151zde s\u00f6rrajong\u00f3kat l\u00e1t vend\u00e9g\u00fcl 1842-es alap\u00edt\u00e1s\u00e1nak \u00fcnnepl\u00e9s\u00e9re.<\/p>\n<p>Plze\u0148ben a t\u00f6rt\u00e9nelem \u00e9s a modernit\u00e1s \u00f6sszefon\u00f3dik. G\u00f3tikus k\u0151, renesz\u00e1nsz bolt\u00edvek \u00e9s m\u00f3r d\u00edsz\u00edt\u00e9sek szeg\u00e9lyezik a villamosokkal \u00e9s robog\u00f3kkal teli utc\u00e1kat. Foly\u00f3k tal\u00e1lkoznak, \u00e9s tal\u00e1lkoz\u00e1sukban a v\u00e1ros egyszerre tal\u00e1l kereskedelmet \u00e9s kellemes k\u00f6rnyezetet. Itt a m\u00falt sem megk\u00f6vesedett, sem feled\u00e9sbe mer\u00fclt; olyan biztosan h\u00f6mp\u00f6ly\u00f6g, mint a Berounka foly\u00f3, \u00faj horizontok fel\u00e9.<\/p>","protected":false},"excerpt":{"rendered":"<p>Plze\u0148, egy jelent\u0151s t\u00f6rt\u00e9nelmi \u00e9s kultur\u00e1lis jelent\u0151s\u00e9g\u0171 v\u00e1ros, a Cseh K\u00f6zt\u00e1rsas\u00e1g nyugati r\u00e9gi\u00f3j\u00e1ban tal\u00e1lhat\u00f3, Pr\u00e1g\u00e1t\u00f3l nagyj\u00e1b\u00f3l 78 kilom\u00e9terre nyugatra. Plze\u0148 lakoss\u00e1ga a tulajdonk\u00e9ppeni v\u00e1rosban k\u00f6r\u00fclbel\u00fcl 186 000, a v\u00e1rosi ter\u00fclet\u00e9n pedig k\u00f6r\u00fclbel\u00fcl 323 184 lakos\u00fa, \u00edgy a negyedik legn\u00e9pesebb v\u00e1ros a Cseh K\u00f6zt\u00e1rsas\u00e1gban. Ez a nyugat-csehorsz\u00e1gi v\u00e1rosk\u00f6zpont \u00e9vsz\u00e1zadokon kereszt\u00fcl jelent\u0151sen hozz\u00e1j\u00e1rult a r\u00e9gi\u00f3 fejl\u0151d\u00e9s\u00e9hez, \u00e9s egy k\u00f6z\u00e9pkori kereskedelmi \u00e1llom\u00e1sb\u00f3l kort\u00e1rs ipari \u00e9s kultur\u00e1lis k\u00f6zpontt\u00e1 alakult.<\/p>","protected":false},"author":1,"featured_media":2986,"parent":14322,"menu_order":0,"comment_status":"closed","ping_status":"closed","template":"elementor_theme","meta":{"_eb_attr":"","footnotes":""},"class_list":["post-14355","page","type-page","status-publish","has-post-thumbnail"],"_links":{"self":[{"href":"https:\/\/travelshelper.com\/hu\/wp-json\/wp\/v2\/pages\/14355","targetHints":{"allow":["GET"]}}],"collection":[{"href":"https:\/\/travelshelper.com\/hu\/wp-json\/wp\/v2\/pages"}],"about":[{"href":"https:\/\/travelshelper.com\/hu\/wp-json\/wp\/v2\/types\/page"}],"author":[{"embeddable":true,"href":"https:\/\/travelshelper.com\/hu\/wp-json\/wp\/v2\/users\/1"}],"replies":[{"embeddable":true,"href":"https:\/\/travelshelper.com\/hu\/wp-json\/wp\/v2\/comments?post=14355"}],"version-history":[{"count":0,"href":"https:\/\/travelshelper.com\/hu\/wp-json\/wp\/v2\/pages\/14355\/revisions"}],"up":[{"embeddable":true,"href":"https:\/\/travelshelper.com\/hu\/wp-json\/wp\/v2\/pages\/14322"}],"wp:featuredmedia":[{"embeddable":true,"href":"https:\/\/travelshelper.com\/hu\/wp-json\/wp\/v2\/media\/2986"}],"wp:attachment":[{"href":"https:\/\/travelshelper.com\/hu\/wp-json\/wp\/v2\/media?parent=14355"}],"curies":[{"name":"wp","href":"https:\/\/api.w.org\/{rel}","templated":true}]}}