{"id":14301,"date":"2024-09-19T08:21:38","date_gmt":"2024-09-19T08:21:38","guid":{"rendered":"https:\/\/travelshelper.com\/staging\/?page_id=14301"},"modified":"2026-03-11T23:25:07","modified_gmt":"2026-03-11T23:25:07","slug":"koppenhaga","status":"publish","type":"page","link":"https:\/\/travelshelper.com\/hu\/destinations\/europe\/denmark\/copenhagen\/","title":{"rendered":"Koppenh\u00e1ga"},"content":{"rendered":"<p>Koppenh\u00e1ga az \u00e9vsz\u00e1zadok r\u00e9tegz\u0151d\u00e9s\u00e9nek tan\u00fabizonys\u00e1ga \u2013 egykor szer\u00e9ny hal\u00e1sztelep\u00fcl\u00e9s volt, ma pedig egy vir\u00e1gz\u00f3 \u00e9szak-eur\u00f3pai f\u0151v\u00e1ros, ahol a k\u00f6z\u00e9pkori utc\u00e1k s\u00farolj\u00e1k a karcs\u00fa, modern homlokzatokat, \u00e9s ahol a kultur\u00e1lis int\u00e9zm\u00e9nyek \u00e9s a legmodernebb ipar\u00e1gak egyenl\u0151 hangs\u00falyt kapnak. A v\u00e1ros a mai Gammel Strand kanyarg\u00f3s vizei melletti tizedik sz\u00e1zadi megalap\u00edt\u00e1s\u00e1t\u00f3l kezdve tan\u00faja volt birodalmak felemelked\u00e9s\u00e9nek \u00e9s buk\u00e1s\u00e1nak, a pestisj\u00e1rv\u00e1nyok \u00e9s a bomb\u00e1z\u00e1sok borzalmainak, valamint a v\u00e1rosi j\u00f6v\u0151k\u00e9p folyamatos kibontakoz\u00e1s\u00e1nak. Ma Koppenh\u00e1ga 1,4 milli\u00f3 lakosnak ad otthont v\u00e1rosi magj\u00e1ban, amely Sj\u00e6lland \u00e9s Amager sziget\u00e9n \u00e1t\u00edvel, \u00e9s a d\u00e1n \u00e9s sv\u00e9d partokat \u00f6sszek\u00f6t\u0151 kecses h\u00eddon kereszt\u00fcl az \u00d8resundon \u00e1t Malm\u0151ig \u00e9r. D\u00e1nia politikai sz\u00e9khelyek\u00e9nt, gazdas\u00e1gi motorjak\u00e9nt \u00e9s kultur\u00e1lis sz\u00edvek\u00e9nt \u00f6tv\u00f6zi a kir\u00e1lyi amb\u00edci\u00f3k \u00e9s a felvil\u00e1gosod\u00e1s kori tud\u00e1s \u00f6r\u00f6ks\u00e9g\u00e9t a huszonegyedik sz\u00e1zadi gy\u00f3gyszeripari, informatikai \u00e9s tiszta energia k\u00f6zpont lend\u00fclet\u00e9vel, mik\u00f6zben meg\u0151rzi azt az emberi l\u00e9pt\u00e9ket \u00e9s z\u00f6ldter\u00fcleteket, amelyek a vil\u00e1g egyik leg\u00e9lhet\u0151bb v\u00e1ros\u00e1v\u00e1 teszik.<\/p>\n<p>A v\u00e1ros k\u00f6z\u00e9pkori sz\u00edve el\u0151sz\u00f6r a vikingek fel\u00fcgyelete alatt l\u00fcktetett \u00e9letre, szer\u00e9ny hal\u00e1szkunyh\u00f3i \u00e1tadt\u00e1k hely\u00fcket az er\u0151d\u00edtett b\u00e1sty\u00e1knak, amelyek egy napon az Er\u0151d\u00edtm\u00e9nygy\u0171r\u0171t alkott\u00e1k. A tizen\u00f6t\u00f6dik sz\u00e1zad elej\u00e9re Koppenh\u00e1ga f\u0151v\u00e1rosi rangot kapott, a tizenhatodikban pedig a Kalmari Uni\u00f3 de facto monarchikus sz\u00e9khelyek\u00e9nt szolg\u00e1lt, egyetlen korona alatt k\u00f6tve \u00f6ssze D\u00e1ni\u00e1t, Sv\u00e9dorsz\u00e1got \u00e9s Norv\u00e9gi\u00e1t. A kereskedelem renesz\u00e1nsz f\u0151\u00fatjain kereszt\u00fcl folyt, \u00e9s a v\u00e1ros Skandin\u00e1via kultur\u00e1lis olvaszt\u00f3t\u00e9gelyek\u00e9nt vir\u00e1gzott. A tizenhetedik sz\u00e1zad tov\u00e1bb szil\u00e1rd\u00edtotta hatalmi k\u00f6zpontk\u00e9nt bet\u00f6lt\u00f6tt szerep\u00e9t \u2013 a palot\u00e1k, fegyvert\u00e1rak \u00e9s korm\u00e1nyzati miniszt\u00e9riumok tekint\u00e9lyt sug\u00e1roztak egy olyan v\u00e1rosi magb\u00f3l, amely folyamatosan terjeszkedett az \u0151si falakon t\u00falra. A tizennyolcadik sz\u00e1zad azonban egyszerre hozott katasztr\u00f3f\u00e1t \u00e9s meg\u00fajul\u00e1st: pestis \u00e9s nagy t\u0171zv\u00e9szek puszt\u00edtottak el a fah\u00e1zak sorait, csakhogy a v\u00e1rostervez\u0151k a Frederiksstadennel, a rokok\u00f3 k\u00fari\u00e1k \u00e9s sz\u00e9les sug\u00e1rutak tekint\u00e9lyes negyed\u00e9vel v\u00e1laszoltak. Ebben a korszakban a Kir\u00e1lyi Sz\u00ednh\u00e1z \u00e9s a K\u00e9pz\u0151m\u0171v\u00e9szeti Akad\u00e9mia megalapozta Koppenh\u00e1ga kultur\u00e1lis amb\u00edci\u00f3it, m\u00e9g akkor is, amikor a v\u00e1ros sajn\u00e1latos m\u00f3don profit\u00e1lt a kereskedelmi flott\u00e1j\u00e1n kereszt\u00fclhalad\u00f3 rabszolga-kereskedelemb\u0151l.<\/p>\n<p>A nap\u00f3leoni h\u00e1bor\u00fak felfordul\u00e1sa 1807-ben \u00e9rte el Koppenh\u00e1ga kapuit, amikor egy brit flotta bomb\u00e1zta a v\u00e1rost, \u00e9s megad\u00e1sra k\u00e9nyszer\u00edtette azt. Ennek a szerencs\u00e9tlens\u00e9gnek a hamvaib\u00f3l emelkedett ki a d\u00e1n aranykor \u2013 a neoklasszikus \u00e9p\u00edt\u00e9szet, a m\u0171v\u00e9szeti \u00faj\u00edt\u00e1sok \u00e9s a filoz\u00f3fiai erjed\u00e9s id\u0151szaka, amely \u00e1talak\u00edtotta a v\u00e1ros arculat\u00e1t. A huszadik sz\u00e1zadban a h\u00e1bor\u00fa ut\u00e1ni \u00fajj\u00e1\u00e9p\u00edt\u00e9s hozta l\u00e9tre az Ujjtervet, egy el\u0151remutat\u00f3 tervezetet, amely \u00f6t vas\u00fati folyos\u00f3 ment\u00e9n ir\u00e1ny\u00edtotta a n\u00f6veked\u00e9st, biztos\u00edtva, hogy a lakhat\u00e1s \u00e9s a kereskedelem a k\u00f6zleked\u00e9si infrastrukt\u00far\u00e1val \u00f6sszhangban fejl\u0151dj\u00f6n. Az \u00d8resund h\u00edd befejez\u00e9se az ezredfordul\u00f3n tov\u00e1bb n\u00f6velte Koppenh\u00e1ga hat\u00f3k\u00f6r\u00e9t, \u00f6sszekapcsolva azt a sv\u00e9dorsz\u00e1gi \u00d6resund r\u00e9gi\u00f3val, \u00e9s el\u0151seg\u00edtve a gazdas\u00e1gi \u00e9s kultur\u00e1lis cser\u00e9t a tengeren t\u00fal.<\/p>\n<p>F\u00f6ldrajzilag Koppenh\u00e1g\u00e1t a tenger \u00f6lel\u00e9se hat\u00e1rozza meg. Sj\u00e6lland keleti partj\u00e1n fekszik, d\u00e9l fel\u00e9 Amagerig terjed, \u00e9s a D\u00e1nia \u00e9s Sv\u00e9dorsz\u00e1g k\u00f6z\u00f6tti \u00f6b\u00f6lben lebeg\u0151 szigetcsoportra tart ig\u00e9nyt. Az \u00d8resundon t\u00fal Malm\u00f6 k\u00f6z\u00faton 42 kilom\u00e9terre d\u00e9lkeletre fekszik; N\u00e6stved \u00e9s Odense 85, illetve 164 kilom\u00e9terre d\u00e9lnyugatra; Aarhus pedig tengeren \u00e9s k\u00f6z\u00faton mintegy 188 kilom\u00e9terre \u00e9szaknyugatra fekszik. Ezeken a t\u00e1vols\u00e1gokon bel\u00fcl a v\u00e1ros befoly\u00e1sa \u2013 politikai, kereskedelmi \u00e9s kultur\u00e1lis \u2013 kisug\u00e1rzik, ugyanolyan \u00fcgyesen k\u00f6tve \u00f6ssze a szigetet a sz\u00e1razf\u00f6lddel, mint ahogy hidak, kompok \u00e9s alagutak h\u00e1l\u00f3zata k\u00f6ti \u00f6ssze az egyik ker\u00fcletet a m\u00e1sikkal.<\/p>\n<p>Az egykor Koppenh\u00e1g\u00e1t v\u00e9d\u0151 \u0151si b\u00e1sty\u00e1k ma is form\u00e1t adnak az Er\u0151d\u00edtm\u00e9nygy\u0171r\u0171nek, amely ma egy z\u00f6ld szalagk\u00e9nt \u00f6leli k\u00f6r\u00fcl a k\u00f6z\u00e9pkori v\u00e1rosmagot. M\u00f6g\u00f6tt\u00fck a tizenkilencedik sz\u00e1zadi munk\u00e1snegyedek \u2013 \u00d8sterbro, N\u00f8rrebro, Vesterbro, Amagerbro \u2013 1870 \u00e9s 1915 k\u00f6z\u00f6tt emelkedtek ki, r\u00e1csos utc\u00e1ikat t\u00e9gla\u00e9p\u00fcletek szeg\u00e9lyezt\u00e9k, \u00e9s kis parkok tark\u00edtott\u00e1k. Az 1920 \u00e9s 1960 k\u00f6z\u00f6tt l\u00e9trej\u00f6tt k\u00fclv\u00e1rosok \u2013 Kongens Enghave, Valby, Vanl\u00f8se \u00e9s m\u00e1sok \u2013 l\u00e1gyabb jelleget \u00f6lt\u00f6ttek, ahol az alacsony \u00e9p\u00edt\u00e9s\u0171 lak\u00f3telepek z\u00f6ldter\u00fcletekkel osztoztak a t\u00e9ren. A v\u00e1ros parkh\u00e1l\u00f3zata \u00e9s partvonala szerves r\u00e9sze a mindennapi \u00e9letnek: az Amager Strandpark, egy 2005-ben megny\u00edlt mesters\u00e9ges tengerparti t\u00e1j, 4,6 kilom\u00e9ternyi homokos partszakaszt \u00e9s s\u00e9t\u00e1nyt k\u00edn\u00e1l kevesebb mint tizen\u00f6t perc ker\u00e9kp\u00e1r\u00fatra a k\u00f6zpontt\u00f3l, m\u00edg az \u00e9szakon tal\u00e1lhat\u00f3 Bellevue strand \u00e9s a h\u00edres Harbour Baths az Islands Brygge-ben eg\u00e9sz \u00e9vben v\u00e1rja a l\u00e1togat\u00f3kat \u00fasz\u00e1sra \u00e9s pihen\u00e9sre.<\/p>\n<p>Koppenh\u00e1ga \u00f3ce\u00e1ni \u00e9ghajlata az atlanti m\u00e9lypontok, az enyhe nyarak \u00e9s a h\u0171v\u00f6s telek szesz\u00e9lyes j\u00e1t\u00e9k\u00e1t hozza mag\u00e1val. A csapad\u00e9kmennyis\u00e9g m\u00e9rs\u00e9kelt, b\u00e1r j\u00faliust\u00f3l szeptemberig kiss\u00e9 nedvesebb lehet, \u00e9s a h\u00f3 \u00e1ltal\u00e1ban december v\u00e9ge \u00e9s m\u00e1rcius eleje k\u00f6z\u00f6tt esik, id\u0151nk\u00e9nt ak\u00e1r f\u00e9l m\u00e9tert is felhalmozva huszonn\u00e9gy \u00f3ra alatt. A naps\u00fct\u00e9ses \u00f3r\u00e1k sz\u00e1ma dr\u00e1maian ingadozik \u2013 a j\u00faniusi napi nagyj\u00e1b\u00f3l nyolct\u00f3l a t\u00e9l k\u00f6zep\u00e9n alig m\u00e1sf\u00e9lig \u2013, ami m\u00e9g hangs\u00falyosabb\u00e1 teszi a kontrasztot a 04:26-t\u00f3l 21:58-ig tart\u00f3 ny\u00e1rk\u00f6z\u00e9pi nap \u00e9s a 08:37-t\u0151l 15:39-ig tart\u00f3 r\u00f6vid t\u00e9li nappal k\u00f6z\u00f6tt. A h\u0151m\u00e9rs\u00e9klet cs\u00facs\u00e9rt\u00e9kei \u00e1tlagosan 21 \u00b0C-on mozognak a forr\u00f3 j\u00faliusban, m\u00edg a leghidegebb hetek fagypont k\u00f6zel\u00e9ben alakulnak.<\/p>\n<p>Demogr\u00e1fiailag Koppenh\u00e1ga D\u00e1nia legnagyobb telep\u00fcl\u00e9se, 2022-ben mintegy 644 000 lakossal, ami 764 000-re emelkedik, ha statisztikai c\u00e9lb\u00f3l Frederiksberg, Drag\u00f8r \u00e9s T\u00e5rnby k\u00fclv\u00e1rosait is belesz\u00e1m\u00edtjuk. A bev\u00e1ndorl\u00e1s alak\u00edtotta a k\u00f6zelm\u00faltbeli n\u00f6veked\u00e9st: 2022 elej\u00e9n a telep\u00fcl\u00e9s lakoss\u00e1g\u00e1nak k\u00f6zel 27 sz\u00e1zal\u00e9ka D\u00e1ni\u00e1n k\u00edv\u00fclr\u0151l sz\u00e1rmazott, a legnagyobb k\u00fclf\u00f6ldi sz\u00fclet\u00e9s\u0171 k\u00f6z\u00f6ss\u00e9gek Pakiszt\u00e1nb\u00f3l, T\u00f6r\u00f6korsz\u00e1gb\u00f3l, Irakb\u00f3l, N\u00e9metorsz\u00e1gb\u00f3l \u00e9s Lengyelorsz\u00e1gb\u00f3l \u00e9rkeztek. A vall\u00e1si \u00e9let t\u00fckr\u00f6zi ezt a soksz\u00edn\u0171s\u00e9get. A D\u00e1n Nemzeti Egyh\u00e1z a lakoss\u00e1g alig t\u00f6bb mint fel\u00e9t teszi ki, m\u00edg az iszl\u00e1m a m\u00e1sodik legnagyobb vall\u00e1ss\u00e1 v\u00e1lt, a lakosok mintegy 10 sz\u00e1zal\u00e9k\u00e1t \u00f6leli fel, \u00e9s \u00e9l\u00e9nk k\u00f6z\u00f6ss\u00e9geket hoz l\u00e9tre N\u00f8rrebroban \u00e9s Vestegnenben. Koppenh\u00e1ga zsid\u00f3 \u00f6r\u00f6ks\u00e9ge a tizenhetedik sz\u00e1zadig ny\u00falik vissza, \u00e9s ma is l\u00e1that\u00f3 a m\u0171k\u00f6d\u0151 zsinag\u00f3g\u00e1kban \u00e9s a D\u00e1n Zsid\u00f3 M\u00fazeumban.<\/p>\n<p>D\u00e1nia korm\u00e1nyzati sz\u00e9khelyek\u00e9nt Koppenh\u00e1ga ad otthont a Folketingnek \u00e9s a nemzeti politik\u00e1t ir\u00e1ny\u00edt\u00f3 miniszt\u00e9riumoknak. Koppenh\u00e1ga az orsz\u00e1g p\u00e9nz\u00fcgyi k\u00f6zpontja, amelynek k\u00f6zpontja a Koppenh\u00e1gai \u00c9rt\u00e9kt\u0151zsde, valamint a szolg\u00e1ltat\u00e1sok nagyhatalommal b\u00edr \u2013 a k\u00f6zleked\u00e9s, a kommunik\u00e1ci\u00f3, a kereskedelem \u00e9s a p\u00e9nz\u00fcgyek adj\u00e1k a 350 000 f\u0151s munkaer\u0151 t\u00f6bbs\u00e9g\u00e9t. A huszonegyedik sz\u00e1zad elej\u00e9n az inform\u00e1ci\u00f3s technol\u00f3gi\u00e1ba, a gy\u00f3gyszeriparba \u00e9s a tiszta technol\u00f3gi\u00e1ba t\u00f6rt\u00e9n\u0151 beruh\u00e1z\u00e1sok a szolg\u00e1ltat\u00e1si szektor gyors b\u0151v\u00fcl\u00e9s\u00e9t eredm\u00e9nyezt\u00e9k. A t\u00e1gabb f\u0151v\u00e1rosi r\u00e9gi\u00f3 2017-ben k\u00f6r\u00fclbel\u00fcl 120 milli\u00e1rd eur\u00f3s GDP-t k\u00f6nyvelt el, amivel Eur\u00f3pa egyik vezet\u0151 r\u00e9gi\u00f3ja az egy f\u0151re jut\u00f3 kibocs\u00e1t\u00e1s tekintet\u00e9ben. Koppenh\u00e1ga, mint a z\u00f6ld gazdas\u00e1g glob\u00e1lis vezet\u0151je, a hossz\u00fa t\u00e1v\u00fa elk\u00f6telezetts\u00e9gen alapul az alacsony sz\u00e9n-dioxid-kibocs\u00e1t\u00e1s\u00fa n\u00f6veked\u00e9s, az energiahat\u00e9konys\u00e1g \u00e9s a fenntarthat\u00f3 v\u00e1rostervez\u00e9s ir\u00e1nt.<\/p>\n<p>A v\u00e1rosban pezseg az akad\u00e9miai \u00e9let. Az 1479-ben alap\u00edtott Koppenh\u00e1gai Egyetem Eur\u00f3pa legr\u00e9gebbi fels\u0151oktat\u00e1si int\u00e9zm\u00e9nyei k\u00f6z\u00e9 tartozik, m\u00edg a D\u00e1n M\u0171szaki Egyetem, a Koppenh\u00e1gai \u00dczleti Iskola \u00e9s a Koppenh\u00e1gai IT Egyetem a vil\u00e1g minden t\u00e1j\u00e1r\u00f3l vonzza a tud\u00f3sokat. A sport is kiemelked\u0151 szerepet j\u00e1tszik: az FC Copenhagen \u00e9s a Br\u00f8ndby IF lelkes rajong\u00f3t\u00e1borral rendelkezik a futballban, az 1980 \u00f3ta megrendezett koppenh\u00e1gai maraton v\u00e9gigfut a v\u00e1ros sug\u00e1r\u00fatjain, a v\u00e1ros h\u00edresen ker\u00e9kp\u00e1rbar\u00e1t utc\u00e1i pedig meghazudtolj\u00e1k a t\u00f6megk\u00f6zleked\u00e9si h\u00e1l\u00f3zatot \u2013 a Movia buszok, a 2002 \u00f3ta m\u0171k\u00f6d\u0151 koppenh\u00e1gai metr\u00f3, az S-vonat, a Lokaltog vonalak \u00e9s a Coast Line \u2013, amelyek mind \u00f6sszefutnak, hogy kiszolg\u00e1lj\u00e1k az ing\u00e1z\u00f3kat \u00e9s a turist\u00e1kat. A Kastrup rep\u00fcl\u0151t\u00e9r, amely havi 2,5 milli\u00f3 utast fogad, az \u00e9szaki orsz\u00e1gok legforgalmasabb rep\u00fcl\u0151tere.<\/p>\n<p>Koppenh\u00e1ga l\u00e1tk\u00e9pe a sz\u00e1nd\u00e9kos visszafogotts\u00e1g \u00e9s a mer\u00e9sz innov\u00e1ci\u00f3 eredm\u00e9nye. A Middelalderbyen n\u00e9ven ismert k\u00f6z\u00e9pkori mag keskeny utc\u00e1kb\u00f3l \u00e9s \u0151si templomokb\u00f3l \u00e1ll, melyek k\u00f6z\u00e9ppontj\u00e1ban a slotsholmeni Christiansborg-palota \u00e1ll. A 18. sz\u00e1zadban V. Frigyes uralkod\u00e1sa alatt meg\u00e1lmodott Frederiksstaden rokok\u00f3 harm\u00f3ni\u00e1ba helyezi az Amalienborg n\u00e9gy k\u00fari\u00e1j\u00e1t \u00e9s a Frigyes-templom kupol\u00e1j\u00e1t. A t\u00f6rt\u00e9nelmi k\u00f6zponton t\u00fal kort\u00e1rs projektek emelkednek az \u00d8restad s\u00edks\u00e1gon \u00e9s a Holmenben, bele\u00e9rtve az Operah\u00e1zat \u00e9s a modern irodakomplexumokat, m\u00e9gis a politikai akarat r\u00e9g\u00f3ta v\u00e9di a belv\u00e1rost a felh\u0151karcol\u00f3k terjeszked\u00e9s\u00e9t\u0151l. Az eredm\u00e9ny egy olyan v\u00e1ros, amely tiszteletben tartja f\u00fcgg\u0151leges hangs\u00falyait \u2013 a Megv\u00e1lt\u00f3nk \u00e9s a Szent Mikl\u00f3s tornyos templomait, IV. Kereszt\u00e9ly s\u00e1rk\u00e1nyfark\u00fa t\u0151zsdei torny\u00e1t \u2013, mik\u00f6zben meg\u0151rzi az emberi l\u00e9pt\u00e9k\u0171 l\u00e1tk\u00e9pet.<\/p>\n<p>Minden ker\u00fclet saj\u00e1t l\u00e1tv\u00e1nyoss\u00e1got k\u00edn\u00e1l. Indre By l\u00fcktet a Str\u00f8get s\u00e9t\u00e1l\u00f3utc\u00e1j\u00e1val, a Charlottenborg m\u0171v\u00e9szeti ki\u00e1ll\u00edt\u00e1saival \u00e9s a Nyhavn csatornaparti b\u00e1j\u00e1val. Christianshavn holland st\u00edlus\u00fa v\u00edzi \u00fatjaival \u00e9s Christiania auton\u00f3m enkl\u00e1v\u00e9j\u00e1val a tolerancia \u00e9s a kreativit\u00e1s szellem\u00e9t id\u00e9zi; Megv\u00e1lt\u00f3nk temploma az \u00e9g fel\u00e9 magasodik a lak\u00f3haj\u00f3k \u00e9s a ma m\u00e1r \u00e9szaki konyh\u00e1nak \u00e1talak\u00edtott rakt\u00e1rak mellett. Vesterbro Tivoli kertje \u00f3ri\u00e1sker\u00e9k-f\u00e9nyek alatt var\u00e1zsolja el a szesz\u00e9lyt, m\u00edg a Carlsberg negyed s\u00f6rf\u0151zde eml\u00e9km\u0171veit \u0151rzi kultur\u00e1lis helysz\u00ednek k\u00f6z\u00f6tt. N\u00f8rrebro a munk\u00e1soszt\u00e1lybeli gy\u00f6kerekb\u0151l vibr\u00e1l\u00f3 multikultur\u00e1lis utc\u00e1kk\u00e1 alakult \u00e1t, melyek k\u00f6z\u00e9ppontj\u00e1ban a Sankt Hans Torv \u00e9s az Assistens temet\u0151 lombos vigasz\u00e1t ny\u00fajtja. \u00d8sterbro nagyk\u00f6vets\u00e9gei \u00e9s v\u00edzpartja impoz\u00e1ns s\u00e9t\u00e1nyokat k\u00edn\u00e1l a Kis hable\u00e1ny szoborhoz, a Kastellet b\u00e1sty\u00e1i k\u00f6zel\u00e9ben tal\u00e1lhat\u00f3 mitikus faragv\u00e1nyokkal d\u00edsz\u00edtett Gefion-k\u00fathoz. Frederiksberg kiemelkedik, egy z\u00f6ld telep\u00fcl\u00e9s saj\u00e1t palot\u00e1val, \u00e1llatkerttel \u00e9s sz\u00ednh\u00e1zakkal. Az Amagerbe vezet\u0151 h\u00eddt\u00f3l d\u00e9lre Amagerbro \u00fczletei \u00e9s k\u00e1v\u00e9z\u00f3i eml\u00e9keztetik a l\u00e1togat\u00f3kat arra, hogy a mindennapi \u00e9let itt \u00e9l\u00e9nk \u00e9s helyi \u00fctemben zajlik.<\/p>\n<p>Koppenh\u00e1ga m\u00fazeumai a v\u00e1ros kultur\u00e1lis \u00e1ramlatait mutatj\u00e1k be. A Nemzeti M\u00fazeum a d\u00e1n \u00e9s a vil\u00e1g t\u00f6rt\u00e9nelm\u00e9t mutatja be; a Statens M\u00fazeum a k\u00f6z\u00e9pkori olt\u00e1rk\u00e9pekt\u0151l a kort\u00e1rs install\u00e1ci\u00f3kig k\u00f6veti nyomon a m\u0171v\u00e9szetet. A Ny Carlsberg Glyptotek klasszikus szobrokat \u00e9s impresszionista festm\u00e9nyeket \u0151riz \u00fcvegtet\u0151s gal\u00e9ri\u00e1k alatt; Louisiana a v\u00e1ros \u00e9szaki r\u00e9sz\u00e9n, a parton tal\u00e1lhat\u00f3, a modern m\u0171v\u00e9szetet az \u00d8resundra n\u00e9z\u0151 szoborparkokkal \u00f6tv\u00f6zve. A D\u00e1n Design M\u00fazeum, a Thorvaldsens neoklasszikus szobr\u00e1szati \u200b\u200bm\u00fazeuma, a Cisternerne f\u00f6ldalatti gal\u00e9ri\u00e1i \u00e9s az Ordrupgaard tizenkilencedik sz\u00e1zadi m\u0171v\u00e9szeti gy\u0171jtem\u00e9nye teszi teljess\u00e9 a k\u00edv\u00e1ncsis\u00e1got jutalmaz\u00f3 \u00e9s p\u00e1rbesz\u00e9det kezdem\u00e9nyez\u0151 int\u00e9zm\u00e9nyek konstell\u00e1ci\u00f3j\u00e1t.<\/p>\n<p>Koppenh\u00e1ga el\u0151ad\u00f3m\u0171v\u00e9szete nemzetk\u00f6zi elismer\u00e9st v\u00edvott ki mag\u00e1nak sz\u00ednpadon \u00e9s koncerttermekben. A D\u00e1n Kir\u00e1lyi Playhouse \u00e9s a Holmenen tal\u00e1lhat\u00f3 operah\u00e1z balett-, dr\u00e1ma- \u00e9s szimfonikus koncerteknek ad otthont olyan helysz\u00edneken, amelyek akusztik\u00e1j\u00e1r\u00f3l \u00e9s \u00e9p\u00edt\u00e9szeti mer\u00e9szs\u00e9g\u00e9r\u0151l egyar\u00e1nt elismertek. A Tivoli koncertterme \u00e9s a Jazzfesztiv\u00e1l \u2013 amelyek minden j\u00faliusban amerikai k\u00fclf\u00f6ldieket \u00e9s hazai tehets\u00e9geket vonzanak \u2013 az 1960-as \u00e9vek \u00f3ta \u00e9l\u0151 jazzhagyom\u00e1nyr\u00f3l tan\u00faskodnak. A vesterbroi Vega, amelyet Eur\u00f3pa legjobb koncerthelysz\u00ednei k\u00f6z\u00e9 sorolnak, \u00e9s olyan niche esem\u00e9nyek, mint a V\u00e9gtelen H\u00e1la Fesztiv\u00e1lja, egy olyan v\u00e1rost mutatnak be, amely mind a mainstream el\u0151ad\u00f3kra, mind az underground k\u00eds\u00e9rletez\u00e9sre odafigyel. Ny\u00e1ron a Str\u00f8get szabadt\u00e9ri sz\u00ednh\u00e1zz\u00e1 v\u00e1lik utcai el\u0151ad\u00f3k, b\u0171v\u00e9szek \u00e9s zen\u00e9szek sz\u00e1m\u00e1ra, ahol r\u00f6gt\u00f6nz\u00f6tt el\u0151ad\u00e1sok tark\u00edtj\u00e1k a gyalogosok \u00e1raml\u00e1s\u00e1t.<\/p>\n<p>Koppenh\u00e1ga kulin\u00e1ris renesz\u00e1nsza a glob\u00e1lis gasztron\u00f3mia \u00e9lvonal\u00e1ba emelte a v\u00e1rost. Az amerikai k\u00e9pz\u00e9s\u0171 szak\u00e1csok \u00e9s a d\u00e1n l\u00e1tnokok egyar\u00e1nt el\u0151seg\u00edtett\u00e9k az \u00faj \u00e9szaki konyha kialakul\u00e1s\u00e1t, a Noma \u00e9s a Geranium pedig nemzetk\u00f6zi elismer\u00e9st aratott. Tizen\u00f6t Michelin-csillag d\u00edsz\u00edti a v\u00e1ros asztalait, a kifinomult k\u00f3stol\u00f3men\u00fckt\u0151l a helyi alapanyagok k\u00eds\u00e9rleti kever\u00e9keiig. A haute cuisine mellett a v\u00e1ros tiszteli a sm\u00f8rrebr\u00f8d-ot \u2013 a nyitott tetej\u0171 rozsszendvicseket, amelyek egyszer\u0171 felt\u00e9teket \u00f6tv\u00f6znek k\u00e9zm\u0171ves munk\u00e1val \u2013 \u00e9s a d\u00e1n p\u00e9ks\u00fctem\u00e9nyeket, amelyek \u00e9vsz\u00e1zadok \u00e9des \u00f6r\u00f6ks\u00e9g\u00e9t hordozz\u00e1k. Az 1870 \u00f3ta folyamatosan m\u0171k\u00f6d\u0151 Conditori La Glace a cukr\u00e1szati \u200b\u200bk\u00e9zm\u0171vess\u00e9g \u00e9l\u0151 arch\u00edvumak\u00e9nt \u00e1ll. Ek\u00f6zben a hagyom\u00e1ny \u00e9s az innov\u00e1ci\u00f3 egy\u00fctt \u00e9l Koppenh\u00e1ga s\u00f6rvil\u00e1g\u00e1ban: a Carlsberg t\u00f6rt\u00e9nelmi s\u00f6rf\u0151zd\u00e9je a kor\u00e1bbi ipari terekben hop-forward s\u00f6r\u00f6ket termel\u0151 kis s\u00f6rf\u0151zd\u00e9k mellett m\u0171k\u00f6dik.<\/p>\n<p>Amikor lesz\u00e1ll az est, Koppenh\u00e1ga olyan pezsg\u00e9st t\u00e1r el\u00e9nk, amely meghazudtolja a skandin\u00e1v visszafogotts\u00e1gr\u00f3l alkotott elk\u00e9pzel\u00e9seket. Vesterbro, N\u00f8rrebro, Frederiksberg \u00e9s Amagerbro b\u00e1rjai \u00e9s klubjai k\u00e9s\u0151 estig nyitva tartanak \u2013 n\u00e9melyik hajnalig \u2013, mik\u00f6zben a liber\u00e1lis alkoholkult\u00fara t\u00e1rsadalmi felel\u0151ss\u00e9gv\u00e1llal\u00e1ssal m\u00e9rs\u00e9kli az \u00e9lvezeteket. Az olyan helysz\u00ednek, mint a Culture Box, a Jolene \u00e9s az ARCH, v\u00e1ltozatos t\u00f6megeket fogadnak, akiket elektronikus zene \u00e9s \u00e9l\u0151 el\u0151ad\u00e1sok vonzanak. Fesztiv\u00e1lok tark\u00edtj\u00e1k a napt\u00e1rat: a Koppenh\u00e1gai Karnev\u00e1l minden p\u00fcnk\u00f6sdvas\u00e1rnap \u00e1talak\u00edtja a F\u00e6lledparken-t, a Copenhell met\u00e1lzen\u00e9szeket h\u00edv meg egy \u00e1talak\u00edtott haj\u00f3gy\u00e1rba, augusztusban a Pride fesztiv\u00e1l ereszkedik le a V\u00e1rosh\u00e1za t\u00e9rre, a Copenhagen Distortion pedig j\u00fanius elej\u00e9n pezsegteti a v\u00e1ros utc\u00e1it, meger\u0151s\u00edtve a k\u00f6z\u00f6ss\u00e9gvez\u00e9relt \u00fcnnepl\u00e9sr\u0151l sz\u00f3l\u00f3 h\u00edrnev\u00e9t.<\/p>\n<p>Ez a k\u00f6lcs\u00f6nhat\u00e1s \u2013 a m\u00e9ly t\u00f6rt\u00e9nelem \u00e9s az el\u0151remutat\u00f3 design, a kir\u00e1lyi pompa \u00e9s a helyi kreativit\u00e1s, a nyugodt parkok \u00e9s az \u00e9l\u00e9nk utc\u00e1k k\u00f6z\u00f6tt \u2013 hat\u00e1rozza meg Koppenh\u00e1g\u00e1t. Tornyai alatt \u00e9s v\u00edzparti s\u00e9t\u00e1nyain kereszt\u00fcl a v\u00e1ros nem statikus eml\u00e9km\u0171k\u00e9nt, hanem \u00e9l\u0151 narrat\u00edvak\u00e9nt t\u00e1rul fel, amelyet folyamatosan azok \u00edrnak, akik \u00fatjain j\u00e1rnak, csatorn\u00e1in eveznek \u00e9s l\u00e1tk\u00e9p\u00e9t alak\u00edtj\u00e1k. Koppenh\u00e1ga minden l\u00e1togat\u00f3 \u00e9s lakos sz\u00e1m\u00e1ra megh\u00edv\u00e1st k\u00edn\u00e1l: tan\u00fai lehetnek annak, hogyan n\u0151tt egy \u0151si telep\u00fcl\u00e9s modern f\u0151v\u00e1ross\u00e1 an\u00e9lk\u00fcl, hogy lemondott volna az emberi l\u00e9pt\u00e9kr\u0151l \u00e9s a k\u00f6rnyezettudatoss\u00e1gr\u00f3l, amelyek tov\u00e1bbra is legnagyobb \u00f6r\u00f6ks\u00e9gei.<\/p>","protected":false},"excerpt":{"rendered":"<p>Koppenh\u00e1ga, D\u00e1nia f\u0151v\u00e1rosa \u00e9s legnagyobb v\u00e1rosa v\u00e1rosi ter\u00fclet\u00e9n 1,4 milli\u00f3 lakos \u00e9l. A Zealand \u00e9s Amager szigeteken tal\u00e1lhat\u00f3 v\u00e1ros hossz\u00fa t\u00f6rt\u00e9nelmet, kultur\u00e1lis jelent\u0151s\u00e9g\u00e9t \u00e9s gazdas\u00e1gi erej\u00e9t p\u00e9ld\u00e1zza. Koppenh\u00e1ga strat\u00e9giai elhelyezked\u00e9se, amelyet Malm\u0151t\u0151l az \u00d6resund-szoros v\u00e1laszt el, jelent\u0151sen befoly\u00e1solta a skandin\u00e1v \u00e9s eur\u00f3pai \u00fcgyek kiemelked\u0151 szerepl\u0151jek\u00e9nt bet\u00f6lt\u00f6tt szerep\u00e9t.<\/p>","protected":false},"author":1,"featured_media":3002,"parent":14261,"menu_order":0,"comment_status":"closed","ping_status":"closed","template":"elementor_theme","meta":{"_eb_attr":"","footnotes":""},"class_list":["post-14301","page","type-page","status-publish","has-post-thumbnail"],"_links":{"self":[{"href":"https:\/\/travelshelper.com\/hu\/wp-json\/wp\/v2\/pages\/14301","targetHints":{"allow":["GET"]}}],"collection":[{"href":"https:\/\/travelshelper.com\/hu\/wp-json\/wp\/v2\/pages"}],"about":[{"href":"https:\/\/travelshelper.com\/hu\/wp-json\/wp\/v2\/types\/page"}],"author":[{"embeddable":true,"href":"https:\/\/travelshelper.com\/hu\/wp-json\/wp\/v2\/users\/1"}],"replies":[{"embeddable":true,"href":"https:\/\/travelshelper.com\/hu\/wp-json\/wp\/v2\/comments?post=14301"}],"version-history":[{"count":0,"href":"https:\/\/travelshelper.com\/hu\/wp-json\/wp\/v2\/pages\/14301\/revisions"}],"up":[{"embeddable":true,"href":"https:\/\/travelshelper.com\/hu\/wp-json\/wp\/v2\/pages\/14261"}],"wp:featuredmedia":[{"embeddable":true,"href":"https:\/\/travelshelper.com\/hu\/wp-json\/wp\/v2\/media\/3002"}],"wp:attachment":[{"href":"https:\/\/travelshelper.com\/hu\/wp-json\/wp\/v2\/media?parent=14301"}],"curies":[{"name":"wp","href":"https:\/\/api.w.org\/{rel}","templated":true}]}}