{"id":14292,"date":"2024-09-19T08:09:57","date_gmt":"2024-09-19T08:09:57","guid":{"rendered":"https:\/\/travelshelper.com\/staging\/?page_id=14292"},"modified":"2026-03-11T23:25:28","modified_gmt":"2026-03-11T23:25:28","slug":"aalborg","status":"publish","type":"page","link":"https:\/\/travelshelper.com\/hu\/destinations\/europe\/denmark\/aalborg\/","title":{"rendered":"Aalborg"},"content":{"rendered":"<p>Aalborg a Limfjord legkeskenyebb szakasz\u00e1n ter\u00fcl el, alacsonyan fekv\u0151 v\u00edzpartja \u00e1tlagosan alig \u00f6t m\u00e9ter tengerszint feletti magass\u00e1gban fekszik, m\u00e9gis t\u00f6bb mint hatvan m\u00e9ter magas dombok veszik k\u00f6r\u00fcl. Err\u0151l a kil\u00e1t\u00f3pontr\u00f3l a v\u00e1ros kelet fel\u00e9 n\u00e9z a Kattegat fel\u00e9, mintegy harminc\u00f6t kilom\u00e9terrel t\u00falfel\u00e9, m\u00edg kereskedelmi \u00e9s kultur\u00e1lis k\u00f6zpontjai \u00e9szak fel\u00e9 N\u00f8rresundbyig, d\u00e9lnyugat fel\u00e9 pedig Randers, Aarhus \u00e9s Koppenh\u00e1ga fel\u00e9 h\u00faz\u00f3dnak. D\u00e1nia negyedik legnagyobb v\u00e1rosi ter\u00fclete \u2013 amely 2022 k\u00f6zep\u00e9n k\u00f6r\u00fclbel\u00fcl 144 000 lakosnak adott otthont \u2013, \u00e9s \u00c9szak-J\u00fctland r\u00e9gi\u00f3j\u00e1nak k\u00f6zpontja is, f\u0151 kik\u00f6t\u0151je, ipari k\u00f6zpontja \u00e9s tudom\u00e1nyos k\u00f6zpontja.<\/p>\n<p>R\u00e9g\u00e9szeti nyomok utalnak az els\u0151 telep\u00fcl\u00e9sekre Kr.u. 700 k\u00f6r\u00fcl, amikor a Limfjord kanyarg\u00f3s \u00e1ramlatai \u00e9s gazdag hal\u00e1szati \u200b\u200b\u200b\u200blehet\u0151s\u00e9gei a kem\u00e9nyvonalas \u00e9szak-j\u00fctlandi lakosokat vonzott\u00e1k a partjaira. A k\u00f6z\u00e9pkorra Aalborg fjord legkeskenyebb pontj\u00e1n val\u00f3 elhelyezked\u00e9se strat\u00e9giai el\u0151nyt jelentett: a Kattegatba vagy a d\u00e9l fel\u00e9 tart\u00f3 foly\u00f3parti \u00e1rukat sz\u00e1ll\u00edt\u00f3 haj\u00f3k mind elhaladtak a rakpartok mellett. Egy szer\u00e9ny kereskedelmi \u00e1llom\u00e1sb\u00f3l ny\u00fczsg\u0151 k\u00f6z\u00e9pkori v\u00e1ross\u00e1 n\u0151tte ki mag\u00e1t, amelynek vir\u00e1gkor\u00e1t ma is t\u00fckr\u00f6zik az \u00d8ster\u00e5gade ment\u00e9n sorakoz\u00f3 fav\u00e1zas keresked\u0151k k\u00fari\u00e1i, amelyek egy c\u00e9halap\u00fa keresked\u0151t\u00e1rsadalom nyomai.<\/p>\n<p>A tizennegyedik sz\u00e1zad v\u00e9g\u00e9n a Budolfi pl\u00e9b\u00e1niatemplomot Szent Botolphnak szentelt g\u00f3tikus katedr\u00e1liss\u00e1 alak\u00edtott\u00e1k \u00e1t \u2013 ez a t\u00e9gla \u00e9s cs\u00facs\u00edves m\u0171eml\u00e9k Aalborg p\u00fcsp\u00f6ki sz\u00e9khelyek\u00e9nt maradt fenn. Nem messze, egy v\u00edzre n\u00e9z\u0151 hegyfokon \u00e1ll az Aalborghus-kast\u00e9ly, amelyet III. Kereszt\u00e9ly kir\u00e1ly \u00e9p\u00edttetett 1550-ben. Feh\u00e9rre meszelt paneljei \u00e9s v\u00f6r\u00f6sre festett gerend\u00e1i arra a korszakra eml\u00e9keztetnek, amikor D\u00e1nia kir\u00e1lyi k\u00f6zigazgat\u00e1sa ad\u00f3kat szedett a fav\u00e1zas falak k\u00f6z\u00f6tt. B\u00e1r a v\u00e1rban ma v\u00e1rosi hivatalok m\u0171k\u00f6dnek, ny\u00e1ri kertjei \u00e9s b\u00f6rt\u00f6nkamr\u00e1i m\u00e9g mindig a tizenhatodik sz\u00e1zad Tudor-kori ihlet\u00e9s\u0171 udvari pomp\u00e1j\u00e1t id\u00e9zik.<\/p>\n<p>D\u00e1nia k\u00e9t legszebb tizenhetedik sz\u00e1zadi sorh\u00e1za \u00e1ll az \u00d8ster\u00e5gade-on: Jens Bang h\u00e1za (1624) \u00e9s J\u00f8rgen Olufsen h\u00e1za (1616). Mindkett\u0151 homokk\u0151b\u0151l \u00e9p\u00fclt a holland renesz\u00e1nsz st\u00edlus\u00e1ban, emelked\u0151 oromzattal, faragott f\u00fclkekeretekkel \u00e9s Olufsen eset\u00e9ben egy \u00e9p rakt\u00e1rcsarnokkal, amely vaskamp\u00f3val van felszerelve a m\u00e9rlegek sz\u00e1m\u00e1ra. T\u00f6bb mint h\u00e1rom \u00e9vsz\u00e1zadon \u00e1t Jens Bang n\u00e9gyszintes rezidenci\u00e1ja adott otthont a v\u00e1ros legr\u00e9gebbi gy\u00f3gyszert\u00e1r\u00e1nak; az utca t\u00faloldal\u00e1n Olufsen egykori lakhelye a polg\u00e1ri hatalom \u00e9s a kereskedelmi vagyon k\u00f6z\u00f6tti szoros kapcsolatra utal, mivel eredeti tulajdonosa egyben a polg\u00e1rmesteri tiszts\u00e9get is bet\u00f6lt\u00f6tte.<\/p>\n<p>A tizenkilencedik sz\u00e1zadra Aalborg kin\u0151tte k\u00f6z\u00e9pkori jelleg\u00e9t. Az 1800-as \u00e9vek v\u00e9g\u00e9n a k\u00f6rnyez\u0151 falvak \u2013 \u00d8ster Sundby, R\u00f8rdal Fabriksby, Tranders \u2013 egy ipari agglomer\u00e1ci\u00f3v\u00e1 egyes\u00fcltek, amelynek lakoss\u00e1ga az 1880-as tizenn\u00e9gyezerr\u0151l 1901-re mintegy harmincegyezerre duzzadt. A cementgy\u00e1rt\u00e1s, a gabona\u0151rl\u00e9s \u00e9s az aquavit lep\u00e1rl\u00e1sa megalapozta a helyi gazdas\u00e1got. Az olyan v\u00e1llalatok, mint az Aalborg Portland Cement \u00e9s a De Danske Spritfabrikker (D\u00e1n Lep\u00e1rl\u00f3k), glob\u00e1lis jelent\u0151s\u00e9gre tettek szert, a R\u00f8rdalban \u00e9s Vokslevben tal\u00e1lhat\u00f3, ma is fenn\u00e1ll\u00f3 kr\u00e9tab\u00e1ny\u00e1k pedig a region\u00e1lis cementgy\u00e1rak alapj\u00e1t k\u00e9pezt\u00e9k.<\/p>\n<p>Az elm\u00falt \u00e9vtizedekben a neh\u00e9zg\u00e9pek z\u00fcmm\u00f6g\u00e9s\u00e9t a tud\u00e1salap\u00fa ipar\u00e1gak prec\u00edz m\u0171k\u00f6d\u00e9se v\u00e1ltotta fel. A Siemens Gamesa Renewable Energy sz\u00e9lturbina-rotorgy\u00e1rt\u00e1sa, az Alfa Laval haj\u00f3z\u00e1si kaz\u00e1njainak tervez\u00e9se \u00e9s az Aalborgi Egyetem z\u00f6ldenergia-kutat\u00e1sa hajtja ma a v\u00e1ros gazdas\u00e1g\u00e1t. A kik\u00f6t\u0151i l\u00e9tes\u00edtm\u00e9nyek m\u00e9gis tov\u00e1bbra is sz\u00e1ll\u00edtanak gabon\u00e1t, cementet \u00e9s szeszes italokat vil\u00e1gszerte, mik\u00f6zben mag\u00e1t a v\u00edzpartot a kreat\u00edv ipar\u00e1gak \u00e9s a szabadid\u0151 ter\u00e9v\u00e9 alak\u00edtj\u00e1k \u00e1t.<\/p>\n<p>A r\u00e9g\u00f3ta elt\u0171nt Vester\u00e5 \u00e9s Lille\u00e5 patakok \u00e1ltal alkotott kelet-nyugati ir\u00e1ny\u00fa agyagpartokon fekv\u0151 v\u00e1rosk\u00f6zpont meg\u0151rizte k\u00f6z\u00e9pkori Algade (a r\u00e9gi piact\u00e9r) h\u00e1l\u00f3zat\u00e1t, amelyet a Bispengade szeg\u00e9lyez, \u00e9s a Gammeltorvn\u00e1l, a r\u00e9gi piact\u00e9ren cs\u00facsosodik ki. Itt a Budolfi-sz\u00e9kesegyh\u00e1z nyugatra n\u00e9z az 1762-es v\u00e1rosh\u00e1za barokk homlokzat\u00e1ra, fekete m\u00e1zas cser\u00e9ptet\u0151je \u00e9s oszlopos bej\u00e1rata a felvil\u00e1gosod\u00e1s korabeli formalit\u00e1s fel\u00e9 val\u00f3 elmozdul\u00e1st jelzi. A nyugati \u00e1llom\u00e1ster\u00fcleten t\u00fal Hasseris a huszadik sz\u00e1zadban vill\u00e1k negyedek\u00e9nt n\u0151tt ki, m\u00edg az \u00e9p\u00edtkez\u00e9sek f\u0151 hangs\u00falya most a k\u00f6zpontt\u00f3l keletre fordult, ahol lak\u00f3telepek szeg\u00e9lyezik az \u00d8sthavnen m\u0171k\u00f6d\u0151 dokkjait, az Utzon Center pedig az \u00fajonnan tervezett Musikkens Hus koncertterem mellett \u00e1ll \u0151rszemk\u00e9nt.<\/p>\n<p>Aalborg kultur\u00e1lis k\u00f6zpontk\u00e9nt val\u00f3 h\u00edrnev\u00e9t int\u00e9zm\u00e9nyek sokas\u00e1ga alapozza meg. Az Aalborgi T\u00f6rt\u00e9neti M\u00fazeum (alap\u00edtva 1863-ban) \u00e9s a KUNSTEN Modern M\u0171v\u00e9szetek M\u00fazeuma a m\u00fazeumi negyed k\u00f6zponti eleme, ut\u00f3bbi Alvar Aalto 1972-es \u00e9p\u00fclet\u00e9r\u0151l \u00e9s szoborparkj\u00e1r\u00f3l nevezetes. Kort\u00e1rs alkot\u00e1sok a Nordkraftban \u2013 egy fel\u00faj\u00edtott er\u0151m\u0171ben \u2013 kapnak otthont, m\u00edg az Utzon Center, amely a v\u00e1rosban sz\u00fcletett \u00e9p\u00edt\u00e9sz, J\u00f8rn Utzon el\u0151tt tiszteleg, \u00e9letm\u0171v\u00e9b\u0151l \u00e9s a tervez\u00e9s t\u00e1gabb t\u00e9m\u00e1ib\u00f3l rendez ki\u00e1ll\u00edt\u00e1sokat. A v\u00e1ros szimfonikus zenekara, operat\u00e1rsulata \u00e9s az Aalborg Sz\u00ednh\u00e1z (1878) eg\u00e9sz \u00e9vben \u00e9l\u00e9nk sz\u00ednpadokat m\u0171k\u00f6dtet; a multifunkcion\u00e1lis Kongres &amp; Kultur Center \u2013 amely 1952-ben ny\u00edlt meg \u00e9s 1991-ben b\u0151v\u00fclt \u2013 ak\u00e1r 2500 n\u00e9z\u0151t is befogadhat balettre, popkoncertekre \u00e9s nemzetk\u00f6zi szt\u00e1rok el\u0151ad\u00e1saira.<\/p>\n<p>A legdemokratikusabb esem\u00e9ny m\u00e9gis az Aalborgi Karnev\u00e1l, amelyet minden m\u00e1jus v\u00e9g\u00e9n rendeznek. H\u00e1rom nap alatt mintegy 100 000 r\u00e9sztvev\u0151 gy\u0171lik \u00f6ssze a gyermekfelvonul\u00e1sokra, a karnev\u00e1li zenekarok versenyeire \u00e9s a nagyszab\u00e1s\u00fa \u00e1larcos felvonul\u00e1sra \u2013 \u00c9szak-Eur\u00f3pa legnagyobb ilyen jelleg\u0171 rendezv\u00e9ny\u00e9re. Ugyanilyen tiszteletre m\u00e9lt\u00f3 a Hjallerupi Piac, egy h\u00e1romnapos l\u00f3v\u00e1s\u00e1r, amely minden j\u00faniusban t\u00f6bb mint 200 000 l\u00e1togat\u00f3t vonz, hogy lovakat v\u00e1s\u00e1roljanak, adjanak el \u00e9s cser\u00e9ljenek a v\u00e1rost\u00f3l \u00e9szakkeletre fekv\u0151 falvakban.<\/p>\n<p>1974-es alap\u00edt\u00e1sa \u00f3ta az Aalborgi Egyetem (AAU) \u00c9szak-J\u00fctland vezet\u0151 akad\u00e9miai int\u00e9zm\u00e9ny\u00e9v\u00e9 n\u0151tte ki mag\u00e1t, 2018-ban t\u00f6bb mint 20 000 hallgat\u00f3val. Probl\u00e9maalap\u00fa tanul\u00e1si modellje nemzetk\u00f6zi elismer\u00e9st aratott, karai pedig m\u00e9rn\u00f6ki, t\u00e1rsadalomtudom\u00e1nyi, hum\u00e1n \u00e9s eg\u00e9szs\u00e9gtudom\u00e1nyi ter\u00fcleteket \u00f6lelnek fel. A k\u00f6zelben tal\u00e1lhat\u00f3 az \u00c9szak-d\u00e1niai Egyetemi F\u0151iskola \u00e9s a Kir\u00e1lyi K\u00f6nyvt\u00e1r- \u00e9s Inform\u00e1ci\u00f3tudom\u00e1nyi Iskola, amely szakmai \u00e9s szakir\u00e1ny\u00fa tanulm\u00e1nyokat folytat, m\u00edg az 1881-ben alap\u00edtott Aalborgi Egyetemi K\u00f3rh\u00e1z tov\u00e1bbra is a r\u00e9gi\u00f3 kiemelked\u0151 orvosi k\u00f6zpontja. A katonai logisztik\u00e1t \u00e9s a s\u00fcrg\u0151ss\u00e9gi orvosi k\u00e9pz\u00e9st a v\u00e1rosban hely\u0151rs\u00e9get \u00e1llom\u00e1soz\u00f3 Tr\u00e6nregimentet biztos\u00edtja.<\/p>\n<p>A Nordjyske Arena, amely 1885-\u00f6s alap\u00edt\u00e1sa \u00f3ta az Aalborg BK futballklub otthona, n\u00e9gyszer aratott d\u00e1n szuperlig\u00e1t (1994\u201395, 1998\u201399, 2007\u201308, 2013\u201314). Egy\u00e9b klubok k\u00f6z\u00e9 tartozik a j\u00e9gkorongoz\u00f3 Aalborg Pirates, a k\u00e9zilabd\u00e1z\u00f3 Aalborg H\u00e5ndbold, valamint a r\u00f6gbi- \u00e9s krikettsz\u00f6vets\u00e9gek. A k\u00f6zparkok \u2013 k\u00f6zt\u00fck az \u00d8stre Anl\u00e6g, a Lindholm Fjordpark, a Kildeparken \u00e9s a M\u00f8lleparken \u2013 kocog\u00f3utakat, golfp\u00e1ly\u00e1kat \u00e9s mad\u00e1rv\u00e9delmi ter\u00fcletet k\u00edn\u00e1lnak. Az \u00d8stre Anl\u00e6g minden \u00e9vben mintegy 175 000 l\u00e1togat\u00f3t vonz a gyepj\u00e9re \u00e9s a tav\u00e1ra, amely egykor agyagg\u00f6d\u00f6r volt, \u00e9s amelyre ma a Szent M\u00e1rk-templom n\u00e9z. Ek\u00f6zben a kor\u00e1bbi hullad\u00e9klerak\u00f3 \u00e1llapot\u00e1b\u00f3l helyre\u00e1ll\u00edtott Lindholm Fjordpark a v\u00e1ndorlib\u00e1k \u00e9s p\u00f3lingok mellett sz\u00f6rf\u00f6z\u00e9sre \u00e9s egy hatlyuk\u00fa p\u00e1ly\u00e1ra is alkalmas.<\/p>\n<p>Az Aalborg \u00c1llatkert (1935) zool\u00f3giai \u00e9rdekl\u0151d\u00e9sre ad okot, ahol nagyj\u00e1b\u00f3l 1300 \u00e1llat, 138 faj \u2013 k\u00f6zt\u00fck tigrisek, jegesmedv\u00e9k \u00e9s pingvinek \u2013 \u00e9l \u00fajra\u00e9p\u00edtett \u00e9l\u0151helyeken. A Karolinelund, az 1946-ban megsz\u0171nt vid\u00e1mpark, a Platform4 \u00f6nk\u00e9nteseinek k\u00f6sz\u00f6nhet\u0151en \u00fajra\u00e9lesztette m\u0171k\u00f6d\u00e9s\u00e9t, melynek szemin\u00e1riumai, koncertjei \u00e9s ki\u00e1ll\u00edt\u00e1sai m\u0171v\u00e9szeti \u00e9s technol\u00f3giai helysz\u00ednk\u00e9nt tartj\u00e1k fenn a parkot, b\u00e1r a kor\u00e1bbi mechanikus hull\u00e1mvasutak n\u00e9lk\u00fcl.<\/p>\n<p>Aalborg \u00e9vszakait haj\u00f3k befoly\u00e1solj\u00e1k, tengeri \u00e9ghajlata pedig m\u00e9rs\u00e9kli: a ny\u00e1ri h\u0151m\u00e9rs\u00e9klet ritk\u00e1n haladja meg a h\u00fasz Celsius-fokot, a telek \u00e1tlagos h\u0151m\u00e9rs\u00e9klete m\u00ednusz h\u00e1rom \u00e9s plusz kett\u0151 k\u00f6z\u00f6tt van, ritk\u00e1n m\u00ednusz tizen\u00f6t fok alatti s\u00fcllyed\u00e9sekkel. A csapad\u00e9k eg\u00e9sz \u00e9vben esik \u2013 okt\u00f3berben esik a legt\u00f6bb es\u0151 \u2013, \u00e9s j\u00faniusban van az \u00e1tlagos legt\u00f6bb naps\u00fct\u00e9ses \u00f3ra. D\u00e9lkeletre fekszik Lille Vildmose, \u00c9szak-Eur\u00f3pa legnagyobb dagad\u00f3l\u00e1pja, m\u00edg a Rold-erd\u0151 puszt\u00e1i, bele\u00e9rtve a Rebild-hegys\u00e9get is, mintegy harminc kilom\u00e9terre ter\u00fclnek el a v\u00e1roskaput\u00f3l. A Limfjord Nibe Bredningje kiterjedt angolnaf\u0171-\u00f6veivel ezreknek ad otthont, \u00e9s jelzi a r\u00e9gi\u00f3 \u00f6kol\u00f3giai vitalit\u00e1s\u00e1t.<\/p>\n<p>Aalborgot 1869 \u00f3ta vas\u00fati \u00f6sszek\u00f6ttet\u00e9s k\u00f6ti Randersszel \u00e9s azon t\u00fal, a Nordjyske Jernbaner \u00e9s a DSB szolg\u00e1ltat\u00e1sai pedig a John F. Kennedy \u00e1ltal tervezett Plads-on, 1902-ben fel\u00faj\u00edtott \u00e1llom\u00e1son tal\u00e1lkoznak. K\u00f6z\u00fati megk\u00f6zel\u00edt\u00e9s az E45-\u00f6s \u00faton \u2013 amely Norv\u00e9gia Finnmarkj\u00e1t\u00f3l Olaszorsz\u00e1g Kal\u00e1bri\u00e1j\u00e1ig h\u00faz\u00f3dik \u2013, valamint a nemzeti aut\u00f3p\u00e1ly\u00e1kon kereszt\u00fcl \u00e9rhet\u0151 el Aarhus, Frederikshavn \u00e9s Koppenh\u00e1ga, ut\u00f3bbi a mintegy 414 kilom\u00e9terre fekv\u0151 Nagy-B\u00e6lt \u00f6sszek\u00f6ttet\u00e9sen kereszt\u00fcl. A l\u00e9gi k\u00f6zleked\u00e9st az Aalborgi rep\u00fcl\u0151t\u00e9r szolg\u00e1lja ki, amely a k\u00f6zpontt\u00f3l hat kilom\u00e9terre \u00e9szaknyugatra tal\u00e1lhat\u00f3, \u00e9s \u00e9vente 1,4 milli\u00f3 utast szolg\u00e1l ki h\u00fasz k\u00f6zvetlen \u00fatvonalon Eur\u00f3pa-szerte, valamint szezon\u00e1lis j\u00e1ratokkal t\u00e1volabb. A szomsz\u00e9dos Aalborgi l\u00e9gib\u00e1zis a polg\u00e1ri forgalmat katonai m\u0171veletekkel eg\u00e9sz\u00edti ki.<\/p>\n<p>A helyi k\u00f6zleked\u00e9s az ingyenes v\u00e1rosi ker\u00e9kp\u00e1rprogramb\u00f3l (2009\u201314) fejl\u0151d\u00f6tt ki egy 2023 szeptember\u00e9ben elind\u00edtott buszos gyorsvas\u00fati h\u00e1l\u00f3zatt\u00e1 \u2013 a Plusbus-s\u00e1. A buszj\u00e1ratok a belv\u00e1rost \u00e9s az el\u0151v\u00e1rosokat szelik \u00e1t, a lakosok 44 sz\u00e1zal\u00e9ka hetente t\u00f6bbsz\u00f6r is ker\u00e9kp\u00e1rozik, 27 sz\u00e1zal\u00e9kuk pedig ker\u00e9kp\u00e1rral ing\u00e1zik. Hidak \u00e9s alagutak k\u00f6tik \u00f6ssze a k\u00e9t v\u00e1rost: a Limfjordsbroen k\u00f6z\u00fati h\u00edd (1933), a kilencny\u00edl\u00e1s\u00fa vas\u00fati h\u00edd (1938) \u2013 amelyet \u00e9vente mintegy 4000 alkalommal emelnek az \u00e1thalad\u00f3 haj\u00f3k sz\u00e1m\u00e1ra \u2013 \u00e9s a Limfjord-alag\u00fat (1969), D\u00e1nia els\u0151 aut\u00f3p\u00e1lya-alag\u00fatja, amelynek h\u00e1rom s\u00e1vja az E45-\u00f6s forgalmat sz\u00e1ll\u00edtja a fjord alatt.<\/p>\n<p>Aalborg, amelyet egykor haj\u00f3gy\u00e1rak, lep\u00e1rl\u00f3k \u00e9s cement\u00e9get\u0151k uraltak, ma ipari \u00f6r\u00f6ks\u00e9g\u00e9t kultur\u00e1lis meg\u00fajul\u00e1ssal \u00e9s k\u00f6rnyezettudatoss\u00e1ggal \u00f6tv\u00f6zi. A v\u00edzparti rakpartok hely\u00e9t ki\u00e1ll\u00edt\u00f3termek, k\u00e1v\u00e9z\u00f3k \u00e9s gyalogos s\u00e9t\u00e1nyok adt\u00e1k \u00e1t; a kor\u00e1bbi gy\u00e1rnegyedek ma startupoknak, gal\u00e9ri\u00e1knak \u00e9s egyetemi inkub\u00e1toroknak adnak otthont. Az Utzon Center kanyarg\u00f3s tetej\u00e9n \u00e1tny\u00fal\u00f3an a v\u00edzen \u00e1t a kor\u00e1bbi \u00d8stre Havn fel\u00e9 tekint, ahol egykor daruk rakodt\u00e1k ki a szenet, ma pedig kajakklubok \u00e9s sz\u00f6rfiskol\u00e1k cs\u00faszd\u00e1iv\u00e1 alakultak \u00e1t.<\/p>\n<p>Aalborgot k\u00f6zel tizenh\u00e1romsz\u00e1z \u00e9ves t\u00f6rt\u00e9nelm\u00e9nek minden \u00e9vsz\u00e1zad\u00e1n a v\u00edz form\u00e1lta \u2013 \u00e1ramlatai, kereskedelme \u00e9s a k\u00f6z\u00f6ss\u00e9gek \u00f6sszekapcsol\u00e1s\u00e1ra val\u00f3 k\u00e9pess\u00e9ge. Jelenleg ugyanez a fjord arra h\u00edvja a lakosokat \u00e9s a l\u00e1togat\u00f3kat egyar\u00e1nt, hogy elm\u00e9lkedjenek egy olyan dinamikus j\u00f6v\u0151r\u0151l, mint amilyeneket az \u00e1ltala vezetett \u00e1rap\u00e1lyok hoznak l\u00e9tre, ahol a hagyom\u00e1ny \u00e9s az innov\u00e1ci\u00f3 tal\u00e1lkozik a Limfjord partjain.<\/p>","protected":false},"excerpt":{"rendered":"<p>Aalborg, D\u00e1nia negyedik legnagyobb v\u00e1rosi telep\u00fcl\u00e9se, a tulajdonk\u00e9ppeni v\u00e1rosban 119 862 lakossal, 2022. j\u00falius 1-j\u00e9n pedig 143 598 lakossal rendelkezik. A J\u00fctland-f\u00e9lsziget \u00e9szaki r\u00e9sz\u00e9n tal\u00e1lhat\u00f3 dinamikus v\u00e1ros a t\u00e9rs\u00e9g alapvet\u0151 gazdas\u00e1gi \u00e9s kultur\u00e1lis k\u00f6zpontjak\u00e9nt funkcion\u00e1l. Aalborg strat\u00e9giai elhelyezked\u00e9se a Limfjord legsz\u0171kebb pontj\u00e1n kulcsfontoss\u00e1g\u00fa volt t\u00f6rt\u00e9nelmi fejl\u0151d\u00e9s\u00e9nek \u00e9s d\u00e1niai jelent\u0151s\u00e9g\u00e9nek befoly\u00e1sol\u00e1s\u00e1ban.<\/p>","protected":false},"author":1,"featured_media":2734,"parent":14261,"menu_order":0,"comment_status":"closed","ping_status":"closed","template":"elementor_theme","meta":{"_eb_attr":"","footnotes":""},"class_list":["post-14292","page","type-page","status-publish","has-post-thumbnail"],"_links":{"self":[{"href":"https:\/\/travelshelper.com\/hu\/wp-json\/wp\/v2\/pages\/14292","targetHints":{"allow":["GET"]}}],"collection":[{"href":"https:\/\/travelshelper.com\/hu\/wp-json\/wp\/v2\/pages"}],"about":[{"href":"https:\/\/travelshelper.com\/hu\/wp-json\/wp\/v2\/types\/page"}],"author":[{"embeddable":true,"href":"https:\/\/travelshelper.com\/hu\/wp-json\/wp\/v2\/users\/1"}],"replies":[{"embeddable":true,"href":"https:\/\/travelshelper.com\/hu\/wp-json\/wp\/v2\/comments?post=14292"}],"version-history":[{"count":0,"href":"https:\/\/travelshelper.com\/hu\/wp-json\/wp\/v2\/pages\/14292\/revisions"}],"up":[{"embeddable":true,"href":"https:\/\/travelshelper.com\/hu\/wp-json\/wp\/v2\/pages\/14261"}],"wp:featuredmedia":[{"embeddable":true,"href":"https:\/\/travelshelper.com\/hu\/wp-json\/wp\/v2\/media\/2734"}],"wp:attachment":[{"href":"https:\/\/travelshelper.com\/hu\/wp-json\/wp\/v2\/media?parent=14292"}],"curies":[{"name":"wp","href":"https:\/\/api.w.org\/{rel}","templated":true}]}}