{"id":14282,"date":"2024-09-19T08:01:29","date_gmt":"2024-09-19T08:01:29","guid":{"rendered":"https:\/\/travelshelper.com\/staging\/?page_id=14282"},"modified":"2026-03-11T23:24:36","modified_gmt":"2026-03-11T23:24:36","slug":"vejle","status":"publish","type":"page","link":"https:\/\/travelshelper.com\/hu\/destinations\/europe\/denmark\/vejle\/","title":{"rendered":"Vejle"},"content":{"rendered":"<p>Vejle, D\u00e1nia kilencedik legnagyobb v\u00e1rosa, 2025. janu\u00e1r 1-j\u00e9n 62 011 lakossal, a J\u00fctland-f\u00e9lszigeten tal\u00e1lhat\u00f3, ahol k\u00e9t foly\u00f3v\u00f6lgy tal\u00e1lkozik a Vejle-fjord fej\u00e9vel. Itt erd\u0151s dombok emelkednek meredeken egy j\u00e9gkorszaki mor\u00e9nasziget k\u00e9t oldal\u00e1n, amely egykor a korai telep\u00fcl\u00e9sek alapj\u00e1t k\u00e9pezte. \u00c9vsz\u00e1zadok sor\u00e1n kik\u00f6t\u0151je, vas\u00fati csom\u00f3pontjai, aut\u00f3p\u00e1lya-\u00f6sszek\u00f6ttet\u00e9sei \u00e9s innovat\u00edv \u00e9p\u00edt\u00e9szete form\u00e1lta mind az ipar\u00e1t, mind a jelleg\u00e9t. Vejle folyamatos p\u00e1rbesz\u00e9de a term\u00e9szetes vonalvezet\u00e9s \u00e9s az emberi amb\u00edci\u00f3k k\u00f6z\u00f6tt a fjord minden \u00edv\u00e9ben, minden helyre\u00e1ll\u00edtott v\u00edzparton \u00e9s minden modern l\u00e1tk\u00e9p sziluettj\u00e9ben megmutatkozik.<\/p>\n<p>A v\u00edz sz\u00e9l\u00e9n a Vejle-fjord a Kis-B\u00e6ntt\u0151l a sz\u00e1razf\u00f6ld belsej\u00e9be ny\u00falik, \u00e9szak fel\u00e9, a Balti-tenger fel\u00e9, majd Kattegaton \u00e1t az Atlanti-\u00f3ce\u00e1nig vonzva a haj\u00f3kat. A v\u00e1ros eredeti magja egy, az utols\u00f3 j\u00e9gkorszak \u00e1ltal lerak\u00f3dott mor\u00e9nasziget tetej\u00e9n fekszik; itt a Torvegade a korai keresked\u0151k \u00e1ltal kitaposott \u00f6sv\u00e9nyeket k\u00f6veti, m\u00edg a gyalogosj\u00e1rd\u00e1ba \u00e1gyazott \u00fcvegpanelek ma a k\u00f6z\u00e9pkori piac\u00fat nyomait mutatj\u00e1k. B\u00e1r a v\u00e1ros szer\u00e9ny foly\u00f3parti csoportk\u00e9nt indult, k\u00e9t \u00f6sszefut\u00f3 v\u00edzi \u00fat \u2013 a Vejle foly\u00f3 \u00e9s a keskenyebb Grejs foly\u00f3 \u2013 ment\u00e9n fekv\u0151 elhelyezked\u00e9se biztos\u00edtotta az \u00e1ruk, az emberek \u00e9s az \u00f6tletek folyamatos \u00e1raml\u00e1s\u00e1t.<\/p>\n<p>A v\u00e1ros felett a r\u00e9gi\u00f3 szer\u00e9ny fekv\u00e9sei rendk\u00edv\u00fcli dr\u00e1mai l\u00e1tv\u00e1nyt ny\u00fajtanak. D\u00e1nia legmagasabb term\u00e9szetes pontja alig haladja meg a 170 m\u00e9tert, a Vejl\u00e9t\u0151l \u00e9szakra \u00e9s d\u00e9lre fekv\u0151 dombok pedig keretezik a horizontot. A Vejle foly\u00f3 v\u00f6lgye, amely megszak\u00edt\u00e1s n\u00e9lk\u00fcl h\u00faz\u00f3dik az orsz\u00e1g leghosszabb alag\u00fatv\u00f6lgyek\u00e9nt, enyh\u00e9n lejt\u0151s partokon kereszt\u00fcl vezeti a csapad\u00e9kvizet a fjord fel\u00e9; a Grejs-v\u00f6lgy \u00e9lesebben v\u00e1g \u00e1t, D\u00e1nia legm\u00e9lyebb szakad\u00e9k\u00e1t v\u00e1jva ki. Mindk\u00e9t v\u00f6lgy egykor kis mez\u0151gazdas\u00e1gi k\u00f6z\u00f6ss\u00e9geknek adott otthont; ma t\u00fara\u00fatvonalak szelik \u00e1t \u0151ket, amelyek m\u00e9szk\u0151 kib\u00fav\u00e1sok r\u00e9tegeit, moh\u00e1s szikl\u00e1kat, valamint b\u00fckk- \u00e9s t\u00f6lgyfa susog\u00e1s\u00e1t t\u00e1rj\u00e1k fel.<\/p>\n<p>A v\u00e1ros gyalogos k\u00f6zpontja az Algade ment\u00e9n fekszik, egy sz\u00e9les, k\u0151vel kirakott utc\u00e1n, amelyet \u00fczletek, k\u00e1v\u00e9z\u00f3k \u00e9s a Bryggen bev\u00e1s\u00e1rl\u00f3k\u00f6zpont szeg\u00e9lyez. A 20. sz\u00e1zad v\u00e9g\u00e9n megny\u00edlt Bryggen harmincnyolc \u00fczletet foglal mag\u00e1ban egyetlen \u00fcvegtet\u0151 alatt, amelynek \u00e9les sz\u00f6gei visszaverik a fjord f\u00e9ny\u00e9t. A k\u00f6zelben tal\u00e1lhat\u00f3 a Paladspassagen Social Dining koncepci\u00f3 az egykori Mary&#039;s Bev\u00e1s\u00e1rl\u00f3k\u00f6zpontban, amely a kor\u00e1bbi \u00e1ruh\u00e1zak emeleteit k\u00f6z\u00f6s hossz\u00fa asztalokk\u00e1 \u00e9s nyitott konyh\u00e1kk\u00e1 alak\u00edtotta \u00e1t, ahol a region\u00e1lis termel\u0151k utcai \u00e9teleket k\u00edn\u00e1lnak k\u00f6z\u00f6s hossz\u00fa asztalokn\u00e1l, \u00faj \u00e9letet lehelve az egykor csendes folyos\u00f3kba.<\/p>\n<p>Vejle k\u00f6zter\u00fcleteit ugyanilyen gondoss\u00e1ggal alak\u00edtott\u00e1k \u00e1t. Az 1990-es \u00e9vekben a v\u00e1rosrendez\u0151k elfogadt\u00e1k D\u00e1nia els\u0151 hivatalos \u00e9p\u00edt\u00e9szeti politik\u00e1j\u00e1t, amely min\u0151s\u00e9get \u00e9s koh\u00e9zi\u00f3t \u00edrt el\u0151 az \u00faj fejleszt\u00e9sek sz\u00e1m\u00e1ra. A v\u00edz sz\u00e9l\u00e9n a Hull\u00e1m \u2013 B\u00f8lgen \u2013 n\u00e9gy, feh\u00e9r betonb\u00f3l \u00e9s \u00fcvegb\u0151l k\u00e9sz\u00fclt, kanyarg\u00f3s szinten emelkedik, mindegyik konzolos padl\u00f3 a hull\u00e1mz\u00f3 tenger visszhangj\u00e1t id\u00e9zve \u00edvel az \u00e9g fel\u00e9. A k\u00f6zelben m\u0171v\u00e9szeti install\u00e1ci\u00f3k d\u00edsz\u00edtik az egykori ipari rakpartokat; \u00e9s egy nemr\u00e9giben megval\u00f3sult projektben felt\u00e1rt\u00e1k azt az \u00e1tereszt, amely egykor a belv\u00e1rosi utc\u00e1k al\u00e1 temette a Grejs foly\u00f3t. Ma tiszta vize egy parkos\u00edtott csatorn\u00e1n folyik, amelyet gr\u00e1nitt\u00f6mb\u00f6k \u00e9s \u0151shonos n\u00f6v\u00e9nyek szeg\u00e9lyeznek.<\/p>\n<p>Maga a kik\u00f6t\u0151 1827-b\u0151l sz\u00e1rmazik, amikor az els\u0151 medenc\u00e9t megnyitott\u00e1k a part menti kereskedelem sz\u00e1m\u00e1ra. A 20. sz\u00e1zad k\u00f6zep\u00e9re Vejle Koppenh\u00e1ga ut\u00e1n D\u00e1nia m\u00e1sodik legforgalmasabb kik\u00f6t\u0151j\u00e9v\u00e9 n\u0151tte ki mag\u00e1t. Olyan g\u0151zhaj\u00f3k, mint a Hvidbjerg \u00e9s a Jeppe Jensen, egykor a fjordok \u00e9s a tengerpart k\u00f6z\u00f6tt k\u00f6zlekedtek, \u00f6sszek\u00f6tve Vejl\u00e9t a tengerparti \u00fcd\u00fcl\u0151helyekkel \u00e9s birtokokkal. M\u00edg a modern tehertermin\u00e1lok tov\u00e1bbra is \u00f6mlesztett \u00e1rukat kezelnek, a v\u00e1rosrendez\u0151k most azt javasolj\u00e1k, hogy az \u00e9szaki dokkokat v\u00edzparti parkokk\u00e1 \u00e9s lak\u00f3h\u00e1zakk\u00e1 alak\u00edts\u00e1k \u00e1t \u2013 olyan er\u0151fesz\u00edt\u00e9seket t\u00e9ve, amelyek helyre\u00e1ll\u00edtan\u00e1k a v\u00e1ros \u00e9s a tenger k\u00f6z\u00f6tti k\u00f6zvetlen vizu\u00e1lis \u00e9s fizikai kapcsolatot.<\/p>\n<p>Vejle k\u00f6zleked\u00e9si h\u00e1l\u00f3zata messze t\u00falmutat a fjordon \u00e9s a kik\u00f6t\u0151n. Az E45-\u00f6s eur\u00f3pai aut\u00f3p\u00e1lya a Vejle-fjord h\u00eddon kereszt\u00fcl \u00edvel \u00e1t a Kis-B\u00e6nt, melynek kett\u0151s \u00edvei a vizet \u00e9s az eget \u00f6lelik \u00e1t. K\u00f6zvetlen\u00fcl a h\u00edd mellett tal\u00e1lhat\u00f3 az 59-es kij\u00e1rat \u2013 amelyet szeretetteljesen \u201eE45-\u00f6s kapunak\u201d neveznek \u2013, ahol logisztikai k\u00f6zpontok, gyors\u00e9ttermek \u00e9s telekocsi-parkol\u00f3k tal\u00e1lhat\u00f3k D\u00e1nia egyik legforgalmasabb teherfuvaroz\u00e1si csom\u00f3pontj\u00e1n\u00e1l, amelynek k\u00f6zpontja a nemzeti k\u00f6zleked\u00e9si k\u00f6zpont (DTC). \u00c9szakon a K\u00f6z\u00e9p-J\u00fctland aut\u00f3p\u00e1lya \u00e9s a 28-as f\u0151\u00fatvonal szeli \u00e1t a hull\u00e1mz\u00f3 mez\u0151gazdas\u00e1gi ter\u00fcleteket, \u00f6sszek\u00f6tve Vejl\u00e9t Herninggel \u00e9s azon t\u00fal.<\/p>\n<p>A vas\u00fati kapcsolatok itt ugyanolyan meghat\u00e1roz\u00f3 m\u00f3don futnak \u00f6ssze, mint a foly\u00f3k. Az 1868-ban megny\u00edlt Vejle vas\u00fat\u00e1llom\u00e1s \u00f6sszek\u00f6t\u0151 kapocsk\u00e9nt szolg\u00e1l az Aarhusb\u00f3l indul\u00f3 Kelet-J\u00fctland-i vonal \u00e9s a Struerb\u0151l indul\u00f3 K\u00f6z\u00e9p-J\u00fctland-i vonal k\u00f6z\u00f6tt. D\u00e9l fel\u00e9 a vonal Frederici\u00e1n kereszt\u00fcl folytat\u00f3dik, ahol az \u00fatvonalak Odense \u00e9s Koppenh\u00e1ga fel\u00e9, Koldingon kereszt\u00fcl Esbjerg fel\u00e9, s\u0151t Hamburg fel\u00e9 is el\u00e1gaznak. Az \u00e1llom\u00e1s j\u00f6v\u0151je azonban tov\u00e1bbra is vita t\u00e1rgy\u00e1t k\u00e9pezi: egyes d\u00f6nt\u00e9shoz\u00f3k egy m\u00e1sodik fjord\u00e1tkel\u0151 \u00e9p\u00edt\u00e9s\u00e9t szorgalmazz\u00e1k, hogy ler\u00f6vid\u00edts\u00e9k az Odense \u00e9s Aarhus k\u00f6z\u00f6tti menetid\u0151t, egy olyan javaslattal, amely teljesen megker\u00fclhetn\u00e9 a Vejle \u00e1llom\u00e1st.<\/p>\n<p>A v\u00e1ros k\u00f6rny\u00e9kei kontrasztok sz\u00f6vev\u00e9ny\u00e9t k\u00edn\u00e1lj\u00e1k. A k\u00f6zpont k\u00f6zel\u00e9ben N\u00f8rremarken erd\u0151s lejt\u0151k\u00f6n ter\u00fcl el, ahol a Vejle Stadion \u00e1ll feny\u0151f\u00e1k k\u00f6z\u00f6tt. D\u00e9len S\u00f8ndermarken ter\u00fcl el egykori k\u00faria hely\u00e9n; sz\u00e9lmalom \u00e1ll a szikla tetej\u00e9n, feh\u00e9rre festve a fasorral szemben, \u00e9s a v\u00e1ros jelk\u00e9pek\u00e9nt szolg\u00e1l. T\u00e1volabb, Grejsdalen v\u00f6lgy\u00e9ben csal\u00e1di h\u00e1zak \u00e9s szorosan \u00f6sszef\u00fcgg\u0151 utc\u00e1k tal\u00e1lhat\u00f3k; Hover, Lille Grundet \u00e9s Store Grundet a szomsz\u00e9dos magaslatokon csoportosulnak. Keleten M\u00f8lholm \u00e9s Vinding n\u00e9z a fjordra, m\u00edg nyugatra Skibet \u00e9s Knabberup fekszik, amelyek a v\u00e1ros hat\u00e1r\u00e1t jelzik vid\u00e9ki terjeszked\u00e9ssel.<\/p>\n<p>Vejle ir\u00e1nyt\u0171j\u00e9t mindig is meghat\u00e1rozta az ipar \u00e9s a kereskedelem. A textil- \u00e9s f\u00e9mmegmunk\u00e1l\u00f3 \u00fczemek egykor J\u00fctland minden r\u00e9sz\u00e9r\u0151l vonzott\u00e1k a munk\u00e1sokat; ma a high-tech c\u00e9gek, szolg\u00e1ltat\u00f3k \u00e9s logisztikai v\u00e1llalatok uralj\u00e1k a foglalkoztat\u00e1si statisztik\u00e1kat a H\u00e1romsz\u00f6g R\u00e9gi\u00f3ban, Kolding \u00e9s Fredericia mellett. A kiskereskedelem tov\u00e1bbra is helyi jelent\u0151s\u00e9ggel b\u00edr: a lakosok \u00e9s a l\u00e1togat\u00f3k egyar\u00e1nt v\u00e1ltozatos \u00fczletl\u00e1ncok \u00e9s szak\u00fczletek v\u00e1laszt\u00e9k\u00e1t tal\u00e1lj\u00e1k a f\u0151 s\u00e9t\u00e1ny ment\u00e9n \u2013 \u00e9s a k\u00f6zleked\u00e9si k\u00f6zpontt\u00f3l minden ir\u00e1nyban kilenc \u00fatvonalon k\u00f6zlekednek helyi buszok, amelyek minden ker\u00fcletet kiszolg\u00e1lnak.<\/p>\n<p>Vejle azonban t\u00f6bb mint ipar \u00e9s \u00e9p\u00edt\u00e9szet; a m\u0171v\u00e9szetek \u00e9s a tanul\u00e1s k\u00f6zpontja is. A Vejlei M\u0171v\u00e9szeti M\u00fazeum, amely egykori ipari csarnokban kapott helyet, a W\u00f6rzner-gy\u0171jtem\u00e9nyt \u2013 amely a 20. sz\u00e1zad k\u00f6zep\u00e9r\u0151l sz\u00e1rmaz\u00f3 COBRA-m\u0171veket is tartalmazza \u2013 mutatja be Rembrandt ritka r\u00e9zmetszet\u00e9vel egy\u00fctt. A V\u00e1rosi M\u00fazeumban a ki\u00e1ll\u00edt\u00e1sok nyomon k\u00f6vetik a v\u00e1ros fejl\u0151d\u00e9s\u00e9t a k\u00f6z\u00e9pkori piact\u00e9rt\u0151l a modern k\u00f6zpontt\u00e1, az egykori fon\u00f3gy\u00e1rban. A v\u00e1ros m\u00e1sik fel\u00e9n tal\u00e1lhat\u00f3 \u00d8kolariet interakt\u00edv ki\u00e1ll\u00edt\u00e1sokat k\u00edn\u00e1l az \u00f6kol\u00f3gi\u00e1r\u00f3l \u00e9s az \u00fajrahasznos\u00edt\u00e1sr\u00f3l, interakt\u00edv ki\u00e1ll\u00edt\u00e1sai csal\u00e1dokat \u00e9s iskol\u00e1s csoportokat vonzanak.<\/p>\n<p>A zenei hagyom\u00e1nyok ugyanolyan megrend\u00edt\u0151en visszhangoznak, mint az \u00e9p\u00edt\u00e9szeti hagyom\u00e1nyok. A Tango Jalousie c\u00edm\u0171 m\u0171v\u00e9r\u0151l h\u00edres Jacob Gade zeneszerz\u0151 a k\u00f6zelben sz\u00fcletett; dallamai ma is visszhangoznak a Vejle Musikteater m\u0171sor\u00e1ban, melynek modern el\u0151ad\u00f3terme a foly\u00f3ra n\u00e9z. Olyan irodalmi szem\u00e9lyis\u00e9gek, mint Ulrik Gr\u00e4s \u00e9s Inger Christensen, szint\u00e9n a hull\u00e1mz\u00f3 dombokb\u00f3l mer\u00edtettek ihletet. A k\u00f6lt\u0151 apr\u00f3l\u00e9kos odafigyel\u00e9se t\u00fckr\u00f6zi a v\u00e1ros r\u00e9tegzett narrat\u00edv\u00e1j\u00e1t, ahol minden k\u0151fal \u00e9s foly\u00f3part az ipar, a hit, a m\u0171v\u00e9szet \u00e9s a k\u00f6z\u00f6ss\u00e9g t\u00f6rt\u00e9net\u00e9t hordozza.<\/p>\n<p>Vejle legr\u00e9gebbi v\u00e1rosr\u00e9szeit t\u00f6rt\u00e9nelmi kuri\u00f3zumok n\u00e9pes\u00edtik be. A 13. sz\u00e1zad k\u00f6zep\u00e9r\u0151l sz\u00e1rmaz\u00f3 Szent Mikl\u00f3s-templom egy Haraldsk\u00e6r asszonyk\u00e9nt ismert l\u00e1pb\u00f3l sz\u00e1rmaz\u00f3 holttestet rejt, akit \u00e9p b\u0151rrel \u00e9s hajjal \u00e1stak ki egy k\u00f6zeli t\u0151zegl\u00e1pb\u00f3l. Az egyik falon halv\u00e1ny bem\u00e9lyed\u00e9sek \u00e1ll\u00edt\u00f3lag az erd\u0151ben megb\u00fav\u00f3 kiv\u00e9gzett rabl\u00f3k koponyanyomai \u2013 ez a helyi legenda nyugtalan\u00edt\u00f3 hangulatot k\u00f6lcs\u00f6n\u00f6z a k\u0151kript\u00e1nak. A szomsz\u00e9dos, a V\u00e1rosh\u00e1z\u00e1val egybe\u00e9p\u00edtett R\u00e9gi B\u00f6rt\u00f6nh\u00e1z 1984-es restaur\u00e1l\u00e1sa ut\u00e1n sz\u00e9p\u00e9szeti d\u00edjat kapott, kis cell\u00e1iban ma m\u00e1r t\u00e1rlatvezet\u00e9sek, nem pedig b\u00f6rt\u00f6n\u00e9nek rigmusai visszhangoznak.<\/p>\n<p>K\u00f6zvetlen\u00fcl a fjordon t\u00fal tov\u00e1bbi l\u00e1tnival\u00f3k tal\u00e1lhat\u00f3k. A csal\u00e1dok elzar\u00e1ndokolnak az eredeti Legolandba Billundban, harminc kilom\u00e9terre d\u00e9lnyugatra, ahov\u00e1 Vejle t\u00f6megk\u00f6zleked\u00e9si k\u00f6zpontj\u00e1b\u00f3l rendszeres buszj\u00e1rattal juthatnak el. A t\u00f6rt\u00e9nelem szerelmesei Jellingbe mer\u00e9szkednek, melynek 10. sz\u00e1zadi r\u00fanak\u00f6vei \u00e9s temetkez\u00e9si halmai D\u00e1nia legfontosabb UNESCO Vil\u00e1g\u00f6r\u00f6ks\u00e9gi helysz\u00edn\u00e9t alkotj\u00e1k, a viking kor kir\u00e1lyi megt\u00e9r\u00e9s\u00e9nek eml\u00e9ket \u00e1ll\u00edtva. Vejle k\u00f6zels\u00e9ge ezekhez a helysz\u00ednekhez gazdag\u00edtja a v\u00e1ros kultur\u00e1lis h\u00e1l\u00f3zat\u00e1t, a v\u00e1rost egyszerre kapuk\u00e9nt \u00e9s \u00fati c\u00e9lk\u00e9nt is pozicion\u00e1lva.<\/p>\n<p>B\u00e1r l\u00e9pt\u00e9k\u00e9ben szer\u00e9ny, Vejle narrat\u00edv \u00edvei kiterjedtek. Ez egy olyan hely, ahol a gleccser geol\u00f3gi\u00e1ja tal\u00e1lkozik a legmodernebb formatervez\u00e9ssel, ahol a k\u00f6z\u00e9pkori piacutak modern s\u00e9t\u00e1nyok alatt h\u00faz\u00f3dnak, \u00e9s ahol a v\u00edzi utak \u00e1ltal kitaposott v\u00f6lgyek a felfedez\u00e9s z\u00f6ld art\u00e9ri\u00e1iv\u00e1 v\u00e1lnak. \u00dczleteiben \u00e9s koncerttermeiben, malmaiban \u00e9s m\u00fazeumaiban Vejle p\u00e1rbesz\u00e9det folytat a m\u00falt \u00e9s a j\u00f6v\u0151 k\u00f6z\u00f6tt. Itt, az erd\u0151s dombok red\u0151iben \u00e9s egy fjord \u00edve ment\u00e9n a v\u00e1ros tov\u00e1bbra is meghat\u00e1rozza \u00f6nmag\u00e1t \u2013 nem \u00fcres retorik\u00e1val, hanem a t\u00e1j, a munka \u00e9s a kreat\u00edv v\u00edzi\u00f3 tart\u00f3s k\u00f6lcs\u00f6nhat\u00e1s\u00e1val.<\/p>","protected":false},"excerpt":{"rendered":"<p>Vejle, egy fest\u0151i fjordv\u00e1ros D\u00e9l-Jyllandban, D\u00e1ni\u00e1ban, 2024-ben 61 706 lakossal rendelkezik, ezzel az orsz\u00e1g kilencedik legnagyobb v\u00e1rosa. A Vejle\u00c5dal \u00e9s Grejsdalen metsz\u00e9spontj\u00e1ban tal\u00e1lhat\u00f3, ahol \u00f6sszefolynak a Vejle-fjord bels\u0151 szakasz\u00e1val. Ez a ter\u00fclet D\u00e1nia t\u00f6rt\u00e9nelmi jelent\u0151s\u00e9g\u00e9t \u00e9s term\u00e9szeti eszt\u00e9tik\u00e1j\u00e1t p\u00e9ld\u00e1zza.<\/p>","protected":false},"author":1,"featured_media":4494,"parent":14261,"menu_order":0,"comment_status":"closed","ping_status":"closed","template":"elementor_theme","meta":{"_eb_attr":"","footnotes":""},"class_list":["post-14282","page","type-page","status-publish","has-post-thumbnail"],"_links":{"self":[{"href":"https:\/\/travelshelper.com\/hu\/wp-json\/wp\/v2\/pages\/14282","targetHints":{"allow":["GET"]}}],"collection":[{"href":"https:\/\/travelshelper.com\/hu\/wp-json\/wp\/v2\/pages"}],"about":[{"href":"https:\/\/travelshelper.com\/hu\/wp-json\/wp\/v2\/types\/page"}],"author":[{"embeddable":true,"href":"https:\/\/travelshelper.com\/hu\/wp-json\/wp\/v2\/users\/1"}],"replies":[{"embeddable":true,"href":"https:\/\/travelshelper.com\/hu\/wp-json\/wp\/v2\/comments?post=14282"}],"version-history":[{"count":0,"href":"https:\/\/travelshelper.com\/hu\/wp-json\/wp\/v2\/pages\/14282\/revisions"}],"up":[{"embeddable":true,"href":"https:\/\/travelshelper.com\/hu\/wp-json\/wp\/v2\/pages\/14261"}],"wp:featuredmedia":[{"embeddable":true,"href":"https:\/\/travelshelper.com\/hu\/wp-json\/wp\/v2\/media\/4494"}],"wp:attachment":[{"href":"https:\/\/travelshelper.com\/hu\/wp-json\/wp\/v2\/media?parent=14282"}],"curies":[{"name":"wp","href":"https:\/\/api.w.org\/{rel}","templated":true}]}}