{"id":14276,"date":"2024-09-18T23:14:52","date_gmt":"2024-09-18T23:14:52","guid":{"rendered":"https:\/\/travelshelper.com\/staging\/?page_id=14276"},"modified":"2026-03-11T23:24:45","modified_gmt":"2026-03-11T23:24:45","slug":"roskilde","status":"publish","type":"page","link":"https:\/\/travelshelper.com\/hu\/destinations\/europe\/denmark\/roskilde\/","title":{"rendered":"Roskilde"},"content":{"rendered":"<p>Roskilde, egy kompakt v\u00e1ros Koppenh\u00e1g\u00e1t\u00f3l harminc kilom\u00e9terre nyugatra, a d\u00e1niai Zealand sziget\u00e9n. Eredet\u00e9t a kereszt\u00e9nys\u00e9g el\u0151tti viking korra ny\u00falja vissza, m\u00e9gis ma is vir\u00e1gzik az oktat\u00e1s, az \u00fczleti \u00e9let \u00e9s a kult\u00fara region\u00e1lis k\u00f6zpontjak\u00e9nt, melynek k\u00f6z\u00e9ppontj\u00e1ban az UNESCO Vil\u00e1g\u00f6r\u00f6ks\u00e9g r\u00e9sz\u00e9t k\u00e9pez\u0151 katedr\u00e1lis, valamint sz\u00e1mos vil\u00e1gsz\u00ednvonal\u00fa m\u00fazeum, kutat\u00f3park \u00e9s \u00e9ves rendezv\u00e9ny \u00e1ll, amelyek egyar\u00e1nt vonzz\u00e1k a l\u00e1togat\u00f3kat \u00e9s a lakosokat.<\/p>\n<p>Roskilde korai jelent\u0151s\u00e9g\u00e9t a neve is bizony\u00edtja, amelyet Adam von Bremen a 11. sz\u00e1zadban Sj\u00e6lland legnagyobb v\u00e1rosak\u00e9nt jegyezett fel, valamint az 1275-ben elk\u00e9sz\u00fclt g\u00f3tikus katedr\u00e1lis, amely ma is harminckilenc kir\u00e1lyi s\u00edreml\u00e9ket \u0151riz. Ez a magasod\u00f3 t\u00e9gla\u00e9p\u00edtm\u00e9ny, amely Skandin\u00e1via els\u0151 ilyen jelleg\u0171 \u00e9p\u00edtm\u00e9nye, a reform\u00e1ci\u00f3ig vall\u00e1si k\u00f6zpontt\u00e1 v\u00e1lt, \u00e9s ma \u00e9vente t\u00f6bb mint sz\u00e1zezer vend\u00e9get fogad. Impoz\u00e1ns tornyain t\u00fal a v\u00e1ros k\u00f6z\u00e9pkori utcah\u00e1l\u00f3zata a Skomagergade, az Algade \u00e9s a f\u0151 terek, a St\u00e6ndertorvet \u00e9s a Hestetorvet k\u00f6rny\u00e9k\u00e9n folytat\u00f3dik, m\u00edg a Byparken \u00e9s a Folkeparken parkfolyos\u00f3i a fjordig ereszkednek le, z\u00f6ld ellenpontot k\u00edn\u00e1lva a v\u00f6r\u00f6s cser\u00e9ptet\u0151knek \u00e9s a vil\u00e1gos falazatnak.<\/p>\n<p>A Roskilde-fjord hossz\u00fa gerince hat\u00e1rozza meg a v\u00e1ros \u00e9szaki sz\u00e9l\u00e9t, vize a Maglekilde-forr\u00e1s mellett folyik, miel\u0151tt kisz\u00e9lesedik az Isefjord d\u00e9li \u00e1g\u00e1ba. A k\u00f6zpontt\u00f3l \u00e9szaknyugatra fekv\u0151 erd\u0151s lejt\u0151k\u00f6n a Boserup Skov minden tavasszal b\u00fckkf\u00e1kkal \u00e9s szell\u0151r\u00f3zs\u00e1kkal bor\u00edtja be a lank\u00e1s dombokat, mik\u00f6zben \u00e9nekesmadarak hirdetik a kora nyarat. A stadiont\u00f3l d\u00e9lre az \u00faj Hyrdeh\u00f8j Skov kiterjeszti a v\u00e1ros z\u00f6ld h\u00e1l\u00f3zat\u00e1t a k\u00fclv\u00e1rosokba, ahol Trekroner negyed emelkedik, t\u00f6bb ezer \u00faj otthon terveivel. A k\u00f6zeli Musicon, amely az egykori cementgy\u00e1r ter\u00fclet\u00e9re \u00e9p\u00fclt, m\u00e1ris kreat\u00edv v\u00e1llalkoz\u00e1sokat \u00e9s mintegy huszonkilenc kultur\u00e1lis v\u00e1llalkoz\u00e1st vonzott, \u00e9s tov\u00e1bbi n\u00f6veked\u00e9si kil\u00e1t\u00e1sokkal rendelkezik az \u00e9ves Roskilde Fesztiv\u00e1lnak otthont ad\u00f3 v\u00e1s\u00e1rter\u00fclet mellett.<\/p>\n<p>Ez az 1971-ben alap\u00edtott fesztiv\u00e1l Skandin\u00e1via egyik legnagyobb zenei tal\u00e1lkoz\u00f3j\u00e1v\u00e1 v\u00e1lt, amely minden ny\u00e1ron nyolcvanezer l\u00e1togat\u00f3val t\u00f6lti meg az \u00e1llom\u00e1st\u00f3l n\u00e9gy kilom\u00e9terre d\u00e9lre fekv\u0151 ter\u00fcletet, hogy megk\u00f3stolj\u00e1k a rock, a hip-hop, az elektronikus zene \u00e9s a vil\u00e1gzene sz\u00e9les sk\u00e1l\u00e1j\u00e1t. A teljes bev\u00e9tel j\u00f3t\u00e9konys\u00e1gi c\u00e9lokat szolg\u00e1l, t\u00fckr\u00f6zve azt a k\u00f6z\u00f6ss\u00e9gi szellemet, amely Roskilde sportklubjait is \u00e9lteti \u2013 az els\u0151 oszt\u00e1lyban szerepl\u0151 FC Roskild\u00e9t\u0151l a helyi r\u00f6gbiig \u00e9s a v\u00e1ros tiszteletre m\u00e9lt\u00f3 evez\u0151s egyes\u00fclet\u00e9ig. Csendesebb pillanatokban a l\u00e1togat\u00f3k a fjord sz\u00e9l\u00e9n tal\u00e1lhat\u00f3 Viking Haj\u00f3m\u00fazeumban s\u00e9t\u00e1lhatnak, ahol \u00f6t, \u00e9vsz\u00e1zadok \u00f3ta v\u00edz alatt mentett 11. sz\u00e1zadi haj\u00f3 illusztr\u00e1lja a hossz\u00fahaj\u00f3k, hadihaj\u00f3k \u00e9s kereskedelmi haj\u00f3k mesters\u00e9gbeli tud\u00e1s\u00e1t. A m\u00fazeum haj\u00f3gy\u00e1r\u00e1ban v\u00e9gzett k\u00eds\u00e9rleti rekonstrukci\u00f3k meg\u0151rzik a tenger\u00e9szeti hagyom\u00e1nyokat az \u00faj gener\u00e1ci\u00f3k sz\u00e1m\u00e1ra.<\/p>\n<p>Az oktat\u00e1s \u00e9s a kutat\u00e1s Roskilde modern identit\u00e1s\u00e1nak nagy r\u00e9sz\u00e9t megalapozza. Az 1972-ben alap\u00edtott egyetem tud\u00f3sok \u00e9s di\u00e1kok be\u00e1raml\u00e1s\u00e1t hozta mag\u00e1val, \u00e1talak\u00edtva a gazdas\u00e1got \u00e9s a lakoss\u00e1got. A t\u00f6rt\u00e9nelmi Katedr\u00e1lis Iskola \u00e9s az 1964-es D\u00e1n H\u00fasipari F\u0151iskola mellett \u00e9l\u00e9nk kampuszt teremt a Trekroner \u00e1llom\u00e1son. A ma m\u00e1r a D\u00e1n M\u0171szaki Egyetem r\u00e9szek\u00e9nt m\u0171k\u00f6d\u0151 Ris\u00f8 kutat\u00f3int\u00e9zet \u00e9s a Fejlett Technol\u00f3giai K\u00f6zpont \u00f6szt\u00f6nzi a fenntarthat\u00f3 energia, a sz\u00e9lenergia \u00e9s a biotechnol\u00f3gia ter\u00fclet\u00e9n v\u00e9gzett munk\u00e1t, a tervek szerint mintegy 120 hekt\u00e1ros ter\u00fcleten b\u0151v\u00edtik a tiszta technol\u00f3gi\u00e1val m\u0171k\u00f6d\u0151 l\u00e9tes\u00edtm\u00e9nyeket. Az \u00e1llami kutat\u00f3int\u00e9zetek, k\u00f6zt\u00fck a D\u00e1n Balesetvizsg\u00e1l\u00f3 Bizotts\u00e1g, tov\u00e1bb diverzifik\u00e1lj\u00e1k a v\u00e1ros tud\u00e1sb\u00e1zis\u00e1t.<\/p>\n<p>A Roskilde k\u00f3rh\u00e1z\u00e1t 1855-ben alap\u00edtott\u00e1k \u00e9s folyamatosan moderniz\u00e1lj\u00e1k, ma pedig kiterjedt kutat\u00e1si programokat \u00e9s egy jelent\u0151s pszichi\u00e1triai int\u00e9zm\u00e9nyt, a Sankt Hans-t foglal mag\u00e1ban, amely speci\u00e1lis igazs\u00e1g\u00fcgyi ell\u00e1t\u00e1st ny\u00fajt a f\u0151v\u00e1rosi r\u00e9gi\u00f3ban. A k\u00f6rnyez\u0151 utc\u00e1kban k\u00f6nny\u0171ipari \u00e9s szolg\u00e1ltat\u00f3 c\u00e9gek h\u00e1l\u00f3zata biztos\u00edtja a munkahelyeket. A BEC, a d\u00e1n bankok informatikai szolg\u00e1ltat\u00f3ja, \u00e9s a DLF-Trifolium, a vet\u0151magtermel\u0151, a legnagyobb mag\u00e1nmunkaad\u00f3k k\u00f6z\u00e9 tartozik. A Ramb\u00f8ll z\u00e9landi tev\u00e9kenys\u00e9ge Roskild\u00e9ben konszolid\u00e1l\u00f3dott, m\u00edg a Top-Toy, a GPI, a Roskilde Galvanisering \u00e9s a Mathiesen kieg\u00e9sz\u00edti a Sonion mikroakusztikai alkatr\u00e9szeit\u0151l a Vestergaard rep\u00fcl\u0151g\u00e9p-j\u00e9gmentes\u00edt\u0151 szolg\u00e1ltat\u00e1saiig terjed\u0151 list\u00e1t. Az olyan \u00e9lelmiszeripari v\u00e1llalatok, mint a Chr. Hansen, a Dan\u00c6g, a Scandinavian Pizza Company \u00e9s a Stryhns, hozz\u00e1j\u00e1rulnak a v\u00e1ros gazdas\u00e1gi mozaikj\u00e1hoz.<\/p>\n<p>A 19. sz\u00e1zadban jelent meg a vas\u00fat, a Roskilde \u00e1llom\u00e1s 1847-ben ny\u00edlt meg, D\u00e1nia els\u0151 k\u0151b\u0151l \u00e9p\u00fclt \u00e9s ma m\u00e1r legr\u00e9gebbi m\u0171k\u00f6d\u0151 \u00e1llom\u00e1sak\u00e9nt. A sz\u00e1zad v\u00e9g\u00e9re doh\u00e1nygy\u00e1rak, vas\u00f6nt\u00f6d\u00e9k \u00e9s g\u00e9pm\u0171helyek szeg\u00e9lyezt\u00e9k az \u00faj vonalakat, el\u0151revet\u00edtve a mai kiegyens\u00falyozott szolg\u00e1ltat\u00e1si \u00e9s ipari gazdas\u00e1got. A k\u00f6z\u00fati kapcsolatok a Holb\u00e6k aut\u00f3p\u00e1ly\u00e1val \u00e9rkeztek az 1970-es \u00e9vekben, cs\u00f6kkentve az utaz\u00e1si id\u0151t Koppenh\u00e1g\u00e1ba, \u00e9s fellend\u00edtve az ing\u00e1z\u00e1st \u00e9s a kereskedelmet. 1973-ban megny\u00edlt egy kis rep\u00fcl\u0151t\u00e9r, amely k\u00f6nny\u0171 rep\u00fcl\u0151g\u00e9pek rep\u00fcl\u00e9si oktat\u00e1s\u00e1ra \u00e9s \u00fczleti forgalomra specializ\u00e1l\u00f3dott, de a b\u0151v\u00edt\u00e9si terveket mindeddig felf\u00fcggesztett\u00e9k. Ek\u00f6zben a f\u0151 nemzetk\u00f6zi kapu tov\u00e1bbra is a koppenh\u00e1gai rep\u00fcl\u0151t\u00e9r, amely vonattal kevesebb mint negyven perc alatt el\u00e9rhet\u0151.<\/p>\n<p>A n\u00e9pess\u00e9gi adatok Roskilde sors\u00e1t t\u00fckr\u00f6zik: az 1536-os reform\u00e1ci\u00f3 idej\u00e9n nagyj\u00e1b\u00f3l hatezer f\u0151r\u0151l 1753-ra tizen\u00f6tsz\u00e1z f\u0151re cs\u00f6kkent a lakoss\u00e1g sz\u00e1ma, majd az 1860-as \u00e9vekre \u00f6tezerre, 1900-ra pedig kilencezerre n\u0151tt a lakoss\u00e1g sz\u00e1ma. A n\u00f6veked\u00e9s az egyetem megalap\u00edt\u00e1sa ut\u00e1n felgyorsult, 2014-re k\u00f6zel negyvenh\u00e9tezer, 2024 janu\u00e1rj\u00e1ra pedig \u00f6tvenh\u00e1romezer f\u0151re tet\u0151z\u00f6tt. A telep\u00fcl\u00e9s t\u00f6bb mint hetvenhatezer d\u00e1n sz\u00e1rmaz\u00e1s\u00fa lakost sz\u00e1ml\u00e1l, \u00e9s T\u00f6r\u00f6korsz\u00e1gb\u00f3l, Irakb\u00f3l, Lengyelorsz\u00e1gb\u00f3l \u00e9s Afganiszt\u00e1nb\u00f3l \u00e9rkez\u0151 k\u00f6z\u00f6ss\u00e9geket is sz\u00edvesen l\u00e1t, gazdag\u00edtva a v\u00e1ros t\u00e1rsadalmi sz\u00f6vet\u00e9t.<\/p>\n<p>A polg\u00e1ri \u00e9let a v\u00e1rosi tan\u00e1cs ir\u00e1ny\u00edt\u00e1sa alatt bontakozik ki, ahol 2013-ban a szoci\u00e1ldemokrat\u00e1k t\u00f6bbs\u00e9gben voltak Joy Mogensen polg\u00e1rmester vezet\u00e9s\u00e9vel. Tizenegy p\u00e1rt k\u00e9pviselteti mag\u00e1t a teremben, amelyek sokf\u00e9le politikai ir\u00e1nyzatot t\u00fckr\u00f6znek. A v\u00e1rosi tervez\u00e9s ezt a pluralit\u00e1st kultur\u00e1lis \u00e9s v\u00e1rosi kezdem\u00e9nyez\u00e9sekbe tereli \u2013 t\u00f6bbek k\u00f6z\u00f6tt a Musicon kreat\u00edv t\u00f6mbj\u00e9be, a Trekroner fejleszt\u00e9s\u00e9be \u00e9s a v\u00e1ros sz\u00e1mos nevezetess\u00e9g\u00e9re \u00f6sszpontos\u00edt\u00f3 \u00f6r\u00f6ks\u00e9gv\u00e9delmi projektekbe.<\/p>\n<p>Ezen eml\u00e9km\u0171vek k\u00f6z\u00fcl sok m\u00e1ig fennmaradt a k\u00f6z eml\u00e9kezetben. A Roskilde-palota, egy s\u00e1rg\u00e1ra vakolt sz\u00e1rnyakb\u00f3l \u00e9s gal\u00e9ri\u00e1kb\u00f3l \u00e1ll\u00f3 barokk egy\u00fcttes, a katedr\u00e1lis mellett \u00e1ll, \u00e9s ma a Kort\u00e1rs M\u0171v\u00e9szeti M\u00fazeumnak ad otthont. Kapusz\u00e1rnya \u00e9s v\u00f6r\u00f6s cser\u00e9ptet\u0151je a k\u00f6z\u00e9pkori p\u00fcsp\u00f6k\u00f6k rezidenci\u00e1j\u00e1ra \u00e9s a leend\u0151 Wellington herceg h\u00e1bor\u00fas f\u0151hadisz\u00e1ll\u00e1s\u00e1ra eml\u00e9keztet. Szemben, a 13. sz\u00e1zadi perjels\u00e9g hely\u00e9n \u00e1ll\u00f3 kolostor korabeli festm\u00e9nyek \u00e9s b\u00fatorok gy\u0171jtem\u00e9ny\u00e9t \u0151rzi, k\u00e1poln\u00e1j\u00e1nak olt\u00e1rk\u00e9pei pedig D\u00e1nia reform\u00e1ci\u00f3 el\u0151tti korszak\u00e1ra suttognak.<\/p>\n<p>A helyi m\u00fazeumok krist\u00e1lytiszta r\u00e9szletess\u00e9ggel mutatj\u00e1k be Roskilde m\u00faltj\u00e1t. A Cukorh\u00e1z \u00e9s a Liebe-h\u00e1z, egykori cukorfinom\u00edt\u00f3 \u00e9s keresked\u0151otthon, ad otthont a region\u00e1lis t\u00f6rt\u00e9neti m\u00fazeumnak, amely a viking kort\u00f3l a modern id\u0151kig terjed\u0151 t\u00e1rgyakat mutat be, valamint egy k\u00fcl\u00f6n\u00e1ll\u00f3 szersz\u00e1mm\u00fazeum, amely a 19. \u00e9s a 20. sz\u00e1zad eleji k\u00e9zm\u0171ves eszk\u00f6z\u00f6ket \u0151rzi. K\u00f6zel t\u00edz \u00e9vvel azut\u00e1n, hogy a Ragnarock, az ifj\u00fas\u00e1gi kult\u00fara \u00e9s a rockzene m\u00fazeuma 2016-ban ny\u00edlt meg Frigyes koronaherceg v\u00e9dn\u00f6ks\u00e9ge alatt, Musicon felt\u0171n\u0151 \u00e9p\u00edt\u00e9szeti nevezetess\u00e9g\u00e9v\u00e9 v\u00e1lt, amely az 1950-es \u00e9vekt\u0151l kezdve mutatja be a pop \u00e9s a rock zene t\u00f6rt\u00e9net\u00e9t.<\/p>\n<p>A katedr\u00e1lison t\u00fali t\u00f6rt\u00e9nelmi templomok tov\u00e1bbi r\u00e9tegeket alkotnak. A Miasszonyunk r\u00e9gi temploma, egy 11. sz\u00e1zadi travertin bazilika, meg\u0151rizte k\u00f6zponti haj\u00f3j\u00e1t \u00e9s eredeti sz\u00f3sz\u00e9k\u00e9t. A kik\u00f6t\u0151 k\u00f6zel\u00e9ben \u00e1ll\u00f3 Szent Ib-templom, egy rom\u00e1n st\u00edlus\u00fa travertin \u00e9p\u00fclet, k\u00f6z\u00e9pkori fresk\u00f3k t\u00f6red\u00e9keit \u0151rzi, m\u00edg a Szent J\u00f8rgensbjerg-templom, D\u00e1nia legr\u00e9gebbi \u00e1ll\u00f3 k\u0151\u00e9p\u00edtm\u00e9nye, dombtet\u0151r\u0151l kil\u00e1t\u00e1st ny\u00fajt a fjordra. A Szent Laurentii mag\u00e1nyos tornya, egy 13. sz\u00e1zadi templom maradv\u00e1nya, a v\u00e1rosh\u00e1za k\u00f6zpontja \u00e9s egy r\u00e9g\u00e9szeti m\u00fazeumnak ad otthont.<\/p>\n<p>A m\u0171v\u00e9szet \u00e9s a szobr\u00e1szat a mindennapi \u00e9let r\u00e9sz\u00e9v\u00e9 v\u00e1lik az \u00e1llom\u00e1s el\u0151tti t\u00e9ren, ahol Peter Brandes h\u00e1rom monument\u00e1lis ker\u00e1miakors\u00f3ja \u00e1ll a sek\u00e9ly v\u00edzben, Roskilde 1998-as millennium\u00e1nak eml\u00e9k\u00e9re. Egy r\u00f6vid s\u00e9ta a s\u00e9t\u00e1l\u00f3utc\u00e1kon felfedezhetj\u00fck az Algade \u00e9s a Skomagergade butikjait, k\u00e1v\u00e9z\u00f3it \u00e9s \u00e9ttermeit. A fav\u00e1zas, 1430-as boltozatban \u00e1ll\u00f3 Raadhusk\u00e6lderen h\u00edres tat\u00e1ros lazacsteakj\u00e9r\u0151l \u00e9s grillezett csirk\u00e9s tejsz\u00ednes m\u00e1rt\u00e1s\u00e1r\u00f3l, m\u00edg a La Brasserie, az angol st\u00edlus\u00fa Gimle Musikcafe \u00e9s a 84 m\u00e9teres torony tetej\u00e9n tal\u00e1lhat\u00f3 Restaurant Toppen olyan \u00edzeket k\u00edn\u00e1l, amelyek t\u00fckr\u00f6zik a v\u00e1ros legend\u00e1s \u00edzlel\u0151bimb\u00f3it.<\/p>\n<p>A sz\u00e1llod\u00e1k v\u00e1laszt\u00e9ka a t\u00f6rt\u00e9nelmi Prindsent\u0151l, melynek alapjai 1695-b\u0151l sz\u00e1rmaznak, \u00e9s melynek Hans Christian Andersen lakoszt\u00e1lya skandin\u00e1v eleganci\u00e1t id\u00e9z, eg\u00e9szen az 1989-ben alap\u00edtott Scandic sz\u00e1llodal\u00e1ncig terjed. A k\u00f6zponton k\u00edv\u00fcl tal\u00e1lhat\u00f3 a n\u00e1dfedeles Svogerslev Kro, amely 1727 \u00f3ta m\u0171k\u00f6dik fogad\u00f3, \u00e9s meghitt sz\u00e1ll\u00e1st k\u00edn\u00e1l k\u00e9t \u00e9s f\u00e9l m\u00e9rf\u00f6ldre nyugatra az \u00f3v\u00e1rost\u00f3l.<\/p>\n<p>Roskilde \u00e9vsz\u00e1zadoknyi v\u00e1ltoz\u00e1son kereszt\u00fcl meg\u0151rizte eml\u00e9kezet\u00e9nek \u00e9s lend\u00fclet\u00e9nek mozaikj\u00e1t. K\u00f6z\u00e9pkori magja, akad\u00e9miai negyedei, ipari parkjai \u00e9s fesztiv\u00e1lter\u00fcletei az alkalmazkod\u00e1s \u00e9s a gondoskod\u00e1s narrat\u00edv\u00e1j\u00e1ban egyes\u00fclnek. Ak\u00e1r kir\u00e1lyi s\u00edrok vagy rockzenei ritmusok, fjordparti parkok vagy kutat\u00f3laborat\u00f3riumok vonzz\u00e1k, a l\u00e1togat\u00f3k \u00e9s a lakosok Roskild\u00e9ben egy ismer\u0151s \u00e9s v\u00e1ratlanul \u00f6sszetett v\u00e1rost tal\u00e1lnak, egy olyan helyet, ahol minden utca \u00e9s int\u00e9zm\u00e9ny D\u00e1nia m\u00faltj\u00e1nak visszhangj\u00e1t \u00e9s j\u00f6v\u0151j\u00e9nek \u00edg\u00e9ret\u00e9t hordozza mag\u00e1ban.<\/p>","protected":false},"excerpt":{"rendered":"<p>Roskilde, a t\u00f6rt\u00e9nelmi jelent\u0151s\u00e9g\u0171 \u00e9s kort\u00e1rs jelent\u0151s\u00e9g\u0171 v\u00e1ros a d\u00e1niai Zealand sziget\u00e9n tal\u00e1lhat\u00f3, Koppenh\u00e1g\u00e1t\u00f3l nagyj\u00e1b\u00f3l 30 kilom\u00e9terre nyugatra. 2024. janu\u00e1r 1-j\u00e9n ennek a v\u00e1rosk\u00f6zpontnak 52 974 lakosa van, ami meger\u0151s\u00edti D\u00e1nia 10. legnagyobb v\u00e1ros\u00e1nak st\u00e1tusz\u00e1t. Roskilde strat\u00e9giai elhelyezked\u00e9se \u00e9s t\u00f6rt\u00e9nelmi jelent\u0151s\u00e9ge el\u0151seg\u00edtette, hogy a r\u00e9gi\u00f3 k\u00f6zponti \u00fczleti \u00e9s oktat\u00e1si k\u00f6zpontj\u00e1v\u00e1 fejl\u0151dj\u00f6n, amelyet Roskilde \u00f6nkorm\u00e1nyzat\u00e1nak k\u00f6zigazgat\u00e1si tan\u00e1csa fel\u00fcgyel.<\/p>","protected":false},"author":1,"featured_media":3537,"parent":14261,"menu_order":0,"comment_status":"closed","ping_status":"closed","template":"elementor_theme","meta":{"_eb_attr":"","footnotes":""},"class_list":["post-14276","page","type-page","status-publish","has-post-thumbnail"],"_links":{"self":[{"href":"https:\/\/travelshelper.com\/hu\/wp-json\/wp\/v2\/pages\/14276","targetHints":{"allow":["GET"]}}],"collection":[{"href":"https:\/\/travelshelper.com\/hu\/wp-json\/wp\/v2\/pages"}],"about":[{"href":"https:\/\/travelshelper.com\/hu\/wp-json\/wp\/v2\/types\/page"}],"author":[{"embeddable":true,"href":"https:\/\/travelshelper.com\/hu\/wp-json\/wp\/v2\/users\/1"}],"replies":[{"embeddable":true,"href":"https:\/\/travelshelper.com\/hu\/wp-json\/wp\/v2\/comments?post=14276"}],"version-history":[{"count":0,"href":"https:\/\/travelshelper.com\/hu\/wp-json\/wp\/v2\/pages\/14276\/revisions"}],"up":[{"embeddable":true,"href":"https:\/\/travelshelper.com\/hu\/wp-json\/wp\/v2\/pages\/14261"}],"wp:featuredmedia":[{"embeddable":true,"href":"https:\/\/travelshelper.com\/hu\/wp-json\/wp\/v2\/media\/3537"}],"wp:attachment":[{"href":"https:\/\/travelshelper.com\/hu\/wp-json\/wp\/v2\/media?parent=14276"}],"curies":[{"name":"wp","href":"https:\/\/api.w.org\/{rel}","templated":true}]}}