{"id":14240,"date":"2024-09-18T22:41:43","date_gmt":"2024-09-18T22:41:43","guid":{"rendered":"https:\/\/travelshelper.com\/staging\/?page_id=14240"},"modified":"2026-03-11T23:33:52","modified_gmt":"2026-03-11T23:33:52","slug":"esztorszag","status":"publish","type":"page","link":"https:\/\/travelshelper.com\/hu\/destinations\/europe\/estonia\/","title":{"rendered":"\u00c9sztorsz\u00e1g"},"content":{"rendered":"<p>\u00c9sztorsz\u00e1g a Balti-tenger keleti partj\u00e1n fekszik, egy karcs\u00fa, mintegy 1,37 milli\u00f3 lakos\u00fa k\u00f6zt\u00e1rsas\u00e1g, amelynek f\u00f6ldje \u00e9s lelke egyar\u00e1nt hordozta a pog\u00e1ny r\u00edtusokat \u00e9s a digit\u00e1lis forradalmakat. Ez az \u00e9szaki vid\u00e9k, amely 45 335 km\u00b2-es alapter\u00fcleten \u2013 t\u00f6bb mint 2300 szigettel \u2013 az i. e. 9000-es neolitikus telep\u00fcl\u00e9sekt\u0151l Eur\u00f3pa egyik digit\u00e1lisan legfejlettebb demokr\u00e1ci\u00e1j\u00e1v\u00e1 fejl\u0151d\u00f6tt, amely euro\u00f6vezeti tags\u00e1ggal, NATO-sz\u00f6vets\u00e9ggel \u00e9s \u00e1tl\u00e1that\u00f3 korm\u00e1nyz\u00e1s\u00e1r\u00f3l ismert. \u00c9szaki partvid\u00e9k\u00e9nek m\u00e9szk\u0151szikl\u00e1it\u00f3l a d\u00e9li felf\u00f6ldek t\u0151zeggel bor\u00edtott l\u00e1pvid\u00e9k\u00e9ig \u00c9sztorsz\u00e1g terepe \u00e9s n\u00e9pe k\u00fclf\u00f6ldi uralom, nemzeti \u00e9bred\u00e9s, szovjet megsz\u00e1ll\u00e1s \u00e9s a f\u00fcggetlens\u00e9get 1991. augusztus 20-\u00e1n vissza\u00e1ll\u00edt\u00f3 b\u00e9k\u00e9s \u201e\u00e9nekl\u0151 forradalom\u201d t\u00f6rt\u00e9net\u00e9t k\u00f6veti nyomon.<\/p>\n<p>\u0150sid\u0151k \u00f3ta az \u00e9szt t\u00f6rzsek foly\u00f3k \u00e9s tavak ment\u00e9n \u00e9lnek. A k\u00f6z\u00e9pkori kereszt\u00e9nys\u00e9gre val\u00f3 \u00e1tt\u00e9r\u00e9s csak a 13. sz\u00e1zadi \u00e9szaki keresztes hadj\u00e1ratok ut\u00e1n t\u00f6rt\u00e9nt, m\u00e9gis a kereszt\u00e9nys\u00e9g el\u0151tti szok\u00e1sok nyomai fennmaradtak a folkl\u00f3rban \u00e9s a r\u00fanadalokban. A N\u00e9met Lovagrend, a d\u00e1n uralkod\u00f3k, a lengyel kir\u00e1lyok, a sv\u00e9d urak \u00e9s v\u00e9g\u00fcl az Orosz Birodalom \u00e9vsz\u00e1zados befoly\u00e1sa nem sokat tett az\u00e9rt, hogy elfojtsa azt a n\u00e9pi identit\u00e1st, amely a 19. sz\u00e1zad k\u00f6zep\u00e9nek nemzeti \u00e9bred\u00e9s\u00e9ben fell\u00e1ngolt. Az 1918 febru\u00e1ri F\u00fcggetlens\u00e9gi Nyilatkozat egy k\u00e9t vil\u00e1gh\u00e1bor\u00fa k\u00f6z\u00f6tti k\u00f6zt\u00e1rsas\u00e1got hozott l\u00e9tre, amely demokratikus eszm\u00e9ken alapult, de a semlegess\u00e9g a szovjet \u00e9s n\u00e9met megsz\u00e1ll\u00e1s alatt \u00f6sszeomlott. A hidegh\u00e1bor\u00fa alatt az emigr\u00e1ns diplomat\u00e1k \u00e9s a sz\u00e1m\u0171zet\u00e9sben l\u00e9v\u0151 korm\u00e1ny meg\u0151rizte \u00c9sztorsz\u00e1g jogfolytonoss\u00e1g\u00e1t, am\u00edg a balti \u00e1llam er\u0151szakmentes t\u00f6megt\u00fcntet\u00e9sek \u00e9s k\u00f3rus ellen\u00e1ll\u00e1s r\u00e9v\u00e9n visszanyerte szuverenit\u00e1s\u00e1t.<\/p>\n<p>Topogr\u00e1fiailag a k\u00f6zt\u00e1rsas\u00e1g enyh\u00e9n lejt\u0151s. Az \u00e9szaki \u00e9s nyugati s\u00edkvid\u00e9ket a Pandivere, a Sakala \u00e9s az Otep\u00e4\u00e4-hegys\u00e9g tark\u00edtja, m\u00edg a 318 m\u00e9ter magas Suur Munam\u00e4gi a Haanja-hegys\u00e9g felett magasodik. \u00c9sztorsz\u00e1g 1560 term\u00e9szetes tava k\u00f6z\u00fcl a Peipus hatalmas kiterjed\u00e9se Oroszorsz\u00e1ggal hat\u00e1ros, a V\u00f5rtsj\u00e4rv pedig teljes eg\u00e9sz\u00e9ben ezen bel\u00fcl fekszik. Kevesebb mint egy tucat foly\u00f3 haladja meg a 100 kilom\u00e9tert, ezek k\u00f6z\u00fcl a legfontosabb a V\u00f5handu \u00e9s a P\u00e4rnu. A ter\u00fclet k\u00f6zel egynegyed\u00e9t l\u00e1pok \u00e9s s\u00e1rok \u2013 kusza vizes \u00e9l\u0151helyek, ahol a t\u0151zeg \u00e9s a mocs\u00e1ri erd\u0151 tal\u00e1lkozik \u2013 hat\u00e1rolj\u00e1k, mened\u00e9ket k\u00edn\u00e1lva az Eur\u00f3pa m\u00e1s r\u00e9szein elt\u0171nt fajoknak.<\/p>\n<p>Az \u00e9ghajlat itt nem teljesen kontinent\u00e1lis \u00e9s nem is tiszt\u00e1n tengeri, hanem az \u00e9szak-atlanti ciklonok \u00e9s a Balti-tenger m\u00e9rs\u00e9kl\u0151d\u0151 vonul\u00e1sa alak\u00edtja. A t\u00e9li olvad\u00e1sok id\u0151 el\u0151tt meg\u00e9rkeznek a part menti partokra, m\u00edg a ny\u00e1ri meleg megmarad, ahogy a nyugati szell\u0151 enyh\u00edti a sz\u00e1razf\u00f6ldi h\u0151s\u00e9get. Az \u00e1tlagh\u0151m\u00e9rs\u00e9klet febru\u00e1rban -3,8 \u00b0C \u00e9s j\u00faliusban 17,8 \u00b0C k\u00f6z\u00f6tt ingadozik, a sz\u00e9ls\u0151 \u00e9rt\u00e9kek 1940-ben -43,5 \u00b0C, 1992-ben pedig 35,6 \u00b0C voltak. Az \u00e9ves csapad\u00e9kmennyis\u00e9g \u00e1tlagosan 662 mm; a naps\u00fct\u00e9ses \u00f3r\u00e1k sz\u00e1ma decemberben alig h\u00e1rom tucat \u00f3r\u00e1t\u00f3l augusztusban k\u00f6zel 300-ig terjed. A nappali f\u00e9ny hossza ny\u00e1r k\u00f6zep\u00e9n 18 \u00f3ra 40 percre n\u0151, a t\u00e9li napfordul\u00f3 ut\u00e1n pedig hat \u00f3r\u00e1ra cs\u00f6kken, \u00edgy m\u00e1just\u00f3l j\u00faliusig \u201efeh\u00e9r \u00e9jszak\u00e1k\u201d uralkodnak.<\/p>\n<p>Az erd\u0151k, mez\u0151k, szigetek \u00e9s vizes \u00e9l\u0151helyek mozaikja Eur\u00f3pa egyik leggazdagabb biodiverzit\u00e1s\u00e1nak alapj\u00e1t k\u00e9pezi. \u00c9sztorsz\u00e1g ter\u00fclet\u00e9nek k\u00f6r\u00fclbel\u00fcl 19,4 sz\u00e1zal\u00e9ka hivatalosan v\u00e9dett \u2013 hat nemzeti park, t\u00f6bb mint k\u00e9tsz\u00e1z term\u00e9szetv\u00e9delmi ter\u00fclet \u00e9s t\u00f6bb mint sz\u00e1z t\u00e1jrezerv\u00e1tum. A v\u00e1ndorl\u00f3 folyos\u00f3k milli\u00f3nyi \u00e9nekesmadara \u00e9s v\u00edzimadara v\u00e1ndorolnak az \u00e9gbolton, eur\u00f3pai rekordokat d\u00f6ntve a v\u00e1ltozatoss\u00e1g \u00e9s a mennyis\u00e9g tekintet\u00e9ben. Erd\u0151it feny\u0151, ny\u00edr \u00e9s lucfeny\u0151 uralja, mened\u00e9ket ny\u00fajtva a nagy eml\u0151s\u00f6knek a hi\u00fazt\u00f3l \u00e9s a barna medv\u00e9t\u0151l a Hiiumaa sziget\u00e9re visszatelep\u00edtett eur\u00f3pai nercig. A k\u00e9t\u00e9lt\u0171ek \u00e9s h\u00fcll\u0151k bajszos birodalma 330 orsz\u00e1gszerte megfigyelt mad\u00e1rfaj k\u00f6r\u00fcl vir\u00e1gzik, k\u00f6zt\u00fck a f\u00fcsti fecske, a nemzeti mad\u00e1rjelk\u00e9p.<\/p>\n<p>A tizen\u00f6t megy\u00e9b\u0151l \u00e1ll\u00f3 parlament\u00e1ris k\u00f6zt\u00e1rsas\u00e1g, \u00c9sztorsz\u00e1g Eur\u00f3pa egyik legkev\u00e9sb\u00e9 korrupt k\u00f6zigazgat\u00e1s\u00e1val b\u00fcszk\u00e9lkedhet. Az olajpala-f\u00fcgg\u0151s\u00e9gr\u0151l \u2013 amely egykor az energiatermel\u00e9s t\u00f6bb mint nyolcvan\u00f6t sz\u00e1zal\u00e9k\u00e1t tette ki \u2013 a meg\u00fajul\u00f3 energiaforr\u00e1sok diverzifik\u00e1lt kever\u00e9k\u00e9re val\u00f3 \u00e1t\u00e1ll\u00e1s al\u00e1h\u00fazza az orsz\u00e1g alkalmazkod\u00f3k\u00e9pess\u00e9g\u00e9t. A 2008-as v\u00e1ls\u00e1g okozta p\u00e9nz\u00fcgyi m\u00e9lypontot 2012-re az eur\u00f3\u00f6vezet egyetlen k\u00f6lts\u00e9gvet\u00e9si t\u00f6bblete \u00e9s a GDP mind\u00f6ssze hat sz\u00e1zal\u00e9k\u00e1t kitev\u0151 \u00e1llamad\u00f3ss\u00e1g v\u00e1ltotta fel. Ma a telekommunik\u00e1ci\u00f3, a banki szolg\u00e1ltat\u00e1sok, a szoftverszolg\u00e1ltat\u00e1sok, a textilipar, az elektronika \u00e9s a haj\u00f3gy\u00e1rt\u00e1s hajtja a fejlett gazdas\u00e1got, amelynek egy f\u0151re jut\u00f3 v\u00e1s\u00e1rl\u00f3er\u0151-parit\u00e1sos GDP-je nagyj\u00e1b\u00f3l 46 385 doll\u00e1r (2023-as adatok). \u00c9sztorsz\u00e1g a vil\u00e1g \u00e9lvonal\u00e1ba tartozik az emberi fejl\u0151d\u00e9s, a sajt\u00f3szabads\u00e1g, az oktat\u00e1si eredm\u00e9nyek \u2013 az \u00e1ltal\u00e1nos iskol\u00e1t\u00f3l a fels\u0151oktat\u00e1sig ingyenes \u2013 \u00e9s az e-korm\u00e1nyzati szolg\u00e1ltat\u00e1sok tekintet\u00e9ben.<\/p>\n<p>A tengeri f\u0151utak a tallinni kik\u00f6t\u0151ben \u00e9s annak j\u00e9gmentes mell\u00e9khaj\u00f3j\u00e1ban, Muug\u00e1ban futnak \u00f6ssze, ahol gabonafelvon\u00f3k, h\u0171t\u00f6tt rakt\u00e1rak \u00e9s tart\u00e1lykocsi-kik\u00f6t\u0151k szolg\u00e1lj\u00e1k ki a balti kereskedelmet. A Tallink kompok tengeri \u00fatvonalakat k\u00f6tnek \u00f6ssze Helsinkivel \u00e9s Stockholmmal, m\u00edg a helyi vonalak utasokat sz\u00e1ll\u00edtanak Saaremaa \u00e9s Hiiumaa fel\u00e9. A sz\u00e1razf\u00f6ldi aut\u00f3p\u00e1ly\u00e1k t\u00f6bb mint tizenhatezer kilom\u00e9ternyi hosszan, k\u00f6zt\u00fck az E20, E263 \u00e9s E67 f\u0151utak, magas ar\u00e1nyban tartj\u00e1k fenn a szem\u00e9lyg\u00e9pkocsi-tulajdonl\u00e1st. A 2017 \u00f3ta \u00e9p\u00fcl\u0151 Rail Baltica eur\u00f3pai nyomt\u00e1v\u00fa \u00f6sszek\u00f6ttet\u00e9st \u00edg\u00e9r Tallinnt\u00f3l Rig\u00e1n \u00e1t Vars\u00f3ig, kieg\u00e9sz\u00edtve a megl\u00e9v\u0151 Eesti Raudtee h\u00e1l\u00f3zatot \u00e9s annak t\u00f6rt\u00e9nelmi keskeny nyomt\u00e1v\u00fa villamos\u00e1t a f\u0151v\u00e1rosban. A tallinni, tartui, p\u00e4rnui, kuressaarei \u00e9s k\u00e4rdlai rep\u00fcl\u0151terek \u00c9sztorsz\u00e1got \u00c9szak- \u00e9s K\u00f6z\u00e9p-Eur\u00f3p\u00e1val k\u00f6tik \u00f6ssze olyan l\u00e9git\u00e1rsas\u00e1gok r\u00e9v\u00e9n, mint az AirBaltic \u00e9s a LOT.<\/p>\n<p>Etnikailag \u00c9sztorsz\u00e1g nagyr\u00e9szt homog\u00e9n: az \u00e9sztek a lakoss\u00e1g k\u00f6zel hetven sz\u00e1zal\u00e9k\u00e1t teszik ki, m\u00edg az orosz ajk\u00fa kisebbs\u00e9g k\u00f6r\u00fclbel\u00fcl huszonn\u00e9gy sz\u00e1zal\u00e9kot tesz ki, akik Ida-Viruban \u00e9s Tallinn k\u00f6rny\u00e9k\u00e9n koncentr\u00e1l\u00f3dnak. 1991 \u00f3ta a n\u00e9pess\u00e9g 1 369 285 f\u0151re (2025. janu\u00e1r 1.) emelkedett, ami a migr\u00e1ci\u00f3t \u00e9s a szer\u00e9ny sz\u00fclet\u00e9si t\u00f6bbletet t\u00fckr\u00f6zi. Az iskolai v\u00e9gzetts\u00e9g kiv\u00e9teles \u2013 a 25\u201364 \u00e9ves feln\u0151ttek negyvenh\u00e1rom sz\u00e1zal\u00e9ka rendelkezik egyetemi diplom\u00e1val \u2013, \u00e9s a soksz\u00edn\u0171s\u00e9g is megn\u0151tt, t\u00f6bb mint k\u00e9tsz\u00e1z etnikummal \u00e9s majdnem ugyanannyi anyanyelvvel. A balti n\u00e9met k\u00f6z\u00f6ss\u00e9g egykor a 20. sz\u00e1zad k\u00f6zep\u00e9ig a n\u00e9met kultur\u00e1lis hegem\u00f3ni\u00e1t jelezte; ma az ingriai finnek \u00e9s az \u00e9sztorsz\u00e1gi sv\u00e9dek kultur\u00e1lis auton\u00f3mi\u00e1t \u00e9lveznek egy kis roma jelenl\u00e9t mellett.<\/p>\n<p>A vall\u00e1si hovatartoz\u00e1s cs\u00f6kkent, \u00edgy \u00c9sztorsz\u00e1g Eur\u00f3pa egyik legvil\u00e1giasabb \u00e1llam\u00e1v\u00e1 v\u00e1lt. A polg\u00e1rok valamivel kevesebb, mint egyharmada vall valamilyen hitet, t\u00f6bbs\u00e9g\u00fck kereszt\u00e9ny felekezethez tartozik. A keleti ortodoxia, amelyet az orosz kisebbs\u00e9g \u00e9s az \u0151slakos szeto k\u00f6z\u00f6ss\u00e9gek sokan gyakorolnak, k\u00f6vet\u0151inek sz\u00e1m\u00e1ban ma m\u00e1r megel\u0151zi a luther\u00e1nus vall\u00e1st. A 2014 \u00f3ta az UNESCO Vil\u00e1g\u00f6r\u00f6ks\u00e9g r\u00e9sz\u00e9t k\u00e9pez\u0151 v\u00f5rui hagyom\u00e1ny f\u00fcstszaun\u00e1i az \u0151si ritu\u00e1l\u00e9kat \u00e1polj\u00e1k, ak\u00e1rcsak a ny\u00e1rk\u00f6z\u00e9pi Jaanip\u00e4ev m\u00e1gly\u00e1k \u00e9s a f\u00fcggetlens\u00e9g napi felvonul\u00e1sok, amelyek mindegyike a k\u00f6z\u00f6s eml\u00e9kezetet jelzi j\u00fanius 24-\u00e9n, illetve febru\u00e1r 24-\u00e9n.<\/p>\n<p>Nyelvi szempontb\u00f3l az \u00e9szt nyelv domin\u00e1l, a lakoss\u00e1g nagyj\u00e1b\u00f3l nyolcvann\u00e9gy sz\u00e1zal\u00e9ka haszn\u00e1lja anyanyelvk\u00e9nt vagy m\u00e1sodik nyelvk\u00e9nt. A d\u00e9l-\u00e9sztorsz\u00e1gi nyelvj\u00e1r\u00e1sok \u2013 a v\u00f5ro, a seto, a mulgi \u00e9s a tartu \u2013 tov\u00e1bbra is l\u00e9teznek, k\u00f6zel sz\u00e1zezer besz\u00e9l\u0151j\u00fck k\u00f6r\u00e9ben. Az angol \u00e9s az orosz k\u00f6z\u00f6s idegen vagy \u00f6r\u00f6ks\u00e9gnyelvk\u00e9nt szolg\u00e1l, amelyeket az \u00e1llami iskol\u00e1ztat\u00e1s er\u0151s\u00edt fel; a n\u00e9met \u00e9s a francia k\u00f6veti \u0151ket. Az \u00e9szt jelnyelv, amelyet hivatalosan 2007-ben ismertek el, mintegy 4500 siket \u00e1llampolg\u00e1rt t\u00e1mogat.<\/p>\n<p>A kultur\u00e1lis identit\u00e1s \u00f6sszefon\u00f3dik a f\u00f6lddel. A n\u00e9pi rov\u00e1s\u00e9nekek a kozmog\u00f3ni\u00e1r\u00f3l \u00e9s olyan \u00f3ri\u00e1sokr\u00f3l mes\u00e9lnek, mint a Kalevipoeg. Jakob Hurt folklorista 19. sz\u00e1zadi kamp\u00e1nya sor\u00e1n t\u00f6bb mint tizenk\u00e9tezer oldalnyi sz\u00f3beli hagyom\u00e1nyt gy\u0171jt\u00f6tt \u00f6ssze; Matthias Johann Eisen tov\u00e1bbi kilencvenezer oldalt gy\u0171jt\u00f6tt \u00f6ssze, amelyek ma az \u00c9szt N\u00e9prajzi Arch\u00edvumban tal\u00e1lhat\u00f3k. Az \u00e9p\u00edt\u00e9szet a f\u00e1b\u00f3l k\u00e9sz\u00fclt rehielamu tany\u00e1kon, a k\u00f6z\u00e9pkori k\u0151b\u0151l \u00e9p\u00fclt dombvid\u00e9ki er\u0151d\u00f6k\u00f6n, a rom\u00e1n st\u00edlus\u00fa templomokon \u00e9s a g\u00f3tikus keresked\u0151csarnokokon \u00e1t\u00edvel \u2013 ezek leg\u00e9l\u00e9nkebben fennmaradtak Tallinn UNESCO Vil\u00e1g\u00f6r\u00f6ks\u00e9g r\u00e9sz\u00e9t k\u00e9pez\u0151 \u00f3v\u00e1ros\u00e1ban. A k\u00e9t vil\u00e1gh\u00e1bor\u00fa k\u00f6z\u00f6tti parlament \u00e9p\u00fclete a Toompea-dombon egyed\u00fcl\u00e1ll\u00f3an a vil\u00e1g egyetlen expresszionista t\u00f6rv\u00e9nyhoz\u00f3 termek\u00e9nt \u00e1ll, m\u00edg a 20. sz\u00e1zadi trendek a lecsupasz\u00edtott klasszicizmust\u00f3l a szovjet el\u0151re gy\u00e1rtott \u00e9p\u00fcletekig, legut\u00f3bb pedig az \u00fcvegbor\u00edt\u00e1s\u00fa irodatornyokig ingadoztak, olyan \u00e9p\u00edt\u00e9szek alkot\u00e1saiig, mint Vilen K\u00fcnnapu.<\/p>\n<p>Az \u00e9szt konyha, amely a mez\u0151kb\u0151l, erd\u0151kb\u0151l \u00e9s tengerb\u0151l sz\u00fcletett, tov\u00e1bbra is a rozskeny\u00e9rre, a burgony\u00e1ra, a sert\u00e9sh\u00fasra \u00e9s a tejterm\u00e9kekre \u00e9p\u00fcl, melyeket szezon\u00e1lis bogy\u00f3s gy\u00fcm\u00f6lcs\u00f6k, f\u0171szern\u00f6v\u00e9nyek \u00e9s gomb\u00e1k tesznek m\u00e9g \u00e9lvezetesebb\u00e9. A balti heringgel vagy spratttal megsz\u00f3rt nyitott szendvicsek a nemzet egyszer\u0171, legfrissebb \u00e9telek ir\u00e1nti vonzalm\u00e1t testes\u00edtik meg. Az \u00e9teleket s\u00f6r, gy\u00fcm\u00f6lcsborok \u00e9s p\u00e1rlatok k\u00eds\u00e9rik, ahogyan azt az \u00e9vsz\u00e1zadok \u00f3ta teszik a mez\u0151gazdas\u00e1gi \u00e9s tengerparti \u00e9letben.<\/p>\n<p>Az utaz\u00f3k sz\u00e1m\u00e1ra \u00c9sztorsz\u00e1g r\u00e9gi\u00f3kra bontva bontakozik ki, de a t\u00e1vols\u00e1g zsarnoks\u00e1ga n\u00e9lk\u00fcl: n\u00e9gy \u00f3ra v\u00e1lasztja el a d\u00e9li dombokat az \u00e9szaki strandokt\u00f3l, \u00e9s k\u00e9t \u00f3ra elegend\u0151 Tallinn \u00e9s b\u00e1rmely nagyobb v\u00e1ros k\u00f6z\u00f6tt. \u00c9szak-\u00c9sztorsz\u00e1g l\u00fcktet az ipar \u00e9s a v\u00e1rosi b\u00e1j, a k\u00f6z\u00e9pkori f\u0151v\u00e1ros a tengerparti falvak \u00e9s Lahemaa k\u00fari\u00e1i k\u00f6z\u00f6tt \u00e1ll. Kelet-\u00c9sztorsz\u00e1g orosz hat\u00e1s\u00e1t viseli mag\u00e1n Narva Hermann-kast\u00e9ly\u00e1ban \u00e9s az \u00f6b\u00f6l menti f\u00fcrd\u0151v\u00e1rosokban. A szigetek \u00e9s a nyugati partvid\u00e9k Saaremaa sz\u00e9lcsendes falvait, P\u00e4rnu ny\u00e1ri pomp\u00e1j\u00e1t \u00e9s a parti sv\u00e9dek \u00fajj\u00e1\u00e9led\u0151 \u00f6r\u00f6ks\u00e9g\u00e9t k\u00edn\u00e1lja Ruhnu sziget\u00e9n. D\u00e9len Tartu tudom\u00e1nyos pezsg\u00e9s\u00e9t Setomaa imah\u00e1zai, Mulgimaa dalhagyom\u00e1nyai \u00e9s Otep\u00e4\u00e4 s\u00edp\u00e1ly\u00e1i adj\u00e1k \u00e1t.<\/p>\n<p>\u00c9sztorsz\u00e1g vonzereje az ilyen ellent\u00e9tekben rejlik: egy digit\u00e1lis k\u00f6zt\u00e1rsas\u00e1g, amely moh\u00e1val bor\u00edtott erd\u0151k, \u0151si l\u00e1pok \u00e9s hanza-s\u00e1ncok k\u00f6z\u00f6tt vir\u00e1gzik; egy n\u00e9p, amely egyszerre \u00e9nekli a f\u00fcggetlens\u00e9get \u00e9s fogadja a l\u00e1togat\u00f3kat. Ez egy olyan f\u00f6ld, amelyet kev\u00e9sb\u00e9 a valaha megk\u00f6t\u00f6tt l\u00e1ncok hat\u00e1roznak meg, mint ink\u00e1bb az a rugalmass\u00e1g, amely a m\u00faltj\u00e1t minden kattan\u00e1ssal, minden kar\u00e1csonyi \u00e9nekkel \u00e9s minden l\u00e9p\u00e9ssel egyes\u00edti a t\u00f6rt\u00e9netekkel teli t\u00e1jon.<\/p>","protected":false},"excerpt":{"rendered":"<p>\u00c9sztorsz\u00e1g, amely \u00c9szak-Eur\u00f3p\u00e1ban, a fest\u0151i Balti-tenger mellett tal\u00e1lhat\u00f3, a kitart\u00e1st, a tal\u00e1l\u00e9konys\u00e1got \u00e9s a kultur\u00e1lis soksz\u00edn\u0171s\u00e9get p\u00e9ld\u00e1zza. Az \u00c9szak- \u00e9s Kelet-Eur\u00f3pa metsz\u00e9spontj\u00e1ban tal\u00e1lhat\u00f3 \u00c9sztorsz\u00e1g strat\u00e9giai poz\u00edci\u00f3val rendelkezik, amely t\u00f6rt\u00e9nelmileg meghat\u00e1rozta p\u00e1ly\u00e1j\u00e1t, \u00e9s tov\u00e1bbra is hat\u00e1ssal van jelenlegi k\u00f6r\u00fclm\u00e9nyeire. K\u00f6r\u00fclbel\u00fcl 1,4 milli\u00f3s lakoss\u00e1ga ellen\u00e9re \u00c9sztorsz\u00e1g jelent\u0151s hat\u00e1ssal van a technol\u00f3gi\u00e1ra, a digit\u00e1lis korm\u00e1nyz\u00e1sra \u00e9s a k\u00f6rnyezetv\u00e9delemre.<\/p>","protected":false},"author":1,"featured_media":3347,"parent":24078,"menu_order":0,"comment_status":"closed","ping_status":"closed","template":"elementor_theme","meta":{"_eb_attr":"","footnotes":""},"class_list":["post-14240","page","type-page","status-publish","has-post-thumbnail"],"_links":{"self":[{"href":"https:\/\/travelshelper.com\/hu\/wp-json\/wp\/v2\/pages\/14240","targetHints":{"allow":["GET"]}}],"collection":[{"href":"https:\/\/travelshelper.com\/hu\/wp-json\/wp\/v2\/pages"}],"about":[{"href":"https:\/\/travelshelper.com\/hu\/wp-json\/wp\/v2\/types\/page"}],"author":[{"embeddable":true,"href":"https:\/\/travelshelper.com\/hu\/wp-json\/wp\/v2\/users\/1"}],"replies":[{"embeddable":true,"href":"https:\/\/travelshelper.com\/hu\/wp-json\/wp\/v2\/comments?post=14240"}],"version-history":[{"count":0,"href":"https:\/\/travelshelper.com\/hu\/wp-json\/wp\/v2\/pages\/14240\/revisions"}],"up":[{"embeddable":true,"href":"https:\/\/travelshelper.com\/hu\/wp-json\/wp\/v2\/pages\/24078"}],"wp:featuredmedia":[{"embeddable":true,"href":"https:\/\/travelshelper.com\/hu\/wp-json\/wp\/v2\/media\/3347"}],"wp:attachment":[{"href":"https:\/\/travelshelper.com\/hu\/wp-json\/wp\/v2\/media?parent=14240"}],"curies":[{"name":"wp","href":"https:\/\/api.w.org\/{rel}","templated":true}]}}