{"id":14191,"date":"2024-09-18T21:59:59","date_gmt":"2024-09-18T21:59:59","guid":{"rendered":"https:\/\/travelshelper.com\/staging\/?page_id=14191"},"modified":"2026-03-11T23:49:09","modified_gmt":"2026-03-11T23:49:09","slug":"cannes","status":"publish","type":"page","link":"https:\/\/travelshelper.com\/hu\/destinations\/europe\/france\/cannes\/","title":{"rendered":"Cannes"},"content":{"rendered":"<p>Cannes egy k\u00f6r\u00fclbel\u00fcl 73 000 lakos\u00fa tengerparti telep\u00fcl\u00e9s, amely mintegy 19,62 n\u00e9gyzetkilom\u00e9tert foglal mag\u00e1ban a Francia Rivi\u00e9r\u00e1n, a Cannes-i \u00f6b\u00f6l keleti partj\u00e1n, Franciaorsz\u00e1g Alpes-Maritimes megy\u00e9j\u00e9ben. Sz\u00e1mos nemzetk\u00f6zi tal\u00e1lkoz\u00f3nak \u2013 az \u00e9ves Cannes-i Filmfesztiv\u00e1lnak, a Midem zenei konferenci\u00e1nak \u00e9s a Cannes Lions Nemzetk\u00f6zi Kreat\u00edv Fesztiv\u00e1lnak \u2013 ad otthont, \u00e9s m\u00e1ra egy szer\u00e9ny hal\u00e1szfalub\u00f3l a filmes, zenei \u00e9s rekl\u00e1mipar k\u00f6zpontj\u00e1v\u00e1 fejl\u0151d\u00f6tt. H\u00edres v\u00edzpartj\u00e1t luxushotelek szeg\u00e9lyezik, m\u00edg a v\u00e1ros gazdas\u00e1ga a turizmus, az \u00fczleti v\u00e1s\u00e1rok, a kereskedelem \u00e9s a Cannes Mandelieu \u0170rk\u00f6zpontban k\u00f6zpontosult robusztus rep\u00fcl\u0151g\u00e9pipari jelenl\u00e9t kever\u00e9k\u00e9nek k\u00f6sz\u00f6nhet\u0151en vir\u00e1gzik.<\/p>\n<p>Decembert\u0151l febru\u00e1rig a napi k\u00f6z\u00e9ph\u0151m\u00e9rs\u00e9klet alig haladja meg a 10 \u00b0C-ot, \u00edgy a t\u00e9li h\u00f3napok enyhe id\u0151j\u00e1r\u00e1st \u00e9lveznek, ellent\u00e9tben a ny\u00e1ri intenz\u00edv naps\u00fct\u00e9ssel, amikor a nappali \u00e9rt\u00e9kek gyakran el\u00e9rik a 30 \u00b0C-ot. J\u00faliusban \u00e1tlagosan napi tizenegy \u00f3ra naps\u00fct\u00e9s van, m\u00edg a csapad\u00e9kmennyis\u00e9g eg\u00e9sz \u00e9vben m\u00e9rs\u00e9kelt marad, okt\u00f3berben \u00e9s novemberben tet\u0151zik, amikor a havi \u00f6sszes\u00edtett mennyis\u00e9g meghaladhatja a 100 mm-t. A meleg \u00e9vszakok j\u00faniust\u00f3l szeptemberig tartanak, amikor a lakoss\u00e1g megn\u0151tt a F\u00f6ldk\u00f6zi-tenger t\u00fcrkizk\u00e9k hull\u00e1mz\u00e1sa \u00e9s a napt\u00e1rat tark\u00edt\u00f3 fesztiv\u00e1lok \u00e1ltal vonzott l\u00e1togat\u00f3kkal. Figyelemre m\u00e9lt\u00f3 sz\u00e9ls\u0151s\u00e9gek jellemezt\u00e9k a helyi \u00e9ghajlatot: 2023. j\u00falius 19-\u00e9n a h\u0151m\u00e9rs\u00e9klet 39,2 \u00b0C-ra emelkedett, majd 1985. janu\u00e1r 9-\u00e9n, egy zord t\u00e9l k\u00f6zep\u00e9n -12,0 \u00b0C-ra s\u00fcllyedt.<\/p>\n<p>A Promenade de la Croisette, egy eleg\u00e1nsan \u00edvelt, p\u00e1lmaf\u00e1kkal d\u00edsz\u00edtett sug\u00e1r\u00fat, hat\u00e1rozza meg Cannes tengerparti identit\u00e1s\u00e1t. A Promenade de la Croisette szakasz\u00e1t v\u00e1logatott strandok \u2013 nyilv\u00e1nosak \u00e9s mag\u00e1nk\u00e9zben l\u00e9v\u0151k egyar\u00e1nt \u2013, gasztron\u00f3miai teraszok, valamint luxus butikok \u00e9s impoz\u00e1ns sz\u00e1llod\u00e1k homlokzatai szeg\u00e9lyezik. A sug\u00e1r\u00faton t\u00fal a v\u00e1ros k\u00f6z\u00e9pkori negyede, a Le Suquet macskak\u00f6ves, sz\u0171k utc\u00e1k h\u00e1l\u00f3zat\u00e1t t\u00e1rja fel, amelyek a Notre-Dame d&#039;Esp\u00e9rance dombtet\u0151n \u00e1ll\u00f3 k\u00e1poln\u00e1j\u00e1hoz vezetnek fel. Err\u0151l a n\u00e9z\u0151pontb\u00f3l kil\u00e1t\u00e1s ny\u00edlik a Corniche \u00edv\u00e9re \u00e9s az \u00f6b\u00f6l \u00e9gsz\u00ednk\u00e9k \u00edv\u00e9re, m\u00edg a Mus\u00e9e des Explorations du Monde \u2013 egy er\u0151d\u00edtett toronyban \u00e9s a Chapelle Sainte-Anne-ben \u2013 t\u00e1voli utaz\u00e1sok erekly\u00e9it mutatja be. Az orosz ortodox sz\u00e9kesegyh\u00e1z sziluettje aranyozott hagymakupol\u00e1ival kiemeli ezt a domboldalt.<\/p>\n<p>Cannes \u00f6r\u00f6ks\u00e9g\u00e9t a 19. sz\u00e1zadi grandi\u00f3zus vill\u00e1k teszik nyilv\u00e1nval\u00f3v\u00e1, amelyek ma is \u00e1llnak, eml\u00e9km\u0171vei annak a gazdags\u00e1gnak, amely el\u0151sz\u00f6r emelte ki a v\u00e1rost. Sokuk r\u00f3mai vill\u00e1k vagy k\u00f6z\u00e9pkori er\u0151d\u00f6k form\u00e1it id\u00e9zi, b\u00e1r a nyilv\u00e1noss\u00e1g sz\u00e1m\u00e1ra hozz\u00e1f\u00e9rhetetlenek. K\u00f6z\u00fcl\u00fck Lord Brougham Villa \u00c9l\u00e9onore Louise-a, amelyet 1835 \u00e9s 1839 k\u00f6z\u00f6tt emeltek a Quartier des Anglais-ban \u2013 ma a v\u00e1ros legr\u00e9gebbi lak\u00f3negyed\u00e9ben \u2013, egykor brit arisztokrat\u00e1kat fogadott. Jean-Gabriel Domergue Villa Domergue-ja, amelyet eredetileg Villa Fi\u00e9sole n\u00e9ven ismertek, a Firenze melletti Fiesole f\u00e9ny\u0171z\u0151 form\u00e1ira eml\u00e9keztet, \u00e9s el\u0151zetes bejelentkez\u00e9ssel l\u00e1togathat\u00f3, kertjei \u00e9s bels\u0151 terei a korai mec\u00e9n\u00e1sok kifinomult \u00edzl\u00e9s\u00e9r\u0151l tan\u00faskodnak.<\/p>\n<p>A partt\u00f3l t\u00e1volabb, az \u00celes de L\u00e9rins szigetcsoport k\u00e9t f\u0151 szigetb\u0151l \u00e1ll. Az \u00cele Sainte-Marguerite, egy erd\u0151s mened\u00e9k, mind\u00f6ssze egy kilom\u00e9terre a partt\u00f3l, \u0151rzi azt a cell\u00e1t, ahol a legend\u00e1s \u201eVas\u00e1larcos f\u00e9rfit\u201d tizenegy \u00e9vig fogva tartott\u00e1k; ez a kamra ma a Tenger\u00e9szeti M\u00fazeumban tal\u00e1lhat\u00f3, ahol \u0151si haj\u00f3roncsokb\u00f3l kiemelt ker\u00e1mi\u00e1kat is ki\u00e1ll\u00edtanak, a r\u00f3mai amfor\u00e1kt\u00f3l a szarac\u00e9n t\u00f6red\u00e9kekig. D\u00e9lre fekszik az \u00cele Saint-Honorat, amelyet Kr. u. 410 \u00f3ta a ciszterci szerzetesek laknak, akiknek ap\u00e1ts\u00e1ga egykor a k\u00f6rnyez\u0151 r\u00e9gi\u00f3t ir\u00e1ny\u00edtotta. A l\u00e1togat\u00f3k bej\u00e1rhatj\u00e1k a szigor\u00fa templomot \u00e9s a 11. sz\u00e1zadi kolostor romjait, mik\u00f6zben a szerzetesek kis t\u00e9telben v\u00f6r\u00f6s- \u00e9s feh\u00e9rborok el\u0151\u00e1ll\u00edt\u00e1s\u00e1val fenntartj\u00e1k \u00e9vsz\u00e1zados sz\u0151l\u00e9szeti gyakorlatukat.<\/p>\n<p>A v\u00e1roson bel\u00fcl m\u00fazeumok gy\u0171jtem\u00e9nye ny\u00fajt betekint\u00e9st Provence \u0151st\u00f6rt\u00e9net\u00e9be, a mediterr\u00e1n haj\u00f3z\u00e1sba \u00e9s a vil\u00e1g kult\u00far\u00e1iba. A 18. sz\u00e1zadi k\u00fari\u00e1ban tal\u00e1lhat\u00f3 Mus\u00e9e d&#039;Art et d&#039;Histoire de Provence a helyi \u00e9letet az \u0151skori kezdetekt\u0151l napjainkig k\u00f6veti nyomon eszk\u00f6z\u00f6k, jelmezek \u00e9s kar\u00e1csonyi betlehemekre faragott santonok seg\u00edts\u00e9g\u00e9vel. A Mus\u00e9e de la Castre a csendes-\u00f3ce\u00e1ni atollokr\u00f3l, a Kolumbusz el\u0151tti Perub\u00f3l \u00e9s Mezoamerik\u00e1b\u00f3l sz\u00e1rmaz\u00f3 t\u00e1rgyakat mutat be, amelyek a Le Suquet tetej\u00e9n \u00e1ll\u00f3 k\u00f6z\u00e9pkori v\u00e1r romjaiban tal\u00e1lhat\u00f3k. Tov\u00e1bbi helysz\u00ednek \u2013 mint p\u00e9ld\u00e1ul a Mus\u00e9e de la Marine, a Mus\u00e9e de la Mer, a Mus\u00e9e de la Photographie \u00e9s a Mus\u00e9e International de la Parfumerie \u2013 a tenger\u00e9szeti hagyom\u00e1nyokkal, a v\u00edz alatti r\u00e9g\u00e9szettel, a fot\u00f3m\u0171v\u00e9szettel \u00e9s a r\u00e9gi\u00f3 illatanyag-\u00f6r\u00f6ks\u00e9g\u00e9vel foglalkoznak.<\/p>\n<p>Cannes sz\u00ednh\u00e1zi \u00e9s zenei \u00e9lete meghitt helysz\u00edneken bontakozik ki, ahol az \u00e9ves Nemzetk\u00f6zi Sz\u00edn\u00e9szfesztiv\u00e1l r\u00f6vid jeleneteket mutat be olyan helyi sz\u00ednh\u00e1zak k\u00f6z\u00f6tt, mint a Th\u00e9\u00e2tre Debussy, az Espace Miramar \u00e9s az Alexandre III. A n\u00e9z\u0151k a v\u00f6r\u00f6s sz\u0151nyeg nagyszer\u0171s\u00e9g\u00e9t\u0151l elszakadva humoros \u00e9s dr\u00e1mai pillanatokkal tal\u00e1lkozhatnak, meger\u0151s\u00edtve a v\u00e1ros elk\u00f6telezetts\u00e9g\u00e9t a el\u0151ad\u00f3m\u0171v\u00e9szetek ir\u00e1nt a kiemelt esem\u00e9nyeken t\u00fal is.<\/p>\n<p>Cannes napt\u00e1ra fesztiv\u00e1lokkal \u00e9s szakmai \u00f6sszej\u00f6vetelekkel teli. A m\u00e1jus k\u00f6zep\u00e9n megrendez\u00e9sre ker\u00fcl\u0151 filmfesztiv\u00e1lon t\u00fal j\u00faniusban ker\u00fcl megrendez\u00e9sre az Oroszl\u00e1nok fesztiv\u00e1lja, amely a rekl\u00e1mokban a kreativit\u00e1s\u00e9rt k\u00fczd, m\u00edg a Cannes-i \u00f6b\u00f6l csillog a ny\u00e1ri t\u0171zij\u00e1t\u00e9kt\u00f3l az \u00e9ves Festival d&#039;art pyrotechnique alatt. A Midem minden j\u00faniusban \u00f6sszeh\u00edvja a zeneipar vezet\u0151it; \u00e1prilisban \u00e9s okt\u00f3berben ad otthont a MIPTV-nek \u00e9s a MIPCOM-nak, a telev\u00edzi\u00f3s tartalmak legfontosabb kereskedelmi piacainak; a MIPIM m\u00e1rciusban az ingatlanszakembereket h\u00edvja \u00f6ssze; a szeptemberi Cannes-i Yachting Festival pedig a tenger\u00e9szrajong\u00f3kat vonzza a Vieux Portba. Tov\u00e1bbi kiemelked\u0151 esem\u00e9nyek k\u00f6z\u00e9 tartozik az \u00e1prilis eleji P\u00e1nafrikai Filmfesztiv\u00e1l, a febru\u00e1ri Nemzetk\u00f6zi J\u00e1t\u00e9kfesztiv\u00e1l \u00e9s a kik\u00f6t\u0151ben megrendez\u00e9sre ker\u00fcl\u0151 Global Champions Tour d\u00edjugrat\u00f3 verseny. Az NRJ Zenei D\u00edjak tov\u00e1bb er\u0151s\u00edtik a v\u00e1ros szerep\u00e9t a sz\u00f3rakoztat\u00e1s \u00e9s a kereskedelem k\u00f6zpontjak\u00e9nt.<\/p>\n<p>Cannes gazdas\u00e1ga \u00f6sszefonja a turizmust egy n\u00f6vekv\u0151 high-tech klaszterrel. A film- \u00e9s rekl\u00e1mfesztiv\u00e1lok csillog\u00e1s\u00e1n t\u00fal a v\u00e1ros feletti dombok adnak otthont a Sophia Antipolis technopolisz\u00e1nak, a k\u00f6zelben pedig a Cannes Mandelieu \u0170rk\u00f6zpont ad otthont a Thales Alenia Space m\u0171holdgy\u00e1rt\u00f3 \u00fczem\u00e9nek. A v\u00e1ros hat\u00e1rain bel\u00fcl mintegy 6500 v\u00e1llalat m\u0171k\u00f6dik, k\u00f6zt\u00fck 3000 keresked\u0151, k\u00e9zm\u0171ves \u00e9s szolg\u00e1ltat\u00f3. A dinamikus k\u00f6rnyezet folyamatos \u00faj v\u00e1llalkoz\u00e1sok \u00e1raml\u00e1s\u00e1t tartja fenn \u2013 2006-ban 421-et regisztr\u00e1ltak \u2013, \u00e9s hangs\u00falyozza Cannes kett\u0151s identit\u00e1s\u00e1t, mint t\u00e1rsadalmi sz\u00ednt\u00e9r \u00e9s az innov\u00e1ci\u00f3 k\u00f6zpontja.<\/p>\n<p>A t\u00e1gabb r\u00e9gi\u00f3val val\u00f3 kapcsolatokat l\u00e9gi, vas\u00fati, k\u00f6z\u00fati \u00e9s tengeri utak seg\u00edtik. A huszonn\u00e9gy kilom\u00e9terre \u00e9szakkeletre fekv\u0151 Nice C\u00f4te d&#039;Azur rep\u00fcl\u0151t\u00e9r a nemzetk\u00f6zi j\u00e1ratokat fogadja, m\u00edg a k\u00f6zeli Cannes\u2013Mandelieu rep\u00fcl\u0151t\u00e9r kisebb haj\u00f3kat fogad. A f\u0151 vas\u00fat\u00e1llom\u00e1s P\u00e1rizsba TGV-vel, Marseille-be TER-rel, az olasz v\u00e1rosokba pedig olyan j\u00e1ratokkal k\u00f6zlekedik, mint amilyeneket kor\u00e1bban a Thello \u00fczemeltetett. A Grasse-ba vezet\u0151 vonalon tov\u00e1bbi \u00f6t helyi meg\u00e1ll\u00f3 szolg\u00e1lja ki az el\u0151v\u00e1rosi ker\u00fcleteket, \u00e9s egy k\u00fcl\u00f6n vas\u00fati kompj\u00e1rat is m\u0171k\u00f6dik a Cannes-la-Bocca \u00e1llom\u00e1son. A belf\u00f6ldi \u00e9s region\u00e1lis aut\u00f3busz-j\u00e1ratok a Gare Routi\u00e8re de Cannes-ban \u00e1llnak meg, m\u00edg a Korzik\u00e1r\u00f3l indul\u00f3 kompok Basti\u00e1n \u00e9s Calvin kereszt\u00fcl csatlakoznak a F\u00f6ldk\u00f6zi-tengeren, k\u00e9t-n\u00e9gy \u00f3r\u00e1s utakon.<\/p>\n<p>Cannes kik\u00f6t\u0151i \u2013 a Palais des Festivals melletti Vieux Port de Cannes \u00e9s a La Croisette keleti cs\u00fccsk\u00e9ben tal\u00e1lhat\u00f3 Port Pierre Canto \u2013 ak\u00e1r 800 haj\u00f3t is befogadnak, a kedvtel\u00e9si c\u00e9l\u00fa haj\u00f3kt\u00f3l a transzatlanti haj\u00f3kig. A Vieux Port rendszeres haj\u00f3\u00fat-meg\u00e1ll\u00f3k\u00e9nt is funkcion\u00e1l, meger\u0151s\u00edtve a v\u00e1ros tenger\u00e9szeti \u00f6r\u00f6ks\u00e9g\u00e9t.<\/p>\n<p>Gyalogosan a l\u00e1togat\u00f3k a v\u00e1s\u00e1rl\u00e1si \u00e9lm\u00e9nyek sz\u00e9les sk\u00e1l\u00e1j\u00e1t tapasztalhatj\u00e1k meg. A La Croisette \u00e9s a rue d&#039;Antibes k\u00f6z\u00f6tt nemzetk\u00f6zi divath\u00e1zak luxusbutikjai sorakoznak a k\u00f6nnyebben megk\u00f6zel\u00edthet\u0151 \u00fczletek mellett, m\u00edg az \u00f3v\u00e1ros kanyarg\u00f3s utc\u00e1i k\u00e9zm\u0171ves term\u00e9keket k\u00edn\u00e1lnak. A Rue Meynadier fedett piaca, a March\u00e9 Forville, \u00e9l\u00e9nk sz\u00edn\u0171 provencei term\u00e9kek \u2013 sajtok, olajbogy\u00f3k \u00e9s friss tenger gy\u00fcm\u00f6lcsei \u2013 k\u00edn\u00e1lat\u00e1t mutatja be standok sorai k\u00f6z\u00f6tt. A Le Cannet t\u00f6rt\u00e9nelmi negyed\u00e9ben tal\u00e1lhat\u00f3 Place Bellevue szabadt\u00e9ri \u00e9tkez\u00e9sre cs\u00e1b\u00edt, melyet 19. sz\u00e1zadi homlokzatok \u00f6veznek, \u00e9s olyan m\u0171termeknek ad otthont, ahol fest\u0151k \u00e9s szobr\u00e1szok folytatj\u00e1k a region\u00e1lis hagyom\u00e1nyokat. A szok\u00e1sos nyitvatart\u00e1si id\u0151 10:00 \u00e9s 12:00, valamint 14:30 \u00e9s 19:30 k\u00f6z\u00f6tt van, sok int\u00e9zm\u00e9ny pedig f\u0151szezonban eb\u00e9did\u0151ben is nyitva tart.<\/p>\n<p>A gasztron\u00f3miai sz\u00ednt\u00e9r a helyi alapanyagokat \u00e9s a Cannes-t form\u00e1l\u00f3 kozmopolita \u00e1ramlatokat egyar\u00e1nt t\u00fckr\u00f6zi. A rakpart ment\u00e9n elhelyezett asztalok a F\u00f6ldk\u00f6zi-tenger t\u00e9rs\u00e9g\u00e9b\u0151l sz\u00e1rmaz\u00f3 tengeri herkenty\u0171ket k\u00edn\u00e1lj\u00e1k, m\u00edg a Le Suquet bisztr\u00f3i provence-i ihlet\u00e9s\u0171 \u00e9teleket szolg\u00e1lnak fel a terrakotta tet\u0151k l\u00e1tv\u00e1nya k\u00f6z\u00f6tt. A Rue d&#039;Antibes-en olyan csokol\u00e1d\u00e9k\u00e9sz\u00edt\u0151k tal\u00e1lhat\u00f3k, mint a Maiffret, \u00e9s k\u00e9zm\u0171ves finoms\u00e1gokat k\u00edn\u00e1lnak a Chez Bruno-ban, az \u00ednyencek pedig a La Cave Forville-ban id\u0151zhetnek el a region\u00e1lis borok mellett. B\u00e1r Cannes belv\u00e1ros\u00e1ban pr\u00e9mium \u00e1rak uralkodnak, a Le Cannet mell\u00e9kutc\u00e1inak \u00e9s k\u00fclv\u00e1rosi \u00e9ttermeinek h\u00e1l\u00f3zata szer\u00e9nyebb v\u00e1laszt\u00e9kot k\u00edn\u00e1l, hangulatukat ink\u00e1bb a mindennapi \u00e9let ritmusa, mint a fesztiv\u00e1li csillog\u00e1s alak\u00edtja.<\/p>\n<p>Cannes m\u00e1ig fennmaradt az \u00f6sszefoly\u00e1sok helyek\u00e9nt \u2013 ahol a F\u00f6ldk\u00f6zi-tenger f\u00e9nye megt\u00f6rik a p\u00e1lmaf\u00e1kon, ahol a m\u0171v\u00e9szet \u00e9s a kereskedelem egyetlen sz\u00ednpadon tal\u00e1lkozik, \u00e9s ahol \u00e9vsz\u00e1zados t\u00f6rt\u00e9nelem visszhangzik a k\u0151falakban \u00e9s a kolostorok sz\u0151l\u0151\u00fcltetv\u00e9nyeiben. Pontos \u00e9s megfoghatatlan benyom\u00e1st kelt: a haj\u00f3gerincek s\u00farl\u00f3d\u00e1sa a rakparton, a filmtekercsek halk visszhangja egy els\u00f6t\u00e9t\u00edtett el\u0151ad\u00f3teremben, \u00e9s a j\u00e1zmin illat\u00e1nak a ny\u00e1ri szell\u0151ben val\u00f3 elmos\u00f3dott illata. Itt a modernit\u00e1s \u00e9s az eml\u00e9kezet egy\u00fctt \u00e9l, arra h\u00edvva a megfigyel\u0151ket, hogy l\u00e9pjenek t\u00fal a h\u00edress\u00e9gek forgat\u00f3k\u00f6nyv\u00e9n a mindennapi kecsess\u00e9g text\u00far\u00e1iba.<\/p>","protected":false},"excerpt":{"rendered":"<p>Cannes, egy idilli telep\u00fcl\u00e9s a francia rivi\u00e9r\u00e1n, a Provence-Alpes-C\u00f4te d&#039;Azur r\u00e9gi\u00f3 Alpes-Maritimes megy\u00e9j\u00e9nek gy\u00f6ngyszeme. A Nizz\u00e1t\u00f3l mintegy 45 kilom\u00e9terre d\u00e9lnyugatra tal\u00e1lhat\u00f3 h\u00edres tengerparti v\u00e1ros t\u00f6bb mint 74 000 lakossal rendelkezik, franci\u00e1ul Cannois-nak vagy provence-i okszit\u00e1nul canenc-nek nevezik. A v\u00e1ros el\u0151ny\u00f6s elhelyezked\u00e9se a F\u00f6ldk\u00f6zi-tenger partja ment\u00e9n hat\u00e1ssal volt t\u00f6rt\u00e9nelm\u00e9re, kult\u00far\u00e1j\u00e1ra \u00e9s gazdas\u00e1g\u00e1ra, szer\u00e9ny hal\u00e1szfalub\u00f3l tekint\u00e9lyes luxus\u00fcd\u00fcl\u0151helly\u00e9 \u00e9s kultur\u00e1lis k\u00f6zpontt\u00e1 fejl\u0151d\u00f6tt.<\/p>","protected":false},"author":1,"featured_media":3017,"parent":13952,"menu_order":0,"comment_status":"closed","ping_status":"closed","template":"elementor_theme","meta":{"_eb_attr":"","footnotes":""},"class_list":["post-14191","page","type-page","status-publish","has-post-thumbnail"],"_links":{"self":[{"href":"https:\/\/travelshelper.com\/hu\/wp-json\/wp\/v2\/pages\/14191","targetHints":{"allow":["GET"]}}],"collection":[{"href":"https:\/\/travelshelper.com\/hu\/wp-json\/wp\/v2\/pages"}],"about":[{"href":"https:\/\/travelshelper.com\/hu\/wp-json\/wp\/v2\/types\/page"}],"author":[{"embeddable":true,"href":"https:\/\/travelshelper.com\/hu\/wp-json\/wp\/v2\/users\/1"}],"replies":[{"embeddable":true,"href":"https:\/\/travelshelper.com\/hu\/wp-json\/wp\/v2\/comments?post=14191"}],"version-history":[{"count":0,"href":"https:\/\/travelshelper.com\/hu\/wp-json\/wp\/v2\/pages\/14191\/revisions"}],"up":[{"embeddable":true,"href":"https:\/\/travelshelper.com\/hu\/wp-json\/wp\/v2\/pages\/13952"}],"wp:featuredmedia":[{"embeddable":true,"href":"https:\/\/travelshelper.com\/hu\/wp-json\/wp\/v2\/media\/3017"}],"wp:attachment":[{"href":"https:\/\/travelshelper.com\/hu\/wp-json\/wp\/v2\/media?parent=14191"}],"curies":[{"name":"wp","href":"https:\/\/api.w.org\/{rel}","templated":true}]}}