{"id":14131,"date":"2024-09-18T19:25:27","date_gmt":"2024-09-18T19:25:27","guid":{"rendered":"https:\/\/travelshelper.com\/staging\/?page_id=14131"},"modified":"2026-03-12T00:08:24","modified_gmt":"2026-03-12T00:08:24","slug":"toulouse","status":"publish","type":"page","link":"https:\/\/travelshelper.com\/hu\/destinations\/europe\/france\/toulouse\/","title":{"rendered":"Toulouse"},"content":{"rendered":"<p>Toulouse, amelynek lakoss\u00e1ga a 2022-es n\u00e9psz\u00e1ml\u00e1l\u00e1s adatai szerint 511 684 f\u0151, a nagyv\u00e1rosi k\u00f6z\u00f6ss\u00e9ge pedig mintegy 1 513 396 lakost foglal mag\u00e1ban, a Garonne foly\u00f3 partj\u00e1n fekszik D\u00e9l-Franciaorsz\u00e1gban, nagyj\u00e1b\u00f3l egyenl\u0151 t\u00e1vols\u00e1gra \u2013 150 kilom\u00e9terre \u2013 a F\u00f6ldk\u00f6zi-tengert\u0151l \u00e9s 230 kilom\u00e9terre az Atlanti-\u00f3ce\u00e1nt\u00f3l, m\u00edg P\u00e1rizst\u00f3l val\u00f3 t\u00e1vols\u00e1ga 680 kilom\u00e9ter. Toulouse k\u00f6zel 118 n\u00e9gyzetkilom\u00e9tert foglal mag\u00e1ban a v\u00e1ros hat\u00e1rain bel\u00fcl, \u00e9s azon t\u00fal kiterjedt h\u00e1torsz\u00e1got fed le, Haute-Garonne megye prefekt\u00far\u00e1jak\u00e9nt \u00e9s Okszit\u00e1nia r\u00e9gi\u00f3 k\u00f6zigazgat\u00e1si f\u0151v\u00e1rosak\u00e9nt szolg\u00e1l. Franciaorsz\u00e1g negyedik legnagyobb v\u00e1rosak\u00e9nt, amelyet csak P\u00e1rizs, Marseille \u00e9s Lyon el\u0151z meg, 2014 \u00f3ta az orsz\u00e1g egyik leggyorsabban n\u00f6vekv\u0151 nagyv\u00e1rosi ter\u00fclet\u00e9v\u00e9 v\u00e1lt a f\u00e9lmilli\u00f3 lakos felettiek k\u00f6z\u00f6tt, ami a tart\u00f3s demogr\u00e1fiai vitalit\u00e1s bizony\u00edt\u00e9ka.<\/p>\n<p>Legkor\u00e1bbi r\u00f3mai telep\u00fcl\u00e9se, a \u201eTolosa\u201d megalakul\u00e1sa \u00f3ta a v\u00e1ros p\u00e1ly\u00e1j\u00e1t a politikai hatalom \u00e9s a kultur\u00e1lis forrong\u00e1s egym\u00e1st k\u00f6vet\u0151 hull\u00e1mai alak\u00edtott\u00e1k. Az \u00f6t\u00f6dik sz\u00e1zadban a vizig\u00f3t kir\u00e1lys\u00e1g f\u0151v\u00e1rosak\u00e9nt v\u00e1lt ismertt\u00e9, \u00e9s a k\u00e9s\u0151 k\u00f6z\u00e9pkorban, valamint az Ancien R\u00e9gime idej\u00e9n Languedoc tartom\u00e1nyt uralta, ez\u00e1ltal Okszit\u00e1nia t\u00e9nyleges kultur\u00e1lis k\u00f6zpontj\u00e1v\u00e1 v\u00e1lt. B\u00e1r a tartom\u00e1nyok hivatalosan feloszlottak a francia forradalom felfordul\u00e1sai k\u00f6zepette, Toulouse tart\u00f3s intellektu\u00e1lis \u00e9s szimbolikus befoly\u00e1st gyakorolt \u200b\u200ba d\u00e9li ter\u00fcletekre. Ma, a modern Occitanie r\u00e9gi\u00f3 sz\u00e9khelyek\u00e9nt \u2013 Franciaorsz\u00e1g m\u00e1sodik legnagyobb ter\u00fclet\u00e9nek \u2013 tov\u00e1bbra is k\u00f6zvet\u00edt az \u00f3kori \u00f6r\u00f6ks\u00e9g \u00e9s a kort\u00e1rs innov\u00e1ci\u00f3 k\u00f6z\u00f6tt.<\/p>\n<p>Toulouse glob\u00e1lis jelent\u0151s\u00e9g\u00e9nek k\u00f6z\u00e9ppontj\u00e1ban a Blagnac ker\u00fcletben \u00e9s azon t\u00fal ki\u00e9p\u00fclt rep\u00fcl\u0151g\u00e9pipari \u00e9s \u0171rtechnol\u00f3giai komplexum \u00e1ll. Az Airbus itt tartja fenn vil\u00e1gszint\u0171 k\u00f6zpontj\u00e1t, ahol az A320, A330 \u00e9s A350 utassz\u00e1ll\u00edt\u00f3 rep\u00fcl\u0151g\u00e9pek v\u00e9gs\u0151 \u00f6sszeszerel\u0151 sorai k\u00e9sz\u00fclnek, m\u00edg az A380, amelynek utols\u00f3 t\u00f6rzse 2021-ben jelent meg, a v\u00e1ros kapcsol\u00f3d\u00e1si pontj\u00e1t jelentette a n\u00e9gymotoros szuperjumb\u00f3k korszak\u00e1hoz. A f\u0151bb besz\u00e1ll\u00edt\u00f3k \u00e9s rep\u00fcl\u0151g\u00e9pipari specialist\u00e1k \u2013 k\u00f6zt\u00fck a Safran, a Thales Alenia Space, a Collins Aerospace \u00e9s a Liebherr-Aerospace \u2013 egy olyan \u00f6kosziszt\u00e9m\u00e1t t\u00e1mogatnak, amely t\u00f6bb t\u00edzezer m\u00e9rn\u00f6k\u00f6t, technikust \u00e9s kutat\u00f3t foglalkoztat. A francia nemzeti \u0171r\u00fcgyn\u00f6ks\u00e9g Toulouse \u0170rk\u00f6zpontja, amelyet Eur\u00f3pa legnagyobbjak\u00e9nt tartanak sz\u00e1mon, egy\u00fctt l\u00e9tezik a NATO \u00fajonnan megnyitott \u0171rm\u0171veleti kiv\u00e1l\u00f3s\u00e1gi k\u00f6zpontj\u00e1val, valamint a Francia \u0170rparancsnoks\u00e1ggal \u00e9s annak akad\u00e9mi\u00e1j\u00e1val. Az ATR, a francia-olasz turb\u00f3l\u00e9gcsavaros konzorcium \u00e9s a Groupe Lat\u00e9co\u00e8re tov\u00e1bb gazdag\u00edtja az \u00e1gazatot, m\u00edg a SPOT m\u0171holdrendszer hangs\u00falyozza Toulouse szerep\u00e9t a F\u00f6ld-megfigyel\u00e9sben haszn\u00e1lt p\u00e1ly\u00e1ra \u00e1ll\u00edtott platformokban. Ez a szak\u00e9rtelem-koncentr\u00e1ci\u00f3, p\u00e1rosulva a k\u00f6zel 140 000 hallgat\u00f3t sz\u00e1ml\u00e1l\u00f3 egyetemi lakoss\u00e1ggal \u2013 amivel Toulouse Franciaorsz\u00e1g negyedik legnagyobb di\u00e1kv\u00e1rosa \u2013 olyan k\u00f6rnyezetet teremt, ahol kutat\u00f3laborat\u00f3riumok, vil\u00e1gsz\u00ednvonal\u00fa m\u00e9rn\u00f6ki iskol\u00e1k \u00e9s nagym\u00e9ret\u0171 ipari szerepl\u0151k tal\u00e1lkoznak a v\u00e1ros gazdas\u00e1gi dinamizmus\u00e1nak fenntart\u00e1sa \u00e9rdek\u00e9ben.<\/p>\n<p>Elismerve a v\u00e1ros lend\u00fclet\u00e9t, a nemzeti kiadv\u00e1nyok Toulouse-t Franciaorsz\u00e1g legdinamikusabb v\u00e1rosi k\u00f6zpontjak\u00e9nt rangsorolt\u00e1k. A Toulouse\u2013Blagnac \u00e9s a p\u00e1rizsi rep\u00fcl\u0151terek k\u00f6z\u00f6tti l\u00e9gi folyos\u00f3 tan\u00faskodik err\u0151l a vitalit\u00e1sr\u00f3l, 2019-ben 3,2 milli\u00f3 utast fogadva, \u00e9s az orsz\u00e1g legforgalmasabb belf\u00f6ldi \u00f6sszek\u00f6ttet\u00e9s\u00e9nek c\u00edm\u00e9t mag\u00e1\u00e9nak vallva. A helyi hat\u00f3s\u00e1gok \u00e9s az \u00fczleti sz\u00f6vets\u00e9gek ezt a pezsg\u0151 fellend\u00fcl\u00e9st a nagy ipari v\u00e1llalatok h\u00e1rmas\u00e1nak, a kutat\u00f3int\u00e9zetek b\u0151s\u00e9g\u00e9nek, valamint a di\u00e1kok \u00e9s innov\u00e1torok folyamatos be\u00e1raml\u00e1s\u00e1nak tulajdon\u00edtj\u00e1k. A robotik\u00e1t\u00f3l \u00e9s az avionik\u00e1t\u00f3l a biotechnol\u00f3gi\u00e1ig \u00e9s a mesters\u00e9ges intelligenci\u00e1ig a v\u00e1ros laborat\u00f3riumai \u00e9s startupjai a rep\u00fcl\u0151g\u00e9piparon t\u00falmutat\u00f3, m\u00e9gis alapvet\u0151 er\u0151ss\u00e9geihez ragaszkod\u00f3 ter\u00fcletek sokf\u00e9les\u00e9g\u00e9t t\u00fckr\u00f6zik.<\/p>\n<p>Toulouse modernit\u00e1sa m\u00e9gis k\u00e9nyelmesen megf\u00e9r az \u00f6r\u00f6ks\u00e9g \u00e9s a hagyom\u00e1ny r\u00e9tegei mellett. V\u00e1rosi magja, amelyet egy 220 hekt\u00e1ros k\u00f6r\u00fat gy\u0171r\u0171je \u2013 Franciaorsz\u00e1g egyik legkiterjedtebb v\u00e9dett t\u00f6rt\u00e9nelmi negyede \u2013 a rom\u00e1n \u00e9s g\u00f3tikus kort\u00f3l a renesz\u00e1nsz k\u00fari\u00e1kon \u00e1t a 18. sz\u00e1zadi neoklasszicista homlokzatokig terjed\u0151 \u00e9p\u00fcletek t\u00e1rulnak fel. A v\u00e1rosr\u00e9sz szinte \u00f6sszes \u00e9p\u00fclete helyi \u201eforaine\u201d t\u00e9gl\u00e1kb\u00f3l \u00e9p\u00fclt, amelyek r\u00f3zsasz\u00ednes, narancss\u00e1rga \u00e9s v\u00f6r\u00f6s \u00e1rnyalatainak palett\u00e1ja adta a v\u00e1rosnak a szeretetteljes becenev\u00e9t, a Ville rose-t, a R\u00f3zsasz\u00edn V\u00e1rost. Ezek a t\u00e9gl\u00e1k, az \u00f3kori r\u00f3mai technik\u00e1k \u00f6r\u00f6k\u00f6sei, sz\u00e1nd\u00e9kosan laposak \u00e9s nagylelk\u0171ek, meleg t\u00f3nusaikat ellens\u00falyozza a Pireneusokb\u00f3l import\u00e1lt feh\u00e9r k\u0151 alkalmank\u00e9nti haszn\u00e1lata \u2013 ahol a k\u00f6zelben nem voltak k\u0151b\u00e1ny\u00e1k \u2013, \u00edgy a v\u00e1rosi falisz\u0151nyegben finom v\u00f6r\u00f6s \u00e9s feh\u00e9r polikr\u00f3mi\u00e1t hoz l\u00e9tre.<\/p>\n<p>Toulouse h\u00e1rom UNESCO vil\u00e1g\u00f6r\u00f6ks\u00e9gi helysz\u00ednnel is rendelkezik. A Canal du Midi, egy 17. sz\u00e1zadban elk\u00e9sz\u00fclt m\u00e9rn\u00f6ki remekm\u0171, Toulouse-ban a Garonne kanyarulat\u00e1n\u00e1l kezd\u0151dik, \u00e9s a F\u00f6ldk\u00f6zi-tengerig h\u00faz\u00f3dik, a t\u00f6rt\u00e9nelmi Canal des Deux Mers egy szakasz\u00e1t k\u00f6vetve. Fasorral szeg\u00e9lyezett vontat\u00f3\u00fatjai Carcassonne, B\u00e9ziers \u00e9s v\u00e9g\u00fcl az \u00c9tang de Thau fel\u00e9 mutatnak, ker\u00e9kp\u00e1rosokat, usz\u00e1lykezel\u0151ket \u00e9s gyalogosokat vonzva egy kellemes utaz\u00e1sra D\u00e9lnyugat-Franciaorsz\u00e1gon kereszt\u00fcl. A v\u00e1roson bel\u00fcl tal\u00e1lhat\u00f3 a Saint-Sernin-bazilika \u2013 vitathatatlanul Eur\u00f3pa legnagyobb fennmaradt rom\u00e1n st\u00edlus\u00fa temploma \u2013 1998-ban ker\u00fclt a vil\u00e1g\u00f6r\u00f6ks\u00e9gi list\u00e1ra a H\u00f4tel-Dieu Saint-Jacques mellett, egy k\u00f6z\u00e9pkori k\u00f3rh\u00e1zzal, amely egykor a Santiago de Compostel\u00e1ba tart\u00f3 zar\u00e1ndokokat szolg\u00e1lta ki. Ezek a helysz\u00ednek egy\u00fcttesen Toulouse k\u00f6zponti hely\u00e9t id\u00e9zik fel a kereszt\u00e9nys\u00e9g egyik legh\u00edresebb vall\u00e1si \u00f6sv\u00e9ny\u00e9n.<\/p>\n<p>A kultur\u00e1lis int\u00e9zm\u00e9nyek b\u0151velkednek a v\u00e1rosban, bele\u00e9rtve a k\u00e9pz\u0151m\u0171v\u00e9szeti, dekorat\u00edv, r\u00e9g\u00e9szeti \u00e9s term\u00e9szettudom\u00e1nyi gy\u0171jtem\u00e9nyeket. Az \u00e1goston-rendi kolostorban tal\u00e1lhat\u00f3 Mus\u00e9e des Augustins \u00e9vsz\u00e1zadoknyi festm\u00e9nyt \u00e9s szobrot \u0151riz; a renesz\u00e1nsz H\u00f4tel d&#039;Ass\u00e9zat-on bel\u00fcli Bemberg Alap\u00edtv\u00e1ny Eur\u00f3pa egyik legkiv\u00e1l\u00f3bb mag\u00e1nm\u0171v\u00e9szeti gy\u0171jtem\u00e9ny\u00e9t mutatja be. A Saint-Sernin melletti egykori egyetemi koll\u00e9giumban tal\u00e1lhat\u00f3 Mus\u00e9e Saint-Raymond a chiragani cs\u00e1sz\u00e1ri vill\u00e1b\u00f3l sz\u00e1rmaz\u00f3 gallo-rom\u00e1n szobrokat \u0151rzi. A dekorat\u00edv m\u0171v\u00e9szetek uralkodnak a Mus\u00e9e Paul Dupuy-ban, ahol bonyolult fogaskerek\u0171 \u00f3r\u00e1k \u00e9s id\u0151m\u00e9r\u0151k tan\u00fas\u00edtj\u00e1k a m\u00falt sz\u00e1zadok stilisztikai lelem\u00e9nyess\u00e9g\u00e9t. A Toulouse-i Mus\u00e9um, amely egykor karmelita kolostor volt, dior\u00e1m\u00e1kon \u00e9s taxon\u00f3miai ki\u00e1ll\u00edt\u00e1sokon kereszt\u00fcl h\u00edvja a l\u00e1togat\u00f3kat a term\u00e9szet szeml\u00e9l\u00e9s\u00e9re, m\u00edg a v\u00e1rosi v\u00e1g\u00f3hidakb\u00f3l \u00e1talak\u00edtott Les Abattoirs modern \u00e9s kort\u00e1rs m\u0171v\u00e9szetet mutat be magas termek \u00e9s foly\u00f3ra n\u00e9z\u0151 teraszok k\u00f6z\u00f6tt. Kisebb m\u00fazeumok \u2013 a Mus\u00e9e Georges Labit t\u00e1vol-keleti \u00e9s egyiptomi r\u00e9gis\u00e9gek gy\u0171jtem\u00e9nye, valamint az \u00e9les Mus\u00e9e d\u00e9partemental de la R\u00e9sistance et de la D\u00e9portation \u2013 gazdag\u00edtj\u00e1k a panor\u00e1m\u00e1t.<\/p>\n<p>A fedett gal\u00e9ri\u00e1kon t\u00fal tematikus parkok \u00fcnneplik Toulouse rep\u00fcl\u00e9stechnikai \u00e9s \u0171rhaj\u00f3z\u00e1si \u00f6r\u00f6ks\u00e9g\u00e9t. A Cit\u00e9 de l&#039;espace-ben interakt\u00edv ki\u00e1ll\u00edt\u00e1sok \u00e9s makettek mer\u00edtik el a vend\u00e9geket a rak\u00e9tahajt\u00e1s \u00e9s az orbit\u00e1lis tudom\u00e1ny dr\u00e1m\u00e1j\u00e1ba; az Aeroscopia t\u00f6rt\u00e9nelmi rep\u00fcl\u0151g\u00e9peket, k\u00f6zt\u00fck k\u00e9t Concorde-ot \u0151riz, \u00e9s vezetett t\u00far\u00e1kat k\u00edn\u00e1l a konzerv\u00e1l\u00e1si m\u0171helyekben. A k\u00f6zelben tal\u00e1lhat\u00f3 L&#039;Envol des Pionniers az A\u00e9ropostale, a postai l\u00e9git\u00e1rsas\u00e1g \u00f6r\u00f6ks\u00e9g\u00e9t mutatja be, amelynek pil\u00f3t\u00e1i \u2013 k\u00f6zt\u00fck Saavedra-De Saint-Exup\u00e9ry, Mermoz \u00e9s Guillaumet \u2013 \u00faj l\u00e9gi \u00fatvonalakat t\u00e9rk\u00e9peztek fel Franciaorsz\u00e1g \u00e9s Latin-Amerika k\u00f6z\u00f6tt. A tal\u00e1l\u00e9kony szellem a Halle de la Machine-ban is megmarad, ahol a rep\u00fcl\u00e9s \u00e9s a mitol\u00f3gia ihlette \u00f3ri\u00e1si mechanikus l\u00e9nyek barlangszer\u0171 terekben l\u00e9pnek fel, mozg\u00e1suk az emberi kreativit\u00e1s \u00e9s m\u00e9rn\u00f6ki lend\u00fclet el\u0151tt tiszteleg.<\/p>\n<p>A toulouse-i k\u00f6zleked\u00e9s t\u00fckr\u00f6zi mind a modern metropolisz ig\u00e9nyeit, mind foly\u00f3vid\u00e9ki f\u00f6ldrajz\u00e1nak kont\u00farjait. A f\u0151 vas\u00fati csom\u00f3pont, a Toulouse-Matabiau \u00e1llom\u00e1s, a region\u00e1lis TER szolg\u00e1ltat\u00e1sokat k\u00f6ti \u00f6ssze az orsz\u00e1gos TGV vonalakkal, m\u00edg az el\u0151v\u00e1rosi vas\u00fatvonalak \u2013 mint p\u00e9ld\u00e1ul az Ar\u00e8nes\u2013Colomiers j\u00e1rat, kor\u00e1bban C vonal \u2013 \u00e1thatolnak a k\u00fcls\u0151 ker\u00fcleteken. A v\u00e1rosi mobilit\u00e1st a Tiss\u00e9o koordin\u00e1lja, amely k\u00e9t gumikerekes metr\u00f3vonalat fel\u00fcgyel: az A vonal \u00e9szakkelet-d\u00e9lnyugati ir\u00e1nyban h\u00faz\u00f3dik 12,5 kilom\u00e9teren kereszt\u00fcl, a B vonal pedig 20 \u00e1llom\u00e1st k\u00f6t \u00f6ssze \u00e9szak-d\u00e9li ir\u00e1nyban 2007 \u00f3ta; egy harmadik, a C metr\u00f3vonal v\u00e1rhat\u00f3an 2028-ban ny\u00edlik meg, amely az automatikus h\u00e1l\u00f3zatot 27 kilom\u00e9terre b\u0151v\u00edti. Ezeket az art\u00e9ri\u00e1kat kieg\u00e9sz\u00edtve k\u00e9t villamosvonal ny\u00falik kelet fel\u00e9 a MEETT kongresszusi k\u00f6zpontig \u00e9s a rep\u00fcl\u0151t\u00e9r fel\u00e9, ut\u00f3bbi v\u00e1rhat\u00f3an 2028-ra expressz \u00f6sszek\u00f6ttet\u00e9ss\u00e9 fejl\u0151dik. 2022 m\u00e1jus\u00e1ban a T\u00e9l\u00e9o felavatta Franciaorsz\u00e1g leghosszabb v\u00e1rosi k\u00e1belvas\u00fatj\u00e1t \u2013 h\u00e1rom kilom\u00e9tert, amely a Paul-Sabatier Egyetemet k\u00f6ti \u00f6ssze a Rangueil K\u00f3rh\u00e1zzal \u00e9s az Oncopole kutat\u00f3int\u00e9zettel \u2013, ezzel egy \u00faj, gy\u0171r\u0171 alak\u00fa t\u00f6megk\u00f6zleked\u00e9si tengelyt avatva fel. 2007 \u00f3ta a v\u00e1ros V\u00e9l\u00f4Toulouse ker\u00e9kp\u00e1rk\u00f6lcs\u00f6nz\u0151 h\u00e1l\u00f3zata a mobilit\u00e1s egy \u00fajabb r\u00e9teg\u00e9t k\u00edn\u00e1lja, m\u00edg a t\u00f6megk\u00f6zleked\u00e9ssel t\u00f6rt\u00e9n\u0151 \u00e1tlagos h\u00e9tk\u00f6znapi ing\u00e1z\u00e1s k\u00f6zel 44 percig tart, az utasok k\u00f6r\u00fclbel\u00fcl kilenc percet v\u00e1rnak a meg\u00e1ll\u00f3kban, \u00e9s \u00e1tlagosan h\u00e9t kilom\u00e9tert tesznek meg utank\u00e9nt.<\/p>\n<p>A rep\u00fcl\u00e9s \u00e9s az \u0171rkutat\u00e1s ellen\u00e9re Toulouse \u00e9l\u00e9nk hagyom\u00e1nyokkal rendelkezik a sport, a zene \u00e9s a gasztron\u00f3mia ter\u00e9n. A Stade Toulousain, m\u00e1s n\u00e9ven Les Rouges et Noirs, Eur\u00f3pa egyik legsikeresebb r\u00f6gbiklubja, n\u00e9gy Eur\u00f3pa-bajnoki c\u00edmmel b\u00fcszk\u00e9lkedhet, els\u0151 csapat\u00e1t a Stade Ernest-Wallonban, nagyobb m\u00e9rk\u0151z\u00e9seit pedig a Stadium de Toulouse-ban j\u00e1tssza. A r\u00f6gbi bajnoks\u00e1gban a Toulouse Olympique csapat\u00e1val is k\u00e9pviselteti mag\u00e1t az angol bajnoks\u00e1gban, valamint egy tartal\u00e9k csapattal, amely hazai p\u00e1ly\u00e1n is versenyez. A futballban a Toulouse FC 2022 \u00f3ta biztos\u00edtotta hely\u00e9t a Ligue 1-ben, \u00e9s a t\u00f6rt\u00e9nelmi k\u00f6zpontt\u00f3l d\u00e9lre fekv\u0151 foly\u00f3parti szigeten, a 33 000 f\u00e9r\u0151helyes Stadium de Toulouse-ban rendez m\u00e9rk\u0151z\u00e9seket. A golfp\u00e1ly\u00e1k, k\u00f6zt\u00fck a v\u00e1rost\u00f3l d\u00e9lre fekv\u0151 Golf de Toulouse, m\u00e1s temp\u00f3j\u00fa rajong\u00f3kat is kiszolg\u00e1lnak.<\/p>\n<p>A v\u00e1ros napt\u00e1ra kultur\u00e1lis fesztiv\u00e1lokt\u00f3l \u00e9s el\u0151ad\u00e1sokt\u00f3l l\u00fcktet. Az 1736-ig visszany\u00fal\u00f3 gy\u00f6kerekkel rendelkez\u0151 Th\u00e9\u00e2tre du Capitole opera- \u00e9s balettel\u0151ad\u00e1sokat tart, az Orchestre National du Capitole k\u00eds\u00e9ret\u00e9ben. 2023. okt\u00f3ber 31-\u00e9n az UNESCO Toulouse-t a Zene V\u00e1ros\u00e1nak ismerte el, csatlakozva egy glob\u00e1lis h\u00e1l\u00f3zathoz, amely a zenei kreativit\u00e1s \u00e9s \u00f6r\u00f6ks\u00e9g \u00e1pol\u00e1s\u00e1t t\u0171zte ki c\u00e9lul. Kisebb helysz\u00ednek, mint p\u00e9ld\u00e1ul a balmai La Grainerie \u00e9s a Tournefeuille-i kollekt\u00edv vezet\u00e9s\u0171 L&#039;Usine, cirkuszm\u0171v\u00e9szetnek, avantg\u00e1rd sz\u00ednh\u00e1znak \u00e9s interdiszciplin\u00e1ris egy\u00fcttm\u0171k\u00f6d\u00e9seknek adnak otthont. Az olyan \u00e9ves rendezv\u00e9nyek, mint a La Kermesse \u00e9s a Piano aux Jacobins fesztiv\u00e1l, a r\u00e9gi\u00f3 m\u0171v\u00e9szeti pezsg\u00e9s\u00e9t vonzz\u00e1k a k\u00f6z\u00f6ns\u00e9gbe ny\u00e1ron \u00e9s kora \u0151sszel.<\/p>\n<p>Az innov\u00e1ci\u00f3, a kikapcsol\u00f3d\u00e1s \u00e9s a kultur\u00e1lis eml\u00e9kezet ezen r\u00e9tegein kereszt\u00fcl Toulouse tov\u00e1bbra is k\u00f6t\u0151dik kulin\u00e1ris gy\u00f6kereihez. A helyi hentesek k\u00e9sz\u00edtik a n\u00e9vad\u00f3 Saucisse de Toulouse-t, egy r\u00f3zsasz\u00edn sert\u00e9skolb\u00e1szt, amely a cassoulet Toulousain, a d\u00e9lnyugat jelk\u00e9p\u00e9nek sz\u00e1m\u00edt\u00f3 kiad\u00f3s feh\u00e9rbabos \u00e9s sert\u00e9sp\u00f6rk\u00f6lt alapk\u00f6v\u00e9t alkotja. K\u00e1poszta, baromfi \u00e9s gy\u00f6k\u00e9rz\u00f6lds\u00e9gek egyes\u00fclnek a garbure-ben, egy t\u00e1pl\u00e1l\u00f3 levesben, amely a vid\u00e9ki sz\u00fcks\u00e9gletekb\u0151l sz\u00fcletett. Ahogy a r\u00e9gi\u00f3 libam\u00e1jtermel\u00e9se is bizony\u00edtja, a kacsa- vagy libam\u00e1j selymes finoms\u00e1gg\u00e1 alak\u00edt\u00e1sa kiemeli a mez\u0151gazdas\u00e1gi hagyom\u00e1nyok \u00e9s a gasztron\u00f3miai kifinomults\u00e1g h\u00e1zass\u00e1g\u00e1t.<\/p>\n<p>Toulouse v\u00e1rosi sz\u00edve a Garonne-t\u00f3l keletre, keskeny utc\u00e1k kompakt h\u00e1l\u00f3zat\u00e1ban bontakozik ki, amelyek m\u00e9g mindig a r\u00f3mai utcah\u00e1l\u00f3zatot t\u00fckr\u00f6zik. \u00c9szakr\u00f3l \u00e9s keletr\u0151l a Boulevard Lazare Carnot \u00e9s a Boulevard de Strasbourg, d\u00e9lr\u0151l pedig a Rue Metz \u00e9s a Pont Neuf hat\u00e1rolja, ez a k\u00f6rny\u00e9k k\u00fcl\u00f6nb\u00f6z\u0151 l\u00e9pt\u00e9k\u0171 eml\u00e9km\u0171veket t\u00e1r fel. A Place Saint-Sernin t\u00e9ren a bazilika magas harangtornya \u00e9s fel\u00faj\u00edtott j\u00e1r\u00f3kel\u0151je a k\u00f6z\u00e9pkori amb\u00edci\u00f3kat \u00e9s Viollet-le-Duc 19. sz\u00e1zadi beavatkoz\u00e1sait tan\u00fas\u00edtja. Mellette tal\u00e1lhat\u00f3 a Mus\u00e9e Saint-Raymond egy 16. sz\u00e1zadi \u00e9p\u00fcletben, amely egykor k\u00f3rh\u00e1z r\u00e9sze volt, gy\u0171jtem\u00e9nyei a gallo-r\u00f3mai v\u00e1ros temetkez\u00e9si szok\u00e1sait k\u00f6vetik nyomon. A k\u00f6zelben tal\u00e1lhat\u00f3 a Notre-Dame de la Daurade \u2013 eredetileg Apoll\u00f3n temploma \u2013, amely ma egy neoklasszicista homlokzattal rendelkezik, amelyet a 19. sz\u00e1zad v\u00e9g\u00e9n \u00fajj\u00e1\u00e9p\u00edtettek \u00e9s nemr\u00e9giben restaur\u00e1ltak. A Saint-\u00c9tienne-i sz\u00e9kesegyh\u00e1z saj\u00e1t \u00e9p\u00edt\u00e9szeti od\u00fcsszei\u00e1j\u00e1t mutatja be: elhagyott v\u00e1ltozatok, g\u00f3tikus amb\u00edci\u00f3k \u00e9s pragmatikus rekonstrukci\u00f3k r\u00e9tegzett t\u00f6rt\u00e9netek \u00e9p\u00edtm\u00e9ny\u00e9v\u00e9 olvadnak \u00f6ssze. A H\u00f4tel d&#039;Ass\u00e9zat, egy renesz\u00e1nsz k\u00faria, a Bemberg Alap\u00edtv\u00e1ny m\u0171kincst\u00e1r\u00e1t \u0151rzi, b\u00e1r a nyilv\u00e1nos hozz\u00e1f\u00e9r\u00e9s ingadozhat. A Capitoliumon a v\u00e1rosh\u00e1za grandi\u00f3zus neoklasszicista homlokzata a t\u00e9rre n\u00e9z, ahol a Salle des Illustres alatt polg\u00e1ri \u00fcnneps\u00e9gek zajlanak. Egy r\u00f6vid s\u00e9ta vezet a Notre-Dame du Taur-hoz, melynek Szent Saturnin bika \u00e1ltali m\u00e1rt\u00edrhal\u00e1l\u00e1nak legend\u00e1ja \u00e9p\u00edt\u00e9szeti megeml\u00e9kez\u00e9sre tal\u00e1l a 14. \u00e9s 16. sz\u00e1zadi r\u00f3zsasz\u00edn t\u00e9gl\u00e1s g\u00f3tikus \u00e9p\u00fcletek k\u00f6z\u00f6tt. M\u00e1s nevezetess\u00e9gek \u2013 mint p\u00e9ld\u00e1ul a Mus\u00e9e du Vieux Toulouse, a Pont-Neuf m\u0171v\u00e9szi aszimmetrikus \u00edveivel \u00e9s a Couvent des Jacobins Aquin\u00f3i Szent Tam\u00e1s erekly\u00e9ivel \u2013 gazdag\u00edtj\u00e1k a v\u00e1ros r\u00e9tegzett k\u00f6zpontj\u00e1t, m\u00edg a Mus\u00e9e des Augustins z\u00e1rd\u00e1s nyugalma \u00e9s a Jardin Japonais v\u00f6r\u00f6s r\u00e1csos nyugalma elm\u00e9lked\u00e9sre ad okot.<\/p>\n<p>A v\u00e1rosk\u00f6zponton t\u00falra mer\u00e9szkedve az ember ell\u00e1togat a Saint Cyprien-i Les Abattoirs-ba, egy \u00e1talak\u00edtott v\u00e1g\u00f3hidakban m\u0171k\u00f6d\u0151 modern m\u0171v\u00e9szeti m\u00fazeumba; a Carmes k\u00f6zel\u00e9ben tal\u00e1lhat\u00f3 Mus\u00e9e Paul-Dupuy \u00f3ra- \u00e9s grafikai ki\u00e1ll\u00edt\u00e1s\u00e1ba; \u00e9s a Mus\u00e9um de Toulouse mellett tal\u00e1lhat\u00f3 Jardin des Plantes-ba, ahol egzotikus n\u00f6v\u00e9ny- \u00e9s \u00e1llatvil\u00e1g mes\u00e9li el a term\u00e9szetrajzot. Az All\u00e9e des Demoiselles-en tal\u00e1lhat\u00f3 Mus\u00e9e d\u00e9partemental de la R\u00e9sistance et de la D\u00e9portation rend\u00edthetetlen \u0151szintes\u00e9ggel n\u00e9z szembe a h\u00e1bor\u00fas eml\u00e9kekkel. M\u00edg egyes int\u00e9zm\u00e9nyek \u2013 mint p\u00e9ld\u00e1ul a Mus\u00e9e Georges Labit \u2013 tov\u00e1bbra is z\u00e1rva tartanak, legend\u00e1s homlokzataik a m\u00falt dics\u0151s\u00e9g\u00e9re utalnak.<\/p>\n<p>A gyakorlati kir\u00e1ndul\u00e1sok magukban foglalj\u00e1k a blagnaci Airbus \u00f6sszeszerel\u0151 csarnokokba tett vezetett l\u00e1togat\u00e1sokat \u2013 amelyek szakosodott \u00fczemeltet\u0151k\u00f6n kereszt\u00fcl foglalhat\u00f3k \u2013, ahol megfigyelhetj\u00fck az A350-es t\u00f6rzsek v\u00e9gs\u0151 \u00f6sszeszerel\u00e9s\u00e9t a F\u00f6ld egyik legnagyobb z\u00e1rt ipari ter\u00e9ben. A Cit\u00e9 de l&#039;espace-ben a csal\u00e1dok \u00e9s a di\u00e1kok egyar\u00e1nt interakt\u00edv ki\u00e1ll\u00edt\u00e1sokkal \u00e9s Ariane rak\u00e9t\u00e1k replik\u00e1ival ismerkedhetnek meg. A Halle de la Machine anim\u00e1lt sz\u00f6rnyetegei olyan j\u00e1t\u00e9kokat \u00e9s el\u0151ad\u00e1sokat k\u00edn\u00e1lnak, amelyek a m\u0171v\u00e9szetet a pneumatik\u00e1val \u00e9s az ac\u00e9llal \u00f6tv\u00f6zik, m\u00edg a L&#039;Envol des Pionniers a korai kereskedelmi rep\u00fcl\u00e9s eml\u00e9k\u00e9t \u0151rzi.<\/p>\n<p>A Canal du Midi minden \u00e9vszakban ker\u00e9kp\u00e1rosokat \u00e9s gyalogosokat cs\u00e1b\u00edt, hogy bej\u00e1rj\u00e1k az \u00e1rny\u00e9kos vontat\u00f3utat Toulouse-b\u00f3l Carcassonne \u00e9s a F\u00f6ldk\u00f6zi-tenger fel\u00e9, vagy hogy csatornab\u00e1rk\u00e1kon siklajanak \u00e1t a Pierre-Paul Riquet \u00e1ltal tervezett zsilipek \u00e9s zsilipek sorozat\u00e1n. Azok sz\u00e1m\u00e1ra, akik a kerekeket kedvelik, a V\u00e9l\u00f4Toulouse-i h\u00e1l\u00f3zat hat\u00e9kony eszk\u00f6zt k\u00edn\u00e1l a v\u00e1ros k\u00f6r\u00fatjainak \u00e9s rakpartjainak bej\u00e1r\u00e1s\u00e1ra.<\/p>\n<p>\u00d6sszefoglalva, Toulouse a m\u00falt \u00e9s a j\u00f6v\u0151 tal\u00e1lkoz\u00e1s\u00e1t testes\u00edti meg: egy r\u00f3mai alap\u00edtv\u00e1ny, amely vizig\u00f3t udvarr\u00e1 \u00e9rett, egy k\u00f6z\u00e9pkori egyetem, amely olyan gondolkod\u00f3kat nevelt, mint Pierre de Fermat, \u00e9s egy vid\u00e9ki er\u0151d\u00edtm\u00e9ny, amely Eur\u00f3pa rep\u00fcl\u0151g\u00e9pipari f\u0151v\u00e1ros\u00e1v\u00e1 alakult. Utc\u00e1i \u00e9vsz\u00e1zados r\u00f3zsasz\u00edn t\u00e9gl\u00e1b\u00f3l \u00e9s feh\u00e9r k\u0151b\u0151l \u00e9p\u00fclt \u00e9p\u00edtkez\u00e9sekr\u0151l \u00e1rulkodnak, m\u00edg laborat\u00f3riumai \u00e9s hang\u00e1rjai az \u00e9gbe tartanak. A v\u00e1ros vitalit\u00e1sa vir\u00e1gzik m\u00fazeumaiban, sz\u00ednh\u00e1zaiban \u00e9s fesztiv\u00e1ljain, mik\u00f6zben a foly\u00f3k \u00e9s csatorn\u00e1k nyugodt ellenpontot biztos\u00edtanak. A v\u00e1ros gasztron\u00f3mi\u00e1ja, oktat\u00e1si kiemelked\u0151 szerepe \u00e9s a glob\u00e1lis k\u00f6zleked\u00e9si h\u00e1l\u00f3zatokban bet\u00f6lt\u00f6tt szerepe biztos\u00edtja, hogy Toulouse ne csup\u00e1n a tenger \u00e9s az \u00e9g k\u00f6z\u00f6tti \u00fatvonalak keresztez\u0151d\u00e9sek\u00e9nt, hanem az emberi er\u0151fesz\u00edt\u00e9sek egyed\u00fcl\u00e1ll\u00f3 helysz\u00ednek\u00e9nt is fennmaradjon \u2013 ahol a t\u00f6rt\u00e9nelem \u00e9s az innov\u00e1ci\u00f3 finom harm\u00f3ni\u00e1t teremt a r\u00f3zsasz\u00edn h\u00e1ztet\u0151k alatt.<\/p>\n<p>Toulouse sokr\u00e9t\u0171 identit\u00e1s\u00e1nak \u2013 \u0151si fellegv\u00e1r, zar\u00e1ndokhely, egyetemi v\u00e1ros, aerodinamikai kov\u00e1csm\u0171hely \u00e9s kultur\u00e1lis jelz\u0151f\u00e9ny \u2013 szeml\u00e9l\u00e9sekor az ember a c\u00e9l folytonoss\u00e1g\u00e1t \u00e9rz\u00e9keli, amely az alkalmazkod\u00f3k\u00e9pess\u00e9g hagyom\u00e1ny\u00e1hoz k\u00f6t\u0151dik. Tolos\u00e1t\u00f3l a R\u00f3zsasz\u00edn V\u00e1rosig, a p\u00e1sztorokt\u00f3l a rep\u00fcl\u0151g\u00e9pipari magig tart\u00f3 p\u00e1ly\u00e1ja felt\u00e1rja a folyamatos innov\u00e1ci\u00f3k befogad\u00e1s\u00e1nak k\u00e9pess\u00e9g\u00e9t, mik\u00f6zben meg\u0151rzi az \u00f6sszetart\u00f3 polg\u00e1ri jelleget. Toulouse \u00edgy arra h\u00edvja azokat, akik \u00e1thaladnak rakpartjain, akik megl\u00e1togatj\u00e1k m\u00fazeumait \u00e9s laborat\u00f3riumait, hogy egy olyan helyen \u00e9ljenek, ahol a t\u00e9gla szil\u00e1rds\u00e1ga \u00e9s a tudom\u00e1ny t\u00f6rekv\u00e9sei egyetlen v\u00e1rosi k\u00f6ltem\u00e9nyben egyes\u00fclnek.<\/p>","protected":false},"excerpt":{"rendered":"<p>Toulouse, Franciaorsz\u00e1g negyedik legnagyobb v\u00e1rosa, az Occitania r\u00e9gi\u00f3ban tal\u00e1lhat\u00f3 dinamikus metropolisz, amelynek lakoss\u00e1ga 2021-ben 504 078 lakost sz\u00e1ml\u00e1l a telep\u00fcl\u00e9s hat\u00e1rain bel\u00fcl. Ez a vir\u00e1gz\u00f3 nagyv\u00e1rosi ter\u00fclet, amely a Garonne foly\u00f3 ment\u00e9n tal\u00e1lhat\u00f3, a Haute-Garonne megye prefekt\u00far\u00e1jak\u00e9nt m\u0171k\u00f6dik, \u00e9s Franciaorsz\u00e1g d\u00e9li r\u00e9sz\u00e9nek gazdas\u00e1gi, kultur\u00e1lis \u00e9s m\u0171szaki k\u00f6zpontja. Az 1,5 milli\u00f3s nagyv\u00e1rosi lakoss\u00e1g\u00fa Toulouse a n\u00f6veked\u00e9s \u00e9s innov\u00e1ci\u00f3 \u00e9l\u00e9nk k\u00f6zpontj\u00e1v\u00e1 v\u00e1lt, \u00e9s 2014 \u00e9s 2020 k\u00f6z\u00f6tt a harmadik leggyorsabban n\u00f6vekv\u0151 nagyv\u00e1rosi r\u00e9gi\u00f3 Franciaorsz\u00e1gban az 500 000 lakost meghalad\u00f3 v\u00e1rosok k\u00f6z\u00f6tt.<\/p>","protected":false},"author":1,"featured_media":4279,"parent":13952,"menu_order":0,"comment_status":"closed","ping_status":"closed","template":"elementor_theme","meta":{"_eb_attr":"","footnotes":""},"class_list":["post-14131","page","type-page","status-publish","has-post-thumbnail"],"_links":{"self":[{"href":"https:\/\/travelshelper.com\/hu\/wp-json\/wp\/v2\/pages\/14131","targetHints":{"allow":["GET"]}}],"collection":[{"href":"https:\/\/travelshelper.com\/hu\/wp-json\/wp\/v2\/pages"}],"about":[{"href":"https:\/\/travelshelper.com\/hu\/wp-json\/wp\/v2\/types\/page"}],"author":[{"embeddable":true,"href":"https:\/\/travelshelper.com\/hu\/wp-json\/wp\/v2\/users\/1"}],"replies":[{"embeddable":true,"href":"https:\/\/travelshelper.com\/hu\/wp-json\/wp\/v2\/comments?post=14131"}],"version-history":[{"count":0,"href":"https:\/\/travelshelper.com\/hu\/wp-json\/wp\/v2\/pages\/14131\/revisions"}],"up":[{"embeddable":true,"href":"https:\/\/travelshelper.com\/hu\/wp-json\/wp\/v2\/pages\/13952"}],"wp:featuredmedia":[{"embeddable":true,"href":"https:\/\/travelshelper.com\/hu\/wp-json\/wp\/v2\/media\/4279"}],"wp:attachment":[{"href":"https:\/\/travelshelper.com\/hu\/wp-json\/wp\/v2\/media?parent=14131"}],"curies":[{"name":"wp","href":"https:\/\/api.w.org\/{rel}","templated":true}]}}