{"id":14007,"date":"2024-09-18T15:23:51","date_gmt":"2024-09-18T15:23:51","guid":{"rendered":"https:\/\/travelshelper.com\/staging\/?page_id=14007"},"modified":"2026-03-12T00:02:39","modified_gmt":"2026-03-12T00:02:39","slug":"montpellier","status":"publish","type":"page","link":"https:\/\/travelshelper.com\/hu\/destinations\/europe\/france\/montpellier\/","title":{"rendered":"Montpellier"},"content":{"rendered":"<p>Montpellier, egy k\u00f6zel 300 000 lakos\u00fa v\u00e1ros t\u00f6rt\u00e9nelmi k\u00f6zpontj\u00e1ban, \u00e9s t\u00f6bb mint 800 000 lakos\u00fa nagyv\u00e1rosi ter\u00fclete, H\u00e9rault k\u00f6zigazgat\u00e1si k\u00f6zpontja D\u00e9l-Franciaorsz\u00e1gban. A F\u00f6ldk\u00f6zi-tenger partj\u00e1t\u00f3l mintegy t\u00edz kilom\u00e9terre a sz\u00e1razf\u00f6ld belsej\u00e9ben, a Lez foly\u00f3 \u00e1ltal szabdalt terepen fekv\u0151 v\u00e1rosi k\u00f6zpont hetvennyolc n\u00e9gyzetkilom\u00e9ternyi dombot foglal el, amelyek a Place du Peyrou-n\u00e1l \u00f6tvenh\u00e9t m\u00e9terre emelkednek. Ami\u00f3ta r\u00f3mai villak\u00e9nt alap\u00edtott\u00e1k, \u00e9s az els\u0151 \u00e9vezred v\u00e9g\u00e9re beker\u00fclt a feljegyzett t\u00f6rt\u00e9nelembe, Montpellier Okszit\u00e1nia egyik legfontosabb tanul\u00e1si, kereskedelmi \u00e9s kultur\u00e1lis k\u00f6zpontj\u00e1v\u00e1 fejl\u0151d\u00f6tt.<\/p>\n<p>A kora k\u00f6z\u00e9pkort\u00f3l kezdve Montpellier sorsa \u00f6sszefon\u00f3dott az ib\u00e9riai dinaszti\u00e1kkal. A Melgueil gr\u00f3fok uralma alatti korai uralom dinasztikus csere \u00fatj\u00e1n az Arag\u00f3niai Koron\u00e1ra sz\u00e1llt, melynek legh\u00edresebb sarja, I. Jakab, 1208-ban itt vette els\u0151 l\u00e9legzet\u00e9t. Az arag\u00f3niai, majd k\u00e9s\u0151bb mallorcai uralom alatt a v\u00e1ros kereskedelmi k\u00f6zpontk\u00e9nt vir\u00e1gzott, keskeny utc\u00e1i zs\u00fafol\u00e1sig tele voltak \u00c9szak-Afrik\u00e1b\u00f3l, Olaszorsz\u00e1gb\u00f3l \u00e9s a Levante-b\u0151l \u00e9rkez\u0151 keresked\u0151kkel. 1349-ben VI. F\u00fcl\u00f6p Valois kir\u00e1ly megv\u00e1s\u00e1rolta Montpellier-t a francia koron\u00e1nak, majd az 1360-as \u00e9vekben id\u0151szakos navarrai ellen\u0151rz\u00e9s ut\u00e1n 1383-ra v\u00e9gleg visszaker\u00fclt Franciaorsz\u00e1ghoz. A katal\u00e1n \u00e9s mallorcai hat\u00e1s nyomai azonban tov\u00e1bbra is fennmaradtak a v\u00e1ros polg\u00e1ri ritu\u00e1l\u00e9iban \u00e9s helyi dialektus\u00e1ban.<\/p>\n<p>Montpellier szellemi \u00e9lete maradand\u00f3 kifejez\u00e9sre jutott az 1220-ban alap\u00edtott egyetemmel. Eur\u00f3pa egyik legr\u00e9gebbi fels\u0151oktat\u00e1si int\u00e9zm\u00e9nye, az Orvostudom\u00e1nyi Kar megszak\u00edt\u00e1s n\u00e9lk\u00fcl m\u0171k\u00f6dik ugyanazon \u00e9vsz\u00e1zad \u00f3ta. Boltozatos termei alatt olyan h\u00edres szem\u00e9lyis\u00e9gek tanultak, mint Petrarca, az olasz k\u00f6lt\u0151, akinek szonettjei form\u00e1lt\u00e1k az eur\u00f3pai l\u00edrai hagyom\u00e1nyt; Nostradamus, akinek pr\u00f3f\u00e9tai versei mitikus st\u00e1tuszt \u00e9rtek el; Fran\u00e7ois Rabelais, akinek humanista szat\u00edr\u00e1ja a renesz\u00e1nszban is visszhangra tal\u00e1lt. Az egyetem t\u00f6rt\u00e9nelmi el\u0151ad\u00f3termei \u00e9s bonctermei, amelyek most gondos restaur\u00e1l\u00e1s alatt \u00e1llnak, az orvosi ismeretek hat\u00e1r\u00e1n folytatott \u00e9vsz\u00e1zados tudom\u00e1nyos t\u00f6rekv\u00e9sekre eml\u00e9keztetnek.<\/p>\n<p>A k\u00f6z\u00e9pkori v\u00e1rosmag tetej\u00e9n \u00e1ll a XIII. Lajos \u00e1ltal a tizenhetedik sz\u00e1zadban \u00e9p\u00edttetett citadella. Egykor kir\u00e1lyi er\u0151d\u00edtm\u00e9ny volt, ahonnan kil\u00e1t\u00e1s ny\u00edlik az \u00f3v\u00e1ros cser\u00e9ptet\u0151ire \u00e9s a kanyarg\u00f3s Lez foly\u00f3ra, ma pedig Montpellier vezet\u0151 l\u00edceum\u00e1nak \u00e9s f\u0151iskol\u00e1j\u00e1nak ad otthont, olyan b\u00e1sty\u00e1kon, amelyek gener\u00e1ci\u00f3k \u00f3ta \u00e1gy\u00fakat \u00e9s hely\u0151rs\u00e9get \u00e1llom\u00e1soztak. E falak alatt az \u00c9cusson \u2013 a k\u00f6z\u00e9pkori mag \u2013 felt\u00e1rja bens\u0151s\u00e9ges jelleg\u00e9t: kocsikerekek sz\u00e1m\u00e1ra t\u00fal keskeny sik\u00e1torok, let\u0171nt mesters\u00e9gek neveivel v\u00e9sett k\u0151homlokzatok, rejtett udvarok, amelyek di\u00e1kok \u00e9s lakosok l\u00e9pteit\u0151l susognak.<\/p>\n<p>A v\u00e1ros domborzata k\u00e9t f\u0151 magaslaton nyugszik \u2013 Montpellier-n \u00e9s Montpelli\u00e9ret-n \u2013, melyeket m\u00e9ly lejt\u0151k v\u00e1lasztanak el egym\u00e1st\u00f3l, dr\u00e1mai l\u00e1tk\u00e9pet \u00e9s hirtelen szintk\u00fcl\u00f6nbs\u00e9geket eredm\u00e9nyezve. A Place du Peyrou-r\u00f3l, egy tizennyolcadik sz\u00e1zadi s\u00e9t\u00e1nyr\u00f3l, melyet XIV. Lajos diadalmas szobra koron\u00e1z, a h\u00e1ztet\u0151k\u00f6n \u00e1t a C\u00e9vennek t\u00e1voli cs\u00facsaiig ny\u00falnak a kil\u00e1t\u00e1s. Lent a Ch\u00e2teau d&#039;Eau, egy 1689-b\u0151l sz\u00e1rmaz\u00f3 t\u00e9gla v\u00edztorony, a k\u00f6zeli Saint-Cl\u00e9ment v\u00edzvezet\u00e9k v\u00e9gpontj\u00e1t jel\u00f6li, amely a r\u00e9gi\u00f3 egyik legnagyobb v\u00edz\u00e9p\u00edt\u00e9si remekm\u0171ve.<\/p>\n<p>A modern Montpellier ebb\u0151l a t\u00f6rt\u00e9nelmi magb\u00f3l h\u00e9t hivatalosan kijel\u00f6lt negyedre terjeszkedett ki. A Montpellier-Centre meg\u0151rizte a Gares, a Com\u00e9die \u00e9s a Faubourg Boutonnet s\u0171r\u0171 h\u00e1l\u00f3zat\u00e1t. \u00c9szakkeleten a Croix-d&#039;Argent \u00e9s sz\u00e9les sug\u00e1r\u00fatjai tal\u00e1lkoznak a gyorsan fejl\u0151d\u0151 Mas Drevonnal. Az \u00e9szakon fekv\u0151 Les C\u00e9vennes olyan lak\u00f3negyedeket \u00f6tv\u00f6z, mint a Le Petit Bard, a La Martelle \u00fajabb lak\u00f3parkjaival. Mosson nyugat fel\u00e9 terjeszkedik, a La Paillade k\u00f6zpontj\u00e1val. A H\u00f4pitaux-Facult\u00e9s d\u00e9li negyede orvosi kampuszokat \u00e9s kutat\u00f3int\u00e9zeteket egyes\u00edt a Parc zoologique de Lunaret mellett. Port-Marianne, a felt\u0171n\u0151 Odysseum komplexummal, a v\u00e1ros leg\u00fajabb kort\u00e1rs \u00e9p\u00edt\u00e9szeti alkot\u00e1sa. V\u00e9g\u00fcl a Pr\u00e9s d&#039;Ar\u00e8nes a sz\u00e1zadk\u00f6zepi lak\u00f3telepeket foly\u00f3parti s\u00e9t\u00e1nyokkal \u00f6tv\u00f6zi.<\/p>\n<p>Az 1990-es \u00e9vek \u00f3ta Montpellier vezeti Franciaorsz\u00e1got a demogr\u00e1fiai n\u00f6veked\u00e9s ter\u00e9n. V\u00e1rosi ter\u00fclete az ezredfordul\u00f3 \u00f3ta a legmagasabb n\u00f6veked\u00e9si \u00fctemet produk\u00e1lta az orsz\u00e1gban, amit a di\u00e1kok be\u00e1raml\u00e1sa vez\u00e9relt \u2013 ma mintegy 70 000 di\u00e1k, a lakoss\u00e1g k\u00f6zel egynegyede \u2013, akik k\u00e1v\u00e9z\u00f3kat, k\u00f6nyvt\u00e1rakat \u00e9s a n\u00e9gyvonalas villamosh\u00e1l\u00f3zatot m\u0171k\u00f6dtetik, amely a nyugati Mossont\u00f3l a keleti Odysseumig h\u00faz\u00f3dik. 2023-ban az \u00f6nkorm\u00e1nyzat elt\u00f6r\u00f6lte a viteld\u00edjakat minden lakos sz\u00e1m\u00e1ra, \u00edgy a TaM rendszer teljesen ingyeness\u00e9 v\u00e1lt; kor\u00e1bban az ingyenes utaz\u00e1st kiterjesztett\u00e9k a tizennyolc \u00e9v alatti \u00e9s a hatvan\u00f6t \u00e9v felettiekre. Jelenleg tervek vannak egy \u00f6t\u00f6dik villamosvonalra, amely Lav\u00e9rune-t k\u00f6ti \u00f6ssze Clapiers-szel, egy sz\u00e9lesebb k\u00f6r\u0171, 440 milli\u00f3 eur\u00f3s fenntarthat\u00f3 mobilit\u00e1si beruh\u00e1z\u00e1s r\u00e9szek\u00e9nt.<\/p>\n<p>A n\u00e9pess\u00e9gn\u00f6veked\u00e9sen t\u00fal Montpellier vonzereje a mediterr\u00e1n \u00e9ghajlatban rejlik: a telek h\u0171v\u00f6sek \u00e9s p\u00e1r\u00e1sak, a janu\u00e1ri \u00e1tlagh\u0151m\u00e9rs\u00e9klet 7,2 \u00b0C k\u00f6r\u00fcl alakul, a nyarak pedig forr\u00f3k \u00e9s sz\u00e1razak, j\u00faliusban \u00e1tlagosan 24,1 \u00b0C-kal. A csapad\u00e9k, amely \u00e9vi mintegy 630 millim\u00e9ter, \u0151sszel \u00e9s t\u00e9len koncentr\u00e1l\u00f3dik, b\u00e1r hirtelen zivatarok m\u00e9g ny\u00e1r k\u00f6zep\u00e9n is meglepet\u00e9st okozhatnak. M\u00edg a v\u00e1rosk\u00f6zpont a s\u00edks\u00e1g felett fekszik, a parti szell\u0151 enyh\u00edti a h\u0151s\u00e9get, \u00e9s a ker\u00e9kp\u00e1rutak h\u00e1l\u00f3zata \u2013 amelyet a V\u00e9lomagg 1200 ker\u00e9kp\u00e1rb\u00f3l \u00e1ll\u00f3 ker\u00e9kp\u00e1rmegoszt\u00f3 rendszere testes\u00edt meg \u2013 \u00f3r\u00e1n bel\u00fcl hozz\u00e1f\u00e9r\u00e9st biztos\u00edt Palavas-les-Flots \u00e9s Carnon strandjaihoz.<\/p>\n<p>A kultur\u00e1lis \u00e9let pezseg a hagyom\u00e1nyos \u00e9s az avantg\u00e1rd rendezv\u00e9nyekt\u0151l. A Le Z\u00e9nith Sud \u00e9s a nagyobb L&#039;Arena a rockzen\u00e9t\u0151l a zenekari reperto\u00e1rig terjed\u0151 koncerteknek ad otthont; a Le Corum opera \u00e9s nemzetk\u00f6zi konferenci\u00e1k f\u00f3rumait k\u00edn\u00e1lja h\u00e1rom el\u0151ad\u00f3term\u00e9ben. Minden j\u00faliusban a Festival de Radio France et Montpellier t\u00f6bb mint 150 ingyenes klasszikus zenei \u00e9s jazz rendezv\u00e9nnyel var\u00e1zsolja \u00e1t az udvarokat \u00e9s a koncerttermeket. \u0150sszel a Cinemed, a Nemzetk\u00f6zi Mediterr\u00e1n Filmfesztiv\u00e1l, mintegy k\u00e9tsz\u00e1z alkot\u00e1st vet\u00edt a r\u00e9gi\u00f3b\u00f3l, premiereket tart a Le Corumban \u00e9s a helyi mozikban, \u00e9s filmeseket h\u00edv \u00f6ssze kerekasztal-besz\u00e9lget\u00e9sekre \u00e9s ki\u00e1ll\u00edt\u00e1sokra.<\/p>\n<p>Az \u00f3v\u00e1rosban s\u00e9t\u00e1l\u00f3k a La Place de la Com\u00e9die-re \u00e9rkeznek, ahol a H\u00e1rom Gr\u00e1cia sz\u00f6k\u0151k\u00fatja a villamoss\u00ednek \u00e9s gyalogosok \u00f6rv\u00e9ny\u00e9ben t\u00e1rul el\u00e9nk. Egy r\u00f6vid emelked\u0151 a Rue Foch ment\u00e9n felhozza a Peyrou-i Diadal\u00edvet, egy fens\u00e9ges bolt\u00edvet, amelyet p\u00e1rizsi n\u00e9vad\u00f3j\u00e1r\u00f3l mint\u00e1ztak; t\u00far\u00e1k vezetnek fel a cs\u00facs\u00e1ra, ahonnan tiszta est\u00e9ken a nap a Pireneusok m\u00f6g\u00f6tt nyugszik le. A k\u00f6zelben tal\u00e1lhat\u00f3 a Jardin des Plantes, amely \u00e1rny\u00e9kos \u00f6sv\u00e9nyeket nyit a Nemzetk\u00f6zi Arbor\u00e9tum ligetei \u00e9s egy t\u00f6rt\u00e9nelmi narancsl\u00e9 \u2013 Franciaorsz\u00e1g legr\u00e9gebbi botanikus kertje, amelyet 1593-ban alap\u00edtottak \u2013 mellett. A Saint-Pierre-sz\u00e9kesegyh\u00e1z ikertornyaival \u00e9s baldachinos el\u0151csarnok\u00e1val \u0151rk\u00f6dik, m\u00edg az orvosi kar boltozatos anat\u00f3miai m\u00fazeuma az anat\u00f3miai kutat\u00e1sok \u00e9vsz\u00e1zados esem\u00e9nyeit id\u00e9zi fel.<\/p>\n<p>A m\u0171v\u00e9szet \u00e9s az \u00e9p\u00edt\u00e9szet \u00f6sszefon\u00f3dik a H\u00f4tel des Tr\u00e9soriers de la Bourse-ban, egy renesz\u00e1nsz k\u00fari\u00e1ban, melynek udvari l\u00e9pcs\u0151h\u00e1za \u00e9s form\u00e1lis kertje meglepi a gyalogost. A kanyarban a Mus\u00e9e Fabre neoklasszicista homlokzata gal\u00e9ri\u00e1kba vezet, ahol Delacroix-t\u00f3l Courbet-ig terjed\u0151 eur\u00f3pai mesterek alkot\u00e1sai l\u00e1that\u00f3k; a 2007-ben, 61 milli\u00f3 eur\u00f3s fel\u00faj\u00edt\u00e1s sor\u00e1n kort\u00e1rs p\u00e1rbesz\u00e9dek sz\u00e1m\u00e1ra alak\u00edtott\u00e1k \u00e1t a ki\u00e1ll\u00edt\u00f3teret. A foly\u00f3 t\u00faloldal\u00e1n Ricardo Bofill Antigone negyede kolossz\u00e1lis szimmetri\u00e1t k\u00e9pvisel halv\u00e1ny k\u0151ben, t\u00fckr\u00f6zve Montpellier v\u00e1rosi k\u00eds\u00e9rletez\u00e9s ir\u00e1nti folyamatos t\u00f6rekv\u00e9s\u00e9t. Saint-Anne sz\u0171k negyed\u00e9ben a Le Carr\u00e9 Sainte-Anne egy felszenteletlen templomot kort\u00e1rs m\u0171v\u00e9szeti gal\u00e9ri\u00e1v\u00e1 alak\u00edt \u00e1t, m\u00edg a Tour de la Babote, amely egykor a b\u00e1sty\u00e1kon \u00e1ll\u00f3 kil\u00e1t\u00f3pont volt, ma \u00e9ttermeknek ad otthont, ahonnan kil\u00e1t\u00e1s ny\u00edlik a f\u00e1k tetej\u00e9re.<\/p>\n<p>A sport\u00e9let ugyanilyen v\u00e1ltozatoss\u00e1got mutat. A Montpellier HSC a Ligue 1-ben versenyez a Stade de la Mossonban, nyolc kilom\u00e9terre nyugatra, m\u00edg a r\u00f6gbi szakszervezet Montpellier H\u00e9rault csapata a GGL Stadionban j\u00e1tszik, k\u00f6zvetlen\u00fcl a k\u00f6zponton t\u00fal. A t\u00far\u00e1z\u00f3k bej\u00e1rhatj\u00e1k a Charles-de-Gaulle s\u00e9t\u00e1nyt, ahol padok \u00e9s plat\u00e1nf\u00e1k szeg\u00e9lyezik a szezon\u00e1lis piacokat, vagy r\u00e9szt vehetnek a vezetett t\u00far\u00e1kon, amelyek rejtett helyeket \u2013 k\u00f6z\u00e9pkori zsid\u00f3 f\u00fcrd\u0151ket vagy a fellegv\u00e1r oubliette-jeit \u2013 fednek fel \u2013, gyakran t\u00f6bbnyelv\u0171 idegenvezet\u0151k vezet\u00e9s\u00e9vel. A csal\u00e1dok felfedezhetik a Parc zoologique de Montpellier-t, amely ingyenesen l\u00e1togathat\u00f3 szavann\u00e1kkal bor\u00edtott ter\u00fcleteket, \u00e9s szer\u00e9ny d\u00edj ellen\u00e9ben egy \u00fcvegtet\u0151 alatt \u00fajraalkotott amazonasi erd\u0151t k\u00edn\u00e1l.<\/p>\n<p>A tengerpartra v\u00e1gy\u00f3k sz\u00e1m\u00e1ra a t\u00f6megk\u00f6zleked\u00e9s k\u00f6zvetlen \u00fatvonalat k\u00edn\u00e1l: a 3-as villamossal P\u00e9rols\u2013\u00c9tangs-de-l&#039;Orba juthatunk, ahonnan transzferbusz vagy ker\u00e9kp\u00e1r\u00fat vezet Carnon nyugodt homokos partjaira vagy a ny\u00fczsg\u0151bb Palavas-les-Flots \u00fcd\u00fcl\u0151helyre. A ker\u00e9kp\u00e1rosok itt a teljes felf\u00fcggeszt\u00e9s\u0171 ker\u00e9kp\u00e1rokat r\u00e9szes\u00edtik el\u0151nyben, mivel egyes s\u00e1vok az \u00f3v\u00e1ros l\u00e9pcs\u0151in haladnak kereszt\u00fcl \u2013 ez eml\u00e9keztet arra, hogy Montpellier terepe \u00f3vatoss\u00e1gra int, mik\u00f6zben felfedez\u00e9sre cs\u00e1b\u00edt.<\/p>\n<p>A kereskedelem t\u00fckr\u00f6zi ezt a soksz\u00edn\u0171s\u00e9get. A Place de la Com\u00e9die-r\u0151l kiindul\u00f3 utakat eleg\u00e1ns butikok szeg\u00e9lyezik, m\u00edg a Polygone bev\u00e1s\u00e1rl\u00f3k\u00f6zpont egy fed\u00e9l alatt gy\u0171jti \u00f6ssze a francia ismert \u00fczletl\u00e1ncokat. A mossoni bolhapiac minden vas\u00e1rnap haszn\u00e1lt b\u00fatorokat, kal\u00f3zfilmeket \u00e9s k\u00f6zismerten ker\u00e9kp\u00e1rokat k\u00edn\u00e1l \u2013 b\u00e1r a v\u00e1s\u00e1rl\u00f3knak aj\u00e1nlott ellen\u0151rizni a sz\u00e1rmaz\u00e1st. A f\u00fcggetlen k\u00f6nyvesboltok, mint p\u00e9ld\u00e1ul a Sauramps \u00e9s a Gibert Joseph, vonzz\u00e1k a bibliofileket, m\u00edg a Rue Saint-Guilhem \u00e9s a Rue de l&#039;Ancien Courrier ment\u00e9n tal\u00e1lhat\u00f3 szak\u00fczletek k\u00e9preg\u00e9nyeket, j\u00e1t\u00e9kkell\u00e9keket \u00e9s k\u00f6z\u00e9pkori k\u00e9zm\u0171ves term\u00e9keket \u00e1rulnak. M\u00e9g Marseille h\u00edres szappana is megtal\u00e1lja a hely\u00e9t itt, illatos szuven\u00edrk\u00e9nt azoknak a l\u00e1togat\u00f3knak, akik t\u00falmutatnak a b\u0151r\u00f6n \u00e9s a levendul\u00e1n.<\/p>\n<p>Az \u00ednyencek hasonl\u00f3 kozmopolitizmust fedeznek fel. A vas\u00fat\u00e1llom\u00e1s k\u00f6zel\u00e9ben kebabosok \u00e9s szendvicsez\u0151k szaporodnak, m\u00e9gis a turisztikai k\u00f6rzetb\u0151l t\u00e1vol \u2013 a Place Saint-Roch k\u00f6rny\u00e9k\u00e9n vagy \u00e9szakkeleten a Basilique Notre-Dame des Tables k\u00f6zel\u00e9ben \u2013 csal\u00e1di k\u00e9zben l\u00e9v\u0151 bisztr\u00f3kba botlanak az emberek, amelyek region\u00e1lis specialit\u00e1sokat k\u00edn\u00e1lnak. A k\u00e1v\u00e9rajong\u00f3k a Louis Blanc villamosmeg\u00e1ll\u00f3 k\u00f6zel\u00e9ben tal\u00e1lhat\u00f3 k\u00e1v\u00e9z\u00f3kba vonz\u00f3dnak, ahol a p\u00f6rk\u00f6lt k\u00e1v\u00e9bab illata keveredik a besz\u00e9lget\u00e9sekkel. Ahogy lesz\u00e1ll az alkonyat, a kocsm\u00e1k helyi borokat k\u00edn\u00e1lnak: er\u0151teljes v\u00f6r\u00f6s cuv\u00e9e-ket Pic Saint-Loup-b\u00f3l, ropog\u00f3s Picpoul de Pinet-t osztrig\u00e1k mell\u00e9, ny\u00e1ron pedig h\u0171s roz\u00e9kat, amelyek az esti \u00e9gbolt r\u00f3zsasz\u00edn ragyog\u00e1s\u00e1t t\u00fckr\u00f6zik.<\/p>\n<p>Az est\u00e9k itt gyakran Pastisszal, a d\u00e9lvid\u00e9k \u00e1nizsos aperitifj\u00e9vel kezd\u0151dnek, amelyet egyetlen j\u00e9gkock\u00e1val szolg\u00e1lnak fel, \u00e9s \u00edzl\u00e9s szerint v\u00edzzel h\u00edg\u00edtanak. Van, aki grenadinnal vagy mentasziruppal \u00edzes\u00edti, ez a saj\u00e1tos b\u00e1j Montpellier lelem\u00e9nyess\u00e9g\u00e9r\u0151l \u00e1rulkodik. Mik\u00f6zben az utcai l\u00e1mp\u00e1k pisl\u00e1kolnak az \u0151si k\u00f6veken, a v\u00e1ros p\u00e1rbesz\u00e9det folytat a m\u00falt \u00e9s a jelen k\u00f6z\u00f6tt: k\u00f6z\u00e9pkori b\u00e1sty\u00e1k keretezik a modern homlokzatokat, di\u00e1kgy\u0171l\u00e9sek \u00e9l\u00e9nk\u00edtik az \u00e9vsz\u00e1zados tereket, \u00e9s a tenger sz\u00fcl\u00f6tte szell\u0151 id\u0151tlen mozg\u00e1sa kavarog minden teraszon.<\/p>\n<p>Montpellier minden aspektus\u00e1ban \u2013 t\u00f6rt\u00e9nelmi, tudom\u00e1nyos, polg\u00e1ri \u00e9s kultur\u00e1lis \u2013 a rugalmass\u00e1g \u00e9s a meg\u00fajul\u00e1s bizony\u00edt\u00e9ka. Az id\u0151 r\u00e9tegei olvashat\u00f3k maradnak a kanyarg\u00f3s utc\u00e1kon \u00e9s a nagyszer\u0171 s\u00e9t\u00e1nyokon egyar\u00e1nt, \u00e9s a n\u00f6veked\u00e9s \u00e9s felfedez\u00e9s \u00e1lland\u00f3 l\u00fcktet\u00e9se biztos\u00edtja, hogy minden l\u00e1togat\u00e1s sor\u00e1n ismer\u0151s nevezetess\u00e9geket \u00e9s \u00faj perspekt\u00edv\u00e1kat is felfedezz\u00fcnk. Itt, ahol az okszit\u00e1n hagyom\u00e1nyok keverednek a mediterr\u00e1n f\u00e9nnyel, a v\u00e1ros nem arra h\u00edv, hogy k\u00e1pr\u00e1ztassuk el magunkat, hanem arra, hogy megfigyelj\u00fck \u00e9s meg\u00e9rts\u00fck, \u00f6r\u00f6ks\u00e9g\u00e9t a k\u00f6vek tart\u00f3s k\u00f6rvonalaihoz \u00e9s az utc\u00e1in s\u00e9t\u00e1l\u00f3k \u00e1lland\u00f3an meg\u00fajul\u00f3 k\u00edv\u00e1ncsis\u00e1g\u00e1hoz m\u00e9rve.<\/p>","protected":false},"excerpt":{"rendered":"<p>Montpellier, egy dinamikus v\u00e1ros D\u00e9l-Franciaorsz\u00e1gban, ide\u00e1lis helyen fekszik a F\u00f6ldk\u00f6zi-tengeren, \u00e9s a 2020-as n\u00e9psz\u00e1ml\u00e1l\u00e1s szerint 299 096 lakosa van. Ez a ny\u00fczsg\u0151 v\u00e1rosk\u00f6zpont, a H\u00e9rault megye prefekt\u00far\u00e1ja, az Occitania r\u00e9gi\u00f3 egyik legnagyobb nagyv\u00e1rosi r\u00e9gi\u00f3ja, t\u00e1gabb v\u00e1rosi ter\u00fclet\u00e9n 813 272 lakossal. A Montpelli\u00e9rains n\u00e9ven emlegetett v\u00e1ros lak\u00f3i hozz\u00e1j\u00e1rulnak a kult\u00fara, a t\u00f6rt\u00e9nelem \u00e9s a modernit\u00e1s soksz\u00edn\u0171 \u00f6tv\u00f6zet\u00e9hez, amely \u00e9vsz\u00e1zadok sor\u00e1n alakult ki.<\/p>","protected":false},"author":1,"featured_media":4454,"parent":13952,"menu_order":0,"comment_status":"closed","ping_status":"closed","template":"elementor_theme","meta":{"_eb_attr":"","footnotes":""},"class_list":["post-14007","page","type-page","status-publish","has-post-thumbnail"],"_links":{"self":[{"href":"https:\/\/travelshelper.com\/hu\/wp-json\/wp\/v2\/pages\/14007","targetHints":{"allow":["GET"]}}],"collection":[{"href":"https:\/\/travelshelper.com\/hu\/wp-json\/wp\/v2\/pages"}],"about":[{"href":"https:\/\/travelshelper.com\/hu\/wp-json\/wp\/v2\/types\/page"}],"author":[{"embeddable":true,"href":"https:\/\/travelshelper.com\/hu\/wp-json\/wp\/v2\/users\/1"}],"replies":[{"embeddable":true,"href":"https:\/\/travelshelper.com\/hu\/wp-json\/wp\/v2\/comments?post=14007"}],"version-history":[{"count":0,"href":"https:\/\/travelshelper.com\/hu\/wp-json\/wp\/v2\/pages\/14007\/revisions"}],"up":[{"embeddable":true,"href":"https:\/\/travelshelper.com\/hu\/wp-json\/wp\/v2\/pages\/13952"}],"wp:featuredmedia":[{"embeddable":true,"href":"https:\/\/travelshelper.com\/hu\/wp-json\/wp\/v2\/media\/4454"}],"wp:attachment":[{"href":"https:\/\/travelshelper.com\/hu\/wp-json\/wp\/v2\/media?parent=14007"}],"curies":[{"name":"wp","href":"https:\/\/api.w.org\/{rel}","templated":true}]}}