{"id":13952,"date":"2024-09-18T14:07:35","date_gmt":"2024-09-18T14:07:35","guid":{"rendered":"https:\/\/travelshelper.com\/staging\/?page_id=13952"},"modified":"2026-03-11T23:44:26","modified_gmt":"2026-03-11T23:44:26","slug":"franciaorszag","status":"publish","type":"page","link":"https:\/\/travelshelper.com\/hu\/destinations\/europe\/france\/","title":{"rendered":"Franciaorsz\u00e1g"},"content":{"rendered":"<p>Franciaorsz\u00e1g egy r\u00e9teges kontrasztokban gazdag tanulm\u00e1nyt mutat be: egy m\u00e9rs\u00e9kelt \u00e9g\u00f6vi sz\u00e1razf\u00f6ldet, amelyet hossz\u00fa partvonalak, legend\u00e1s hegyvonulatok \u00e9s hull\u00e1mz\u00f3 s\u00edks\u00e1gok szabdalnak; egy tr\u00f3pusi foly\u00f3kon, vulkanikus szigeteken \u00e9s sarki kib\u00fav\u00e1sokon \u00e1t\u00edvel\u0151 tengerent\u00fali ter\u00fcletet; egy t\u00f6bb mint hatvannyolcmilli\u00f3s lakoss\u00e1got, amelyet \u00e9vezredeknyi v\u00e1ndorl\u00e1s \u00e9s \u00fajabb \u00e9rkez\u00e9sek sz\u0151ttek \u00f6ssze; \u00e9s egy k\u00f6zt\u00e1rsas\u00e1got, amelynek politikai k\u00eds\u00e9rletei a gall-r\u00f3mai kort\u00f3l az \u00d6t\u00f6dik K\u00f6zt\u00e1rsas\u00e1gig form\u00e1lt\u00e1k az \u00e1llampolg\u00e1rs\u00e1gr\u00f3l \u00e9s a jogokr\u00f3l alkotott modern fogalmakat. E kiterjed\u00e9s sz\u00edv\u00e9ben P\u00e1rizs tal\u00e1lhat\u00f3, kultur\u00e1lis \u00e9s gazdas\u00e1gi k\u00f6zpontja, de a nemzet val\u00f3di m\u00e9rete \u00e9vsz\u00e1zadokban \u00e9s kilom\u00e9terekben m\u00e9rhet\u0151 \u2013 k\u00f6z\u00e9pkori katedr\u00e1lisai \u00e9s renesz\u00e1nsz kast\u00e9lyai, felvil\u00e1gosod\u00e1s szalonjai \u00e9s forradalmi hev\u00fclete, a Belle \u00c9poque tudom\u00e1nya \u00e9s a huszadik sz\u00e1zadi megpr\u00f3b\u00e1ltat\u00e1sok. Ez a cikk a Francia K\u00f6zt\u00e1rsas\u00e1g f\u00f6ldrajz\u00e1t, t\u00f6rt\u00e9nelm\u00e9t, t\u00e1rsadalm\u00e1t, gazdas\u00e1g\u00e1t, korm\u00e1nyz\u00e1s\u00e1t, infrastrukt\u00far\u00e1j\u00e1t \u00e9s kultur\u00e1lis szok\u00e1sait k\u00f6veti nyomon, felt\u00e1rva egy egyszerre ismer\u0151s \u00e9s folyamatosan v\u00e1ltoz\u00f3 f\u00f6ldet.<\/p>\n<p>Franciaorsz\u00e1g anyaorsz\u00e1g\u00e1nak kont\u00farjai a Rajn\u00e1t\u00f3l az Atlanti-\u00f3ce\u00e1nig, a F\u00f6ldk\u00f6zi-tengert\u0151l a La Manche csatornaig \u00e9s az \u00c9szaki-tengerig h\u00faz\u00f3dnak, mintegy 551 500 km\u00b2-t foglalnak magukban \u2013 ez a legnagyobb ter\u00fclet az Eur\u00f3pai Uni\u00f3 tag\u00e1llamai k\u00f6z\u00f6tt \u2013, \u00e9s Belgium, Luxemburg, N\u00e9metorsz\u00e1g, Sv\u00e1jc, Olaszorsz\u00e1g, Monaco, Andorra \u00e9s Spanyolorsz\u00e1g hat\u00e1rolja. Kontinent\u00e1lis Eur\u00f3p\u00e1n t\u00fal Franciaorsz\u00e1g a vil\u00e1g m\u00e1sodik legnagyobb kiz\u00e1r\u00f3lagos gazdas\u00e1gi \u00f6vezet\u00e9vel rendelkezik, amely a Karib-szigeteken, a d\u00e9l-amerikai es\u0151erd\u0151k\u00f6n, a csendes-\u00f3ce\u00e1ni szigetcsoportokon, valamint a D\u00e9li \u00e9s Antarktiszi ter\u00fcleteken, valamint tengerent\u00fali r\u00e9gi\u00f3in \u00e9s ter\u00fcletein kereszt\u00fcl t\u00f6bb mint 11 milli\u00f3 km\u00b2-es tengeri ter\u00fclettel rendelkezik. Ezeken a v\u00e1ltozatos sz\u00e9less\u00e9gi k\u00f6r\u00f6k\u00f6n bel\u00fcl \u2013 az \u00e9szaki sz\u00e9less\u00e9g 41\u00b0-t\u00f3l az 51\u00b0-ig \u00e9s a nyugati hossz\u00fas\u00e1g 6\u00b0-t\u00f3l a keleti hossz\u00fas\u00e1g 10\u00b0-\u00e1ig \u2013 a t\u00e1j az \u00e9szaki \u00e9s nyugati part menti mocsarakt\u00f3l \u00e9s s\u00edks\u00e1gokt\u00f3l a K\u00f6z\u00e9p-hegys\u00e9g \u0151si vulkanikus fenns\u00edkjaiig, a Pireneusok zord gerinceiig, az Alpok magas cs\u00facsaiig \u00e9s m\u00e9szk\u0151szurdokokig d\u00e9lkeleten \u00e9s d\u00e9lnyugaton v\u00e1ltozik.<\/p>\n<p>A kelta gallok \u00e1ltali leteleped\u00e9s a vaskorban utat engedett a r\u00f3mai annekt\u00e1l\u00e1shoz Kr. e. 51-ben, megteremtve a terepet egy gallo-r\u00f3mai civiliz\u00e1ci\u00f3 sz\u00e1m\u00e1ra, amelynek \u00fatjai, v\u00e1rosai \u00e9s t\u00f6rv\u00e9nyei a kora k\u00f6z\u00e9pkorig fennmaradtak. A frankok felemelked\u00e9s\u00e9vel \u00e9s a Karoling Birodalommal a verduni b\u00e9keszerz\u0151d\u00e9s (Kr. u. 843) Nyugat-Franciaorsz\u00e1got olyan birodalomm\u00e1 szabta, amelyb\u0151l a k\u00f6z\u00e9pkori Francia Kir\u00e1lys\u00e1g lett. A feud\u00e1lis sz\u00e9tt\u00f6redezetts\u00e9g hat\u00e1rozta meg a k\u00f6z\u00e9pkort, mik\u00f6zben a monarchia preszt\u00edzse n\u0151tt; az Anglia elleni sz\u00e1z\u00e9ves h\u00e1bor\u00fa, 1337 \u00e9s 1453 k\u00f6z\u00f6tt, pr\u00f3b\u00e1ra tette a kir\u00e1lys\u00e1g ellen\u00e1ll\u00f3 k\u00e9pess\u00e9g\u00e9t, \u00e9s ezt k\u00f6vet\u0151en a szuver\u00e9n hatalom fokozatosan k\u00f6zpontosult. A tizenhatodik sz\u00e1zadi mecenat\u00fara el\u0151seg\u00edtette a m\u0171v\u00e9szet, az irodalom \u00e9s a tudom\u00e1ny francia renesz\u00e1nsz\u00e1t, m\u00edg a katolikusok \u00e9s a hugenott\u00e1k k\u00f6z\u00f6tti vall\u00e1si megosztotts\u00e1g polg\u00e1rh\u00e1bor\u00fakba torkollott; a sz\u00e1zad v\u00e9g\u00e9n a francia fegyverek diadalmaskodtak a harminc\u00e9ves h\u00e1bor\u00faban, XIV. Lajos uralkod\u00e1sa pedig tov\u00e1bb n\u00f6velte befoly\u00e1s\u00e1t a diplom\u00e1cia, a h\u00e1bor\u00fa \u00e9s az udvari pompa r\u00e9v\u00e9n.<\/p>\n<p>Az 1789-es francia forradalom megsemmis\u00edtette az Ancien R\u00e9gime-et, melynek cs\u00facspontja az Emberi \u00e9s Polg\u00e1ri Jogok Nyilatkozata volt, amely a szabads\u00e1got, a tulajdont \u00e9s az egyenl\u0151s\u00e9get szentelte. Bonaparte Nap\u00f3leon alatt az Els\u0151 Cs\u00e1sz\u00e1rs\u00e1g francia jogrendszereket vezetett be Eur\u00f3pa-szerte, miel\u0151tt 1815-ben feloszlott volna. A monarchia, a k\u00f6zt\u00e1rsas\u00e1g \u00e9s a birodalom k\u00f6z\u00f6tti tizenkilenced sz\u00e1zadi ingadoz\u00e1sokat \u2013 a Bourbon-restaur\u00e1ci\u00f3n, a m\u00e1sodik k\u00f6zt\u00e1rsas\u00e1gon, a m\u00e1sodik cs\u00e1sz\u00e1rs\u00e1gon \u00e9s v\u00e9g\u00fcl a harmadik k\u00f6zt\u00e1rsas\u00e1gon kereszt\u00fcl \u2013 az iparosod\u00e1s, a Belle \u00c9poque kultur\u00e1lis vir\u00e1gz\u00e1sa \u00e9s a francia-porosz konfliktus (1870\u201371) traum\u00e1ja m\u00e9rs\u00e9kelte. A huszadik sz\u00e1zadban k\u00e9t vil\u00e1gh\u00e1bor\u00fa tette pr\u00f3b\u00e1ra Franciaorsz\u00e1g t\u0171r\u0151k\u00e9pess\u00e9g\u00e9t: az els\u0151 vil\u00e1gh\u00e1bor\u00fa puszt\u00edt\u00f3 emberi \u00e9s anyagi \u00e1ldozatokat k\u00f6vetelt, de gy\u0151zelemmel ker\u00fclt ki; a m\u00e1sodikban az 1940-es veres\u00e9g megsz\u00e1ll\u00e1shoz \u00e9s a Vichy-korszak alatti kollabor\u00e1ci\u00f3hoz, majd az 1944-es felszabadul\u00e1shoz \u00e9s a r\u00f6vid \u00e9let\u0171 negyedik k\u00f6zt\u00e1rsas\u00e1ghoz vezetett. 1958-ban Charles de Gaulle megalap\u00edtotta az \u00d6t\u00f6dik K\u00f6zt\u00e1rsas\u00e1got, amelynek alkotm\u00e1nya m\u00e1ig fennmaradt. Az 1960-as \u00e9vek dekoloniz\u00e1ci\u00f3ja a legt\u00f6bb tengerent\u00fali uralmat elv\u00e1gta, b\u00e1r a politikai \u00e9s gazdas\u00e1gi kapcsolatok tov\u00e1bbra is er\u0151sek.<\/p>\n<p>Franciaorsz\u00e1g gazdas\u00e1gi profilja a diverzifik\u00e1lt, szoci\u00e1lis piaci modellt \u00f6tv\u00f6zi a jelent\u0151s \u00e1llami r\u00e9szv\u00e9tellel \u00e9s a mag\u00e1nv\u00e1llalkoz\u00e1sokkal. Nomin\u00e1lis GDP-je a vil\u00e1g t\u00edz legnagyobb \u00e9s az EU-n bel\u00fcl a m\u00e1sodik helyen \u00e1ll; v\u00e1s\u00e1rl\u00f3er\u0151-parit\u00e1son a kilencedik helyen \u00e1ll vil\u00e1gszerte. A szolg\u00e1ltat\u00e1sok a termel\u00e9s \u00e9s a foglalkoztat\u00e1s k\u00e9tharmad\u00e1t, a feldolgoz\u00f3ipar k\u00f6zel egy\u00f6t\u00f6d\u00e9t, a mez\u0151gazdas\u00e1g pedig k\u00e9t sz\u00e1zal\u00e9k alatti, b\u00e1r a francia mez\u0151gazdas\u00e1gi termel\u00e9s mind mennyis\u00e9gben, mind \u00e9rt\u00e9kben az Eur\u00f3pai Uni\u00f3 \u00e9l\u00e9n \u00e1ll. Franciaorsz\u00e1g a harmadik legnagyobb eur\u00f3pai gy\u00e1rt\u00f3k\u00e9nt \u00e9s a vil\u00e1g nyolcadik legnagyobb termel\u00e9si mutat\u00f3val g\u00e9peket, j\u00e1rm\u0171veket, rep\u00fcl\u0151g\u00e9pipari term\u00e9keket, gy\u00f3gyszereket \u00e9s luxuscikkeket export\u00e1l; az \u00f6t\u00f6dik legnagyobb glob\u00e1lis kereskedelmi nemzet, \u00e9s a m\u00e1sodik Eur\u00f3p\u00e1ban. Az eur\u00f3\u00f6vezet \u00e9s az egys\u00e9ges piac biztos\u00edtja a t\u0151k\u00e9hez \u00e9s a munkaer\u0151h\u00f6z val\u00f3 sz\u00e9lesk\u00f6r\u0171 hozz\u00e1f\u00e9r\u00e9st; a k\u00fclf\u00f6ldi k\u00f6zvetlen befektet\u00e9sek t\u00falnyom\u00f3r\u00e9szt a feldolgoz\u00f3iparba, az ingatlanpiacra \u00e9s a p\u00e9nz\u00fcgyi szolg\u00e1ltat\u00e1sokba \u00e1ramlanak, a glob\u00e1lis c\u00e9gek a p\u00e1rizsi r\u00e9gi\u00f3ban koncentr\u00e1l\u00f3dnak.<\/p>\n<p>K\u00f6zleked\u00e9si h\u00e1l\u00f3zatok sz\u00f6vik \u00e1t \u00e9s k\u00f6tik \u00f6ssze a nemzetet a hat\u00e1rokon \u00e1t. Az SNCF 29 473 km-es vas\u00fatvonala \u2013 amely Nyugat-Eur\u00f3p\u00e1ban N\u00e9metorsz\u00e1g ut\u00e1n a m\u00e1sodik helyen \u00e1ll \u2013 mag\u00e1ban foglalja a 320 km\/h sebess\u00e9g\u0171 TGV nagysebess\u00e9g\u0171 vonalakat, az Eurostar vonatot a Csatorna-alag\u00faton kereszt\u00fcl, valamint nemzetk\u00f6zi kapcsolatokat Andorra kiv\u00e9tel\u00e9vel minden szomsz\u00e9dos orsz\u00e1ggal. Az aut\u00f3utak t\u00f6bb mint egymilli\u00f3 kilom\u00e9ter hossz\u00faak, ez a legs\u0171r\u0171bb kontinent\u00e1lis h\u00e1l\u00f3zat, P\u00e1rizsb\u00f3l indul\u00f3, d\u00edjk\u00f6teles aut\u00f3p\u00e1ly\u00e1kkal \u00e9s a hazai m\u00e1rk\u00e1k \u00e1ltal uralt, er\u0151s aut\u00f3piacokat kiszolg\u00e1l\u00f3 aut\u00f3p\u00e1ly\u00e1kkal. A belv\u00edzi utak, bele\u00e9rtve a Canal du Midi-t is, \u00f6sszek\u00f6tik a mediterr\u00e1n \u00e9s az atlanti medenc\u00e9ket. A l\u00e9gi k\u00f6zleked\u00e9s 464 rep\u00fcl\u0151t\u00e9ren kereszt\u00fcl m\u0171k\u00f6dik, amelyek k\u00f6z\u00fcl a legfontosabb a P\u00e1rizs melletti Charles-de-Gaulle, m\u00edg t\u00edz tengeri kik\u00f6t\u0151 \u2013 Marseille a legnagyobb a F\u00f6ldk\u00f6zi-tengeren \u2013 seg\u00edti el\u0151 az \u00e1ru- \u00e9s szem\u00e9lysz\u00e1ll\u00edt\u00e1st.<\/p>\n<p>Demogr\u00e1fiailag Franciaorsz\u00e1g lakoss\u00e1ga 2025 janu\u00e1rj\u00e1ban mintegy 68,6 milli\u00f3 volt, ezzel az EU m\u00e1sodik, Eur\u00f3pa harmadik legn\u00e9pesebb nemzete Oroszorsz\u00e1g \u00e9s N\u00e9metorsz\u00e1g ut\u00e1n. Lakoss\u00e1ga a h\u00e1bor\u00fa ut\u00e1ni viszonylag magas term\u00e9kenys\u00e9gi r\u00e1t\u00e1nak \u2013 1800-ban tet\u0151z\u00f6tt n\u00e9gy gyermek\/n\u0151 ar\u00e1nyban, \u00e9s a huszonegyedik sz\u00e1zad elej\u00e9ig is a reprodukci\u00f3s szintet meghalad\u00f3 szinten maradt \u2013 \u00e9s jelent\u0151s bev\u00e1ndorl\u00e1snak k\u00f6sz\u00f6nhet\u0151en n\u00f6vekedett. 2023-ban a teljes term\u00e9kenys\u00e9gi r\u00e1ta 1,79 volt, ami a reprodukci\u00f3s r\u00e1ta alatt van, m\u00e9gis a legmagasabb az EU-ban, m\u00e9g akkor is, ha az id\u0151s\u00f6d\u0151 v\u00e1laszt\u00f3k egy\u00f6t\u00f6d\u00e9t tekintik hatvan\u00f6t \u00e9vesnek vagy id\u0151sebbnek. A sz\u00fclet\u00e9skor v\u00e1rhat\u00f3 \u00e9lettartam el\u00e9rte a 82,7 \u00e9vet, ami a vil\u00e1g egyik legmagasabb \u00e9rt\u00e9ke. Az urbaniz\u00e1ci\u00f3 a lakoss\u00e1g k\u00e9tharmad\u00e1t v\u00e1rosokban \u00e9s peremvid\u00e9keiken koncentr\u00e1lja: P\u00e1rizsban (t\u00f6bb mint 13 milli\u00f3 a nagyv\u00e1rosi ter\u00fclet\u00e9n), Lyonban, Marseille-ben, Lille-ben, Toulouse-ban, Bordeaux-ban, Nantes-ban, Strasbourgban, Montpellier-ben \u00e9s Rennes-ben. Egy el\u0151rejelz\u00e9s szerint a 2040-es \u00e9vek k\u00f6zep\u00e9ig tov\u00e1bbi szer\u00e9ny n\u00f6veked\u00e9s v\u00e1rhat\u00f3, amelyet a migr\u00e1ci\u00f3 \u00e9s a sz\u00fclet\u00e9si ar\u00e1ny trendjei alak\u00edtanak.<\/p>\n<p>K\u00e9t \u00e9vezred alatt a nemzeti sz\u00f6vet mellett region\u00e1lis identit\u00e1sok is megjelentek: kelta-gall gy\u00f6kerek Bretagne-ban \u00e9s Burgundi\u00e1ban, r\u00f3mai \u00f6r\u00f6ks\u00e9g Provence-ban \u00e9s Aquit\u00e1ni\u00e1ban, germ\u00e1n elemek Elz\u00e1szban \u00e9s Lotaringi\u00e1ban, mediterr\u00e1n hat\u00e1sok Korzik\u00e1n. Ma Franciaorsz\u00e1g alkotm\u00e1nyos \u00f6r\u00f6ks\u00e9gv\u00e9delem alatt ismeri el a region\u00e1lis nyelveket \u2013 a bretont, az okszit\u00e1nt, a baszkot, a katal\u00e1nt, a flamand dialektusokat, az elz\u00e1szit \u2013, mik\u00f6zben a francia tov\u00e1bbra is az egyetlen hivatalos nyelv a kereskedelemben \u00e9s a k\u00f6zigazgat\u00e1sban. Az 1635-ben alap\u00edtott Acad\u00e9mie fran\u00e7aise a nyelvi norm\u00e1k \u00fcnnepi \u0151rek\u00e9nt szolg\u00e1l.<\/p>\n<p>Franciaorsz\u00e1g k\u00f6zt\u00e1rsas\u00e1gi alkotm\u00e1nya r\u00f6gz\u00edti a laicit\u00e9-t, a szigor\u00fa szekularizmust a k\u00f6z\u00e9letben, amely az egyh\u00e1z \u00e9s az \u00e1llam 1905-\u00f6s sz\u00e9tv\u00e1laszt\u00e1s\u00e1b\u00f3l sz\u00fcletett. M\u00edg a katolicizmus \u00e9vsz\u00e1zadokon \u00e1t meghat\u00e1rozta a nemzeti vall\u00e1st, nyilv\u00e1nos jelent\u0151s\u00e9ge m\u00e1ra cs\u00f6kkent; Franciaorsz\u00e1g vall\u00e1si \u00e9p\u00edtm\u00e9nyeinek 94 sz\u00e1zal\u00e9ka m\u00e9gis katolikus. A kisebbs\u00e9gi vall\u00e1sok \u2013 protest\u00e1nsok, judaizmus, iszl\u00e1m \u2013 szabadon gyakorolhat\u00f3k, b\u00e1r \u00e1llami elismer\u00e9s n\u00e9lk\u00fcl, kiv\u00e9ve Elz\u00e1sz-Moselle-ben, ahol t\u00f6rt\u00e9nelmi konkord\u00e1tumok maradtak fenn. Az \u00e1llam ellen\u0151rzi, hogy a szekt\u00e1nak \u00edt\u00e9lt csoportok ne avatkozzanak-e be a politik\u00e1ba.<\/p>\n<p>A gasztron\u00f3mia tov\u00e1bbra is k\u00f6zponti szerepet j\u00e1tszik a nemzeti identit\u00e1sban \u00e9s a \u201esoft power\u201d (puha hatalom) szerep\u00e9ben. A region\u00e1lis kulin\u00e1ris hagyom\u00e1nyok t\u00fckr\u00f6zik az \u00e9ghajlati \u00e9s kultur\u00e1lis soksz\u00edn\u0171s\u00e9get: a tejterm\u00e9kekben gazdag \u00e9telek \u00e9szakon \u00e9s a K\u00f6z\u00e9p-Massif Central k\u00f6z\u00e9ps\u0151 r\u00e9sz\u00e9n, az ol\u00edvaolaj alap\u00fa \u00e9telek d\u00e9len, a cassoulet Toulouse k\u00f6rny\u00e9k\u00e9n, a choucroute Elz\u00e1szban, a quiche Lotaringi\u00e1ban, a marhah\u00fasos bourguignon Burgundi\u00e1ban, a provence-i tapenade az Az\u00far-parton. Franciaorsz\u00e1g vezeti Eur\u00f3p\u00e1t a borok \u00e9s sajtok ter\u00e9n, az elnevez\u00e9si ellen\u0151rz\u00e9si rendszerek a term\u00e9keket a terroirjukhoz k\u00f6tik. A hivatalos \u00e9tkez\u00e9s \u2013 f\u0151\u00e9tel, plat principal, fromage vagy desszert \u2013 tov\u00e1bbra is a bar\u00e1ts\u00e1gos hangulatot hangs\u00falyozza. Az 1900-ban l\u00e9trehozott Michelin-\u00fatmutat\u00f3 tov\u00e1bbra is olyan csillagokat oszt ki, amelyek \u00e1talak\u00edthatj\u00e1k a h\u00edrnevet; 2006-ra a francia \u00e9ttermek mintegy 620 csillaggal rendelkeztek.<\/p>\n<p>A kultur\u00e1lis int\u00e9zm\u00e9nyek meger\u0151s\u00edtik Franciaorsz\u00e1g \u00f6nk\u00e9p\u00e9t, mint intellektu\u00e1lis \u00e9s m\u0171v\u00e9szeti f\u0151v\u00e1ros. 52 UNESCO Vil\u00e1g\u00f6r\u00f6ks\u00e9gi helysz\u00edne k\u00f6z\u00e9pkori katedr\u00e1lisokat, kir\u00e1lyi palot\u00e1kat, \u0151skori barlangokat \u00e9s v\u00e1rosi negyedeket foglal mag\u00e1ban. A vil\u00e1gh\u00edr\u0171 m\u00fazeumok \u2013 a p\u00e1rizsi Louvre (7,7 milli\u00f3 l\u00e1togat\u00f3 2022-ben), a Mus\u00e9e d&#039;Orsay, a Centre Pompidou \u2013 az \u00f3kort\u00f3l a modernizmusig \u0151rzik a remekm\u0171veket. Lyon, Lille, Montpellier \u00e9s m\u00e1s region\u00e1lis m\u00fazeumok gazdag\u00edtj\u00e1k a helyi identit\u00e1st. A Francia Rivi\u00e9ra, a Loire-v\u00f6lgyi v\u00e1rak, az alpesi \u00fcd\u00fcl\u0151helyek \u00e9s a mediterr\u00e1n strandok \u00e9vente 100 milli\u00f3 nemzetk\u00f6zi turist\u00e1t vonzanak, messze fel\u00fclm\u00falva b\u00e1rmely m\u00e1s orsz\u00e1got. A Disneyland Paris, saj\u00e1t TGV \u00e1llom\u00e1ssal, tov\u00e1bbra is Eur\u00f3pa legforgalmasabb vid\u00e1mparkja.<\/p>\n<p>A k\u00f6zigazgat\u00e1si szervezeti fel\u00e9p\u00edt\u00e9s a t\u00f6rt\u00e9nelmi fejl\u0151d\u00e9st t\u00fckr\u00f6zi: Franciaorsz\u00e1g anyaorsz\u00e1ga tizenk\u00e9t sz\u00e1razf\u00f6ldi r\u00e9gi\u00f3b\u00f3l \u00e9s Korzik\u00e1b\u00f3l \u00e1ll, amelyek 96 megy\u00e9re oszlanak, amelyeket gyakran foly\u00f3kr\u00f3l vagy f\u00f6ldrajzi jellegzetess\u00e9gekr\u0151l neveznek el. Az \u00f6t tengerent\u00fali megy\u00e9n \u2013 Guadeloupe, Martinique, Francia Guyana, R\u00e9union, Mayotte \u2013 t\u00fal hat, elt\u00e9r\u0151 auton\u00f3mi\u00e1val rendelkez\u0151 k\u00f6zigazgat\u00e1si egys\u00e9g (Francia Polin\u00e9zia, \u00daj-Kaled\u00f3nia, Saint-Barth\u00e9lemy, Saint-Martin, Saint-Pierre \u00e9s Miquelon, Wallis \u00e9s Futuna) \u00e9s lakatlan term\u00e9szetv\u00e9delmi ter\u00fcletek, mint p\u00e9ld\u00e1ul Clipperton, valamint a D\u00e9li- \u00e9s Antarktiszi-szigetek. Ezek a ter\u00fcletek egy\u00fcttesen tizenk\u00e9t id\u0151z\u00f3n\u00e1t \u00f6lelnek fel, t\u00f6bbet, mint b\u00e1rmely m\u00e1s nemzet.<\/p>\n<p>A turisztikai \u00fatvonalak a v\u00e1rosi s\u00e9t\u00e1nyokt\u00f3l a vid\u00e9ki mened\u00e9khelyekig terjednek. P\u00e1rizsban a Szajna rakpartjai, a Notre-Dame (fel\u00faj\u00edt\u00e1sra v\u00e1r), a Sainte-Chapelle \u00f3lom\u00fcveg ablakai, a Diadal\u00edv \u00e9s a Montmartre k\u00e1v\u00e9z\u00f3inak \u00e9lete v\u00e1rja a l\u00e1togat\u00f3kat. Lyonban a Place Bellecour \u00e9s a Vieux Lyon traboules-a a selyemsz\u00f6v\u0151k \u00f6r\u00f6ks\u00e9g\u00e9re eml\u00e9keztet. Bordeaux k\u0151teraszai \u00e9s sz\u0151l\u0151\u00fcltetv\u00e9nyei, Nantes z\u00f6ldter\u00fcletei \u00e9s Jules Verne ki\u00e1ll\u00edt\u00e1sai, Marseille Vieux-Portja \u00e9s Calanques-ja, Nizza Promenade des Anglais s\u00e9t\u00e1nya \u00e9s a monac\u00f3i kapuk mind saj\u00e1tos hangulatot \u00e1rasztanak. A t\u00f6rt\u00e9nelmi zar\u00e1ndokutak V\u00e9zelay-b\u0151l vagy Chartres-b\u00f3l nyugat fel\u00e9 kanyarognak; a Hautes-Pyr\u00e9n\u00e9es-i Lourdes-ba tart\u00f3 zar\u00e1ndoklat milli\u00f3kat vonz h\u00edres gy\u00f3gy\u00edt\u00f3 forr\u00e1sa miatt.<\/p>\n<p>Franciaorsz\u00e1g vid\u00e9ki ter\u00fcletein k\u00f6z\u00e9pkori falvak sorakoznak \u2013 amelyek k\u00f6z\u00fcl t\u00f6bb mint 160 hivatalosan is elismert sz\u00e9ps\u00e9g\u0171 \u2013, Dordogne rejtett v\u00f6lgyei \u0151skori barlangfestm\u00e9nyekkel, Loire-v\u00f6lgyi birtokok Azay-le-Rideau-t\u00f3l Chenonceau-ig, \u00e9s provence-i levendulamez\u0151k. Normandia normandiai partrasz\u00e1ll\u00e1si strandjai \u00e9s Mont-Saint-Michel-je a huszadik, illetve a tizenegyedik sz\u00e1zadi t\u00f6rt\u00e9neteket testes\u00edtik meg. Bretagne carnaci \u00e1ll\u00f3k\u00f6vei \u0151skori k\u00f6z\u00f6ss\u00e9gekre vallanak, m\u00edg a Camargue-delta mocsaras \u00f6kosziszt\u00e9m\u00e1kat \u00e9s a s\u00f3szed\u00e9s \u00e9s a bikaterel\u00e9s helyi hagyom\u00e1nyait \u0151rzi.<\/p>\n<p>A francia mindennapi \u00e9letet az udvariass\u00e1g protokolljai ir\u00e1ny\u00edtj\u00e1k: \u201eBonjour\u201d bel\u00e9p\u00e9skor az \u00fczletekbe vagy k\u00e1v\u00e9z\u00f3kba, \u201eMonsieur\u201d \u00e9s \u201eMadame\u201d hivatalos megsz\u00f3l\u00edt\u00e1sokban, m\u00e9rt\u00e9kletess\u00e9g a nyilv\u00e1nos \u00f6lt\u00f6zk\u00f6d\u00e9sben \u2013 a szabadid\u0151s helysz\u00edneken k\u00edv\u00fcl ker\u00fclend\u0151 a meleg\u00edt\u0151ruha vagy a feh\u00e9r edz\u0151cip\u0151 viselete. Az uszod\u00e1kban sz\u0171k lycra ruh\u00e1k \u00e9s sapk\u00e1k sz\u00fcks\u00e9gesek; a strandokon betartj\u00e1k a napoz\u00e1si konvenci\u00f3kat. A besz\u00e9lget\u00e9sek sor\u00e1n az \u0151szinte vita a szok\u00e1s, nem pedig az udvariatlans\u00e1g. A l\u00e1togat\u00f3k a kultur\u00e1lis k\u00f6zvetlens\u00e9ghez szoktak hozz\u00e1 az elk\u00f6telezetts\u00e9g jelek\u00e9nt.<\/p>\n<p>\u00cdgy Franciaorsz\u00e1g egyszerre marad az eur\u00f3pai t\u00f6rt\u00e9nelem t\u00e1rh\u00e1za, a m\u0171v\u00e9szeti \u00e9s tudom\u00e1nyos fejl\u0151d\u00e9s olvaszt\u00f3t\u00e9gelye, egy soksz\u00edn\u0171 f\u00f6ldrajzi ter\u00fclet \u00e9s egy modern k\u00f6zt\u00e1rsas\u00e1g, amely a glob\u00e1lis kih\u00edv\u00e1sok k\u00f6z\u00f6tt navig\u00e1l. Hat\u00e1sa megmarad a t\u00f6rv\u00e9nyekben, a nyelvben, a konyh\u00e1ban \u00e9s a kult\u00far\u00e1ban; ritmusai az alpesi h\u00f3 csendj\u00e9t\u0151l a mediterr\u00e1n s\u00e9t\u00e1nyok zsibong\u00e1s\u00e1ig, a sz\u00e9kesegyh\u00e1zak folyos\u00f3inak csendj\u00e9t\u0151l a k\u00e1v\u00e9z\u00f3k teraszainak zaj\u00e1ig v\u00e1ltoznak. Az utaz\u00f3 vagy a tud\u00f3s sz\u00e1m\u00e1ra Franciaorsz\u00e1g nem egyetlen t\u00f6rt\u00e9netet k\u00edn\u00e1l, hanem hangok k\u00f3rus\u00e1t, amelyek mindegyike az eml\u00e9kezet \u00e9s az innov\u00e1ci\u00f3, a stabilit\u00e1s \u00e9s a v\u00e1ltoz\u00e1s harm\u00f3ni\u00e1j\u00e1ra hangol\u00f3dik.<\/p>","protected":false},"excerpt":{"rendered":"<p>A t\u00falnyom\u00f3r\u00e9szt Nyugat-Eur\u00f3p\u00e1ban tal\u00e1lhat\u00f3 Franciaorsz\u00e1g lakoss\u00e1ga 2024 janu\u00e1rj\u00e1ban k\u00f6r\u00fclbel\u00fcl 68,4 milli\u00f3 f\u0151, \u00edgy az Eur\u00f3pai Uni\u00f3 egyik legn\u00e9pesebb orsz\u00e1ga. Ennek a kultur\u00e1lisan soksz\u00edn\u0171 nemzetnek a ter\u00fclete 643 801 n\u00e9gyzetkilom\u00e9ter (248 573 n\u00e9gyzetm\u00e9rf\u00f6ld), bele\u00e9rtve a v\u00e1rosi ter\u00fcletet \u00e9s a k\u00fclf\u00f6ldi ter\u00fcleteket. Franciaorsz\u00e1g jellegzetes f\u00f6ldrajzi elhelyezked\u00e9se, amely Nyugat-Eur\u00f3pa \u00e9s a F\u00f6ldk\u00f6zi-tenger metsz\u00e9spontj\u00e1ban tal\u00e1lhat\u00f3, jelent\u0151sen befoly\u00e1solta t\u00f6rt\u00e9nelm\u00e9t, kult\u00far\u00e1j\u00e1t \u00e9s vil\u00e1gm\u00e9ret\u0171 hat\u00e1s\u00e1t.<\/p>","protected":false},"author":1,"featured_media":4906,"parent":24078,"menu_order":0,"comment_status":"closed","ping_status":"closed","template":"elementor_theme","meta":{"_eb_attr":"","footnotes":""},"class_list":["post-13952","page","type-page","status-publish","has-post-thumbnail"],"_links":{"self":[{"href":"https:\/\/travelshelper.com\/hu\/wp-json\/wp\/v2\/pages\/13952","targetHints":{"allow":["GET"]}}],"collection":[{"href":"https:\/\/travelshelper.com\/hu\/wp-json\/wp\/v2\/pages"}],"about":[{"href":"https:\/\/travelshelper.com\/hu\/wp-json\/wp\/v2\/types\/page"}],"author":[{"embeddable":true,"href":"https:\/\/travelshelper.com\/hu\/wp-json\/wp\/v2\/users\/1"}],"replies":[{"embeddable":true,"href":"https:\/\/travelshelper.com\/hu\/wp-json\/wp\/v2\/comments?post=13952"}],"version-history":[{"count":0,"href":"https:\/\/travelshelper.com\/hu\/wp-json\/wp\/v2\/pages\/13952\/revisions"}],"up":[{"embeddable":true,"href":"https:\/\/travelshelper.com\/hu\/wp-json\/wp\/v2\/pages\/24078"}],"wp:featuredmedia":[{"embeddable":true,"href":"https:\/\/travelshelper.com\/hu\/wp-json\/wp\/v2\/media\/4906"}],"wp:attachment":[{"href":"https:\/\/travelshelper.com\/hu\/wp-json\/wp\/v2\/media?parent=13952"}],"curies":[{"name":"wp","href":"https:\/\/api.w.org\/{rel}","templated":true}]}}