{"id":13916,"date":"2024-09-18T13:37:58","date_gmt":"2024-09-18T13:37:58","guid":{"rendered":"https:\/\/travelshelper.com\/staging\/?page_id=13916"},"modified":"2026-03-11T23:42:24","modified_gmt":"2026-03-11T23:42:24","slug":"finnorszag","status":"publish","type":"page","link":"https:\/\/travelshelper.com\/hu\/destinations\/europe\/finland\/","title":{"rendered":"Finnorsz\u00e1g"},"content":{"rendered":"<p>Finnorsz\u00e1g, egy egyszerre sz\u0171k\u00f6s \u00e9s nagylelk\u0171 f\u00f6ld, Eur\u00f3pa \u00e9szaki r\u00e9sz\u00e9n ter\u00fcl el, Sv\u00e9dorsz\u00e1ggal, Norv\u00e9gi\u00e1val \u00e9s Oroszorsz\u00e1ggal hat\u00e1ros, a Botteni-\u00f6b\u00f6l \u00e9s a Finn-\u00f6b\u00f6l \u00e1ltal keretezett, 5,6 milli\u00f3 lakos\u00fa k\u00f6zt\u00e1rsas\u00e1g a nyugalmat \u00e9s a mozg\u00e1st a gesztusok tudatos gazdas\u00e1goss\u00e1g\u00e1val \u00f6tv\u00f6zi. Az \u00e9szaki h\u00f3 csendes \u00e1raml\u00e1sa \u00e9s a d\u00e9li nap t\u00e9tov\u00e1z\u00f3 melege alatt Finnorsz\u00e1g a geol\u00f3giai t\u00fcrelem, a nyelvi saj\u00e1toss\u00e1gok, a t\u00e1rsadalmi halad\u00e1s \u00e9s a kultur\u00e1lis visszafogotts\u00e1g egyed\u00fcl\u00e1ll\u00f3 kever\u00e9k\u00e9t k\u00edn\u00e1lja \u2013 olyan tulajdons\u00e1gokat, amelyek az utols\u00f3 j\u00e9gkorszak v\u00e9g\u00e9n az els\u0151 emberi l\u00e1bnyomokt\u00f3l kezdve a modern, nyitott t\u00e1rsadalomm\u00e1 v\u00e1l\u00e1s\u00e1ig form\u00e1lt\u00e1k identit\u00e1s\u00e1t.<\/p>\n<p>Egy bore\u00e1lis erd\u0151 takar\u00e1sa t\u00f6bb mint 180 000 t\u00f3nak ad helyet, \u00fcvegszer\u0171 felsz\u00edn\u00fcket csak a mor\u00e9nagerincek karcs\u00fa vonalai szak\u00edtj\u00e1k meg \u2013 a gleccserek el\u0151renyomul\u00e1s\u00e1nak hossz\u00fa, kavicsos maradv\u00e1nyai. Maga a f\u00f6ld folyamatosan emelkedik, a j\u00e9gkorszak ut\u00e1ni fellend\u00fcl\u00e9s a Botteni-\u00f6b\u00f6l k\u00f6rny\u00e9k\u00e9n \u00e9vente nagyj\u00e1b\u00f3l egy centim\u00e9terrel az \u00e9g fel\u00e9 tolja a r\u00e9gi tengerfen\u00e9ket, kiss\u00e9 kiterjesztve az orsz\u00e1g l\u00e1bnyom\u00e1t. A minden\u00fctt jelenl\u00e9v\u0151 \u00e9s d\u00edsztelen gr\u00e1nit mindenhol a felsz\u00ednre ker\u00fcl, ahol a talaj elv\u00e9konyodik, Finnorsz\u00e1g t\u00e1jk\u00e9p\u00e9t kend\u0151zetlen \u00e1lland\u00f3s\u00e1gk\u00e9nt megalapozva. A feny\u0151k \u00e9s lucfeny\u0151k a ny\u00edr- \u00e9s \u00e9gerf\u00e1k f\u00f6l\u00e9 magasodnak, gy\u00f6kereik t\u0151zeggel \u00e9s mor\u00e9n\u00e1val fon\u00f3dnak \u00f6ssze olyan talajban, amely t\u00fal sek\u00e9ly ahhoz, hogy b\u00e1rmi m\u00e1st tegyenek. A term\u00e9szet ezen csendes \u00e9p\u00edt\u00e9szet\u00e9ben kiemelkedik a t\u00f3vid\u00e9k: a sz\u00e1razf\u00f6ldi tavak h\u00e1l\u00f3zata, amelyet olyan v\u00e1rosok \u00f6veznek, mint Tampere, Jyv\u00e4skyl\u00e4 \u00e9s Kuopio, minden telep\u00fcl\u00e9s a v\u00edz sz\u00e9l\u00e9n egyens\u00falyoz, mintha kenuval v\u00e1rn\u00e1 a h\u00edrviv\u0151 \u00e9rkez\u00e9s\u00e9t.<\/p>\n<p>Finnorsz\u00e1g \u00e9ghajlata ugyanilyen fegyelmezett. A Golf-\u00e1ramlat m\u00e9rs\u00e9kelt hat\u00e1sa miatt a part menti telek kev\u00e9sb\u00e9 zordak, mint Szib\u00e9ri\u00e1ban, m\u00e9gis m\u00e9lyen a sz\u00e1razf\u00f6ld belsej\u00e9ben harap a fagyhat\u00e1r. D\u00e9len decembert\u0151l m\u00e1rciusig h\u00f3 esik; \u00e9szakabbra a t\u00e9li kir\u00e1lys\u00e1g okt\u00f3ber k\u00f6zep\u00e9t\u0151l m\u00e1jus elej\u00e9ig tart, a h\u0151m\u00e9rs\u00e9klet a leghevesebb id\u0151kben m\u00ednusz negyven Celsius-fok k\u00f6r\u00fclire zuhan. A nyarak, b\u00e1r r\u00f6videk, meglepet\u00e9st okozhatnak a harminc\u00f6t Celsius-fok feletti d\u00e9li h\u0151m\u00e9rs\u00e9klettel. Az \u00c9szaki-sarkk\u00f6r felett ny\u00e1ron meg\u00e9rkezik az \u00e9jf\u00e9li nap \u2013 hetekig tart\u00f3 megszak\u00edt\u00e1s n\u00e9lk\u00fcli nappal \u2013, m\u00edg a t\u00e9l ennek megfelel\u0151j\u00e9t k\u00edn\u00e1lja: a sarki \u00e9jszak\u00e1t, amikor a nap ak\u00e1r \u00f6tvenegy napra is teljesen elt\u0171nik. Lappf\u00f6ld\u00f6n az alpesi tundra h\u00e1romsz\u00e1mjegy\u0171 magass\u00e1g\u00fa hegycs\u00facsoknak ad otthont, a Halti cs\u00facsa pedig a norv\u00e9g hat\u00e1rn\u00e1l 1324 m\u00e9ter magasra emelkedik.<\/p>\n<p>Az emberi jelenl\u00e9t Finnorsz\u00e1gban Kr. e. 9000 k\u00f6r\u00fclre ny\u00falik vissza, amikor az \u00fatt\u00f6r\u0151k r\u00e9nszarvascsord\u00e1kat vontattak az olvad\u00f3 j\u00e9gen. \u00c9vezredek sor\u00e1n jellegzetes k\u0151korszaki kult\u00far\u00e1k jelentek meg \u00e9s halv\u00e1nyultak el, ker\u00e1mi\u00e1ik az id\u0151 m\u00fal\u00e1s\u00e1t jelezt\u00e9k. A bronz- \u00e9s vaskorban a kereskedelem \u00e9s a kapcsolatok Finnorsz\u00e1got Fennoskandia \u00e9s a balti partvid\u00e9k t\u00e1gabb sz\u00f6vet\u00e9be sz\u00f6vt\u00e9k. A 13. sz\u00e1zad v\u00e9gi \u00e9szaki keresztes hadj\u00e1ratokkal Finnorsz\u00e1g sv\u00e9d uralom al\u00e1 ker\u00fclt, ez a kapcsolat a 19. sz\u00e1zadig tartott. Az 1808\u20131809-es finn h\u00e1bor\u00fa Oroszorsz\u00e1gnak adta \u00e1t a szuverenit\u00e1st, de a nagyhercegs\u00e9g alatt Finnorsz\u00e1g \u00e1polta nyelv\u00e9t \u00e9s m\u0171v\u00e9szeteit, felsz\u00edtva a nacionalizmus korai parazs\u00e1t. Helsinki, amelyet 1812-ben f\u0151v\u00e1ross\u00e1 emeltek, a polg\u00e1ri t\u00f6rekv\u00e9sek k\u00f6zpontj\u00e1v\u00e1 v\u00e1lt, amely 1906-ban Eur\u00f3pa els\u0151 \u00e1ltal\u00e1nos v\u00e1laszt\u00f3jog\u00e1ban cs\u00facsosodott ki \u2013 a politikai jogok p\u00e9ld\u00e1tlan megad\u00e1s\u00e1ban, amely mag\u00e1ban foglalta a k\u00f6zhivatal\u00e9rt val\u00f3 indul\u00e1s jog\u00e1t is.<\/p>\n<p>A f\u00fcggetlens\u00e9g az 1917-es felfordul\u00e1sok k\u00f6zepette \u00e9rkezett el, \u00e9s egy r\u00f6vid polg\u00e1rh\u00e1bor\u00fa 1918-ban meger\u0151s\u00edtette a k\u00f6zt\u00e1rsas\u00e1g ir\u00e1ny\u00e1t. Finnorsz\u00e1g a 20. sz\u00e1zadba egy kis \u00e1llamk\u00e9nt l\u00e9pett be, hatalmas hat\u00e1rvid\u00e9ken, meg\u0151rizve demokr\u00e1ci\u00e1j\u00e1t m\u00e9g akkor is, amikor az 1939\u20131940-es t\u00e9li h\u00e1bor\u00faban, majd a folytat\u00f3lagos h\u00e1bor\u00faban a Szovjetuni\u00f3val szembes\u00fclt. A lappf\u00f6ldi n\u00e9met er\u0151k elleni utols\u00f3 konfliktus pecs\u00e9telte meg Finnorsz\u00e1g semlegess\u00e9g\u00e9t \u00e9s keleti ter\u00fcleti vesztes\u00e9geit, a demokr\u00e1cia \u00e9s a nemzeti koh\u00e9zi\u00f3 m\u00e9gis fennmaradt. A h\u00e1bor\u00fa ut\u00e1ni \u00e9vtizedekben az agr\u00e1rt\u00e1rsadalom gyorsan \u00e1talakult. Az 1950-es \u00e9vekre az iparosod\u00e1s \u00e9s az \u00e9szaki j\u00f3l\u00e9ti modell \u00e1tv\u00e9tele megalapozta az egy f\u0151re jut\u00f3 j\u00f6vedelem n\u00f6veked\u00e9s\u00e9t \u00e9s az \u00e1tfog\u00f3 szoci\u00e1lis biztons\u00e1gi h\u00e1l\u00f3 ki\u00e9p\u00edt\u00e9s\u00e9t. Ma Finnorsz\u00e1g gazdas\u00e1ga vir\u00e1gzik az Eur\u00f3pai Uni\u00f3ban, 1999 \u00f3ta az eur\u00f3\u00f6vezeten bel\u00fcl, 2023 \u00f3ta pedig NATO-tagk\u00e9nt, kiemelked\u0151 oktat\u00e1si eredm\u00e9nyekkel, polg\u00e1ri szabads\u00e1gjogokkal \u00e9s emberi fejl\u0151d\u00e9ssel jellemezhet\u0151.<\/p>\n<p>K\u00f6zigazgat\u00e1silag a k\u00f6zt\u00e1rsas\u00e1g tizenkilenc r\u00e9gi\u00f3b\u00f3l \u00e1ll, amelyeket \u00f6nkorm\u00e1nyzati k\u00e9pvisel\u0151k tan\u00e1csai ir\u00e1ny\u00edtanak. Ezek a test\u00fcletek koordin\u00e1lj\u00e1k a tervez\u00e9st, a v\u00e1llalkoz\u00e1sfejleszt\u00e9st \u00e9s az oktat\u00e1st, m\u00edg az \u00e1llami Foglalkoztat\u00e1si \u00e9s Gazdas\u00e1gfejleszt\u00e9si K\u00f6zpontok megyei szinten fel\u00fcgyelik a munkaer\u0151t, a mez\u0151gazdas\u00e1got, a hal\u00e1szatot \u00e9s az erd\u0151gazd\u00e1lkod\u00e1st. A t\u00f6rt\u00e9nelmi tartom\u00e1nyok \u2013 Tavasztia, Kar\u00e9lia, Ostrobothnia \u00e9s Savonia \u2013 tov\u00e1bbra is helyi identit\u00e1sban \u00e9lnek, de a hivatalos feloszt\u00e1sok ma m\u00e1r pragmatikus ir\u00e1ny\u00edt\u00e1si vonalat k\u00f6vetnek. Finnorsz\u00e1g egy f\u0151re jut\u00f3 nomin\u00e1lis GDP-je glob\u00e1lisan a fels\u0151 szegmensbe tartozik; a szolg\u00e1ltat\u00e1sok a termel\u00e9s k\u00e9tharmad\u00e1t, a feldolgoz\u00f3ipar \u00e9s a finom\u00edt\u00e1s valamivel kevesebb, mint egyharmad\u00e1t, az els\u0151dleges termel\u00e9s pedig h\u00e1rom sz\u00e1zal\u00e9k alatti. Az elektronika, a f\u00e9mterm\u00e9kek, az erd\u0151alap\u00fa ipar\u00e1gak \u00e9s a vegyipar r\u00e9g\u00f3ta az exportvez\u00e9relt n\u00f6veked\u00e9s alapj\u00e1t k\u00e9pezik, m\u00edg az innov\u00e1ci\u00f3s indexek Finnorsz\u00e1got folyamatosan a vil\u00e1g t\u00edz legjobbja k\u00f6z\u00e9 sorolj\u00e1k.<\/p>\n<p>A term\u00e9szeti er\u0151forr\u00e1sok tov\u00e1bbra is k\u00f6zponti szerepet j\u00e1tszanak. Az erd\u0151k a ter\u00fclet h\u00e1romnegyed\u00e9t bor\u00edtj\u00e1k, el\u0151seg\u00edtve Eur\u00f3pa legnagyobb fakitermel\u00e9s\u00e9t, \u00e9s ell\u00e1tva cellul\u00f3z- \u00e9s pap\u00edrgy\u00e1rakat mind a hazai v\u00e1llalkoz\u00e1sok, mind a nemzetk\u00f6zi piacok sz\u00e1m\u00e1ra. Az \u00e1sv\u00e1nyokat \u2013 vasat, kr\u00f3mot, rezet, nikkelt \u00e9s aranyat \u2013 \u00c9szak-Lappf\u00f6ld Kittil\u00e4 b\u00e1ny\u00e1j\u00e1nak csillog\u00f3 vizei mellett termelik ki, amely Eur\u00f3pa legfontosabb aranylel\u0151helye. A sz\u00e9less\u00e9gi fok \u00e9s a talaj \u00e1ltal korl\u00e1tozott mez\u0151gazdas\u00e1g csak a legd\u00e9lebbi ter\u00fcleteket foglalja el; a finn gazd\u00e1k a r\u00f6vid teny\u00e9szid\u0151szakkal k\u00fczdenek, gyorsan \u00e9r\u0151 fajt\u00e1kat, d\u00e9li fekv\u00e9s\u0171 lejt\u0151ket \u00e9s apr\u00f3l\u00e9kos v\u00edzelvezet\u00e9st alkalmazva a hozamok biztos\u00edt\u00e1sa \u00e9rdek\u00e9ben. Az eredm\u00e9ny egy olyan hat\u00e9konys\u00e1gi szint, amely ritka az ilyen sz\u00e9less\u00e9gi fokokon, a gabonatermeszt\u00e9s \u00e9szakon az \u00e1llatteny\u00e9szt\u00e9snek ad helyet.<\/p>\n<p>Az infrastrukt\u00fara hatalmas tereket k\u00f6t \u00f6ssze. A Helsinki rep\u00fcl\u0151t\u00e9r 2023-ban t\u00f6bb mint tizen\u00f6tmilli\u00f3 utast szolg\u00e1lt ki, a Finnair \u00e9s a region\u00e1lis l\u00e9git\u00e1rsas\u00e1gok csom\u00f3pontjak\u00e9nt egyar\u00e1nt. Az \u00e1llami k\u00f6lts\u00e9gen fenntartott vas\u00fatvonalak t\u00f6bb mint nyolcsz\u00e1z kilom\u00e9teren \u00e1t h\u00faz\u00f3dnak a finn f\u0151vonal ment\u00e9n, a VR Group pedig fel\u00fcgyeli a szem\u00e9ly- \u00e9s \u00e1rusz\u00e1ll\u00edt\u00e1st. Helsinki b\u00fcszk\u00e9lkedhet a vil\u00e1g leg\u00e9szakibb metr\u00f3h\u00e1l\u00f3zat\u00e1val, amelyet 1982-ben avattak fel. A k\u00f6zutak \u2013 k\u00f6zt\u00fck a turkui, a tamperei \u00e9s a lahti aut\u00f3p\u00e1ly\u00e1k \u2013 bonyol\u00edtj\u00e1k le a bels\u0151 k\u00f6zleked\u00e9s nagy r\u00e9sz\u00e9t, amelyet els\u0151sorban a j\u00e1rm\u0171- \u00e9s \u00fczemanyagad\u00f3k finansz\u00edroznak. A tengeri f\u0151utak b\u0151velkednek: a Vuosaari, Kotka, Hanko \u00e9s m\u00e1s kik\u00f6t\u0151k kont\u00e9nereket \u00e9s \u00f6mlesztett rakom\u00e1nyokat sz\u00e1ll\u00edtanak, m\u00edg a kompok r\u00f6vid t\u00e1vols\u00e1gokat tesznek meg Tallinnba, Mariehamnba, Stockholmba \u00e9s Travem\u00fcnd\u00e9be, a Helsinki-Tallinn \u00e1tkel\u0151 a vil\u00e1g legforgalmasabb szem\u00e9lysz\u00e1ll\u00edt\u00f3 \u00fatvonalai k\u00f6z\u00e9 tartozik.<\/p>\n<p>A turizmus t\u00f6bb milli\u00e1rd eur\u00f3s ipar\u00e1gg\u00e1 n\u0151tte ki mag\u00e1t. Belf\u00f6ldi \u00e9s k\u00fclf\u00f6ldi vend\u00e9gek egyar\u00e1nt \u00f6z\u00f6nlenek Lappf\u00f6ldre a sarki f\u00e9ny \u00e9s az \u00e9jf\u00e9li nap miatt, a t\u00e9li sportok, valamint a Mikul\u00e1s legend\u00e1ja miatt, akinek n\u00e9vad\u00f3 faluja Rovaniemiben eg\u00e9sz \u00e9vben fenntartja az \u00e9rdekl\u0151d\u00e9st. A levi, rukai \u00e9s yll\u00e4si s\u00edterepek olyan lejt\u0151kre cs\u00e1b\u00edtj\u00e1k az utaz\u00f3kat, amelyekre \u00e9vtizedekkel ezel\u0151tt m\u00e9g arany\u00e1s\u00f3 helyekk\u00e9nt eml\u00e9keznek. A d\u00e9li partok ment\u00e9n olyan nemzeti parkok, mint a Koli, a Nuuksio \u00e9s a Szigetvil\u00e1g, m\u00e9rs\u00e9kelt \u00e9ghajlati \u00f6vezetben k\u00edn\u00e1lnak mened\u00e9ket: t\u00far\u00e1z\u00e1st, kajakoz\u00e1st \u00e9s mad\u00e1rmegfigyel\u00e9st, amit a vad\u00e1szat kev\u00e9sb\u00e9 elterjedt id\u0151t\u00f6lt\u00e9se ellens\u00falyoz. A v\u00e1rosok maguk is vonzz\u00e1k a t\u00f6megeket: Helsinki a sz\u00e9kesegyh\u00e1z\u00e1\u00e9rt \u00e9s sziget er\u0151d\u00edtm\u00e9ny\u00e9\u00e9rt, a Suomenlinna\u00e9rt; Turku a k\u00f6z\u00e9pkori romok\u00e9rt \u00e9s egyh\u00e1zi \u00f6r\u00f6ks\u00e9g\u00e9\u00e9rt; Rauma a fav\u00e1ros\u00e1\u00e9rt, amely az UNESCO Vil\u00e1g\u00f6r\u00f6ks\u00e9g r\u00e9sze; Savonlinna a t\u00f3parti falvak k\u00f6z\u00f6tt tal\u00e1lhat\u00f3 oper\u00e1\u00e9rt.<\/p>\n<p>Demogr\u00e1fiailag Finnorsz\u00e1g egyszerre koncentr\u00e1lt \u00e9s sz\u00e9tsz\u00f3rt. D\u00e9len \u00e9l minden negyedik polg\u00e1r, a Helsinki agglomer\u00e1ci\u00f3 \u2013 Helsinki, Espoo \u00e9s Vantaa \u2013 domin\u00e1l. Cs\u00f6kken\u0151 sorrendben Tampere, Turku, Oulu, Jyv\u00e4skyl\u00e4, Kuopio \u00e9s Lahti k\u00f6vetik \u0151ket. A n\u00e9ps\u0171r\u0171s\u00e9g Eur\u00f3pa egyik legalacsonyabbja, a negyvenn\u00e9gy \u00e9ves medi\u00e1n \u00e9letkor pedig az el\u00f6reged\u0151 t\u00e1rsadalomra utal. A term\u00e9kenys\u00e9g, amely n\u0151nk\u00e9nt 1,26 sz\u00fclet\u00e9st jelent, tov\u00e1bbra sem \u00e9ri el a reprodukci\u00f3s szintet, m\u00e9g akkor sem, ha a bev\u00e1ndorl\u00e1s \u2013 f\u0151k\u00e9nt Oroszorsz\u00e1gb\u00f3l, \u00c9sztorsz\u00e1gb\u00f3l, Irakb\u00f3l, Szom\u00e1li\u00e1b\u00f3l, Ukrajn\u00e1b\u00f3l, K\u00edn\u00e1b\u00f3l \u00e9s Indi\u00e1b\u00f3l \u2013 t\u00f6bb mint tizenegy sz\u00e1zal\u00e9kra n\u00f6veli a k\u00fclf\u00f6ldi h\u00e1tter\u0171 lakosok sz\u00e1m\u00e1t. A jogi rendszer a jus sanguinis elvet k\u00f6veti, m\u00e9gis bizonyos, volt szovjet ter\u00fcletekr\u0151l sz\u00e1rmaz\u00f3 finnek megtartj\u00e1k a visszat\u00e9r\u00e9si jogukat.<\/p>\n<p>A finn nyelv t\u00fckr\u00f6zi r\u00e9tegzett t\u00f6rt\u00e9nelm\u00e9t. A finn, egy ur\u00e1li nyelv, amelyet az \u00e9szttel \u00e9s t\u00e1voli von\u00e1sokkal osztanak meg a magyarral, t\u00f6bb mint nyolcvann\u00e9gy sz\u00e1zal\u00e9kuk anyanyelve. A sv\u00e9d, amely egykor a k\u00f6zigazgat\u00e1s nyelve volt, tov\u00e1bbra is hivatalos nyelvk\u00e9nt m\u0171k\u00f6dik, \u00e9s \u00f6t sz\u00e1zal\u00e9kuk anyanyelve, k\u00fcl\u00f6n\u00f6sen a d\u00e9lnyugati partvid\u00e9ken \u00e9s \u00c5landon, egy demilitariz\u00e1lt, kiz\u00e1r\u00f3lag sv\u00e9d nyelven korm\u00e1nyzott szigetcsoporton. A romani \u00e9s a tat\u00e1r nyelv kis k\u00f6z\u00f6ss\u00e9gekben \u00e9l tov\u00e1bb, m\u00edg a finn \u00e9s a finn-sv\u00e9d jelnyelv alkotm\u00e1nyos elismer\u00e9st nyert. A sz\u00e1mi nyelvek az \u00c9szaki-sarkk\u00f6r\u00f6n t\u00fal is fennmaradtak az \u0151shonos sz\u00e1mi n\u00e9p k\u00f6r\u00e9ben, jogaikat m\u00e1s kisebbs\u00e9gekkel egy\u00fctt v\u00e9dik.<\/p>\n<p>A vall\u00e1s is fejl\u0151d\u00f6tt. Az Evang\u00e9likus Luther\u00e1nus Egyh\u00e1z 3,5 milli\u00f3 k\u00f6vet\u0151t sz\u00e1ml\u00e1l \u2013 a lakoss\u00e1g hatvank\u00e9t sz\u00e1zal\u00e9k\u00e1t \u2013, b\u00e1r ar\u00e1nya \u00e9vente cs\u00f6kken. A finnek negyede nem vall hovatartoz\u00e1st. Az ortodoxia tov\u00e1bbra is kis m\u00e9rt\u00e9kben k\u00e9pviselteti mag\u00e1t, \u00e9s m\u00e1s vall\u00e1sok, k\u00f6zt\u00fck az iszl\u00e1m, a judaizmus \u00e9s a katolicizmus egy\u00fcttesen kevesebb mint \u00f6t sz\u00e1zal\u00e9kot tesznek ki. A mindennapi \u00e9letben a vall\u00e1si betart\u00e1s m\u00e9rt\u00e9kletes, ritu\u00e1l\u00e9i gyakran priv\u00e1tok.<\/p>\n<p>A kultur\u00e1lis szok\u00e1sok a mindennapi rutinban vir\u00e1goznak. A szauna, egy g\u0151zzel f\u0171t\u00f6tt mened\u00e9khely, amelynek neve megel\u0151zi az \u00edrott t\u00f6rt\u00e9nelmet, minden otthonhoz \u00e9s lak\u00f3h\u00e1zhoz tartozik. A ny\u00e1rk\u00f6z\u00e9p \u00e9s a kar\u00e1csony k\u00f6z\u00f6ss\u00e9gi ritu\u00e1l\u00e9kat hoz: a h\u0151s\u00e9g \u00e9s a hideg v\u00e1ltakoz\u00e1s\u00e1t, ahol a szer\u00e9nys\u00e9g k\u00fcsz\u00f6bei ell\u00e1gyulnak, \u00e9s a t\u00e1rsadalmi rang elolvad az emelked\u0151 g\u0151zben. Az UNESCO a finn szaunakult\u00far\u00e1t szellemi \u00f6r\u00f6ks\u00e9gk\u00e9nt t\u00fcntette fel, bizony\u00edtva a nemzeti \u00e9rz\u00e9kenys\u00e9gben elfoglalt tart\u00f3s hely\u00e9t.<\/p>\n<p>A konyham\u0171v\u00e9szet egyens\u00falyt teremt a szigor\u00fa \u00e9s a tal\u00e1l\u00e9kony k\u00f6z\u00f6tt. A gy\u00f6k\u00e9rz\u00f6lds\u00e9gek, az \u00e1rpa, a zab \u00e9s a minden\u00fctt jelenl\u00e9v\u0151 burgonya alkotj\u00e1k a kem\u00e9ny\u00edt\u0151 alapj\u00e1t; az erdei bogy\u00f3s gy\u00fcm\u00f6lcs\u00f6k \u2013 \u00e1fonya, v\u00f6r\u00f6s\u00e1fonya, t\u00f6rpem\u00e1lna \u2013 savanyk\u00e1s \u00edzt k\u00f6lcs\u00f6n\u00f6znek a lekv\u00e1roknak \u00e9s desszerteknek. A hal, k\u00fcl\u00f6n\u00f6sen a lazac, f\u00fcst\u00f6lt, curry-s vagy vajas-p\u00e1rolt form\u00e1ban jelenik meg, m\u00edg a h\u00fasok \u2013 a rendezett adag r\u00e9nszarvas- vagy sert\u00e9sh\u00fas \u2013 a t\u00e9li lakom\u00e1kat er\u0151s\u00edtik. A tejterm\u00e9kek \u00e1lland\u00f3 szerepet j\u00e1tszanak: \u00edr\u00f3levesek, tejf\u00f6l\u00f6k, ferment\u00e1lt sajtok. A k\u00e1v\u00e9, amelynek fogyaszt\u00e1sa csak n\u00e9h\u00e1ny \u00e9szaki t\u00e1rsa ut\u00e1n k\u00f6vetkezik, sz\u00ednezi a napot, m\u00edg a tej, amely \u00e9vente t\u00f6bb mint sz\u00e1z litert fogyaszt fejenk\u00e9nt, az \u00e9szakiak frissess\u00e9g ir\u00e1nti vonzalm\u00e1t hangs\u00falyozza.<\/p>\n<p>A t\u00e1rsas\u00e1gi interakci\u00f3kban a finn illemszab\u00e1lyok a csendet komolys\u00e1gk\u00e9nt, a r\u00f6vids\u00e9get tiszteletk\u00e9nt \u00e9rt\u00e9kelik. A cseveg\u00e9s az egyeness\u00e9get v\u00e1ltja ki; az udvariass\u00e1g azt jelenti, hogy kimondjuk, amit gondolunk, semmi t\u00f6bbet. A pontoss\u00e1g a legfontosabb \u2013 t\u00edz perc is elv\u00e1laszthatja a t\u00fcrelmes v\u00e1rakoz\u00e1st az udvariatlans\u00e1g v\u00e9lelm\u00e9t\u0151l. A cip\u0151k udvariass\u00e1gb\u00f3l cs\u00fasznak le az ajt\u00f3kban a tiszta, sz\u00e1raz padl\u00f3ra. Az \u00f6lt\u00f6zk\u00f6d\u00e9s inform\u00e1lis marad; az \u00fczleti \u00f6lt\u00f6zet t\u00falz\u00e1s n\u00e9lk\u00fcl megfelel a nemzetk\u00f6zi norm\u00e1knak. A finnek m\u00e9rt\u00e9kkel, de \u0151szint\u00e9n mutatnak kedvess\u00e9get. Egy b\u00f3k, ha egyszer elmondj\u00e1k, s\u00falyt hordoz; egy bocs\u00e1natk\u00e9r\u00e9s, ha egyszer felaj\u00e1nlj\u00e1k, helyre\u00e1ll\u00edtja a rendet.<\/p>\n<p>Finnorsz\u00e1g ma olyan nemzetk\u00e9nt \u00e1ll, amely nyers f\u00f6ldrajz\u00e1t \u00e9s \u00f6sszetett t\u00f6rt\u00e9nelm\u00e9t felhaszn\u00e1lva egy vir\u00e1gz\u00f3 \u00e9s m\u00e9lt\u00e1nyos t\u00e1rsadalmat teremtett. A fenyvesekkel szeg\u00e9lyezett tavak csendes \u00f6lel\u00e9s\u00e9t\u0151l a rep\u00fcl\u0151terek \u00e9s technol\u00f3giai parkok z\u00fcmm\u00f6g\u00e9s\u00e9ig, az \u00e9szaki f\u00e9ny \u00fcnnep\u00e9lyes vibr\u00e1l\u00e1s\u00e1t\u00f3l a szauna meghitt ritu\u00e1l\u00e9j\u00e1ig Finnorsz\u00e1g elm\u00e9lked\u00e9sre cs\u00e1b\u00edt. Ez egy olyan hely, ahol az egyszer\u0171s\u00e9g m\u00e9lys\u00e9get fed fel, ahol a k\u00f6z\u00f6ss\u00e9g vir\u00e1gzik a szigor\u00fa \u00e9g alatt, \u00e9s ahol minden \u00e9vszak meg\u00edrja a saj\u00e1t t\u00f6rt\u00e9net\u00e9t a nyugodt vizek felsz\u00edn\u00e9n. Ennek az \u00e9szaki k\u00f6zt\u00e1rsas\u00e1gnak a folyamatos t\u00f6rt\u00e9net\u00e9ben a f\u00f6ld, a kult\u00fara \u00e9s a lelkiismeret k\u00f6lcs\u00f6nhat\u00e1sa egyszerre mot\u00edvum \u00e9s jelent\u00e9s, \u00f3vatos, figyelmes utaz\u00e1sra \u00f6szt\u00f6n\u00f6zve egy egyszerre v\u00e9dett \u00e9s felejthetetlen\u00fcl \u00e9l\u0151 f\u00f6ld\u00f6n kereszt\u00fcl.<\/p>","protected":false},"excerpt":{"rendered":"<p>Finnorsz\u00e1g, hivatalos nev\u00e9n Finn K\u00f6zt\u00e1rsas\u00e1g, egy \u00e9szak-eur\u00f3pai orsz\u00e1g, amely \u00c9szak-Eur\u00f3p\u00e1ban tal\u00e1lhat\u00f3, lakoss\u00e1ga meghaladja az 5,6 milli\u00f3 lakost. A Skandin\u00e1via \u00e9s Kelet-Eur\u00f3pa tal\u00e1lkoz\u00e1s\u00e1n\u00e1l elhelyezked\u0151 Finnorsz\u00e1g saj\u00e1tos f\u00f6ldrajzi \u00e9s kultur\u00e1lis poz\u00edci\u00f3val rendelkezik, amely befoly\u00e1solta t\u00f6rt\u00e9nelm\u00e9t, t\u00e1rsadalm\u00e1t \u00e9s nemzetk\u00f6zi st\u00e1tusz\u00e1t. Ez az erd\u0151kkel, tavakkal \u00e9s \u00e9szaki f\u00e9nyekkel jellemezhet\u0151 orsz\u00e1g 338 145 n\u00e9gyzetkilom\u00e9tert \u00f6lel fel, \u00edgy a ter\u00fclet a nyolcadik legnagyobb Eur\u00f3p\u00e1ban. Az orsz\u00e1g strat\u00e9giai helyzete \u2013 \u00e9szaknyugaton Sv\u00e9dorsz\u00e1g, \u00e9szakon Norv\u00e9gia \u00e9s keleten Oroszorsz\u00e1g mellett \u2013 kulcsfontoss\u00e1g\u00fa t\u00f6rt\u00e9nelmi evol\u00faci\u00f3j\u00e1ban \u00e9s jelenlegi geopolitikai jelent\u0151s\u00e9g\u00e9ben.<\/p>","protected":false},"author":1,"featured_media":3952,"parent":24078,"menu_order":0,"comment_status":"closed","ping_status":"closed","template":"elementor_theme","meta":{"_eb_attr":"","footnotes":""},"class_list":["post-13916","page","type-page","status-publish","has-post-thumbnail"],"_links":{"self":[{"href":"https:\/\/travelshelper.com\/hu\/wp-json\/wp\/v2\/pages\/13916","targetHints":{"allow":["GET"]}}],"collection":[{"href":"https:\/\/travelshelper.com\/hu\/wp-json\/wp\/v2\/pages"}],"about":[{"href":"https:\/\/travelshelper.com\/hu\/wp-json\/wp\/v2\/types\/page"}],"author":[{"embeddable":true,"href":"https:\/\/travelshelper.com\/hu\/wp-json\/wp\/v2\/users\/1"}],"replies":[{"embeddable":true,"href":"https:\/\/travelshelper.com\/hu\/wp-json\/wp\/v2\/comments?post=13916"}],"version-history":[{"count":0,"href":"https:\/\/travelshelper.com\/hu\/wp-json\/wp\/v2\/pages\/13916\/revisions"}],"up":[{"embeddable":true,"href":"https:\/\/travelshelper.com\/hu\/wp-json\/wp\/v2\/pages\/24078"}],"wp:featuredmedia":[{"embeddable":true,"href":"https:\/\/travelshelper.com\/hu\/wp-json\/wp\/v2\/media\/3952"}],"wp:attachment":[{"href":"https:\/\/travelshelper.com\/hu\/wp-json\/wp\/v2\/media?parent=13916"}],"curies":[{"name":"wp","href":"https:\/\/api.w.org\/{rel}","templated":true}]}}