{"id":13904,"date":"2024-09-18T13:30:03","date_gmt":"2024-09-18T13:30:03","guid":{"rendered":"https:\/\/travelshelper.com\/staging\/?page_id=13904"},"modified":"2026-03-12T00:15:30","modified_gmt":"2026-03-12T00:15:30","slug":"batumi","status":"publish","type":"page","link":"https:\/\/travelshelper.com\/hu\/destinations\/europe\/georgia\/batumi\/","title":{"rendered":"Batumi"},"content":{"rendered":"<p>Batumi, Gr\u00fazia m\u00e1sodik legnagyobb v\u00e1rosa \u00e9s az Adzs\u00e1riai Auton\u00f3m K\u00f6zt\u00e1rsas\u00e1g k\u00f6zigazgat\u00e1si k\u00f6zpontja, a Kauk\u00e1zus l\u00e1b\u00e1n\u00e1l, a Fekete-tenger partj\u00e1n fekszik. A 2014-es adatok szerint nagyj\u00e1b\u00f3l 153 000 lakos\u00fa v\u00e1ros egy karcs\u00fa tengerparti s\u00edks\u00e1gon fekszik, alig h\u00fasz kilom\u00e9terre \u00e9szakra a t\u00f6r\u00f6k \u200b\u200bhat\u00e1rt\u00f3l, \u00e9s egy olyan ter\u00fcletet \u00f6lel fel, amelyet egyszerre jellemez a szubtr\u00f3pusi p\u00e1ratartalom \u00e9s a modern kik\u00f6t\u0151v\u00e1rosok nyughatatlan energi\u00e1ja. A 19. sz\u00e1zad v\u00e9g\u00e9n egykor szer\u00e9ny, kevesebb mint 5000 lelket sz\u00e1ml\u00e1l\u00f3 kik\u00f6t\u0151v\u00e1ros, Batumi sokoldal\u00fa k\u00f6zpontt\u00e1 fejl\u0151d\u00f6tt, ahol a turizmus, a tengeri kereskedelem, a haj\u00f3gy\u00e1r, az \u00e9lelmiszer-feldolgoz\u00e1s, a k\u00f6nny\u0171ipar \u00e9s a vir\u00e1gz\u00f3 sz\u00f3rakoztat\u00f3ipar egy\u00fctt \u00e9l. 2010 \u00f3ta tart\u00f3 \u00e1talakul\u00e1sa, amelyet csillog\u00f3 felh\u0151karcol\u00f3k \u00e9s az \u00d3v\u00e1ros 19. sz\u00e1zadi homlokzatainak gondos restaur\u00e1l\u00e1sa jellemez, kiemeli az \u00f6r\u00f6ks\u00e9g \u00e9s az innov\u00e1ci\u00f3 szint\u00e9zis\u00e9t, amely mind a v\u00e1ros l\u00e1tk\u00e9p\u00e9t, mind kollekt\u00edv identit\u00e1s\u00e1t meghat\u00e1rozza.<\/p>\n<p>Batumi \u00e9ghajlata tart\u00f3s z\u00f6ldell\u00e9ssel ruh\u00e1zza fel. Gr\u00fazia \u2013 s\u0151t, az eg\u00e9sz Kauk\u00e1zus r\u00e9gi\u00f3 \u2013 legcsapad\u00e9kosabb v\u00e1rosak\u00e9nt Batumiban k\u00f6zel 2435 millim\u00e9ter csapad\u00e9k esik \u00e9vente. A felh\u0151s \u00e9gbolt az \u00e9v nagy r\u00e9sz\u00e9ben csapad\u00e9kot biztos\u00edt a k\u00f6zeli dombokr\u00f3l \u00e9rkez\u0151 domboldali emelked\u0151 hat\u00e1s\u00e1ra, m\u00edg a Fekete-tenger fel\u0151l f\u00faj\u00f3 sz\u00e1razf\u00f6ldi szell\u0151 m\u00e9rs\u00e9kli a sz\u00e9ls\u0151s\u00e9ges h\u0151m\u00e9rs\u00e9kleteket. Az \u00e1tlagos \u00e9ves h\u0151m\u00e9rs\u00e9klet k\u00f6r\u00fclbel\u00fcl tizenn\u00e9gy Celsius-fok, a janu\u00e1ri minimumok \u00f6t fok k\u00f6zel\u00e9ben, az augusztusi cs\u00facsok pedig huszonk\u00e9t fok k\u00f6r\u00fcl alakulnak. Alkalmank\u00e9nt -6 \u00b0C-ra is les\u00fcllyedhet a fagy, \u00e9s ritka h\u0151hull\u00e1mok eset\u00e9n a h\u0151m\u00e9rs\u00e9klet ak\u00e1r 40 \u00b0C fel\u00e9 is emelkedhet, ennek ellen\u00e9re a v\u00e1ros \u00e9vente mintegy 1958 naps\u00fct\u00e9ses \u00f3r\u00e1t \u00e9lvez. M\u00e9g t\u00e9len is csak kev\u00e9s h\u00f3 gy\u0171lik fel \u2013 a harminc centim\u00e9tern\u00e9l vastagabb h\u00f3takar\u00f3 ritkas\u00e1g \u2013, \u00e9s \u00e9vente \u00e1tlagosan tizenk\u00e9t napon m\u00falik a feh\u00e9r takar\u00f3. A relat\u00edv p\u00e1ratartalom jellemz\u0151en hetven \u00e9s nyolcvan sz\u00e1zal\u00e9k k\u00f6z\u00f6tt mozog, p\u00e1r\u00e1s \u00f6lel\u00e9sben tartva a sz\u00e1razf\u00f6ldet \u00e9s a tengert, amely fenntartja a buja kerteket \u00e9s a lombos sug\u00e1rutakat, amelyekr\u0151l Batumi h\u00edres.<\/p>\n<p>Batumi demogr\u00e1fiai \u00f6sszet\u00e9tele az id\u0151k sor\u00e1n dr\u00e1maian megv\u00e1ltozott. 1872-ben 4970 lakosa f\u0151k\u00e9nt muszlim adzs\u00e1riaiakb\u00f3l, t\u00f6r\u00f6k\u00f6kb\u0151l, cserkeszekb\u0151l \u00e9s abh\u00e1zokb\u00f3l \u00e1llt, sz\u00e1muk nagyj\u00e1b\u00f3l 4500 volt. Az 1897-es n\u00e9psz\u00e1ml\u00e1l\u00e1sra azonban egy n\u00f6vekv\u0151 ortodox kereszt\u00e9ny k\u00f6z\u00f6ss\u00e9g \u2013 nagyr\u00e9szt szl\u00e1v \u2013 15 495 f\u0151t sz\u00e1ml\u00e1lt, m\u00edg a muszlimok sz\u00e1ma alig haladta meg a 3100 f\u0151t. A mai lakoss\u00e1g t\u00falnyom\u00f3r\u00e9szt gr\u00faz ortodox, a keleti ortodox h\u00edv\u0151k a lakoss\u00e1g k\u00f6zel 69 sz\u00e1zal\u00e9k\u00e1t teszik ki, a muszlim kisebbs\u00e9g pedig jelent\u0151s, mintegy 25 sz\u00e1zal\u00e9kot tesz ki. Kis katolikus, \u00f6rm\u00e9ny apostoli, Jehova Tan\u00fai, hetednapi adventista \u00e9s zsid\u00f3 k\u00f6z\u00f6ss\u00e9gek is hozz\u00e1j\u00e1rulnak Batumi vall\u00e1si mozaikj\u00e1hoz, istentiszteleti helyeik \u2013 sz\u00e9kesegyh\u00e1zak, templomok, mecset \u00e9s zsinag\u00f3ga \u2013 a v\u00e1ros utc\u00e1it tark\u00edtj\u00e1k.<\/p>\n<p>A k\u00f6zleked\u00e9si h\u00e1l\u00f3zatok k\u00f6nny\u0171 hozz\u00e1f\u00e9r\u00e9st biztos\u00edtanak mind a lakosoknak, mind a l\u00e1togat\u00f3knak Batumiban \u00e9s azon t\u00fal. A v\u00e1ros sz\u00e1mos fekete-tengeri komp\u00fatvonal d\u00e9li v\u00e9g\u00e1llom\u00e1s\u00e1n\u00e1l fekszik, \u00e9s Gr\u00fazia h\u00e1rom nemzetk\u00f6zi rep\u00fcl\u0151ter\u00e9nek egyik\u00e9nek ad otthont. A modern elektromos buszok a legt\u00f6bb v\u00e1rosi f\u0151\u00faton k\u00f6zlekednek, a viteld\u00edjakat BATUMICARD t\u00f6megk\u00f6zleked\u00e9si k\u00e1rty\u00e1val vagy bankk\u00e1rty\u00e1val lehet fizetni, m\u00edg a fennmarad\u00f3 r\u00e9seket minibuszok \u00e9s taxik flott\u00e1ja t\u00f6lti ki. A b\u00e1trabbak sz\u00e1m\u00e1ra egy nyilv\u00e1nos ker\u00e9kp\u00e1rmegoszt\u00f3 rendszer \u2013 a BatumVelo \u2013 k\u00e9tkerek\u0171 mobilit\u00e1st k\u00edn\u00e1l utcai kioszkokon kereszt\u00fcl, amelyeket ugyanaz az intelligens k\u00e1rtyatechnol\u00f3gia aktiv\u00e1l. Egy k\u00e1belvas\u00fat emelkedik a k\u00f6zeli hegyl\u00e1bra, panor\u00e1m\u00e1s kil\u00e1t\u00e1shoz \u00e9s egy dombtet\u0151n l\u00e9v\u0151 \u00e9tteremhez sz\u00e1ll\u00edtva az utasokat; a parton egy panor\u00e1maker\u00e9k forog a l\u00e1tk\u00e9ppel szemben, h\u00e9tperces k\u00f6r\u00f6ket k\u00edn\u00e1lva t\u00edz lari\u00e9rt. Mindkett\u0151 eml\u00e9keztet arra, hogy Batumi infrastrukt\u00far\u00e1ja a mindennapi hasznoss\u00e1got a szabadid\u0151s l\u00e1tv\u00e1nyoss\u00e1ggal \u00f6tv\u00f6zi.<\/p>\n<p>A v\u00e1ros tengerparti sug\u00e1r\u00fatja t\u00f6bb kilom\u00e9teren \u00e1t h\u00faz\u00f3dik homok \u00e9s sug\u00e1r\u00fat k\u00f6z\u00f6tt, kilom\u00e9tereken \u00e1t vezetve a gyalogosokat a strandok, a lank\u00e1san hull\u00e1mz\u00f3 kik\u00f6t\u0151 \u00e9s a v\u00e1ros oszm\u00e1n kori \u00f3ratornya mellett. Nappal csal\u00e1dok \u00e9s napoz\u00f3k tark\u00edtj\u00e1k a homokot, m\u00edg alkonyat ut\u00e1n ugyanez a szakasz kedvelt c\u00e9lpontj\u00e1v\u00e1 v\u00e1lik a p\u00e1roknak, a b\u00e1rokba l\u00e1togat\u00f3knak \u00e9s azoknak, akik Batumi \u00e9jszakai \u00e9let\u00e9nek felfedez\u00e9s\u00e9re t\u00f6rekszenek. Az \u00fagynevezett \u201eFekete-tenger Las Vegasa\u201d elnevez\u00e9s nemcsak a sz\u00e1mos kaszin\u00f3ra utal, amelyekben a bel\u00e9p\u00e9si korhat\u00e1r huszonegy \u00e9v, hanem a k\u00f6zponti utc\u00e1kat szeg\u00e9lyez\u0151, magas t\u00e9tekkel teli asztalok \u00e9s nyer\u0151g\u00e9pek csillog\u00f3 homlokzataira is.<\/p>\n<p>A v\u00e1ros l\u00e1tnival\u00f3i azonban messze t\u00falmutatnak a j\u00e1t\u00e9ktermeken. \u00c9jszakai l\u00e1tv\u00e1nyoss\u00e1g bontakozik ki a zen\u00e9l\u0151 sz\u00f6k\u0151k\u00fatn\u00e1l, ahol a v\u00edzsugarak zenekari k\u00eds\u00e9rettel koreograf\u00e1lj\u00e1k az \u00edveket \u00e9s a permeteket. Az \u00f3r\u00e1nk\u00e9nti m\u0171sorok sor\u00e1n a sz\u00f6k\u0151kutak klasszikus \u00e9s modern dallamokra t\u00e1ncolnak, f\u00e9nyeik megcsillannak a lesz\u00e1ll\u00f3 alkonyatban. A szomsz\u00e9dos delfin\u00e1riumban a delfinek menetrend szerinti v\u00edzi bemutat\u00f3kat tartanak, ugr\u00e1saikat \u00e9s s\u00edpjaikat 16:00, 19:00 \u00e9s 21:00 \u00f3rakor id\u0151z\u00edtik; a jegyek \u00e1ra h\u00fasz \u00e9s huszon\u00f6t lari k\u00f6z\u00f6tt mozog. A tengerparti szikl\u00e1n fekv\u0151 Batumi Botanikus Kert hatalmas teraszokon szubtr\u00f3pusi n\u00f6v\u00e9nyeknek ad otthont; naponta reggel nyolct\u00f3l este kilencig a l\u00e1togat\u00f3k h\u00fasz lari d\u00edj ellen\u00e9ben \u00e1rny\u00e9kos \u00f6sv\u00e9nyeken barangolhatnak, \u00e9s tal\u00e1lkozhatnak mind az \u0151shonos, mind az egzotikus p\u00e9ld\u00e1nyokkal, amelyek a h\u0171v\u00f6s k\u00f6dben fejl\u0151dnek.<\/p>\n<p>A v\u00e1ros sz\u00edv\u00e9ben M\u00e9deia szobra tartja a mitikus Aranygyapj\u00fat, egy kort\u00e1rs jelk\u00e9pet, amely Iasz\u00f3n \u00e9s argonaut\u00e1i kolkhiszi \u00fatj\u00e1ra eml\u00e9keztet. Bronz k\u00f6rvonalai az ir\u00e1ni \u00e9s azerbajdzs\u00e1ni konzul\u00e1tusok k\u00f6zel\u00e9ben \u00e1llnak, tan\u00fabizonys\u00e1got t\u00e9ve a r\u00e9gi\u00f3 soksz\u00edn\u0171 t\u00f6rt\u00e9nelm\u00e9r\u0151l. A k\u00f6zelben tal\u00e1lhat\u00f3 az Istensz\u00fcl\u0151-sz\u00e9kesegyh\u00e1z, amelyet a gr\u00faz ortodoxok \u00e9gisze alatt szenteltek fel, \u00e9s a Szentl\u00e9lek r\u00f3mai katolikus temploma olyan gy\u00fclekezeteket szolg\u00e1l ki, amelyek hovatartoz\u00e1sa meghazudtolja a tengerparti v\u00e1ros mulatoz\u00e1si h\u00edrnev\u00e9t. Vel\u00fck szemben \u00e1ll a R\u00e9gi Mecset 1866-b\u00f3l sz\u00e1rmazik, festett kupol\u00e1ja l\u00e1that\u00f3 a partr\u00f3l, m\u00edg egy kicsi, de akt\u00edv zsinag\u00f3ga fogadja Batumi zsid\u00f3 k\u00f6z\u00f6ss\u00e9g\u00e9nek h\u00edv\u00e1sait.<\/p>\n<p>A kultur\u00e1lis int\u00e9zm\u00e9nyek tov\u00e1bbi ablakokat nyitnak a v\u00e1ros lelk\u00e9re. Az Ilia Chavchavadze utc\u00e1n tal\u00e1lhat\u00f3 egyszer\u0171 R\u00e9g\u00e9szeti M\u00fazeum helyi t\u00e1rgyakat \u2013 bronzed\u00e9nyeket, r\u00f3mai \u00e9rm\u00e9ket, klasszikus v\u00e1z\u00e1kat \u2013 mutat be tompa f\u00e9nyben, szem\u00e9lyzete foly\u00e9konyan besz\u00e9l gr\u00fazul, oroszul \u00e9s angolul. A Gorgiladze utca t\u00faloldal\u00e1n tal\u00e1lhat\u00f3 az Adzsaria M\u0171v\u00e9szeti M\u00fazeum, amely gr\u00faz \u00e9s k\u00fclf\u00f6ldi festm\u00e9nyeket, szobrokat \u00e9s d\u00edsz\u00edt\u0151m\u0171v\u00e9szeti alkot\u00e1sokat \u00e1ll\u00edt ki. Az ipari \u00f6r\u00f6ks\u00e9g ir\u00e1nt \u00e9rdekl\u0151d\u0151k sz\u00e1m\u00e1ra a Nobel Testv\u00e9rek Batumi Technol\u00f3giai M\u00fazeuma a Nobel, Rothschild \u00e9s Mantashev csal\u00e1dok 19. sz\u00e1zad v\u00e9gi \u00e9s 20. sz\u00e1zad eleji \u00f6r\u00f6ks\u00e9g\u00e9t mutatja be; korai olajkitermel\u0151 g\u00e9pek \u00e9s szabadalmi modellek ki\u00e1ll\u00edt\u00e1saira sz\u00e1m\u00edthatnak. Egy kev\u00e9sb\u00e9 ismert gy\u00f6ngyszem, a Khariton Akhvlediani M\u00fazeum az i. e. 11. sz\u00e1zadb\u00f3l sz\u00e1rmaz\u00f3 t\u00e1rgyakat \u0151rzi, szer\u00e9ny termei bepillant\u00e1st engednek Gr\u00fazia \u0151skori m\u00faltj\u00e1ba.<\/p>\n<p>A v\u00e1ros hat\u00e1rain t\u00fal sz\u00e1mos kir\u00e1ndul\u00e1si lehet\u0151s\u00e9g k\u00edn\u00e1lkozik Adzs\u00e1ria belsej\u00e9be. Egy busz\u00fat Ked\u00e1ba \u00e9s egy r\u00f6vid t\u00fara sor\u00e1n felbukkan a Makhuntseti h\u00edd, egy k\u0151\u00edv, amely egy j\u00e1de foly\u00f3 felett \u00edvel \u00e1t a z\u00fag\u00f3 v\u00edzes\u00e9sek felett. A helyiek ny\u00e1ri napokon leugr\u00e1lnak r\u00f3la, m\u00edg az \u00f3vatosabb l\u00e1togat\u00f3k egy n\u00e9gy-hat \u00f3r\u00e1s hegyi k\u00f6rt k\u00f6vetnek, amely a kaszk\u00e1d m\u00f6g\u00f6tt emelkedik fel, \u00e9s erd\u0151s lejt\u0151k\u00f6n t\u00e9r vissza. Ugyanilyen hangulatosak a Gonio er\u0151d romjai, egy r\u00f3mai-biz\u00e1nci er\u0151d\u00edtm\u00e9ny a partvonal sz\u00e9l\u00e9n, Tsikhisdziti k\u00f6zel\u00e9ben, ahol a Tbiliszi t\u00e9rr\u0151l indul\u00f3 buszj\u00e1rattal a l\u00e1togat\u00f3k az id\u0151j\u00e1r\u00e1s viszontags\u00e1gait\u00f3l megviselt b\u00e1sty\u00e1kn\u00e1l tal\u00e1lj\u00e1k magukat; szer\u00e9ny bel\u00e9p\u0151d\u00edj ellen\u00e9ben a l\u00e1togat\u00f3k v\u00e9gigk\u00f6vethetik a b\u00e1sty\u00e1kat, \u00e9s a Fekete-tenger horizontj\u00e1n \u00e1ttekinthetnek. A Petra er\u0151d, egy kora k\u00f6z\u00e9pkori komplexum n\u00e9h\u00e1ny kilom\u00e9terre a sz\u00e1razf\u00f6ld belsej\u00e9ben, omladoz\u00f3 falak \u00e9s olajfaligetek felfedez\u00e9s\u00e9re cs\u00e1b\u00edt. Az \u00e9szakon fekv\u0151 Chakvistavi Nemzeti Park magaslati \u00f6sv\u00e9nyeket nyit szubtr\u00f3pusi, m\u00e9rs\u00e9kelt \u00e9s alpesi \u00f6vezeteken kereszt\u00fcl, jelzett \u00fatvonala forr\u00e1sokat \u00e9s kempingeket, ereklyekunyh\u00f3kat \u00e9s endemikus vadvil\u00e1g bepillant\u00e1s\u00e1t k\u00edn\u00e1lja. A helyiek \u00e1ltal K\u00e9t Hegy T\u00fara\u00fatvonalk\u00e9nt ismert kieg\u00e9sz\u00edt\u0151 \u00f6sv\u00e9nyek a kitaposott \u00f6sv\u00e9nyekt\u0151l elt\u00e9r\u0151 gerinceken haladnak \u00e1t, koordin\u00e1t\u00e1ik online el\u00e9rhet\u0151k a j\u00f3l felk\u00e9sz\u00fclt t\u00far\u00e1z\u00f3k sz\u00e1m\u00e1ra.<\/p>\n<p>Batumi piacain is pezseg az \u00e9let. A Csavcsavadze utca ment\u00e9n tal\u00e1lhat\u00f3 szabadt\u00e9ri t\u00e9r z\u00f6lds\u00e9gekkel, gabonaf\u00e9l\u00e9kkel \u00e9s egy\u00e9b \u00e1rucikkekkel van tele, ahol az \u00e1rusok es\u0151 eset\u00e9n naperny\u0151k al\u00e1 pakolj\u00e1k a term\u00e9nyeiket. A v\u00e1ros k\u00fcl\u00f6nb\u00f6z\u0151 r\u00e9szein fedett alternat\u00edv\u00e1k tal\u00e1lhat\u00f3k, gyakran region\u00e1lis specialit\u00e1sokat k\u00edn\u00e1lva valamivel magasabb \u00e1ron. A szupermarketek \u2013 a Goodwill a k\u00f6zponti sug\u00e1r\u00faton, a Carrefour a Black Sea Mallban, a Metro City Forum a Lech \u00e9s a Maria Kaczynski utc\u00e1ban, valamint a hazai Nikora \u00e1ruh\u00e1zl\u00e1nc \u2013 a nemzetk\u00f6zi kereskedelemre utalnak: a n\u00e9metorsz\u00e1gi palackozott term\u00e9kek a helyi sajtok mellett szerepelnek, a csomagolt importterm\u00e9kek pedig a hagyom\u00e1nyos alap\u00e9lelmiszerek mellett kaphat\u00f3k.<\/p>\n<p>A r\u00e9gi \u00e9s az \u00faj tal\u00e1lkoz\u00e1sa Batumi gasztron\u00f3miai t\u00e1jk\u00e9p\u00e9re is kiterjed. Az ajariai khachapuri, a r\u00e9gi\u00f3 emblematikus, sajttal t\u00f6lt\u00f6tt kenyere, amely nyitott haj\u00f3 alak\u00fa \u00e9s toj\u00e1ss\u00e1rg\u00e1j\u00e1val van koron\u00e1zva, szinte minden p\u00e9ks\u00e9gben \u00e9s k\u00e1v\u00e9z\u00f3ban megtal\u00e1lhat\u00f3. A lobiani, a vesebabp\u00fcr\u00e9vel t\u00f6lt\u00f6tt t\u00e9szta veg\u00e1n alternat\u00edv\u00e1t k\u00edn\u00e1l; a h\u00e1romsz\u00f6g alak\u00fa, leveles t\u00e9szt\u00e1j\u00fa v\u00e1ltozatok alig t\u00f6bb mint egy lari\u00e9rt kaphat\u00f3k, a f\u0151bb keresztez\u0151d\u00e9sek elrejtett p\u00e9ks\u00e9geib\u0151l ker\u00fclnek el\u0151. Ha mag\u00e1val ragad\u00f3bb kulin\u00e1ris \u00e9lm\u00e9nyre v\u00e1gyik, a rakpartok melletti halpiac friss fog\u00e1st k\u00edn\u00e1l, kilogrammonk\u00e9nt h\u00fasz-harminc lari\u00e9rt; a vend\u00e9gek kis d\u00edj ellen\u00e9ben helysz\u00edni elk\u00e9sz\u00edt\u00e9sr\u0151l is gondoskodhatnak, biztos\u00edtva ezzel az autentikuss\u00e1got \u00e9s a gazdas\u00e1goss\u00e1got.<\/p>\n<p>A sz\u00f3rakoz\u00e1si lehet\u0151s\u00e9gek a kulin\u00e1ris \u00e9lvezeteken t\u00fal is b\u0151ven akadnak. A k\u00f6r\u00faton a panor\u00e1maker\u00e9k k\u00f6zel\u00e9b\u0151l haj\u00f3kir\u00e1ndul\u00e1sok \u00e9s jachtb\u00e9rl\u00e9si lehet\u0151s\u00e9gek indulnak, amelyek tizen\u00f6t lari\u00e9rt \u00e9s feljebb kalauzolj\u00e1k az utasokat az \u00f6bl\u00f6n \u00e1t. A csal\u00e1dok a Nurigeli-t\u00f3 k\u00f6r\u00fcli 6. M\u00e1jus Parkban gy\u0171lnek \u00f6ssze, b\u00e1r a megfigyel\u0151k megjegyzik, hogy a kis \u00e1llatkerti ter\u00fclet gyakran elmarad a modern sz\u00ednvonalt\u00f3l. A sport\u00e9let az FC Dinamo Batumi k\u00f6r\u00fcl pezseg, amelynek Adjarabet Ar\u00e9n\u00e1ja h\u00faszezer n\u00e9z\u0151t fogad bajnoki m\u00e9rk\u0151z\u00e9sekre \u00e9s helyi rendezv\u00e9nyekre. A v\u00e1ros minden j\u00faliusban jazzfesztiv\u00e1lt rendez, ahol nemzetk\u00f6zi \u00e9s gr\u00faz zen\u00e9szek tal\u00e1lkoznak n\u00e9gynapos szabadt\u00e9ri koncerteken.<\/p>\n<p>A v\u00edzi kikapcsol\u00f3d\u00e1st a Khimshiashvili negyedben tal\u00e1lhat\u00f3 v\u00edzipark \u00e9s a Batumi Plaza Hotelben tal\u00e1lhat\u00f3 olimpiai m\u00e9ret\u0171 medence teszi lehet\u0151v\u00e9, mindkett\u0151 mened\u00e9ket ny\u00fajt a ny\u00e1ri h\u0151s\u00e9g el\u0151l. A sz\u00ednh\u00e1zak \u2013 k\u00f6zt\u00fck a Rusztaveli sug\u00e1r\u00faton tal\u00e1lhat\u00f3 Batumi Dr\u00e1masz\u00ednh\u00e1z \u00e9s az Abasidze sug\u00e1r\u00faton tal\u00e1lhat\u00f3 B\u00e1b- \u00e9s Ifj\u00fas\u00e1gi \u00c1llami Sz\u00ednh\u00e1z \u2013 olyan el\u0151ad\u00e1sokat tartanak fenn, amelyek gr\u00faz klasszikusokat \u00e9s kort\u00e1rs m\u0171veket \u00f6tv\u00f6znek. Az \u00e9jszakai \u00e9let tov\u00e1bbi lend\u00fcletet kap, amikor nemzetk\u00f6zi DJ-k j\u00e1tszanak a tengerparti platformokon, vonzva az oroszok, \u00f6rm\u00e9nyek, azerbajdzs\u00e1nok, ir\u00e1niak, t\u00f6r\u00f6k\u00f6k, hollandok, n\u00e9metek \u00e9s a vend\u00e9gl\u00e1t\u00f3 nemzet gr\u00fazjainak interkultur\u00e1lis k\u00f6z\u00f6ns\u00e9g\u00e9t.<\/p>\n<p>Batumi kik\u00f6t\u0151je nemcsak a hal\u00e1szflott\u00e1kat \u00e9s a kedvtel\u00e9si c\u00e9l\u00fa haj\u00f3kat szolg\u00e1lja ki, hanem kulcsszerepet j\u00e1tszik K\u00edna \u00e1ltal elk\u00e9pzelt Eur\u00e1zsiai Sz\u00e1razf\u00f6ldi H\u00eddban is, amely Azerbajdzs\u00e1non \u00e9s a Kaszpi-tengeren kereszt\u00fcl \u00f6sszek\u00f6ti a v\u00e1rost a keleti \u00e1rufuvaroz\u00e1si folyos\u00f3kkal, valamint a Fekete-tengeren \u00e1t komppal Ukrajna \u00e9s onnan tov\u00e1bb az eur\u00f3pai piacok fel\u00e9. Ez a strat\u00e9giai dimenzi\u00f3 hangs\u00falyozza Batumi hely\u00e9t a kereskedelem \u00e9s a kult\u00fara metsz\u00e9spontj\u00e1ban, egy olyan v\u00e1rosban, ahol a t\u00f6rt\u00e9nelmi \u00f6r\u00f6ks\u00e9g \u00e9s a glob\u00e1lis amb\u00edci\u00f3k egy keskeny partszakaszon \u00e9lnek egy\u00fctt.<\/p>\n<p>A mulatoz\u00e1sr\u00f3l sz\u00f3l\u00f3 h\u00edrneve ellen\u00e9re Batumi viszonylag biztons\u00e1gosnak mondhat\u00f3. A forgalom a nagyobb f\u0151v\u00e1rosokhoz szokottak sz\u00e1m\u00e1ra szokatlan visszafogotts\u00e1ggal halad, mik\u00f6zben a b\u0171n\u00fcld\u00f6z\u0151 szervek l\u00e1that\u00f3 jelenl\u00e9tet biztos\u00edtanak, amely alkalmazkodik a l\u00e1togat\u00f3k folyamatos be\u00e1raml\u00e1s\u00e1hoz. Az utcai koldusok, gyakran nagyon kisgyermekekkel, csoportosan k\u00f6zeledhetnek Batumi Piazza d\u00e9li r\u00e9sz\u00e9n, ami fokozott \u00e9bers\u00e9get tesz sz\u00fcks\u00e9gess\u00e9 a zsebtolvajl\u00e1s elker\u00fcl\u00e9se \u00e9rdek\u00e9ben. Ez az \u00f3vatoss\u00e1g azonban ritk\u00e1n cs\u00f6kkenti a v\u00e1ros vonzerej\u00e9t, mivel Batumi mind a k\u00edv\u00e1ncsis\u00e1got, mind a gondos megfigyel\u00e9st jutalmazza: egy olyan hely, ahol a szubtr\u00f3pusi es\u0151z\u00e9sek rejtett kerteket \u00e9bresztenek fel, ahol zsinag\u00f3g\u00e1k, mecsetek \u00e9s templomok \u00e1llnak ki\u00e1lt\u00e1si t\u00e1vols\u00e1gon bel\u00fcl, \u00e9s ahol a modern felh\u0151karcol\u00f3k \u00e1radata a sz\u00e9leken visszah\u00faz\u00f3dik, felt\u00e1rva az er\u0151d romjait, az erdei \u00f6sv\u00e9nyeket \u00e9s a Fekete-tenger hull\u00e1mainak v\u00e9gtelen \u00f6rv\u00e9ny\u00e9t.<\/p>\n<p>\u00d6sszefoglalva, Batumi a kontrasztok \u00e9s a folytonoss\u00e1gok v\u00e1rosak\u00e9nt jelenik meg \u2013 a tenger \u00e9s a hegy, az \u00f3kor \u00e9s az avantg\u00e1rd, a hagyom\u00e1ny \u00e9s az \u00e1talakul\u00e1s tal\u00e1lkoz\u00e1si pontjak\u00e9nt. Terei arra h\u00edvj\u00e1k az utaz\u00f3t, hogy megfigyelje a f\u00e9ny k\u00f6lcs\u00f6nhat\u00e1s\u00e1t a nedves j\u00e1rd\u00e1n, megk\u00f3stolja a toj\u00e1ss\u00e1rg\u00e1j\u00e1ban megolvadt \u00e9s \u00e9vsz\u00e1zados szok\u00e1sok \u00e1ltal form\u00e1lt sajtokat, \u00e9s hogy botanikai teraszokon \u00e9s k\u00f6z\u00e9pkori b\u00e1sty\u00e1kon egyar\u00e1nt felfedezze az \u00fatvonalakat. Ezekben a r\u00e9tegzett \u00e9lm\u00e9nyekben, t\u00e1vol a sablonos \u00fatik\u00f6nyvekt\u0151l, t\u00e1rul fel Batumi egyszerre jellege \u00e9s \u00edg\u00e9rete.<\/p>","protected":false},"excerpt":{"rendered":"<p>Batumi, Georgia m\u00e1sodik legnagyobb v\u00e1rosa, egy dinamikus tengerparti metropolisz a Fekete-tenger keleti partj\u00e1n. A t\u00f6bb mint 169 000 lakost sz\u00e1ml\u00e1l\u00f3 v\u00e1ros az Adjarai Auton\u00f3m K\u00f6zt\u00e1rsas\u00e1g f\u0151v\u00e1rosak\u00e9nt m\u0171k\u00f6dik, 20 kilom\u00e9terre \u00e9szakra a t\u00f6r\u00f6k \u200b\u200bhat\u00e1rt\u00f3l. Ez az impoz\u00e1ns Kauk\u00e1zus-hegys\u00e9g t\u00f6v\u00e9ben tal\u00e1lhat\u00f3 szubtr\u00f3pusi vid\u00e9k kiemelked\u0151 gazdas\u00e1gi \u00e9s kultur\u00e1lis k\u00f6zpontt\u00e1 fejl\u0151d\u00f6tt, kiterjedt t\u00f6rt\u00e9nelmi hagyat\u00e9k\u00e1t a kort\u00e1rs fejleszt\u00e9sekkel egyes\u00edtve olyan jellegzetes nagyv\u00e1rosi k\u00f6rnyezetet biztos\u00edtva, amely elb\u0171v\u00f6li a l\u00e1togat\u00f3kat \u00e9s a lakoss\u00e1got.<\/p>","protected":false},"author":1,"featured_media":2853,"parent":13876,"menu_order":0,"comment_status":"closed","ping_status":"closed","template":"elementor_theme","meta":{"_eb_attr":"","footnotes":""},"class_list":["post-13904","page","type-page","status-publish","has-post-thumbnail"],"_links":{"self":[{"href":"https:\/\/travelshelper.com\/hu\/wp-json\/wp\/v2\/pages\/13904","targetHints":{"allow":["GET"]}}],"collection":[{"href":"https:\/\/travelshelper.com\/hu\/wp-json\/wp\/v2\/pages"}],"about":[{"href":"https:\/\/travelshelper.com\/hu\/wp-json\/wp\/v2\/types\/page"}],"author":[{"embeddable":true,"href":"https:\/\/travelshelper.com\/hu\/wp-json\/wp\/v2\/users\/1"}],"replies":[{"embeddable":true,"href":"https:\/\/travelshelper.com\/hu\/wp-json\/wp\/v2\/comments?post=13904"}],"version-history":[{"count":0,"href":"https:\/\/travelshelper.com\/hu\/wp-json\/wp\/v2\/pages\/13904\/revisions"}],"up":[{"embeddable":true,"href":"https:\/\/travelshelper.com\/hu\/wp-json\/wp\/v2\/pages\/13876"}],"wp:featuredmedia":[{"embeddable":true,"href":"https:\/\/travelshelper.com\/hu\/wp-json\/wp\/v2\/media\/2853"}],"wp:attachment":[{"href":"https:\/\/travelshelper.com\/hu\/wp-json\/wp\/v2\/media?parent=13904"}],"curies":[{"name":"wp","href":"https:\/\/api.w.org\/{rel}","templated":true}]}}