{"id":13851,"date":"2024-09-18T12:07:05","date_gmt":"2024-09-18T12:07:05","guid":{"rendered":"https:\/\/travelshelper.com\/staging\/?page_id=13851"},"modified":"2026-03-12T00:28:59","modified_gmt":"2026-03-12T00:28:59","slug":"brema","status":"publish","type":"page","link":"https:\/\/travelshelper.com\/hu\/destinations\/europe\/germany\/bremen\/","title":{"rendered":"Br\u00e9ma"},"content":{"rendered":"<p>Br\u00e9ma a v\u00edzi utak, a v\u00e1rosi sz\u00f6vet \u00e9s az ellen\u00e1ll\u00f3 k\u00e9pess\u00e9g pontos tal\u00e1lkoz\u00e1si pontj\u00e1t mutatja be. K\u00f6r\u00fclbel\u00fcl 577 000 lakos\u00e1val \u00e9s 318,21 n\u00e9gyzetkilom\u00e9teres ter\u00fclet\u00e9vel Bremen Szabad Hanzav\u00e1ros, egy k\u00e9t v\u00e1ros\u00e1llam f\u0151v\u00e1rosa \u00c9szak-N\u00e9metorsz\u00e1gban. A Weser foly\u00f3 partj\u00e1n, mintegy 60 kilom\u00e9terre a bremerhaveni torkolat\u00e1t\u00f3l felfel\u00e9 fekv\u0151 Br\u00e9ma teljes eg\u00e9sz\u00e9ben Als\u00f3-Sz\u00e1szorsz\u00e1ghoz tartozik, \u00e9s egy nagyj\u00e1b\u00f3l 2,8 milli\u00f3 lakos\u00fa nagyv\u00e1rosi r\u00e9gi\u00f3nak ad otthont.<\/p>\n<p>Bremenben a Weser foly\u00f3 \u00e9vsz\u00e1zados kereskedelem \u00e9s alkalmazkod\u00e1s \u00fatj\u00e1t jel\u00f6li ki. Az itt tal\u00e1lhat\u00f3 kik\u00f6t\u0151, a Weser torkolat\u00e1n\u00e1l tal\u00e1lhat\u00f3 Bremerhavennel egy\u00fctt, Hamburg ut\u00e1n N\u00e9metorsz\u00e1g m\u00e1sodik legnagyobb tengeri k\u00f6zpontja. Ez a kik\u00f6t\u0151komplexum form\u00e1lja mind a fizikai t\u00e1jk\u00e9pet, mind a v\u00e1rost fenntart\u00f3 gazdas\u00e1gi \u00e1ramlatokat. A foly\u00f3n lefel\u00e9 halad\u00f3 teherhaj\u00f3k, a foly\u00f3 fels\u0151 szakasz\u00e1n halad\u00f3 folyami usz\u00e1lyok \u00e9s az arra halad\u00f3 kompok meger\u0151s\u00edtik Bremen kapcsolat\u00e1t az \u00c9szaki-tengerrel \u00e9s a glob\u00e1lis \u00fatvonalakkal.<\/p>\n<p>Az \u00e9ghajlat itt a m\u00e9rs\u00e9kelt \u00f3ce\u00e1ni kateg\u00f3ri\u00e1ba tartozik. Az atlanti id\u0151j\u00e1r\u00e1si rendszerek nyugati szelek hat\u00e1s\u00e1ra alakulnak ki, enyh\u00edtve a nyarakat \u00e9s a teleket. A h\u0151m\u00e9rs\u00e9kleti sz\u00e9ls\u0151s\u00e9gek tov\u00e1bbra is ritk\u00e1k; az 1992. augusztus 9-\u00e9n m\u00e9rt 37,6\u00b0C-os cs\u00facsh\u0151m\u00e9rs\u00e9klet \u00e9s az 1940. febru\u00e1r 13-\u00e1n m\u00e9rt -23,6\u00b0C-os m\u00e9lypont ennek az egyens\u00falyi tartom\u00e1nynak a hat\u00e1r\u00e1n helyezkedik el. A kontinent\u00e1lis leveg\u0151 hibrid hat\u00e1sai tov\u00e1bbra is r\u00f6vid h\u0151hull\u00e1mokat vagy fagyokat okozhatnak, Bremen azonban ritk\u00e1n k\u00fczd tart\u00f3s sz\u00e9ls\u0151s\u00e9gekkel.<\/p>\n<p>Bremen gazdas\u00e1g\u00e1nak k\u00f6rvonalai a h\u00e1bor\u00fa ut\u00e1ni korszakig ny\u00falnak vissza, amikor a munk\u00e1smigr\u00e1nsok a sz\u00e1zad k\u00f6zep\u00e9n Nyugat-N\u00e9metorsz\u00e1got \u00e1talak\u00edt\u00f3 Wirtschaftswunder idej\u00e9n \u00e9rkeztek. A munk\u00e1sok nagyr\u00e9szt T\u00f6r\u00f6korsz\u00e1gb\u00f3l \u00e9s D\u00e9l-Eur\u00f3p\u00e1b\u00f3l \u00e9rkeztek; a k\u00e9s\u0151bbi \u00e9vtizedekben a volt keleti blokk orsz\u00e1gaib\u00f3l \u00e9s v\u00e1ls\u00e1g\u00f6vezetekb\u0151l, p\u00e9ld\u00e1ul Sz\u00edri\u00e1b\u00f3l \u00e9rkez\u0151k megv\u00e1ltoztatt\u00e1k a demogr\u00e1fiai mozaikot. Ma Bremenben multinacion\u00e1lis c\u00e9gek m\u0171k\u00f6dnek, a Hachez csokol\u00e1d\u00e9gy\u00e1rt\u00f3t\u00f3l a Vector Foiltec speci\u00e1lis m\u00e9rn\u00f6ki m\u00e9rn\u00f6ki c\u00e9g\u00e9ig. Az Airbus egys\u00e9gei sz\u00e1rnyalkatr\u00e9szeket \u00e9s nagy teherb\u00edr\u00e1s\u00fa rendszereket szerelnek \u00f6ssze sz\u00e9les t\u00f6rzs\u0171 sug\u00e1rhajt\u00e1s\u00fa rep\u00fcl\u0151g\u00e9pekhez Bremen gy\u00e1raiban.<\/p>\n<p>Bremen kultur\u00e1lis \u00e1ramlatai az \u00f6r\u00f6ks\u00e9g \u00e9s az alkalmazkod\u00e1s sz\u00f6vets\u00e9g\u00e9t t\u00fckr\u00f6zik. A gal\u00e9ri\u00e1k \u00e9s m\u00fazeumok a t\u00f6rt\u00e9nelmi szobr\u00e1szatt\u00f3l a kort\u00e1rs m\u0171v\u00e9szetig terjednek. Az \u00dcbersee M\u00fazeum a tengerent\u00fali kult\u00far\u00e1kat \u00e9s a term\u00e9szettudom\u00e1nyt kutatja; a Weserburg a modern m\u0171v\u00e9szetet mutatja be egy \u00e1talak\u00edtott foly\u00f3parti szigetrakt\u00e1rban; a Kunsthalle pedig a 19. \u00e9s 20. sz\u00e1zadi eur\u00f3pai fest\u00e9szetet mutatja be. Minden int\u00e9zm\u00e9ny a kultur\u00e1lis csere narrat\u00edv\u00e1j\u00e1t k\u00e9pviseli.<\/p>\n<p>A Marktplatzon Bremen g\u00f3tikus magja k\u0151b\u0151l \u00e9p\u00fclt. Az 1405 \u00e9s 1410 k\u00f6z\u00f6tt \u00e9p\u00fclt V\u00e1rosh\u00e1za renesz\u00e1nsz homlokzata 1609\u201312-b\u0151l sz\u00e1rmazik. Mellette \u00e1ll az 1404-es Roland-szobor, amely a Szent R\u00f3mai Birodalom alatti polg\u00e1ri kiv\u00e1lts\u00e1gokat jelk\u00e9pezte. A k\u00f6zelben Gerhard Marcks bronz szobra a Grimm testv\u00e9rek mes\u00e9j\u00e9t id\u00e9zi, amely n\u00e9gy \u00e1llatr\u00f3l sz\u00f3l, akik v\u00e1rosi mened\u00e9ket keresnek. Ezek az elemek alkotj\u00e1k az UNESCO Vil\u00e1g\u00f6r\u00f6ks\u00e9g r\u00e9sz\u00e9t k\u00e9pez\u0151 helysz\u00ednt, amely ma is akt\u00edv t\u00f6rv\u00e9nyhoz\u00e1si \u00e9s turisztikai haszn\u00e1latban van.<\/p>\n<p>A t\u00e9rt\u0151l \u00e9szakkeletre s\u00e9t\u00e1lva tal\u00e1lhat\u00f3 a Schnoor negyed, ahol keskeny utc\u00e1k tal\u00e1lhat\u00f3k a tizenhetedik sz\u00e1zadi hal\u00e1szh\u00e1zakb\u00f3l. Ma k\u00e1v\u00e9z\u00f3k, k\u00e9zm\u0171ves m\u0171helyek \u00e9s gal\u00e9ri\u00e1k foglalj\u00e1k el az id\u0151j\u00e1r\u00e1s viszontags\u00e1gai \u00e1ltal megviselt homlokzatokat. A Marktplatz d\u00e9li r\u00e9sz\u00e9n, a t\u00e9glaburkolat\u00fa B\u00f6ttcherstra\u00dfe szecesszi\u00f3s \u00e9s g\u00f3tikus mot\u00edvumok k\u00f6z\u00f6tt h\u00faz\u00f3dik. Az 1920-as \u00e9vekben Ludwig Roselius iparm\u00e1gn\u00e1s megb\u00edz\u00e1s\u00e1b\u00f3l \u00e9p\u00fclt \u00e9p\u00fclet olyan avantg\u00e1rd form\u00e1knak adott otthont, amelyeket a n\u00e1cik k\u00e9s\u0151bb \u201eelfajultnak\u201d min\u0151s\u00edtettek. Az utca porcel\u00e1nharangokb\u00f3l \u00e1ll\u00f3 harangj\u00e1t\u00e9ka tov\u00e1bbra is a Harangj\u00e1t\u00e9k H\u00e1zban tal\u00e1lhat\u00f3.<\/p>\n<p>Br\u00e9ma k\u00f6z\u00e9pkori fejl\u0151d\u00e9s\u00e9t vall\u00e1si eml\u00e9kek jellemzik. A tizenharmadik sz\u00e1zadb\u00f3l sz\u00e1rmaz\u00f3 Szent P\u00e9ter-sz\u00e9kesegyh\u00e1z apostolok \u00e9s korai n\u00e9met cs\u00e1sz\u00e1rok szobrait foglalja mag\u00e1ban. A tizenegyedik sz\u00e1zadi kript\u00e1ban tal\u00e1lhat\u00f3 Liebfrauenkirche a v\u00e1ros legr\u00e9gebbi imahelye. A Katherinenklosterhofon a tizenharmadik sz\u00e1zadi Szent Katalin-kolostor maradv\u00e1nyai maradtak fenn, m\u00edg a modern Birgittenkloster egy kis k\u00f6z\u00f6ss\u00e9gnek ad otthont, amely lelki mened\u00e9ket k\u00edn\u00e1l.<\/p>\n<p>Az \u00d3v\u00e1roson t\u00fal a Viertel negyed a tizenkilencedik sz\u00e1zadi v\u00e1rosi terjeszked\u00e9st t\u00fckr\u00f6zi. Stukk\u00f3 d\u00edsz\u00edt\u00e9s\u0171 sorh\u00e1zak szeg\u00e9lyezik a sz\u00ednh\u00e1zaknak, f\u00fcggetlen k\u00e1v\u00e9z\u00f3knak \u00e9s kis \u00fczleteknek otthont ad\u00f3 sug\u00e1rutakat. A BSAG villamosai \u00e9s buszai szelik \u00e1t ezt a \u201ekultur\u00e1lis m\u00e9rf\u00f6ldet\u201d, \u00f6sszek\u00f6tve a negyedet a t\u00f6rt\u00e9nelmi k\u00f6zpontokkal \u00e9s a modern k\u00fclv\u00e1rosokkal egyar\u00e1nt. A Weser foly\u00f3 t\u00faloldal\u00e1n tal\u00e1lhat\u00f3 Schlachte egy nyilv\u00e1nos sug\u00e1r\u00fat v\u00edzparti kocsm\u00e1kkal \u00e9s s\u00e9t\u00e1nyokkal, felid\u00e9zve a k\u00f6z\u00e9pkori kik\u00f6t\u0151t, amely egykor meghat\u00e1rozta Bremen tengeri identit\u00e1s\u00e1t.<\/p>\n<p>Bremen v\u00e1rosi h\u00e1l\u00f3zat\u00e1t z\u00f6ldter\u00fcletek h\u00e1l\u00f3zz\u00e1k be. A v\u00e1ros egyik legnagyobb parkja, a Knoops Park, r\u00e9tekkel, erd\u0151kkel \u00e9s egy k\u00f6zponti t\u00f3val v\u00e1rja a l\u00e1togat\u00f3kat, ahol a melegebb h\u00f3napokban cs\u00f3nakokat b\u00e9relhetnek a l\u00e1togat\u00f3k. A Rhododendron Park rododendronok \u00e9s az\u00e1le\u00e1k kiterjedt gy\u0171jtem\u00e9ny\u00e9nek ad otthont, amelyet a Botanika, a biol\u00f3giai sokf\u00e9les\u00e9gnek szentelt m\u00fazeum k\u00eds\u00e9r. Az Universum Tudom\u00e1nyos K\u00f6zpont interakt\u00edv ki\u00e1ll\u00edt\u00e1sokat mutat be, amelyek \u00f6sszek\u00f6tik a tudom\u00e1nyt \u00e9s a nyilv\u00e1noss\u00e1g bevon\u00e1s\u00e1t.<\/p>\n<p>Bremen infrastrukt\u00far\u00e1ja mag\u00e1ban foglalja a villamosvonalakat \u00e9s a 2010-ben \u00e1tadott region\u00e1lis S-Bahn h\u00e1l\u00f3zatot. A bremeni S-Bahn a k\u00f6zponti p\u00e1lyaudvart k\u00f6ti \u00f6ssze a k\u00f6rnyez\u0151 v\u00e1rosokkal, k\u00f6zt\u00fck Bremerhavennel \u00e9s Oldenburggal, a Bremen-Als\u00f3-Sz\u00e1szorsz\u00e1g K\u00f6zleked\u00e9si Sz\u00f6vets\u00e9g egys\u00e9ges tarif\u00e1ja keret\u00e9ben. A neustadt-neuenlandi rep\u00fcl\u0151t\u00e9r N\u00e9metorsz\u00e1g tizenkettedik legnagyobb utasforgalm\u00e1t produk\u00e1lja, Eur\u00f3pa-szerte \u00e9s azon t\u00fal is k\u00f6zleked\u0151 \u00fatvonalakat szolg\u00e1lva ki.<\/p>\n<p>A sport\u00e9let az SV Werder Bremen k\u00f6r\u00fcl forog, amelynek a Weserstadionban rendezett m\u00e9rk\u0151z\u00e9sei helyi szurkol\u00f3kat vonzanak a foly\u00f3partra. A klubok \u00e9s az amat\u0151r lig\u00e1k a szabadid\u0151s tev\u00e9kenys\u00e9gek \u00e9l\u00e9nk kult\u00far\u00e1j\u00e1t alapozz\u00e1k meg, az evez\u00e9st\u0151l a foly\u00f3 menti \u00f6sv\u00e9nyeken val\u00f3 ker\u00e9kp\u00e1roz\u00e1sig.<\/p>\n<p>Bremen \u00e9p\u00edtett \u00e9s term\u00e9szeti k\u00f6rnyezet\u00e9ben a v\u00e1ltoz\u00e1sok k\u00f6zepette is folytonoss\u00e1got mutat. A k\u00f6z\u00e9pkori \u00d3v\u00e1ros tov\u00e1bbra is a k\u00f6z\u00e9ppontban \u00e1ll, m\u00e9gis a v\u00e1ros modern negyedekbe \u00e9s ipari ter\u00fcletekbe ny\u00falik \u00e1t, z\u00f6kken\u0151mentes funkcion\u00e1lis koherenci\u00e1val. A t\u00f6rt\u00e9nelmi c\u00e9hh\u00e1zak a rep\u00fcl\u0151g\u00e9pipari m\u0171helyek mellett \u00e1llnak, az \u00e1talak\u00edtott dokkokban tal\u00e1lhat\u00f3 m\u00fazeumok pedig a m\u0171eml\u00e9k templomok mellett. Bremen identit\u00e1sa ebben a produkt\u00edv r\u00e9tegz\u0151d\u00e9sben rejlik.<\/p>\n<p>Ahogy a nappali f\u00e9ny fogyatkozik, borosty\u00e1nsz\u00edn\u0171 megvil\u00e1g\u00edt\u00e1s k\u00f6rvonalazza a V\u00e1rosh\u00e1za homlokzat\u00e1t. A foly\u00f3k t\u00fckr\u00f6z\u0151d\u00e9sei csillognak a templomok g\u00f3tikus \u00edvei alatt. A Schlachte melletti kocsm\u00e1kban a besz\u00e9lget\u00e9sek a helyi s\u00f6r\u00f6kr\u0151l \u00e9s a napi mozg\u00e1sokr\u00f3l sz\u00f3lnak. A l\u00e1togat\u00f3k egy olyan v\u00e1rosnak a szemtan\u00fai lehetnek, amely \u00e9ltet\u0151 erej\u00e9t tonn\u00e1nyi \u00e1rukban \u00e9s villamost\u00e9rk\u00e9pen m\u00e9ri, m\u00e9gis a mennyis\u00e9gi hat\u00e1rokat t\u00falsz\u00e1rnyalja a csendes felfedez\u00e9s pillanataiban. Bremen narrat\u00edv\u00e1ja sem nem egyed\u00fcl\u00e1ll\u00f3, sem nem statikus. Minden egyes k\u0151szoborban, gy\u00e1rrakt\u00e1rban \u00e9s m\u0171v\u00e9szgal\u00e9ri\u00e1ban bontakozik ki, a kijelent\u00e9s helyett megfigyel\u00e9sre cs\u00e1b\u00edtva.<\/p>","protected":false},"excerpt":{"rendered":"<p>A mintegy 570 000 lakos\u00fa Br\u00e9ma a szabad Hanzav\u00e1ros, Br\u00e9ma f\u0151v\u00e1rosa, \u00e9s N\u00e9metorsz\u00e1g tizenegyedik legnagyobb v\u00e1rosa. Az orsz\u00e1g \u00e9szaki r\u00e9gi\u00f3j\u00e1ban tal\u00e1lhat\u00f3 Br\u00e9ma \u00c9szak-N\u00e9metorsz\u00e1g m\u00e1sodik legnagyobb v\u00e1rosa Hamburg m\u00f6g\u00f6tt. Ez a dinamikus, t\u00f6rt\u00e9nelemben gazdag \u00e9s kort\u00e1rs tev\u00e9kenys\u00e9gben hemzseg\u0151 v\u00e1ros a kultur\u00e1lis \u00f6r\u00f6ks\u00e9g, a gazdas\u00e1gi fontoss\u00e1g \u00e9s a tengeri hat\u00e1s leny\u0171g\u00f6z\u0151 \u00f6tv\u00f6zet\u00e9t mutatja be, amely az \u00e9vek sor\u00e1n meghat\u00e1rozta identit\u00e1s\u00e1t.<\/p>","protected":false},"author":1,"featured_media":2777,"parent":13736,"menu_order":0,"comment_status":"closed","ping_status":"closed","template":"elementor_theme","meta":{"_eb_attr":"","footnotes":""},"class_list":["post-13851","page","type-page","status-publish","has-post-thumbnail"],"_links":{"self":[{"href":"https:\/\/travelshelper.com\/hu\/wp-json\/wp\/v2\/pages\/13851","targetHints":{"allow":["GET"]}}],"collection":[{"href":"https:\/\/travelshelper.com\/hu\/wp-json\/wp\/v2\/pages"}],"about":[{"href":"https:\/\/travelshelper.com\/hu\/wp-json\/wp\/v2\/types\/page"}],"author":[{"embeddable":true,"href":"https:\/\/travelshelper.com\/hu\/wp-json\/wp\/v2\/users\/1"}],"replies":[{"embeddable":true,"href":"https:\/\/travelshelper.com\/hu\/wp-json\/wp\/v2\/comments?post=13851"}],"version-history":[{"count":0,"href":"https:\/\/travelshelper.com\/hu\/wp-json\/wp\/v2\/pages\/13851\/revisions"}],"up":[{"embeddable":true,"href":"https:\/\/travelshelper.com\/hu\/wp-json\/wp\/v2\/pages\/13736"}],"wp:featuredmedia":[{"embeddable":true,"href":"https:\/\/travelshelper.com\/hu\/wp-json\/wp\/v2\/media\/2777"}],"wp:attachment":[{"href":"https:\/\/travelshelper.com\/hu\/wp-json\/wp\/v2\/media?parent=13851"}],"curies":[{"name":"wp","href":"https:\/\/api.w.org\/{rel}","templated":true}]}}