{"id":13800,"date":"2024-09-18T11:15:24","date_gmt":"2024-09-18T11:15:24","guid":{"rendered":"https:\/\/travelshelper.com\/staging\/?page_id=13800"},"modified":"2026-03-12T00:13:48","modified_gmt":"2026-03-12T00:13:48","slug":"aachen","status":"publish","type":"page","link":"https:\/\/travelshelper.com\/hu\/destinations\/europe\/germany\/aachen\/","title":{"rendered":"Aachen"},"content":{"rendered":"<p>Aachen jellegzetes helyen fekszik N\u00e9metorsz\u00e1g legnyugatibb cs\u00fccsk\u00e9ben, utc\u00e1i \u00e9s \u00e9p\u00fcletei t\u00f6bb mint k\u00e9t \u00e9vezredes t\u00f6rt\u00e9nelmet k\u00f6vetnek. A k\u00f6r\u00fclbel\u00fcl 261 000 lakos\u00fa v\u00e1ros \u00e9szakr\u00f3l d\u00e9lre mintegy 21,6 kilom\u00e9ter, keletr\u0151l nyugatra pedig 17,2 kilom\u00e9ter hosszan h\u00faz\u00f3dik. A Hohe Fens \u00e9s az Eifel-hegys\u00e9g \u00e9szaki l\u00e1b\u00e1n\u00e1l fekv\u0151 v\u00e1ros ott tal\u00e1lhat\u00f3, ahol a Wurm foly\u00f3, a Rur \u00e9s v\u00e9gs\u0151 soron a Meuse mell\u00e9kfoly\u00f3ja a r\u00e9gi\u00f3 vizeit a nagyobb Meuse\u2013Rajna euror\u00e9gi\u00f3ba \u00f6mleszti. Belgium 23,8 kilom\u00e9ter hosszan, m\u00edg Hollandia 21,8 kilom\u00e9ter hosszan hat\u00e1rolja a v\u00e1ros d\u00e9lnyugati hat\u00e1r\u00e1t, \u00edgy h\u00e1romnemzetis\u00e9g\u0171 jelleget alak\u00edtott ki, amely form\u00e1lta Aachen gazdas\u00e1g\u00e1t, kult\u00far\u00e1j\u00e1t \u00e9s hely\u00e9rzet\u00e9t.<\/p>\n<p>Az Aquae Granni \u2013 \u201eGrannus vize\u201d \u2013 legkor\u00e1bbi ismert telep\u00fcl\u00e9se a kelta n\u00e9peknek k\u00f6sz\u00f6nheti eredet\u00e9t, akik el\u0151sz\u00f6r ismert\u00e9k fel a term\u00e1lforr\u00e1sok gy\u00f3gy\u00edt\u00f3 tulajdons\u00e1gait. A r\u00f3mai uralom alatt ezek a forr\u00e1sok sz\u00e1mos, az els\u0151 sz\u00e1zadban \u00e9p\u00edtett gy\u00f3gyf\u00fcrd\u0151 k\u00f6zpontj\u00e1v\u00e1 v\u00e1ltak, amelyek a tartom\u00e1ny minden t\u00e1j\u00e1r\u00f3l vonzott\u00e1k a l\u00e1togat\u00f3kat. Az \u00f6t\u00f6dik sz\u00e1zadban a cs\u00e1sz\u00e1ri hely\u0151rs\u00e9gek kivonul\u00e1sa ut\u00e1n a vicus frank identit\u00e1st \u00f6lt\u00f6tt, \u00e9s Aachen igaz\u00e1n jelent\u0151s\u00e9gre tett szert a Meroving, majd k\u00e9s\u0151bb a Karoling kora alatt. A nyolcadik sz\u00e1zad v\u00e9g\u00e9re Nagy K\u00e1roly kiv\u00e1lasztotta a helyet f\u0151 palot\u00e1j\u00e1nak, ezzel befejezve a Kr. u. 800 k\u00f6r\u00fcl \u00e9p\u00fclt palota magj\u00e1t. Ez az \u00e9p\u00edtm\u00e9ny, amely ma a sz\u00e9kesegyh\u00e1z sz\u00edve, \u00f6r\u00f6kre \u201eEur\u00f3pa b\u00f6lcs\u0151je\u201d jelz\u0151t viseli mag\u00e1n, t\u00fckr\u00f6zve a Frank Birodalom sz\u00e9khelyek\u00e9nt bet\u00f6lt\u00f6tt k\u00f6zponti szerep\u00e9t.<\/p>\n<p>Aachen a k\u00f6z\u00e9pkorban v\u00e9gig meg\u0151rizte kir\u00e1lyi szerep\u00e9t. A 843-as verduni b\u00e9keszerz\u0151d\u00e9s K\u00f6z\u00e9p-Franciaorsz\u00e1ghoz, a 870-es meersseni b\u00e9keszerz\u0151d\u00e9s pedig Kelet-Franciaorsz\u00e1ghoz csatolta a v\u00e1rost. 1166-ban Barbarossa Frigyes cs\u00e1sz\u00e1r hivatalos v\u00e1rosi jogokat adott Aachennek, ezzel a Szent R\u00f3mai Birodalmon bel\u00fcli szabad birodalmi v\u00e1ross\u00e1 emelve. 936-t\u00f3l 1531-ig minden n\u00e9met kir\u00e1ly \u00e9s Szent R\u00f3mai cs\u00e1sz\u00e1r koron\u00e1z\u00e1s\u00e1t \u2013 \u00f6sszesen harmincegyet \u2013 itt \u00fcnnepelt\u00e9k, a sz\u00e9kesegyh\u00e1z arany mozaikjai \u00e9s boltozatos mennyezete alatt. Csak akkor engedte \u00e1t Aachen \u00fcnnepi funkci\u00f3j\u00e1t keleti szomsz\u00e9dj\u00e1nak, amikor Frankfurt am Main egyre nagyobb jelent\u0151s\u00e9gre tett szert.<\/p>\n<p>Az ezt k\u00f6vet\u0151 \u00e9vsz\u00e1zadokban Aachen gazdas\u00e1ga alkalmazkodott a kereskedelem \u00e9s az ipar v\u00e1ltoz\u00f3 \u00e1ramlataihoz. Az \u00e9szakkeleti sz\u00e9nmez\u0151k adminisztrat\u00edv hivatalokat vonzottak a v\u00e1rosba, mik\u00f6zben a feldolgoz\u00f3ipar diverzifik\u00e1l\u00f3dott, \u00e9s elektromos cikkeket, finom gyapj\u00fa text\u00edli\u00e1kat, \u00fcveg\u00e1rukat, csokol\u00e1d\u00e9t \u00e9s \u00e9dess\u00e9geket, g\u00e9peket, gumiterm\u00e9keket, b\u00fatorokat, f\u00e9mmegmunk\u00e1l\u00e1st, valamint k\u00fcl\u00f6nf\u00e9le vegyi \u00e9s m\u0171anyag term\u00e9keket gy\u00e1rtott. A huszonegyedik sz\u00e1zad elej\u00e9re az \u00fcveg- \u00e9s textilipar a gy\u00e1ri foglalkoztat\u00e1snak csak egytized\u00e9t tette ki, ami bizony\u00edtja, hogy a v\u00e1ros a k\u00f6zeli egyetemr\u0151l sz\u00e1rmaz\u00f3 cs\u00facstechnol\u00f3giai spin-offok fel\u00e9 fordult.<\/p>\n<p>Ez az int\u00e9zm\u00e9ny, a Rheinisch-Westf\u00e4lisch Technische Hochschule Aachen, vagy RWTH Aacheni Egyetem, N\u00e9metorsz\u00e1g egyik legkiemelked\u0151bb m\u00e9rn\u00f6ki \u00e9s alkalmazott tudom\u00e1nyok k\u00f6zpontj\u00e1v\u00e1 n\u0151tte ki mag\u00e1t. Egyetemi k\u00f3rh\u00e1za, az Uniklinikum Aachen, Eur\u00f3pa legnagyobb egy\u00e9p\u00fcletes k\u00f3rh\u00e1zak\u00e9nt ismert. T\u00f6bb mint 40 000 f\u0151s hallgat\u00f3i l\u00e9tsz\u00e1m\u00e1val \u2013 ami a v\u00e1ros lakosainak t\u00f6bb mint egynegyede \u2013 az egyetem jellegzetesen fiatalos jelenl\u00e9tet k\u00f6lcs\u00f6n\u00f6z Aachen t\u00f6rt\u00e9nelmi negyed\u00e9nek, mik\u00f6zben \u00f6szt\u00f6nzi a kutat\u00e1st \u00e9s az innov\u00e1ci\u00f3t. 2009-ben Aachen a nyolcadik helyen v\u00e9gzett a n\u00e9met innov\u00e1ci\u00f3s v\u00e1rosok k\u00f6z\u00f6tt, al\u00e1h\u00fazva a v\u00e1ros folyamatos elk\u00f6telezetts\u00e9g\u00e9t az informatika, a m\u00e9rn\u00f6ki tudom\u00e1nyok \u00e9s a term\u00e9szettudom\u00e1nyok ter\u00e9n el\u00e9rt halad\u00e1s ir\u00e1nt.<\/p>\n<p>Aachen \u00e9ghajlata t\u00fckr\u00f6zi mind az Eifel-hegys\u00e9g sz\u00e9l\u00e9n elfoglalt magass\u00e1g\u00e1t, mind a m\u00e9rs\u00e9kelt kontinent\u00e1lis \u00f6vben elfoglalt sz\u00e9less\u00e9gi fok\u00e1t. A Cfb besorol\u00e1s\u00fa v\u00e1rosban p\u00e1r\u00e1s k\u00f6r\u00fclm\u00e9nyek, enyhe telek \u00e9s meleg nyarak uralkodnak. Az \u00e9ves csapad\u00e9kmennyis\u00e9g \u00e1tlagosan 805 millim\u00e9ter, ami magasabb, mint a k\u00f6zeli Bonnban m\u00e9rt 669 millim\u00e9ter, ami a nyugati szelek k\u00f6vetkezm\u00e9nye, amelyek nedvess\u00e9get hoznak a hegyvid\u00e9kre. A d\u00e9li \u00e1ramlatokon f\u00faj\u00f3 f\u0151nszelek hirtelen h\u0151m\u00e9rs\u00e9klet-emelked\u00e9st okozhatnak, m\u00edg a v\u00e1rost k\u00f6rnyez\u0151 dombok id\u0151nk\u00e9nt csapd\u00e1ba ejtik a h\u0171v\u00f6sebb leveg\u0151t, ami inverzi\u00f3val \u00f6sszef\u00fcgg\u0151 szmoghoz vezet. A v\u00e1rosrendez\u0151k sz\u00e1mos hideg leveg\u0151s folyos\u00f3t \u0151riztek meg a l\u00e9g\u00e1raml\u00e1s el\u0151seg\u00edt\u00e9se \u00e9s a h\u0151szigetek hat\u00e1s\u00e1nak enyh\u00edt\u00e9se \u00e9rdek\u00e9ben a be\u00e9p\u00edtett ter\u00fcleteken.<\/p>\n<p>Aachen nyelvi kend\u0151zete ugyanilyen gazdag. A lakosok a k\u00f6z\u00e9p-frank nyelv ripuari v\u00e1ltozat\u00e1ban besz\u00e9lgetnek, besz\u00e9d\u00fcket a holland hat\u00e1ron t\u00falr\u00f3l \u00e9rkez\u0151 limburgi akcentusok \u00e1rnyalj\u00e1k. A v\u00e1ros minden t\u00e9len K\u00f6ln \u00e9s Mainz mell\u00e9 csatlakozik a Rajna-vid\u00e9ki karnev\u00e1l egyik f\u0151 k\u00f6zpontjak\u00e9nt, amikor az utc\u00e1k \u00e9s terek \u00e1larcosokt\u00f3l, f\u00fav\u00f3szenekarokt\u00f3l \u00e9s a helyi hagyom\u00e1nyok visszhangz\u00f3 \u00e9ljenz\u00e9s\u00e9t\u0151l telik el. M\u00e1sutt az Aachener Printen \u2013 egy m\u00e9zzel, f\u0171szerekkel, \u00e9s alkalmank\u00e9nt di\u00f3f\u00e9l\u00e9kkel vagy csokol\u00e1d\u00e9val k\u00e9sz\u00fclt robusztus m\u00e9zeskal\u00e1cs \u2013 tov\u00e1bbra is kulin\u00e1ris v\u00e9djegy, receptje gener\u00e1ci\u00f3kon \u00e1t \u00f6r\u00f6kl\u0151dik a helyi p\u00e9kek k\u00f6z\u00f6tt.<\/p>\n<p>Aachen hat\u00e1rokon \u00e1tny\u00fal\u00f3 kapcsolatainak alapj\u00e1t r\u00e9g\u00f3ta a k\u00f6zleked\u00e9si h\u00e1l\u00f3zatok k\u00e9pezik. Az eredeti Hauptbahnhof, amelyet 1841-ben avattak fel a K\u00f6ln\u2013Aachen vonal sz\u00e1m\u00e1ra, 1905-ben k\u00f6zelebb ker\u00fclt a v\u00e1rosk\u00f6zponthoz. Ma az ICE intercity vonatok k\u00f6tik \u00f6ssze Aachent Br\u00fcsszellel, K\u00f6lnnel \u00e9s Frankfurttal, m\u00edg a P\u00e1rizsb\u00f3l indul\u00f3 Eurostar j\u00e1ratok N\u00e9metorsz\u00e1gba tart\u00f3 \u00fatjuk sor\u00e1n meg\u00e1llnak. A region\u00e1lis RE \u00e9s RB vonalak a Ruhrgebiethez, M\u00f6nchengladbachhoz, a belgiumi Sp\u00e1hoz, D\u00fcsseldorfhoz \u00e9s a Siegerlandhoz csatlakoznak. Az Euregiobahn \u00e1thalad a szomsz\u00e9dos v\u00e1rosokon, \u00e9s n\u00e9gy kisebb \u00e1llom\u00e1s \u2013 Aachen West, Aachen Schanz, Aachen-Rothe Erde \u00e9s Eilendorf \u2013 helyi meg\u00e1ll\u00f3t biztos\u00edt, az Aachen West pedig az RWTH b\u0151v\u00edt\u00e9se \u00f3ta egyre nagyobb ig\u00e9nybev\u00e9telnek \u00f6rvend.<\/p>\n<p>A t\u00f6megk\u00f6zleked\u00e9s fejl\u0151d\u00e9se egy \u00edvet rajzolt ki az 1880-as l\u00f3vontat\u00e1s\u00fa villamosokt\u00f3l az 1895-\u00f6s villamos\u00edt\u00e1sig, amikorra Aachen h\u00e1l\u00f3zata t\u00f6bb mint 213 kilom\u00e9terre terjedt ki, amivel N\u00e9metorsz\u00e1g negyedik leghosszabb villamosh\u00e1l\u00f3zat\u00e1nak kit\u00fcntet\u00e9s\u00e9t szerezte meg. A hat\u00e1rokon \u00e1tny\u00fal\u00f3 vonalak egykor Herzogenrathba, Stolbergbe, Alsdorfba, Vaalsba, Kelmisbe \u00e9s Eupenbe sz\u00e1ll\u00edtott\u00e1k az utasokat. Politikai d\u00f6nt\u00e9sek \u00e9s az infrastrukt\u00fara roml\u00e1sa a villamos 1974-es megsz\u00fcntet\u00e9s\u00e9hez vezetett, utat nyitva az ASEAG buszh\u00e1l\u00f3zat\u00e1nak. Ma 68 \u00fatvonal 1240,8 kilom\u00e9tert tesz ki, Belgiumba \u00e9s Hollandi\u00e1ba is eljutva a Transport en Communnal \u00e9s a Veolia Nederlanddal k\u00f6z\u00f6sen \u00fczemeltetett vonalakon. Az ASEAG r\u00e9szt vesz az Aachener Verkehrsverbund tarifaegyes\u00fcletben, \u00f6sszehangolja a viteld\u00edjakat a mag\u00e1nsz\u00e1ll\u00edt\u00f3kkal \u00e9s a DB Regio Busszal. Az intercity buszok k\u00e9t csom\u00f3pontb\u00f3l indulnak: Aachen Westb\u0151l \u00e9s Wilmersdorfer Stra\u00dfe-b\u00f3l.<\/p>\n<p>Aachent h\u00e1rom aut\u00f3p\u00e1ly\u00e1n kereszt\u00fcl lehet aut\u00f3val \u00f6sszek\u00f6tni: az A4-es kelet-nyugati tengelyen, az A44-es \u00e9szak-d\u00e9li folyos\u00f3n \u00e9s az Europaplatzra csatlakoz\u00f3 A544-es \u00e1gon. A v\u00e1rosi hat\u00f3s\u00e1gok tov\u00e1bbra is fejleszt\u00e9seket terveznek az \u00fatcsom\u00f3pont torl\u00f3d\u00e1s\u00e1nak enyh\u00edt\u00e9s\u00e9re. A l\u00e9gi utasok a v\u00e1rosk\u00f6zpontt\u00f3l tizen\u00f6t tengeri m\u00e9rf\u00f6ldre \u00e9szaknyugatra tal\u00e1lhat\u00f3 Maastricht Aachen rep\u00fcl\u0151teret haszn\u00e1lj\u00e1k, ahol a z\u00f6kken\u0151mentes \u00e1tsz\u00e1ll\u00e1st ingaj\u00e1ratok biztos\u00edtj\u00e1k. A k\u00f6zelben tal\u00e1lhat\u00f3 Merzbr\u00fcck egykori katonai rep\u00fcl\u0151tere ad otthont a szabadid\u0151s rep\u00fcl\u00e9snek.<\/p>\n<p>Aachen \u00e9p\u00edtett \u00f6r\u00f6ks\u00e9ge \u00e9s kultur\u00e1lis l\u00e1tnival\u00f3i sokr\u00e9t\u0171 jelleg\u00e9t bizony\u00edtj\u00e1k. A sz\u00e9kesegyh\u00e1z, amelyet 1978-ban vettek fel az UNESCO Vil\u00e1g\u00f6r\u00f6ks\u00e9g r\u00e9sz\u00e9v\u00e9, a karoling kori mag \u00e9s a g\u00f3tikus k\u00f3rus tal\u00e1lkoz\u00e1s\u00e1t mutatja be, arany mozaikjai \u00e9s \u00f3lom\u00fcveg ablakai \u00e9vsz\u00e1zados m\u0171v\u00e9szi er\u0151fesz\u00edt\u00e9seket id\u00e9znek. A sz\u00e9kesegyh\u00e1z \u00e9s a kincst\u00e1r megtekint\u00e9se sor\u00e1n az antik, karoling, oszm\u00e1n \u00e9s staufi korb\u00f3l sz\u00e1rmaz\u00f3 t\u00e1rgyakat t\u00e1rhatunk fel, k\u00f6zt\u00fck Loth\u00e1r-keresztet \u00e9s Nagy K\u00e1roly mellszobr\u00e1t. A d\u00edjak \u00e9s a menetrendek szezon\u00e1lisan v\u00e1ltoznak, angol nyelv\u0171 idegenvezet\u00e9ssel. A szomsz\u00e9dban \u00e1ll a Rathaus, a k\u00f6z\u00e9pkori v\u00e1rosh\u00e1za, amely ma is a polg\u00e1rmesteri hivataloknak ad otthont.<\/p>\n<p>Az \u00f3v\u00e1rosban tal\u00e1lhat\u00f3 az Elisa-k\u00fat, amelyet 1827-ben \u00e9p\u00edtettek a term\u00e1lforr\u00e1sok tetej\u00e9n, Aachen tart\u00f3s gy\u00f3gyf\u00fcrd\u0151i \u00f6r\u00f6ks\u00e9g\u00e9nek megtestes\u00edt\u0151je. A Couven M\u00fazeum, egy tizennyolcadik sz\u00e1zadi keresked\u0151h\u00e1z, korabeli b\u00fatorokat \u00e9s lakberendez\u00e9si t\u00e1rgyakat mutat be, m\u00edg a Grashaus \u2013 egykori eredeti v\u00e1rosh\u00e1za \u2013 1267-b\u0151l sz\u00e1rmazik. A Haus L\u00f6wenstein, a Ponttor \u00e9s a Marschiertor a tizennegyedik \u00e9s tizenharmadik sz\u00e1zadi v\u00e1rosi \u00e9p\u00edt\u00e9szetbe enged bepillant\u00e1st. A m\u0171v\u00e9szetkedvel\u0151k mened\u00e9ket tal\u00e1lnak a Suermondt-Ludwig M\u00fazeumban, ahol n\u00e9met \u00e9s holland szobrok \u00e9s festm\u00e9nyek gy\u0171jtem\u00e9nye tal\u00e1lhat\u00f3, valamint a Ludwig F\u00f3rum for International Artban, ahol Warhol, Lichtenstein \u00e9s Haring alkot\u00e1sai l\u00e1that\u00f3k.<\/p>\n<p>Azok, akiket vonz a modernista \u00e9s posztmodern formatervez\u00e9s, felfedezhetik az RWTH kampusz\u00e1t, ahol a huszadik sz\u00e1zad elej\u00e9t\u0151l napjainkig \u00e9p\u00fclt \u00e9p\u00fcletek egym\u00e1sba fon\u00f3dnak. Ezek k\u00f6z\u00fcl kiemelked\u0151 a f\u0151\u00e9p\u00fclet, a K\u00e1rm\u00e1n Auditorium, az Audimax el\u0151ad\u00f3terem \u00e9s a Super-C fogad\u00f3\u00e9p\u00fclet \u2013 C alak\u00fa form\u00e1ja r\u00e9szben a f\u00f6ld alatt tal\u00e1lhat\u00f3 \u2013, m\u00edg az Uniklinik a p\u00e1rizsi Centre Pompidou high-tech pezsg\u0151 hangulat\u00e1t id\u00e9zi. A k\u00f6zelben olyan speci\u00e1lis int\u00e9zm\u00e9nyek, mint a Zollmuseum Friedrichs, a hat\u00e1r\u00e1tkel\u0151k t\u00f6rt\u00e9net\u00e9t mes\u00e9lik el, a Nemzetk\u00f6zi \u00dajs\u00e1gm\u00fazeum pedig a nyomtatott m\u00e9dia fejl\u0151d\u00e9s\u00e9t k\u00f6veti nyomon. A Lousberg-dombon \u00e1ll\u00f3, ma \u00e9tteremk\u00e9nt m\u0171k\u00f6d\u0151 Belvedere forg\u00f3 v\u00edztorony panor\u00e1m\u00e1s kil\u00e1t\u00e1st ny\u00fajt az alatta elter\u00fcl\u0151 v\u00e1rosra.<\/p>\n<p>A csendesebb pillanatokra v\u00e1gy\u00f3 l\u00e1togat\u00f3k felkapaszkodhatnak Lousberg erd\u0151s \u00f6sv\u00e9nyein, ahol minden kanyar v\u00f6r\u00f6s cser\u00e9ptet\u0151k \u00e9s templomtornyok keretezett l\u00e1tk\u00e9p\u00e9t t\u00e1rja fel. Este a k\u00f6zponti piact\u00e9r di\u00e1kokkal \u00e9s utcazen\u00e9szekkel kel \u00e9letre, a vacsor\u00e1z\u00f3k pedig a sarki k\u00e1v\u00e9z\u00f3kban v\u00e1s\u00e1rolt szer\u00e9ny \u00e9telek felett id\u0151znek. A Frankenberger Viertel, egy alternat\u00edv negyed a v\u00e1ros d\u00e9li r\u00e9sz\u00e9n, t\u00f6r\u00f6k \u200b\u200b\u00e9s arab \u00e9ttermeknek ad otthont, ahol az autentikus \u00edzek vonzz\u00e1k mind a helyieket, mind az \u00fajonnan \u00e9rkez\u0151ket.<\/p>\n<p>Aachen esem\u00e9nynapt\u00e1ra a t\u00f6rt\u00e9nelmi szok\u00e1sokat \u00e9s a kort\u00e1rs \u00edzl\u00e9st egyar\u00e1nt t\u00fckr\u00f6zi. A kora tavaszi karnev\u00e1l egy eg\u00e9sz \u00e9ves \u00fcnnepp\u00e9 var\u00e1zsolja a v\u00e1rost, m\u00edg a k\u00f6zeli Landgraafban megrendezett Pinkpop zenei fesztiv\u00e1l minden ny\u00e1ron nemzetk\u00f6zi t\u00f6megeket vonz. R\u00f6viddel ezut\u00e1n k\u00f6vetkezik a CHIO lovasbajnoks\u00e1g, a glob\u00e1lis lovasversenyek \u00e1lland\u00f3 helysz\u00edne. Szeptemberben minden \u00e9vben kultur\u00e1lis v\u00e1s\u00e1rt rendeznek a v\u00e1rosk\u00f6zpontban, november v\u00e9g\u00e9t\u0151l december 23-ig pedig a Katschhof \u00e9s a M\u00fcnsterplatz ter\u00fclet\u00e9n tal\u00e1lhat\u00f3 kar\u00e1csonyi v\u00e1s\u00e1r bontakozik ki, fa standjai a kivil\u00e1g\u00edtott katedr\u00e1lis \u00e9s v\u00e1rosh\u00e1za el\u0151tt ragyognak.<\/p>\n<p>A sport- \u00e9s wellnessl\u00e9tes\u00edtm\u00e9nyek Aachen r\u00e9g\u00f3ta fenn\u00e1ll\u00f3 f\u00fcrd\u0151v\u00e1rosi identit\u00e1s\u00e1t t\u00fckr\u00f6zik. A Carolus Thermen kiterjedt term\u00e1lf\u00fcrd\u0151ket, szaun\u00e1kat \u00e9s wellness-kezel\u00e9seket k\u00edn\u00e1l, m\u00edg a Hangeweiher szabadt\u00e9ri medence \u2013 amely m\u00e1just\u00f3l szeptember k\u00f6zep\u00e9ig tart nyitva \u2013 a tornamedenc\u00e9ket \u00e1rny\u00e9kos r\u00e9tekkel \u00f6tv\u00f6zi a pihen\u00e9shez. \u00d6t fedett medence eg\u00e9sz \u00e9vben el\u00e9rhet\u0151, sportol\u00f3k \u00e9s csal\u00e1dok sz\u00e1m\u00e1ra egyar\u00e1nt.<\/p>\n<p>Sz\u00e1mos er\u00e9nye ellen\u00e9re Aachen \u2013 mint b\u00e1rmely v\u00e1rosi k\u00f6rnyezet \u2013 kih\u00edv\u00e1sokat is jelent. A legt\u00f6bb v\u00e1rosr\u00e9sz biztons\u00e1g\u00e9rzetet ny\u00fajt az alkalmi l\u00e1togat\u00f3knak, b\u00e1r a Hauptbahnhof \u00e9s a helyi buszp\u00e1lyaudvar k\u00f6rny\u00e9ke id\u0151nk\u00e9nt vonzza a f\u00fcgg\u0151s\u00e9ggel k\u00fczd\u0151ket. A v\u00e1rosk\u00f6zpontt\u00f3l d\u00e9lre fekv\u0151, posztindusztri\u00e1lis hanyatl\u00e1s \u00e1ltal form\u00e1lt ker\u00fcletek vonz\u00f3ak lehetnek azok sz\u00e1m\u00e1ra, akik nem ismerik a ritmusukat. A hat\u00e1rok k\u00f6zels\u00e9ge n\u00e9mi illeg\u00e1lis kereskedelmet is mag\u00e1val hoz, b\u00e1r ez ritk\u00e1n befoly\u00e1solja a lakosok \u00e9s a turist\u00e1k mindennapi \u00e9let\u00e9t.<\/p>\n<p>Fizikai form\u00e1j\u00e1val \u00e9s kultur\u00e1lis \u00e9let\u00e9vel Aachen a folytonoss\u00e1g \u00e9s az alkalmazkod\u00e1s tan\u00faja. A kelta zar\u00e1ndokok, a r\u00f3mai f\u00fcrd\u0151z\u0151k \u00e9s a karoling udvaroncok visszhangja \u00e1rk\u00e1dos tereken, k\u00f6z\u00e9pkori kapukban \u00e9s mozaikokkal szeg\u00e9lyezett k\u00e1poln\u00e1kban \u00e9l. M\u00e9gis az egyetemi laborat\u00f3riumok l\u00fcktet\u00e9se, a modern villamosok buszokk\u00e1 \u00fajragondol\u00e1sa \u00e9s a hat\u00e1rokon \u00e1tny\u00fal\u00f3 egy\u00fcttm\u0171k\u00f6d\u00e9s egy egyszerre \u0151si \u00e9s el\u0151remutat\u00f3 v\u00e1rost t\u00fckr\u00f6z. Itt, h\u00e1rom nemzet tal\u00e1lkoz\u00e1s\u00e1n\u00e1l a t\u00f6rt\u00e9nelem \u00e9s az innov\u00e1ci\u00f3 olyan biztosan folyik \u00f6ssze, mint a Wurm vize a Rurba.<\/p>","protected":false},"excerpt":{"rendered":"<p>Aachen N\u00e9metorsz\u00e1g legnyugatibb r\u00e9gi\u00f3j\u00e1ban tal\u00e1lhat\u00f3, t\u00f6bb mint 261 000 lakos\u00e1val \u00c9szak-Rajna-Vesztf\u00e1lia 13. \u00e9s az orsz\u00e1g 27. legnagyobb v\u00e1rosa. Ez a kultur\u00e1lis jelent\u0151s\u00e9g\u0171 t\u00f6rt\u00e9nelmi v\u00e1ros h\u00e1rom nemzet tal\u00e1lkoz\u00e1s\u00e1n\u00e1l tal\u00e1lhat\u00f3: N\u00e9metorsz\u00e1g, Belgium \u00e9s Hollandia. Aachen f\u00f6ldrajza a Magasl\u00e1p \u00e9s az Eifel-hegys\u00e9g \u00e9szaki l\u00e1b\u00e1n\u00e1l tal\u00e1lhat\u00f3, hull\u00e1mz\u00f3 dombokkal \u00e9s z\u00f6ldell\u0151 erd\u0151kkel, amelyek olyan fest\u0151i k\u00f6rnyezetet alkotnak, amely hossz\u00fa id\u0151k \u00f3ta elvar\u00e1zsolja a turist\u00e1kat.<\/p>","protected":false},"author":1,"featured_media":2912,"parent":13736,"menu_order":0,"comment_status":"closed","ping_status":"closed","template":"elementor_theme","meta":{"_eb_attr":"","footnotes":""},"class_list":["post-13800","page","type-page","status-publish","has-post-thumbnail"],"_links":{"self":[{"href":"https:\/\/travelshelper.com\/hu\/wp-json\/wp\/v2\/pages\/13800","targetHints":{"allow":["GET"]}}],"collection":[{"href":"https:\/\/travelshelper.com\/hu\/wp-json\/wp\/v2\/pages"}],"about":[{"href":"https:\/\/travelshelper.com\/hu\/wp-json\/wp\/v2\/types\/page"}],"author":[{"embeddable":true,"href":"https:\/\/travelshelper.com\/hu\/wp-json\/wp\/v2\/users\/1"}],"replies":[{"embeddable":true,"href":"https:\/\/travelshelper.com\/hu\/wp-json\/wp\/v2\/comments?post=13800"}],"version-history":[{"count":0,"href":"https:\/\/travelshelper.com\/hu\/wp-json\/wp\/v2\/pages\/13800\/revisions"}],"up":[{"embeddable":true,"href":"https:\/\/travelshelper.com\/hu\/wp-json\/wp\/v2\/pages\/13736"}],"wp:featuredmedia":[{"embeddable":true,"href":"https:\/\/travelshelper.com\/hu\/wp-json\/wp\/v2\/media\/2912"}],"wp:attachment":[{"href":"https:\/\/travelshelper.com\/hu\/wp-json\/wp\/v2\/media?parent=13800"}],"curies":[{"name":"wp","href":"https:\/\/api.w.org\/{rel}","templated":true}]}}