{"id":13736,"date":"2024-09-18T01:52:44","date_gmt":"2024-09-18T01:52:44","guid":{"rendered":"https:\/\/travelshelper.com\/staging\/?page_id=13736"},"modified":"2026-03-12T00:14:06","modified_gmt":"2026-03-12T00:14:06","slug":"nemetorszag","status":"publish","type":"page","link":"https:\/\/travelshelper.com\/hu\/destinations\/europe\/germany\/","title":{"rendered":"N\u00e9metorsz\u00e1g"},"content":{"rendered":"<p>A N\u00e9metorsz\u00e1gi Sz\u00f6vets\u00e9gi K\u00f6zt\u00e1rsas\u00e1g k\u00f6zponti helyet foglal el Eur\u00f3p\u00e1ban, 357 596 n\u00e9gyzetkilom\u00e9teren ter\u00fcl el a Balti- \u00e9s \u00c9szaki-tenger, valamint a d\u00e9li Alpok k\u00f6z\u00f6tt, \u00e9s a 2023-as n\u00e9psz\u00e1ml\u00e1l\u00e1s adatai szerint k\u00f6r\u00fclbel\u00fcl 84,7 milli\u00f3 lakos\u00fa. Kilenc orsz\u00e1ggal \u2013 D\u00e1ni\u00e1val, Lengyelorsz\u00e1ggal, Csehorsz\u00e1ggal, Ausztri\u00e1val, Sv\u00e1jccal, Franciaorsz\u00e1ggal, Luxemburggal, Belgiummal \u00e9s Hollandi\u00e1val \u2013 hat\u00e1rolva az Eur\u00f3pai Uni\u00f3 legn\u00e9pesebb tag\u00e1llama. Felsz\u00edne a Bajor-Alpok h\u00f3f\u00f6dte cs\u00facsait\u00f3l, ahol a Zugspitze el\u00e9ri a 2963 m\u00e9tert, erd\u0151s fenns\u00edkokon \u00e9s term\u00e9keny foly\u00f3v\u00f6lgyeken \u00e1t az \u00c9szaki- \u00e9s Balti-tenger ment\u00e9n elter\u00fcl\u0151 alacsony, sz\u00e9l korb\u00e1csolta s\u00edks\u00e1gokig ereszkedik le. Berlin a f\u0151v\u00e1ros \u00e9s kultur\u00e1lis k\u00f6zpont, Frankfurt a p\u00e9nz\u00fcgyi k\u00f6zpont, a Ruhr-vid\u00e9k pedig a legnagyobb v\u00e1rosi agglomer\u00e1ci\u00f3ja.<\/p>\n<p>Az emberi jelenl\u00e9t n\u00e9met f\u00f6ld\u00f6n az als\u00f3 paleolitikum vad\u00e1sz\u00f3-gy\u0171jt\u00f6get\u0151iig ny\u00falik vissza, akiket kelta, majd germ\u00e1n t\u00f6rzsek v\u00e1ltottak fel. Kr. u. els\u0151 sz\u00e1zadra a r\u00f3mai kr\u00f3nik\u00e1sok Germani\u00e1nak nevezt\u00e9k el a r\u00e9gi\u00f3t, amely a hat\u00e1raikon t\u00fali erd\u0151k \u00e9s t\u00f6rzsek t\u00e1j\u00e1t alkotta. 962-ben a sz\u00e1sz kir\u00e1lyok keleti birodalma a Szent R\u00f3mai Birodalom magj\u00e1v\u00e1 v\u00e1lt. A tizenhatodik sz\u00e1zadban az \u00e9szak-n\u00e9met v\u00e1rosok a protest\u00e1ns reform\u00e1ci\u00f3 k\u00f6zpontjaik\u00e9nt jelentek meg, sz\u00f3sz\u00e9ki vit\u00e1ik Eur\u00f3pa-szerte \u00e1talak\u00edtott\u00e1k a hitet. A nap\u00f3leoni felfordul\u00e1s 1806-ban feloszlatta a k\u00f6z\u00e9pkori birodalmat; 1815-re megalakult egy harminckilenc fejedelems\u00e9gb\u0151l \u00e1ll\u00f3 laza N\u00e9met Konf\u00f6der\u00e1ci\u00f3, amely ink\u00e1bb lesz\u00e1rmaz\u00e1s, mint nyelv vagy t\u00f6rv\u00e9ny alapj\u00e1n egyes\u00edtette a dinaszti\u00e1kat.<\/p>\n<p>A modern nemzet\u00e1llam az 1866-os osztr\u00e1k\u2013porosz h\u00e1bor\u00fa ut\u00e1n j\u00f6tt l\u00e9tre, amikor a porosz vezet\u00e9s\u0171 \u00c9szakn\u00e9met Konf\u00f6der\u00e1ci\u00f3 megnyitotta az utat a N\u00e9met Birodalom 1871-es kiki\u00e1lt\u00e1s\u00e1hoz. Ez a birodalmi v\u00e1llalkoz\u00e1s 1918-ban veres\u00e9ggel v\u00e9gz\u0151d\u00f6tt; a h\u00e1bor\u00fa \u00e9s a forradalom hamvaib\u00f3l sz\u00fcletett meg a Weimari K\u00f6zt\u00e1rsas\u00e1g, egy t\u00f6r\u00e9keny demokr\u00e1cia, amelyet politikai \u00e9s gazdas\u00e1gi z\u0171rzavar s\u00fajtott. Adolf Hitler n\u00e1ci p\u00e1rtj\u00e1nak 1933-as felemelked\u00e9se brut\u00e1lis diktat\u00far\u00e1t, glob\u00e1lis konfliktust \u00e9s n\u00e9pirt\u00e1st hozott mag\u00e1val. 1949-ben N\u00e9metorsz\u00e1g k\u00e9t \u00e1llamra szakadt: a demokratikus, nyugati p\u00e1rt\u00e1ll\u00e1s\u00fa N\u00e9met Sz\u00f6vets\u00e9gi K\u00f6zt\u00e1rsas\u00e1gra \u00e9s a keleti kommunista N\u00e9met Demokratikus K\u00f6zt\u00e1rsas\u00e1gra, Berlin pedig tov\u00e1bbra is n\u00e9gyhatalmi fel\u00fcgyelet alatt \u00e1llt. Kelet-N\u00e9metorsz\u00e1g rezsimj\u00e9nek 1989-es buk\u00e1sa az 1990. okt\u00f3ber 3-i \u00fajraegyes\u00edt\u00e9ssel tet\u0151z\u00f6tt, amelyet ma a N\u00e9met Egys\u00e9g Napjak\u00e9nt \u00fcnnepelnek.<\/p>\n<p>N\u00e9metorsz\u00e1g ma a vil\u00e1g vezet\u0151 gazdas\u00e1gai k\u00f6z\u00e9 tartozik. Szoci\u00e1lis piaci rendszere az er\u0151s ipart \u00e1tfog\u00f3 szoci\u00e1lis j\u00f3l\u00e9ttel \u00f6tv\u00f6zi: egyetemes eg\u00e9szs\u00e9g\u00fcgyi ell\u00e1t\u00e1ssal, nyugd\u00edjrendszerekkel, munkan\u00e9lk\u00fcli seg\u00e9lyekkel \u00e9s tand\u00edjmentes \u00e1llami egyetemekkel. Az orsz\u00e1g nomin\u00e1lis GDP-je a legnagyobb Eur\u00f3p\u00e1ban \u00e9s a harmadik legnagyobb vil\u00e1gszerte, m\u00edg az egy f\u0151re jut\u00f3, v\u00e1s\u00e1rl\u00f3er\u0151vel korrig\u00e1lt kibocs\u00e1t\u00e1s t\u00f6bb mint 20 sz\u00e1zal\u00e9kkal meghaladja az EU-\u00e1tlagot. A szolg\u00e1ltat\u00e1si szektor a teljes kibocs\u00e1t\u00e1s mintegy 72 sz\u00e1zal\u00e9k\u00e1t, az ipar k\u00f6r\u00fclbel\u00fcl 27 sz\u00e1zal\u00e9k\u00e1t \u2013 ezzel N\u00e9metorsz\u00e1g Eur\u00f3pa legels\u0151 gy\u00e1rt\u00f3ja \u2013, a mez\u0151gazdas\u00e1g pedig a fennmarad\u00f3 r\u00e9szt teszi ki. A munkan\u00e9lk\u00fclis\u00e9g t\u00f6rt\u00e9nelmileg az EU-\u00e1tlag alatt maradt, 2020 janu\u00e1rj\u00e1ban el\u00e9rte a 3,2 sz\u00e1zal\u00e9kot.<\/p>\n<p>Kereskedelmi nagyhatalomk\u00e9nt N\u00e9metorsz\u00e1g vil\u00e1gszerte a harmadik helyen \u00e1ll mind az export, mind az import tekintet\u00e9ben, \u00e9s K\u00edna ut\u00e1n a m\u00e1sodik legnagyobb kereskedelmi t\u00f6bblettel rendelkezik. F\u0151 kereskedelmi partnerei 2024-ben az Egyes\u00fclt \u00c1llamok, K\u00edna \u00e9s Hollandia voltak. A j\u00e1rm\u0171vek, g\u00e9pek \u00e9s vegyipari term\u00e9kek alkotj\u00e1k a n\u00e9met export gerinc\u00e9t. Az aut\u00f3ipar, amely olyan gy\u00e1rt\u00f3knak ad otthont, mint a Volkswagen Csoport, a BMW, a Mercedes-Benz, a Porsche \u00e9s az Audi, egyr\u00e9szt a kontinens legnagyobb termel\u0151je \u00e9rt\u00e9k szerint, m\u00e1sr\u00e9szt glob\u00e1lis innov\u00e1tor a m\u00e9rn\u00f6ki tudom\u00e1nyok \u00e9s a formatervez\u00e9s ter\u00fclet\u00e9n. Frankfurt az Eur\u00f3pai K\u00f6zponti Bank otthonak\u00e9nt az eur\u00f3pai monet\u00e1ris politika alapk\u00f6v\u00e9v\u00e9 v\u00e1lik, m\u00edg a hamburgi kik\u00f6t\u0151 Eur\u00f3pa harmadik legforgalmasabb kont\u00e9nerk\u00f6zpontja.<\/p>\n<p>N\u00e9metorsz\u00e1g t\u00e1jai \u00f6t f\u0151 term\u00e9szeti r\u00e9gi\u00f3ra oszlanak. Az \u00c9szak-n\u00e9met-s\u00edks\u00e1g a Fr\u00edz-szigetekt\u0151l a Balti-tenger partj\u00e1ig h\u00faz\u00f3dik, alacsony d\u0171n\u00e9it \u00e9s iszaplapjait heves nyugati szelek form\u00e1lj\u00e1k. Naponta k\u00e9tszer a Watt-tenger visszah\u00faz\u00f3dik, hatalmas \u00e1rap\u00e1ly-lapos ter\u00fcleteket felt\u00e1rva, ahol a vezetett iszaplapos s\u00e9t\u00e1k sor\u00e1n kagyl\u00f3k \u00e9s g\u00e1zl\u00f3madarak f\u00f6ld\u00f6nt\u00fali vil\u00e1ga t\u00e1rul fel. A partt\u00f3l t\u00e1volabb fekszenek a Keleti- \u00e9s \u00c9szaki-fr\u00edz-szigetek, a belf\u00f6ldi turist\u00e1k \u00e1ltal kedvelt aut\u00f3mentes mened\u00e9khelyek. A k\u00f6zponti fenns\u00edkok \u2013 az olyan erd\u0151s hegys\u00e9gek, mint a Harz, a Fekete-erd\u0151 \u00e9s a Bajor-erd\u0151 \u2013 p\u00e1sztorv\u00f6lgyeket \u00f6tv\u00f6znek kisv\u00e1rosokkal, amelyek fav\u00e1zas h\u00e1zai a k\u00f6z\u00e9pkort id\u00e9zik. D\u00e9lnyugatra a term\u00e9keny Rajna-v\u00f6lgy R\u00fcdesheimt\u0151l Koblenzig h\u00edres borokat terem.<\/p>\n<p>A legd\u00e9libb pont az Alpok \u00e9szaki perem\u00e9t \u00f6leli fel, ahol felvon\u00f3k h\u00e1l\u00f3zata viszi fel a l\u00e1togat\u00f3kat a Zugspitze cs\u00facs\u00e1ra, az alpesi \u00f6sv\u00e9nyek pedig smaragdz\u00f6ld legel\u0151k\u00f6n \u00e9s gleccsertavakon haladnak \u00e1t. A Boden-t\u00f3, amelyet Ausztri\u00e1val \u00e9s Sv\u00e1jccal osztanak meg, h\u00f3f\u00f6dte cs\u00facsokat t\u00fckr\u00f6z, mik\u00f6zben partjain\u00e1l v\u00edzi sportokat \u00e9s gy\u00fcm\u00f6lcs\u00f6s\u00f6ket k\u00edn\u00e1l. Ezekben a r\u00e9gi\u00f3kban \u00f6t sz\u00e1razf\u00f6ldi \u00f6kor\u00e9gi\u00f3 gazdag biodiverzit\u00e1ssal rendelkezik: az atlanti \u00e9s balti vegyes erd\u0151kt\u0151l a k\u00f6z\u00e9p-eur\u00f3pai lombhullat\u00f3 \u00e9s alpesi t\u0171level\u0171 erd\u0151kig. N\u00e9metorsz\u00e1g ter\u00fclet\u00e9nek t\u00f6bb mint fel\u00e9t mez\u0151gazdas\u00e1gi m\u0171vel\u00e9s alatt tartj\u00e1k, k\u00f6zel egyharmad\u00e1t erd\u0151 bor\u00edtja, a t\u00f6bbit pedig telep\u00fcl\u00e9sek foglalj\u00e1k el. A legfontosabb term\u00e9szeti er\u0151forr\u00e1sok k\u00f6z\u00e9 tartozik t\u00f6bbek k\u00f6z\u00f6tt a vas\u00e9rc, a sz\u00e9n, a k\u00e1lium-karbon\u00e1t, a faanyag \u00e9s a lignit.<\/p>\n<p>N\u00e9metorsz\u00e1g n\u00f6v\u00e9nyvil\u00e1g\u00e1t a b\u00fckk, t\u00f6lgy, lucfeny\u0151 \u00e9s feny\u0151 alkotja, a p\u00e1fr\u00e1nyok, gomb\u00e1k \u00e9s vadvir\u00e1gok, p\u00e9ld\u00e1ul a k\u00e9k b\u00fazavir\u00e1g, amely egykor nemzeti jelk\u00e9p volt, mellett\u00fck. Az \u00e1llatvil\u00e1g az \u0151zt\u0151l \u00e9s a vaddiszn\u00f3t\u00f3l az eur\u00e1zsiai h\u00f3don \u00e1t az alkalmank\u00e9nt el\u0151fordul\u00f3 muflonig terjed. A term\u00e9szetv\u00e9delem tizenhat nemzeti parkot \u2013 k\u00f6zt\u00fck a r\u00fcgeni Jasmundot, a Bajor-erd\u0151t \u00e9s a Berchtesgadent \u2013, valamint tizenh\u00e9t bioszf\u00e9ra-rezerv\u00e1tumot \u00e9s t\u00f6bb mint sz\u00e1z term\u00e9szetv\u00e9delmi parkot hozott l\u00e9tre. \u00c1llatkertek is b\u0151velkednek, az 1844-ben alap\u00edtott Berlini \u00c1llatkert a vil\u00e1g legkiterjedtebb fajgy\u0171jtem\u00e9ny\u00e9vel rendelkezik, \u00e9s vesz\u00e9lyeztetett \u00e1llatok teny\u00e9szt\u00e9s\u00e9nek k\u00f6zpontjak\u00e9nt is szolg\u00e1l.<\/p>\n<p>N\u00e9metorsz\u00e1g m\u00e9rs\u00e9kelt \u00e9ghajlata az \u00e9szaknyugati \u00f3ce\u00e1ni \u00e9ghajlatt\u00f3l, ahol a tengeri \u00e9ghajlat befoly\u00e1solja a m\u00e9rs\u00e9kelt h\u0151m\u00e9rs\u00e9kleteket, a keleti \u00e9s d\u00e9lkeleti kontinent\u00e1lis \u00e9ghajlatig terjed, hangs\u00falyosabb szezon\u00e1lis sz\u00e9ls\u0151s\u00e9gekkel. A 2019 febru\u00e1rja \u00e9s 2020 febru\u00e1rja k\u00f6z\u00f6tti havi \u00e1tlagh\u0151m\u00e9rs\u00e9klet 3,3 \u00b0C (2020 janu\u00e1rja) \u00e9s 19,8 \u00b0C (2019 j\u00faniusa) k\u00f6z\u00f6tt mozgott. A csapad\u00e9kmennyis\u00e9g tavasszal 30 l\/m\u00b2 \u00e9s t\u00e9l v\u00e9g\u00e9n 125 l\/m\u00b2 k\u00f6z\u00f6tt ingadozott, m\u00edg a naps\u00fct\u00e9ses \u00f3r\u00e1k sz\u00e1ma a 2019 novemberi 45-r\u0151l 2019 j\u00fanius\u00e1ban 300-ra terjedt. A hossz\u00fa t\u00e1v\u00fa \u00e9ghajlatv\u00e1ltoz\u00e1s s\u00falyosb\u00edtja a h\u0151hull\u00e1mokat \u00e9s az \u00e1rad\u00e1sokat, \u00e9s vesz\u00e9lyezteti a v\u00edzell\u00e1t\u00e1st \u00e9s a mez\u0151gazdas\u00e1got, a becs\u00fclt gazdas\u00e1gi k\u00e1rok pedig az \u00e9vsz\u00e1zad k\u00f6zep\u00e9re ak\u00e1r a 900 milli\u00e1rd eur\u00f3t is el\u00e9rhetik.<\/p>\n<p>N\u00e9metorsz\u00e1g kult\u00far\u00e1ja \u00e9vsz\u00e1zados filoz\u00f3fiai, tudom\u00e1nyos \u00e9s m\u0171v\u00e9szeti t\u00f6rekv\u00e9seket t\u00fckr\u00f6z. Az orsz\u00e1g 54 UNESCO Vil\u00e1g\u00f6r\u00f6ks\u00e9gi helysz\u00ednnel b\u00fcszk\u00e9lkedhet \u2013 a vil\u00e1g legmagasabbjai k\u00f6z\u00e9 tartoznak \u2013, k\u00f6zt\u00fck a k\u00f6lni d\u00f3m, a w\u00fcrzburgi rezidencia \u00e9s a Messel-g\u00f6d\u00f6r barlangjai. A m\u00fcncheni sz\u00fclet\u00e9s\u0171 Oktoberfesthez hasonl\u00f3 n\u00e9phagyom\u00e1nyok, valamint a kar\u00e1csonyi szok\u00e1sok, mint az adventi koszor\u00fak \u00e9s a Stollen-kal\u00e1csok, tov\u00e1bbra is vonzz\u00e1k a t\u00f6megeket. Az \u00e1llami \u00fcnnepek \u00e1llamonk\u00e9nt elt\u00e9r\u0151ek, de okt\u00f3ber 3-\u00e1n minden n\u00e9met egyes\u00fcl az \u00fajraegyes\u00edt\u00e9s \u00fcnnepl\u00e9s\u00e9ben. A t\u00e1rsadalmi sz\u00f6vet 49,7 sz\u00e1zal\u00e9kban kereszt\u00e9ny (protest\u00e1ns \u00e9s katolikus), becsl\u00e9sek szerint 6,7 sz\u00e1zal\u00e9kban muszlim, valamint kisebb zsid\u00f3, buddhista \u00e9s m\u00e1s k\u00f6z\u00f6ss\u00e9gek alkotj\u00e1k, m\u00edg a szekularizmus az elm\u00falt \u00e9vtizedekben jelent\u0151sen megn\u0151tt.<\/p>\n<p>A n\u00e9met konyha a region\u00e1lis v\u00e1ltozatoss\u00e1gban t\u00fcnd\u00f6k\u00f6l. A p\u00e9ks\u00e9gek t\u00f6bb mint 600 f\u00e9le kenyeret \u00e9s 1200 f\u00e9le p\u00e9ks\u00fctem\u00e9nyt k\u00e9sz\u00edtenek; a sajtok az eur\u00f3pai termel\u00e9s mintegy 22 sz\u00e1zal\u00e9k\u00e1t teszik ki; a kolb\u00e1szoknak k\u00f6zel 1500 fajt\u00e1juk van, a kiad\u00f3s bratwurstokt\u00f3l a finom weissw\u00fcrstekig. A s\u00f6r, amelyet a tizenhatodik sz\u00e1zadra visszany\u00fal\u00f3 tisztas\u00e1gi t\u00f6rv\u00e9nyek tisztelnek, tov\u00e1bbra is a nemzeti ital, \u00e9vente t\u00f6bb mint 110 liter\/f\u0151 fogyaszt\u00e1ssal, m\u00edg a bortermel\u00e9s a kilencedik helyen \u00e1ll a vil\u00e1gon. A nemzetk\u00f6zi konyha is vir\u00e1gzik a v\u00e1rosi k\u00f6zpontokban, a t\u00f6r\u00f6k \u200b\u200bd\u00f6ner kebabt\u00f3l az \u00e1zsiai \u00e9s mediterr\u00e1n specialit\u00e1sokig.<\/p>\n<p>A sport, k\u00fcl\u00f6n\u00f6sen a futball, leny\u0171g\u00f6zi a nemzetet. A t\u00f6bb mint h\u00e9tmilli\u00f3 taggal rendelkez\u0151 N\u00e9met Labdar\u00fag\u00f3 Sz\u00f6vets\u00e9g a vil\u00e1g legnagyobb egy sport\u00e1gat \u00e1tfog\u00f3 szervezete. A Bundesliga a m\u00e1sodik legmagasabb \u00e1tlagos n\u00e9z\u0151sz\u00e1mot vonzza a profi lig\u00e1k k\u00f6z\u00f6tt vil\u00e1gszerte, a f\u00e9rfi v\u00e1logatott pedig n\u00e9gy FIFA-vil\u00e1gbajnoks\u00e1got, h\u00e1rom UEFA-Eur\u00f3pa-bajnoks\u00e1got \u00e9s a 2017-es FIFA Konf\u00f6der\u00e1ci\u00f3s Kup\u00e1t nyert.<\/p>\n<p>A precizit\u00e1s \u00e9s a szab\u00e1lyokhoz k\u00f6t\u00f6tt viselked\u00e9s sztereot\u00edpi\u00e1ja ellen\u00e9re N\u00e9metorsz\u00e1g a region\u00e1lis soksz\u00edn\u0171s\u00e9g gazdags\u00e1g\u00e1t mutatja. Tizenhat \u00e1llam (\u201etartom\u00e1ny\u201d) \u2013 amelyek k\u00f6z\u00fcl h\u00e1rom v\u00e1ros\u00e1llam \u2013 t\u00f6rt\u00e9nelmi hercegs\u00e9gekre \u00e9s fejedelems\u00e9gekre vezethet\u0151 vissza. Az \u00e9szaki lakosok aln\u00e9met\u00fcl besz\u00e9lnek \u00e9s \u00e9lvezik a sz\u00e9lf\u00fatta partokat; a nyugati borvid\u00e9kek a Mosel \u00e9s a Rajna vid\u00e9k\u00e9n d\u00e9delgetik a borokat; K\u00f6z\u00e9p-Hessen \u00e9s T\u00fcringia s\u0171r\u0171 erd\u0151ket \u00e9s k\u00f6z\u00e9pkori v\u00e1rosokat rejt; a keleti tartom\u00e1nyok az NDK lenyomat\u00e1t viselik, m\u00edg a d\u00e9l Bajororsz\u00e1g alpesi b\u00e1j\u00e1val \u00e9s sv\u00e1b kulin\u00e1ris finoms\u00e1gaival b\u00fcszk\u00e9lkedhet. Kilenc v\u00e1ros emelkedik ki: Berlin kultur\u00e1lis renesz\u00e1nsza a megosztott m\u00falt ut\u00e1n; Br\u00e9ma tengerparti negyede; K\u00f6ln r\u00f3mai \u00f6r\u00f6ks\u00e9ge \u00e9s magasod\u00f3 katedr\u00e1lisa; Drezda f\u00e1rads\u00e1gos \u00fajj\u00e1\u00e9p\u00edt\u00e9se; D\u00fcsseldorf divatja \u00e9s foly\u00f3parti s\u00e9t\u00e1nyai; Frankfurt l\u00e1tk\u00e9pe \u00e9s m\u00fazeumai; Hamburg csatorn\u00e1i \u00e9s az Elbphilharmonie; M\u00fcnchen s\u00f6rcsarnokai \u00e9s alpesi kapuja; valamint N\u00fcrnberg k\u00f6z\u00e9pkori falai \u00e9s a h\u00e1bor\u00fas b\u0171n\u00f6k komor helysz\u00ednei.<\/p>\n<p>Ezeken t\u00fal az utaz\u00f3k Binz \u00e9s Usedom balti partjait; a Neuschwanstein kast\u00e9ly mes\u00e9s l\u00e1tk\u00e9p\u00e9t; a frank Sv\u00e1jc karsztszikl\u00e1it; a Harz Brocken-cs\u00facs\u00e1nak misztikus \u00f6sv\u00e9nyeit; a Boden-t\u00f3 nyugodt viz\u00e9t; \u00e9s a K\u00f6z\u00e9p-Rajna-v\u00f6lgy sz\u0151l\u0151\u00fcltetv\u00e9nyeit keresik. T\u00f6rt\u00e9nelmi \u00fatvonalak kanyarognak Rothenburg ob der Tauber er\u0151d\u00edtett b\u00e1sty\u00e1i \u00e9s Ulm magasod\u00f3 M\u00fcnstere mellett, m\u00edg a Grimm testv\u00e9rek \u00f6sv\u00e9nye olyan falvakat k\u00f6t \u00f6ssze, amelyek Rapunzel \u00e9s Rumpelstiltskin mes\u00e9it ihlett\u00e9k.<\/p>\n<p>Modern ipari nemzetk\u00e9nt N\u00e9metorsz\u00e1g \u201egazdas\u00e1gi csod\u00e1ja\u201d k\u00e9zzelfoghat\u00f3 form\u00e1t \u00f6lt a Ruhr-vid\u00e9k sz\u00e9n- \u00e9s ac\u00e9l\u00f6r\u00f6ks\u00e9g\u00e9ben, Hamburg glob\u00e1lis haj\u00f3z\u00e1si art\u00e9ri\u00e1iban, Frankfurt p\u00e9nz\u00fcgyi felh\u0151karcol\u00f3iban, D\u00fcsseldorf st\u00edlusnegyedeiben, K\u00f6ln m\u00e9diav\u00e1llalataiban \u00e9s Stuttgart aut\u00f3m\u00fazeumaiban. Berlin, egyszerre megt\u00f6rt \u00e9s egys\u00e9ges, Bauhaus-tornyokat \u00e9s barokk palot\u00e1kat, utcai m\u0171v\u00e9szetet \u00e9s f\u00f6ldalatti klubokat, a holokauszt eml\u00e9km\u0171veit \u00e9s a demokratikus meg\u00fajul\u00e1s szimb\u00f3lumait helyezi egym\u00e1s mell\u00e9.<\/p>\n<p>A n\u00e9metorsz\u00e1gi mindennapi \u00e9letnek megvannak a maga etikett szab\u00e1lyai: a piros l\u00e1mpa b\u00e1rmikor tiszteletet parancsol; a hivatalos, vezet\u00e9kn\u00e9vvel ell\u00e1tott megsz\u00f3l\u00edt\u00e1s \u00e9s a \u201esie\u201d n\u00e9vm\u00e1s a professzion\u00e1lis udvariass\u00e1got hangs\u00falyozza; az \u0151szintes\u00e9get a cseveg\u00e9sn\u00e9l t\u00f6bbre \u00e9rt\u00e9kelik; a humor az ir\u00f3ni\u00e1ra \u00e9s a sz\u00f3j\u00e1t\u00e9kra hajlik. A nyilv\u00e1nos helyeken illemszab\u00e1lyok \u00e9rv\u00e9nyesek: a Steinb\u0151l val\u00f3 iv\u00e1s gyakori, de a gar\u00e1zda viselked\u00e9s gyors fedd\u00e9st von maga ut\u00e1n; az eml\u00e9km\u0171vek \u00e9s az istentiszteleti helyek a szigor\u00fa betart\u00e1st \u00e9rdeml\u0151 h\u00e1ziszab\u00e1lyok ut\u00e1n k\u00f6vetkeznek; a gyerekek tov\u00e1bbra is sz\u00fcl\u0151i fel\u00fcgyelet alatt maradnak, nehogy az \u201eEltern haften f\u00fcr ihre Kinder\u201d sz\u00f3 szerintiv\u00e9 v\u00e1ljon. A strandokon \u00e9s a szaun\u00e1kban szok\u00e1s a f\u00e9lmeztelen napoz\u00e1s \u00e9s a vegyes nem\u0171 meztelens\u00e9g; a doh\u00e1nyz\u00e1si tilalom z\u00e1rt t\u00e9rben \u00e9s a vonatokon is \u00e9rv\u00e9nyes, m\u00edg a vape jogi sz\u00fcrke z\u00f3n\u00e1t alkot. Vend\u00e9gk\u00e9nt az ember fogyaszt\u00e1si aj\u00e1nd\u00e9kokkal \u2013 finom helyi borral vagy k\u00e9zm\u0171ves csemeg\u00e9vel \u2013 viszonozza a vend\u00e9gszeretetet, amelyeket t\u00f6bbre \u00e9rt\u00e9kelnek, mint a csecsebecs\u00e9ket.<\/p>","protected":false},"excerpt":{"rendered":"<p>N\u00e9metorsz\u00e1g, hivatalos nev\u00e9n a N\u00e9met Sz\u00f6vets\u00e9gi K\u00f6zt\u00e1rsas\u00e1g, K\u00f6z\u00e9p-Eur\u00f3p\u00e1ban tal\u00e1lhat\u00f3, \u00e9s 357 569 n\u00e9gyzetkilom\u00e9ternyi (138 058 n\u00e9gyzetm\u00e9rf\u00f6ld) ter\u00fcleten t\u00f6bb mint 82 milli\u00f3 lakossal rendelkezik. N\u00e9metorsz\u00e1g az Eur\u00f3pai Uni\u00f3 legn\u00e9pesebb tag\u00e1llama, \u00e9s kiemelked\u0151 szerepl\u0151je az eur\u00f3pai \u00e9s a glob\u00e1lis sz\u00ednt\u00e9ren egyar\u00e1nt. N\u00e9metorsz\u00e1g fontos fekv\u00e9se a kontinens keresztez\u0151d\u00e9s\u00e9ben \u00e9vezredek \u00f3ta befoly\u00e1solja t\u00f6rt\u00e9nelm\u00e9t, kult\u00far\u00e1j\u00e1t \u00e9s gazdas\u00e1gi n\u00f6veked\u00e9s\u00e9t.<\/p>","protected":false},"author":1,"featured_media":3923,"parent":24078,"menu_order":0,"comment_status":"closed","ping_status":"closed","template":"elementor_theme","meta":{"_eb_attr":"","footnotes":""},"class_list":["post-13736","page","type-page","status-publish","has-post-thumbnail"],"_links":{"self":[{"href":"https:\/\/travelshelper.com\/hu\/wp-json\/wp\/v2\/pages\/13736","targetHints":{"allow":["GET"]}}],"collection":[{"href":"https:\/\/travelshelper.com\/hu\/wp-json\/wp\/v2\/pages"}],"about":[{"href":"https:\/\/travelshelper.com\/hu\/wp-json\/wp\/v2\/types\/page"}],"author":[{"embeddable":true,"href":"https:\/\/travelshelper.com\/hu\/wp-json\/wp\/v2\/users\/1"}],"replies":[{"embeddable":true,"href":"https:\/\/travelshelper.com\/hu\/wp-json\/wp\/v2\/comments?post=13736"}],"version-history":[{"count":0,"href":"https:\/\/travelshelper.com\/hu\/wp-json\/wp\/v2\/pages\/13736\/revisions"}],"up":[{"embeddable":true,"href":"https:\/\/travelshelper.com\/hu\/wp-json\/wp\/v2\/pages\/24078"}],"wp:featuredmedia":[{"embeddable":true,"href":"https:\/\/travelshelper.com\/hu\/wp-json\/wp\/v2\/media\/3923"}],"wp:attachment":[{"href":"https:\/\/travelshelper.com\/hu\/wp-json\/wp\/v2\/media?parent=13736"}],"curies":[{"name":"wp","href":"https:\/\/api.w.org\/{rel}","templated":true}]}}