{"id":13671,"date":"2024-09-18T01:03:38","date_gmt":"2024-09-18T01:03:38","guid":{"rendered":"https:\/\/travelshelper.com\/staging\/?page_id=13671"},"modified":"2026-03-12T00:58:08","modified_gmt":"2026-03-12T00:58:08","slug":"volosz","status":"publish","type":"page","link":"https:\/\/travelshelper.com\/hu\/destinations\/europe\/greece\/volos\/","title":{"rendered":"V\u00f3losz"},"content":{"rendered":"<p>Volos, a tengerparti kik\u00f6t\u0151v\u00e1ros, amely Thessz\u00e1lia tengeri kapujak\u00e9nt szolg\u00e1l, f\u00f6ldrajz \u00e9s t\u00f6rt\u00e9nelem ter\u00e9n egyar\u00e1nt meghat\u00e1roz\u00f3. 2021-es adatai szerint 85 803 lakos\u00e1val a Pagas\u00e9tikus-\u00f6b\u00f6l legbels\u0151 pontj\u00e1n fekszik, ahol a Pelion-hegy l\u00e1b\u00e1n\u00e1l fekv\u0151 s\u00edks\u00e1g kelet fel\u00e9 Agria, d\u00e9lnyugat pedig Nea Anchialos fel\u00e9 h\u00faz\u00f3dik. A Magnesia region\u00e1lis egys\u00e9g f\u0151v\u00e1rosak\u00e9nt Volos nemcsak region\u00e1lis k\u00f6zigazgat\u00e1si k\u00f6zpontk\u00e9nt funkcion\u00e1l, hanem Thessz\u00e1lia egyetlen kij\u00e1rata az \u00c9gei-tengerre, hidat k\u00e9pezve G\u00f6r\u00f6gorsz\u00e1g legnagyobb mez\u0151gazdas\u00e1gi h\u00e1torsz\u00e1ga \u00e9s az eur\u00f3pai \u00e9s \u00e1zsiai kereskedelem sz\u00e9lesebb k\u00f6r\u0171 \u00e1ramlatai k\u00f6z\u00f6tt.<\/p>\n<p>Volos mitikus eredet\u00e9t Iolkos \u0151si telep\u00fcl\u00e9s\u00e9n alap\u00edtja \u2013 ahol \u00e1ll\u00edt\u00f3lag Jason \u00e9s az argonaut\u00e1k bocs\u00e1tott\u00e1k v\u00edzre az Arg\u00f3t \u2013, \u00e9s az\u00f3ta folyamatosan meg\u00fajul. A modern v\u00e1ros az 1955-\u00f6s katasztrof\u00e1lis f\u00f6ldreng\u00e9sek ut\u00e1n sz\u00fcletett, amelyek neoklasszicista k\u00fari\u00e1inak \u00e9s t\u00f6rt\u00e9nelmi v\u00edzpartj\u00e1nak nagy r\u00e9sz\u00e9t a f\u00f6lddel tett\u00e9k egyenl\u0151v\u00e9. Hely\u00fck\u00f6n kort\u00e1rs \u00e9p\u00edtm\u00e9nyek h\u00e1l\u00f3zata emelkedett, m\u00edg n\u00e9h\u00e1ny fel\u00faj\u00edtott k\u00faria ma k\u00f6zc\u00e9lokat szolg\u00e1l, egy let\u0171nt keresked\u0151i j\u00f3l\u00e9t halv\u00e1nyul\u00f3 nyomaik\u00e9nt. Arisztotelis Zachos \u00e9p\u00edt\u00e9sz nyomot hagyott a v\u00e1ros l\u00e1tk\u00e9p\u00e9n Szent Mikl\u00f3s \u00e9s Szent Konstantin \u00e9s Ilona templomaival, amelyek a tengerparti s\u00e9t\u00e1ny diszkr\u00e9t jelz\u0151f\u00e9nyei, \u00e9s a v\u00e1ros tenger\u00e9szeti \u00f6r\u00f6ks\u00e9g\u00e9r\u0151l \u00e9s spiritu\u00e1lis alapjair\u00f3l besz\u00e9lnek.<\/p>\n<p>F\u00f6ldrajzilag Volost h\u00e1rom hegyi \u00f6z\u00f6n \u2013 Anavrosz, Krafsidonas \u00e9s Xirias \u2013 hat\u00e1rozza meg, amelyek mindegyike a Pelion-hegy 1610 m\u00e9teres cs\u00facs\u00e1r\u00f3l ereszkedik le. Term\u00e9szetes akad\u00e1lyokat v\u00e1jnak a v\u00e1rosi t\u00e1jba, alak\u00edtj\u00e1k a v\u00e1rosr\u00e9szek hat\u00e1rait \u00e9s z\u00f6ldell\u0151 folyos\u00f3kat hoznak l\u00e9tre, amelyek m\u00e9rs\u00e9klik a v\u00e1ros ipari sz\u00edv\u00e9t. Krafsidonas k\u00fcl\u00f6n\u00f6sen a metropolisz z\u00f6ld t\u00fcdejek\u00e9nt szolg\u00e1l, elv\u00e1lasztva Volos \u00e9s Nea Ionia telep\u00fcl\u00e9seit, mik\u00f6zben parkokat \u00e9s gyalogutakat t\u00e1pl\u00e1l. A k\u00f6zvetlen\u00fcl d\u00e9lre emelked\u0151 Pelion-hegys\u00e9g es\u0151\u00e1rny\u00e9kot vet, amely m\u00e9rs\u00e9kli a csapad\u00e9kot, m\u00edg az \u00f6b\u00f6l nyugodt vize olyan \u00e9ghajlattal ruh\u00e1zza fel a v\u00e1rost, amely egyens\u00falyban tartja a meleg nyarakat az enyhe telekkel, lehet\u0151v\u00e9 t\u00e9ve az alkalmank\u00e9nti havaz\u00e1st an\u00e9lk\u00fcl, hogy meg\u00e1ll\u00edtan\u00e1 a mindennapi \u00e9letet.<\/p>\n<p>Volos gazdas\u00e1ga a strat\u00e9giai f\u00f6ldrajzi elhelyezked\u00e9s \u00e9s az ipari fejl\u0151d\u00e9s bizony\u00edt\u00e9ka. Az E75-\u00f6s (PATHE) aut\u00f3p\u00e1lya keresztez\u0151d\u00e9s\u00e9n\u00e9l fekv\u0151, Ath\u00e9nba, Thesszalonikibe \u00e9s Larissz\u00e1ba vezet\u0151 vas\u00fati \u00f6sszek\u00f6ttet\u00e9ssel rendelkez\u0151, valamint a kik\u00f6t\u0151 \u2013 G\u00f6r\u00f6gorsz\u00e1g harmadik legnagyobb tehertermin\u00e1ljai \u00e1ltal is \u00f6sszek\u00f6t\u00f6tt \u2013 Volos sokr\u00e9t\u0171 gazdas\u00e1got tart fenn, amely mag\u00e1ban foglalja a gy\u00e1rt\u00e1st, a kereskedelmet, a szolg\u00e1ltat\u00e1sokat \u00e9s az idegenforgalmat. A neh\u00e9zipar az ac\u00e9lgy\u00e1rt\u00e1sban \u2013 a METKA, a SIDENOR \u00e9s a Hellenic Steel r\u00e9v\u00e9n \u2013, valamint az AGET Heracles \u00fczem cementgy\u00e1rt\u00e1s\u00e1ban vir\u00e1gzik, amely \u00e9vente t\u00f6bb mint h\u00e9tmilli\u00f3 tonna cementet sz\u00e1ll\u00edt fel saj\u00e1t m\u00f3l\u00f3j\u00e1n kereszt\u00fcl. A kutat\u00e1si kezdem\u00e9nyez\u00e9sek kieg\u00e9sz\u00edtik ezeket az ipari pill\u00e9reket: a Hellas Kutat\u00e1si \u00e9s Technol\u00f3giai K\u00f6zpont r\u00e9szek\u00e9nt m\u0171k\u00f6d\u0151 Biogazdas\u00e1gi \u00e9s Agr\u00e1rtechnol\u00f3giai Int\u00e9zet kiemeli Volos szerep\u00e9t a mez\u0151gazdas\u00e1gi innov\u00e1ci\u00f3ban \u00e9s a tudom\u00e1nyos egy\u00fcttm\u0171k\u00f6d\u00e9sben.<\/p>\n<p>A v\u00e1rosban l\u00fcktet az akad\u00e9miai \u00e9let a Thessz\u00e1liai Egyetemen kereszt\u00fcl, melynek konferenciatermei \u00e9s ki\u00e1ll\u00edt\u00f3terei nemzetk\u00f6zi tudom\u00e1nyos \u00e9s kultur\u00e1lis tal\u00e1lkoz\u00f3knak adnak otthont. Volos 2004-es olimpiai j\u00e1t\u00e9kokon val\u00f3 r\u00e9szv\u00e9tele atl\u00e9tikai esem\u00e9nyek hagyom\u00e1ny\u00e1t ind\u00edtotta el, az Atl\u00e9tikai Eur\u00f3pa-bajnoks\u00e1gt\u00f3l a 2013-as Nemzetk\u00f6zi Csillag\u00e1szati \u200b\u200b\u00e9s Asztrofizikai Olimpi\u00e1ig. Ezek az alkalmak meger\u0151s\u00edtik azt a polg\u00e1ri identit\u00e1st, amely mind a fizikai er\u0151fesz\u00edt\u00e9st, mind az intellektu\u00e1lis felfedez\u00e9st nagyra \u00e9rt\u00e9keli.<\/p>\n<p>Volos modern homlokzata alatt az \u00f3kor r\u00e9tegei h\u00faz\u00f3dnak. A v\u00e1rost\u00f3l \u00e9szakkeletre tal\u00e1lhat\u00f3 az \u00f3kori Dimini \u00e9s Sesklo r\u00e9g\u00e9szeti lel\u0151helye, amelyek az emberi jelenl\u00e9tet eg\u00e9szen a neolitikumig k\u00f6vetik nyomon, felt\u00e1rva er\u0151d\u00edtett telep\u00fcl\u00e9seket, \u00e1ldozati s\u00edrokat \u00e9s palotaalapokat, amelyek a m\u00fck\u00e9n\u00e9i nagys\u00e1got el\u0151revet\u00edtik. Dimini N-h\u00e1za, a padl\u00f3 alatti \u00e9g\u0151\u00e1ldozatok megrend\u00edt\u0151 maradv\u00e1nyaival, \u00e9s az impoz\u00e1ns Tombi s\u00edr a korai ritu\u00e1lis gyakorlatokon val\u00f3 elm\u00e9lked\u00e9sre k\u00e9sztet. Sesklo dombtet\u0151n fekv\u0151 fekv\u00e9se leny\u0171g\u00f6z\u0151 kil\u00e1t\u00e1st ny\u00fajt az \u00f6b\u00f6lre, de kevesebb fennmaradt \u00e9p\u00edtm\u00e9nyt rejt, ami \u00f6sszetett kapcsolatra \u2013 tal\u00e1n rivaliz\u00e1l\u00e1sra vagy kereskedelemre \u2013 utal a szomsz\u00e9dj\u00e1val. Mindk\u00e9t helysz\u00edn g\u00f6r\u00f6g \u00e9s angol nyelv\u0171 vezetett audiot\u00far\u00e1kkal \u00e9rhet\u0151 el, a k\u00f6z\u00f6s bel\u00e9p\u0151jegyek pedig feljogos\u00edtj\u00e1k a l\u00e1togat\u00f3kat arra, hogy egym\u00e1s ut\u00e1n felfedezz\u00e9k mindkett\u0151t.<\/p>\n<p>A v\u00e1roson bel\u00fcl tal\u00e1lhat\u00f3 az Athanasakeion R\u00e9g\u00e9szeti M\u00fazeum, amely a magn\u00e9ziai t\u00f6rt\u00e9nelem kompakt, m\u00e9gis \u00e1tfog\u00f3 kr\u00f3nik\u00e1j\u00e1t mutatja be, m\u00edg az \u00c9szak- \u00e9s D\u00e9l-Tsalapata T\u00e9glagy\u00e1r M\u00fazeuma egy 1926-os ipari komplexumot alak\u00edt \u00e1t a huszadik sz\u00e1zad eleji gy\u00e1rt\u00e1s \u00e9l\u0151 tabl\u00f3j\u00e1v\u00e1. Hoffmann kemenc\u00e9i, agyagtart\u00e1lyai \u00e9s sz\u00e1ll\u00edt\u00f3rendszerei a t\u00e9gla- \u00e9s cser\u00e9pgy\u00e1rt\u00e1s ritmus\u00e1t id\u00e9zik fel, amely egykor t\u00f6bb sz\u00e1z embert foglalkoztatott, \u00e9s form\u00e1lta Volos \u00e9p\u00edtett k\u00f6rnyezet\u00e9t. A Volos V\u00e1rosi M\u00fazeum ezeket a k\u00edn\u00e1latokat kieg\u00e9sz\u00edti a polg\u00e1ri \u00e9letr\u0151l, a munk\u00e1smozgalmakr\u00f3l \u2013 Volos adott otthont G\u00f6r\u00f6gorsz\u00e1g els\u0151 szakszervezet\u00e9nek 1908-ban \u2013, valamint az 1922-es kis-\u00e1zsiai katasztr\u00f3f\u00e1t k\u00f6vet\u0151 kultur\u00e1lis \u00e1talakul\u00e1sr\u00f3l sz\u00f3l\u00f3 ki\u00e1ll\u00edt\u00e1sokkal, amikor az anat\u00f3liai menek\u00fcltek \u00e1talak\u00edtott\u00e1k a helyi konyh\u00e1t, zen\u00e9t \u00e9s t\u00e1rsadalmi szok\u00e1sokat.<\/p>\n<p>A v\u00e1rosk\u00f6zpontban s\u00e9t\u00e1lva Volos var\u00e1zs\u00e1nak egy m\u00e1sik oldal\u00e1t t\u00e1rja fel. Az Ermou utca, egy hossz\u00fa, aszfaltozott utca, amely p\u00e1rhuzamosan fut a v\u00edzparttal, az Argonafton sug\u00e1r\u00fatba torkollik, ahol a mindenf\u00e9le \u00fczletek helyet adnak a Szent Mikl\u00f3s t\u00e9r k\u00f6r\u00fcl csoportosul\u00f3 hangulatos b\u00e1roknak \u00e9s k\u00e1v\u00e9z\u00f3knak. Itt a tenger\u00e9szek v\u00e9d\u0151szentj\u00e9nek szentelt sz\u00e9kesegyh\u00e1z uralja a kereskedelem \u00e9s a szabadid\u0151 napi ritmus\u00e1t. Egy tengerparti park h\u00faz\u00f3dik az egyetem Papastatratos \u00e9p\u00fclete \u00e9s Szent Konstantin temploma k\u00f6z\u00f6tt, m\u00edg az Anavros Park, amely ugyanezen templom m\u00f6g\u00f6tt kezd\u0151dik, kelet fel\u00e9 h\u00faz\u00f3dik egy v\u00e1rosi strandig, ahol az \u00fasz\u00f3k mer\u00e9szkednek a h\u0171v\u00f6sebb h\u00f3napokban.<\/p>\n<p>A naps\u00fct\u00e9sre \u00e9s tengerre v\u00e1gy\u00f3k sz\u00e1m\u00e1ra Volos v\u00e1rosi \u00e9s tengerparti mened\u00e9khelyeket egyar\u00e1nt k\u00edn\u00e1l. Az Anavros strand, amely gyalogosan el\u00e9rhet\u0151 a s\u00e9t\u00e1nyr\u00f3l, k\u00f6nnyen megk\u00f6zel\u00edthet\u0151 f\u00fcrd\u0151z\u00e9si lehet\u0151s\u00e9get k\u00edn\u00e1l a v\u00e1ros sz\u00e9l\u00e9n. Egy r\u00f6vid aut\u00f3\u00fatra \u2013 vagy a V\u00e1rosh\u00e1z\u00e1t\u00f3l indul\u00f3 6-os v\u00e1rosi busszal \u2013 eljuthatunk Alykesbe, egy tengerparti negyedbe, ahol n\u00e9vleges bel\u00e9p\u0151d\u00edj ellen\u00e9ben napoz\u00f3\u00e1gyak, v\u00edziment\u0151k \u00e9s friss\u00edt\u0151k b\u00e9relhet\u0151k a strandb\u00e1rok \u00e9jszakai f\u00e9nyei alatt. A helyi ismeretek azonban messzebbre mutatnak: az Agri\u00e1ba \u00e9s Platanidi\u00e1ba k\u00f6zleked\u0151 buszok a cementgy\u00e1rakon t\u00falra, a tiszt\u00e1bb vizekhez sz\u00e1ll\u00edtj\u00e1k az utaz\u00f3kat, ahol az \u00f6b\u00f6l \u00e9szaki partj\u00e1n tal\u00e1lhat\u00f3 fenyvesekkel szeg\u00e9lyezett \u00f6bl\u00f6k jutalmazz\u00e1k a t\u00fcrelmes utaz\u00f3t.<\/p>\n<p>A tengeri \u00f6sszek\u00f6ttet\u00e9sek kiterjesztik Volos befoly\u00e1s\u00e1t az eg\u00e9sz \u00c9gei-tengerre. Naponta k\u00f6zleked\u0151 kompok \u00e9s sz\u00e1rnyashaj\u00f3k k\u00f6tik \u00f6ssze a v\u00e1rost a Szpor\u00e1dok szigeteivel \u2013 Szki\u00e1thosszal, Szkopelosszal \u00e9s Alon\u00edszosszal \u2013, valamint Lemnoszszal, Leszboszszal, Kioszszal \u00e9s Szk\u00edrosszal. A ny\u00e1ri h\u00f3napokban a tengerj\u00e1r\u00f3 haj\u00f3k a bev\u00e1lt \u00fatvonalakat k\u00f6vetik, az elm\u00falt szezonokban t\u00f6bb mint sz\u00e1zezer l\u00e1togat\u00f3t vonzva a rakpartra. A sz\u00e1razf\u00f6ld\u00f6n a vas\u00fat szerelmesei csod\u00e1lhatj\u00e1k a Pelion vas\u00fatvonalat, amelynek g\u0151zmozdonyos kocsijai \u00e1prilis k\u00f6zep\u00e9t\u0151l okt\u00f3berig, a ny\u00e1ri f\u0151szezonban pedig naponta szelik \u00e1t a hegyi kanyarokat a turist\u00e1k sz\u00e1m\u00e1ra.<\/p>\n<p>Kifel\u00e9 tekintve, Volos hamarosan kib\u0151v\u00edti sz\u00e1razf\u00f6ldi k\u00f6zleked\u00e9si h\u00e1l\u00f3zat\u00e1t az E65-\u00f6s aut\u00f3p\u00e1lya nyugati \u00e1g\u00e1val, \u00faj folyos\u00f3t alak\u00edtva ki Igoumenitsa kik\u00f6t\u0151j\u00e9hez. A k\u00f6z\u00e9p-g\u00f6r\u00f6gorsz\u00e1gi Nea Anchialos-i nemzetk\u00f6zi rep\u00fcl\u0151t\u00e9r, amely G\u00f6r\u00f6gorsz\u00e1g m\u00e1sodik leghosszabb kereskedelmi kifut\u00f3p\u00e1ly\u00e1j\u00e1val rendelkezik, kapcsolatot tart fenn belf\u00f6ldi \u00e9s egyes eur\u00f3pai c\u00e9l\u00e1llom\u00e1sokkal. Az Argo Airways \u00e1ltal \u00fczemeltetett \u00fatt\u00f6r\u0151 hidropl\u00e1n-szolg\u00e1ltat\u00e1s teszi Volost az els\u0151 eur\u00f3pai v\u00e1ross\u00e1, amely menetrend szerinti k\u00e9t\u00e9lt\u0171 j\u00e1ratokat \u00fczemeltet Ath\u00e9nba, Thesszalonikibe \u00e9s a Szpor\u00e1dokba \u2013 ez a v\u00e1ros argonautikai \u00f6r\u00f6ks\u00e9g\u00e9nek modern visszhangja.<\/p>\n<p>A term\u00e9szeti k\u00f6rnyezet, a r\u00e9g\u00e9szeti m\u00e9lys\u00e9g, az ipari lend\u00fclet \u00e9s a kultur\u00e1lis vitalit\u00e1s tal\u00e1lkoz\u00e1sa egyed\u00fcl\u00e1ll\u00f3 k\u00f6zvet\u00edt\u0151v\u00e9 teszi Voloszt a m\u00falt \u00e9s a jelen k\u00f6z\u00f6tt. A v\u00e1ros neoklasszicista homlokzatok \u00e9s kort\u00e1rs m\u00f3l\u00f3k \u00e1ltal kijel\u00f6lt partvonala m\u00edtoszok \u00e9s g\u00e9pek \u00e1ltal form\u00e1lt t\u00e1jakkal tal\u00e1lkozik. M\u00fazeumai \u00e9s \u0151si romjai, ac\u00e9lgy\u00e1rai \u00e9s egyetemi termei a hagyom\u00e1ny \u00e9s az innov\u00e1ci\u00f3 tart\u00f3s k\u00f6lcs\u00f6nhat\u00e1s\u00e1r\u00f3l tan\u00faskodnak. Itt Thessz\u00e1lia l\u00fcktet\u00e9se megtal\u00e1lja tenger\u00e9szeti hangj\u00e1t, \u00e9s az emberi utaz\u00e1s \u2013 a Goritsa-hegy neolitikus lak\u00f3it\u00f3l a huszonegyedik sz\u00e1zadi tud\u00f3sokig \u2013 a Pagasetic-\u00f6b\u00f6l \u00edv\u00e9ben bontakozik ki.<\/p>\n<p>Volosban az utaz\u00f3 t\u00f6bbet tal\u00e1l, mint egy kik\u00f6t\u0151v\u00e1rost: felfedezheti az emberi er\u0151fesz\u00edt\u00e9sek egyfajta palimpszesztj\u00e9t, ahol minden foly\u00f3v\u00edz \u00e9s a Pelion minden egyes gerince bele\u00edrja t\u00f6rt\u00e9net\u00e9t az alatta elter\u00fcl\u0151 s\u00edks\u00e1gba. A v\u00e1ros \u00e9ghajlat\u00e1t, amelyet a tengeri szell\u0151 \u00e9s a hegyi \u00e1rny\u00e9kok m\u00e9rs\u00e9kelnek, minden \u00e9vszakban felfedez\u00e9sre cs\u00e1b\u00edt. K\u00f6zleked\u00e9si art\u00e9ri\u00e1i \u2013 tengeri, vas\u00fati, k\u00f6z\u00fati \u00e9s l\u00e9gi \u2013 \u00f6sszek\u00f6tik a vil\u00e1ggal, mik\u00f6zben utc\u00e1i, m\u00fazeumai \u00e9s r\u00e9g\u00e9szeti parkjai egyed\u00fcl\u00e1ll\u00f3 hely\u00e9rzetet er\u0151s\u00edtenek. Azok sz\u00e1m\u00e1ra, akik a t\u00f6rt\u00e9nelem \u00e9s az ipar \u00f6sv\u00e9nyeit k\u00f6vetik, vagy egyszer\u0171en csak egy templomi harangtornyok \u00e1rny\u00e9k\u00e1ban \u00fasz\u00f3 tengerparti s\u00e9t\u00e1nyt keresnek, Volos mag\u00e1val ragad\u00f3 tal\u00e1lkoz\u00e1st k\u00edn\u00e1l azokkal az \u00e1ramlatokkal, amelyek r\u00e9g\u00f3ta meghat\u00e1rozz\u00e1k ezt az Argo-foly\u00f3 partj\u00e1n fekv\u0151 kik\u00f6t\u0151t.<\/p>","protected":false},"excerpt":{"rendered":"<p>Volos, egy dinamikus tengerparti kik\u00f6t\u0151v\u00e1ros Thessz\u00e1li\u00e1ban, G\u00f6r\u00f6gorsz\u00e1gban, strat\u00e9giai helyen fekszik a g\u00f6r\u00f6g sz\u00e1razf\u00f6ld felez\u0151pontj\u00e1nak k\u00f6zel\u00e9ben, mintegy 330 kilom\u00e9terre \u00e9szakra Ath\u00e9nt\u00f3l \u00e9s 220 kilom\u00e9terre d\u00e9lre Szalonikit\u0151l. 2021-t\u0151l a 85 803 lakos\u00fa Volos a Magnesia region\u00e1lis egys\u00e9g f\u0151v\u00e1rosak\u00e9nt m\u0171k\u00f6dik a Thessz\u00e1lia r\u00e9gi\u00f3ban, \u00e9s kiz\u00e1r\u00f3lagos tengeri hozz\u00e1f\u00e9r\u00e9si pontk\u00e9nt szolg\u00e1l Thessz\u00e1li\u00e1hoz, G\u00f6r\u00f6gorsz\u00e1g legnagyobb mez\u0151gazdas\u00e1gi ter\u00fclet\u00e9hez. Ez a ny\u00fczsg\u0151 nagyv\u00e1rosi csom\u00f3pont, amely a Pagasetic-\u00f6b\u00f6l k\u00e9k vize \u00e9s a Pelion-hegy buja lejt\u0151i k\u00f6z\u00f6tt helyezkedik el, a t\u00f6rt\u00e9nelmi jelent\u0151s\u00e9g\u0171 \u00e9s a kort\u00e1rs n\u00f6veked\u00e9s z\u00f6kken\u0151mentes integr\u00e1ci\u00f3j\u00e1t k\u00e9pviseli, l\u00e9tfontoss\u00e1g\u00fa kapocsk\u00e9nt l\u00e9tes\u00edtve Eur\u00f3pa \u00e9s \u00c1zsia k\u00f6z\u00f6tt.<\/p>","protected":false},"author":1,"featured_media":4664,"parent":13510,"menu_order":0,"comment_status":"closed","ping_status":"closed","template":"elementor_theme","meta":{"_eb_attr":"","footnotes":""},"class_list":["post-13671","page","type-page","status-publish","has-post-thumbnail"],"_links":{"self":[{"href":"https:\/\/travelshelper.com\/hu\/wp-json\/wp\/v2\/pages\/13671","targetHints":{"allow":["GET"]}}],"collection":[{"href":"https:\/\/travelshelper.com\/hu\/wp-json\/wp\/v2\/pages"}],"about":[{"href":"https:\/\/travelshelper.com\/hu\/wp-json\/wp\/v2\/types\/page"}],"author":[{"embeddable":true,"href":"https:\/\/travelshelper.com\/hu\/wp-json\/wp\/v2\/users\/1"}],"replies":[{"embeddable":true,"href":"https:\/\/travelshelper.com\/hu\/wp-json\/wp\/v2\/comments?post=13671"}],"version-history":[{"count":0,"href":"https:\/\/travelshelper.com\/hu\/wp-json\/wp\/v2\/pages\/13671\/revisions"}],"up":[{"embeddable":true,"href":"https:\/\/travelshelper.com\/hu\/wp-json\/wp\/v2\/pages\/13510"}],"wp:featuredmedia":[{"embeddable":true,"href":"https:\/\/travelshelper.com\/hu\/wp-json\/wp\/v2\/media\/4664"}],"wp:attachment":[{"href":"https:\/\/travelshelper.com\/hu\/wp-json\/wp\/v2\/media?parent=13671"}],"curies":[{"name":"wp","href":"https:\/\/api.w.org\/{rel}","templated":true}]}}