{"id":13445,"date":"2024-09-17T17:54:42","date_gmt":"2024-09-17T17:54:42","guid":{"rendered":"https:\/\/travelshelper.com\/staging\/?page_id=13445"},"modified":"2026-03-12T22:11:36","modified_gmt":"2026-03-12T22:11:36","slug":"szerbia","status":"publish","type":"page","link":"https:\/\/travelshelper.com\/hu\/destinations\/europe\/serbia\/","title":{"rendered":"Szerbia"},"content":{"rendered":"<p>Szerbia egy k\u00f6r\u00fclbel\u00fcl 6,6 milli\u00f3 lakos\u00fa (Koszov\u00f3t nem sz\u00e1m\u00edtva) szuver\u00e9n k\u00f6zt\u00e1rsas\u00e1gk\u00e9nt mutatkozik be, amely mintegy 88 499 n\u00e9gyzetkilom\u00e9teren ter\u00fcl el a Balk\u00e1n-f\u00e9lsziget sz\u00edv\u00e9ben, \u00e9szakon Magyarorsz\u00e1ggal, \u00e9szakkeleten Rom\u00e1ni\u00e1val, d\u00e9lkeleten Bulg\u00e1ri\u00e1val, d\u00e9len \u00c9szak-Maced\u00f3ni\u00e1val, nyugaton Horv\u00e1torsz\u00e1ggal \u00e9s Bosznia-Hercegovin\u00e1val, d\u00e9lnyugaton pedig Montenegr\u00f3val hat\u00e1ros. Az \u00e9szaki sz\u00e9less\u00e9g 41\u00b0 \u00e9s 47\u00b0, valamint a keleti hossz\u00fas\u00e1g 18\u00b0 \u00e9s 23\u00b0 k\u00f6z\u00f6tt fekv\u0151, tengerparttal nem rendelkez\u0151 nemzet K\u00f6z\u00e9p- \u00e9s D\u00e9lkelet-Eur\u00f3pa metsz\u00e9spontj\u00e1ban fekszik, \u00f6sszetett terepviszonyokkal, amelyek az \u00e9szaki Vajdas\u00e1g term\u00e9keny s\u00edks\u00e1gait\u00f3l a d\u00e9li Din\u00e1ri- \u00e9s K\u00e1rp\u00e1t-hegys\u00e9g magas cs\u00facsaiig terjednek.<\/p>\n<p>A paleolitikum \u00f3ta folyamatosan lakott modern Szerbia ter\u00fclete a Kr. u. 6. sz\u00e1zadban egym\u00e1st k\u00f6vet\u0151 szl\u00e1v telepes hull\u00e1mokat sz\u00edvott mag\u00e1ba, lerakva egy szl\u00e1v politik\u00e1nak az alapjait, amely k\u00e9s\u0151bb k\u00f6z\u00e9pkori kir\u00e1lys\u00e1gokk\u00e1 \u00e9s fejedelems\u00e9gekk\u00e9 krist\u00e1lyosodott. 1217-re mind a Szentsz\u00e9k, mind Konstantin\u00e1poly elismer\u00e9se kir\u00e1lys\u00e1gg\u00e1 emelte a szerb birodalmat, amely Du\u0161an uralkod\u00e1sa alatt 1346-ban \u00e9rte el cs\u00facspontj\u00e1t, mint a Balk\u00e1n nagy ter\u00fcleteit fel\u00f6lel\u0151 birodalom. A 16. sz\u00e1zad k\u00f6zep\u00e9n lezajlott oszm\u00e1n h\u00f3d\u00edt\u00e1s els\u00f6p\u00f6rte ezt a f\u00fcggetlens\u00e9get, b\u00e1r a nyugati Habsburg-bet\u00f6r\u00e9sek id\u0151szakosan meg\u0151rizt\u00e9k a katolikus enkl\u00e1v\u00e9kat a Vajdas\u00e1g pannon s\u00edks\u00e1g\u00e1n.<\/p>\n<p>A tizenkilencedik sz\u00e1zad hajnal\u00e1n a szerb forradalom megalkotta a r\u00e9gi\u00f3 els\u0151 modern alkotm\u00e1nyos monarchi\u00e1j\u00e1t, amelynek joghat\u00f3s\u00e1ga folyamatosan b\u0151v\u00fclt, m\u00edg az els\u0151 vil\u00e1gh\u00e1bor\u00fa ut\u00e1n a Szerb Kir\u00e1lys\u00e1g egyes\u00fclt a szomsz\u00e9dos d\u00e9lszl\u00e1v ter\u00fcletekkel, l\u00e9trehozva az els\u0151 jugoszl\u00e1v \u00e1llamot. Ezt \u00e9vtizedekig tart\u00f3 unit\u00e1rius \u00e9s szocialista f\u00f6der\u00e1ci\u00f3k k\u00f6vett\u00e9k, amelyek v\u00e9g\u00fcl a viharos 1990-es \u00e9vekben sz\u00e9testek. A Montenegr\u00f3t\u00f3l val\u00f3 v\u00e9gs\u0151 b\u00e9k\u00e9s elszakad\u00e1s 2006-ban vissza\u00e1ll\u00edtotta Szerbia teljes szuverenit\u00e1s\u00e1t, m\u00edg a koszov\u00f3i alb\u00e1n t\u00f6bbs\u00e9g\u0171 gy\u0171l\u00e9s 2008-as egyoldal\u00fa f\u00fcggetlens\u00e9gi nyilatkozat\u00e1t Belgr\u00e1d tov\u00e1bbra sem ismeri el, \u00e9s Koszov\u00f3t megosztott fel\u00fcgyelet alatt \u00e1ll\u00f3 k\u00f6zigazgat\u00e1si k\u00f6rzetnek tekinti.<\/p>\n<p>F\u00f6ldrajzilag Szerbia \u00e9szaki harmada a Pannon-s\u00edks\u00e1g \u00e9gig \u00e9r\u0151 kiterjed\u00e9se alatt fekszik, agyagos talaj\u00e1t a Duna, a Tisza \u00e9s a Begej foly\u00f3k vize szeli \u00e1t. D\u00e9l fel\u00e9 hull\u00e1mz\u00f3 dombok vezetik \u00e1t a Din\u00e1ri-Alpok nyugati hat\u00e1r\u00e1t, a K\u00e1rp\u00e1tok \u00e9s a Balk\u00e1n keleti hat\u00e1r\u00e1t, d\u00e9lkeleten pedig az \u0151si Rodope-hegys\u00e9g h\u00faz\u00f3dik. A magaslatok a Balk\u00e1n-hegys\u00e9g 2169 m\u00e9teres Mid\u017eor-cs\u00facs\u00e1t\u00f3l \u2013 Szerbia legmagasabb pontj\u00e1t\u00f3l Koszov\u00f3n k\u00edv\u00fcl \u2013 a Duna-parti Prahovo alig 17 m\u00e9teres tengerszint feletti magass\u00e1g\u00e1ig terjednek. Az orsz\u00e1g leghosszabb v\u00edzfoly\u00e1sa, a Duna 587 kilom\u00e9ter hosszan kanyarog az orsz\u00e1g ter\u00fclet\u00e9n, gazdas\u00e1gi art\u00e9ri\u00e1kat kov\u00e1csolva, amelyek K\u00f6z\u00e9p-Eur\u00f3p\u00e1t a Fekete-tengerrel \u00e9s azon t\u00fal k\u00f6tik \u00f6ssze. A 163 n\u00e9gyzetkilom\u00e9teres \u0110erdap-t\u00f3 Szerbia legnagyobb mesters\u00e9ges v\u00edzt\u00e1roz\u00f3ja, amely a Vaskapu-szurdokn\u00e1l hasznos\u00edtja a Duna \u00e1raml\u00e1s\u00e1t.<\/p>\n<p>\u00c9ghajlatilag Szerbia egy \u00e1tmeneti z\u00f3n\u00e1ban fekszik, amelyet az eur\u00e1zsiai kontinentalit\u00e1s, az atlanti frontok \u00e9s a mediterr\u00e1n \u00e1ramlatok alak\u00edtanak. Az \u00e1tlagh\u0151m\u00e9rs\u00e9klet janu\u00e1rban 0 \u00b0C k\u00f6r\u00fcl mozog, j\u00faliusban pedig el\u00e9ri a 22 \u00b0C-ot, ami \u00e9szakon meleg-p\u00e1r\u00e1s kontinent\u00e1lis \u00e9ghajlatot, d\u00e9len pedig szubtr\u00f3pusibb rendszert, sz\u00e1razabb nyarakkal jellemez. A szaggatott domborzat a Ko\u0161ava szelet, egy heves sz\u00e9ll\u00f6k\u00e9st id\u00e9z el\u0151, amely a Vaskapun kereszt\u00fcl Belgr\u00e1d fel\u00e9 gyorsul fel, ahol egyar\u00e1nt megr\u00e1zhatja a v\u00e1ros h\u00e1ztet\u0151it \u00e9s a Duna felsz\u00edn\u00e9t. A hegyvid\u00e9ki fenns\u00edkok, mint p\u00e9ld\u00e1ul Pe\u0161ter, keser\u0171 telet viselnek el a k\u00f6rnyez\u0151 cs\u00facsok alatt, m\u00edg az Adriai-tenger hat\u00e1sa enyh\u00edti a d\u00e9li v\u00f6lgyekben a k\u00f6r\u00fclm\u00e9nyeket.<\/p>\n<p>Demogr\u00e1fiailag a 2022-es n\u00e9psz\u00e1ml\u00e1l\u00e1s 6 647 003 lakost regisztr\u00e1lt (Koszov\u00f3t nem sz\u00e1m\u00edtva), ami n\u00e9gyzetkilom\u00e9terenk\u00e9nt \u00e1tlagosan 85,8 lakos n\u00e9ps\u0171r\u0171s\u00e9get eredm\u00e9nyezett. Az 1990-es \u00e9vek \u00f3ta tart\u00f3 folyamatos demogr\u00e1fiai cs\u00f6kken\u00e9s miatt a sz\u00fclet\u00e9si ar\u00e1ny a hal\u00e1loz\u00e1si ar\u00e1ny al\u00e1 esett, a kiv\u00e1ndorl\u00e1s pedig t\u00f6bb sz\u00e1zezerrel cs\u00f6kkentette a lakoss\u00e1got, k\u00fcl\u00f6n\u00f6sen a k\u00e9pzett fiatal feln\u0151ttek k\u00f6r\u00e9ben. 43,3 \u00e9ves \u00e1tlag\u00e9letkor\u00e1val Szerbia Eur\u00f3pa legid\u0151sebb t\u00e1rsadalmai k\u00f6z\u00e9 tartozik. Az egyf\u0151s h\u00e1ztart\u00e1sok az \u00f6sszes lak\u00e1s egy\u00f6t\u00f6d\u00e9t teszik ki, a v\u00e1rhat\u00f3 \u00e9lettartam 76,1 \u00e9v, \u00e9s az emigr\u00e1ns diaszp\u00f3ra szoros kapcsolatokat \u00e1pol a haz\u00e1j\u00e1val.<\/p>\n<p>Az Alkotm\u00e1ny r\u00f6gz\u00edti a szekularizmust \u00e9s a vall\u00e1sszabads\u00e1got, b\u00e1r Szerbia identit\u00e1sa tov\u00e1bbra is szorosan \u00f6sszefon\u00f3dik a szerb ortodox egyh\u00e1zzal. A lakosok k\u00f6r\u00fclbel\u00fcl 84,5 sz\u00e1zal\u00e9ka ortodox kereszt\u00e9nynek vallja mag\u00e1t, bele\u00e9rtve a szerbeket, rom\u00e1nokat, vlachokat \u00e9s m\u00e1s kisebbs\u00e9geket. Az iszl\u00e1m, katolikus \u00e9s protest\u00e1ns k\u00f6z\u00f6ss\u00e9gek gy\u00f6kereiket az oszm\u00e1n, az osztr\u00e1k-magyar \u00e9s a modernkori migr\u00e1ci\u00f3ra vezetik vissza, gazdag\u00edtva az orsz\u00e1g hit\u00e9nek mozaikj\u00e1t.<\/p>\n<p>Nyelvi szempontb\u00f3l a szerb az egyetlen hivatalos nyelv, amelyet a lakoss\u00e1g mintegy 88 sz\u00e1zal\u00e9ka anyanyelvi szinten besz\u00e9l. Az eur\u00f3pai nyelvek k\u00f6z\u00f6tt egyed\u00fcl\u00e1ll\u00f3 m\u00f3don a szerb nyelv cirill \u00e9s latin \u00edr\u00e1sm\u00f3dot is haszn\u00e1l; az alkotm\u00e1ny a cirill bet\u0171t nevezi meg \u201ehivatalos \u00edr\u00e1sm\u00f3dk\u00e9nt\u201d, b\u00e1r a k\u00f6zv\u00e9lem\u00e9ny szinte egyenl\u0151en oszlik meg a v\u00e9lem\u00e9nyek k\u00f6z\u00f6tt.<\/p>\n<p>Gazdas\u00e1gi szempontb\u00f3l Szerbia a fels\u0151-k\u00f6zepes j\u00f6vedelm\u0171 piacgazdas\u00e1gok k\u00f6z\u00e9 tartozik, a nomin\u00e1lis GDP 2024-ben becsl\u00e9sek szerint 81,9 milli\u00e1rd doll\u00e1r (k\u00f6r\u00fclbel\u00fcl 12 385 doll\u00e1r\/f\u0151), a v\u00e1s\u00e1rl\u00f3er\u0151-parit\u00e1son sz\u00e1m\u00edtott GDP pedig 185 milli\u00e1rd doll\u00e1r (27 985 doll\u00e1r\/f\u0151). A szolg\u00e1ltat\u00e1sok a termel\u00e9s 67,9%-\u00e1t, az ipar 26,1%-\u00e1t, a mez\u0151gazdas\u00e1g pedig k\u00f6r\u00fclbel\u00fcl 6%-\u00e1t teszik ki. A jugoszl\u00e1v korszak kutat\u00e1si \u00e9s v\u00e9delmi beruh\u00e1z\u00e1sainak \u00f6r\u00f6ks\u00e9ge \u2013 fegyveripara tov\u00e1bbra is a Nyugat-Balk\u00e1n vezet\u0151 export\u0151re \u00e9s a vil\u00e1g huszon\u00f6t\u00f6dik legnagyobbja, 2023-ban t\u00f6bb mint 1,6 milli\u00e1rd doll\u00e1rt termelve \u2013 kieg\u00e9sz\u00edti a diverzifik\u00e1lt ipari b\u00e1zist, amely az aut\u00f3ipari alkatr\u00e9szeket, a b\u00e1ny\u00e1szatot, az \u00e9lelmiszer-feldolgoz\u00e1st \u00e9s a gy\u00f3gyszeripart is fel\u00f6leli. A Szerb Nemzeti Bank \u00e1ltal kezelt szerb din\u00e1r a monet\u00e1ris stabilit\u00e1s alapj\u00e1t k\u00e9pezi; a Belgr\u00e1di \u00c9rt\u00e9kt\u0151zsde, b\u00e1r szer\u00e9ny, 8,65 milli\u00e1rd doll\u00e1ros piaci kapitaliz\u00e1ci\u00f3val, a BELEX15 index\u00e9n kereszt\u00fcl r\u00f6gz\u00edti a t\u0151kepiacokat. Nemzetk\u00f6zi mutat\u00f3k alapj\u00e1n Szerbia az \u00f6tvenkettedik helyen \u00e1ll a t\u00e1rsadalmi halad\u00e1s index\u00e9ben \u00e9s az \u00f6tvennegyedik helyen a glob\u00e1lis b\u00e9keindexben.<\/p>\n<p>Szerbia infrastrukt\u00far\u00e1ja kihaszn\u00e1lja strat\u00e9giai elhelyezked\u00e9s\u00e9t Eur\u00f3pa kelet-nyugati \u00e9s \u00e9szak-d\u00e9li utakon elfoglalt keresztez\u0151d\u00e9s\u00e9n\u00e9l. A Morava-v\u00f6lgy term\u00e9szetes sz\u00e1razf\u00f6ldi folyos\u00f3t biztos\u00edt kontinent\u00e1lis Eur\u00f3p\u00e1t\u00f3l Kis-\u00c1zsi\u00e1ig. Az \u00fath\u00e1l\u00f3zatok hossza 45 419 kilom\u00e9ter \u2013 ebb\u0151l 962 kilom\u00e9ter aut\u00f3p\u00e1lya \u2013, b\u00e1r a karbantart\u00e1si hi\u00e1nyoss\u00e1gok k\u00e9t \u00e9vtizeden \u00e1t sz\u00e1mos m\u00e1sodrang\u00fa \u00fatvonalat a nyugat-eur\u00f3pai sz\u00ednvonal al\u00e1 helyeztek. A k\u00f6zelm\u00faltbeli beruh\u00e1z\u00e1sok t\u00f6bb mint 300 kilom\u00e9ternyi aut\u00f3p\u00e1ly\u00e1val b\u0151v\u00fcltek, az A2-es \u00e9s A5-\u00f6s aut\u00f3p\u00e1lya \u00faj szakaszai pedig \u00e9p\u00edt\u00e9s alatt \u00e1llnak. A buszk\u00f6zleked\u00e9s m\u00e9g a legt\u00e1volabbi falvakat is \u00f6sszek\u00f6ti a region\u00e1lis k\u00f6zpontokkal, m\u00edg a mag\u00e1ntulajdonban l\u00e9v\u0151 aut\u00f3k sz\u00e1ma el\u00e9ri a 3,5 lakosra jut\u00f3 egy aut\u00f3t.<\/p>\n<p>Szerbia 3819 kilom\u00e9ternyi vas\u00fatvonala, amelyb\u0151l 1279 kilom\u00e9ter villamos\u00edtott, Belgr\u00e1dot \u00e9s Ni\u0161t k\u00f6ti \u00f6ssze Budapesttel, Barral, Z\u00e1gr\u00e1bbal, Sz\u00f3fi\u00e1val \u00e9s Thesszalonikivel a p\u00e1neur\u00f3pai folyos\u00f3k ment\u00e9n. A 2022-ben \u00e1tadott 75 kilom\u00e9ter hossz\u00fa Belgr\u00e1d\u2013\u00dajvid\u00e9k nagysebess\u00e9g\u0171 vas\u00fatvonal most Szabadka fel\u00e9 tart, a tov\u00e1bbi b\u0151v\u00edt\u00e9s pedig Ni\u0161ig v\u00e1rhat\u00f3, hogy az \u00e9vtized v\u00e9g\u00e9re \u00f6sszekapcsolja az orsz\u00e1g n\u00e9gy legnagyobb v\u00e1ros\u00e1t. A vas\u00fati \u00fct\u0151ereket a Srbija Voz szem\u00e9lysz\u00e1ll\u00edt\u00e1sa \u00e9s a Srbija Kargo \u00e1rusz\u00e1ll\u00edt\u00e1sa eg\u00e9sz\u00edti ki.<\/p>\n<p>A l\u00e9gi k\u00f6zleked\u00e9s h\u00e1rom nemzetk\u00f6zi rep\u00fcl\u0151t\u00e9ren kereszt\u00fcl bonyol\u00f3dik, \u00e9l\u00fck\u00f6n a belgr\u00e1di Nikola Tesla rep\u00fcl\u0151t\u00e9rrel, amely 2022-ben 2,75 milli\u00f3 utast szolg\u00e1lt ki. A nemzeti l\u00e9git\u00e1rsas\u00e1g, az Air Serbia Belgr\u00e1dot mintegy 80 c\u00e9l\u00e1llom\u00e1ssal k\u00f6ti \u00f6ssze 32 orsz\u00e1gban, bele\u00e9rtve a New Yorkba, Chicag\u00f3ba \u00e9s Tiencsinbe vezet\u0151 interkontinent\u00e1lis \u00fatvonalakat. A Duna, de a Sz\u00e1va, a Tisza \u00e9s a Begej foly\u00f3k k\u00f6zpontja t\u00f6bb mint 1700 kilom\u00e9ternyi haj\u00f3zhat\u00f3 csatorn\u00e1t \u00fczemeltet, amelyeken 2018-ban t\u00f6bb mint nyolcmilli\u00f3 tonna \u00e1rut mozgattak. \u00dajvid\u00e9k, Belgr\u00e1d, Pancsova \u00e9s m\u00e1s folyami kik\u00f6t\u0151k Szerbi\u00e1t a Rajna\u2013Majna\u2013Duna-csatorn\u00e1n kereszt\u00fcl az \u00c9szaki-tengerhez, a Vaskapun kereszt\u00fcl pedig a Fekete-tengerhez k\u00f6tik.<\/p>\n<p>A turizmus, b\u00e1r a tengerparti szomsz\u00e9dokhoz k\u00e9pest szer\u00e9nyebb volumen\u0171, term\u00e1lf\u00fcrd\u0151k, hegyi \u00fcd\u00fcl\u0151helyek \u00e9s ny\u00fczsg\u0151 v\u00e1rosi k\u00f6zpontok soksz\u00edn\u0171s\u00e9g\u00e9t k\u00edn\u00e1lja. 2019-ben t\u00f6bb mint 3,6 milli\u00f3 vend\u00e9g sz\u00e1llt meg regisztr\u00e1lt sz\u00e1ll\u00e1shelyeken, akiknek a fele k\u00fclf\u00f6ldr\u0151l \u00e9rkezett, ami mintegy 1,5 milli\u00e1rd doll\u00e1ros devizabev\u00e9telt eredm\u00e9nyezett. A belf\u00f6ldi l\u00e1togat\u00f3k Kopaonikot, Stara Planin\u00e1t \u00e9s Zlatibort \u00f6z\u00f6nlik t\u00e9li sportok \u00e9s ny\u00e1ri kikapcsol\u00f3d\u00e1s c\u00e9lj\u00e1b\u00f3l, m\u00edg Vrnja\u010dka Banja, Soko Banja \u00e9s Banja Kovilja\u010da a term\u00e1lforr\u00e1saival vonzza a gy\u00f3gyf\u00fcrd\u0151z\u0151ket. Belgr\u00e1d \u00e9s \u00dajvid\u00e9k a k\u00fclf\u00f6ldi turist\u00e1k k\u00e9tharmad\u00e1t vonzza, kultur\u00e1lis fesztiv\u00e1ljaik \u2013 az EXIT \u00dajvid\u00e9ken \u00e9s a Gu\u010da trombitafesztiv\u00e1l \u2013 nemzetk\u00f6zi figyelmet keltenek. A t\u00e1voli term\u00e9szeti l\u00e1tv\u00e1nyoss\u00e1gok, mint p\u00e9ld\u00e1ul a \u0110avolja Varo\u0161 sziklaalakzat, az ortodox zar\u00e1ndokutak a k\u00f6z\u00e9pkori kolostorokhoz \u00e9s a dunai haj\u00f3utak a Vaskapu ment\u00e9n, tov\u00e1bb v\u00e1ltozatos\u00edtj\u00e1k Szerbia k\u00edn\u00e1lat\u00e1t.<\/p>\n<p>Az \u00e9vsz\u00e1zados v\u00e1ltakoz\u00f3 hellenisztikus, r\u00f3mai, biz\u00e1nci, oszm\u00e1n \u00e9s Habsburg uralom kultur\u00e1lis dualizmust hozott l\u00e9tre: az orsz\u00e1g \u00e9szaki s\u00edks\u00e1gai k\u00f6z\u00e9p-eur\u00f3pai von\u00e1sokat mutatnak, a barokk \u00e9p\u00edt\u00e9szett\u0151l a t\u00f6bbnemzetis\u00e9g\u0171 egy\u00fctt\u00e9l\u00e9sig, m\u00edg a d\u00e9li felf\u00f6ldek a t\u00e1gabb balk\u00e1ni \u00e9s mediterr\u00e1n hagyom\u00e1nyokat t\u00fckr\u00f6zik. A velencei hat\u00e1sok \u00e1tsziv\u00e1rogtak a k\u00f6z\u00e9pkori kereskedelemen \u00e9s irodalomon, sz\u00f3rv\u00e1nyos nyomokat hagyva a tengerparti m\u0171v\u00e9szetben \u00e9s \u00e9p\u00edt\u00e9szetben.<\/p>\n<p>Az UNESCO elismer\u00e9se hangs\u00falyozza Szerbia \u00f6r\u00f6ks\u00e9g\u00e9t. \u00d6t vil\u00e1g\u00f6r\u00f6ks\u00e9gi helysz\u00edn foglalja mag\u00e1ban Stari Ras kora k\u00f6z\u00e9pkori f\u0151v\u00e1ros\u00e1t a Sopo\u0107ani kolostorral, a 12. sz\u00e1zadi Studenica komplexumot, Gamzigrad\u2013Felix Romuliana r\u00f3mai palot\u00e1j\u00e1t, Ste\u0107ci k\u00f6z\u00e9pkori s\u00edrk\u00f6veit, valamint Koszov\u00f3 vesz\u00e9lyeztetett kolostorait, k\u00f6zt\u00fck a Visoki De\u010danit, a Gra\u010danic\u00e1t \u00e9s a Pe\u0107i patriarch\u00e1lis kolostort. A Vil\u00e1geml\u00e9kezet Nyilv\u00e1ntart\u00e1sa \u0151rzi a Miroslav evang\u00e9lium\u00e1t, Nikola Tesla arch\u00edvum\u00e1t, az Osztr\u00e1k\u2013Magyar had\u00fczeneti t\u00e1viratot \u00e9s az Elk\u00f6telezettek Mozgalm\u00e1nak titk\u00e1rs\u00e1g\u00e1nak alap\u00edt\u00f3 okiratait. A szellemi \u00f6r\u00f6ks\u00e9g t\u00e1rgyai \u2013 a szl\u00e1v v\u00e9d\u0151szent tisztelete, a kolo n\u00e9pt\u00e1nc, a gusle ballada\u00e9nekl\u00e9s, a Zlakusa fazekass\u00e1g, a slivovitz lep\u00e1rl\u00e1sa \u00e9s a kova\u010dicai naiv fest\u0151k \u2013 a tart\u00f3s k\u00f6z\u00f6ss\u00e9gi hagyom\u00e1nyokr\u00f3l tan\u00faskodnak.<\/p>\n<p>A region\u00e1lis lehat\u00e1rol\u00e1s Szerbi\u00e1t Belgr\u00e1dra, Podunavlj\u00e1ra, Podrinj\u00e9re, az alm\u00e1j\u00e1r\u00f3l, sz\u0151l\u0151j\u00e9r\u0151l \u00e9s szilv\u00e1j\u00e1r\u00f3l h\u00edres \u0160umadij\u00e1ra, valamint a t\u00f6bbnemzetis\u00e9g\u0171 Vajdas\u00e1gra osztja, amely ortodox kolostoroknak, osztr\u00e1k-magyar st\u00edlus\u00fa m\u00fazeumoknak \u00e9s a Deliblatska Pe\u0161\u010dara d\u0171n\u00e9mez\u0151nek ad otthont. Koszov\u00f3, b\u00e1r Szerbia ig\u00e9nyt tart r\u00e1, de facto f\u00fcggetlen k\u00f6zt\u00e1rsas\u00e1gk\u00e9nt m\u0171k\u00f6dik, saj\u00e1t l\u00e1tnival\u00f3kkal, az oszm\u00e1n-kori mecsetekt\u0151l az alpesi t\u00fara\u00fatvonalakig.<\/p>\n<p>A v\u00e1rosi k\u00f6zpontok tov\u00e1bb gazdag\u00edtj\u00e1k a nemzeti mozaikk\u00e9pet. Belgr\u00e1d, a f\u0151v\u00e1ros \u00e9s egyben legnagyobb v\u00e1ros, a Sz\u00e1va \u00e9s a Duna tal\u00e1lkoz\u00e1s\u00e1n\u00e1l fekszik, r\u00f3mai, oszm\u00e1n \u00e9s osztr\u00e1k-magyar er\u0151d\u00edtm\u00e9nyeinek r\u00e9tegeit a foly\u00f3parton tal\u00e1lhat\u00f3 kort\u00e1rs \u00e9jszakai \u00e9let negyedek tark\u00edtj\u00e1k. Kragujevac, Szerbia els\u0151 modern f\u0151v\u00e1ros\u00e1nak helysz\u00edne, egyens\u00falyban tartja az ipari termel\u00e9st a kultur\u00e1lis int\u00e9zm\u00e9nyekkel; a k\u00f6zeli Gru\u017eansko-t\u00f3 nyugodt elm\u00e9lked\u00e9sre cs\u00e1b\u00edt. A Morava \u00e9s az Ibar foly\u00f3k k\u00f6z\u00f6tt megb\u00fav\u00f3 Kraljevo a \u017di\u010da-kolostornak, egy k\u00f6z\u00e9pkori koron\u00e1z\u00f3 templomnak \u00e9s a szomsz\u00e9dos term\u00e1lforr\u00e1soknak ad otthont. Ni\u0161, Nagy Konstantin sz\u00fcl\u0151helye, kihaszn\u00e1lja strat\u00e9giai k\u00f6zleked\u00e9si csom\u00f3pontk\u00e9nt elfoglalt helyzet\u00e9t, \u00e9s egyetemi \u00e9s orvosi l\u00e9tes\u00edtm\u00e9nyeit olyan t\u00f6rt\u00e9nelmi helysz\u00ednek mellett \u00e1polja, mint a Ni\u0161ka Banja gy\u00f3gyf\u00fcrd\u0151 \u00e9s az \u0151si Ni\u0161i er\u0151d. \u00dajvid\u00e9k, amelyet \u201eszerb Ath\u00e9nk\u00e9nt\u201d is emlegetnek, barokk \u00e9p\u00fcletekkel szeg\u00e9lyezi a Duna partj\u00e1t, otthont ad a p\u00e9terv\u00e1radi er\u0151d fesztiv\u00e1lter\u00fclet\u00e9nek, \u00e9s szomsz\u00e9dos a Fru\u0161ka Gor\u00e1val, amelynek hull\u00e1mz\u00f3 sz\u0151l\u0151\u00fcltetv\u00e9nyei \u00e9s kolostori helysz\u00ednei miatt a \u201eM\u00e1sodik Szent Hegy\u201d nevet kapta. Po\u017earevac, Szerbia egyik legr\u00e9gebbi v\u00e1rosa, a Velika Morava mellett \u00e9s a r\u00f3mai hat\u00e1rv\u00e1ros, Viminacium k\u00f6zel\u00e9ben fekszik, m\u00edg Szabadka szecesszi\u00f3s v\u00e1rosh\u00e1z\u00e1ja a Palicsi-t\u00f3 ny\u00e1ri s\u00e9t\u00e1nyaira n\u00e9z. Sremska Mitrovica r\u00f3mai m\u00faltj\u00e1ra eml\u00e9keztet, mint Sirmium, a negyedik sz\u00e1zadi cs\u00e1sz\u00e1ri rezidencia, Vr\u0161ac pedig a rom\u00e1n hat\u00e1r k\u00f6zel\u00e9ben fekv\u0151, sz\u0151l\u0151vel bor\u00edtott dombokon fekszik.<\/p>\n<p>A v\u00e1rosokon t\u00fal olyan f\u00fcrd\u0151v\u00e1rosok is tal\u00e1lhat\u00f3k, mint a Rtanj \u00e9s Ozren cs\u00facsai k\u00f6z\u00f6tt fekv\u0151 Sokobanja, ahol \u00e1sv\u00e1nyv\u00edzforr\u00e1sok \u00e9s erd\u0151s lejt\u0151k v\u00e1rj\u00e1k a l\u00e1togat\u00f3kat; a Tara Nemzeti Park s\u0171r\u0171 erd\u0151i, m\u00e9szk\u0151barlangjai \u00e9s a Drina foly\u00f3 szurdokai vadvil\u00e1got \u00e9s wellness \u00e9lm\u00e9nyt k\u00edn\u00e1lnak; Zlatibor legel\u0151i \u00e9s etnofalvai pedig a vid\u00e9ki \u00e9letet mutatj\u00e1k be az 1000 m\u00e9teres fenns\u00edkon.<\/p>\n<p>A szerb konyha kultur\u00e1lis \u00f6sszefon\u00f3d\u00e1s\u00e1t t\u00fckr\u00f6zi az oszm\u00e1n uralomb\u00f3l \u00e9s az osztr\u00e1k-magyar korm\u00e1nyz\u00e1sb\u00f3l \u00f6r\u00f6k\u00f6lt \u00e9telekkel egyar\u00e1nt. A h\u00fasok uralj\u00e1k a k\u00edn\u00e1latot: \u0107evap\u010di\u0107i, grillezett dar\u00e1lt kolb\u00e1sz; pljeskavica, f\u0171szeres h\u00faspog\u00e1csa; sarma, k\u00e1posztatekercs; \u00e9s az ikonikus kara\u0111or\u0111eva \u0161nicla. A burek s\u00fctem\u00e9nyek, a gibanica sajtos pit\u00e9k \u00e9s a babalap\u00fa pasulj levesek a paraszti hagyom\u00e1nyokat t\u00fckr\u00f6zik, amelyeket ma is \u00e9lveznek az \u00fcnnepi asztalokon. A keny\u00e9r \u00e9s a s\u00f3 ritu\u00e1lis vend\u00e9gszeretettel fogadja a vend\u00e9geket, m\u00edg a s\u00e1rgabarackalap\u00fa slivovitz \u2013 Szerbia b\u00fcszke raki\u00e1ja \u2013 2021-ben elnyerte az UNESCO szellemi \u00f6r\u00f6ks\u00e9g st\u00e1tusz\u00e1t. A sz\u0151l\u0151\u00fcltetv\u00e9nyek 22 megeml\u00edt\u00e9sre h\u00faz\u00f3dnak, \u00e9s f\u0151k\u00e9nt feh\u00e9rborokat teremnek, valamint hazai s\u00f6r\u00f6ket, p\u00e9ld\u00e1ul Jelent \u00e9s Lav habot a kocsm\u00e1kban. Az oszm\u00e1n k\u00e1v\u00e9h\u00e1zakb\u00f3l \u00f6r\u00f6k\u00f6lt k\u00e1v\u00e9kult\u00fara az er\u0151s, sz\u0171retlen szerb k\u00e1v\u00e9 form\u00e1j\u00e1ban marad fenn, amelyet kis cs\u00e9sz\u00e9kben szolg\u00e1lnak fel a k\u00e1v\u00e9z\u00f3kban.<\/p>\n<p>Birodalom \u00e9s sz\u00f6vets\u00e9gi viszonyok viszontags\u00e1gai, h\u00f3d\u00edt\u00f3k \u00e9s forradalmak apad\u00e1sa \u00e9s dag\u00e1lya ellen\u00e9re Szerbia tov\u00e1bbra is szel\u00edd dombok \u00e9s magas cs\u00facsok birodalma, olyan foly\u00f3k, amelyek seregeket \u00e9s keresked\u0151ket egyar\u00e1nt vezettek, \u00e9s olyan n\u00e9p, amely egyenl\u0151 m\u00e9rt\u00e9kben k\u00f6ti \u00f6ssze a szentet \u00e9s a vil\u00e1git. F\u0151v\u00e1ros\u00e1nak f\u00e9nyei az \u0151si falakon csillognak, m\u00edg a hegyi \u00fcd\u00fcl\u0151helyek a havon s\u00edl\u00e9cek hangj\u00e1t\u00f3l visszhangoznak, \u00e9s a term\u00e1lvizek minden \u00e9vszakban enyh\u00fcl\u00e9st \u00edg\u00e9rnek. A t\u00f6rt\u00e9nelem v\u00e1ltoz\u00f3 hat\u00e1rai k\u00f6z\u00f6tt Szerbia vend\u00e9gszeret\u0151 szelleme, az oktat\u00e1s \u00e9s az eg\u00e9szs\u00e9g\u00fcgy ir\u00e1nti \u0151szinte elk\u00f6telezetts\u00e9ge, valamint a 2030-ra kit\u0171z\u00f6tt eur\u00f3pai integr\u00e1ci\u00f3 ir\u00e1nti t\u00f6rekv\u00e9se egy olyan nemzet bizony\u00edt\u00e9ka, amely tiszteli m\u00faltj\u00e1t, mik\u00f6zben egy stabil, b\u00e9k\u00e9s j\u00f6v\u0151 fel\u00e9 t\u00f6ri az \u00fatj\u00e1t.<\/p>","protected":false},"excerpt":{"rendered":"<p>Szerbia, hivatalos nev\u00e9n Szerb K\u00f6zt\u00e1rsas\u00e1g, D\u00e9lkelet- \u00e9s K\u00f6z\u00e9p-Eur\u00f3pa tal\u00e1lkoz\u00e1s\u00e1n\u00e1l, a Balk\u00e1n \u00e9s a Pannon-s\u00edks\u00e1g k\u00f6z\u00f6tt fekv\u0151, tengerparttal nem rendelkez\u0151 k\u00f6zt\u00e1rsas\u00e1g. A nagyj\u00e1b\u00f3l 6,6 milli\u00f3 lakos\u00fa Szerbia \u2013 a vitatott Koszov\u00f3 ter\u00fclet\u00e9t nem sz\u00e1m\u00edtva \u2013 jelent\u0151s nemzet a r\u00e9gi\u00f3ban. Belgr\u00e1d, a f\u0151v\u00e1ros \u00e9s a legnagyobb v\u00e1ros az orsz\u00e1g politikai, gazdas\u00e1gi \u00e9s kultur\u00e1lis sz\u00edvek\u00e9nt m\u0171k\u00f6dik, amelyet \u00e9vezredeken \u00e1t\u00edvel\u0151 t\u00f6rt\u00e9nelem hat\u00e1roz meg.<\/p>","protected":false},"author":1,"featured_media":4507,"parent":24078,"menu_order":0,"comment_status":"closed","ping_status":"closed","template":"elementor_theme","meta":{"_eb_attr":"","footnotes":""},"class_list":["post-13445","page","type-page","status-publish","has-post-thumbnail"],"_links":{"self":[{"href":"https:\/\/travelshelper.com\/hu\/wp-json\/wp\/v2\/pages\/13445","targetHints":{"allow":["GET"]}}],"collection":[{"href":"https:\/\/travelshelper.com\/hu\/wp-json\/wp\/v2\/pages"}],"about":[{"href":"https:\/\/travelshelper.com\/hu\/wp-json\/wp\/v2\/types\/page"}],"author":[{"embeddable":true,"href":"https:\/\/travelshelper.com\/hu\/wp-json\/wp\/v2\/users\/1"}],"replies":[{"embeddable":true,"href":"https:\/\/travelshelper.com\/hu\/wp-json\/wp\/v2\/comments?post=13445"}],"version-history":[{"count":1,"href":"https:\/\/travelshelper.com\/hu\/wp-json\/wp\/v2\/pages\/13445\/revisions"}],"predecessor-version":[{"id":88936,"href":"https:\/\/travelshelper.com\/hu\/wp-json\/wp\/v2\/pages\/13445\/revisions\/88936"}],"up":[{"embeddable":true,"href":"https:\/\/travelshelper.com\/hu\/wp-json\/wp\/v2\/pages\/24078"}],"wp:featuredmedia":[{"embeddable":true,"href":"https:\/\/travelshelper.com\/hu\/wp-json\/wp\/v2\/media\/4507"}],"wp:attachment":[{"href":"https:\/\/travelshelper.com\/hu\/wp-json\/wp\/v2\/media?parent=13445"}],"curies":[{"name":"wp","href":"https:\/\/api.w.org\/{rel}","templated":true}]}}