{"id":13435,"date":"2024-09-17T17:49:30","date_gmt":"2024-09-17T17:49:30","guid":{"rendered":"https:\/\/travelshelper.com\/staging\/?page_id=13435"},"modified":"2026-03-12T22:53:35","modified_gmt":"2026-03-12T22:53:35","slug":"bled","status":"publish","type":"page","link":"https:\/\/travelshelper.com\/hu\/destinations\/europe\/slovenia\/bled\/","title":{"rendered":"Bled"},"content":{"rendered":"<p>Bled, egy szer\u00e9ny v\u00e1ros a Fels\u0151-Krajna r\u00e9gi\u00f3ban, Szlov\u00e9nia \u00e9szaknyugati r\u00e9sz\u00e9n, f\u0151bb jellemz\u0151it tiszta tisztas\u00e1ggal mutatja meg: a Karavank\u00e1k d\u00e9li l\u00e1b\u00e1n\u00e1l, Ljubljan\u00e1t\u00f3l mintegy 50 kilom\u00e9terre \u00e9szaknyugatra fekszik, Bled k\u00f6zigazgat\u00e1si k\u00f6zpontjak\u00e9nt szolg\u00e1l, \u00e9s egy 2,12 kilom\u00e9ter hossz\u00fa \u00e9s 0,5 \u00e9s 1 kilom\u00e9ter k\u00f6z\u00f6tti sz\u00e9less\u00e9g\u0171 gleccsertavat vesz k\u00f6r\u00fcl, melynek m\u00e9rs\u00e9kelt \u00f6vi vize \u2013 amely ny\u00e1r k\u00f6zep\u00e9n el\u00e9ri a 25 \u00b0C-ot, \u00e9s \u0151sszel is 18 \u00b0C-ot tart \u2013 eg\u00e9szen az els\u0151 fagyokig f\u00fcrd\u0151z\u00e9sre cs\u00e1b\u00edt, amikor a felsz\u00edn megkem\u00e9nyedik, \u00e9s lehet\u0151v\u00e9 teszi a korcsoly\u00e1z\u00e1st \u00e9s a gyalogosok k\u00f6zleked\u00e9st a legend\u00e1s szigetecsk\u00e9re.<\/p>\n<p>A Grad (599 m), Stra\u017ea (646 m), Kozarca (558 m), Osojnica (756 m) \u00e9s Ravnica (729 m) meredek lejt\u0151i m\u00f6g\u00f6tt megb\u00fav\u00f3 Bled telep\u00fcl\u00e9sei \u2013 egykor f\u00fcggetlen falvak, mint Grad, Mlino, Re\u010dica, Zagorice \u00e9s \u017dele\u010de \u2013 diszkr\u00e9t identit\u00e1st tartanak fenn, mik\u00f6zben z\u00f6kken\u0151mentesen illeszkednek a v\u00e1ros \u00f6sszef\u00fcgg\u0151 eg\u00e9sz\u00e9be. D\u00e9l fel\u00e9 a Pokljuka \u00e9s Jelovica s\u0171r\u0171 erd\u0151vel bor\u00edtott fenns\u00edkjai s\u00f6t\u00e9t feny\u0151- \u00e9s b\u00fckk\u00f6s\u00f6kben emelkednek, \u00e1tadva az utat a J\u00faliai-Alpok keleti r\u00e9sz\u00e9nek, ahonnan a Sava Bohinjka a Bohinj-medenc\u00e9hez \u00e9s a Triglav-hegys\u00e9ghez \u00e1gazik a Bohinj-i vas\u00fatvonalon kereszt\u00fcl, amely maga is a r\u00e9gi\u00f3 term\u00e9szeti \u00e9s emberi er\u0151fesz\u00edt\u00e9seinek komoly integr\u00e1ci\u00f3j\u00e1nak m\u00e9rn\u00f6ki bizony\u00edt\u00e9ka.<\/p>\n<p>B\u00e1r legkor\u00e1bbi eml\u00edt\u00e9se a Szent R\u00f3mai Birodalom \u00e9vk\u00f6nyveiben tal\u00e1lhat\u00f3 \u2013 egy 1004-es okiratban Ueldes, egy 1011-es okiratban pedig Veldes alakban \u2013, a v\u00e1ros neve nem rendelkezik v\u00e9gleges etimol\u00f3giai felold\u00e1ssal; a tud\u00f3sok preszl\u00e1v eredetet felt\u00e9teleznek, amelyet vagy k\u00f6zvetlen\u00fcl \u00f6r\u00f6k\u00f6ltek, vagy egy \u00f3szlov\u00e9n *Beld\u044a alak k\u00f6zvet\u00edtett, amely a n\u00e9met Veldes megnevez\u00e9s el\u0151zm\u00e9nye, \u00e9s egy olyan helyn\u00e9vre utal, amelynek r\u00e9gis\u00e9ge meghaladja a fennmaradt sz\u00f6vegeket. Ez a nyelvi hom\u00e1lyoss\u00e1g kiemeli Bled m\u00e9lyebb \u0151sis\u00e9g\u00e9t, mivel az emberi nyomok a szigeten a rom\u00e1n st\u00edlus\u00fa k\u00e1polna el\u0151ttre ny\u00falnak vissza, az \u0151skori r\u00e9tegekig ereszkedve le, m\u00edg a szl\u00e1v \u017diva istenn\u0151t egykor fogadalmi szertart\u00e1sokon r\u00e9szes\u00edtett\u00e9k ugyanezen a szikl\u00e1n a kereszt\u00e9nys\u00e9g hajnala el\u0151tt.<\/p>\n<p>Bled h\u00edrnev\u00e9nek k\u00f6z\u00e9ppontj\u00e1ban a krist\u00e1lytiszta t\u00f3 \u00e1ll, amely a j\u00e9gkorszakbeli visszavonul\u00e1sb\u00f3l sz\u00fcletett, f\u00fcrd\u00e9sre alkalmas h\u0151m\u00e9rs\u00e9klete \u00e9s rend\u00edthetetlen tisztas\u00e1ga pedig a f\u00f6ldalatti forr\u00e1soknak \u00e9s a csek\u00e9ly mell\u00e9kfoly\u00f3knak k\u00f6sz\u00f6nhet\u0151. A t\u00e9l v\u00e9g\u00e9n, amikor a j\u00e9g szenvtelen nyugalommal \u00f6leli \u00e1t a felsz\u00edn\u00e9t, a helyiek \u00e9s a l\u00e1togat\u00f3k egyar\u00e1nt gyalogosan jutnak el a szigetre, pr\u00f3b\u00e1ra t\u00e9ve a term\u00e9szet saj\u00e1t \u00fcveg\u00e9nek szil\u00e1rds\u00e1g\u00e1t, m\u00edg a legend\u00e1s Bled-t\u00f6r\u00e9svonal k\u00f6zel\u00e9ben tal\u00e1lhat\u00f3 23 \u00b0C-os term\u00e1lforr\u00e1s k\u00e9t k\u00f6zeli sz\u00e1llod\u00e1t l\u00e1t el fedett medenc\u00e9k viz\u00e9vel, finom utal\u00e1sk\u00e9nt a v\u00e1ros tart\u00f3s st\u00e1tusz\u00e1ra, mint a nyugalom \u00e9s az eg\u00e9szs\u00e9g helye.<\/p>\n<p>Ez a h\u00edrn\u00e9v nagyban k\u00f6sz\u00f6nhet\u0151 Arnold Rikli, a sv\u00e1jci term\u00e9szetgy\u00f3gy\u00e1sz tizenkilencedik sz\u00e1zad k\u00f6zep\u00e9n alkotott elk\u00e9pzel\u00e9s\u00e9nek, akinek a helioter\u00e1pia \u00e9s a klimatikus kezel\u00e9sek n\u00e9pszer\u0171s\u00edt\u00e9se Bledet eur\u00f3pai rang\u00fa gy\u00f3gy\u00fcd\u00fcl\u0151helly\u00e9 alak\u00edtotta. Nyom\u00e1ban t\u00e1voli udvarokb\u00f3l \u00e9rkez\u0151 arisztokrat\u00e1k \u00e9rkeztek, hogy bel\u00e9legezz\u00e9k a m\u00e9rs\u00e9kelt leveg\u0151t, f\u00fcr\u00f6djenek a tiszta vizekben, \u00e9s r\u00e9szes\u00fcljenek a Rikli \u00e1ltal magasztalt enyhe mediterr\u00e1n-alpesi tal\u00e1lkoz\u00e1sb\u00f3l. Ma a v\u00e1ros ezt az \u00f6r\u00f6ks\u00e9get \u00e1polja, mint kongresszusi k\u00f6zpont \u00e9s sportk\u00f6zpont is, golfoz\u00e1si lehet\u0151s\u00e9get k\u00edn\u00e1lva a z\u00f6ldell\u0151 p\u00e1ly\u00e1kon, pisztr\u00e1ng- \u00e9s csukahorg\u00e1szatot a v\u00e9dett \u00f6bl\u00f6kben, valamint lovas sportokat a legel\u0151k\u00f6n \u00e9s erd\u0151k\u00f6n.<\/p>\n<p>A Bledi-t\u00f3 k\u00f6zpontj\u00e1ban tal\u00e1lhat\u00f3 egyed\u00fcl\u00e1ll\u00f3 szigetecsk\u00e9t a M\u00e1ria Mennybemenetele templom koron\u00e1zza, egy 1698-b\u00f3l sz\u00e1rmaz\u00f3 barokk \u00e9p\u00fclet, amelynek fresk\u00f3i kim\u00e9rt f\u00e9ny-\u00e1rny\u00e9k \u00f6lel\u00e9s\u00e9ben mutatj\u00e1k be Sz\u0171zanya \u00e9let\u00e9t. Az 1534-ben fel\u00e1ll\u00edtott g\u00f3tikus harang m\u00e9g ma is visszhangzik, h\u00edvogatva a zar\u00e1ndokokat, hogy kongassanak szerencs\u00e9t, mik\u00f6zben a szok\u00e1sos 99 k\u0151l\u00e9pcs\u0151fok megm\u00e1sz\u00e1sa arra \u00f6szt\u00f6nzi az ifj\u00fa h\u00e1zasokat, hogy fejezz\u00e9k ki odaad\u00e1sukat: a menyasszonyt viszik a karjukon, a f\u00e9rj n\u00e9ma er\u0151fesz\u00edt\u00e9ssel, minden l\u00e9p\u00e9s a harmonikus egyes\u00fcl\u00e9s \u00edg\u00e9ret\u00e9t er\u0151s\u00edti.<\/p>\n<p>A k\u00f6zleked\u00e9s Bled k\u00f6r\u00fcl modern hat\u00e9konys\u00e1ggal \u00e9s vid\u00e9kies b\u00e1jjal p\u00e1rosul. A nemzetk\u00f6zi kapu, a ljubljanai Jo\u017ee Pu\u010dnik rep\u00fcl\u0151t\u00e9r mintegy 34 kilom\u00e9terre d\u00e9lkeletre tal\u00e1lhat\u00f3, \u00f3r\u00e1nk\u00e9nt k\u00f6zleked\u0151 busszal 7 eur\u00f3\u00e9rt, vagy taxival 40 eur\u00f3t\u00f3l k\u00f6zel\u00edthet\u0151 meg, m\u00edg a kisg\u00e9pek a k\u00f6zeli Lesce-Bled rep\u00fcl\u0151t\u00e9ren sz\u00e1llnak le. A vas\u00fati j\u00e1ratok a Ljubljana\u2013Villach vonalon tal\u00e1lhat\u00f3 Lesce-Bled \u00e1llom\u00e1son \u00e1llnak meg, ahonnan a region\u00e1lis vonatok kevesebb mint egy \u00f3ra alatt sz\u00e1ll\u00edtj\u00e1k az utasokat; a v\u00e1rosba vezet\u0151 utols\u00f3 n\u00e9gy kilom\u00e9tert egy csatlakoz\u00f3 busz vagy taxi teszi meg. M\u00e9g k\u00f6zelebb tal\u00e1lhat\u00f3 a Bohinj vas\u00fatvonalon tal\u00e1lhat\u00f3 Bled Jezero \u00e1llom\u00e1s, amely a t\u00f3 nyugati partj\u00e1val szemben tal\u00e1lhat\u00f3, \u00e9s k\u00e9t\u00f3r\u00e1nk\u00e9nt szolg\u00e1lja ki a Jesenice \u00e9s Nova Gorica fel\u00e9 k\u00f6zleked\u0151 j\u00e1ratokat.<\/p>\n<p>A v\u00e1roson bel\u00fcl semmilyen mechanikus sz\u00e1ll\u00edt\u00f3eszk\u00f6z nem z\u00e1rja ki a gyalogos felfedez\u00e9st: a t\u00f3 k\u00f6r\u00fcli haj\u00f3z\u00e1s alig ig\u00e9nyel t\u00f6bbet egy \u00f3r\u00e1nyi megfontolt l\u00e9p\u00e9sn\u00e9l. M\u00e9gis, a nagy m\u00falt\u00fa pletna cs\u00f3nak \u2013 lapos fenek\u0171, csal\u00e1di \u00fczemeltet\u00e9s\u0171, a v\u00edz tisztas\u00e1g\u00e1nak meg\u0151rz\u00e9se \u00e9rdek\u00e9ben huszonh\u00e1rom haj\u00f3b\u00f3l \u00e1ll\u00f3 \u2013 v\u00edzi alternat\u00edv\u00e1t k\u00edn\u00e1l, egy kellemes kilencven perces oda-vissza utat, amely egy \u00f3ra hagyom\u00e1nyos evez\u00e9st \u00e9s harminc perc parton tart\u00f3zkod\u00e1st tartalmaz. Azok sz\u00e1m\u00e1ra, akik az \u00f6nj\u00e1r\u00f3 k\u00f6zleked\u00e9st r\u00e9szes\u00edtik el\u0151nyben, evez\u0151s cs\u00f3nakok b\u00e9relhet\u0151k, m\u00edg ker\u00e9kp\u00e1rok \u2013 b\u00e1r kijel\u00f6lt s\u00e1vok n\u00e9lk\u00fcl \u2013 t\u00f6bb \u00fcgyn\u00f6ks\u00e9gt\u0151l is el\u00e9rhet\u0151k csendes vid\u00e9ki utakon val\u00f3 kir\u00e1ndul\u00e1sokhoz. A lovasok lovas \u00f6sv\u00e9nyeken j\u00e1rnak be, vagy vezetett hint\u00f3s t\u00far\u00e1kon vehetnek r\u00e9szt, meger\u0151s\u00edtve a v\u00e1ros egyens\u00faly\u00e1t a lelki nyugalom \u00e9s a k\u00f6nnyen el\u00e9rhet\u0151 kalandok k\u00f6z\u00f6tt.<\/p>\n<p>A magaslati partot ural\u00f3 Bled v\u00e1ra egy meredek szikla tetej\u00e9n \u00e1ll, rom\u00e1n st\u00edlus\u00fa falai, mellv\u00e9djei \u00e9s tornyai a k\u00f6z\u00e9pkor \u00f3ta folyamatos lakotts\u00e1got testes\u00edtik meg. A jelenlegi, nagyr\u00e9szt a tizenhatodik sz\u00e1zadb\u00f3l sz\u00e1rmaz\u00f3 \u00e9s az 1950-es \u00e9vekben restaur\u00e1lt \u00e9p\u00edtm\u00e9ny mag\u00e1ban foglal egy fels\u0151 udvart, benne egy 1700-ban fresk\u00f3zott k\u00e1poln\u00e1val \u2013 amely II. Henrik Bled Albuin p\u00fcsp\u00f6knek adom\u00e1nyozott v\u00e1ros\u00e1t \u00e1br\u00e1zolja \u2013, egy szer\u00e9ny fegyver- \u00e9s m\u0171t\u00e1rgym\u00fazeumot, valamint egy Andre szerzetes \u00e1ltal vezetett bor\u00e1szatot, aki 15 eur\u00f3\u00e9rt egy \u00fcveg pezsg\u0151\u00e9rt megtan\u00edtja a sabrage m\u0171v\u00e9szet\u00e9t, \u00e9s megh\u00edvja a vend\u00e9geket, hogy palackozz\u00e1k, c\u00edmk\u00e9zz\u00e9k \u00e9s viaszb\u00e9lyegz\u0151vel l\u00e1ts\u00e1k el saj\u00e1t \u00e9vj\u00e1rat\u00fa boraikat. A pinc\u00e9b\u0151l egy keskeny l\u00e9pcs\u0151 vezet fel egy gy\u00f3gyn\u00f6v\u00e9nyekkel \u00e9s ill\u00f3olajokkal illatos\u00edtott boltba, amely a v\u00e1r vizu\u00e1lis nagyszer\u0171s\u00e9g\u00e9nek illatos epil\u00f3gusa. A bel\u00e9p\u0151d\u00edj feln\u0151tteknek 15 eur\u00f3, di\u00e1koknak 9,50 eur\u00f3, gyermekeknek 6 eur\u00f3, id\u0151seknek \u00e9s fogyat\u00e9kkal \u00e9l\u0151knek 20%-os kedvezm\u00e9nnyel.<\/p>\n<p>A v\u00e1rost\u00f3l r\u00f6vid t\u00e1vols\u00e1gra term\u00e9szeti csod\u00e1k cs\u00e1b\u00edtj\u00e1k a b\u00e1tortalanokat. Az Iglica-v\u00edzes\u00e9s, egy tizennyolc m\u00e9teres v\u00edzes\u00e9s egy permi m\u00e9szk\u0151fal ment\u00e9n Bohinjska Bela k\u00f6zel\u00e9ben, l\u00e9legzetel\u00e1ll\u00edt\u00f3 kil\u00e1t\u00e1st ny\u00fajt a gyalogosh\u00eddr\u00f3l, \u00e9s sportos kih\u00edv\u00e1st jelent a meredek fal\u00e1n felm\u00e1sz\u00f3knak. A k\u00f6zelben tal\u00e1lhat\u00f3 Babji Zob-barlangok \u2013 amelyek mintegy 300 m\u00e9ter hossz\u00faak \u00e9s ritka heliktitokkal d\u00edsz\u00edtettek \u2013 h\u00e1romszor hetente megrendezett ny\u00e1ri t\u00far\u00e1kra h\u00edvj\u00e1k a barlang\u00e1szokat, amelyek Bohinjska Bel\u00e1ban kezd\u0151dnek \u00e9s egy 1128 m\u00e9teres cs\u00facson cs\u00facsosodnak ki.<\/p>\n<p>Azok sz\u00e1m\u00e1ra, akiknek az \u00e9rdekl\u0151d\u00e9se kiterjed a Triglav Nemzeti Park t\u00e1gabb ter\u00fclet\u00e9re, speci\u00e1lis \u00fcgyn\u00f6ks\u00e9gek csoportja koordin\u00e1l szem\u00e9lyre szabott kir\u00e1ndul\u00e1sokat. A HourAway t\u00f6bbnapos \u00e9s egynapos kir\u00e1ndul\u00e1sokat szervez \u2013 ker\u00e9kp\u00e1roz\u00e1st vagy t\u00far\u00e1z\u00e1st \u2013 nagy teljes\u00edtm\u00e9ny\u0171 elektromos ker\u00e9kp\u00e1rokkal \u00e9s kavicsos felszerel\u00e9ssel felszerelve, m\u00edg az ikertestv\u00e9rek \u00e1ltal vezetett Altitude Activities sikl\u00f3erny\u0151z\u00e9st, ejt\u0151erny\u0151z\u00e9st, kanyoningot, raftingot \u00e9s via ferrat\u00e1t szervez; az Adventure Factory terepj\u00e1r\u00f3s t\u00far\u00e1kat ind\u00edt rejtett v\u00f6lgyek \u00e9s erdei \u00f6sv\u00e9nyek felfedez\u00e9s\u00e9hez. Minden egyes t\u00faraszervez\u0151 hozz\u00e1j\u00e1rul Bled h\u00edrnev\u00e9hez, mint az alpesi t\u00f6rekv\u00e9sek k\u00f6zpontja, ahol az idegenvezet\u0151k \u00e9s a felszerel\u00e9sek \u00f6sszefognak, hogy a r\u00e9gi\u00f3 term\u00e9szeti kincseit csorb\u00edt\u00e1s n\u00e9lk\u00fcl megk\u00f6zel\u00edthet\u0151v\u00e9 tegy\u00e9k.<\/p>\n<p>A kalandnak azonban nem kell jelent\u0151s er\u0151fesz\u00edt\u00e9ssel j\u00e1rnia. A Mala Osojnica kil\u00e1t\u00f3pontjai a Camp Zaka k\u00f6zel\u00e9ben \u00e9s a v\u00e1r terasz\u00e1n ingyenes panor\u00e1m\u00e1s kil\u00e1t\u00e1st ny\u00fajtanak a smaragdz\u00f6ld t\u00f3ra \u00e9s sziget\u00e9re a m\u00fazeum nyitvatart\u00e1si ideje ut\u00e1n, m\u00edg a v\u00e1r \u00e1rny\u00e9k\u00e1ban tal\u00e1lhat\u00f3 Grajsko kopali\u0161\u010de f\u00fcrd\u0151hely j\u00fanius k\u00f6zep\u00e9t\u0151l szeptemberig v\u00e1rja az \u00fasz\u00f3kat medenc\u00e9kkel, cs\u00faszd\u00e1kkal, trambulinokkal \u00e9s csal\u00e1di szolg\u00e1ltat\u00e1sokkal napi 6 eur\u00f3\u00e9rt, amely d\u00e9l ut\u00e1n 3 eur\u00f3ra cs\u00f6kken. Azok sz\u00e1m\u00e1ra, akik az egyed\u00fcll\u00e9tet kedvelik, a Strel Swimming Adventures szervezi a sziget k\u00f6r\u00fcli t\u00far\u00e1kat tapasztalt ny\u00edltv\u00edzi \u00fasz\u00f3kkal, a \u0160portna Dvorana fedett j\u00e9gp\u00e1ly\u00e1ja pedig t\u00e9li edz\u00e9st k\u00edn\u00e1l 4,50 eur\u00f3\u00e9rt plusz korcsolyab\u00e9rl\u00e9s. A golfoz\u00f3k a kilenclyuk\u00fa Bled Golf &amp; Country Clubot l\u00e1togatj\u00e1k 30 eur\u00f3\u00e9rt, vagy a tizennyolclyuk\u00fa p\u00e1ly\u00e1t 60 eur\u00f3\u00e9rt, m\u00edg a k\u00f6zeli minigolfp\u00e1lya k\u00e9s\u0151 estig versenyeket rendez. A gy\u00f3gyf\u00fcrd\u0151k \u00e9s wellnessk\u00f6zpontok \u2013 k\u00f6zt\u00fck a Golf Hotelben tal\u00e1lhat\u00f3 Ziva Wellness K\u00f6zpont \u2013 term\u00e1lmedenc\u00e9ket, szaun\u00e1kat \u00e9s kezel\u00e9seket k\u00edn\u00e1lnak, amelyek Rikli eredeti eg\u00e9szs\u00e9gturizmus-k\u00f6zpontj\u00e1t id\u00e9zik. A ny\u00e1ri sz\u00e1nk\u00f3z\u00e1s egy 520 m\u00e9teres p\u00e1ly\u00e1n ak\u00e1r 40 km\/h sebess\u00e9get is k\u00edn\u00e1l, a harcsa, csuka, ponty vagy pisztr\u00e1ng horg\u00e1szainak pedig napi 20 eur\u00f3\u00e9rt enged\u00e9lyt kell k\u00e9rni\u00fck a turisztikai irod\u00e1t\u00f3l. A hajnalban kel\u0151k h\u0151l\u00e9gballonos felsz\u00e1ll\u00e1st foglalhatnak a Ballooning Center Barje-n kereszt\u00fcl, amelynek rep\u00fcl\u00e9sei, id\u0151j\u00e1r\u00e1st\u00f3l f\u00fcgg\u0151en, napkeltekor indulnak \u00e9s h\u00e1rom-n\u00e9gy \u00f3r\u00e1n \u00e1t tartanak.<\/p>\n<p>Bled kultur\u00e1lis napt\u00e1ra eg\u00e9sz \u00e9vben meg\u00f6r\u00f6k\u00edti term\u00e9szeti var\u00e1zs\u00e1t. J\u00falius negyedik h\u00e9tv\u00e9g\u00e9j\u00e9n a Bledi Napok v\u00e1s\u00e1rokkal \u00e9s koncertekkel tet\u0151znek, melyek t\u0171zij\u00e1t\u00e9kkal \u00e9s a v\u00edzen t\u00fckr\u00f6z\u0151d\u0151 gyertyaf\u00e9nyekkel z\u00e1rulnak. A Bledi Nemzetk\u00f6zi Zenei Fesztiv\u00e1l j\u00falius elej\u00e9n klasszikus el\u0151ad\u00f3kat h\u00edv \u00f6ssze, m\u00edg az Okarina Etno n\u00e9phagyom\u00e1nyok fesztiv\u00e1lja augusztus els\u0151 h\u00e9tv\u00e9g\u00e9j\u00e9n etnikai zen\u00e9szeket gy\u0171jt \u00f6ssze. A K\u00f6z\u00e9pkori Napok t\u00f6rt\u00e9nelmi l\u00e1tv\u00e1nyoss\u00e1gokat eleven\u00edtenek fel a v\u00e1rban j\u00fanius els\u0151 h\u00e9tv\u00e9g\u00e9j\u00e9n, megh\u00edvva a l\u00e1togat\u00f3t, hogy bel\u00e9pjen a lovagi bemutat\u00f3k \u00e9s k\u00e9zm\u0171ves term\u00e9kek kor\u00e1bbi vil\u00e1g\u00e1ba.<\/p>\n<p>Bled meghat\u00e1roz\u00f3 vonzereje az elemi nagyszer\u0171s\u00e9g \u00e9s az emberi mesters\u00e9g harmonikus szint\u00e9zis\u00e9ben rejlik \u2013 egy halv\u00e1nyz\u00f6ld t\u00f3, amely a gleccserek visszavonul\u00e1s\u00e1b\u00f3l emelkedik ki, \u00e9s egy v\u00e1ros, amelynek neve \u00e9vezredeknyi nyelven visszhangzik; egy m\u00edtoszokban \u0151rz\u00f6tt sziget \u00e9s egy puszta szikl\u00e1b\u00f3l faragott v\u00e1r; a term\u00e1lforr\u00e1sok, amelyek a wellness-gyakorlatok \u00e9s az extr\u00e9m \u00e9s a nyugodt \u00e9lm\u00e9nyeket egyar\u00e1nt t\u00e1mogat\u00f3 \u00fcgyn\u00f6ks\u00e9gek folytonoss\u00e1g\u00e1t tartj\u00e1k fenn. Bledben a jelen \u00f6sszhangban van t\u00f6rt\u00e9netekkel teli m\u00faltj\u00e1val, olyan \u00e9lm\u00e9nyt k\u00edn\u00e1lva, amely egyszerre element\u00e1ris \u00e9s \u00e9vsz\u00e1zados megfigyel\u00e9s, odaad\u00e1s \u00e9s m\u0171v\u00e9szi gondoskod\u00e1s gazdagon k\u00f6zvet\u00edtette.<\/p>","protected":false},"excerpt":{"rendered":"<p>Bled, egy fest\u0151i v\u00e1ros a fels\u0151-krajnai r\u00e9gi\u00f3ban, Szlov\u00e9nia \u00e9szaknyugati r\u00e9sz\u00e9n, mintegy 8000 lakossal. Szlov\u00e9nia egyik legismertebb turisztikai c\u00e9lpontja, a Bledi-t\u00f3 csod\u00e1latos d\u00e9li partja gazdag t\u00f6rt\u00e9nelmi k\u00e1rpitj\u00e1val \u00e9s term\u00e9szeti pomp\u00e1j\u00e1val vonzza a vend\u00e9geket. Bled \u00f6nkorm\u00e1nyzata k\u00f6zigazgat\u00e1si k\u00f6zpontja, a v\u00e1ros vonzza a region\u00e1lis turizmust \u00e9s az \u00f6nkorm\u00e1nyzati k\u00f6zigazgat\u00e1st.<\/p>","protected":false},"author":1,"featured_media":2952,"parent":13345,"menu_order":0,"comment_status":"closed","ping_status":"closed","template":"elementor_theme","meta":{"_eb_attr":"","footnotes":""},"class_list":["post-13435","page","type-page","status-publish","has-post-thumbnail"],"_links":{"self":[{"href":"https:\/\/travelshelper.com\/hu\/wp-json\/wp\/v2\/pages\/13435","targetHints":{"allow":["GET"]}}],"collection":[{"href":"https:\/\/travelshelper.com\/hu\/wp-json\/wp\/v2\/pages"}],"about":[{"href":"https:\/\/travelshelper.com\/hu\/wp-json\/wp\/v2\/types\/page"}],"author":[{"embeddable":true,"href":"https:\/\/travelshelper.com\/hu\/wp-json\/wp\/v2\/users\/1"}],"replies":[{"embeddable":true,"href":"https:\/\/travelshelper.com\/hu\/wp-json\/wp\/v2\/comments?post=13435"}],"version-history":[{"count":0,"href":"https:\/\/travelshelper.com\/hu\/wp-json\/wp\/v2\/pages\/13435\/revisions"}],"up":[{"embeddable":true,"href":"https:\/\/travelshelper.com\/hu\/wp-json\/wp\/v2\/pages\/13345"}],"wp:featuredmedia":[{"embeddable":true,"href":"https:\/\/travelshelper.com\/hu\/wp-json\/wp\/v2\/media\/2952"}],"wp:attachment":[{"href":"https:\/\/travelshelper.com\/hu\/wp-json\/wp\/v2\/media?parent=13435"}],"curies":[{"name":"wp","href":"https:\/\/api.w.org\/{rel}","templated":true}]}}