{"id":13369,"date":"2024-09-17T16:48:33","date_gmt":"2024-09-17T16:48:33","guid":{"rendered":"https:\/\/travelshelper.com\/staging\/?page_id=13369"},"modified":"2026-03-12T22:49:50","modified_gmt":"2026-03-12T22:49:50","slug":"kranjska-gora","status":"publish","type":"page","link":"https:\/\/travelshelper.com\/hu\/destinations\/europe\/slovenia\/kranjska-gora\/","title":{"rendered":"Kranjska Gora"},"content":{"rendered":"<p>Kranjska Gora, Szlov\u00e9nia \u00e9szaknyugati negyed\u00e9ben, a Pi\u0161nica \u00e9s a Sava Dolinka foly\u00f3k tal\u00e1lkoz\u00e1s\u00e1n\u00e1l fekszik, egyben n\u00e9vad\u00f3 telep\u00fcl\u00e9s\u00e9nek k\u00f6zigazgat\u00e1si k\u00f6zpontja \u00e9s egy nagyj\u00e1b\u00f3l tizen\u00f6tsz\u00e1z lelket sz\u00e1ml\u00e1l\u00f3, kompakt k\u00f6z\u00f6ss\u00e9g, amely Fels\u0151-Krajna r\u00e9gi\u00f3j\u00e1ban fekszik, mind\u00f6ssze n\u00e9h\u00e1ny kilom\u00e9terre az osztr\u00e1k \u00e9s olasz hat\u00e1rt\u00f3l. A v\u00f6lgy\u00e9ben kibontakoz\u00f3 alpesi amfite\u00e1trummal \u2013 ahol a J\u00faliai-Alpok csipk\u00e9zett sziluettben emelkednek \u2013 a v\u00e1ros nemcsak f\u00f6ldrajzi, hanem t\u00f6rt\u00e9nelmi szempontb\u00f3l is kulcsfontoss\u00e1g\u00fa pontot foglal el, mivel itt a Sava Dolinka kelet fel\u00e9 h\u00faz\u00f3dik, mik\u00f6zben olyan cs\u00facsok, mint a Dreil\u00e4ndereck, vagy Pe\u010d, Szlov\u00e9nia, Ausztria \u00e9s Olaszorsz\u00e1g h\u00e1rmashat\u00e1r\u00e1t jel\u00f6lik. A term\u00e9szetes folyos\u00f3k \u00e9s politikai hat\u00e1rok tal\u00e1lkoz\u00e1sa az 1326-os els\u0151 dokument\u00e1lt eml\u00edt\u00e9se \u00f3ta olyan jelent\u0151s\u00e9ggel ruh\u00e1zta fel Kranjska Gor\u00e1t, amely t\u00falmutat szer\u00e9ny m\u00e9ret\u00e9n, macskak\u00f6ves utc\u00e1inak \u00e9s bord\u00e1s boltozatos szent\u00e9lyeinek a kereskedelem, a zar\u00e1ndoklat \u00e9s a sporttev\u00e9kenys\u00e9g rezonanci\u00e1j\u00e1t k\u00f6lcs\u00f6n\u00f6zve, amely a mai napig is fennmaradt.<\/p>\n<p>J\u00f3val azel\u0151tt, hogy a modern t\u00e9rk\u00e9pek kijel\u00f6lt\u00e9k volna a nemzet\u00e1llamok hat\u00e1rait, a telep\u00fcl\u00e9s \u2013 amelyet kezdetben a germ\u00e1n Chrainow n\u00e9vanyag \u00e9s annak v\u00e1ltozatos helyes\u00edr\u00e1sa alatt jegyeztek fel a XIV. \u00e9s XV. sz\u00e1zadban \u2013 nev\u00e9t a szomsz\u00e9dos karavank\u00e1kr\u00f3l (n\u00e9met\u00fcl \u201eKrainberg\u201d) kapta, amely etimol\u00f3giai vonal k\u00e9s\u0151bb szlov\u00e9nul Kranjska Gora n\u00e9ven helleniz\u00e1lt. A t\u00f6rt\u00e9neti tudom\u00e1nyok szerint a karantaniai szlov\u00e9n bev\u00e1ndorl\u00f3k el\u0151sz\u00f6r a XI. sz\u00e1zadban alap\u00edtottak vid\u00e9ki telep\u00fcl\u00e9seket; a XII. sz\u00e1zadra az Ortenburg gr\u00f3fjai birtokolt\u00e1k itt a h\u0171b\u00e9ri birtokot, fel\u00fcgyelve a Tarvisi\u00f3ba tart\u00f3 keresked\u0151k \u00e1ltal bej\u00e1rt ter\u00fcletet. A lev\u00e9lt\u00e1ri oklevelek felt\u00e1r\u00e1sai azt is felt\u00e1rj\u00e1k, hogy 1431-ben a celjei gr\u00f3fok er\u0151d\u00edtett uradalmat \u00e9p\u00edtettek Villa Bass\u00e1ban \u2013 amely ma az olasz Tarvisi\u00f3hoz tartozik \u2013, amelynek fennhat\u00f3s\u00e1ga az 1848-as forradalmi \u00e9v\u00e9ig fennmaradt, amikor a Habsburg birodalom nagy r\u00e9sz\u00e9n v\u00e9gleg elszakadtak a feud\u00e1lis k\u00f6tel\u00e9kek.<\/p>\n<p>A tizen\u00f6t\u00f6dik sz\u00e1zad azonban nem csup\u00e1n a dinasztikus \u00e1talakul\u00e1sr\u00f3l sz\u00f3lt: 1476-ban oszm\u00e1n fosztogat\u00f3k lept\u00e9k el a v\u00f6lgyet, bet\u00f6r\u00e9seik pedig \u00e9lesen eml\u00e9keztettek a hat\u00e1rvid\u00e9k vesz\u00e9lyes term\u00e9szet\u00e9re. Az \u00e9vsz\u00e1zadok m\u00fal\u00e1s\u00e1val azonban a vas- \u00e9s favezet\u00e9kek is egyre terjeszkedtek. Az 1870-es vas\u00fati \u00f6sszek\u00f6ttet\u00e9s megjelen\u00e9se az \u00f6sszek\u00f6ttet\u00e9s \u00faj szakasz\u00e1t nyitotta meg, lehet\u0151v\u00e9 t\u00e9ve mind a mez\u0151gazdas\u00e1gi term\u00e9kek, mind a sz\u00fclet\u0151ben l\u00e9v\u0151 turizmus sz\u00e1m\u00e1ra, hogy p\u00e9ld\u00e1tlan sebess\u00e9ggel haladjanak \u00e1t a meredek h\u00e1g\u00f3kon. A birodalmi verseng\u00e9s \u00e9s az infrastruktur\u00e1lis b\u0151v\u00edt\u00e9s ebbe a kontextus\u00e1ba illeszkedtek be a Nagy H\u00e1bor\u00fa katasztr\u00f3f\u00e1i: a v\u00e1ros feletti fagyos hegyvid\u00e9ken az orosz hadifoglyok, akik h\u00e1bor\u00fas utat \u00e9p\u00edtettek a Vr\u0161i\u010d-h\u00e1g\u00f3hoz, 1916-ban katasztrof\u00e1lis lavin\u00e1nak estek \u00e1ldozatul. Eml\u00e9k\u00fckben a mai napig \u00e1ll egy szer\u00e9ny, honfit\u00e1rsaik \u00e1ltal \u00e9p\u00edtett fak\u00e1polna, amely a h\u00f3f\u00f6dte lejt\u0151kre n\u00e9z; a k\u00f6zelben tal\u00e1lhat\u00f3 a temet\u0151, ahol az elhunytak f\u00f6ldi maradv\u00e1nyai nyugszanak, akikr\u0151l minden \u00e9vben \u00fcnnep\u00e9lyes megeml\u00e9kez\u00e9st tartanak a l\u00e1togat\u00f3k \u00e9s a falusiak egyar\u00e1nt.<\/p>\n<p>A konfliktusok sebei nem sz\u0171ntek meg 1918-ban. A m\u00e1sodik vil\u00e1gh\u00e1bor\u00fa v\u00e9g\u00e9n Kranjska Gora keleti k\u00f6rzetei a fegyveres visz\u00e1ly komorabb tan\u00fabizonys\u00e1g\u00e1t adt\u00e1k: a Savsko Naselje, vagyis a Ru\u0161ar-r\u00e9ti t\u00f6megs\u00edrban ak\u00e1r harminc\u00f6t n\u00e9met katona is elesett az 1945 m\u00e1jus\u00e1ban a partiz\u00e1ner\u0151kkel v\u00edvott \u00f6sszecsap\u00e1sban. A k\u00f6rnyez\u0151 feny\u0151erd\u0151kh\u00f6z hasonl\u00f3an csendes ez a s\u00edrbolt is, amely kiemeli a v\u00e1ros vitatott huszadik sz\u00e1zadi \u00f6r\u00f6ks\u00e9g\u00e9t, ahol az ideol\u00f3giai harcok k\u00f6zepette \u00fajra \u00e9s \u00fajra \u00e1tl\u00e9pt\u00e9k a nemzeti identit\u00e1s k\u00fcsz\u00f6b\u00e9t.<\/p>\n<p>A h\u00e1bor\u00fa z\u0171rzavar\u00e1b\u00f3l kil\u00e1balva Kranjska Gora \u2013 mintha csak a gleccserpatakok gy\u00f3gy\u00edt\u00f3 er\u00e9nyeit akarn\u00e1 \u00e9rv\u00e9nyes\u00edteni \u2013 vir\u00e1gz\u00f3 hivat\u00e1s\u00e1t v\u00e1lasztotta t\u00e9li sportok enkl\u00e1v\u00e9jak\u00e9nt. 1949 \u00e9s 1965 k\u00f6z\u00f6tt egym\u00e1st k\u00f6vet\u0151 s\u00edfelvon\u00f3kat telep\u00edtettek a Vitranc-hegy oldalaira, amelyeket 1958-ban egy eredetileg faanyag \u00e9s kell\u00e9kek sz\u00e1ll\u00edt\u00e1s\u00e1ra szolg\u00e1l\u00f3 teherfelvon\u00f3val eg\u00e9sz\u00edtettek ki. Ezek a l\u00e9tes\u00edtm\u00e9nyek el\u0151revet\u00edtett\u00e9k a v\u00e1ros kiv\u00e1laszt\u00e1s\u00e1t az FIS alpesi s\u00ed vil\u00e1gkupa \u00e9ves \u00e1llom\u00e1sak\u00e9nt \u2013 a m\u0171lesikl\u00f3 \u00e9s \u00f3ri\u00e1s-m\u0171lesikl\u00f3 p\u00e1ly\u00e1kat egy\u00fcttesen Vitranc Kupa n\u00e9ven ismerik \u2013, \u00e9s tov\u00e1bb er\u0151s\u00edtett\u00e9k a hely h\u00edrnev\u00e9t a Planica hatalmas s\u00edp\u00e1ly\u00e1ja mellett, amely mind\u00f6ssze egy v\u00f6lgynyire fekszik d\u00e9lre. A turizmus azonban t\u00falmutat a t\u00e9li hat\u00e1rokon: a ny\u00e1ri h\u00f3napokban ker\u00e9kp\u00e1ros \u00e9s t\u00fara\u00fatvonalak h\u00e1l\u00f3zata h\u00e1l\u00f3zza be a k\u00f6rnyez\u0151 lejt\u0151ket, m\u00edg a Jasna-t\u00f3 krist\u00e1lytiszta vize \u2013 amelyet Ivan Krivca n\u00e9vad\u00f3 telep\u00fcl\u00e9s\u00e9nek partjai simogatnak \u2013 pihen\u00e9sre cs\u00e1b\u00edt az alpesi naps\u00fct\u00e9sben.<\/p>\n<p>Kranjska Gora k\u00f6zs\u00e9gi z\u00e1szlaja alatt a falu t\u00f6rt\u00e9nelmi magja (kor\u00e1bban Borovska vas) mellett \u00fajabb \u00fcd\u00fcl\u0151lak\u00e1s-, sz\u00e1lloda- \u00e9s szabadid\u0151s negyedek is tal\u00e1lhat\u00f3k; a Nagyboldogasszony-templom egykor szabadon \u00e1ll\u00f3 harangtorny\u00e1t \u2013 amelyet g\u00f3tikus st\u00edlusban emeltek 1500 k\u00f6r\u00fcl \u2013 egy kib\u0151v\u00edtett haj\u00f3 \u00f6leli fel, m\u00e9gis meg\u0151rizte csillagboltozatos presbit\u00e9rium\u00e1t \u00e9s a 15. sz\u00e1zadi szobr\u00e1szati \u200b\u200bereklyetart\u00f3kat. Leopold Layer 18. sz\u00e1zad v\u00e9gi v\u00e1szonk\u00e9pei barokk melegs\u00e9get \u00e1rasztanak, olajf\u00e9ny\u00fck ellenpontja a fej\u00fck felett magasod\u00f3 karintiai bord\u00e1s boltozatnak. A vil\u00e1gi \u00e9p\u00fcletek szint\u00e9n a let\u0171nt korokat id\u00e9zik: a h\u00e1rom \u00e9vsz\u00e1zados Liznjek-k\u00faria meg\u0151rzi a megfeketedett \u201ekonyhai\u201d kandall\u00f3t \u00e9s az eredeti szobaelrendez\u00e9seket, amelyeket most egy n\u00e9prajzi gy\u0171jtem\u00e9nynek adnak \u00e1t, amely a Fels\u0151-Sz\u00e1va-v\u00f6lgy vid\u00e9ki \u00e9let\u00e9t mutatja be. A k\u00f6zelben egy eml\u00e9kt\u00e1bla jelzi Josip Vandot sz\u00fcl\u0151hely\u00e9t, akinek Kekecr\u0151l sz\u00f3l\u00f3 leny\u0171g\u00f6z\u0151 t\u00f6rt\u00e9netei r\u00e9g\u00f3ta be\u00e9p\u00fcltek a szlov\u00e9n gyermekirodalom sz\u00f6vet\u00e9be.<\/p>\n<p>A kultur\u00e1lis hagyom\u00e1nyok itt \u00f6sszefon\u00f3dnak a term\u00e9szeti m\u00edtoszokkal. Az ajd\u00f3i-h\u00e1g\u00f3, egy karsztos szikl\u00e1kban \u0151rz\u00f6tt, viharvert k\u0151b\u0151l k\u00e9sz\u00fclt l\u00e1nyb\u00e1bu, megragadja a n\u00e9pmese-rajong\u00f3k k\u00e9pzelet\u00e9t; legend\u00e1ja, amely els\u00fcllyedt birodalmakr\u00f3l \u00e9s erdei visszhangokr\u00f3l sz\u00f3l, leheletet ad a k\u0151nek. Nem messze innen t\u00e1tong a Prisanko-ablak \u2013 egy monument\u00e1lis, mintegy nyolcvan m\u00e9ter magas \u00e9s negyven m\u00e9ter sz\u00e9les ny\u00edl\u00e1s \u2013 a Prisanko-falban, Szlov\u00e9nia egyik legnagyobb term\u00e9szetes ny\u00edl\u00e1s\u00e1ban, amely a hegyvid\u00e9ket form\u00e1l\u00f3 er\u00f3zi\u00f3s \u00e9s alkot\u00f3 er\u0151k bizony\u00edt\u00e9ka. A tengerszint felett 1611 m\u00e9terrel magasod\u00f3 Vr\u0161i\u010d-h\u00e1g\u00f3 tov\u00e1bbra is a Keleti-J\u00faliai-Alpok legmagasabb f\u0151\u00fatja, a Sz\u00e1va \u00e9s az Isonz\u00f3 v\u00f6lgyeit \u00f6sszek\u00f6t\u0151 kanyarg\u00f3s aszfaltszalag \u2013 \u00e9s t\u00e9len a h\u00f3f\u00f6dte szakad\u00e9kok k\u00f6z\u00f6tt rejl\u0151 m\u00e9rn\u00f6ki munka dacos bizony\u00edt\u00e9ka.<\/p>\n<p>Az elm\u00e9ly\u00fcl\u00e9sre v\u00e1gy\u00f3 utaz\u00f3k sz\u00e1m\u00e1ra Kranjska Gora megk\u00f6zel\u00edt\u00e9s\u00e9t rendszeres buszj\u00e1ratok biztos\u00edtj\u00e1k Ljubljan\u00e1b\u00f3l \u00e9s Jesenic\u00e9b\u0151l, ut\u00f3bbiban tal\u00e1lhat\u00f3 a legk\u00f6zelebbi vas\u00fat\u00e1llom\u00e1s, valamint k\u00e9tnaponta k\u00f6zleked\u0151 buszj\u00e1ratok Bled t\u00f3parti v\u00e1ros\u00e1ba; ny\u00e1ron egy fest\u0151i \u00fatvonal is kanyarog Bovecb\u0151l a Vr\u0161i\u010d foly\u00f3n kereszt\u00fcl. Azonban, ha ide \u00e9r\u00fcnk, ritk\u00e1n kell g\u00e9pi k\u00f6zleked\u00e9st ig\u00e9nybe venni: a telep\u00fcl\u00e9s kompakt alapter\u00fclete lehet\u0151v\u00e9 teszi, hogy a gyalogosok negyed\u00f3r\u00e1n bel\u00fcl \u00e1thaladjanak egyik sz\u00e9l\u00e9t\u0151l a m\u00e1sikig, m\u00edg az Orosz \u00fat \u2013 egy tizenegy kilom\u00e9ter hossz\u00fa, h\u00e1bor\u00fas munk\u00e1sok \u00e1ltal v\u00e1jt f\u0151\u00fat \u2013 kilencsz\u00e1z m\u00e9tert emelkedik a Vr\u0161i\u010d cs\u00facs\u00e1ig, amely t\u00f6rt\u00e9nelmi jelent\u0151s\u00e9g\u0171 \u00e9s panor\u00e1m\u00e1s \u00e9lm\u00e9nyt is ny\u00fajt.<\/p>\n<p>Az Orosz K\u00e1polna l\u00e1tv\u00e1nya, amint lavin\u00e1k s\u00fajtotta lejt\u0151j\u00e9n virraszt, olyan, mint szembes\u00fclni az emberi munka \u00e9s az alpesi k\u00f6z\u00f6ny tal\u00e1lkoz\u00e1s\u00e1val; egy r\u00f6vid s\u00e9ta a k\u00f6zpontt\u00f3l egyszerre szent\u00e9lyk\u00e9nt \u00e9s \u0151rszemk\u00e9nt t\u00e1rul el\u00e9nk. Ugyanilyen leny\u0171g\u00f6z\u0151 a Jasna-t\u00f3 smaragdz\u00f6ld kiterjed\u00e9se, ahol Zlatorog \u2013 Triglav mitikus zerge \u0151rz\u0151je \u2013 szobra a krist\u00e1lytiszta m\u00e9lys\u00e9gekre veti figyel\u0151 tekintet\u00e9t. Az ilyen \u2013 nagyszer\u0171s\u00e9g\u00fckben rend\u00edthetetlen \u2013 l\u00e1tv\u00e1nyok ink\u00e1bb elm\u00e9lked\u00e9sre cs\u00e1b\u00edtanak, mintsem a t\u00f6megturizmus m\u00fal\u00e9kony izgalmaira; itt a l\u00e1togat\u00f3 ink\u00e1bb arra van k\u00e9nytelen, hogy megfigyelje, r\u00f6gz\u00edtse, regisztr\u00e1lja a k\u0151 \u00e9s a gleccser, a legenda \u00e9s az \u00e9l\u0151 t\u00f6rt\u00e9nelem k\u00f6lcs\u00f6nhat\u00e1s\u00e1t.<\/p>\n<p>Az \u00e9vszakoknak megfelel\u0151en sz\u00e1mos tev\u00e9kenys\u00e9g v\u00e1rja a l\u00e1togat\u00f3kat. A t\u00e9li sportok szerelmesei a Vitranc lejt\u0151in s\u00edelhetnek \u00e9s snowboardozhatnak, m\u00edg a szomsz\u00e9dos Tamar-v\u00f6lgyben a Planica s\u00edp\u00e1ly\u00e1i az aerodinamikai mer\u00e9szs\u00e9g katedr\u00e1lisak\u00e9nt magasodnak. Ny\u00e1ron ugyanezek a p\u00e1ly\u00e1k t\u00far\u00e1z\u00f3k \u00e9s ker\u00e9kp\u00e1rosok \u00fatvonalaiv\u00e1 alakulnak; a helyi t\u00farat\u00e9rk\u00e9pek, b\u00e1r tele vannak \u00f3vatoss\u00e1gra int\u0151 tan\u00e1csokkal a j\u00e1rhatatlan t\u00f6rmel\u00e9kkel \u00e9s kitetts\u00e9ggel kapcsolatban, k\u00fcl\u00f6nb\u00f6z\u0151 neh\u00e9zs\u00e9g\u0171 \u00f6sv\u00e9nyeket \u00e1br\u00e1zolnak \u2013 k\u00f6zt\u00fck olyanokat, amelyek egyszerre ig\u00e9nyelnek neh\u00e9zs\u00e9get \u00e9s b\u00e1tors\u00e1got, hiszen a \u201emeglehet\u0151sen neh\u00e9z\u201d megjel\u00f6l\u00e9s\u00fck az alpesi terep tiszteletben tart\u00e1s\u00e1nak k\u00e9nyszer\u00e9t id\u00e9zi. A hegyi ker\u00e9kp\u00e1rosok a Fun Bike Park Kranjska Gora \u00f6sv\u00e9nyeit vehetik ig\u00e9nybe, ahol az ugrat\u00f3k \u00e9s a dombok adrenalinl\u00f6ketet biztos\u00edtanak.<\/p>\n<p>A vend\u00e9g ell\u00e1t\u00e1sa egyszer\u0171nek bizonyul. Egy k\u00f6zponti szupermarketben kaphat\u00f3k az alapvet\u0151 \u00e9lelmiszerek, m\u00edg a t\u00f3parti \u00e9s falusi utc\u00e1kat szer\u00e9ny b\u00e1r-\u00e9ttermek tark\u00edtj\u00e1k, pizz\u00e1kat \u00e9s transzeur\u00f3pai \u00e9teleket szolg\u00e1lnak fel fagerend\u00e1k \u00e9s h\u00f3poros horizontok illat\u00e1t \u00e1raszt\u00f3 k\u00f6rnyezetben. Sz\u00e1mos helyi b\u00e1rban k\u00edn\u00e1lnak italfel\u00fcd\u00fcl\u00e9st, melyek bels\u0151 tereit ink\u00e1bb a bar\u00e1ts\u00e1gos bajt\u00e1rsiass\u00e1g meleg\u00edti, mint a l\u00e1ngol\u00f3 t\u0171zv\u00e9sz. Az \u00e9jszakai sz\u00e1ll\u00e1slehet\u0151s\u00e9gek a Kranjska Gor\u00e1n bel\u00fcli fogad\u00f3csoportokt\u00f3l a mintegy k\u00e9t kilom\u00e9terre l\u00e9v\u0151, bukolikus Podkoren falucsk\u00e1j\u00e1ig terjednek, ahol a Pr&#039; Tatko ifj\u00fas\u00e1gi sz\u00e1ll\u00f3 egy t\u00f6rt\u00e9nelmi \u00e9p\u00fcletben tal\u00e1lhat\u00f3, k\u00f6z\u00f6s konyh\u00e1j\u00e1t \u00e9s bar\u00e1ts\u00e1gos szem\u00e9lyzet\u00e9t egy ott lak\u00f3 macska j\u00f3indulat\u00fas\u00e1ga eg\u00e9sz\u00edti ki, \u00e9s ahol a szomsz\u00e9dos sz\u00e1lloda b\u00e1rja nyitva \u00e1ll a nem itt tart\u00f3zkod\u00f3 vend\u00e9gek sz\u00e1m\u00e1ra is.<\/p>\n<p>\u00cdgy sz\u00f6vi \u00f6ssze Kranjska Gora a sokf\u00e9le sz\u00e1lat \u2013 f\u00f6ldrajzi, t\u00f6rt\u00e9nelmi, kultur\u00e1lis \u00e9s rekre\u00e1ci\u00f3s \u2013 egy bonyolult \u00e9s krist\u00e1lytiszta gobelinn\u00e9. Itt a foly\u00f3 k\u00e9rlelhetetlen sodr\u00e1sa tal\u00e1lkozik az alpesi s\u00e1ncok szil\u00e1rd emelked\u00e9s\u00e9vel; itt a k\u00f6z\u00e9pkori oklevelek huszadik sz\u00e1zadi megeml\u00e9kez\u00e9sekkel tal\u00e1lkoznak; itt a szent boltozatok visszhangoznak a havon s\u00edl\u00e9cek visszhangj\u00e1val; \u00e9s itt, egy kompakt v\u00e1rosi l\u00e1bnyomon bel\u00fcl, az utaz\u00f3 felfoghatja mind a k\u0151 szil\u00e1rds\u00e1g\u00e1t, mind a legend\u00e1k m\u00faland\u00f3 lehelet\u00e9t. A telep\u00fcl\u00e9s minden korban v\u00e1ltozott: h\u0171b\u00e9rbirtokb\u00f3l er\u0151dd\u00e9, k\u00f6zleked\u00e9si csom\u00f3pontt\u00e1 \u00e9s sportp\u00e1ly\u00e1v\u00e1 v\u00e1lt, tan\u00faja volt az emberis\u00e9g t\u00f6rekv\u00e9seinek \u00e9s megpr\u00f3b\u00e1ltat\u00e1sainak. A hegyek m\u00e9gis fennmaradnak, csendes cs\u00facsaik \u00e9vsz\u00e1zadokig kif\u00fcrk\u00e9szhetetlenek. Ebben a tart\u00f3s keretben \u2013 a foly\u00f3medenc\u00e9b\u0151l \u00e9s a gr\u00e1nit gerincb\u0151l \u2013 mutatkozik meg Kranjska Gora, nem egy elfogyasztand\u00f3 \u00fati c\u00e9lk\u00e9nt, hanem a szeml\u00e9l\u0151d\u00e9s helysz\u00ednek\u00e9nt, ahol a term\u00e9szet \u00e9s a t\u00f6rt\u00e9nelem ritmusa tal\u00e1lkozik.<\/p>","protected":false},"excerpt":{"rendered":"<p>A Szlov\u00e9nia \u00e9szaknyugati r\u00e9gi\u00f3j\u00e1ban tal\u00e1lhat\u00f3 Kranjska Gora egy b\u00e1jos v\u00e1ros, nagyj\u00e1b\u00f3l 1500 lakossal, \u00e9s Kranjska Gora \u00f6nkorm\u00e1nyzat\u00e1nak adminisztrat\u00edv k\u00f6zpontjak\u00e9nt szolg\u00e1l. Ez a fest\u0151i alpesi falu strat\u00e9giai helyen, a Sava Dolinka foly\u00f3 ment\u00e9n, Fels\u0151-Krajn\u00e1ban tal\u00e1lhat\u00f3, mind\u00f6ssze n\u00e9h\u00e1ny kilom\u00e9terre az osztr\u00e1k \u00e9s az olasz hat\u00e1rt\u00f3l. A v\u00e1ros egyedi domborzata kiemeli a h\u00e1rompont k\u00f6zels\u00e9g\u00e9t, ahol Ausztria, Olaszorsz\u00e1g \u00e9s Szlov\u00e9nia a n\u00e9met\u00fcl Dreil\u00e4ndereck vagy szlov\u00e9n Pe\u010d n\u00e9ven ismert hegy tetej\u00e9n k\u00f6t \u00f6ssze.<\/p>","protected":false},"author":1,"featured_media":4173,"parent":13345,"menu_order":0,"comment_status":"closed","ping_status":"closed","template":"elementor_theme","meta":{"_eb_attr":"","footnotes":""},"class_list":["post-13369","page","type-page","status-publish","has-post-thumbnail"],"_links":{"self":[{"href":"https:\/\/travelshelper.com\/hu\/wp-json\/wp\/v2\/pages\/13369","targetHints":{"allow":["GET"]}}],"collection":[{"href":"https:\/\/travelshelper.com\/hu\/wp-json\/wp\/v2\/pages"}],"about":[{"href":"https:\/\/travelshelper.com\/hu\/wp-json\/wp\/v2\/types\/page"}],"author":[{"embeddable":true,"href":"https:\/\/travelshelper.com\/hu\/wp-json\/wp\/v2\/users\/1"}],"replies":[{"embeddable":true,"href":"https:\/\/travelshelper.com\/hu\/wp-json\/wp\/v2\/comments?post=13369"}],"version-history":[{"count":0,"href":"https:\/\/travelshelper.com\/hu\/wp-json\/wp\/v2\/pages\/13369\/revisions"}],"up":[{"embeddable":true,"href":"https:\/\/travelshelper.com\/hu\/wp-json\/wp\/v2\/pages\/13345"}],"wp:featuredmedia":[{"embeddable":true,"href":"https:\/\/travelshelper.com\/hu\/wp-json\/wp\/v2\/media\/4173"}],"wp:attachment":[{"href":"https:\/\/travelshelper.com\/hu\/wp-json\/wp\/v2\/media?parent=13369"}],"curies":[{"name":"wp","href":"https:\/\/api.w.org\/{rel}","templated":true}]}}