{"id":13345,"date":"2024-09-17T16:25:54","date_gmt":"2024-09-17T16:25:54","guid":{"rendered":"https:\/\/travelshelper.com\/staging\/?page_id=13345"},"modified":"2026-03-12T22:41:04","modified_gmt":"2026-03-12T22:41:04","slug":"szlovenia","status":"publish","type":"page","link":"https:\/\/travelshelper.com\/hu\/destinations\/europe\/slovenia\/","title":{"rendered":"Szlov\u00e9nia"},"content":{"rendered":"<p>Szlov\u00e9nia, az eur\u00f3pai kontinens sz\u00edv\u00e9ben fekv\u0151, z\u00f6ldell\u0151 terep \u00e9s szikl\u00e1s cs\u00facsok karcs\u00fa folyos\u00f3ja, 20 271 n\u00e9gyzetkilom\u00e9teren ter\u00fcl el, \u00e9s k\u00f6r\u00fclbel\u00fcl 2,1 milli\u00f3 lakosnak ad otthont; nyugatr\u00f3l Olaszorsz\u00e1g, \u00e9szakr\u00f3l Ausztria, \u00e9szakkeletr\u0151l Magyarorsz\u00e1g, d\u00e9lr\u0151l \u00e9s d\u00e9lkeletr\u0151l Horv\u00e1torsz\u00e1g hat\u00e1rolja, d\u00e9lnyugatr\u00f3l pedig az Adriai-tenger partvonal\u00e1nak egy r\u00f6vid cs\u00edkj\u00e1t \u00f6leli fel. A k\u00f6zt\u00e1rsas\u00e1g strat\u00e9giai elhelyezked\u00e9se az alpesi magaslatok, a pannon s\u00edks\u00e1gok \u00e9s a mediterr\u00e1n hat\u00e1sok tal\u00e1lkoz\u00e1s\u00e1n\u00e1l megalapozza egyedi jelleg\u00e9t.<\/p>\n<p>A Biz\u00e1nci Birodalom, majd k\u00e9s\u0151bb a Karoling \u00e9s a Szent R\u00f3mai Birodalom birodalm\u00e1hoz val\u00f3 legkor\u00e1bbi csatol\u00e1s\u00e1t\u00f3l kezdve, \u00e9vsz\u00e1zadokon \u00e1t a Magyar Kir\u00e1lys\u00e1g, a Velencei K\u00f6zt\u00e1rsas\u00e1g kereskedelmi befoly\u00e1sa, a nap\u00f3leoni ill\u00edr tartom\u00e1nyok \u00e9s a hatalmas Habsburg monarchia fennhat\u00f3s\u00e1ga alatt, a ma Szlov\u00e9nia n\u00e9ven ismert ter\u00fclet a birodalmi \u00e1ramlatok apad\u00e1s\u00e1nak \u00e9s hull\u00e1mz\u00e1s\u00e1nak volt tan\u00faja \u2013 a korm\u00e1nyz\u00e1s minden egyes szintje kit\u00f6r\u00f6lhetetlen nyomokat hagyott kultur\u00e1lis topogr\u00e1fi\u00e1j\u00e1n. 1918 \u0151sz\u00e9n a szlov\u00e9nek k\u00f6z\u00f6sen megalap\u00edtott\u00e1k a Szlov\u00e9n, Horv\u00e1t \u00e9s Szerb \u00c1llamot, hogy azt\u00e1n h\u00f3napokkal k\u00e9s\u0151bb beolvadjanak a sz\u00fclet\u0151ben l\u00e9v\u0151 Szerb, Horv\u00e1t \u00e9s Szlov\u00e9n Kir\u00e1lys\u00e1gba (1929-ben Jugoszl\u00e1vi\u00e1ra nevezt\u00e9k \u00e1t). A m\u00e1sodik vil\u00e1gh\u00e1bor\u00fa felfordul\u00e1sait, amelyek sor\u00e1n N\u00e9metorsz\u00e1g, Olaszorsz\u00e1g \u00e9s Magyarorsz\u00e1g felosztotta \u00e9s annekt\u00e1lta a f\u00f6ldet \u2013 kieg\u00e9sz\u00edtve azzal, hogy egy r\u00e9sz\u00e9t \u00e1tengedt\u00e9k a F\u00fcggetlen Horv\u00e1t \u00c1llamnak \u2013, a szocialista Jugoszl\u00e1vi\u00e1ba val\u00f3 visszaintegr\u00e1l\u00f3d\u00e1s k\u00f6vette. Miut\u00e1n 1991 j\u00fanius\u00e1ban megszabadult a k\u00fcls\u0151 gy\u00e1ms\u00e1gt\u00f3l, Szlov\u00e9nia szuverenit\u00e1si nyilatkozata \u00faj fejezetet nyitott, amelyben az orsz\u00e1g az Eur\u00f3pai Uni\u00f3, a NATO \u00e9s m\u00e1s glob\u00e1lis szervezetek tagjak\u00e9nt jel\u00f6li ki \u00fatj\u00e1t, mik\u00f6zben egy olyan magas j\u00f6vedelm\u0171 gazdas\u00e1got \u00e1pol, amely egyens\u00falyt teremt a tiszteletre m\u00e9lt\u00f3 gy\u00e1rt\u00e1s \u00e9s mez\u0151gazdas\u00e1gi tev\u00e9kenys\u00e9gek, valamint a legmodernebb inform\u00e1ci\u00f3s technol\u00f3gia \u00e9s p\u00e9nz\u00fcgyi szolg\u00e1ltat\u00e1sok k\u00f6z\u00f6tt.<\/p>\n<p>F\u00f6ldrajzilag Szlov\u00e9nia a 45\u00b0 \u00e9s 47\u00b0 \u00e9szaki sz\u00e9less\u00e9g, valamint a 13\u00b0 \u00e9s 17\u00b0 keleti hossz\u00fas\u00e1g k\u00f6z\u00f6tt ter\u00fcl el, szinte a tizen\u00f6t\u00f6dik keleti meridi\u00e1n szeli kett\u00e9, k\u00f6z\u00e9ppontja pedig a Litija k\u00f6zs\u00e9gben tal\u00e1lhat\u00f3 Slivna k\u00f6zel\u00e9ben tal\u00e1lhat\u00f3 46\u00b007\u203211.8\u2033 \u00e9szaki, 14\u00b048\u203255.2\u2033 keleti koordin\u00e1t\u00e1kon helyezkedik el. Topogr\u00e1fiai soksz\u00edn\u0171s\u00e9ge leny\u0171g\u00f6z\u0151: n\u00e9gy f\u0151 eur\u00f3pai r\u00e9gi\u00f3 \u2013 az Alpok, a Din\u00e1rid\u00e1k, a Pannon-s\u00edks\u00e1g \u00e9s a F\u00f6ldk\u00f6zi-tenger medenc\u00e9je \u2013 fut \u00f6ssze hat\u00e1rain bel\u00fcl. Az \u00e9szaki ter\u00fcleteket a J\u00faliai-Alpok, a Kamnik-Savinjai-Alpok \u00e9s a Karavank\u00e1k, valamint a Pohorje-hegys\u00e9g uralja; az orsz\u00e1g cs\u00facspontja, a Triglav-hegy 2864 m\u00e9ter magas, \u00e9s mind a z\u00e1szl\u00f3t, mind a c\u00edmert a nemzeti identit\u00e1s er\u0151teljes jelk\u00e9pek\u00e9nt d\u00edsz\u00edti. D\u00e9lnyugaton egy 47 kilom\u00e9ter hossz\u00fa adriai tengerparti partszakasz \u2013 ahol a Szlov\u00e9n Tengerpart a F\u00f6ldk\u00f6zi-tenger \u00f6lel\u00e9s\u00e9be simul \u2013 utat enged a Karszt-fenns\u00edknak, melynek oldhat\u00f3 m\u00e9szk\u00f6ve foly\u00f3k, szurdokok \u00e9s barlangok alvil\u00e1g\u00e1t form\u00e1lta meg, melyek k\u00f6z\u00fcl a Postojnai-barlang \u00e9s az UNESCO Vil\u00e1g\u00f6r\u00f6ks\u00e9g r\u00e9sz\u00e9t k\u00e9pez\u0151 \u0160kocjani-barlangok a h\u00edresek. Ezzel szemben a keleti kiterjed\u00e9sek a Pannon-s\u00edks\u00e1gba ereszkednek, m\u00edg a ter\u00fclet t\u00f6bb mint 90 sz\u00e1zal\u00e9ka t\u00f6bb mint 200 m\u00e9terrel a tengerszint felett fekszik.<\/p>\n<p>Szlov\u00e9nia m\u00e9rs\u00e9kelt \u00f6vi \u00e9ghajlata h\u00e1rom r\u00e9szb\u0151l \u00e1ll: \u00e9szakkeleten kontinent\u00e1lis \u00e9ghajlat uralkodik, amelyet hangs\u00falyos \u00e9vszakos h\u0151m\u00e9rs\u00e9klet-ingadoz\u00e1sok jellemeznek; a partvid\u00e9k \u00e9s az Isonz\u00f3-v\u00f6lgy als\u00f3 szakaszai ment\u00e9n szubmediterr\u00e1n hat\u00e1s; magaslatokon pedig alpesi \u00e9ghajlat uralkodik. A Genovai-\u00f6b\u00f6lb\u0151l \u00e9rkez\u0151 \u00e1ramlatok \u00e1ltal gyakran sz\u00e1ll\u00edtott csapad\u00e9kmennyis\u00e9g a nyugati enkl\u00e1v\u00e9kban t\u00f6bb mint 3500 millim\u00e9ter, a Muravid\u00e9ken pedig k\u00f6r\u00fclbel\u00fcl 800 millim\u00e9ter k\u00f6z\u00f6tt ingadozik; Ljubljan\u00e1ban a rekord h\u00f3takar\u00f3 1952 febru\u00e1rj\u00e1ban el\u00e9rte a 146 centim\u00e9tert. B\u00e1r Szlov\u00e9nia viszonylag v\u00e9dett a tart\u00f3s sz\u00e9lviharokt\u00f3l, jellegzetes szelek f\u00fajnak \u2013 a p\u00e1r\u00e1s, d\u00e9li jugo \u00e9s a sz\u00e9ll\u00f6k\u00e9ses, \u00e9szaki b\u00f3ra a Part menti r\u00e9gi\u00f3ban, valamint a f\u00f6n az alpesi ter\u00fcleteken \u2013, m\u00edg a helyi f\u00fcgg\u0151leges \u00e1ramlatok a zord terep napi h\u0151m\u00e9rs\u00e9kleti ciklusaib\u00f3l erednek.<\/p>\n<p>A l\u00e1b alatt az orsz\u00e1g geol\u00f3gi\u00e1ja ugyanilyen \u00e9l\u00e9nk. Az afrikai \u00e9s az eur\u00e1zsiai lemezek k\u00f6z\u00f6tt ellent\u00e9tes ir\u00e1nyban forg\u00f3 apr\u00f3 Adriai-lemezen fekv\u0151 Szlov\u00e9nia egy szeizmikusan akt\u00edv z\u00f3n\u00e1ban fekszik, ahol hatvan puszt\u00edt\u00f3 reng\u00e9st jegyeztek fel a t\u00f6rt\u00e9nelmi kr\u00f3nik\u00e1k. A karsztk\u00e9pz\u0151dm\u00e9nyek a fenns\u00edkon t\u00falra ny\u00falnak, az alapk\u0151zet nagy r\u00e9sz\u00e9t karbon\u00e1ttal t\u00f6ltik fel, barlangok labirintus\u00e1t t\u00e1pl\u00e1lva, amelyek a f\u00f6ldalatti vizek lass\u00fa m\u0171v\u00e9szet\u00e9r\u0151l tan\u00faskodnak. Ezeket a v\u00e1ltozatos fiziogr\u00e1fiai k\u00f6rnyezeteket a f\u00f6ldrajztud\u00f3sok makror\u00e9gi\u00f3kba \u2013 alpesi, szubalpin, szubmediterr\u00e1n, din\u00e1ri \u00e9s szubpannon \u2013 sorolt\u00e1k, m\u00edg a kort\u00e1rs term\u00e9szetf\u00f6ldrajzi oszt\u00e1lyoz\u00e1sok n\u00e9gy \u00e1tfog\u00f3 t\u00e1jegys\u00e9gre bontj\u00e1k \u0151ket: alpesi, mediterr\u00e1n, din\u00e1ri \u00e9s pannon, amelyeket gyakran \u00e1tmeneti f\u00fclk\u00e9k sz\u00f6venek \u00e1t.<\/p>\n<p>Szlov\u00e9nia k\u00f6zel 58 sz\u00e1zal\u00e9k\u00e1t, amely mintegy 11 823 n\u00e9gyzetkilom\u00e9tert foglal el, erd\u0151 bor\u00edtja \u2013 f\u0151k\u00e9nt b\u00fckk, jegenyefeny\u0151 \u00e9s b\u00fckk-t\u00f6lgy \u00e1llom\u00e1nyok \u2013, amivel az orsz\u00e1g Eur\u00f3p\u00e1ban a harmadik helyen \u00e1ll az erd\u0151bor\u00edt\u00e1s tekintet\u00e9ben Finnorsz\u00e1g \u00e9s Sv\u00e9dorsz\u00e1g m\u00f6g\u00f6tt; az \u0151serd\u0151k maradv\u00e1nyai a Ko\u010devje r\u00e9gi\u00f3ban maradtak fenn. Tov\u00e1bbi ter\u00fcleteket foglalnak el f\u00fcves ter\u00fcletek, mez\u0151k, kertek, gy\u00fcm\u00f6lcs\u00f6s\u00f6k \u00e9s sz\u0151l\u0151\u00fcltetv\u00e9nyek, m\u00edg 286 Natura 2000 z\u00f3na v\u00e9di a f\u00f6ldter\u00fclet 36 sz\u00e1zal\u00e9k\u00e1t, amely az Eur\u00f3pai Uni\u00f3 \u00e1llamai k\u00f6z\u00f6tt a legkiterjedtebb h\u00e1l\u00f3zat. A Triglav Nemzeti Park, az egyetlen nemzeti park, a n\u00f6v\u00e9ny- \u00e9s \u00e1llatvil\u00e1g b\u00e1sty\u00e1ja, \u00e9s Szlov\u00e9nia k\u00f6rnyezetv\u00e9delmi felel\u0151ss\u00e9gv\u00e1llal\u00e1sa elismer\u00e9st kapott olyan indexekben, mint a Yale K\u00f6rnyezeti Teljes\u00edtm\u00e9nyindexe.<\/p>\n<p>V\u00edzrajzilag Szlov\u00e9nia ter\u00fclet\u00e9nek k\u00f6r\u00fclbel\u00fcl 81 sz\u00e1zal\u00e9ka a Mura, a Dr\u00e1va \u00e9s a Sz\u00e1va foly\u00f3rendszereken kereszt\u00fcl t\u00e1pl\u00e1lkozik a Fekete-tenger medenc\u00e9j\u00e9be \u2013 ut\u00f3bbi egyik mell\u00e9kfoly\u00f3ja a Kolpa \u2013, m\u00edg a fennmarad\u00f3 19 sz\u00e1zal\u00e9k d\u00e9l fel\u00e9, az Adriai-tengerbe folyik. A hegyvid\u00e9ki forr\u00e1svid\u00e9kek kiv\u00e9teles tisztas\u00e1g\u00fa vizet adnak, b\u00e1r a mez\u0151gazdas\u00e1gi lefoly\u00e1sok helyi kih\u00edv\u00e1sokat jelentenek. Az olyan tavak, mint a Bohinj, Szlov\u00e9nia legnagyobb term\u00e9szetes tava \u00e9s a Sz\u00e1va foly\u00f3 forr\u00e1sa, tark\u00edtj\u00e1k a hegyvid\u00e9ki terepet, kieg\u00e9sz\u00edtve a smaragdz\u00f6ld So\u010da foly\u00f3 krist\u00e1lytiszta \u00e1ramlatait, amelynek smaragdz\u00f6ld \u00e1rnyalata a Trenta-v\u00f6lgyben folyik.<\/p>\n<p>Gazdas\u00e1gi szempontb\u00f3l Szlov\u00e9nia \u00e1talakul\u00e1sa a f\u00fcggetlens\u00e9g \u00f3ta figyelemre m\u00e9lt\u00f3: az orsz\u00e1g az egyik legfejlettebb \u00e1tmeneti gazdas\u00e1ggal b\u00fcszk\u00e9lkedhet, az egy f\u0151re jut\u00f3 GDP meghaladja szl\u00e1v t\u00e1rsai\u00e9t. A hagyom\u00e1nyos \u00e1gazatok \u2013 a b\u00e1ny\u00e1szat, a koh\u00e1szat, a vegyipar \u00e9s a mez\u0151gazdas\u00e1g \u2013 egy\u00fctt l\u00e9teznek a vir\u00e1gz\u00f3 inform\u00e1ci\u00f3s technol\u00f3gi\u00e1val, p\u00e9nz\u00fcgyi szolg\u00e1ltat\u00e1sokkal \u00e9s k\u00f6rnyezettudatos turizmussal. A k\u00fclkereskedelem jelent\u0151s r\u00e9sz\u00e9t teszi ki a nemzeti termel\u00e9snek, amit az Eur\u00f3pai Uni\u00f3ban, a Gazdas\u00e1gi Egy\u00fcttm\u0171k\u00f6d\u00e9si \u00e9s Fejleszt\u00e9si Szervezetben \u00e9s a Kereskedelmi Vil\u00e1gszervezetben val\u00f3 tags\u00e1g is el\u0151seg\u00edt. A region\u00e1lis j\u00f3l\u00e9t v\u00e1ltoz\u00f3, a K\u00f6z\u00e9p-Szlov\u00e9nia r\u00e9gi\u00f3 (Ljubljana k\u00f6zpontja) \u00e9s a tengerparti-karsztos ter\u00fcletek vezetnek a gazdags\u00e1g tekintet\u00e9ben, m\u00edg a Mura, a K\u00f6z\u00e9p-Sz\u00e1va \u00e9s a Tengerpart-Bels\u0151-Krajna alacsonyabb mutat\u00f3kat produk\u00e1l.<\/p>\n<p>Szlov\u00e9ni\u00e1ban a turizmus sz\u00e1mos term\u00e9szeti \u00e9s kultur\u00e1lis \u00e9rt\u00e9ket \u00f6lel fel, amelyek mindegyike a fenntarthat\u00f3 gyakorlat sz\u00f6vet\u00e9be sz\u00f6v\u0151dik: 2017-ben a National Geographic Traveller Szlov\u00e9ni\u00e1t a vil\u00e1g legfenntarthat\u00f3bb \u00fati c\u00e9lj\u00e1nak min\u0151s\u00edtette, \u00e9s a k\u00e9s\u0151bbi elismer\u00e9sek meger\u0151s\u00edtett\u00e9k z\u00f6ld hiteless\u00e9g\u00e9t, bele\u00e9rtve a 2021-es Eur\u00f3pai Gasztron\u00f3miai R\u00e9gi\u00f3 d\u00edjat is. A v\u00e1rosi \u00e9p\u00edt\u00e9szeti \u00f6r\u00f6ks\u00e9g \u2013 amelyet Ljubljana barokk \u00e9s b\u00e9csi szecesszi\u00f3s \u00e9p\u00edtm\u00e9nyei p\u00e9ld\u00e1znak, amelyek k\u00f6z\u00fcl sokat a helyi \u00e9p\u00edt\u00e9sz, Jo\u017ee Ple\u010dnik tervezett \u2013 egy\u00fctt l\u00e9tezik a k\u00f6z\u00e9pkori templomokkal, ezernyi megmaradt v\u00e1rral, k\u00fari\u00e1kkal \u00e9s hagyom\u00e1nyos sz\u00e9nakast\u00e9lyokkal (kozolci). N\u00e9gy UNESCO Vil\u00e1g\u00f6r\u00f6ks\u00e9gi helysz\u00edn \u2013 a \u0160kocjan-barlangok, a Goteni\u0161ki Sne\u017enik \u00e9s a Ko\u010devski Rog \u0151si erdei, az Idrija higanyb\u00e1nya \u00e9s a Ljubljanai-mocs\u00e1r \u0151skori c\u00f6l\u00f6ph\u00e1zai \u2013 al\u00e1h\u00fazz\u00e1k a nemzet kultur\u00e1lis \u00e9s term\u00e9szeti \u00f6r\u00f6ks\u00e9g\u00e9t. Az olyan t\u00f6rt\u00e9nelmi v\u00e1rosok, mint Ptuj \u00e9s \u0160kofja Loka, a szikl\u00e1kra \u00e9p\u00fclt Predjama v\u00e1r \u00e9s a t\u0151zegben gazdag Se\u010dovlje s\u00f3b\u00e1ny\u00e1i fejezeteket alkotnak az emberi tal\u00e1l\u00e9konys\u00e1g \u00e9s a geol\u00f3giai l\u00e1tv\u00e1nyoss\u00e1gok t\u00e1gabb narrat\u00edv\u00e1j\u00e1ban.<\/p>\n<p>A tengerparti v\u00e1rosok k\u00f6z\u00fcl Piran velencei-g\u00f3tikus lag\u00fanaparti homlokzatai \u00e9s Portoro\u017e ny\u00e1ri hangulata mediterr\u00e1n \u00f6r\u00f6ks\u00e9gr\u0151l \u00e1rulkodnak; a sz\u00e1razf\u00f6ld belsej\u00e9ben, a Maribort k\u00f6r\u00fclvev\u0151 borvid\u00e9ki dombok a 400 \u00e9ves \u017dametovka sz\u0151l\u0151t\u0151k\u00e9ben megtestes\u00fcl\u0151 bor\u00e1szati \u200b\u200bhagyom\u00e1nyokat \u00fcnneplik, amelyet a vil\u00e1g legr\u00e9gebbi sz\u0151l\u0151t\u0151k\u00e9j\u00e9nek tartanak. A gy\u00f3gyf\u00fcrd\u0151k \u2013 Roga\u0161ka Slatina, Radenci, \u010cate\u017e ob Savi, Dobrna \u00e9s Moravske Toplice \u2013 gy\u00f3gyvizeket k\u00edn\u00e1lnak p\u00e1sztori k\u00f6rnyezetben, m\u00edg a kalandv\u00e1gy\u00f3k a J\u00faliai-Alpok \u00e9s az Isonz\u00f3 v\u00edzgy\u0171jt\u0151 ter\u00fclet\u00e9n teszik pr\u00f3b\u00e1ra k\u00e9pess\u00e9geiket: a kanyoning, a rafting, a sikl\u00f3erny\u0151z\u00e9s \u00e9s a hegyi ker\u00e9kp\u00e1roz\u00e1s a huszadik sz\u00e1zad eleji \u00e1rakon \u0171zhet\u0151, gyakran a magasabb k\u00f6lts\u00e9g\u0171 alpesi versenyt\u00e1rsakhoz k\u00e9pest.<\/p>\n<p>A konyham\u0171v\u00e9szet t\u00fckr\u00f6zi a nemzet h\u00e1romoldal\u00fa \u2013 germ\u00e1n, latin \u00e9s szl\u00e1v \u2013 kultur\u00e1lis \u00f6r\u00f6ks\u00e9g\u00e9t, t\u00f6bb mint negyven, egyszer\u0171 \u00e9telekben gy\u00f6kerez\u0151 region\u00e1lis v\u00e1ltozattal: ilyenek az egyt\u00e1l\u00e9telek, mint a ri\u010det, a jota \u00e9s a mine\u0161tra; a hajdina \u017eganci; (Muravid\u00e9ken) a bujta repa \u00e9s a r\u00e9teges prekmurska gibanica; a tengerparti vid\u00e9k h\u00e1zif\u00fcst\u00f6lt pr\u0161utja; \u00e9s az emblematikus potica di\u00f3s tekercs, amelynek diaszp\u00f3ra szimbolik\u00e1ja a k\u00fclf\u00f6ldi szlov\u00e9n k\u00f6z\u00f6ss\u00e9gekben is visszhangra tal\u00e1l. A kulin\u00e1ris fesztiv\u00e1lok \u2013 k\u00f6zt\u00fck a 2000-ben megnyitott \u00e9ves s\u00fclt krumpli fesztiv\u00e1l \u2013 a mindennapi hagyom\u00e1nyokat \u00fcnneplik, m\u00edg a kranjska klobasa kolb\u00e1sz \u00e9s a tiszteletrem\u00e9lt\u00f3 \u017dametovka sz\u0151l\u0151 a terroir \u00e9rz\u00e9s\u00e9t er\u0151s\u00edti, amely mind a sz\u00e1rmaz\u00e1st, mind az \u00e9vszakos ritmusokat nagyra \u00e9rt\u00e9keli.<\/p>\n<p>Szlov\u00e9nia \u00f6sszek\u00f6ttet\u00e9seit a fiziol\u00f3gi\u00e1ja alak\u00edtja: az V. p\u00e1neur\u00f3pai folyos\u00f3 (amely az \u00c9szak-Adri\u00e1t K\u00f6z\u00e9p- \u00e9s Kelet-Eur\u00f3p\u00e1val k\u00f6ti \u00f6ssze) \u00e9s az X. p\u00e1neur\u00f3pai folyos\u00f3 (amely K\u00f6z\u00e9p-Eur\u00f3p\u00e1t a Balk\u00e1nnal k\u00f6ti \u00f6ssze) a ter\u00fclet\u00e9n futnak \u00f6ssze, megk\u00f6nny\u00edtve a k\u00f6z\u00fati, vas\u00fati, kik\u00f6t\u0151i \u00e9s l\u00e9gi forgalmat. Az aut\u00f3p\u00e1ly\u00e1k, amelyek b\u0151v\u00fcl\u00e9se 1994 ut\u00e1n felgyorsult, ma egy s\u0171r\u0171 h\u00e1l\u00f3zatot alkotnak, amely az \u00e1ru- \u00e9s szem\u00e9lysz\u00e1ll\u00edt\u00e1s nyolcvan sz\u00e1zal\u00e9k\u00e1t teszi ki, b\u00e1r a m\u00e1sodrang\u00fa \u00e1llami utak a megn\u00f6vekedett terhel\u00e9s miatt leromlottak. A vasutak, amelyeket az elavult infrastrukt\u00fara \u00e9s a sz\u00e9tsz\u00f3rt telep\u00fcl\u00e9si mint\u00e1k akad\u00e1lyoznak, a Koper\u2013Diva\u010da tengely korszer\u0171s\u00edt\u00e9s\u00e9nek el\u0151zetes f\u00e1zis\u00e1ban vannak, m\u00edg a koperi kik\u00f6t\u0151 az \u00e9szak-adriai kont\u00e9nerk\u00f6zpontk\u00e9nt uralkodik \u2013 \u00e9vente k\u00f6zel 590 000 h\u00fasz l\u00e1bnak megfelel\u0151 egys\u00e9get kezel \u2013, \u00e9s fenntartja a tengeri \u00e1ru- \u00e9s szem\u00e9lyforgalmat, amelyet Izola \u00e9s Piran eg\u00e9sz\u00edt ki. A l\u00e9gi k\u00f6zleked\u00e9s tov\u00e1bbra is szer\u00e9ny, de n\u00f6vekszik: a ljubljanai Jo\u017ee Pu\u010dnik rep\u00fcl\u0151t\u00e9r szolg\u00e1l els\u0151dleges \u00e1tj\u00e1r\u00f3k\u00e9nt, a Maribor Edvard Rusjan \u00e9s Portoro\u017e mellett, a diszkont l\u00e9git\u00e1rsas\u00e1gok pedig bet\u00f6ltik az Adria Airways 2019-es cs\u0151dje \u00e1ltal hagyott \u0171rt.<\/p>\n<p>Demogr\u00e1fiailag a k\u00f6zt\u00e1rsas\u00e1g 2024. okt\u00f3beri n\u00e9psz\u00e1ml\u00e1l\u00e1sa 2 129 052 lakost regisztr\u00e1lt, ami 105 f\u0151\/n\u00e9gyzetkilom\u00e9ter n\u00e9ps\u0171r\u0171s\u00e9get eredm\u00e9nyezett \u2013 ez eleny\u00e9sz\u0151 sz\u00e1m Hollandi\u00e1hoz vagy Olaszorsz\u00e1ghoz k\u00e9pest, \u00e9s egyenetlen\u00fcl oszlik el a statisztikai r\u00e9gi\u00f3k k\u00f6z\u00f6tt, a k\u00f6z\u00e9p-szlov\u00e9niai k\u00f6zpontt\u00f3l a ritk\u00e1n lakott Bels\u0151-Krajna-Karsztig. A szlov\u00e9n nyelv meg\u0151rz\u00e9se, amelyet a germaniz\u00e1ci\u00f3 id\u0151szak\u00e1ban katolikus szerzetesi gondnokok neveltek gener\u00e1ci\u00f3kon \u00e1t, a szomsz\u00e9dos szerb-horv\u00e1t nyelvekt\u0151l elt\u00e9r\u0151 nyelvi egys\u00e9get alapoz meg.<\/p>\n<p>Az utaz\u00f3 sz\u00e1m\u00e1ra, aki elt\u00f6k\u00e9lten szeretn\u00e9 megismerni Szlov\u00e9nia l\u00e9nyeg\u00e9t, a Ljubljana Ljubljanica v\u00e1ros\u00e1t \u00e1t\u00edvel\u0151 H\u00e1rmas H\u00eddt\u00f3l a Bled-t\u00f3 legend\u00e1s sziget\u00e9ig kibontakoz\u00f3 ritmikus l\u00e1tv\u00e1ny; a cseppk\u00f6vekb\u0151l \u00e1ll\u00f3 f\u00f6ldalatti katedr\u00e1lisokt\u00f3l a \u0160kocjani karszt naps\u00fct\u00f6tte teraszaiig; az alpesi legel\u0151k suttog\u00f3, vid\u00e9ki nyugalm\u00e1t\u00f3l a tengerparti s\u00e9t\u00e1nyokig, ahol a velencei l\u0151r\u00e9seket simogatja az adriai szell\u0151 \u2013 mindegyik egy-egy fejezetet k\u00edn\u00e1l a term\u00e9szet monumentalit\u00e1sa \u00e9s az emberi mesters\u00e9gbeli tud\u00e1s k\u00f6z\u00f6tti folyamatos p\u00e1rbesz\u00e9dben. Ak\u00e1r aut\u00f3p\u00e1ly\u00e1n, vas\u00faton vagy patakon utazik valaki, Szlov\u00e9nia metsz\u0151 birodalmak birodalmak\u00e9nt t\u00e1rul el\u00e9nk, olyan helyk\u00e9nt, ahol a kontinent\u00e1lis l\u00fcktet\u00e9s \u00e9s a mediterr\u00e1n ritmusok tal\u00e1lkoznak, ahol az eml\u00e9kezet \u00e9s a modernit\u00e1s \u00e1lland\u00f3 egyens\u00falyban van, \u00e9s ahol az utaz\u00f3 tekintete a f\u00f6ld, a t\u00f6rt\u00e9nelem \u00e9s a kult\u00fara bonyolult k\u00f6lcs\u00f6nhat\u00e1s\u00e1n id\u0151zik el.<\/p>","protected":false},"excerpt":{"rendered":"<p>Szlov\u00e9nia, egy kicsi, de \u00e9rdekes orsz\u00e1g D\u00e9l-K\u00f6z\u00e9p-Eur\u00f3p\u00e1ban, strat\u00e9giai helyet foglal el jelent\u0151s eur\u00f3pai kultur\u00e1lis \u00e9s kereskedelmi utak metsz\u00e9spontj\u00e1ban. Szlov\u00e9nia a term\u00e9szeti sz\u00e9ps\u00e9g, a gazdag t\u00f6rt\u00e9nelem \u00e9s a modern fejl\u0151d\u00e9s k\u00fcl\u00f6nleges kever\u00e9k\u00e9t mutatja be, mintegy 2,1 milli\u00f3 lakossal, amely a 20 271 n\u00e9gyzetkilom\u00e9ter (7 827 n\u00e9gyzetm\u00e9rf\u00f6ld) v\u00e1ltozatos domborzaton elsz\u00f3rtan \u00e9l. Nyugaton Olaszorsz\u00e1ggal, \u00e9szakon Ausztri\u00e1val, \u00e9szakkeleten Magyarorsz\u00e1ggal, d\u00e9len \u00e9s d\u00e9lkeleten Horv\u00e1torsz\u00e1ggal, \u00e9s hivatalos nev\u00e9n Szlov\u00e9n K\u00f6zt\u00e1rsas\u00e1ggal (szlov\u00e9nul Republika Slovenija) hat\u00e1ros orsz\u00e1g, d\u00e9lnyugaton az Adriai-tenger egy szelet\u00e9re is ig\u00e9nyt tart.<\/p>","protected":false},"author":1,"featured_media":4335,"parent":24078,"menu_order":0,"comment_status":"closed","ping_status":"closed","template":"elementor_theme","meta":{"_eb_attr":"","footnotes":""},"class_list":["post-13345","page","type-page","status-publish","has-post-thumbnail"],"_links":{"self":[{"href":"https:\/\/travelshelper.com\/hu\/wp-json\/wp\/v2\/pages\/13345","targetHints":{"allow":["GET"]}}],"collection":[{"href":"https:\/\/travelshelper.com\/hu\/wp-json\/wp\/v2\/pages"}],"about":[{"href":"https:\/\/travelshelper.com\/hu\/wp-json\/wp\/v2\/types\/page"}],"author":[{"embeddable":true,"href":"https:\/\/travelshelper.com\/hu\/wp-json\/wp\/v2\/users\/1"}],"replies":[{"embeddable":true,"href":"https:\/\/travelshelper.com\/hu\/wp-json\/wp\/v2\/comments?post=13345"}],"version-history":[{"count":0,"href":"https:\/\/travelshelper.com\/hu\/wp-json\/wp\/v2\/pages\/13345\/revisions"}],"up":[{"embeddable":true,"href":"https:\/\/travelshelper.com\/hu\/wp-json\/wp\/v2\/pages\/24078"}],"wp:featuredmedia":[{"embeddable":true,"href":"https:\/\/travelshelper.com\/hu\/wp-json\/wp\/v2\/media\/4335"}],"wp:attachment":[{"href":"https:\/\/travelshelper.com\/hu\/wp-json\/wp\/v2\/media?parent=13345"}],"curies":[{"name":"wp","href":"https:\/\/api.w.org\/{rel}","templated":true}]}}