{"id":13339,"date":"2024-09-17T16:20:37","date_gmt":"2024-09-17T16:20:37","guid":{"rendered":"https:\/\/travelshelper.com\/staging\/?page_id=13339"},"modified":"2026-03-12T22:34:54","modified_gmt":"2026-03-12T22:34:54","slug":"pozsony","status":"publish","type":"page","link":"https:\/\/travelshelper.com\/hu\/destinations\/europe\/slovakia\/bratislava\/","title":{"rendered":"Pozsony"},"content":{"rendered":"<p data-pm-slice=\"1 1 []\">Pozsony, a Szlov\u00e1k K\u00f6zt\u00e1rsas\u00e1g f\u0151v\u00e1rosa \u00e9s egyben legnagyobb v\u00e1rosa, amelynek hivatalos lakoss\u00e1ga k\u00f6r\u00fclbel\u00fcl 475 000 lakos \u2013 b\u00e1r egyes becsl\u00e9sek szerint a napi be\u00e1raml\u00e1s k\u00f6zelebb van az 570 000-hez \u2013, a Duna \u00e9s a Morva foly\u00f3k tal\u00e1lkoz\u00e1s\u00e1n\u00e1l fekszik D\u00e9lnyugat-Szlov\u00e1ki\u00e1ban, 367,58 n\u00e9gyzetkilom\u00e9teres ter\u00fcleten, egyed\u00fcl\u00e1ll\u00f3 helyen a Kis-K\u00e1rp\u00e1tok l\u00e1b\u00e1n\u00e1l, \u00e9s Ausztri\u00e1val, valamint Magyarorsz\u00e1ggal hat\u00e1ros, \u00edgy a vil\u00e1g egyetlen olyan f\u0151v\u00e1rosa, amely k\u00e9t szuver\u00e9n \u00e1llamhoz csatlakozik.<\/p>\n<p>Pozsony karakter\u00e9t \u00e9vezredeken \u00e1t\u00edvel\u0151 p\u00e1lya alak\u00edtotta. A v\u00e1ros legkor\u00e1bbi ismert lak\u00f3i nyomokat hagytak a v\u00e1rdombon a k\u0151- \u00e9s bronzkor k\u00f6z\u00f6tti \u00e1tmeneti korszakban. A k\u00e9s\u0151bbi korszakok egy kelta akropoliszt, egy r\u00f3mai hat\u00e1r menti er\u0151d\u00f6t, egy nagymorva politikai k\u00f6zpontot, k\u00e9s\u0151bb pedig a k\u00f6z\u00e9pkori Magyar Kir\u00e1lys\u00e1g b\u00e1sty\u00e1j\u00e1t illusztr\u00e1lj\u00e1k. 1536-t\u00f3l 1783-ig a kir\u00e1lys\u00e1g t\u00f6rv\u00e9nyhoz\u00f3 sz\u00e9khelyek\u00e9nt \u00e9s koron\u00e1z\u00e1si helysz\u00ednek\u00e9nt szolg\u00e1lt, ahol tizenegy kir\u00e1ly \u00e9s nyolc kir\u00e1lyn\u0151 koron\u00e1zta meg koron\u00e1j\u00e1t a Szent M\u00e1rton-sz\u00e9kesegyh\u00e1z boltozatos ter\u00fclet\u00e9n bel\u00fcl. A XIII. \u00e9s XVI. sz\u00e1zad k\u00f6z\u00f6tt \u00e9p\u00fclt \u00e9p\u00edtm\u00e9ny g\u00f3tikus eml\u00e9km\u0171 marad ezeknek a szertart\u00e1soknak, m\u00edg a Mih\u00e1ly-kapu, a k\u00f6z\u00e9pkori er\u0151d\u00edtm\u00e9nyek mag\u00e1nyos maradv\u00e1nya, \u0151rk\u00f6dik a keskeny \u00e1tj\u00e1r\u00f3k felett, amelyek egykor a m\u00e9lt\u00f3s\u00e1gok, papok \u00e9s keresked\u0151k l\u00e9pteit\u0151l visszhangoztak.<\/p>\n<p>A K\u00f6z\u00e9p-Duna medenc\u00e9j\u00e9ben fekszik, a foly\u00f3 ment\u00e9n 126 m\u00e9tert\u0151l a Dev\u00ednska Kobyla-n\u00e1l 514 m\u00e9terig terjed\u0151 tengerszint feletti magass\u00e1gban, Pozsony a part menti s\u00edks\u00e1gokon \u00e1t a ker\u00fclet erd\u0151s dombjaiig terjed. K\u00f6zigazgat\u00e1si hat\u00e1rain bel\u00fcl a Kis-Duna \u00e9s a Vydrica foly\u00f3k \u00f6sszefolynak a Dun\u00e1val, part menti erd\u0151ket v\u00e1jva, amelyek eur\u00f3pai borzoknak, v\u00f6r\u00f6s r\u00f3k\u00e1knak, vaddiszn\u00f3knak, valamint g\u00edmszarvasoknak \u00e9s \u0151zeknek adnak otthont. Az \u00e9ghajlati profil nedves szubtr\u00f3pusi (Cfa) jelleg\u0171, amely kontinent\u00e1lis (Dfa) \u00e9ghajlattal v\u00e1ltakozik, az \u00e9ves \u00e1tlagh\u0151m\u00e9rs\u00e9klet k\u00f6zel 11,1\u00b0C, a legmelegebb h\u00f3napok \u00e1tlagosan 22,0\u00b0C-ot, a hideg id\u0151szakok pedig 0,3\u00b0C-ra cs\u00f6kkennek. A csapad\u00e9k egyenletesen oszlik el az \u00e9v sor\u00e1n, b\u00e1r a gyors \u00e9vszakos \u00e1tmenetek mostanra megr\u00f6vid\u00edtik a tavaszt \u00e9s az \u0151szt, m\u00edg a sz\u00e9ls\u0151s\u00e9ges h\u0151m\u00e9r\u0151k 39,4\u00b0C-os maximumokat \u00e9s -24,6\u00b0C-os minimumokat regisztr\u00e1ltak. Az \u00e1rv\u00edzv\u00e9delmi m\u0171vek mindk\u00e9t partot szeg\u00e9lyezik a vesz\u00e9lyeztetett v\u00e1rosokban, mint p\u00e9ld\u00e1ul D\u00e9v\u00e9ny \u00e9s D\u00e9v\u00e9ny\u00fajfalu, ami az \u00e9vsz\u00e1zados foly\u00f3dinamika k\u00f6vetkezm\u00e9nye.<\/p>\n<p>Pozsony v\u00e1rosi form\u00e1ja a k\u00f6z\u00e9pkori tornyokat a huszadik \u00e9s huszonegyedik sz\u00e1zadi ambici\u00f3zusokkal \u00f6tv\u00f6zi. Az \u00d3v\u00e1rosban barokk palot\u00e1k tal\u00e1lhat\u00f3k, k\u00f6zt\u00fck a Grassalkovich-palota, egy a tizennyolcadik sz\u00e1zad k\u00f6zep\u00e9n \u00e9p\u00fclt \u00e9p\u00fclet, amely ma az eln\u00f6ki rezidencia, valamint az egykori \u00c9rseki Palota, a korm\u00e1nyzat korabeli sz\u00e9khelye. A tizennegyedik \u00e9s tizen\u00f6t\u00f6dik sz\u00e1zadi \u00e9p\u00fcletekb\u0151l \u00e1ll\u00f3 V\u00e1rosh\u00e1za ad otthont a Pozsonyi V\u00e1rosi M\u00fazeumnak, \u00e9s kor\u00e1nak polg\u00e1ri tekint\u00e9ly\u00e9t id\u00e9zi. A k\u00f6zelben tal\u00e1lhat\u00f3 az 1756-ban \u00e9p\u00fclt Egyetemi K\u00f6nyvt\u00e1r, amely 1802-t\u0151l a reformkorig adott otthont a magyar orsz\u00e1ggy\u0171l\u00e9snek, amikor falai k\u00f6z\u00f6tt kihirdett\u00e9k a jobb\u00e1gys\u00e1g elt\u00f6rl\u00e9s\u00e9r\u0151l \u00e9s a Magyar Tudom\u00e1nyos Akad\u00e9mia megalap\u00edt\u00e1s\u00e1r\u00f3l sz\u00f3l\u00f3 t\u00f6rv\u00e9nyeket. A kisebb lak\u00f3h\u00e1zak szellemi \u00f6r\u00f6ks\u00e9get \u0151rzik: a h\u00e1z, ahol Johann Nepomuk Hummel sz\u00fcletett, a tizennyolcadik sz\u00e1zadi lak\u00f3\u00e9p\u00edt\u00e9szet tipikus p\u00e9ld\u00e1ja.<\/p>\n<p>A vall\u00e1si \u00e9p\u00edtm\u00e9nyek vil\u00e1g\u00edt\u00f3 sz\u00e1lat alkotnak a v\u00e1ros t\u00f6rt\u00e9net\u00e9n kereszt\u00fcl. A 13. sz\u00e1zad v\u00e9g\u00e9r\u0151l sz\u00e1rmaz\u00f3 ferences templom \u00e9s kolostor a legr\u00e9gebbi fennmaradt szakr\u00e1lis \u00e9p\u00edtm\u00e9nyk\u00e9nt tartj\u00e1k sz\u00e1mon, \u00e9s egykor lovagg\u00e1 avat\u00e1si szertart\u00e1sok helysz\u00ednek\u00e9nt szolg\u00e1lt. A Szent Erzs\u00e9bet K\u00e9k templom, egy magyar szecesszi\u00f3s remekm\u0171, egyedi monokr\u00f3m homlokzattal rendelkezik, \u00e9s ma is vonzza a l\u00e1togat\u00f3kat, akik szokatlan vonalvezet\u00e9s\u00e9t keresik. Pozsony egyetlen fennmaradt zsinag\u00f3g\u00e1ja egykor \u00e9l\u00e9nk zsid\u00f3 k\u00f6z\u00f6ss\u00e9gr\u0151l tan\u00faskodik, m\u00edg a v\u00e1rdomb alatt egy felt\u00e1rt 19. sz\u00e1zadi temet\u0151fal-r\u00e9szlet jelzi M\u00f3zes Sofer rabbi nyughely\u00e9t. A m\u00e1sodik vil\u00e1gh\u00e1bor\u00fa ut\u00e1n a v\u00e1rosra n\u00e9z\u0151 dombon felavatt\u00e1k a Slav\u00edn katonai temet\u0151t, amelynek eml\u00e9km\u0171vei az 1945 \u00e1prilisi felszabadul\u00e1s sor\u00e1n elesett szovjet katon\u00e1knak \u00e1ll\u00edtottak eml\u00e9ket.<\/p>\n<p>A modern beavatkoz\u00e1sok k\u00f6z\u00fcl kiemelked\u0151 a Most SNP, a Szlov\u00e1k Nemzeti Felkel\u00e9s h\u00eddja, melynek cs\u00e9szealj alak\u00fa \u00e9tterme a Duna felett magasodik, mint a v\u00e1ros l\u00e1tk\u00e9p\u00e9nek meghat\u00e1roz\u00f3 eleme. A Szlov\u00e1k R\u00e1di\u00f3 ford\u00edtott piramis alak\u00fa sz\u00e9kh\u00e1za \u00e9s a Kamz\u00edk TV-torony karcs\u00fa sziluettje, forg\u00f3 \u00e9tkez\u0151vel kieg\u00e9sz\u00edtve, a huszadik sz\u00e1zad elt\u00e9r\u0151 eszt\u00e9tikai t\u00f6rekv\u00e9seit tan\u00fas\u00edtja. Az \u00faj \u00e9vezred gyors fejl\u0151d\u00e9st hozott: az Apoll\u00f3-h\u00edd \u00edvelt form\u00e1ja \u00e9s a Szlov\u00e1k Nemzeti Sz\u00ednh\u00e1z kort\u00e1rs \u00e9p\u00fclete \u00faj polg\u00e1ri amb\u00edci\u00f3kat hirdet, m\u00edg a mag\u00e1n ingatlanprojektek kor\u00e1bbi ipari telkeket alak\u00edtanak \u00e1t \u00fcveghomlokzat\u00fa lak\u00f3tornyokk\u00e1.<\/p>\n<p>Magasan a foly\u00f3 felett, a pozsonyi v\u00e1r egy fenns\u00edkon magasodik, 85 m\u00e9terrel a Duna felett. A r\u00e9g\u00e9szeti r\u00e9tegek egy prerom\u00e1n bazilik\u00e1t t\u00e1rnak fel, amely egy magyar hat\u00e1s alatt \u00e9p\u00fclt tizedik sz\u00e1zadi k\u0151er\u0151d\u00f6t el\u0151z\u00f6tt meg. A tizen\u00f6t\u00f6dik sz\u00e1zadban Luxemburgi Zsigmond uralkod\u00e1sa alatt v\u00e9gzett g\u00f3tikus b\u0151v\u00edt\u00e9seket renesz\u00e1nsz, majd k\u00e9s\u0151bb, 1649-ben megrendelt barokk \u00e1talak\u00edt\u00e1soknak vetett\u00e9k al\u00e1. Egy 1811-es t\u0171zv\u00e9sz romm\u00e1 tette a szerkezetet, \u00e9s az is maradt, am\u00edg a huszadik sz\u00e1zad k\u00f6zep\u00e9n v\u00e9gzett restaur\u00e1ci\u00f3 vissza nem \u00e1ll\u00edtotta M\u00e1ria Ter\u00e9zia st\u00edlusjegyeit. Ma a v\u00e1r ad otthont a Szlov\u00e1k Nemzeti M\u00fazeum egy r\u00e9sz\u00e9nek, amely \u00fcnnepi rendezv\u00e9nyeknek ad otthont azokban a termekben, amelyek egykor a Habsburg kir\u00e1lyi csal\u00e1dot fogadt\u00e1k.<\/p>\n<p>A foly\u00f3 als\u00f3 szakasz\u00e1n, ott, ahol a Morva \u00e1tt\u00f6ri a Dun\u00e1t, tal\u00e1lhat\u00f3k D\u00e9v\u00e9ny v\u00e1r\u00e1nak romjai, melyeket m\u00e1r 864-b\u0151l sz\u00e1rmaz\u00f3 feljegyz\u00e9sek is t\u00e1masztottak al\u00e1. Szikl\u00e1s hegyfok\u00e1nak k\u00f6sz\u00f6nhet\u0151en strat\u00e9giai jelent\u0151s\u00e9g\u0171 hat\u00e1r\u0151rs\u00e9g maradt Nagy-Mor\u00e1via \u00e9s Magyarorsz\u00e1g sz\u00e1m\u00e1ra, eg\u00e9szen Nap\u00f3leon seregei 1809-es lerombol\u00e1s\u00e1ig. A term\u00e9szetv\u00e9delmi er\u0151fesz\u00edt\u00e9sek sor\u00e1n felt\u00e1rt\u00e1k a k\u0151alapokat, \u00e9s l\u00e9trehoztak egy m\u00fazeumot, amely D\u00e9v\u00e9nyt r\u00e9g\u00e9szeti nevezetess\u00e9gk\u00e9nt \u00e9s a szlov\u00e1k identit\u00e1s szimb\u00f3lumak\u00e9nt is mutatja be.<\/p>\n<p>Rusovce d\u00e9li ker\u00fclet\u00e9ben egy a XIX. sz\u00e1zad k\u00f6zep\u00e9n \u00e9p\u00fclt angol neog\u00f3tikus k\u00faria \u00e1ll egy parkos\u00edtott ter\u00fcleten, m\u00edg a k\u00f6zelben a Gerulata r\u00f3mai t\u00e1bor maradv\u00e1nyai a limes Romanus dunai hat\u00e1r\u00e1t id\u00e9zik. Rusovce r\u00e9teges palimpszesztje k\u00e9t \u00e9vezredes birodalmi hatalmat \u00f6lel fel, a l\u00e9gi\u00f3kt\u00f3l a f\u00f6ldbirtokos nemesekig.<\/p>\n<p>Pozsonyt \u00e1thatja a z\u00f6ldfel\u00fclet: a k\u00f6zparkok 46,8 n\u00e9gyzetkilom\u00e9tert foglalnak el, ami lakosonk\u00e9nt 110 n\u00e9gyzetm\u00e9ternek felel meg. Az \u00d3v\u00e1rosban tal\u00e1lhat\u00f3 Horsk\u00fd park \u00e9s a Kis-K\u00e1rp\u00e1tokban tal\u00e1lhat\u00f3 Bratislavsk\u00fd lesn\u00fd park erdei mened\u00e9keket k\u00edn\u00e1l, \u00f6sv\u00e9nyekkel a \u017delezn\u00e1 studienk\u00e1hoz \u00e9s a Kolib\u00e1hoz. A Duna jobb partj\u00e1n tal\u00e1lhat\u00f3, a 18. sz\u00e1zadban alap\u00edtott Janko Kr\u00e1\u013e Park egy foly\u00f3parti s\u00e9t\u00e1nyt folytat, m\u00edg a Petr\u017ealka-i fejleszt\u00e9sek k\u00e9t t\u00f3 k\u00f6z\u00f6tt \u00faj parkos ter\u00fcletet \u00edg\u00e9rnek. A kekszsz\u00edn\u0171 rekre\u00e1ci\u00f3s tavak \u2013 a Zlat\u00e9 piesky, a Kuchajda, a Vajnory \u00e9s a Rusovce \u2013 vonzz\u00e1k az \u00fasz\u00f3kat \u00e9s a naps\u00fct\u00e9sre v\u00e1gy\u00f3kat, mik\u00f6zben a Mlynsk\u00e1 dolina ad otthont a v\u00e1rosi \u00e1llatkertnek, ahol 152 faj barangol, a Comenius Egyetem Botanikus Kertj\u00e9ben pedig t\u00f6bb mint 120 n\u00f6v\u00e9nyfajt termesztenek.<\/p>\n<p>Szlov\u00e1kia gazdas\u00e1gi k\u00f6zpontjak\u00e9nt Pozsony a nemzeti \u00f6sszterm\u00e9k nagyj\u00e1b\u00f3l egynegyed\u00e9t adja, \u00e9s az egy f\u0151re jut\u00f3 GDP alapj\u00e1n az Eur\u00f3pai Uni\u00f3 tizenkilencedik leggazdagabb r\u00e9gi\u00f3jak\u00e9nt tart sz\u00e1mon, ami majdnem h\u00e1romszorosa a t\u00f6bbi szlov\u00e1k r\u00e9gi\u00f3 \u00e1tlag\u00e1nak. Az alacsony munkan\u00e9lk\u00fclis\u00e9gi r\u00e1ta, a 2024-ben 2150 eur\u00f3t meghalad\u00f3 havi \u00e1tlagkereset \u00e9s a nagyobb v\u00e1llalati k\u00f6zpontok jelenl\u00e9te a v\u00e1ros p\u00e9nz\u00fcgyi vitalit\u00e1s\u00e1t bizony\u00edtja. 2023-ban k\u00f6zel egymilli\u00f3 turista t\u00f6bb mint 1,7 milli\u00f3 \u00e9jszak\u00e1t t\u00f6lt\u00f6tt a v\u00e1ros ter\u00fclet\u00e9n, a legt\u00f6bb \u00e9rkez\u0151 a szomsz\u00e9dos Csehorsz\u00e1gb\u00f3l, N\u00e9metorsz\u00e1gb\u00f3l, Ausztri\u00e1b\u00f3l \u00e9s Lengyelorsz\u00e1gb\u00f3l \u00e9rkezett. A turisztikai infrastrukt\u00fara nyolc nagyobb bev\u00e1s\u00e1rl\u00f3k\u00f6zpontot foglal mag\u00e1ban \u2013 az Auparkt\u00f3l \u00e9s az Eurovea Galleri\u00e1t\u00f3l a Nivy Centrumig \u2013, valamint sz\u00e1mos k\u00e1v\u00e9z\u00f3 \u00e9s \u00e9tterem tal\u00e1lhat\u00f3 az \u00d3v\u00e1ros fel\u00faj\u00edtott utc\u00e1i k\u00f6r\u00fcl.<\/p>\n<p>A t\u00f6megk\u00f6zleked\u00e9s a Mestsk\u00e1 hromadn\u00e1 doprava z\u00e1szlaja alatt m\u0171k\u00f6dik, piros \u00e9s fekete sz\u00edn\u0171 buszokat, villamosokat \u00e9s trolibuszokat haszn\u00e1lva. A region\u00e1lis szolg\u00e1ltat\u00f3kkal val\u00f3 integr\u00e1ci\u00f3 az IDS BK-n kereszt\u00fcl z\u00f6kken\u0151mentes utaz\u00e1st tesz lehet\u0151v\u00e9 a szomsz\u00e9dos ker\u00fcletekbe. A pozsonyi f\u0151p\u00e1lyaudvarr\u00f3l \u00e9s a Petr\u017ealka kik\u00f6t\u0151b\u0151l indul\u00f3 vas\u00fati \u00f6sszek\u00f6ttet\u00e9sek \u00f3r\u00e1nk\u00e9nt t\u00f6bb j\u00e1ratot biztos\u00edtanak B\u00e9csbe, Budapestre, Pr\u00e1g\u00e1ba \u00e9s azon t\u00falra. A felh\u0151karcol\u00f3 \u00e9s bev\u00e1s\u00e1rl\u00f3k\u00f6zpont komplexum alatt 2021 szeptember\u00e9ben megny\u00edlt f\u00f6ldalatti Autobusov\u00e1 stanica Nivy elrendez\u00e9s\u00e9ben \u00e9s szolg\u00e1ltat\u00e1saiban a rep\u00fcl\u0151t\u00e9ri termin\u00e1lokra eml\u00e9keztet. N\u00e9gy aut\u00f3p\u00e1lya-art\u00e9ria sug\u00e1rzik Brno, B\u00e9cs, Budapest \u00e9s a belf\u00f6ldi csom\u00f3pontok fel\u00e9, m\u00edg a pozsonyi kik\u00f6t\u0151 belv\u00edzi utakon kereszt\u00fcl kapcsol\u00f3dik a Fekete- \u00e9s az \u00c9szaki-tengerhez. A k\u00f6zpontt\u00f3l kilenc kilom\u00e9terre fekv\u0151 MR \u0160tef\u00e1nik rep\u00fcl\u0151t\u00e9r a kezdeti \u00e9vekben t\u00f6bb mint k\u00e9tmilli\u00f3 utast szolg\u00e1lt ki, amit a negyvenkilenc kilom\u00e9terre l\u00e9v\u0151 B\u00e9csi Nemzetk\u00f6zi Rep\u00fcl\u0151t\u00e9r gyakori haszn\u00e1lata eg\u00e9sz\u00edtett ki.<\/p>\n<p>Pozsony emberi l\u00e9pt\u00e9ke k\u00f6z\u00e9pkori magj\u00e1ban rejlik, ahol keskeny utc\u00e1k sz\u00f6vik \u00e1t k\u00e9t f\u0151 teret \u2013 a F\u0151teret (Hlavn\u00e9 n\u00e1mestie) \u00e9s a Hviezdoslavovo n\u00e1mestie \u2013, amelyek mindegyik\u00e9t j\u00e1rdasz\u00e9li k\u00e1v\u00e9z\u00f3k teszik hangulatoss\u00e1. Sz\u00e1mos \u00f6r\u00f6ks\u00e9gi helysz\u00edn \u2013 Eur\u00f3pa legkarcs\u00fabb h\u00e1z\u00e1t\u00f3l a V\u00e1rosi M\u00fazeum \u00f3ratorny\u00e1ig \u2013 l\u00e9tezik egy\u00fctt a Petr\u017ealka monolitikus t\u00f6mbjeivel, amelyek a sz\u00e1zadk\u00f6zepi lak\u00e1s\u00e9p\u00edt\u00e9si strat\u00e9gi\u00e1k bizony\u00edt\u00e9kai. A v\u00e1ros hat\u00e1rain t\u00fal sz\u0151l\u0151\u00fcltetv\u00e9nyek \u00e9s gazdas\u00e1gok friss term\u00e9keket termelnek, amelyek a helyi konyh\u00e1t meghat\u00e1rozz\u00e1k, a nemzeti \u00e9telt\u0151l, a bryndzov\u00e9 halusky-t\u00f3l \u2013 juhtejjel \u00e9s szalonnadarabokkal \u00edzes\u00edtett gomb\u00f3cokt\u00f3l \u2013 az er\u0151teljes fokhagym\u00e1s levesig \u00e9s a ropog\u00f3s feh\u00e9rborokig.<\/p>\n<p>T\u00e9len a R\u00e9gi V\u00e1rosh\u00e1za tere ad otthont a hagyom\u00e1nyos piacnak, ahol sz\u00e1z stand k\u00edn\u00e1l must\u00e1ros-hagym\u00e1s s\u00fclt sert\u00e9s- vagy csirkeszendvicseket, libazs\u00edrral vagy m\u00e1kkal t\u00f6lt\u00f6tt burgonyapalacsint\u00e1kat, valamint sert\u00e9szs\u00edrral \u00e9s hagym\u00e1val megkent kenyeret. Forralt bor, m\u00e9zes bor, rumos te\u00e1k \u00e9s forr\u00f3 grog tartj\u00e1k fenn a mulatoz\u00f3kat a piac f\u00e9nyeinek l\u00e1gy f\u00e9nye alatt, meghittt\u00e9 \u00e9s maradand\u00f3v\u00e1 t\u00e9ve Pozsony \u00fcnnepi szezonj\u00e1t.<\/p>\n<p>A v\u00e1rosi k\u00edv\u00e1ncsis\u00e1g egy\u00fctt \u00e9l a vid\u00e9ki nyugalommal: egy r\u00f6vid busz\u00fatra Kamz\u00edkba t\u00e1rul el\u00e9nk a Partiz\u00e1nska l\u00faka \u00e9s a Sne\u017eienka, a vegyes t\u00f6lgy- \u00e9s gyerty\u00e1nerd\u0151k \u00e1ltal szeg\u00e9lyezett hatalmas tiszt\u00e1sok, amelyeket egy cs\u00fct\u00f6rt\u00f6kt\u0151l vas\u00e1rnapig k\u00f6zleked\u0151 libeg\u0151 k\u00f6t \u00f6ssze, amely szer\u00e9ny d\u00edj ellen\u00e9ben csendes kikapcsol\u00f3d\u00e1st k\u00edn\u00e1l a t\u00far\u00e1z\u00f3knak a lombkorona felett. Ezek az enkl\u00e1v\u00e9k meger\u0151s\u00edtik Pozsony kett\u0151s jelleg\u00e9t, mint f\u0151v\u00e1ros \u00e9s a z\u00f6ldell\u0151 hat\u00e1rvid\u00e9kek \u0151rz\u0151je.<\/p>\n<p>F\u00f6ld- \u00e9s k\u0151r\u00e9tegeiben, kereskedelmi \u00e9s kultur\u00e1lis \u00e1ramlataiban Pozsony \u00e1rnyalt k\u00e9pet fest K\u00f6z\u00e9p-Eur\u00f3pa t\u00f6rt\u00e9nelmi tal\u00e1lkoz\u00e1sair\u00f3l. Utc\u00e1i dinasztikus pomp\u00e1r\u00f3l \u00e9s mindennapi kereskedelemr\u0151l egyar\u00e1nt tan\u00faskodnak, \u00e9p\u00edt\u00e9szete g\u00f3tikus cs\u00facsokon, barokk homlokzatokon \u00e9s mer\u00e9sz modernizmuson \u00e1t\u00edvel. A Duna l\u00e1gy foly\u00e1s\u00e1t\u00f3l a K\u00e1rp\u00e1tok erd\u0151s lejt\u0151iig a v\u00e1ros n\u00e9pek, gazdas\u00e1gok \u00e9s korszakok tal\u00e1lkoz\u00e1si pontjak\u00e9nt szolg\u00e1l.<\/p>","protected":false},"excerpt":{"rendered":"<p>Pozsony, Szlov\u00e1kia f\u0151v\u00e1rosa \u00e9s legnagyobb v\u00e1rosa j\u00f3l p\u00e9ld\u00e1zza az eur\u00f3pai t\u00f6rt\u00e9nelem \u00e9s a mai v\u00e1rosi fejl\u0151d\u00e9s bonyolult k\u00f6lcs\u00f6nhat\u00e1s\u00e1t. A Duna partj\u00e1n fekv\u0151, ny\u00fczsg\u0151 v\u00e1ros hivatalosan mintegy 475 000 lakossal b\u00fcszk\u00e9lkedhet, b\u00e1r egyes becsl\u00e9sek szerint a t\u00e9nyleges sz\u00e1m meghaladhatja a 660 000-et. Szlov\u00e1kia politikai, kultur\u00e1lis \u00e9s gazdas\u00e1gi k\u00f6zpontjak\u00e9nt Pozsony \u00f6nkorm\u00e1nyzati hat\u00e1rain k\u00edv\u00fcl alak\u00edtja az orsz\u00e1g ir\u00e1nyvonal\u00e1t a huszonegyedik sz\u00e1zadban.<\/p>","protected":false},"author":1,"featured_media":3996,"parent":13300,"menu_order":0,"comment_status":"closed","ping_status":"closed","template":"elementor_theme","meta":{"_eb_attr":"","footnotes":""},"class_list":["post-13339","page","type-page","status-publish","has-post-thumbnail"],"_links":{"self":[{"href":"https:\/\/travelshelper.com\/hu\/wp-json\/wp\/v2\/pages\/13339","targetHints":{"allow":["GET"]}}],"collection":[{"href":"https:\/\/travelshelper.com\/hu\/wp-json\/wp\/v2\/pages"}],"about":[{"href":"https:\/\/travelshelper.com\/hu\/wp-json\/wp\/v2\/types\/page"}],"author":[{"embeddable":true,"href":"https:\/\/travelshelper.com\/hu\/wp-json\/wp\/v2\/users\/1"}],"replies":[{"embeddable":true,"href":"https:\/\/travelshelper.com\/hu\/wp-json\/wp\/v2\/comments?post=13339"}],"version-history":[{"count":0,"href":"https:\/\/travelshelper.com\/hu\/wp-json\/wp\/v2\/pages\/13339\/revisions"}],"up":[{"embeddable":true,"href":"https:\/\/travelshelper.com\/hu\/wp-json\/wp\/v2\/pages\/13300"}],"wp:featuredmedia":[{"embeddable":true,"href":"https:\/\/travelshelper.com\/hu\/wp-json\/wp\/v2\/media\/3996"}],"wp:attachment":[{"href":"https:\/\/travelshelper.com\/hu\/wp-json\/wp\/v2\/media?parent=13339"}],"curies":[{"name":"wp","href":"https:\/\/api.w.org\/{rel}","templated":true}]}}