{"id":13318,"date":"2024-09-17T16:05:30","date_gmt":"2024-09-17T16:05:30","guid":{"rendered":"https:\/\/travelshelper.com\/staging\/?page_id=13318"},"modified":"2026-03-12T22:41:53","modified_gmt":"2026-03-12T22:41:53","slug":"trencsen","status":"publish","type":"page","link":"https:\/\/travelshelper.com\/hu\/destinations\/europe\/slovakia\/trencin\/","title":{"rendered":"Trencs\u00e9n"},"content":{"rendered":"<p>Trencs\u00e9n egy t\u00f6rt\u00e9nelmi v\u00e1ros, nagyj\u00e1b\u00f3l 54 107 lakossal, amely k\u00f6r\u00fclbel\u00fcl 82 n\u00e9gyzetkilom\u00e9ternyi ter\u00fcletet foglal mag\u00e1ban t\u00edz kataszteri ter\u00fcleten \u00c9szaknyugat-Szlov\u00e1ki\u00e1ban. Pozsonyt\u00f3l mintegy 120 kilom\u00e9terre \u00e9szakkeletre, a k\u00f6z\u00e9p-V\u00e1gmente sz\u00edv\u00e9ben tal\u00e1lhat\u00f3, a V\u00e1g foly\u00f3 strat\u00e9giai kanyarulat\u00e1ban, ahol egy szikl\u00e1s hegyfok egykor egy r\u00e9gebbi foly\u00f3medret \u00f6lelt \u00e1t. A Trencs\u00e9ni ker\u00fclet \u2013 Szlov\u00e1kia nyolc region\u00e1lis egys\u00e9g\u00e9nek egyike \u2013 k\u00f6zigazgat\u00e1si sz\u00e9khelyek\u00e9nt a Nem\u0161ov\u00e1t\u00f3l Ilav\u00e1n \u00e1t h\u00fasz kilom\u00e9terre \u00e9szakkeletre h\u00faz\u00f3d\u00f3 v\u00e1rosi telep\u00fcl\u00e9sek kontinuum\u00e1t foglalja mag\u00e1ban. A kereskedelem, a kult\u00fara, a sport \u00e9s a divat k\u00f6zpontjak\u00e9nt Trencs\u00e9n impoz\u00e1ns v\u00e1ra k\u00f6r\u00e9 fejl\u0151d\u00f6tt, a r\u00f3mai \u00f6r\u00f6ks\u00e9get, a k\u00f6z\u00e9pkori er\u0151d\u00edtm\u00e9nyeket, a barokk \u00e9p\u00fcleteket \u00e9s a modern infrastrukt\u00far\u00e1t egy \u00f6sszef\u00fcgg\u0151 v\u00e1rosi sz\u00f6vett\u00e9 sz\u0151ve.<\/p>\n<p>A K\u00e1rp\u00e1tok nyugati ny\u00falv\u00e1ny\u00e1nak magaslatait\u00f3l a V\u00e1g \u00e9szak-d\u00e9li tengely\u00e9ig Trencs\u00e9n f\u00f6ldrajza a v\u00e1rosi \u00e9let minden aspektus\u00e1t meghat\u00e1rozza. A V\u00e1g foly\u00f3, Szlov\u00e1kia leghosszabb foly\u00f3ja, kett\u00e9szeli a telep\u00fcl\u00e9st, a t\u00f6rt\u00e9nelmi k\u00f6zpont feletti Skalka er\u0151m\u0171 m\u00f6g\u00f6tt fogadja be a Nosick\u00fd-csatorn\u00e1t, majd a Biskupick\u00fd-csatorn\u00e1t\u00f3l elv\u00e1lik, amikor az \u00fajra medr\u00e9t kezdi. A Sihot-i j\u00e1r\u00e1sban a Tepli\u010dka-patak \u00e1tszeli a Nosick\u00fd-csatorn\u00e1t, mell\u00e9kfoly\u00f3i, mint p\u00e9ld\u00e1ul az Opatovsk\u00fd \u00e9s a Kubransk\u00fd-patakok t\u00e1pl\u00e1lj\u00e1k. Az Orechovsk\u00fd-patak keletr\u0151l csatlakozik a V\u00e1ghoz, m\u00edg nyugaton a Zlatovsk\u00fd-patak a v\u00e1ros perem\u00e9n alatt \u00f6mlik a Drietomica-patakba. A d\u00e9li perem ment\u00e9n a Lavi\u010dkov\u00fd-patak \u00f6mlik \u00e1t a Soblahovsk\u00fd-patak terep\u00e9n, a v\u00e1ros \u00e9p\u00edtett k\u00f6rnyezet\u00e9nek sz\u00e9l\u00e9t k\u00f6vetve. M\u00e9g a Z\u00e1branib\u00f3l a Kozieho vrch-massz\u00edvum alatti szer\u00e9ny v\u00edzfoly\u00e1s is utat tal\u00e1l a Tepli\u010dk\u00e1ba a Sihot IV k\u00f6zel\u00e9ben.<\/p>\n<p>Ezek a v\u00edzi utak hat\u00e1rozz\u00e1k meg a v\u00e1ros form\u00e1j\u00e1t, m\u00e9gis a k\u00f6rnyez\u0151 hegyvid\u00e9k hat\u00e1rozza meg kont\u00farjait. Trencs\u00e9n a Feh\u00e9r-K\u00e1rp\u00e1tok nyugati sz\u00e1rnyai \u00e9s a Pova\u017esk\u00fd Inovec \u00e9s a Str\u00e1\u017eovsk\u00e9 vrchy keleti hegyvonulatai k\u00f6z\u00f6tt fekszik. A Kozieho vrch \u2013 egy 363 m\u00e9teres domb, amely egykor akad\u00e1lyozta a k\u00f6zleked\u00e9st \u2013 koron\u00e1ja alatt fekszik a Brezina erd\u0151park, amelynek erd\u0151s lejt\u0151i m\u00e9rs\u00e9klik a v\u00e1rosi h\u00e1l\u00f3zatot. A domb jelenl\u00e9te egyenetlen form\u00e1t k\u00f6lcs\u00f6n\u00f6z a v\u00e1rosnak, meghosszabb\u00edtja a k\u00f6zleked\u00e9si \u00fatvonalakat, \u00e9s a fejleszt\u00e9st a gerincek \u00e9s foly\u00f3partok k\u00f6z\u00f6tti szab\u00e1lytalan zsebekre korl\u00e1tozza. Ezen a k\u00f6rnyezetben az \u00e9p\u00edtett teret z\u00f6ld folyos\u00f3k tark\u00edtj\u00e1k, meg\u0151rizve a v\u00e1r szikl\u00e1j\u00e1ra ny\u00edl\u00f3 kil\u00e1t\u00e1st t\u00f6bb n\u00e9z\u0151pontb\u00f3l.<\/p>\n<p>A szikl\u00e1s lejt\u0151n megb\u00fav\u00f3 Trencs\u00e9ni v\u00e1r a v\u00e1ros legjellegzetesebb hely\u00e9n \u00e1ll. A tizenharmadik sz\u00e1zadi b\u0151v\u00edt\u00e9se \u00f3ta az er\u0151d\u00edtm\u00e9nyben nemesi h\u00e1zak \u00e9s szuver\u00e9n uralkod\u00f3k uralkodtak, Mat\u00fa\u0161 \u010c\u00e1k Tren\u010d\u00ednskyt\u0151l Nagy \u013dudov\u00edton, Luxemburgi \u017digmundon, a Z\u00e1po\u013esk\u00fd fiv\u00e9reken \u00e1t az Ilesh\u00e1zi csal\u00e1dig 1600 ut\u00e1n. Egy 1790-es t\u0171zv\u00e9sz a komplexum egyes r\u00e9szeit romba d\u00f6nt\u00f6tte, \u00e9s csak 1955-ben kezd\u0151d\u00f6tt a szisztematikus konzerv\u00e1l\u00e1s \u00e9s \u00fajj\u00e1\u00e9p\u00edt\u00e9s. A nyugati er\u0151d\u00edtm\u00e9nyeket tov\u00e1bbi megpr\u00f3b\u00e1ltat\u00e1sok \u00e9rt\u00e9k, amikor egy r\u00e9sz\u00fck 2003. m\u00e1rcius 7-\u00e9n \u00f6sszeomlott. A v\u00e1r alatt a v\u00e1rosk\u00f6zpont \u00e1rny\u00e9kban fekszik, utc\u00e1i az egykori foly\u00f3meder k\u00f6r\u00fcl kanyarognak, amelyet ma egy modern f\u0151\u00fat szeg\u00e9lyez.<\/p>\n<p>Az er\u0151d alatt egy g\u00f3tikus l\u00e9pcs\u0151 vezet fel a t\u00e9rr\u0151l a pl\u00e9b\u00e1niatemplomhoz \u00e9s a szomsz\u00e9dos v\u00e9delmi l\u00e9tes\u00edtm\u00e9nyekhez. Az 1568-ban emelt \u201epl\u00e9b\u00e1nial\u00e9pcs\u0151ket\u201d, amelyek a v\u00e9d\u0151k v\u00e1rosfalai \u00e9s a n\u00e9h\u00e1ny \u00e9vvel kor\u00e1bban \u00e9p\u00fclt fegyvert\u00e1r k\u00f6z\u00f6tti mozg\u00e1s\u00e1t k\u00f6nny\u00edtett\u00e9k meg, 1708-ban t\u0171zk\u00e1rt szenvedtek, \u00e9s 1978 \u00e9s 1981 k\u00f6z\u00f6tt restaur\u00e1lt\u00e1k jelenlegi form\u00e1jukra. Boltozatos el\u0151tet\u0151j\u00fck egyar\u00e1nt v\u00e9di a zar\u00e1ndokot \u00e9s a zar\u00e1ndok tekintet\u00e9t, keretezve a felette l\u00e9v\u0151 v\u00e1r l\u00e1tv\u00e1ny\u00e1t.<\/p>\n<p>A Sz\u0171z M\u00e1ria sz\u00fclet\u00e9s\u00e9nek temploma az \u00f3v\u00e1ros felett \u00e1ll, tornya a keskeny utc\u00e1k f\u00f6l\u00e9 magasodik. Mellette \u00e1ll Trencs\u00e9n egyetlen fennmaradt g\u00f3tikus \u00e9p\u00edtm\u00e9nye: Szent Mih\u00e1ly temetkez\u00e9si k\u00e1poln\u00e1ja \u00e9s csonth\u00e1za, a v\u00e1ros k\u00f6z\u00e9pkori vall\u00e1soss\u00e1g\u00e1nak komor bizony\u00edt\u00e9ka. A k\u00f6zelben, a Biskupice ker\u00fcletben tal\u00e1lhat\u00f3 Szent Kozma \u00e9s Damj\u00e1n templom a XIII. sz\u00e1zad k\u00f6zep\u00e9r\u0151l sz\u00e1rmazik, egyszer\u0171 vonalai a mai v\u00e1rosr\u00e9sz falusi eredet\u00e9re utalnak.<\/p>\n<p>A k\u00f6z\u00e9pkori port\u00e1lok teljes k\u00edn\u00e1lat\u00e1b\u00f3l egyetlen v\u00e1roskapu maradt fenn. Az Als\u00f3 Kapu, vagy T\u00f6r\u00f6k Kapu n\u00e9ven ismert kapu egy hegyes g\u00f3tikus \u00edvet \u00f6lel fel, amely felett k\u00e9t latin felirat hirdeti az isteni \u00e9s a polg\u00e1ri v\u00e9delmet. Az egyik felirat \u00edgy sz\u00f3l: \u201eSi Deus non custodit civitatem, frustra vigilat qui custodit eam\u201d \u2013 int\u00e9sk\u00e9nt, hogy m\u00e9g a leg\u00e9berebb \u0151r is tehetetlen marad magasabb szint\u0171 v\u00e9delem n\u00e9lk\u00fcl. A feliratok k\u00f6z\u00f6tt d\u00edszelg\u0151 v\u00e1ros c\u00edmere Trencs\u00e9n v\u00e1rosi identit\u00e1s\u00e1t er\u0151s\u00edti.<\/p>\n<p>J\u00f3val azel\u0151tt, hogy a k\u00f6z\u00e9pkori uralkod\u00f3k megalap\u00edtott\u00e1k volna Trencs\u00e9nt, r\u00f3mai l\u00e9gi\u00f3k teleltek itt. Egy 179-ben a v\u00e1r szikl\u00e1j\u00e1ba v\u00e9sett latin felirat a markomann h\u00e1bor\u00fak leg\u00e9szakibb bizony\u00edt\u00e9ka, amikor Laugaricio t\u00e1bora a k\u00f6z\u00e9p-eur\u00f3pai t\u00e9l viszontags\u00e1gait viselte. A feliratot a tizenkilencedik sz\u00e1zadban \u00fajra felfedezt\u00e9k, \u00e9s ma a Hotel Elizabeth m\u00f6g\u00f6tt tal\u00e1lhat\u00f3, egy modern nevezetess\u00e9g, amely a cs\u00e1sz\u00e1rn\u00e9 nev\u00e9t viseli, akinek egykor szentelt\u00e9k.<\/p>\n<p>A B\u00e9ke teret, ahol egykor udvari felvonul\u00e1sok vonultak v\u00e9gig, ma egy Szenth\u00e1roms\u00e1ggal koron\u00e1zott pestisoszlop d\u00edsz\u00edti. Az 1712-ben Ile\u0161h\u00e1zi Mikl\u00f3s gr\u00f3f parancs\u00e1ra fel\u00e1ll\u00edtott oszlop az 1710-es nagy j\u00e1rv\u00e1nynak \u00e1ll\u00edt eml\u00e9ket. A feh\u00e9r k\u0151oszlop \u00e1tsz\u00f6vi a t\u00e9r tengely\u00e9t, felid\u00e9zve az \u00e9let t\u00f6r\u00e9kenys\u00e9g\u00e9t \u00e9s a v\u00e1ros ellen\u00e1ll\u00f3 k\u00e9pess\u00e9g\u00e9t egyar\u00e1nt.<\/p>\n<p>A f\u0151t\u00e9r nyugati oldal\u00e1n \u00e1ll a Xavieri Szent Ferenc piarista templom, amely egykor jezsuita int\u00e9zm\u00e9ny volt, barokk homlokzat\u00e1t legut\u00f3bb 2016 m\u00e1jus\u00e1ban restaur\u00e1lt\u00e1k. A k\u00f6zelben egy 1795 k\u00f6r\u00fcl \u00e9p\u00fclt evang\u00e9likus templom jelzi a v\u00e1ros n\u00f6vekv\u0151 vall\u00e1si soksz\u00edn\u0171s\u00e9g\u00e9t, m\u00edg a szer\u00e9ny, 1789-ben \u00e9p\u00fclt Szent Anna-k\u00e1polna egy k\u00fcl\u00f6n f\u00fclk\u00e9ben tal\u00e1lhat\u00f3 a k\u00f6zeli t\u00e9ren. 1913-ban a zsid\u00f3 k\u00f6z\u00f6ss\u00e9g egy r\u00e9gebbi imah\u00e1z hely\u00e9n neoklasszicista zsinag\u00f3g\u00e1t \u00e9p\u00edtett; ma kultur\u00e1lis k\u00f6zpontk\u00e9nt szolg\u00e1l, ahol ki\u00e1ll\u00edt\u00e1soknak \u00e9s koncerteknek adnak otthont, amelyek felid\u00e9zik a k\u00f6z\u00f6ss\u00e9g egykori \u00e9l\u00e9nk jelenl\u00e9t\u00e9t. A Mat\u00fa\u0161ov\u00e1 utc\u00e1ban tal\u00e1lhat\u00f3 a H\u00f3h\u00e9rh\u00e1z, amely a k\u00f6z\u00e9pkori igazs\u00e1gszolg\u00e1ltat\u00e1s ritka v\u00e1rosi eml\u00e9ke, \u00e9s egyben a h\u00f3h\u00e9r sz\u00e1ll\u00e1s\u00e1t \u00e9s egy h\u00e1tborzongat\u00f3 k\u00ednz\u00f3kamr\u00e1t is mag\u00e1ban foglal.<\/p>\n<p>Trencs\u00e9n kulcsfontoss\u00e1g\u00fa csom\u00f3pontk\u00e9nt val\u00f3 elhelyezked\u00e9se a r\u00f3mai kor \u00f3ta el\u0151seg\u00edtette a kereskedelmet. Foly\u00f3parti fekv\u00e9se egykor lehet\u0151v\u00e9 tette a faanyag, a s\u00f3 \u00e9s a mez\u0151gazdas\u00e1gi term\u00e9kek foly\u00f3n lefel\u00e9 t\u00f6rt\u00e9n\u0151 sz\u00e1ll\u00edt\u00e1s\u00e1t, m\u00edg sz\u00e1razf\u00f6ldi \u00fatvonalak k\u00f6t\u00f6tt\u00e9k \u00f6ssze Pozsonynal, Zsoln\u00e1val \u00e9s azon t\u00fal. Ma a v\u00e1ros a kereskedelem \u00e9s az ipar k\u00f6zpontja, ahol nemzeti \u00e9s nemzetk\u00f6zi c\u00e9gek sz\u00e9khelyei \u00e9s fi\u00f3ktelepei tal\u00e1lhat\u00f3k. A divatv\u00e1s\u00e1rok eredete a v\u00e1rudvaron megrendezett korai ki\u00e1ll\u00edt\u00e1sokra vezethet\u0151 vissza; a v\u00e1ros h\u00edrneve, mint a ruh\u00e1zati bemutat\u00f3k k\u00f6zpontja, szezon\u00e1lis rendezv\u00e9nyekkel tart fenn, amelyek tervez\u0151ket \u00e9s v\u00e1s\u00e1rl\u00f3kat vonzanak az utc\u00e1ira.<\/p>\n<p>Szlov\u00e1kia nyolcadik legnagyobb v\u00e1rosak\u00e9nt Trencs\u00e9n kilenc k\u00f6rnyez\u0151 ker\u00fcletet \u2013 B\u00e1novce nad Bebravou, Ilava, Myjava, Nov\u00e9 Mesto nad V\u00e1hom, Partiz\u00e1nske, Pova\u017esk\u00e1 Bystrica, Prievidza, P\u00fachov \u00e9s maga Trencs\u00e9n \u2013 igazgat, region\u00e1lis korm\u00e1nyz\u00e1st \u00e9s szolg\u00e1ltat\u00e1sokat ny\u00fajtva. Saj\u00e1t agglomer\u00e1ci\u00f3ja a V\u00e1g ment\u00e9n h\u00faz\u00f3dik \u00e9szakkelet fel\u00e9, \u00e9s mag\u00e1ba foglalja Nem\u0161ov\u00e1, Tren\u010dianske Teplice, Nov\u00e1 Dubnica, Dubnica nad V\u00e1hom \u00e9s Ilava v\u00e1rosokat. Ez a folyamatos urbaniz\u00e1lt folyos\u00f3 a k\u00f6zponti Pova\u017eie r\u00e9gi\u00f3 fejl\u0151d\u00e9s\u00e9t p\u00e9ld\u00e1zza, ahol az ipari \u00f6vezetek \u00e9s a lak\u00f3negyedek erd\u0151- \u00e9s mez\u0151gazdas\u00e1gi ter\u00fcletekkel fon\u00f3dnak \u00f6ssze.<\/p>\n<p>A vas\u00fati k\u00f6zleked\u00e9s Trencs\u00e9nt Pozsonysal \u00e9s Zsoln\u00e1val k\u00f6ti \u00f6ssze a 120-as vonalon, melynek korszer\u0171s\u00edt\u00e9se befejez\u0151d\u00f6tt, valamint Chynoranyval a 143-as vonalon. 2017-ben \u00faj vas\u00fati h\u00edd ny\u00edlt, ami egy ny\u00e1ri uszoda \u00e9s tov\u00e1bbi lak\u00f3h\u00e1zak \u00e9p\u00edt\u00e9s\u00e9t eredm\u00e9nyezte a Slivkov\u00e1 \u00e9s \u0160afr\u00e1nov\u00e1 utc\u00e1k ment\u00e9n. Az \u00fajratervezett buszp\u00e1lyaudvar tervei egy modern termin\u00e1lt \u00edg\u00e9rnek, amely k\u00f6zvetlen\u00fcl kapcsol\u00f3dik a vas\u00fati csom\u00f3ponthoz, t\u00fckr\u00f6zve a v\u00e1ros elk\u00f6telezetts\u00e9g\u00e9t az intermod\u00e1lis k\u00f6zleked\u00e9s ir\u00e1nt. Trencs\u00e9nt n\u00e9gy \u00e1llom\u00e1s szolg\u00e1lja ki: a f\u0151 trencs\u00e9ni \u00e1llom\u00e1s mindk\u00e9t vonalon, Tren\u010d\u00edn\u2013Predmestie a 143-as vonalon, Tren\u010d\u00edn\u2013Zlatovce a 120-as vonalon \u00e9s a Tren\u010d\u00edn\u2013Opatov\u00e1 meg\u00e1ll\u00f3hely.<\/p>\n<p>A k\u00f6z\u00fati infrastrukt\u00far\u00e1t a D1-es aut\u00f3p\u00e1lya Chocholn\u00e1\u2013Nem\u0161ov\u00e1 szakasza, valamint az I\/61-es \u00e9s II\/507-es \u00e1llami utak alkotj\u00e1k. A tervezett R2-es gyorsforgalmi \u00fat tehermentes\u00edti az I\/9-es \u00fat forgalm\u00e1t a v\u00e1ros d\u00e9lnyugati sz\u00e9l\u00e9n. 2015 m\u00e1rciusa \u00f3ta a d\u00e9lkeleti elker\u00fcl\u0151 \u00fat \u2013 amely egy m\u00e1sodik V\u00e1g-h\u00edddal is rendelkezik \u2013 eltereli a j\u00e1rm\u0171veket a t\u00f6rt\u00e9nelmi k\u00f6zpontt\u00f3l, \u00e9s az Elektri\u010dn\u00e1 utca n\u00e9gy s\u00e1vj\u00e1n halad Dubnica fel\u00e9. A m\u00e1sodik szakasz alagutat \u00e9p\u00edt a Brezina-hegys\u00e9gen kereszt\u00fcl, \u00f6sszek\u00f6tve a V\u00fdchodn\u00e1 utc\u00e1t Kubr\u00e1val, \u00e9s enyh\u00edtve a torl\u00f3d\u00e1sokat az SNP t\u00e9r k\u00f6r\u00fcl az Elizabeth Hoteln\u00e9l.<\/p>\n<p>A Biskupice j\u00e1r\u00e1s felett tal\u00e1lhat\u00f3 Trencs\u00e9ni rep\u00fcl\u0151t\u00e9r mind a katonai, mind a polg\u00e1ri rep\u00fcl\u00e9st kiszolg\u00e1lja. A helysz\u00ednen m\u0171k\u00f6d\u0151 Leteck\u00e9 opravovne Tren\u010d\u00edn v\u00e1llalat a vil\u00e1g minden t\u00e1j\u00e1r\u00f3l \u00e9rkez\u0151 rep\u00fcl\u0151g\u00e9pek \u00e9s helikopterek karbantart\u00e1s\u00e1t v\u00e9gzi. B\u00e1r a menetrend szerinti kereskedelmi j\u00e1ratok sz\u00e1ma korl\u00e1tozott, a rep\u00fcl\u0151t\u00e9r m\u0171k\u00f6d\u00e9se kiemeli Trencs\u00e9n szerep\u00e9t a region\u00e1lis rep\u00fcl\u00e9sben \u00e9s logisztik\u00e1ban.<\/p>\n<p>A v\u00e1ros hat\u00e1rain bel\u00fcl a Transdev Tren\u010d\u00edn 1-t\u0151l 31-ig terjed\u0151 buszj\u00e1ratokat \u00fczemeltet, teljes\u00edtve a k\u00f6zszolg\u00e1ltat\u00e1si k\u00f6telezetts\u00e9geket. A kor\u00e1bban Dubnic\u00e1ig tart\u00f3 trolibusz-hosszabb\u00edt\u00e1sra ir\u00e1nyul\u00f3 javaslatok hely\u00e9t kiz\u00e1r\u00f3lag buszj\u00e1ratok adt\u00e1k \u00e1t, m\u00edg a j\u00f6v\u0151beli t\u00f6rekv\u00e9sek k\u00f6z\u00f6tt szerepel a B\u00e1novec vas\u00fatvonal s\u00ednjeinek utcaszintre emel\u00e9se, \u00f6sszek\u00f6ttet\u00e9st teremtve a k\u00f6zpont \u00e9s a d\u00e9li ker\u00fcletek k\u00f6z\u00f6tt.<\/p>\n<p>A V\u00e1g v\u00edzi\u00fat tervezett \u00fatvonal\u00e1n Trencs\u00e9n zsilipet \u00e9p\u00edtett a g\u00e1tj\u00e1n\u00e1l a foly\u00f3 v\u00edzszintk\u00fcl\u00f6nbs\u00e9geinek kezel\u00e9s\u00e9re. Egy szer\u00e9ny dokk fogad utassz\u00e1ll\u00edt\u00f3 haj\u00f3kat, sporthaj\u00f3kat \u00e9s ment\u0151haj\u00f3kat, \u00e9s egy teljes k\u00f6r\u0171 kik\u00f6t\u0151 tervei m\u00e9g mindig vizsg\u00e1lat alatt \u00e1llnak. Egy ilyen v\u00edzi k\u00f6zleked\u00e9s meger\u0151s\u00edten\u00e9 Trencs\u00e9n \u0151si szerep\u00e9t, mint folyami csom\u00f3pont, m\u00e9g akkor is, amikor a sz\u00e1razf\u00f6ldi \u00e9s l\u00e9gi h\u00e1l\u00f3zatok domin\u00e1nss\u00e1 v\u00e1ltak.<\/p>\n<p>Demogr\u00e1fiailag Trencs\u00e9n 2001-es n\u00e9psz\u00e1ml\u00e1l\u00e1sa szerint a lakoss\u00e1g 65,8 sz\u00e1zal\u00e9ka r\u00f3mai katolikus, 7,1 sz\u00e1zal\u00e9ka evang\u00e9likus, 22,3 sz\u00e1zal\u00e9ka pedig semmilyen vall\u00e1si hovatartoz\u00e1st nem mutatott; etnikailag 95,3 sz\u00e1zal\u00e9ka szlov\u00e1k \u00e9s 2,4 sz\u00e1zal\u00e9ka cseh volt. 2018-ra a lakoss\u00e1g sz\u00e1ma szer\u00e9nyen, 55 000 f\u00f6l\u00e9 emelkedett, ami a folyamatos gazdas\u00e1gi n\u00f6veked\u00e9st, az alacsony munkan\u00e9lk\u00fclis\u00e9get \u00e9s a viszonylag magas \u00e9letsz\u00ednvonalat t\u00fckr\u00f6zi. A telek a k\u00f6rnyez\u0151 magass\u00e1gok alatt maradnak, a nyarak orsz\u00e1gos m\u00e9rc\u00e9vel m\u00e9rs\u00e9kelt \u00e9ghajlat\u00faak, \u00e9s a hegyl\u00e1ncok k\u00f6z\u00f6tt uralkod\u00f3 szelek alak\u00edtj\u00e1k a napi id\u0151j\u00e1r\u00e1si mint\u00e1kat.<\/p>\n<p>Trencs\u00e9n kultur\u00e1lis \u00e9lete pezseg a zen\u00e9ben \u00e9s a sportban. 1997 \u00f3ta a Pohoda fesztiv\u00e1l vonzza a legnagyobb k\u00f6z\u00f6ns\u00e9get a szlov\u00e1k zenei rendezv\u00e9nyek k\u00f6z\u00fcl, amely minden ny\u00e1ron eklektikus programmal t\u00f6lti be a rep\u00fcl\u0151t\u00e9r ter\u00fclet\u00e9t. A j\u00e9gkorongban a helyi klub az orsz\u00e1gos elithez tartozik, j\u00e9gp\u00e1ly\u00e1ja pedig a lelkes szurkol\u00f3k tal\u00e1lkoz\u00f3helye. A v\u00e1r ter\u00fclet\u00e9n \u00e9s a v\u00e1rosh\u00e1z\u00e1n tov\u00e1bbra is ki\u00e1ll\u00edt\u00e1sok \u00e9s v\u00e1s\u00e1rok zajlanak, fenntartva a korai kereskedelmi \u00f6sszej\u00f6vetelekre visszany\u00fal\u00f3 hagyom\u00e1nyt.<\/p>\n<p>Trencs\u00e9n el\u0151retekintve egyens\u00falyt teremt az \u00f6r\u00f6ks\u00e9g \u00e9s az innov\u00e1ci\u00f3 k\u00f6z\u00f6tt. M\u0171eml\u00e9keinek \u2013 templomainak, zsinag\u00f3g\u00e1inak \u00e9s er\u0151d\u00edtm\u00e9nyeinek \u2013 fokozatos helyre\u00e1ll\u00edt\u00e1s\u00e1t a k\u00f6zleked\u00e9sbe \u00e9s a k\u00f6zter\u00fcletekbe t\u00f6rt\u00e9n\u0151 beruh\u00e1z\u00e1sok k\u00eds\u00e9rik. \u00daj lak\u00f3telepek \u00e9p\u00fclnek kor\u00e1bbi mez\u0151gazdas\u00e1gi ter\u00fcleteken, mik\u00f6zben a tervez\u00e9si er\u0151fesz\u00edt\u00e9sek a patakok \u00e9s dombok ment\u00e9n h\u00faz\u00f3d\u00f3 z\u00f6ld folyos\u00f3k meg\u0151rz\u00e9s\u00e9re t\u00f6rekszenek. A v\u00e1ros arra t\u00f6rekszik, hogy meger\u0151s\u00edtse region\u00e1lis turisztikai c\u00e9lpontk\u00e9nt val\u00f3 jelenl\u00e9t\u00e9t, \u00e9p\u00edt\u00e9szeti egy\u00fcttes\u00e9t \u00e9s term\u00e9szeti k\u00f6rnyezet\u00e9t n\u00e9pszer\u0171s\u00edtve an\u00e9lk\u00fcl, hogy sablonos felh\u00edv\u00e1sokhoz folyamodna. A v\u00e1ros narrat\u00edv\u00e1ja tov\u00e1bbra is a folytonoss\u00e1g \u00e9s az alkalmazkod\u00e1s elve: egy foly\u00f3k, dombok \u00e9s t\u00f6rt\u00e9nelem \u00e1ltal form\u00e1lt v\u00e1ros, amely m\u00faltj\u00e1t a holnap alak\u00edt\u00e1s\u00e1ba viszi.<\/p>","protected":false},"excerpt":{"rendered":"<p>Trencs\u00e9n, a t\u00f6bb mint 55 000 lakos\u00fa v\u00e1ros Szlov\u00e1kia nyolcadik legnagyobb telep\u00fcl\u00e9se. Az orsz\u00e1g nyugati r\u00e9sz\u00e9n elhelyezked\u0151 t\u00f6rt\u00e9nelmi v\u00e1rosk\u00f6zpont strat\u00e9giai helyen, a V\u00e1g foly\u00f3 k\u00f6zponti v\u00f6lgy\u00e9ben tal\u00e1lhat\u00f3, k\u00f6r\u00fclbel\u00fcl 95 kilom\u00e9terre a f\u0151v\u00e1rost\u00f3l, Pozsonyt\u00f3l. A cseh hat\u00e1rhoz val\u00f3 k\u00f6zels\u00e9ge, gazdag kultur\u00e1lis \u00f6r\u00f6ks\u00e9g\u00e9vel p\u00e1rosulva Trencs\u00e9nt a k\u00f6z\u00e9p-eur\u00f3pai t\u00f6rt\u00e9nelem \u00e9s a jelenkori szlov\u00e1k \u00e9let jelent\u0151s keresztez\u0151d\u00e9s\u00e9v\u00e9 tette.<\/p>","protected":false},"author":1,"featured_media":3989,"parent":13300,"menu_order":0,"comment_status":"closed","ping_status":"closed","template":"elementor_theme","meta":{"_eb_attr":"","footnotes":""},"class_list":["post-13318","page","type-page","status-publish","has-post-thumbnail"],"_links":{"self":[{"href":"https:\/\/travelshelper.com\/hu\/wp-json\/wp\/v2\/pages\/13318","targetHints":{"allow":["GET"]}}],"collection":[{"href":"https:\/\/travelshelper.com\/hu\/wp-json\/wp\/v2\/pages"}],"about":[{"href":"https:\/\/travelshelper.com\/hu\/wp-json\/wp\/v2\/types\/page"}],"author":[{"embeddable":true,"href":"https:\/\/travelshelper.com\/hu\/wp-json\/wp\/v2\/users\/1"}],"replies":[{"embeddable":true,"href":"https:\/\/travelshelper.com\/hu\/wp-json\/wp\/v2\/comments?post=13318"}],"version-history":[{"count":0,"href":"https:\/\/travelshelper.com\/hu\/wp-json\/wp\/v2\/pages\/13318\/revisions"}],"up":[{"embeddable":true,"href":"https:\/\/travelshelper.com\/hu\/wp-json\/wp\/v2\/pages\/13300"}],"wp:featuredmedia":[{"embeddable":true,"href":"https:\/\/travelshelper.com\/hu\/wp-json\/wp\/v2\/media\/3989"}],"wp:attachment":[{"href":"https:\/\/travelshelper.com\/hu\/wp-json\/wp\/v2\/media?parent=13318"}],"curies":[{"name":"wp","href":"https:\/\/api.w.org\/{rel}","templated":true}]}}